{"id":9253,"date":"2025-08-29T12:05:22","date_gmt":"2025-08-29T10:05:22","guid":{"rendered":"https:\/\/hoyre.no\/oslo\/?page_id=9253"},"modified":"2025-08-29T17:02:44","modified_gmt":"2025-08-29T15:02:44","slug":"lang-tunnel-pa-roa","status":"publish","type":"page","link":"https:\/\/hoyre.no\/oslo\/lang-tunnel-pa-roa\/","title":{"rendered":"lang tunnel p\u00e5 r\u00f8a"},"content":{"rendered":"\n<div class=\"wp-block-hoyre-hero with-image-gradient text-color-light  has-media alignfull has-background\"><div class=\"hoyre-hero has-image\"><h1 class=\"title\">H\u00f8yre lover lang tunnel p\u00e5 R\u00f8a<\/h1><figure class=\"hoyre-image-wrapper\"><div class=\"hoyre-image\"><img loading=\"lazy\" decoding=\"async\" width=\"2500\" height=\"1667\" src=\"https:\/\/hoyre.no\/content\/uploads\/sites\/408\/2025\/08\/IMG_8326-scaled.jpeg\" class=\"attachment-scaled size-scaled\" alt=\"Eirik Lae Solberg og Mehmet Kaan Inan\" style=\"object-position: 50% 16%\" srcset=\"https:\/\/hoyre.no\/content\/uploads\/sites\/408\/2025\/08\/IMG_8326-scaled.jpeg 2500w, https:\/\/hoyre.no\/content\/uploads\/sites\/408\/2025\/08\/IMG_8326-300x200.jpeg 300w, https:\/\/hoyre.no\/content\/uploads\/sites\/408\/2025\/08\/IMG_8326-1024x683.jpeg 1024w, https:\/\/hoyre.no\/content\/uploads\/sites\/408\/2025\/08\/IMG_8326-768x512.jpeg 768w, https:\/\/hoyre.no\/content\/uploads\/sites\/408\/2025\/08\/IMG_8326-1536x1024.jpeg 1536w, https:\/\/hoyre.no\/content\/uploads\/sites\/408\/2025\/08\/IMG_8326-2048x1365.jpeg 2048w\" sizes=\"auto, (max-width: 2500px) 100vw, 2500px\" \/><\/div><\/figure><\/div><\/div>\n\n\n\n\n<h2 class=\"wp-block-heading\" id=\"h-en-stemme-til-hoyre-er-en-stemme-for-bygging-av-roatunnelen\">En stemme til H\u00f8yre er en stemme for bygging av R\u00f8atunnelen<\/h2>\n\n\n\n<p>I flere ti\u00e5r har beboerne p\u00e5 R\u00f8a \u00f8nsket seg en tunnel som kunne avhjelpe problemer med st\u00f8y, st\u00f8v og farlige trafikksituasjoner.&nbsp;R\u00f8atunnelen har ligget i Oslopakke 3 siden 2016. Men prosjektet ble ikke finansiert eller satt i gang f\u00f8r Oslo igjen fikk et H\u00f8yre-ledet byr\u00e5d som bryr seg om hele byen i 2023.<\/p>\n\n\n\n<p>N\u00e5 skal R\u00f8atunnelen endelig bli virkelighet, etter 8 bortkastede \u00e5r med sommel fra det r\u00f8dgr\u00f8nne byr\u00e5det. Det byr\u00e5det som snakket om \u00e5 utrede et konsept for R\u00f8akrysset, ikke R\u00f8atunnelen, selv om det vitterlig fantes et kryss p\u00e5 R\u00f8a fra f\u00f8r. Og som til slutt overpr\u00f8vde enigheten i Oslopakke 3 med et bystyrevedtak, og skrotet mange \u00e5r med arbeid. De satte i gang utredning etter utredning for \u00e5 sabotere prosjektet. N\u00e5 er den tiden over.<\/p>\n\n\n\n<p>Kritikerne av R\u00f8atunnelen mener at den ikke er samfunns\u00f8konomisk nyttig. Erfaring viser at det er vanskelig \u00e5 ansl\u00e5 samfunns\u00f8konomisk nytte av en tunnel f\u00f8r den er tatt i bruk. Operatunnelen ble i sin tid rangert som det minst l\u00f8nnsomme samferdselsprosjektet av Statens vegvesen. N\u00e5, mange \u00e5r etterp\u00e5, b\u00f8r vi v\u00e6re glade for hvilken verdi tunnelen har skapt for bymilj\u00f8et i Oslo ved \u00e5 hindre trafikk gjennom Oslo sentrum.<\/p>\n\n\n\n<p>Kritikerne foretrekker gjerne trafikkreduserende tiltak som synes \u00e5 forutsette at bilene mange i Oslo er avhengig av i hverdagen bare skal fordufte. Siden det er lite trolig at det skjer i overskuelig fremtid, flytter H\u00f8yre heller trafikken under bakken. Det er best for milj\u00f8et og for de myke trafikantene.<\/p>\n\n\n\n<p>Snart blir det gr\u00e5 veikrysset til et trivelig bydelssentrum med stor betydning for byutvikling p\u00e5 R\u00f8a. Med H\u00f8yre i byr\u00e5d vil beboerne slippe st\u00f8y og st\u00f8v fra biler, og f\u00e5 en l\u00f8sning som er godt tilrettelagt for myke trafikanter, skaper gode byrom og reduserer risiko for ulykker.<\/p>\n\n\n\n<div class=\"wp-block-teft-factbox\"><div class=\"factbox-inner\"><div class=\"entry-content\"><h4 class=\"toggle\">H\u00f8yre har jobbet lenge for tunnelen<\/h4>\n<ul class=\"wp-block-list\">\n<li>H\u00f8yre-byr\u00e5det skj\u00e6rer gjennom etter mange \u00e5r med r\u00f8dgr\u00f8nn sommel, og bygger lang tunnel p\u00e5 R\u00f8a<\/li>\n\n\n\n<li>Vi har prioritert finansiering av R\u00f8atunnelen i forhandlinger om Oslopakke 3<\/li>\n\n\n\n<li>Vi skal redusere kostnadene ved prosjektet<\/li>\n\n\n\n<li>Vi bygger uten naturinngrep i M\u00e6rradalen<\/li>\n<\/ul>\n<\/div><\/div><\/div>\n\n\n\n\n<div class=\"wp-block-columns is-layout-flex wp-container-core-columns-is-layout-9d6595d7 wp-block-columns-is-layout-flex\">\n<div class=\"wp-block-column is-layout-flow wp-block-column-is-layout-flow\">\n<figure class=\"wp-block-image size-large\"><img loading=\"lazy\" decoding=\"async\" width=\"1024\" height=\"683\" src=\"https:\/\/hoyre.no\/content\/uploads\/sites\/408\/2025\/08\/IMG_8287-1024x683.jpeg\" alt=\"\" class=\"wp-image-9256\" srcset=\"https:\/\/hoyre.no\/content\/uploads\/sites\/408\/2025\/08\/IMG_8287-1024x683.jpeg 1024w, https:\/\/hoyre.no\/content\/uploads\/sites\/408\/2025\/08\/IMG_8287-300x200.jpeg 300w, https:\/\/hoyre.no\/content\/uploads\/sites\/408\/2025\/08\/IMG_8287-768x512.jpeg 768w, https:\/\/hoyre.no\/content\/uploads\/sites\/408\/2025\/08\/IMG_8287-1536x1024.jpeg 1536w, https:\/\/hoyre.no\/content\/uploads\/sites\/408\/2025\/08\/IMG_8287-2048x1365.jpeg 2048w\" sizes=\"auto, (max-width: 1024px) 100vw, 1024px\" \/><\/figure>\n<\/div>\n\n\n\n<div class=\"wp-block-column is-layout-flow wp-block-column-is-layout-flow\">\n<figure class=\"wp-block-image size-large\"><img loading=\"lazy\" decoding=\"async\" width=\"1024\" height=\"683\" src=\"https:\/\/hoyre.no\/content\/uploads\/sites\/408\/2025\/08\/IMG_8318-1024x683.jpeg\" alt=\"\" class=\"wp-image-9259\" srcset=\"https:\/\/hoyre.no\/content\/uploads\/sites\/408\/2025\/08\/IMG_8318-1024x683.jpeg 1024w, https:\/\/hoyre.no\/content\/uploads\/sites\/408\/2025\/08\/IMG_8318-300x200.jpeg 300w, https:\/\/hoyre.no\/content\/uploads\/sites\/408\/2025\/08\/IMG_8318-768x512.jpeg 768w, https:\/\/hoyre.no\/content\/uploads\/sites\/408\/2025\/08\/IMG_8318-1536x1024.jpeg 1536w, https:\/\/hoyre.no\/content\/uploads\/sites\/408\/2025\/08\/IMG_8318-2048x1365.jpeg 2048w\" sizes=\"auto, (max-width: 1024px) 100vw, 1024px\" \/><\/figure>\n<\/div>\n<\/div>\n\n\n\n<div class=\"wp-block-hoyre-banner undefined  is-style-blue\"><div class=\"banner-inner\"><figure class=\"hoyre-image-wrapper\"><div class=\"hoyre-image\"><img loading=\"lazy\" decoding=\"async\" width=\"2500\" height=\"1667\" src=\"https:\/\/hoyre.no\/content\/uploads\/sites\/408\/2025\/05\/GB_fav-scaled.jpeg\" class=\"attachment-scaled size-scaled\" alt=\"Oslo H\u00f8yres toppkandidater i 2025\" style=\"object-position: 50% 30%\" srcset=\"https:\/\/hoyre.no\/content\/uploads\/sites\/408\/2025\/05\/GB_fav-scaled.jpeg 2500w, https:\/\/hoyre.no\/content\/uploads\/sites\/408\/2025\/05\/GB_fav-300x200.jpeg 300w, https:\/\/hoyre.no\/content\/uploads\/sites\/408\/2025\/05\/GB_fav-1024x683.jpeg 1024w, https:\/\/hoyre.no\/content\/uploads\/sites\/408\/2025\/05\/GB_fav-768x512.jpeg 768w, https:\/\/hoyre.no\/content\/uploads\/sites\/408\/2025\/05\/GB_fav-1536x1024.jpeg 1536w, https:\/\/hoyre.no\/content\/uploads\/sites\/408\/2025\/05\/GB_fav-2048x1365.jpeg 2048w\" sizes=\"auto, (max-width: 2500px) 100vw, 2500px\" \/><\/div><\/figure><div class=\"banner-content\"><div class=\"entry-content\">\n<h2 class=\"wp-block-heading\" id=\"h-bli-bedre-kjent-med-laget-vart\">Bli bedre kjent med laget v\u00e5rt!<\/h2>\n\n\n\n<p>Her kan du bli litt bedre kjent med Oslo H\u00f8yres seks toppkandidater til \u00e5rets stortingsvalg.<\/p>\n\n\n\n<div class=\"wp-block-buttons is-layout-flex wp-block-buttons-is-layout-flex\">\n<div class=\"wp-block-button\"><a class=\"wp-block-button__link wp-element-button\" href=\"https:\/\/hoyre.no\/oslo\/bli-kjent-med-toppkandidatene\/\">Bli kjent med v\u00e5re kandidater<\/a><\/div>\n<\/div>\n<\/div><\/div><\/div><\/div>\n\n\n\n<div class=\"wp-block-hoyre-banner undefined  is-style-dark\"><div class=\"banner-inner\"><figure class=\"hoyre-image-wrapper\"><div class=\"hoyre-image\"><img loading=\"lazy\" decoding=\"async\" width=\"2500\" height=\"1667\" src=\"https:\/\/hoyre.no\/content\/uploads\/sites\/408\/2025\/02\/51181330617_39b64b8b09_o-scaled.jpg\" class=\"attachment-scaled size-scaled\" alt=\"Ine Marie Eriksen S\u00f8reide\" style=\"object-position: 50% 50%\" srcset=\"https:\/\/hoyre.no\/content\/uploads\/sites\/408\/2025\/02\/51181330617_39b64b8b09_o-scaled.jpg 2500w, https:\/\/hoyre.no\/content\/uploads\/sites\/408\/2025\/02\/51181330617_39b64b8b09_o-300x200.jpg 300w, https:\/\/hoyre.no\/content\/uploads\/sites\/408\/2025\/02\/51181330617_39b64b8b09_o-1024x683.jpg 1024w, https:\/\/hoyre.no\/content\/uploads\/sites\/408\/2025\/02\/51181330617_39b64b8b09_o-768x512.jpg 768w, https:\/\/hoyre.no\/content\/uploads\/sites\/408\/2025\/02\/51181330617_39b64b8b09_o-1536x1024.jpg 1536w, https:\/\/hoyre.no\/content\/uploads\/sites\/408\/2025\/02\/51181330617_39b64b8b09_o-2048x1365.jpg 2048w\" sizes=\"auto, (max-width: 2500px) 100vw, 2500px\" \/><\/div><\/figure><div class=\"banner-content\"><div class=\"entry-content\">\n<h2 class=\"wp-block-heading\" id=\"h-vil-du-ogsa-ha-en-ny-regjering\">Vil du ogs\u00e5 ha en ny regjering?<\/h2>\n\n\n\n<p>Bli med p\u00e5 laget, da vel! Meld deg inn i H\u00f8yre i dag!<\/p>\n\n\n\n<div class=\"wp-block-buttons is-layout-flex wp-block-buttons-is-layout-flex\">\n<div class=\"wp-block-button\"><a class=\"wp-block-button__link wp-element-button\" href=\"https:\/\/hoyre.no\/bli-med\/bli-medlem\/\">bli medlem<\/a><\/div>\n<\/div>\n<\/div><\/div><\/div><\/div>\n","protected":false},"excerpt":{"rendered":"","protected":false},"author":31424,"featured_media":0,"parent":0,"menu_order":0,"comment_status":"closed","ping_status":"closed","template":"","meta":{"teft_cards_image_url":"","teft_cards_custom_pretitle":"","teft_cards_image_id":9260,"teft_cards_image_focal_point_x":0.5,"teft_cards_image_focal_point_y":0.5,"teft_cards_title":"","teft_cards_excerpt":"","teft_show_chapters":false,"footnotes":""},"class_list":["post-9253","page","type-page","status-publish","hentry"],"yoast_head":"<!-- This site is optimized with the Yoast SEO Premium plugin v26.5 (Yoast SEO v26.6) - https:\/\/yoast.com\/wordpress\/plugins\/seo\/ -->\n<title>lang tunnel p\u00e5 r\u00f8a - Oslo H\u00f8yre<\/title>\n<meta name=\"description\" content=\"Med H\u00f8yre i byr\u00e5d vil beboerne slippe st\u00f8y og st\u00f8v fra biler, og f\u00e5 en l\u00f8sning som er godt tilrettelagt for myke trafikanter.\" \/>\n<meta name=\"robots\" content=\"index, follow, max-snippet:-1, max-image-preview:large, max-video-preview:-1\" \/>\n<link rel=\"canonical\" href=\"https:\/\/hoyre.no\/oslo\/lang-tunnel-pa-roa\/\" \/>\n<meta property=\"og:locale\" content=\"nb_NO\" \/>\n<meta property=\"og:type\" content=\"article\" \/>\n<meta property=\"og:title\" content=\"lang tunnel p\u00e5 r\u00f8a\" \/>\n<meta property=\"og:description\" content=\"Med H\u00f8yre i byr\u00e5d vil beboerne slippe st\u00f8y og st\u00f8v fra biler, og f\u00e5 en l\u00f8sning som er godt tilrettelagt for myke trafikanter.\" \/>\n<meta property=\"og:url\" content=\"https:\/\/hoyre.no\/oslo\/lang-tunnel-pa-roa\/\" \/>\n<meta property=\"og:site_name\" content=\"Oslo H\u00f8yre\" \/>\n<meta property=\"article:publisher\" content=\"https:\/\/www.facebook.com\/oslo.hoyre\" \/>\n<meta property=\"article:modified_time\" content=\"2025-08-29T15:02:44+00:00\" \/>\n<meta property=\"og:image\" content=\"https:\/\/hoyre.no\/content\/uploads\/sites\/408\/2025\/08\/IMG_8326-scaled.jpeg\" \/>\n\t<meta property=\"og:image:width\" content=\"2500\" \/>\n\t<meta property=\"og:image:height\" content=\"1667\" \/>\n\t<meta property=\"og:image:type\" content=\"image\/jpeg\" \/>\n<meta name=\"twitter:card\" content=\"summary_large_image\" \/>\n<meta name=\"twitter:description\" content=\"Med H\u00f8yre i byr\u00e5d vil beboerne slippe st\u00f8y og st\u00f8v fra biler, og f\u00e5 en l\u00f8sning som er godt tilrettelagt for myke trafikanter.\" \/>\n<meta name=\"twitter:label1\" content=\"Ansl. lesetid\" \/>\n\t<meta name=\"twitter:data1\" content=\"3 minutter\" \/>\n<script type=\"application\/ld+json\" class=\"yoast-schema-graph\">{\"@context\":\"https:\/\/schema.org\",\"@graph\":[{\"@type\":\"WebPage\",\"@id\":\"https:\/\/hoyre.no\/oslo\/lang-tunnel-pa-roa\/\",\"url\":\"https:\/\/hoyre.no\/oslo\/lang-tunnel-pa-roa\/\",\"name\":\"lang tunnel p\u00e5 r\u00f8a - Oslo H\u00f8yre\",\"isPartOf\":{\"@id\":\"https:\/\/hoyre.no\/oslo\/#website\"},\"image\":{\"@id\":\"https:\/\/hoyre.no\/oslo\/lang-tunnel-pa-roa\/#primaryimage\"},\"thumbnailUrl\":\"https:\/\/hoyre.no\/content\/uploads\/sites\/408\/2025\/08\/IMG_8287-1024x683.jpeg\",\"datePublished\":\"2025-08-29T10:05:22+00:00\",\"dateModified\":\"2025-08-29T15:02:44+00:00\",\"description\":\"Med H\u00f8yre i byr\u00e5d vil beboerne slippe st\u00f8y og st\u00f8v fra biler, og f\u00e5 en l\u00f8sning som er godt tilrettelagt for myke trafikanter.\",\"breadcrumb\":{\"@id\":\"https:\/\/hoyre.no\/oslo\/lang-tunnel-pa-roa\/#breadcrumb\"},\"inLanguage\":\"nb-NO\",\"potentialAction\":[{\"@type\":\"ReadAction\",\"target\":[\"https:\/\/hoyre.no\/oslo\/lang-tunnel-pa-roa\/\"]}]},{\"@type\":\"ImageObject\",\"inLanguage\":\"nb-NO\",\"@id\":\"https:\/\/hoyre.no\/oslo\/lang-tunnel-pa-roa\/#primaryimage\",\"url\":\"https:\/\/hoyre.no\/content\/uploads\/sites\/408\/2025\/08\/IMG_8287-1024x683.jpeg\",\"contentUrl\":\"https:\/\/hoyre.no\/content\/uploads\/sites\/408\/2025\/08\/IMG_8287-1024x683.jpeg\"},{\"@type\":\"BreadcrumbList\",\"@id\":\"https:\/\/hoyre.no\/oslo\/lang-tunnel-pa-roa\/#breadcrumb\",\"itemListElement\":[{\"@type\":\"ListItem\",\"position\":1,\"name\":\"Til hoyre.no\",\"item\":\"https:\/\/hoyre.no\"},{\"@type\":\"ListItem\",\"position\":2,\"name\":\"Hjem\",\"item\":\"https:\/\/hoyre.no\/oslo\/\"},{\"@type\":\"ListItem\",\"position\":3,\"name\":\"lang tunnel p\u00e5 r\u00f8a\"}]},{\"@type\":\"WebSite\",\"@id\":\"https:\/\/hoyre.no\/oslo\/#website\",\"url\":\"https:\/\/hoyre.no\/oslo\/\",\"name\":\"Oslo H\u00f8yre\",\"description\":\"\",\"publisher\":{\"@id\":\"https:\/\/hoyre.no\/oslo\/#organization\"},\"inLanguage\":\"nb-NO\"},{\"@type\":\"Organization\",\"@id\":\"https:\/\/hoyre.no\/oslo\/#organization\",\"name\":\"Oslo H\u00f8yre\",\"url\":\"https:\/\/hoyre.no\/oslo\/\",\"logo\":{\"@type\":\"ImageObject\",\"inLanguage\":\"nb-NO\",\"@id\":\"https:\/\/hoyre.no\/oslo\/#\/schema\/logo\/image\/\",\"url\":\"https:\/\/hoyre.no\/content\/uploads\/sites\/408\/2022\/11\/Hoyres-logo.png\",\"contentUrl\":\"https:\/\/hoyre.no\/content\/uploads\/sites\/408\/2022\/11\/Hoyres-logo.png\",\"width\":1000,\"height\":1000,\"caption\":\"Oslo H\u00f8yre\"},\"image\":{\"@id\":\"https:\/\/hoyre.no\/oslo\/#\/schema\/logo\/image\/\"},\"sameAs\":[\"https:\/\/www.facebook.com\/oslo.hoyre\"]}]}<\/script>\n<!-- \/ Yoast SEO Premium plugin. -->","yoast_head_json":{"title":"lang tunnel p\u00e5 r\u00f8a - Oslo H\u00f8yre","description":"Med H\u00f8yre i byr\u00e5d vil beboerne slippe st\u00f8y og st\u00f8v fra biler, og f\u00e5 en l\u00f8sning som er godt tilrettelagt for myke trafikanter.","robots":{"index":"index","follow":"follow","max-snippet":"max-snippet:-1","max-image-preview":"max-image-preview:large","max-video-preview":"max-video-preview:-1"},"canonical":"https:\/\/hoyre.no\/oslo\/lang-tunnel-pa-roa\/","og_locale":"nb_NO","og_type":"article","og_title":"lang tunnel p\u00e5 r\u00f8a","og_description":"Med H\u00f8yre i byr\u00e5d vil beboerne slippe st\u00f8y og st\u00f8v fra biler, og f\u00e5 en l\u00f8sning som er godt tilrettelagt for myke trafikanter.","og_url":"https:\/\/hoyre.no\/oslo\/lang-tunnel-pa-roa\/","og_site_name":"Oslo H\u00f8yre","article_publisher":"https:\/\/www.facebook.com\/oslo.hoyre","article_modified_time":"2025-08-29T15:02:44+00:00","og_image":[{"width":2500,"height":1667,"url":"https:\/\/hoyre.no\/content\/uploads\/sites\/408\/2025\/08\/IMG_8326-scaled.jpeg","type":"image\/jpeg"}],"twitter_card":"summary_large_image","twitter_description":"Med H\u00f8yre i byr\u00e5d vil beboerne slippe st\u00f8y og st\u00f8v fra biler, og f\u00e5 en l\u00f8sning som er godt tilrettelagt for myke trafikanter.","twitter_misc":{"Ansl. lesetid":"3 minutter"},"schema":{"@context":"https:\/\/schema.org","@graph":[{"@type":"WebPage","@id":"https:\/\/hoyre.no\/oslo\/lang-tunnel-pa-roa\/","url":"https:\/\/hoyre.no\/oslo\/lang-tunnel-pa-roa\/","name":"lang tunnel p\u00e5 r\u00f8a - Oslo H\u00f8yre","isPartOf":{"@id":"https:\/\/hoyre.no\/oslo\/#website"},"image":{"@id":"https:\/\/hoyre.no\/oslo\/lang-tunnel-pa-roa\/#primaryimage"},"thumbnailUrl":"https:\/\/hoyre.no\/content\/uploads\/sites\/408\/2025\/08\/IMG_8287-1024x683.jpeg","datePublished":"2025-08-29T10:05:22+00:00","dateModified":"2025-08-29T15:02:44+00:00","description":"Med H\u00f8yre i byr\u00e5d vil beboerne slippe st\u00f8y og st\u00f8v fra biler, og f\u00e5 en l\u00f8sning som er godt tilrettelagt for myke trafikanter.","breadcrumb":{"@id":"https:\/\/hoyre.no\/oslo\/lang-tunnel-pa-roa\/#breadcrumb"},"inLanguage":"nb-NO","potentialAction":[{"@type":"ReadAction","target":["https:\/\/hoyre.no\/oslo\/lang-tunnel-pa-roa\/"]}]},{"@type":"ImageObject","inLanguage":"nb-NO","@id":"https:\/\/hoyre.no\/oslo\/lang-tunnel-pa-roa\/#primaryimage","url":"https:\/\/hoyre.no\/content\/uploads\/sites\/408\/2025\/08\/IMG_8287-1024x683.jpeg","contentUrl":"https:\/\/hoyre.no\/content\/uploads\/sites\/408\/2025\/08\/IMG_8287-1024x683.jpeg"},{"@type":"BreadcrumbList","@id":"https:\/\/hoyre.no\/oslo\/lang-tunnel-pa-roa\/#breadcrumb","itemListElement":[{"@type":"ListItem","position":1,"name":"Til hoyre.no","item":"https:\/\/hoyre.no"},{"@type":"ListItem","position":2,"name":"Hjem","item":"https:\/\/hoyre.no\/oslo\/"},{"@type":"ListItem","position":3,"name":"lang tunnel p\u00e5 r\u00f8a"}]},{"@type":"WebSite","@id":"https:\/\/hoyre.no\/oslo\/#website","url":"https:\/\/hoyre.no\/oslo\/","name":"Oslo H\u00f8yre","description":"","publisher":{"@id":"https:\/\/hoyre.no\/oslo\/#organization"},"inLanguage":"nb-NO"},{"@type":"Organization","@id":"https:\/\/hoyre.no\/oslo\/#organization","name":"Oslo H\u00f8yre","url":"https:\/\/hoyre.no\/oslo\/","logo":{"@type":"ImageObject","inLanguage":"nb-NO","@id":"https:\/\/hoyre.no\/oslo\/#\/schema\/logo\/image\/","url":"https:\/\/hoyre.no\/content\/uploads\/sites\/408\/2022\/11\/Hoyres-logo.png","contentUrl":"https:\/\/hoyre.no\/content\/uploads\/sites\/408\/2022\/11\/Hoyres-logo.png","width":1000,"height":1000,"caption":"Oslo H\u00f8yre"},"image":{"@id":"https:\/\/hoyre.no\/oslo\/#\/schema\/logo\/image\/"},"sameAs":["https:\/\/www.facebook.com\/oslo.hoyre"]}]}},"distributor_meta":false,"distributor_terms":false,"distributor_media":false,"distributor_original_site_name":"Oslo H\u00f8yre","distributor_original_site_url":"https:\/\/hoyre.no\/oslo","push-errors":false,"_links":{"self":[{"href":"https:\/\/hoyre.no\/oslo\/wp-json\/wp\/v2\/pages\/9253","targetHints":{"allow":["GET"]}}],"collection":[{"href":"https:\/\/hoyre.no\/oslo\/wp-json\/wp\/v2\/pages"}],"about":[{"href":"https:\/\/hoyre.no\/oslo\/wp-json\/wp\/v2\/types\/page"}],"author":[{"embeddable":true,"href":"https:\/\/hoyre.no\/oslo\/wp-json\/wp\/v2\/users\/31424"}],"replies":[{"embeddable":true,"href":"https:\/\/hoyre.no\/oslo\/wp-json\/wp\/v2\/comments?post=9253"}],"version-history":[{"count":5,"href":"https:\/\/hoyre.no\/oslo\/wp-json\/wp\/v2\/pages\/9253\/revisions"}],"predecessor-version":[{"id":9286,"href":"https:\/\/hoyre.no\/oslo\/wp-json\/wp\/v2\/pages\/9253\/revisions\/9286"}],"wp:attachment":[{"href":"https:\/\/hoyre.no\/oslo\/wp-json\/wp\/v2\/media?parent=9253"}],"curies":[{"name":"wp","href":"https:\/\/api.w.org\/{rel}","templated":true}]}}