{"id":9653,"date":"2026-01-15T16:43:59","date_gmt":"2026-01-15T15:43:59","guid":{"rendered":"https:\/\/hoyre.no\/oslo\/?page_id=9653"},"modified":"2026-03-19T12:34:01","modified_gmt":"2026-03-19T11:34:01","slug":"programkomiteen","status":"publish","type":"page","link":"https:\/\/hoyre.no\/oslo\/programkomiteen\/","title":{"rendered":"programkomiteen"},"content":{"rendered":"\n<div class=\"wp-block-hoyre-hero with-image-gradient text-color-light  has-media alignfull has-background \"><div class=\"hoyre-hero has-image\"><h1 class=\"title\">Nytt partiprogram 2027-2031<\/h1><p class=\"preamble\">V\u00e5r programkomit\u00e9 er allerede i gang med \u00e5 utarbeide forslag til nytt bystyreprogram. Fortell oss hva som er viktige saker for deg! <\/p>\t\t\t<div class=\"post-meta wp-block teft-byline-wrapper\">\n\t\t\t\t<div class=\"top\">\n\t\t\t\t\t<div class=\"signature\">\n\t\t\t\t\t\t<div class=\"teft-byline\">\n\t\t\t\t\t\t\t\t\t\t\t\t\t\t<div>\n\t\t\t\t\t\t\t\t<h3>H\u00f8yres redaksjon<\/h3>\t\t\t\t\t\t\t\t\n\t\t\t\t\t\t\t\t\t\t\t\t\t\t\t\t\t<span class=\"date\">Sist oppdatert: 19. mars 2026<\/span>\n\t\t\t\t\t\t\t\t\t\t\t\t\t\t\t\t\t\t\t\t\t\t\t\t\t<span class=\"reading-time\" itemprop=\"timeRequired\" content=\"PT4M\"><em>Ca. 4 minutter lesetid<\/em><\/span>\n\t\t\t\t\t\t\t\t\t\t\t\t\t\t\t<\/div>\n\t\t\t\t\t\t<\/div>\n\t\t\t\t\t<\/div>\n\t\t\t\t\t\t<div class=\"sharing\">\n\t\t<a class=\"share-button share-link copy-link\" data-copy=\"https:\/\/hoyre.no\/oslo\/programkomiteen\/\" target=\"_blank\"><span class=\"screen-reader-text\">Del link<\/span><\/a>\n\t\t<a class=\"share-button share-twitter\" href=\"http:\/\/twitter.com\/share?text=programkomiteen&#038;url=https:\/\/hoyre.no\/oslo\/programkomiteen\/&#038;hashtags=Hoyre\" target=\"_blank\"><span class=\"screen-reader-text\">Del p\u00e5 twitter<\/span><\/a>\n\t\t<a class=\"share-button share-facebook\" href=\"https:\/\/www.facebook.com\/sharer\/sharer.php?u=https:\/\/hoyre.no\/oslo\/programkomiteen\/\" target=\"_blank\"><span class=\"screen-reader-text\">Del p\u00e5 facebook<\/span><\/a>\n\t<\/div>\n\t\t\t\t\t<\/div>\n\t\t\t<\/div>\n\n\t\t\t<figure class=\"hoyre-image-wrapper\"><div class=\"hoyre-image\"><img loading=\"lazy\" decoding=\"async\" width=\"2500\" height=\"1667\" src=\"https:\/\/hoyre.no\/content\/uploads\/sites\/408\/2025\/11\/IMG_9376-scaled.jpeg\" class=\"attachment-scaled size-scaled\" alt=\"Heidi Larssen og Mehmet Kaan Inan\" style=\"object-position: 53% 33%\" srcset=\"https:\/\/hoyre.no\/content\/uploads\/sites\/408\/2025\/11\/IMG_9376-scaled.jpeg 2500w, https:\/\/hoyre.no\/content\/uploads\/sites\/408\/2025\/11\/IMG_9376-300x200.jpeg 300w, https:\/\/hoyre.no\/content\/uploads\/sites\/408\/2025\/11\/IMG_9376-1024x683.jpeg 1024w, https:\/\/hoyre.no\/content\/uploads\/sites\/408\/2025\/11\/IMG_9376-768x512.jpeg 768w, https:\/\/hoyre.no\/content\/uploads\/sites\/408\/2025\/11\/IMG_9376-1536x1024.jpeg 1536w, https:\/\/hoyre.no\/content\/uploads\/sites\/408\/2025\/11\/IMG_9376-2048x1365.jpeg 2048w\" sizes=\"auto, (max-width: 2500px) 100vw, 2500px\" \/><\/div><\/figure><\/div><\/div>\n\n\n\n<h3 class=\"wp-block-heading\" id=\"h-vil-du-sende-innspill-forslag-til-programkomiteen\">Vil du sende innspill\/forslag til programkomiteen?<\/h3>\n\n\n\n<p>Hva b\u00f8r vi gj\u00f8re for at Oslo skal bli en enda bedre by \u00e5 bo og leve i? Vi vil gjerne h\u00f8re fra deg,  enten du er innbygger i Oslo eller du representerer lag, foreninger, organisasjoner eller en bedrift.  Innspill kan sendes til <a href=\"mailto:program@oslohoyre.no\">program@oslohoyre.no<\/a><\/p>\n\n\n\n<div class=\"wp-block-teft-factbox is-style-blue\"><div class=\"factbox-inner\"><div class=\"entry-content\"><h4 class=\"toggle\"><strong>Oslo H\u00f8yre skal lage ny politikk for bystyreperioden 2027\u20132031, og vi \u00f8nsker \u00e5 h\u00f8re fra deg!<\/strong><\/h4>\n<p>Tidligere i \u00e5r sendte Oslo H\u00f8yre ut en sp\u00f8rreunders\u00f8kelse til alle medlemmer, hvor programkomiteen ba om innspill til hvilke hovedutfordringer Oslo kommune st\u00e5r overfor som Oslo H\u00f8yre b\u00f8r bidra til \u00e5 l\u00f8se. Basert p\u00e5 de innkomne svarene har programkomiteen i Oslo H\u00f8yre utarbeidet et notat som l\u00f8fter frem de viktigste utfordringene Oslo st\u00e5r overfor, basert p\u00e5 medlemmenes innspill og komiteens eget arbeid.<\/p>\n\n\n\n<p>Notatet gir en oversikt over viktige utfordringer programkomiteen mener Oslo har i dag \u2013 og vil m\u00f8te i \u00e5rene fremover. Det tar ikke for seg alle utfordringer i Oslo, men de komiteen vurderer som de mest sentrale. Andre temaer er ikke glemt og vil bli adressert senere i programprosessen.<\/p>\n\n\n\n<p>Med utgangspunkt i dette utfordringsnotatet \u00f8nsker programkomiteen innspill til politiske l\u00f8sninger p\u00e5 utfordringene som er l\u00f8ftet frem.<\/p>\n\n\n\n<div class=\"wp-block-buttons is-layout-flex wp-block-buttons-is-layout-flex\">\n<div class=\"wp-block-button\"><a class=\"wp-block-button__link wp-element-button\" href=\"https:\/\/hoyre.no\/oslo\/diskusjonsnotat-programkomiteen\/\">Les mer her<\/a><\/div>\n<\/div>\n\n\n\n<p>Under&nbsp;kan&nbsp;du&nbsp;sende&nbsp;inn dine&nbsp;forslag&nbsp;og&nbsp;innspill&nbsp;til&nbsp;politiske&nbsp;l\u00f8sninger&nbsp;direkte&nbsp;til&nbsp;<br>Oslo&nbsp;H\u00f8yres&nbsp;programkomit\u00e9.<\/p>\n\n\n\n<div class=\"wp-block-buttons is-layout-flex wp-block-buttons-is-layout-flex\">\n<div class=\"wp-block-button\"><a class=\"wp-block-button__link wp-element-button\" href=\"https:\/\/response.questback.com\/hoyre\/uljnmaxqrq\">Send inn innspill her<\/a><\/div>\n<\/div>\n<\/div><\/div><\/div>\n\n\n\n\n<h3 class=\"wp-block-heading\" id=\"h-ledelse\">Ledelse<\/h3>\n\n\n\n<div class=\"wp-block-hoyre-contacts alignwide\"><div class=\"hoyre-contacts__inner\">\n<div class=\"wp-block-hoyre-contact alignwide\"><div class=\"hoyre-contact__inner\"><figure class=\"hoyre-image-wrapper\"><div class=\"hoyre-image\"><img loading=\"lazy\" decoding=\"async\" width=\"900\" height=\"600\" src=\"https:\/\/hoyre.no\/content\/uploads\/sites\/408\/2023\/10\/fra-10.-august-til-8.-september.png\" class=\"attachment-scaled size-scaled\" alt=\"Mehmet Kaan Inan\" style=\"object-position: 46% 41%\" srcset=\"https:\/\/hoyre.no\/content\/uploads\/sites\/408\/2023\/10\/fra-10.-august-til-8.-september.png 900w, https:\/\/hoyre.no\/content\/uploads\/sites\/408\/2023\/10\/fra-10.-august-til-8.-september-300x200.png 300w, https:\/\/hoyre.no\/content\/uploads\/sites\/408\/2023\/10\/fra-10.-august-til-8.-september-768x512.png 768w\" sizes=\"auto, (max-width: 900px) 100vw, 900px\" \/><\/div><\/figure><h3 class=\"title\">Mehmet Kaan Inan<\/h3><span class=\"position\">Leder i programkomiteen<\/span><br\/><br\/><a class=\"email\" href=\"mailto:mehmetkaan.inan@oslobystyre.no\">mehmetkaan.inan@oslobystyre.no<\/a><\/div><\/div>\n\n\n\n<div class=\"wp-block-hoyre-contact alignwide\"><div class=\"hoyre-contact__inner\"><figure class=\"hoyre-image-wrapper\"><div class=\"hoyre-image\"><img loading=\"lazy\" decoding=\"async\" width=\"1080\" height=\"1080\" src=\"https:\/\/hoyre.no\/content\/uploads\/sites\/408\/2026\/02\/I-work-at-the-right-wing-party.png\" class=\"attachment-scaled size-scaled\" alt=\"Heidi Larssen\" style=\"object-position: 31% 55.00000000000001%\" srcset=\"https:\/\/hoyre.no\/content\/uploads\/sites\/408\/2026\/02\/I-work-at-the-right-wing-party.png 1080w, https:\/\/hoyre.no\/content\/uploads\/sites\/408\/2026\/02\/I-work-at-the-right-wing-party-300x300.png 300w, https:\/\/hoyre.no\/content\/uploads\/sites\/408\/2026\/02\/I-work-at-the-right-wing-party-1024x1024.png 1024w, https:\/\/hoyre.no\/content\/uploads\/sites\/408\/2026\/02\/I-work-at-the-right-wing-party-150x150.png 150w, https:\/\/hoyre.no\/content\/uploads\/sites\/408\/2026\/02\/I-work-at-the-right-wing-party-768x768.png 768w\" sizes=\"auto, (max-width: 1080px) 100vw, 1080px\" \/><\/div><\/figure><h3 class=\"title\">Heidi <br>Larssen<\/h3><span class=\"position\">Nestleder i programkomiteen<\/span><br\/><br\/><a class=\"email\" href=\"mailto:hei.larssen@gmail.com\">hei.larssen@gmail.com<\/a><\/div><\/div>\n<\/div><\/div>\n\n\n\n<h3 class=\"wp-block-heading\" id=\"h-sekretaerer\"><strong>Sekret\u00e6rer<\/strong><\/h3>\n\n\n\n<div class=\"wp-block-hoyre-contacts alignwide\"><div class=\"hoyre-contacts__inner\">\n<div class=\"wp-block-hoyre-contact alignwide\"><div class=\"hoyre-contact__inner\"><figure class=\"hoyre-image-wrapper\"><div class=\"hoyre-image\"><img loading=\"lazy\" decoding=\"async\" width=\"1200\" height=\"1800\" src=\"https:\/\/hoyre.no\/content\/uploads\/sites\/408\/2022\/09\/larsjorgenkihlberg.jpg\" class=\"attachment-scaled size-scaled\" alt=\"\" style=\"object-position: 50% 19%\" srcset=\"https:\/\/hoyre.no\/content\/uploads\/sites\/408\/2022\/09\/larsjorgenkihlberg.jpg 1200w, https:\/\/hoyre.no\/content\/uploads\/sites\/408\/2022\/09\/larsjorgenkihlberg-200x300.jpg 200w, https:\/\/hoyre.no\/content\/uploads\/sites\/408\/2022\/09\/larsjorgenkihlberg-683x1024.jpg 683w, https:\/\/hoyre.no\/content\/uploads\/sites\/408\/2022\/09\/larsjorgenkihlberg-768x1152.jpg 768w, https:\/\/hoyre.no\/content\/uploads\/sites\/408\/2022\/09\/larsjorgenkihlberg-1024x1536.jpg 1024w\" sizes=\"auto, (max-width: 1200px) 100vw, 1200px\" \/><\/div><\/figure><h3 class=\"title\">Lars-J\u00f8rgen Kihlberg Olsen<\/h3><span class=\"position\">Sekret\u00e6r<\/span><br\/><br\/><a class=\"email\" href=\"mailto:ljko@hoyre.no\">ljko@hoyre.no<\/a><\/div><\/div>\n\n\n\n<div class=\"wp-block-hoyre-contact alignwide\"><div class=\"hoyre-contact__inner\"><figure class=\"hoyre-image-wrapper\"><div class=\"hoyre-image\"><img loading=\"lazy\" decoding=\"async\" width=\"1667\" height=\"2500\" src=\"https:\/\/hoyre.no\/content\/uploads\/sites\/408\/2024\/01\/IMG_3810-scaled.jpg\" class=\"attachment-scaled size-scaled\" alt=\"Kjerstin Owren\" style=\"object-position: 50% 19%\" srcset=\"https:\/\/hoyre.no\/content\/uploads\/sites\/408\/2024\/01\/IMG_3810-scaled.jpg 1667w, https:\/\/hoyre.no\/content\/uploads\/sites\/408\/2024\/01\/IMG_3810-200x300.jpg 200w, https:\/\/hoyre.no\/content\/uploads\/sites\/408\/2024\/01\/IMG_3810-683x1024.jpg 683w, https:\/\/hoyre.no\/content\/uploads\/sites\/408\/2024\/01\/IMG_3810-768x1152.jpg 768w, https:\/\/hoyre.no\/content\/uploads\/sites\/408\/2024\/01\/IMG_3810-1024x1536.jpg 1024w, https:\/\/hoyre.no\/content\/uploads\/sites\/408\/2024\/01\/IMG_3810-1365x2048.jpg 1365w\" sizes=\"auto, (max-width: 1667px) 100vw, 1667px\" \/><\/div><\/figure><h3 class=\"title\">Kjerstin<br> Owren<\/h3><span class=\"position\">Sekret\u00e6r<\/span><br\/><br\/><a class=\"email\" href=\"mailto:kjerstin.owren@oslo.kommune.no\">kjerstin.owren@oslo.kommune.no<\/a><\/div><\/div>\n\n\n\n<div class=\"wp-block-hoyre-contact alignwide\"><div class=\"hoyre-contact__inner\"><figure class=\"hoyre-image-wrapper\"><div class=\"hoyre-image\"><img loading=\"lazy\" decoding=\"async\" width=\"1667\" height=\"2500\" src=\"https:\/\/hoyre.no\/content\/uploads\/sites\/408\/2024\/09\/Ole_Stordahl-scaled.jpeg\" class=\"attachment-scaled size-scaled\" alt=\"Ole Stordahl\" style=\"object-position: 71% 36%\" srcset=\"https:\/\/hoyre.no\/content\/uploads\/sites\/408\/2024\/09\/Ole_Stordahl-scaled.jpeg 1667w, https:\/\/hoyre.no\/content\/uploads\/sites\/408\/2024\/09\/Ole_Stordahl-200x300.jpeg 200w, https:\/\/hoyre.no\/content\/uploads\/sites\/408\/2024\/09\/Ole_Stordahl-683x1024.jpeg 683w, https:\/\/hoyre.no\/content\/uploads\/sites\/408\/2024\/09\/Ole_Stordahl-768x1152.jpeg 768w, https:\/\/hoyre.no\/content\/uploads\/sites\/408\/2024\/09\/Ole_Stordahl-1024x1536.jpeg 1024w, https:\/\/hoyre.no\/content\/uploads\/sites\/408\/2024\/09\/Ole_Stordahl-1365x2048.jpeg 1365w\" sizes=\"auto, (max-width: 1667px) 100vw, 1667px\" \/><\/div><\/figure><h3 class=\"title\">Ole <br>Stordahl<\/h3><span class=\"position\">Sekret\u00e6r<\/span><br\/><br\/><a class=\"email\" href=\"mailto:olesto@hoyre.no\">olesto@hoyre.no<\/a><\/div><\/div>\n<\/div><\/div>\n\n\n\n<h3 class=\"wp-block-heading\" id=\"h-ledere-av-programforberedende-utvalg\"><strong>Ledere av programforberedende utvalg<\/strong><\/h3>\n\n\n\n<figure class=\"wp-block-table\"><table class=\"has-fixed-layout\"><tbody><tr><td><strong>Utvalg<\/strong><\/td><td><strong>Navn<\/strong><\/td><td><strong>E-post<\/strong><\/td><\/tr><tr><td>Barn, unge og utenforskap<\/td><td>H\u00e5vard \u00d8vreg\u00e5rd<\/td><td><a href=\"mailto:havard.privat@gmail.com\">havard.privat@gmail.com<\/a><\/td><\/tr><tr><td>En effektiv kommune i m\u00f8te med innbyggere og n\u00e6ringsliv<\/td><td>Andr\u00e9 St\u00f8ylen<\/td><td><a href=\"mailto:andre@stoylen.no\">andre@stoylen.no<\/a><\/td><\/tr><tr><td>Flere pleietrengende, f\u00e6rre pleiere<\/td><td>Oluf Ulseth<\/td><td><a href=\"mailto:oluf.ulseth@outlook.com\">oluf.ulseth@outlook.com<\/a><\/td><\/tr><tr><td>Hva vil vi med fremtidens Osloskole<\/td><td>Ola Svenneby<\/td><td><a href=\"mailto:olasven@hoyre.no\">olasven@hoyre.no<\/a>&nbsp;<\/td><\/tr><tr><td>Hvordan sikrer vi tilstrekkelig med boliger i Oslo<\/td><td>Merete Agerbak-Jensen<\/td><td><a href=\"mailto:merete.agerbak-jensen@oslobystyre.no\">merete.agerbak-jensen@oslobystyre.no<\/a><\/td><\/tr><tr><td>Konservativ milj\u00f8- og klimapolitikk<\/td><td>Maria Barstad Sanner<\/td><td><a href=\"mailto:mbarstadsanner@gmail.com\">mbarstadsanner@gmail.com<\/a><\/td><\/tr><\/tbody><\/table><\/figure>\n\n\n\n<h3 class=\"wp-block-heading\" id=\"h-oslo-hoyres-programkomite\">Oslo H\u00f8yres programkomit\u00e9<\/h3>\n\n\n\n<figure class=\"wp-block-table\"><table class=\"has-fixed-layout\"><tbody><tr><td>Mehmet Kaan Inan (leder)<\/td><td>Nordstrand<\/td><\/tr><tr><td>Heidi Larssen (nestleder)<\/td><td>Frogner<\/td><\/tr><tr><td>Ola Svenneby<\/td><td>Gr\u00fcnerl\u00f8kka<\/td><\/tr><tr><td>Nikolai Dyvik<\/td><td>Oslo Unge H\u00f8yre \/ St. Hanshaugen<\/td><\/tr><tr><td>Jan Petter R\u00f8nning<\/td><td>Oslo Senior H\u00f8yre<\/td><\/tr><tr><td>Maria Barstad Sanner<\/td><td>Gr\u00fcnerl\u00f8kka<\/td><\/tr><tr><td>Ragnhild Berg Nilsen<\/td><td>Nordstrand<\/td><\/tr><tr><td>H\u00e5vard \u00d8vreg\u00e5rd<\/td><td>Gamle Oslo<\/td><\/tr><tr><td>Marit Momrak Wright<\/td><td>Stovner<\/td><\/tr><tr><td>Karoline Torkildsen<\/td><td>\u00d8stensj\u00f8<\/td><\/tr><tr><td>Jan Ottesen<\/td><td>Sagene<\/td><\/tr><tr><td>Oluf Ulseth<\/td><td>Ullern<\/td><\/tr><tr><td>Marianne R\u00f8iseland<\/td><td>St. Hanshaugen<\/td><\/tr><tr><td>Tove Gjersrud<\/td><td>S\u00f8ndre Nordstrand<\/td><\/tr><tr><td>Heidi Nordby Lunde<\/td><td>Gamle Oslo<\/td><\/tr><\/tbody><\/table><\/figure>\n\n\n\n\n<h3 class=\"wp-block-heading\" id=\"h-tidslinje-for-programprosessen\"><strong>Tidslinje for programprosessen<\/strong><\/h3>\n\n\n\n<figure class=\"wp-block-image size-large\"><img loading=\"lazy\" decoding=\"async\" width=\"1024\" height=\"576\" src=\"https:\/\/hoyre.no\/content\/uploads\/sites\/408\/2026\/02\/Det-bla-rommet-1024x576.png\" alt=\"\" class=\"wp-image-9784\" srcset=\"https:\/\/hoyre.no\/content\/uploads\/sites\/408\/2026\/02\/Det-bla-rommet-1024x576.png 1024w, https:\/\/hoyre.no\/content\/uploads\/sites\/408\/2026\/02\/Det-bla-rommet-300x169.png 300w, https:\/\/hoyre.no\/content\/uploads\/sites\/408\/2026\/02\/Det-bla-rommet-768x432.png 768w, https:\/\/hoyre.no\/content\/uploads\/sites\/408\/2026\/02\/Det-bla-rommet-1536x864.png 1536w, https:\/\/hoyre.no\/content\/uploads\/sites\/408\/2026\/02\/Det-bla-rommet.png 1920w\" sizes=\"auto, (max-width: 1024px) 100vw, 1024px\" \/><\/figure>\n\n\n\n\n\n<p><\/p>\n","protected":false},"excerpt":{"rendered":"<p>Vil du sende innspill\/forslag til programkomiteen? Hva b\u00f8r vi gj\u00f8re for at Oslo skal bli en enda bedre by \u00e5 bo og leve i? Vi vil gjerne h\u00f8re fra deg, enten du er innbygger i Oslo eller du representerer lag, foreninger, organisasjoner eller en bedrift. Innspill kan sendes til program@oslohoyre.no Tidslinje for programprosessen<\/p>\n","protected":false},"author":23018,"featured_media":0,"parent":0,"menu_order":0,"comment_status":"closed","ping_status":"closed","template":"","meta":{"teft_cards_image_url":"","teft_cards_custom_pretitle":"","teft_cards_image_id":0,"teft_cards_image_focal_point_x":0,"teft_cards_image_focal_point_y":0,"teft_cards_title":" bbeee","teft_cards_excerpt":"","teft_show_chapters":false,"footnotes":""},"class_list":["post-9653","page","type-page","status-publish","hentry"],"yoast_head":"<!-- This site is optimized with the Yoast SEO Premium plugin v26.5 (Yoast SEO v26.6) - https:\/\/yoast.com\/wordpress\/plugins\/seo\/ -->\n<title>programkomiteen - Oslo H\u00f8yre<\/title>\n<meta name=\"robots\" content=\"index, follow, max-snippet:-1, max-image-preview:large, max-video-preview:-1\" \/>\n<link rel=\"canonical\" href=\"https:\/\/hoyre.no\/oslo\/programkomiteen\/\" \/>\n<meta property=\"og:locale\" content=\"nb_NO\" \/>\n<meta property=\"og:type\" content=\"article\" \/>\n<meta property=\"og:title\" content=\"programkomiteen\" \/>\n<meta property=\"og:description\" content=\"Vil du sende innspill\/forslag til programkomiteen? Hva b\u00f8r vi gj\u00f8re for at Oslo skal bli en enda bedre by \u00e5 bo og leve i? Vi vil gjerne h\u00f8re fra deg, enten du er innbygger i Oslo eller du representerer lag, foreninger, organisasjoner eller en bedrift. Innspill kan sendes til program@oslohoyre.no Tidslinje for programprosessen\" \/>\n<meta property=\"og:url\" content=\"https:\/\/hoyre.no\/oslo\/programkomiteen\/\" \/>\n<meta property=\"og:site_name\" content=\"Oslo H\u00f8yre\" \/>\n<meta property=\"article:publisher\" content=\"https:\/\/www.facebook.com\/oslo.hoyre\" \/>\n<meta property=\"article:modified_time\" content=\"2026-03-19T11:34:01+00:00\" \/>\n<meta property=\"og:image\" content=\"https:\/\/hoyre.no\/content\/uploads\/sites\/408\/2026\/02\/Det-bla-rommet-1024x576.png\" \/>\n<meta name=\"twitter:card\" content=\"summary_large_image\" \/>\n<meta name=\"twitter:label1\" content=\"Ansl. lesetid\" \/>\n\t<meta name=\"twitter:data1\" content=\"4 minutter\" \/>\n<script type=\"application\/ld+json\" class=\"yoast-schema-graph\">{\"@context\":\"https:\/\/schema.org\",\"@graph\":[{\"@type\":\"WebPage\",\"@id\":\"https:\/\/hoyre.no\/oslo\/programkomiteen\/\",\"url\":\"https:\/\/hoyre.no\/oslo\/programkomiteen\/\",\"name\":\"programkomiteen - Oslo H\u00f8yre\",\"isPartOf\":{\"@id\":\"https:\/\/hoyre.no\/oslo\/#website\"},\"image\":{\"@id\":\"https:\/\/hoyre.no\/oslo\/programkomiteen\/#primaryimage\"},\"thumbnailUrl\":\"https:\/\/hoyre.no\/content\/uploads\/sites\/408\/2026\/02\/Det-bla-rommet-1024x576.png\",\"datePublished\":\"2026-01-15T15:43:59+00:00\",\"dateModified\":\"2026-03-19T11:34:01+00:00\",\"breadcrumb\":{\"@id\":\"https:\/\/hoyre.no\/oslo\/programkomiteen\/#breadcrumb\"},\"inLanguage\":\"nb-NO\",\"potentialAction\":[{\"@type\":\"ReadAction\",\"target\":[\"https:\/\/hoyre.no\/oslo\/programkomiteen\/\"]}]},{\"@type\":\"ImageObject\",\"inLanguage\":\"nb-NO\",\"@id\":\"https:\/\/hoyre.no\/oslo\/programkomiteen\/#primaryimage\",\"url\":\"https:\/\/hoyre.no\/content\/uploads\/sites\/408\/2026\/02\/Det-bla-rommet-1024x576.png\",\"contentUrl\":\"https:\/\/hoyre.no\/content\/uploads\/sites\/408\/2026\/02\/Det-bla-rommet-1024x576.png\"},{\"@type\":\"BreadcrumbList\",\"@id\":\"https:\/\/hoyre.no\/oslo\/programkomiteen\/#breadcrumb\",\"itemListElement\":[{\"@type\":\"ListItem\",\"position\":1,\"name\":\"Til hoyre.no\",\"item\":\"https:\/\/hoyre.no\"},{\"@type\":\"ListItem\",\"position\":2,\"name\":\"Hjem\",\"item\":\"https:\/\/hoyre.no\/oslo\/\"},{\"@type\":\"ListItem\",\"position\":3,\"name\":\"programkomiteen\"}]},{\"@type\":\"WebSite\",\"@id\":\"https:\/\/hoyre.no\/oslo\/#website\",\"url\":\"https:\/\/hoyre.no\/oslo\/\",\"name\":\"Oslo H\u00f8yre\",\"description\":\"\",\"publisher\":{\"@id\":\"https:\/\/hoyre.no\/oslo\/#organization\"},\"inLanguage\":\"nb-NO\"},{\"@type\":\"Organization\",\"@id\":\"https:\/\/hoyre.no\/oslo\/#organization\",\"name\":\"Oslo H\u00f8yre\",\"url\":\"https:\/\/hoyre.no\/oslo\/\",\"logo\":{\"@type\":\"ImageObject\",\"inLanguage\":\"nb-NO\",\"@id\":\"https:\/\/hoyre.no\/oslo\/#\/schema\/logo\/image\/\",\"url\":\"https:\/\/hoyre.no\/content\/uploads\/sites\/408\/2022\/11\/Hoyres-logo.png\",\"contentUrl\":\"https:\/\/hoyre.no\/content\/uploads\/sites\/408\/2022\/11\/Hoyres-logo.png\",\"width\":1000,\"height\":1000,\"caption\":\"Oslo H\u00f8yre\"},\"image\":{\"@id\":\"https:\/\/hoyre.no\/oslo\/#\/schema\/logo\/image\/\"},\"sameAs\":[\"https:\/\/www.facebook.com\/oslo.hoyre\"]}]}<\/script>\n<!-- \/ Yoast SEO Premium plugin. -->","yoast_head_json":{"title":"programkomiteen - Oslo H\u00f8yre","robots":{"index":"index","follow":"follow","max-snippet":"max-snippet:-1","max-image-preview":"max-image-preview:large","max-video-preview":"max-video-preview:-1"},"canonical":"https:\/\/hoyre.no\/oslo\/programkomiteen\/","og_locale":"nb_NO","og_type":"article","og_title":"programkomiteen","og_description":"Vil du sende innspill\/forslag til programkomiteen? Hva b\u00f8r vi gj\u00f8re for at Oslo skal bli en enda bedre by \u00e5 bo og leve i? Vi vil gjerne h\u00f8re fra deg, enten du er innbygger i Oslo eller du representerer lag, foreninger, organisasjoner eller en bedrift. Innspill kan sendes til program@oslohoyre.no Tidslinje for programprosessen","og_url":"https:\/\/hoyre.no\/oslo\/programkomiteen\/","og_site_name":"Oslo H\u00f8yre","article_publisher":"https:\/\/www.facebook.com\/oslo.hoyre","article_modified_time":"2026-03-19T11:34:01+00:00","og_image":[{"url":"https:\/\/hoyre.no\/content\/uploads\/sites\/408\/2026\/02\/Det-bla-rommet-1024x576.png","type":"","width":"","height":""}],"twitter_card":"summary_large_image","twitter_misc":{"Ansl. lesetid":"4 minutter"},"schema":{"@context":"https:\/\/schema.org","@graph":[{"@type":"WebPage","@id":"https:\/\/hoyre.no\/oslo\/programkomiteen\/","url":"https:\/\/hoyre.no\/oslo\/programkomiteen\/","name":"programkomiteen - Oslo H\u00f8yre","isPartOf":{"@id":"https:\/\/hoyre.no\/oslo\/#website"},"image":{"@id":"https:\/\/hoyre.no\/oslo\/programkomiteen\/#primaryimage"},"thumbnailUrl":"https:\/\/hoyre.no\/content\/uploads\/sites\/408\/2026\/02\/Det-bla-rommet-1024x576.png","datePublished":"2026-01-15T15:43:59+00:00","dateModified":"2026-03-19T11:34:01+00:00","breadcrumb":{"@id":"https:\/\/hoyre.no\/oslo\/programkomiteen\/#breadcrumb"},"inLanguage":"nb-NO","potentialAction":[{"@type":"ReadAction","target":["https:\/\/hoyre.no\/oslo\/programkomiteen\/"]}]},{"@type":"ImageObject","inLanguage":"nb-NO","@id":"https:\/\/hoyre.no\/oslo\/programkomiteen\/#primaryimage","url":"https:\/\/hoyre.no\/content\/uploads\/sites\/408\/2026\/02\/Det-bla-rommet-1024x576.png","contentUrl":"https:\/\/hoyre.no\/content\/uploads\/sites\/408\/2026\/02\/Det-bla-rommet-1024x576.png"},{"@type":"BreadcrumbList","@id":"https:\/\/hoyre.no\/oslo\/programkomiteen\/#breadcrumb","itemListElement":[{"@type":"ListItem","position":1,"name":"Til hoyre.no","item":"https:\/\/hoyre.no"},{"@type":"ListItem","position":2,"name":"Hjem","item":"https:\/\/hoyre.no\/oslo\/"},{"@type":"ListItem","position":3,"name":"programkomiteen"}]},{"@type":"WebSite","@id":"https:\/\/hoyre.no\/oslo\/#website","url":"https:\/\/hoyre.no\/oslo\/","name":"Oslo H\u00f8yre","description":"","publisher":{"@id":"https:\/\/hoyre.no\/oslo\/#organization"},"inLanguage":"nb-NO"},{"@type":"Organization","@id":"https:\/\/hoyre.no\/oslo\/#organization","name":"Oslo H\u00f8yre","url":"https:\/\/hoyre.no\/oslo\/","logo":{"@type":"ImageObject","inLanguage":"nb-NO","@id":"https:\/\/hoyre.no\/oslo\/#\/schema\/logo\/image\/","url":"https:\/\/hoyre.no\/content\/uploads\/sites\/408\/2022\/11\/Hoyres-logo.png","contentUrl":"https:\/\/hoyre.no\/content\/uploads\/sites\/408\/2022\/11\/Hoyres-logo.png","width":1000,"height":1000,"caption":"Oslo H\u00f8yre"},"image":{"@id":"https:\/\/hoyre.no\/oslo\/#\/schema\/logo\/image\/"},"sameAs":["https:\/\/www.facebook.com\/oslo.hoyre"]}]}},"distributor_meta":false,"distributor_terms":false,"distributor_media":false,"distributor_original_site_name":"Oslo H\u00f8yre","distributor_original_site_url":"https:\/\/hoyre.no\/oslo","push-errors":false,"_links":{"self":[{"href":"https:\/\/hoyre.no\/oslo\/wp-json\/wp\/v2\/pages\/9653","targetHints":{"allow":["GET"]}}],"collection":[{"href":"https:\/\/hoyre.no\/oslo\/wp-json\/wp\/v2\/pages"}],"about":[{"href":"https:\/\/hoyre.no\/oslo\/wp-json\/wp\/v2\/types\/page"}],"author":[{"embeddable":true,"href":"https:\/\/hoyre.no\/oslo\/wp-json\/wp\/v2\/users\/23018"}],"replies":[{"embeddable":true,"href":"https:\/\/hoyre.no\/oslo\/wp-json\/wp\/v2\/comments?post=9653"}],"version-history":[{"count":23,"href":"https:\/\/hoyre.no\/oslo\/wp-json\/wp\/v2\/pages\/9653\/revisions"}],"predecessor-version":[{"id":9923,"href":"https:\/\/hoyre.no\/oslo\/wp-json\/wp\/v2\/pages\/9653\/revisions\/9923"}],"wp:attachment":[{"href":"https:\/\/hoyre.no\/oslo\/wp-json\/wp\/v2\/media?parent=9653"}],"curies":[{"name":"wp","href":"https:\/\/api.w.org\/{rel}","templated":true}]}}