{"id":9705,"date":"2026-01-24T16:56:56","date_gmt":"2026-01-24T15:56:56","guid":{"rendered":"https:\/\/hoyre.no\/oslo\/?page_id=9705"},"modified":"2026-01-26T09:56:43","modified_gmt":"2026-01-26T08:56:43","slug":"toffere-tak-mot-kriminelle-nettverk-i-oslo-og-norge","status":"publish","type":"page","link":"https:\/\/hoyre.no\/oslo\/toffere-tak-mot-kriminelle-nettverk-i-oslo-og-norge\/","title":{"rendered":"T\u00f8ffere tak mot kriminelle nettverk i Oslo og Norge"},"content":{"rendered":"\n<div class=\"wp-block-hoyre-hero with-image-gradient text-color-light  alignfull has-background \"><div class=\"hoyre-hero \"><h1 class=\"title\"><strong>T\u00f8ffere tak mot kriminelle nettverk i Oslo og Norge<\/strong><\/h1><p class=\"preamble\">Vedtatt p\u00e5 Oslo H\u00f8yres \u00e5rsm\u00f8te 2026.<\/p><\/div><\/div>\n\n\n\n\n<p>Internasjonale kriminelle nettverk viser \u00f8kende interesse for \u00e5 operere i Norge. Vi ser flere tilfeller der utenlandske akt\u00f8rer rekrutterer mindre\u00e5rige, ogs\u00e5 barn under 15 \u00e5r.<\/p>\n\n\n\n<p>Stortinget har de siste \u00e5rene vist vilje til \u00e5 styrke regelverket mot ungdoms-, gjeng- og organisert kriminalitet. Mange tiltak er vedtatt, men det er regjeringen som m\u00e5 f\u00f8lge opp ved \u00e5 fremme n\u00f8dvendige lovendringer og s\u00f8rge for gjennomf\u00f8ring. Dette arbeidet er fortsatt ikke p\u00e5 plass.<\/p>\n\n\n\n<p>Oslo har, som landets st\u00f8rste by, de mest komplekse utfordringene knyttet til ungdomskriminalitet. Det borgerlige flertallet i Oslo har derfor, i sine budsjetter, prioritert \u00f8kte bevilgninger til forebygging og bekjempelse av ungdomskriminalitet, selv om det har krevd kutt p\u00e5 andre omr\u00e5der.<\/p>\n\n\n\n<p>M\u00e5let er \u00e5 gj\u00f8re Norge mindre attraktivt for internasjonale kriminelle nettverk, og \u00e5 hindre rekruttering av mindre\u00e5rige i langt st\u00f8rre grad enn i dag.<\/p>\n\n\n\n<p><strong>Oslo H\u00f8yre vil:<\/strong><\/p>\n\n\n\n<p><em>P\u00e5 lokalt niv\u00e5:<\/em><\/p>\n\n\n\n<ul class=\"wp-block-list\">\n<li>Forsterke \u00abf\u00f8lg pengene\u00bb-innsatsen gjennom tett samarbeid mellom etater og finansinstitusjoner for \u00e5 ramme gevinsth\u00e5ndtering og misbruk av identiteter og registre.<\/li>\n\n\n\n<li>Opprettholde hurtigdomstol for unge gjerningspersoner under 18 \u00e5r som standard i Oslo.<\/li>\n\n\n\n<li>Sikre stedsspesifikk polititilstedev\u00e6relse i klart definerte omr\u00e5der med h\u00f8y vold- og narkotikabelastning.<\/li>\n\n\n\n<li>St\u00f8tte at Politih\u00f8yskolen flyttes til Mortensrud.<\/li>\n<\/ul>\n\n\n\n<p><em>P\u00e5 nasjonalt niv\u00e5:<\/em><\/p>\n\n\n\n<ul class=\"wp-block-list\">\n<li>St\u00f8tte nye straffebestemmelser mot \u00e5 involvere mindre\u00e5rige i kriminalitet, med rask ikrafttredelse og en strafferamme p\u00e5 minst 10 \u00e5r.<\/li>\n\n\n\n<li>St\u00f8tte strengere rammer i enkelte barnevernsinstitusjoner der det er n\u00f8dvendig for \u00e5 hindre utnyttelse og rekruttering.<\/li>\n\n\n\n<li>Sl\u00e5 fast at mindre\u00e5rige skal ha de samme grunnleggende rettighetene som voksne ved frihetsinnskrenkninger.<\/li>\n\n\n\n<li>Kreve likeverdig statlig finansiering av barnevernet i Oslo med resten av landet.<\/li>\n\n\n\n<li>Skjerpe straffen for ulovlig b\u00e6ring av v\u00e5pen.<\/li>\n\n\n\n<li>At gjentagende kriminalitet ikke b\u00f8r v\u00e6re formildende.<\/li>\n\n\n\n<li>Gi politiet flere verkt\u00f8y til \u00e5 overv\u00e5ke gjengkriminelle.<\/li>\n\n\n\n<li>Etablere flere politiinnsatser som forebyggings- og ungdomsgruppen.<\/li>\n<\/ul>\n\n","protected":false},"excerpt":{"rendered":"","protected":false},"author":11570,"featured_media":0,"parent":0,"menu_order":0,"comment_status":"closed","ping_status":"closed","template":"","meta":{"teft_cards_image_url":"","teft_cards_custom_pretitle":"","teft_cards_image_id":0,"teft_cards_image_focal_point_x":0,"teft_cards_image_focal_point_y":0,"teft_cards_title":"T\u00f8ffere tak mot kriminelle nettverk i Oslo og Norge","teft_cards_excerpt":"","teft_show_chapters":false,"footnotes":""},"class_list":["post-9705","page","type-page","status-publish","hentry"],"yoast_head":"<!-- This site is optimized with the Yoast SEO Premium plugin v26.5 (Yoast SEO v26.6) - https:\/\/yoast.com\/wordpress\/plugins\/seo\/ -->\n<title>T\u00f8ffere tak mot kriminelle nettverk i Oslo og Norge - Oslo H\u00f8yre<\/title>\n<meta name=\"robots\" content=\"index, follow, max-snippet:-1, max-image-preview:large, max-video-preview:-1\" \/>\n<link rel=\"canonical\" href=\"https:\/\/hoyre.no\/oslo\/toffere-tak-mot-kriminelle-nettverk-i-oslo-og-norge\/\" \/>\n<meta property=\"og:locale\" content=\"nb_NO\" \/>\n<meta property=\"og:type\" content=\"article\" \/>\n<meta property=\"og:title\" content=\"T\u00f8ffere tak mot kriminelle nettverk i Oslo og Norge\" \/>\n<meta property=\"og:url\" content=\"https:\/\/hoyre.no\/oslo\/toffere-tak-mot-kriminelle-nettverk-i-oslo-og-norge\/\" \/>\n<meta property=\"og:site_name\" content=\"Oslo H\u00f8yre\" \/>\n<meta property=\"article:publisher\" content=\"https:\/\/www.facebook.com\/oslo.hoyre\" \/>\n<meta property=\"article:modified_time\" content=\"2026-01-26T08:56:43+00:00\" \/>\n<meta property=\"og:image\" content=\"https:\/\/hoyre.no\/content\/uploads\/sites\/408\/2022\/11\/Hoyres-logo.png\" \/>\n\t<meta property=\"og:image:width\" content=\"1000\" \/>\n\t<meta property=\"og:image:height\" content=\"1000\" \/>\n\t<meta property=\"og:image:type\" content=\"image\/png\" \/>\n<meta name=\"twitter:card\" content=\"summary_large_image\" \/>\n<meta name=\"twitter:label1\" content=\"Ansl. lesetid\" \/>\n\t<meta name=\"twitter:data1\" content=\"2 minutter\" \/>\n<script type=\"application\/ld+json\" class=\"yoast-schema-graph\">{\"@context\":\"https:\/\/schema.org\",\"@graph\":[{\"@type\":\"WebPage\",\"@id\":\"https:\/\/hoyre.no\/oslo\/toffere-tak-mot-kriminelle-nettverk-i-oslo-og-norge\/\",\"url\":\"https:\/\/hoyre.no\/oslo\/toffere-tak-mot-kriminelle-nettverk-i-oslo-og-norge\/\",\"name\":\"T\u00f8ffere tak mot kriminelle nettverk i Oslo og Norge - Oslo H\u00f8yre\",\"isPartOf\":{\"@id\":\"https:\/\/hoyre.no\/oslo\/#website\"},\"datePublished\":\"2026-01-24T15:56:56+00:00\",\"dateModified\":\"2026-01-26T08:56:43+00:00\",\"breadcrumb\":{\"@id\":\"https:\/\/hoyre.no\/oslo\/toffere-tak-mot-kriminelle-nettverk-i-oslo-og-norge\/#breadcrumb\"},\"inLanguage\":\"nb-NO\",\"potentialAction\":[{\"@type\":\"ReadAction\",\"target\":[\"https:\/\/hoyre.no\/oslo\/toffere-tak-mot-kriminelle-nettverk-i-oslo-og-norge\/\"]}]},{\"@type\":\"BreadcrumbList\",\"@id\":\"https:\/\/hoyre.no\/oslo\/toffere-tak-mot-kriminelle-nettverk-i-oslo-og-norge\/#breadcrumb\",\"itemListElement\":[{\"@type\":\"ListItem\",\"position\":1,\"name\":\"Til hoyre.no\",\"item\":\"https:\/\/hoyre.no\"},{\"@type\":\"ListItem\",\"position\":2,\"name\":\"Hjem\",\"item\":\"https:\/\/hoyre.no\/oslo\/\"},{\"@type\":\"ListItem\",\"position\":3,\"name\":\"T\u00f8ffere tak mot kriminelle nettverk i Oslo og Norge\"}]},{\"@type\":\"WebSite\",\"@id\":\"https:\/\/hoyre.no\/oslo\/#website\",\"url\":\"https:\/\/hoyre.no\/oslo\/\",\"name\":\"Oslo H\u00f8yre\",\"description\":\"\",\"publisher\":{\"@id\":\"https:\/\/hoyre.no\/oslo\/#organization\"},\"inLanguage\":\"nb-NO\"},{\"@type\":\"Organization\",\"@id\":\"https:\/\/hoyre.no\/oslo\/#organization\",\"name\":\"Oslo H\u00f8yre\",\"url\":\"https:\/\/hoyre.no\/oslo\/\",\"logo\":{\"@type\":\"ImageObject\",\"inLanguage\":\"nb-NO\",\"@id\":\"https:\/\/hoyre.no\/oslo\/#\/schema\/logo\/image\/\",\"url\":\"https:\/\/hoyre.no\/content\/uploads\/sites\/408\/2022\/11\/Hoyres-logo.png\",\"contentUrl\":\"https:\/\/hoyre.no\/content\/uploads\/sites\/408\/2022\/11\/Hoyres-logo.png\",\"width\":1000,\"height\":1000,\"caption\":\"Oslo H\u00f8yre\"},\"image\":{\"@id\":\"https:\/\/hoyre.no\/oslo\/#\/schema\/logo\/image\/\"},\"sameAs\":[\"https:\/\/www.facebook.com\/oslo.hoyre\"]}]}<\/script>\n<!-- \/ Yoast SEO Premium plugin. -->","yoast_head_json":{"title":"T\u00f8ffere tak mot kriminelle nettverk i Oslo og Norge - Oslo H\u00f8yre","robots":{"index":"index","follow":"follow","max-snippet":"max-snippet:-1","max-image-preview":"max-image-preview:large","max-video-preview":"max-video-preview:-1"},"canonical":"https:\/\/hoyre.no\/oslo\/toffere-tak-mot-kriminelle-nettverk-i-oslo-og-norge\/","og_locale":"nb_NO","og_type":"article","og_title":"T\u00f8ffere tak mot kriminelle nettverk i Oslo og Norge","og_url":"https:\/\/hoyre.no\/oslo\/toffere-tak-mot-kriminelle-nettverk-i-oslo-og-norge\/","og_site_name":"Oslo H\u00f8yre","article_publisher":"https:\/\/www.facebook.com\/oslo.hoyre","article_modified_time":"2026-01-26T08:56:43+00:00","og_image":[{"width":1000,"height":1000,"url":"https:\/\/hoyre.no\/content\/uploads\/sites\/408\/2022\/11\/Hoyres-logo.png","type":"image\/png"}],"twitter_card":"summary_large_image","twitter_misc":{"Ansl. lesetid":"2 minutter"},"schema":{"@context":"https:\/\/schema.org","@graph":[{"@type":"WebPage","@id":"https:\/\/hoyre.no\/oslo\/toffere-tak-mot-kriminelle-nettverk-i-oslo-og-norge\/","url":"https:\/\/hoyre.no\/oslo\/toffere-tak-mot-kriminelle-nettverk-i-oslo-og-norge\/","name":"T\u00f8ffere tak mot kriminelle nettverk i Oslo og Norge - Oslo H\u00f8yre","isPartOf":{"@id":"https:\/\/hoyre.no\/oslo\/#website"},"datePublished":"2026-01-24T15:56:56+00:00","dateModified":"2026-01-26T08:56:43+00:00","breadcrumb":{"@id":"https:\/\/hoyre.no\/oslo\/toffere-tak-mot-kriminelle-nettverk-i-oslo-og-norge\/#breadcrumb"},"inLanguage":"nb-NO","potentialAction":[{"@type":"ReadAction","target":["https:\/\/hoyre.no\/oslo\/toffere-tak-mot-kriminelle-nettverk-i-oslo-og-norge\/"]}]},{"@type":"BreadcrumbList","@id":"https:\/\/hoyre.no\/oslo\/toffere-tak-mot-kriminelle-nettverk-i-oslo-og-norge\/#breadcrumb","itemListElement":[{"@type":"ListItem","position":1,"name":"Til hoyre.no","item":"https:\/\/hoyre.no"},{"@type":"ListItem","position":2,"name":"Hjem","item":"https:\/\/hoyre.no\/oslo\/"},{"@type":"ListItem","position":3,"name":"T\u00f8ffere tak mot kriminelle nettverk i Oslo og Norge"}]},{"@type":"WebSite","@id":"https:\/\/hoyre.no\/oslo\/#website","url":"https:\/\/hoyre.no\/oslo\/","name":"Oslo H\u00f8yre","description":"","publisher":{"@id":"https:\/\/hoyre.no\/oslo\/#organization"},"inLanguage":"nb-NO"},{"@type":"Organization","@id":"https:\/\/hoyre.no\/oslo\/#organization","name":"Oslo H\u00f8yre","url":"https:\/\/hoyre.no\/oslo\/","logo":{"@type":"ImageObject","inLanguage":"nb-NO","@id":"https:\/\/hoyre.no\/oslo\/#\/schema\/logo\/image\/","url":"https:\/\/hoyre.no\/content\/uploads\/sites\/408\/2022\/11\/Hoyres-logo.png","contentUrl":"https:\/\/hoyre.no\/content\/uploads\/sites\/408\/2022\/11\/Hoyres-logo.png","width":1000,"height":1000,"caption":"Oslo H\u00f8yre"},"image":{"@id":"https:\/\/hoyre.no\/oslo\/#\/schema\/logo\/image\/"},"sameAs":["https:\/\/www.facebook.com\/oslo.hoyre"]}]}},"distributor_meta":false,"distributor_terms":false,"distributor_media":false,"distributor_original_site_name":"Oslo H\u00f8yre","distributor_original_site_url":"https:\/\/hoyre.no\/oslo","push-errors":false,"_links":{"self":[{"href":"https:\/\/hoyre.no\/oslo\/wp-json\/wp\/v2\/pages\/9705","targetHints":{"allow":["GET"]}}],"collection":[{"href":"https:\/\/hoyre.no\/oslo\/wp-json\/wp\/v2\/pages"}],"about":[{"href":"https:\/\/hoyre.no\/oslo\/wp-json\/wp\/v2\/types\/page"}],"author":[{"embeddable":true,"href":"https:\/\/hoyre.no\/oslo\/wp-json\/wp\/v2\/users\/11570"}],"replies":[{"embeddable":true,"href":"https:\/\/hoyre.no\/oslo\/wp-json\/wp\/v2\/comments?post=9705"}],"version-history":[{"count":1,"href":"https:\/\/hoyre.no\/oslo\/wp-json\/wp\/v2\/pages\/9705\/revisions"}],"predecessor-version":[{"id":9707,"href":"https:\/\/hoyre.no\/oslo\/wp-json\/wp\/v2\/pages\/9705\/revisions\/9707"}],"wp:attachment":[{"href":"https:\/\/hoyre.no\/oslo\/wp-json\/wp\/v2\/media?parent=9705"}],"curies":[{"name":"wp","href":"https:\/\/api.w.org\/{rel}","templated":true}]}}