{"id":9708,"date":"2026-01-24T16:58:28","date_gmt":"2026-01-24T15:58:28","guid":{"rendered":"https:\/\/hoyre.no\/oslo\/?page_id=9708"},"modified":"2026-01-26T09:56:23","modified_gmt":"2026-01-26T08:56:23","slug":"en-bydelsreform-som-styrker-lokaldemokratiet","status":"publish","type":"page","link":"https:\/\/hoyre.no\/oslo\/en-bydelsreform-som-styrker-lokaldemokratiet\/","title":{"rendered":"En bydelsreform som styrker lokaldemokratiet"},"content":{"rendered":"\n<div class=\"wp-block-hoyre-hero with-image-gradient text-color-light  alignfull has-background \"><div class=\"hoyre-hero \"><h1 class=\"title\"><strong>En bydelsreform som styrker lokaldemokratiet<\/strong><\/h1><p class=\"preamble\">Vedtatt p\u00e5 Oslo H\u00f8yres \u00e5rsm\u00f8te 2026.<\/p><\/div><\/div>\n\n\n\n\n<p>Oslo H\u00f8yre mener at byr\u00e5det har lagt frem et godt forslag til reform av bydelsgrenser og oppgavefordeling mellom kommunens sentrale etater og v\u00e5re 15 bydeler. Oslo H\u00f8yre st\u00f8tter ogs\u00e5 de overordnede m\u00e5lene med reformen, nemlig at tjenestene for byens befolkning blir mer tilgjengelige, likeverdige og samtidig mer effektive.<\/p>\n\n\n\n<p>Det kanskje viktigste m\u00e5let med reformen er \u00e5 styrke lokaldemokratiet. N\u00e5r beslutninger fattes n\u00e6rmest mulig innbyggerne, blir det enklere for folkevalgte \u00e5 gj\u00f8re vurderinger om gode og effektive lokale l\u00f8sninger. Den foresl\u00e5tte oppgavefordelingen fra byr\u00e5det mellom bydeler og sentrale etater har mye positivt ved seg, men Oslo H\u00f8yres \u00e5rsm\u00f8te mener at byr\u00e5det i sitt endelige forslag m\u00e5 arbeide for ytterligere desentralisering innenfor s\u00e6rlig to omr\u00e5der: Samferdsel og byutvikling.<\/p>\n\n\n\n<p>Dette er oppgaver som skaper sterkt lokalt engasjement, og hvor lokal kunnskap kan bidra til \u00e5 gj\u00f8re beslutninger bedre. N\u00e5r det argumenteres med stordriftsfordeler ved sentral organisering av en del oppgaver, mener Oslo H\u00f8yre at man for eksempel kan skille mellom bestiller- og utf\u00f8rerrollen slik at bestillerfunksjonen kan ligge i bydelene. Oslo H\u00f8yre mener at slike grep handle eventuelle klager, vil gj\u00f8re en god bydelsreform enda bedre<\/p>\n\n\n\n<p><strong>Oslo H\u00f8yre vil:<\/strong><\/p>\n\n\n\n<ul class=\"wp-block-list\">\n<li>At byr\u00e5det skal vurdere \u00e5 overf\u00f8re vedtaksmyndighet i lokale klagesaker til bydelsutvalgene.<\/li>\n\n\n\n<li>At bydelene m\u00e5 f\u00e5 vesentlig st\u00f8rre innflytelse over lokale tiltak innenfor bymilj\u00f8etatens ansvarsomr\u00e5de, slik som trafikksikkerhetstiltak. Oppgaver som i dag ligger hos Bymilj\u00f8etaten b\u00f8r ogs\u00e5 overf\u00f8res bydelene, eksempler p\u00e5 dette kan v\u00e6re \u00e5 overta drift av alle parker og byrom, med unntak av Frognerparken og tilsvarende parker, opprettelse, drift og vedlikehold av alle idretts- og n\u00e6rmilj\u00f8anlegg, med unntak av de aller st\u00f8rste anleggene.<\/li>\n\n\n\n<li>At bydelsutvalgene m\u00e5 f\u00e5 sterkere innflytelse over l\u00f8sningene som velges i st\u00f8rre by- og utviklingsprosjekter.<\/li>\n\n\n\n<li>At bydelene f\u00e5r utvidet ansvar for utleie av kommunalt eid grunn.<\/li>\n\n\n\n<li>At bydelene f\u00e5r utvidede fullmakter knyttet til beboerparkering.<\/li>\n\n\n\n<li>Gjennomf\u00f8re bydelsreformen med tydelige effektiviseringsgevinster. Gevinstm\u00e5lene skal offentliggj\u00f8res som del av reformen.<\/li>\n<\/ul>\n\n","protected":false},"excerpt":{"rendered":"","protected":false},"author":11570,"featured_media":0,"parent":0,"menu_order":0,"comment_status":"closed","ping_status":"closed","template":"","meta":{"teft_cards_image_url":"","teft_cards_custom_pretitle":"","teft_cards_image_id":0,"teft_cards_image_focal_point_x":0,"teft_cards_image_focal_point_y":0,"teft_cards_title":"En bydelsreform som styrker lokaldemokratiet","teft_cards_excerpt":"","teft_show_chapters":false,"footnotes":""},"class_list":["post-9708","page","type-page","status-publish","hentry"],"yoast_head":"<!-- This site is optimized with the Yoast SEO Premium plugin v26.5 (Yoast SEO v26.6) - https:\/\/yoast.com\/wordpress\/plugins\/seo\/ -->\n<title>En bydelsreform som styrker lokaldemokratiet - Oslo H\u00f8yre<\/title>\n<meta name=\"robots\" content=\"index, follow, max-snippet:-1, max-image-preview:large, max-video-preview:-1\" \/>\n<link rel=\"canonical\" href=\"https:\/\/hoyre.no\/oslo\/en-bydelsreform-som-styrker-lokaldemokratiet\/\" \/>\n<meta property=\"og:locale\" content=\"nb_NO\" \/>\n<meta property=\"og:type\" content=\"article\" \/>\n<meta property=\"og:title\" content=\"En bydelsreform som styrker lokaldemokratiet\" \/>\n<meta property=\"og:url\" content=\"https:\/\/hoyre.no\/oslo\/en-bydelsreform-som-styrker-lokaldemokratiet\/\" \/>\n<meta property=\"og:site_name\" content=\"Oslo H\u00f8yre\" \/>\n<meta property=\"article:publisher\" content=\"https:\/\/www.facebook.com\/oslo.hoyre\" \/>\n<meta property=\"article:modified_time\" content=\"2026-01-26T08:56:23+00:00\" \/>\n<meta property=\"og:image\" content=\"https:\/\/hoyre.no\/content\/uploads\/sites\/408\/2022\/11\/Hoyres-logo.png\" \/>\n\t<meta property=\"og:image:width\" content=\"1000\" \/>\n\t<meta property=\"og:image:height\" content=\"1000\" \/>\n\t<meta property=\"og:image:type\" content=\"image\/png\" \/>\n<meta name=\"twitter:card\" content=\"summary_large_image\" \/>\n<meta name=\"twitter:label1\" content=\"Ansl. lesetid\" \/>\n\t<meta name=\"twitter:data1\" content=\"2 minutter\" \/>\n<script type=\"application\/ld+json\" class=\"yoast-schema-graph\">{\"@context\":\"https:\/\/schema.org\",\"@graph\":[{\"@type\":\"WebPage\",\"@id\":\"https:\/\/hoyre.no\/oslo\/en-bydelsreform-som-styrker-lokaldemokratiet\/\",\"url\":\"https:\/\/hoyre.no\/oslo\/en-bydelsreform-som-styrker-lokaldemokratiet\/\",\"name\":\"En bydelsreform som styrker lokaldemokratiet - Oslo H\u00f8yre\",\"isPartOf\":{\"@id\":\"https:\/\/hoyre.no\/oslo\/#website\"},\"datePublished\":\"2026-01-24T15:58:28+00:00\",\"dateModified\":\"2026-01-26T08:56:23+00:00\",\"breadcrumb\":{\"@id\":\"https:\/\/hoyre.no\/oslo\/en-bydelsreform-som-styrker-lokaldemokratiet\/#breadcrumb\"},\"inLanguage\":\"nb-NO\",\"potentialAction\":[{\"@type\":\"ReadAction\",\"target\":[\"https:\/\/hoyre.no\/oslo\/en-bydelsreform-som-styrker-lokaldemokratiet\/\"]}]},{\"@type\":\"BreadcrumbList\",\"@id\":\"https:\/\/hoyre.no\/oslo\/en-bydelsreform-som-styrker-lokaldemokratiet\/#breadcrumb\",\"itemListElement\":[{\"@type\":\"ListItem\",\"position\":1,\"name\":\"Til hoyre.no\",\"item\":\"https:\/\/hoyre.no\"},{\"@type\":\"ListItem\",\"position\":2,\"name\":\"Hjem\",\"item\":\"https:\/\/hoyre.no\/oslo\/\"},{\"@type\":\"ListItem\",\"position\":3,\"name\":\"En bydelsreform som styrker lokaldemokratiet\"}]},{\"@type\":\"WebSite\",\"@id\":\"https:\/\/hoyre.no\/oslo\/#website\",\"url\":\"https:\/\/hoyre.no\/oslo\/\",\"name\":\"Oslo H\u00f8yre\",\"description\":\"\",\"publisher\":{\"@id\":\"https:\/\/hoyre.no\/oslo\/#organization\"},\"inLanguage\":\"nb-NO\"},{\"@type\":\"Organization\",\"@id\":\"https:\/\/hoyre.no\/oslo\/#organization\",\"name\":\"Oslo H\u00f8yre\",\"url\":\"https:\/\/hoyre.no\/oslo\/\",\"logo\":{\"@type\":\"ImageObject\",\"inLanguage\":\"nb-NO\",\"@id\":\"https:\/\/hoyre.no\/oslo\/#\/schema\/logo\/image\/\",\"url\":\"https:\/\/hoyre.no\/content\/uploads\/sites\/408\/2022\/11\/Hoyres-logo.png\",\"contentUrl\":\"https:\/\/hoyre.no\/content\/uploads\/sites\/408\/2022\/11\/Hoyres-logo.png\",\"width\":1000,\"height\":1000,\"caption\":\"Oslo H\u00f8yre\"},\"image\":{\"@id\":\"https:\/\/hoyre.no\/oslo\/#\/schema\/logo\/image\/\"},\"sameAs\":[\"https:\/\/www.facebook.com\/oslo.hoyre\"]}]}<\/script>\n<!-- \/ Yoast SEO Premium plugin. -->","yoast_head_json":{"title":"En bydelsreform som styrker lokaldemokratiet - Oslo H\u00f8yre","robots":{"index":"index","follow":"follow","max-snippet":"max-snippet:-1","max-image-preview":"max-image-preview:large","max-video-preview":"max-video-preview:-1"},"canonical":"https:\/\/hoyre.no\/oslo\/en-bydelsreform-som-styrker-lokaldemokratiet\/","og_locale":"nb_NO","og_type":"article","og_title":"En bydelsreform som styrker lokaldemokratiet","og_url":"https:\/\/hoyre.no\/oslo\/en-bydelsreform-som-styrker-lokaldemokratiet\/","og_site_name":"Oslo H\u00f8yre","article_publisher":"https:\/\/www.facebook.com\/oslo.hoyre","article_modified_time":"2026-01-26T08:56:23+00:00","og_image":[{"width":1000,"height":1000,"url":"https:\/\/hoyre.no\/content\/uploads\/sites\/408\/2022\/11\/Hoyres-logo.png","type":"image\/png"}],"twitter_card":"summary_large_image","twitter_misc":{"Ansl. lesetid":"2 minutter"},"schema":{"@context":"https:\/\/schema.org","@graph":[{"@type":"WebPage","@id":"https:\/\/hoyre.no\/oslo\/en-bydelsreform-som-styrker-lokaldemokratiet\/","url":"https:\/\/hoyre.no\/oslo\/en-bydelsreform-som-styrker-lokaldemokratiet\/","name":"En bydelsreform som styrker lokaldemokratiet - Oslo H\u00f8yre","isPartOf":{"@id":"https:\/\/hoyre.no\/oslo\/#website"},"datePublished":"2026-01-24T15:58:28+00:00","dateModified":"2026-01-26T08:56:23+00:00","breadcrumb":{"@id":"https:\/\/hoyre.no\/oslo\/en-bydelsreform-som-styrker-lokaldemokratiet\/#breadcrumb"},"inLanguage":"nb-NO","potentialAction":[{"@type":"ReadAction","target":["https:\/\/hoyre.no\/oslo\/en-bydelsreform-som-styrker-lokaldemokratiet\/"]}]},{"@type":"BreadcrumbList","@id":"https:\/\/hoyre.no\/oslo\/en-bydelsreform-som-styrker-lokaldemokratiet\/#breadcrumb","itemListElement":[{"@type":"ListItem","position":1,"name":"Til hoyre.no","item":"https:\/\/hoyre.no"},{"@type":"ListItem","position":2,"name":"Hjem","item":"https:\/\/hoyre.no\/oslo\/"},{"@type":"ListItem","position":3,"name":"En bydelsreform som styrker lokaldemokratiet"}]},{"@type":"WebSite","@id":"https:\/\/hoyre.no\/oslo\/#website","url":"https:\/\/hoyre.no\/oslo\/","name":"Oslo H\u00f8yre","description":"","publisher":{"@id":"https:\/\/hoyre.no\/oslo\/#organization"},"inLanguage":"nb-NO"},{"@type":"Organization","@id":"https:\/\/hoyre.no\/oslo\/#organization","name":"Oslo H\u00f8yre","url":"https:\/\/hoyre.no\/oslo\/","logo":{"@type":"ImageObject","inLanguage":"nb-NO","@id":"https:\/\/hoyre.no\/oslo\/#\/schema\/logo\/image\/","url":"https:\/\/hoyre.no\/content\/uploads\/sites\/408\/2022\/11\/Hoyres-logo.png","contentUrl":"https:\/\/hoyre.no\/content\/uploads\/sites\/408\/2022\/11\/Hoyres-logo.png","width":1000,"height":1000,"caption":"Oslo H\u00f8yre"},"image":{"@id":"https:\/\/hoyre.no\/oslo\/#\/schema\/logo\/image\/"},"sameAs":["https:\/\/www.facebook.com\/oslo.hoyre"]}]}},"distributor_meta":false,"distributor_terms":false,"distributor_media":false,"distributor_original_site_name":"Oslo H\u00f8yre","distributor_original_site_url":"https:\/\/hoyre.no\/oslo","push-errors":false,"_links":{"self":[{"href":"https:\/\/hoyre.no\/oslo\/wp-json\/wp\/v2\/pages\/9708","targetHints":{"allow":["GET"]}}],"collection":[{"href":"https:\/\/hoyre.no\/oslo\/wp-json\/wp\/v2\/pages"}],"about":[{"href":"https:\/\/hoyre.no\/oslo\/wp-json\/wp\/v2\/types\/page"}],"author":[{"embeddable":true,"href":"https:\/\/hoyre.no\/oslo\/wp-json\/wp\/v2\/users\/11570"}],"replies":[{"embeddable":true,"href":"https:\/\/hoyre.no\/oslo\/wp-json\/wp\/v2\/comments?post=9708"}],"version-history":[{"count":1,"href":"https:\/\/hoyre.no\/oslo\/wp-json\/wp\/v2\/pages\/9708\/revisions"}],"predecessor-version":[{"id":9709,"href":"https:\/\/hoyre.no\/oslo\/wp-json\/wp\/v2\/pages\/9708\/revisions\/9709"}],"wp:attachment":[{"href":"https:\/\/hoyre.no\/oslo\/wp-json\/wp\/v2\/media?parent=9708"}],"curies":[{"name":"wp","href":"https:\/\/api.w.org\/{rel}","templated":true}]}}