{"id":9710,"date":"2026-01-24T17:00:03","date_gmt":"2026-01-24T16:00:03","guid":{"rendered":"https:\/\/hoyre.no\/oslo\/?page_id=9710"},"modified":"2026-01-26T09:56:06","modified_gmt":"2026-01-26T08:56:06","slug":"offentlig-sektor-ma-omstilles-og-effektiviseres","status":"publish","type":"page","link":"https:\/\/hoyre.no\/oslo\/offentlig-sektor-ma-omstilles-og-effektiviseres\/","title":{"rendered":"Offentlig sektor m\u00e5 omstilles og effektiviseres"},"content":{"rendered":"\n<div class=\"wp-block-hoyre-hero with-image-gradient text-color-light  alignfull has-background \"><div class=\"hoyre-hero \"><h1 class=\"title\">Offentlig sektor m\u00e5 omstilles og effektiviseres<\/h1><\/div><\/div>\n\n\n\n\n<p><em>Bedre tjenester for f\u00e6rre penger!<\/em><\/p>\n\n\n\n<p>Kommuner og fylker har trangere \u00f8konomiske tider og mange kommuner m\u00e5 redusere utgiftene. Privat n\u00e6ringsliv har de siste \u00e5rene s\u00e6rlig redusert bemanningen innen administrasjon og st\u00f8ttefunksjoner basert p\u00e5 nye teknologiske l\u00f8sninger. Det enkleste vil v\u00e6re \u00e5 skj\u00e6re ned p\u00e5 tjenestetilbudet i stedet for \u00e5 effektivisere driften. Effektivisering b\u00f8r alltid vurderes f\u00f8r tjenestetilbudet forringes.&nbsp;&nbsp; Gjennom bruk av kunstig intelligens kan mange administrative og politiske beslutningsprosesser effektiviseres. Det gjelder blant annet produksjon av saksunderlag, m\u00f8tereferater og andre elementer i demokratiske og byr\u00e5kratiske prosesser som er n\u00f8dvendige i en rettsstat.<\/p>\n\n\n\n<p><strong>Oslo H\u00f8yre vil:<\/strong><\/p>\n\n\n\n<ul class=\"wp-block-list\">\n<li>Sammenligne de administrative kostnadene i ulike deler av offentlig tjenesteproduksjon p\u00e5 tvers av kommuner, fylke og stat. Resultatene av slike analyser skal synliggj\u00f8res for skattebetalerne.<\/li>\n\n\n\n<li>Ta i bruk nye omstillingstiltak som sluttpakker og oppsigelser. H\u00f8yre vil alltid foretrekke frivillige ordninger og naturlig avgang.<\/li>\n\n\n\n<li>Initiere nye effektiviseringsgjennomganger i offentlig sektor med jevne mellomrom.<\/li>\n\n\n\n<li>Fastsette \u00e5rlige m\u00e5l for reduksjon i administrative \u00e5rsverk, kombinert med \u00f8kt lederansvar for omstilling og kompetanseomdisponering. Resultatene skal offentligj\u00f8res.<\/li>\n\n\n\n<li>Flytte ressurser innen offentlig tjenesteyting n\u00e5r befolkningsutviklingen og endret behov tilsier det.<\/li>\n\n\n\n<li>Sl\u00e5 sammen kommuner der dette gir bedre tjenester og mer effektiv drift, og styrke de \u00f8konomiske insentivene.<\/li>\n\n\n\n<li>Nedlegge fylkeskommunen som et un\u00f8dvendig forvaltningsniv\u00e5.<\/li>\n\n\n\n<li>Intensivere arbeidet med automatisering av saksbehandling i offentlig sektor, blant annet gjennom digitale hjelpemidler og KI-l\u00f8sninger.<\/li>\n<\/ul>\n\n\n\n<p>Byr\u00e5det i Oslo har initiert et effektiviseringsprogram hvor alle deler av kommunal virksomhet i l\u00f8pet av 2025 er blitt gjennomg\u00e5tt og effektiviseringstiltak er blitt identifisert. Det er ogs\u00e5 vedtatt en skolebehovsplan som vil spare betydelige investeringsmidler, og det er iverksatt en bydelsreform.<\/p>\n\n\n\n<p><strong>Oslo H\u00f8yre vil:<\/strong><\/p>\n\n\n\n<ul class=\"wp-block-list\">\n<li>Ved omorganiseringer; innf\u00f8re stillingsstopp i enkelte stillingskategorier som f\u00e5r mange overtallige.<\/li>\n\n\n\n<li>Gjennomf\u00f8re bydelsreformen med sikte p\u00e5 ogs\u00e5 \u00e5 oppn\u00e5 effektiviseringsgevinster. Et anslag for slike gevinster b\u00f8r offentliggj\u00f8res som del av reformen.<\/li>\n\n\n\n<li>Innf\u00f8re en handlingsregel for \u00e5 sikre en \u00f8konomisk b\u00e6rekraftig kommune\u00f8konomi.<\/li>\n\n\n\n<li>Innf\u00f8re et prinsipp om at nye kommunale rutiner, handlingsplaner og rapporteringskrav kun kan innf\u00f8res dersom tilsvarende krav avvikles.<\/li>\n<\/ul>\n\n","protected":false},"excerpt":{"rendered":"","protected":false},"author":11570,"featured_media":0,"parent":0,"menu_order":0,"comment_status":"closed","ping_status":"closed","template":"","meta":{"teft_cards_image_url":"","teft_cards_custom_pretitle":"","teft_cards_image_id":0,"teft_cards_image_focal_point_x":0,"teft_cards_image_focal_point_y":0,"teft_cards_title":"Offentlig sektor m\u00e5 omstilles og effektiviseres","teft_cards_excerpt":"","teft_show_chapters":false,"footnotes":""},"class_list":["post-9710","page","type-page","status-publish","hentry"],"yoast_head":"<!-- This site is optimized with the Yoast SEO Premium plugin v26.5 (Yoast SEO v26.6) - https:\/\/yoast.com\/wordpress\/plugins\/seo\/ -->\n<title>Offentlig sektor m\u00e5 omstilles og effektiviseres - Oslo H\u00f8yre<\/title>\n<meta name=\"robots\" content=\"index, follow, max-snippet:-1, max-image-preview:large, max-video-preview:-1\" \/>\n<link rel=\"canonical\" href=\"https:\/\/hoyre.no\/oslo\/offentlig-sektor-ma-omstilles-og-effektiviseres\/\" \/>\n<meta property=\"og:locale\" content=\"nb_NO\" \/>\n<meta property=\"og:type\" content=\"article\" \/>\n<meta property=\"og:title\" content=\"Offentlig sektor m\u00e5 omstilles og effektiviseres\" \/>\n<meta property=\"og:url\" content=\"https:\/\/hoyre.no\/oslo\/offentlig-sektor-ma-omstilles-og-effektiviseres\/\" \/>\n<meta property=\"og:site_name\" content=\"Oslo H\u00f8yre\" \/>\n<meta property=\"article:publisher\" content=\"https:\/\/www.facebook.com\/oslo.hoyre\" \/>\n<meta property=\"article:modified_time\" content=\"2026-01-26T08:56:06+00:00\" \/>\n<meta property=\"og:image\" content=\"https:\/\/hoyre.no\/content\/uploads\/sites\/408\/2022\/11\/Hoyres-logo.png\" \/>\n\t<meta property=\"og:image:width\" content=\"1000\" \/>\n\t<meta property=\"og:image:height\" content=\"1000\" \/>\n\t<meta property=\"og:image:type\" content=\"image\/png\" \/>\n<meta name=\"twitter:card\" content=\"summary_large_image\" \/>\n<meta name=\"twitter:label1\" content=\"Ansl. lesetid\" \/>\n\t<meta name=\"twitter:data1\" content=\"2 minutter\" \/>\n<script type=\"application\/ld+json\" class=\"yoast-schema-graph\">{\"@context\":\"https:\/\/schema.org\",\"@graph\":[{\"@type\":\"WebPage\",\"@id\":\"https:\/\/hoyre.no\/oslo\/offentlig-sektor-ma-omstilles-og-effektiviseres\/\",\"url\":\"https:\/\/hoyre.no\/oslo\/offentlig-sektor-ma-omstilles-og-effektiviseres\/\",\"name\":\"Offentlig sektor m\u00e5 omstilles og effektiviseres - Oslo H\u00f8yre\",\"isPartOf\":{\"@id\":\"https:\/\/hoyre.no\/oslo\/#website\"},\"datePublished\":\"2026-01-24T16:00:03+00:00\",\"dateModified\":\"2026-01-26T08:56:06+00:00\",\"breadcrumb\":{\"@id\":\"https:\/\/hoyre.no\/oslo\/offentlig-sektor-ma-omstilles-og-effektiviseres\/#breadcrumb\"},\"inLanguage\":\"nb-NO\",\"potentialAction\":[{\"@type\":\"ReadAction\",\"target\":[\"https:\/\/hoyre.no\/oslo\/offentlig-sektor-ma-omstilles-og-effektiviseres\/\"]}]},{\"@type\":\"BreadcrumbList\",\"@id\":\"https:\/\/hoyre.no\/oslo\/offentlig-sektor-ma-omstilles-og-effektiviseres\/#breadcrumb\",\"itemListElement\":[{\"@type\":\"ListItem\",\"position\":1,\"name\":\"Til hoyre.no\",\"item\":\"https:\/\/hoyre.no\"},{\"@type\":\"ListItem\",\"position\":2,\"name\":\"Hjem\",\"item\":\"https:\/\/hoyre.no\/oslo\/\"},{\"@type\":\"ListItem\",\"position\":3,\"name\":\"Offentlig sektor m\u00e5 omstilles og effektiviseres\"}]},{\"@type\":\"WebSite\",\"@id\":\"https:\/\/hoyre.no\/oslo\/#website\",\"url\":\"https:\/\/hoyre.no\/oslo\/\",\"name\":\"Oslo H\u00f8yre\",\"description\":\"\",\"publisher\":{\"@id\":\"https:\/\/hoyre.no\/oslo\/#organization\"},\"inLanguage\":\"nb-NO\"},{\"@type\":\"Organization\",\"@id\":\"https:\/\/hoyre.no\/oslo\/#organization\",\"name\":\"Oslo H\u00f8yre\",\"url\":\"https:\/\/hoyre.no\/oslo\/\",\"logo\":{\"@type\":\"ImageObject\",\"inLanguage\":\"nb-NO\",\"@id\":\"https:\/\/hoyre.no\/oslo\/#\/schema\/logo\/image\/\",\"url\":\"https:\/\/hoyre.no\/content\/uploads\/sites\/408\/2022\/11\/Hoyres-logo.png\",\"contentUrl\":\"https:\/\/hoyre.no\/content\/uploads\/sites\/408\/2022\/11\/Hoyres-logo.png\",\"width\":1000,\"height\":1000,\"caption\":\"Oslo H\u00f8yre\"},\"image\":{\"@id\":\"https:\/\/hoyre.no\/oslo\/#\/schema\/logo\/image\/\"},\"sameAs\":[\"https:\/\/www.facebook.com\/oslo.hoyre\"]}]}<\/script>\n<!-- \/ Yoast SEO Premium plugin. -->","yoast_head_json":{"title":"Offentlig sektor m\u00e5 omstilles og effektiviseres - Oslo H\u00f8yre","robots":{"index":"index","follow":"follow","max-snippet":"max-snippet:-1","max-image-preview":"max-image-preview:large","max-video-preview":"max-video-preview:-1"},"canonical":"https:\/\/hoyre.no\/oslo\/offentlig-sektor-ma-omstilles-og-effektiviseres\/","og_locale":"nb_NO","og_type":"article","og_title":"Offentlig sektor m\u00e5 omstilles og effektiviseres","og_url":"https:\/\/hoyre.no\/oslo\/offentlig-sektor-ma-omstilles-og-effektiviseres\/","og_site_name":"Oslo H\u00f8yre","article_publisher":"https:\/\/www.facebook.com\/oslo.hoyre","article_modified_time":"2026-01-26T08:56:06+00:00","og_image":[{"width":1000,"height":1000,"url":"https:\/\/hoyre.no\/content\/uploads\/sites\/408\/2022\/11\/Hoyres-logo.png","type":"image\/png"}],"twitter_card":"summary_large_image","twitter_misc":{"Ansl. lesetid":"2 minutter"},"schema":{"@context":"https:\/\/schema.org","@graph":[{"@type":"WebPage","@id":"https:\/\/hoyre.no\/oslo\/offentlig-sektor-ma-omstilles-og-effektiviseres\/","url":"https:\/\/hoyre.no\/oslo\/offentlig-sektor-ma-omstilles-og-effektiviseres\/","name":"Offentlig sektor m\u00e5 omstilles og effektiviseres - Oslo H\u00f8yre","isPartOf":{"@id":"https:\/\/hoyre.no\/oslo\/#website"},"datePublished":"2026-01-24T16:00:03+00:00","dateModified":"2026-01-26T08:56:06+00:00","breadcrumb":{"@id":"https:\/\/hoyre.no\/oslo\/offentlig-sektor-ma-omstilles-og-effektiviseres\/#breadcrumb"},"inLanguage":"nb-NO","potentialAction":[{"@type":"ReadAction","target":["https:\/\/hoyre.no\/oslo\/offentlig-sektor-ma-omstilles-og-effektiviseres\/"]}]},{"@type":"BreadcrumbList","@id":"https:\/\/hoyre.no\/oslo\/offentlig-sektor-ma-omstilles-og-effektiviseres\/#breadcrumb","itemListElement":[{"@type":"ListItem","position":1,"name":"Til hoyre.no","item":"https:\/\/hoyre.no"},{"@type":"ListItem","position":2,"name":"Hjem","item":"https:\/\/hoyre.no\/oslo\/"},{"@type":"ListItem","position":3,"name":"Offentlig sektor m\u00e5 omstilles og effektiviseres"}]},{"@type":"WebSite","@id":"https:\/\/hoyre.no\/oslo\/#website","url":"https:\/\/hoyre.no\/oslo\/","name":"Oslo H\u00f8yre","description":"","publisher":{"@id":"https:\/\/hoyre.no\/oslo\/#organization"},"inLanguage":"nb-NO"},{"@type":"Organization","@id":"https:\/\/hoyre.no\/oslo\/#organization","name":"Oslo H\u00f8yre","url":"https:\/\/hoyre.no\/oslo\/","logo":{"@type":"ImageObject","inLanguage":"nb-NO","@id":"https:\/\/hoyre.no\/oslo\/#\/schema\/logo\/image\/","url":"https:\/\/hoyre.no\/content\/uploads\/sites\/408\/2022\/11\/Hoyres-logo.png","contentUrl":"https:\/\/hoyre.no\/content\/uploads\/sites\/408\/2022\/11\/Hoyres-logo.png","width":1000,"height":1000,"caption":"Oslo H\u00f8yre"},"image":{"@id":"https:\/\/hoyre.no\/oslo\/#\/schema\/logo\/image\/"},"sameAs":["https:\/\/www.facebook.com\/oslo.hoyre"]}]}},"distributor_meta":false,"distributor_terms":false,"distributor_media":false,"distributor_original_site_name":"Oslo H\u00f8yre","distributor_original_site_url":"https:\/\/hoyre.no\/oslo","push-errors":false,"_links":{"self":[{"href":"https:\/\/hoyre.no\/oslo\/wp-json\/wp\/v2\/pages\/9710","targetHints":{"allow":["GET"]}}],"collection":[{"href":"https:\/\/hoyre.no\/oslo\/wp-json\/wp\/v2\/pages"}],"about":[{"href":"https:\/\/hoyre.no\/oslo\/wp-json\/wp\/v2\/types\/page"}],"author":[{"embeddable":true,"href":"https:\/\/hoyre.no\/oslo\/wp-json\/wp\/v2\/users\/11570"}],"replies":[{"embeddable":true,"href":"https:\/\/hoyre.no\/oslo\/wp-json\/wp\/v2\/comments?post=9710"}],"version-history":[{"count":1,"href":"https:\/\/hoyre.no\/oslo\/wp-json\/wp\/v2\/pages\/9710\/revisions"}],"predecessor-version":[{"id":9711,"href":"https:\/\/hoyre.no\/oslo\/wp-json\/wp\/v2\/pages\/9710\/revisions\/9711"}],"wp:attachment":[{"href":"https:\/\/hoyre.no\/oslo\/wp-json\/wp\/v2\/media?parent=9710"}],"curies":[{"name":"wp","href":"https:\/\/api.w.org\/{rel}","templated":true}]}}