{"id":9712,"date":"2026-01-24T17:05:21","date_gmt":"2026-01-24T16:05:21","guid":{"rendered":"https:\/\/hoyre.no\/oslo\/?page_id=9712"},"modified":"2026-01-26T09:54:42","modified_gmt":"2026-01-26T08:54:42","slug":"en-friere-hovedstad-ti-ting-oslo-hoyre-vil-si-ja-til","status":"publish","type":"page","link":"https:\/\/hoyre.no\/oslo\/en-friere-hovedstad-ti-ting-oslo-hoyre-vil-si-ja-til\/","title":{"rendered":"En friere hovedstad: Ti ting Oslo H\u00f8yre vil si ja til"},"content":{"rendered":"\n<div class=\"wp-block-hoyre-hero with-image-gradient text-color-light  alignfull has-background \"><div class=\"hoyre-hero \"><h1 class=\"title\"><strong>En friere hovedstad: Ti ting Oslo H\u00f8yre vil si ja til<\/strong><\/h1><p class=\"preamble\">Vedtatt p\u00e5 Oslo H\u00f8yres \u00e5rsm\u00f8te 2026.<\/p><\/div><\/div>\n\n\n\n\n<p>I Norge har det over tid kommet stadig flere forbud, p\u00e5bud og mer detaljstyring av hverdagen. Oslo H\u00f8yre mener det skal v\u00e6re grenser for politikk, og for hvor mye myndighetene b\u00f8r gripe inn i innbyggernes liv. Et samfunn der mennesker f\u00e5r frihet til \u00e5 ta egne valg, er ogs\u00e5 et samfunn der flere tar ansvar \u2013 for seg selv, for sine n\u00e6rmeste og for samfunnet.<\/p>\n\n\n\n<p>Selv om noen forbud er sovende, er det uheldig at de likevel st\u00e5r i loven. Det svekker folks respekt for loven n\u00e5r vi har lover som ikke f\u00f8lges. Derfor vil Oslo H\u00f8yre redusere mengden forbud og p\u00e5bud i byen, og herunder tillate:<\/p>\n\n\n\n<h3 class=\"wp-block-heading\" id=\"h-1-at-julenissen-kan-dele-ut-pepperkaker-til-personer-under-18-ar\">1) At julenissen kan dele ut pepperkaker til personer under 18 \u00e5r<\/h3>\n\n\n\n<p>Regjeringens nye forbud mot markedsf\u00f8ring av usunn mat overfor barn g\u00e5r for langt. Forbudet omfatter b\u00e5de utdeling av smakspr\u00f8ver og \u00f8konomiske bidrag til arrangementer for barn og unge. Dersom en julenisse i en butikk skal dele ut pepperkaker, har dette n\u00e5 18 \u00e5rs aldersgrense. Forbudet gj\u00f8r det ogs\u00e5 krevende for bedrifter \u00e5 sponse lokale arrangementer for barn, for eksempel Norway Cup.<\/p>\n\n\n\n<p><strong>Oslo H\u00f8yre vil:<\/strong><\/p>\n\n\n\n<ul class=\"wp-block-list\">\n<li>Fjerne forbudet mot markedsf\u00f8ring av usunn mat mot personer under 18 \u00e5r.<\/li>\n<\/ul>\n\n\n\n<h3 class=\"wp-block-heading\" id=\"h-2-pils-i-park\">2) Pils i park<\/h3>\n\n\n\n<p>Alkoholloven sier at ingen kan drikke alkohol i en park uten bevilling fra myndighetene. I Oslo h\u00e5ndheves forbudet i liten grad. Voksne som oppf\u00f8rer seg ordentlig, b\u00f8r f\u00e5 lov til \u00e5 ta seg en pils i parken uten at det skal v\u00e6re i strid med loven.<\/p>\n\n\n\n<p><strong>Oslo H\u00f8yre vil:<\/strong><\/p>\n\n\n\n<ul class=\"wp-block-list\">\n<li>Oppheve forbudet mot konsum av alkohol i parker og p\u00e5 strender.<\/li>\n<\/ul>\n\n\n\n<h3 class=\"wp-block-heading\" id=\"h-3-kinovisninger-forestillinger-og-sportsstevner-pa-sondager-for-kl-13-00\">3) Kinovisninger, forestillinger og sportsstevner p\u00e5 s\u00f8ndager f\u00f8r kl. 13:00<\/h3>\n\n\n\n<p>If\u00f8lge helligdagsfredloven, er det ikke tillatt med offentlige tilstelninger, forestillinger, sportskonkurranser og sportsstevner mellom kl. 06 og kl. 13. Dette omfatter blant annet kinovisninger p\u00e5 s\u00f8ndager. Forbudet h\u00e5ndheves i liten grad, og b\u00f8r avskaffes.<\/p>\n\n\n\n<p><strong>Oslo H\u00f8yre vil:<\/strong><\/p>\n\n\n\n<ul class=\"wp-block-list\">\n<li>\u00c5pne for kinovisninger, forestillinger, sportsstevner og andre arrangementer f\u00f8r kl. 13:00 p\u00e5 s\u00f8ndager.<\/li>\n<\/ul>\n\n\n\n<h3 class=\"wp-block-heading\" id=\"h-4-sondagsapne-butikker\">4) S\u00f8ndags\u00e5pne butikker<\/h3>\n\n\n\n<p>Helligdagsfredloven p\u00e5legger i utgangspunktet alle butikker \u00e5 holde stengt p\u00e5 s\u00f8ndager. Selv om det finnes flere unntakskriterier, gir loven en rekke merkelige utslag. Loven gir for eksempel ikke adgang til s\u00f8ndags\u00e5pne butikker langs Karl Johans gate, til tross for at det er Oslos mest prominente handle- og turistgate. S\u00f8ndags\u00e5pne butikker er et godt tiltak for n\u00e6ringslivet og for \u00e5 styrke enkeltmenneskets frihet og bidra til en \u00e5pnere og vennligere by.<\/p>\n\n\n\n<p><strong>Oslo H\u00f8yre vil:<\/strong><\/p>\n\n\n\n<ul class=\"wp-block-list\">\n<li>Oppheve forbudet mot s\u00f8ndags\u00e5pne butikker.<\/li>\n\n\n\n<li>Fjerne de s\u00e6regne lukketidene i butikk p\u00e5 dagen f\u00f8r helligdager.<\/li>\n\n\n\n<li>At butikkene m\u00e5 kunne selge \u00f8l i hele sin ordin\u00e6re \u00e5pningstid p\u00e5 hverdager og l\u00f8rdager.<\/li>\n<\/ul>\n\n\n\n<h3 class=\"wp-block-heading\" id=\"h-5-en-norskopplaering-en-eksamen\">5) \u00c9n norskoppl\u00e6ring &#8211; \u00c9n eksamen<\/h3>\n\n\n\n<p>Dagens ordning med hovedm\u00e5l og sidem\u00e5l b\u00f8r erstattes av en samlet norskoppl\u00e6ring. Elevene skal ha gode kunnskaper i b\u00e5de bokm\u00e5l og nynorsk innenfor faget norsk, men vurderes samlet med en avsluttende eksamen. Norge har to offisielle skriftspr\u00e5k, og det er viktig at elever b\u00e5de l\u00e6rer og kjenner til begge m\u00e5lformer. Det m\u00e5 derfor gj\u00f8res plass til sidem\u00e5lsundervisning som en del av norskundervisningen.<\/p>\n\n\n\n<p><strong>Oslo H\u00f8yre vil:<\/strong><\/p>\n\n\n\n<ul class=\"wp-block-list\">\n<li>Sl\u00e5 sammen hovedm\u00e5l og sidem\u00e5l til ett fag: norsk.<\/li>\n\n\n\n<li>Fjerne egne standpunktkarakterer og eksamen i sidem\u00e5l.<\/li>\n<\/ul>\n\n\n\n<h3 class=\"wp-block-heading\" id=\"h-6-oppmykning-av-normen-for-sykkelparkering\">6) Oppmykning av normen for sykkelparkering<\/h3>\n\n\n\n<p>Oslo kommunes parkeringsnorm legger opp til at det m\u00e5 etableres sykkelparkeringsplasser som ikke er etterspurt. Oslo H\u00f8yre mener at normen b\u00f8r mykes opp, slik at man heller kan vurdere antallet sykkelparkeringsplasser fra prosjekt til prosjekt.<\/p>\n\n\n\n<p><strong>Oslo H\u00f8yre vil:<\/strong><\/p>\n\n\n\n<ul class=\"wp-block-list\">\n<li>Myke opp sykkelparkeringsnormen.<\/li>\n<\/ul>\n\n\n\n<h3 class=\"wp-block-heading\" id=\"h-7-enklere-etablering-av-friskoler\">7) Enklere etablering av friskoler<\/h3>\n\n\n\n<p>St\u00f8re-regjeringen innf\u00f8rte en innstramming i loven som fjernet muligheten for \u00e5 godkjenne skoler med s\u00e6rskilt profil, slik det var mulig etter Solberg-regjeringens lovendring i 2015. Med disse endringene ble muligheten til \u00e5 opprette profilskoler, som skoler med et s\u00e6rskilt faglig eller pedagogisk fokus som for eksempel idrett, realfag, spr\u00e5k eller kultur, i praksis avviklet.<\/p>\n\n\n\n<p><strong>Oslo H\u00f8yre vil:<\/strong><\/p>\n\n\n\n<ul class=\"wp-block-list\">\n<li>Gjeninnf\u00f8re muligheten til \u00e5 etablere profilskoler med s\u00e6rskilte faglige eller pedagogiske profiler.<\/li>\n<\/ul>\n\n\n\n<h3 class=\"wp-block-heading\" id=\"h-8-private-pokerspill\">8) Private pokerspill<\/h3>\n\n\n\n<p>Det er i dag forbudt \u00e5 invitere til pokerlag utenfor hjemmet, for eksempel p\u00e5 det lokale grendehuset, eller \u00e5 samle 21 stykker for \u00e5 spille poker, selv om ingen tjener penger og spillet ikke har et profesjonelt preg. Det er n\u00f8dvendig \u00e5 regulere profesjonelle pengespill, men et for rigid regelverk for pokerspill kan virke mot sin hensikt, ettersom spillere da vil bli henvist til nettsider uten tillatelse til \u00e5 tilby pengespill i Norge eller undergrunnsklubber.<\/p>\n\n\n\n<p><strong>Oslo H\u00f8yre vil:<\/strong><\/p>\n\n\n\n<ul class=\"wp-block-list\">\n<li>Myke opp pengespilloven og tilh\u00f8rende forskrift slik at det blir enklere \u00e5 spille poker privat, s\u00e5 lenge spillet ikke har et profesjonelt preg.<\/li>\n<\/ul>\n\n\n\n<h3 class=\"wp-block-heading\" id=\"h-9-ytterligere-oppmyking-av-leilighetsnormen\">9) Ytterligere oppmyking av leilighetsnormen<\/h3>\n\n\n\n<p>Det er bra at det borgerlige byr\u00e5det har liberalisert leilighetsnormen, men den kan mykes ytterligere opp for \u00e5 tilpasse leilighetsfordelingen enda bedre til hva markedet ettersp\u00f8r. Variasjon i leilighetstyper og st\u00f8rrelser er likevel viktig. Studentboligprosjekter m\u00e5 i st\u00f8rre grad kunne f\u00e5 dispensasjon fra st\u00f8ykrav og krav til universell utforming i byggeteknisk forskrift<\/p>\n\n\n\n<p><strong>Oslo H\u00f8yre vil:<\/strong><\/p>\n\n\n\n<ul class=\"wp-block-list\">\n<li>Gj\u00f8re leilighetsnormen enda mer fleksibel.<\/li>\n\n\n\n<li>\u00c5pne for \u00e5 bygge mer i h\u00f8yden.<\/li>\n<\/ul>\n\n\n\n<h3 class=\"wp-block-heading\" id=\"h-10-at-restauranter-og-serveringssteder-kan-benytte-tomme-vinflasker-som-lysestaker-og-reklamere-med-bilder-av-alkohol\">10) At restauranter og serveringssteder kan benytte tomme vinflasker som lysestaker og reklamere med bilder av alkohol<\/h3>\n\n\n\n<p>Forbudet mot alkoholreklame er strengt, og h\u00e5ndheves i mange tilfeller sv\u00e6rt firkantet. Blant annet har det v\u00e6rt sl\u00e5tt ned p\u00e5 serveringssteder som har benyttet vinflasker som lysestaker, eller som har hatt bilder av \u00f8l og vin i lokalet. Disse reglene b\u00f8r mykes opp og h\u00e5ndheves p\u00e5 en forutsigbar m\u00e5te.<\/p>\n\n\n\n<p><strong>Oslo H\u00f8yre vil:<\/strong><\/p>\n\n\n\n<ul class=\"wp-block-list\">\n<li>Myke opp forbudet mot alkoholreklame.<\/li>\n<\/ul>\n\n","protected":false},"excerpt":{"rendered":"","protected":false},"author":11570,"featured_media":0,"parent":0,"menu_order":0,"comment_status":"closed","ping_status":"closed","template":"","meta":{"teft_cards_image_url":"","teft_cards_custom_pretitle":"","teft_cards_image_id":0,"teft_cards_image_focal_point_x":0,"teft_cards_image_focal_point_y":0,"teft_cards_title":"En friere hovedstad: Ti ting Oslo H\u00f8yre vil si ja til","teft_cards_excerpt":"","teft_show_chapters":false,"footnotes":""},"class_list":["post-9712","page","type-page","status-publish","hentry"],"yoast_head":"<!-- This site is optimized with the Yoast SEO Premium plugin v26.5 (Yoast SEO v26.6) - https:\/\/yoast.com\/wordpress\/plugins\/seo\/ -->\n<title>En friere hovedstad: Ti ting Oslo H\u00f8yre vil si ja til - Oslo H\u00f8yre<\/title>\n<meta name=\"robots\" content=\"index, follow, max-snippet:-1, max-image-preview:large, max-video-preview:-1\" \/>\n<link rel=\"canonical\" href=\"https:\/\/hoyre.no\/oslo\/en-friere-hovedstad-ti-ting-oslo-hoyre-vil-si-ja-til\/\" \/>\n<meta property=\"og:locale\" content=\"nb_NO\" \/>\n<meta property=\"og:type\" content=\"article\" \/>\n<meta property=\"og:title\" content=\"En friere hovedstad: Ti ting Oslo H\u00f8yre vil si ja til\" \/>\n<meta property=\"og:url\" content=\"https:\/\/hoyre.no\/oslo\/en-friere-hovedstad-ti-ting-oslo-hoyre-vil-si-ja-til\/\" \/>\n<meta property=\"og:site_name\" content=\"Oslo H\u00f8yre\" \/>\n<meta property=\"article:publisher\" content=\"https:\/\/www.facebook.com\/oslo.hoyre\" \/>\n<meta property=\"article:modified_time\" content=\"2026-01-26T08:54:42+00:00\" \/>\n<meta property=\"og:image\" content=\"https:\/\/hoyre.no\/content\/uploads\/sites\/408\/2022\/11\/Hoyres-logo.png\" \/>\n\t<meta property=\"og:image:width\" content=\"1000\" \/>\n\t<meta property=\"og:image:height\" content=\"1000\" \/>\n\t<meta property=\"og:image:type\" content=\"image\/png\" \/>\n<meta name=\"twitter:card\" content=\"summary_large_image\" \/>\n<meta name=\"twitter:label1\" content=\"Ansl. lesetid\" \/>\n\t<meta name=\"twitter:data1\" content=\"5 minutter\" \/>\n<script type=\"application\/ld+json\" class=\"yoast-schema-graph\">{\"@context\":\"https:\/\/schema.org\",\"@graph\":[{\"@type\":\"WebPage\",\"@id\":\"https:\/\/hoyre.no\/oslo\/en-friere-hovedstad-ti-ting-oslo-hoyre-vil-si-ja-til\/\",\"url\":\"https:\/\/hoyre.no\/oslo\/en-friere-hovedstad-ti-ting-oslo-hoyre-vil-si-ja-til\/\",\"name\":\"En friere hovedstad: Ti ting Oslo H\u00f8yre vil si ja til - Oslo H\u00f8yre\",\"isPartOf\":{\"@id\":\"https:\/\/hoyre.no\/oslo\/#website\"},\"datePublished\":\"2026-01-24T16:05:21+00:00\",\"dateModified\":\"2026-01-26T08:54:42+00:00\",\"breadcrumb\":{\"@id\":\"https:\/\/hoyre.no\/oslo\/en-friere-hovedstad-ti-ting-oslo-hoyre-vil-si-ja-til\/#breadcrumb\"},\"inLanguage\":\"nb-NO\",\"potentialAction\":[{\"@type\":\"ReadAction\",\"target\":[\"https:\/\/hoyre.no\/oslo\/en-friere-hovedstad-ti-ting-oslo-hoyre-vil-si-ja-til\/\"]}]},{\"@type\":\"BreadcrumbList\",\"@id\":\"https:\/\/hoyre.no\/oslo\/en-friere-hovedstad-ti-ting-oslo-hoyre-vil-si-ja-til\/#breadcrumb\",\"itemListElement\":[{\"@type\":\"ListItem\",\"position\":1,\"name\":\"Til hoyre.no\",\"item\":\"https:\/\/hoyre.no\"},{\"@type\":\"ListItem\",\"position\":2,\"name\":\"Hjem\",\"item\":\"https:\/\/hoyre.no\/oslo\/\"},{\"@type\":\"ListItem\",\"position\":3,\"name\":\"En friere hovedstad: Ti ting Oslo H\u00f8yre vil si ja til\"}]},{\"@type\":\"WebSite\",\"@id\":\"https:\/\/hoyre.no\/oslo\/#website\",\"url\":\"https:\/\/hoyre.no\/oslo\/\",\"name\":\"Oslo H\u00f8yre\",\"description\":\"\",\"publisher\":{\"@id\":\"https:\/\/hoyre.no\/oslo\/#organization\"},\"inLanguage\":\"nb-NO\"},{\"@type\":\"Organization\",\"@id\":\"https:\/\/hoyre.no\/oslo\/#organization\",\"name\":\"Oslo H\u00f8yre\",\"url\":\"https:\/\/hoyre.no\/oslo\/\",\"logo\":{\"@type\":\"ImageObject\",\"inLanguage\":\"nb-NO\",\"@id\":\"https:\/\/hoyre.no\/oslo\/#\/schema\/logo\/image\/\",\"url\":\"https:\/\/hoyre.no\/content\/uploads\/sites\/408\/2022\/11\/Hoyres-logo.png\",\"contentUrl\":\"https:\/\/hoyre.no\/content\/uploads\/sites\/408\/2022\/11\/Hoyres-logo.png\",\"width\":1000,\"height\":1000,\"caption\":\"Oslo H\u00f8yre\"},\"image\":{\"@id\":\"https:\/\/hoyre.no\/oslo\/#\/schema\/logo\/image\/\"},\"sameAs\":[\"https:\/\/www.facebook.com\/oslo.hoyre\"]}]}<\/script>\n<!-- \/ Yoast SEO Premium plugin. -->","yoast_head_json":{"title":"En friere hovedstad: Ti ting Oslo H\u00f8yre vil si ja til - Oslo H\u00f8yre","robots":{"index":"index","follow":"follow","max-snippet":"max-snippet:-1","max-image-preview":"max-image-preview:large","max-video-preview":"max-video-preview:-1"},"canonical":"https:\/\/hoyre.no\/oslo\/en-friere-hovedstad-ti-ting-oslo-hoyre-vil-si-ja-til\/","og_locale":"nb_NO","og_type":"article","og_title":"En friere hovedstad: Ti ting Oslo H\u00f8yre vil si ja til","og_url":"https:\/\/hoyre.no\/oslo\/en-friere-hovedstad-ti-ting-oslo-hoyre-vil-si-ja-til\/","og_site_name":"Oslo H\u00f8yre","article_publisher":"https:\/\/www.facebook.com\/oslo.hoyre","article_modified_time":"2026-01-26T08:54:42+00:00","og_image":[{"width":1000,"height":1000,"url":"https:\/\/hoyre.no\/content\/uploads\/sites\/408\/2022\/11\/Hoyres-logo.png","type":"image\/png"}],"twitter_card":"summary_large_image","twitter_misc":{"Ansl. lesetid":"5 minutter"},"schema":{"@context":"https:\/\/schema.org","@graph":[{"@type":"WebPage","@id":"https:\/\/hoyre.no\/oslo\/en-friere-hovedstad-ti-ting-oslo-hoyre-vil-si-ja-til\/","url":"https:\/\/hoyre.no\/oslo\/en-friere-hovedstad-ti-ting-oslo-hoyre-vil-si-ja-til\/","name":"En friere hovedstad: Ti ting Oslo H\u00f8yre vil si ja til - Oslo H\u00f8yre","isPartOf":{"@id":"https:\/\/hoyre.no\/oslo\/#website"},"datePublished":"2026-01-24T16:05:21+00:00","dateModified":"2026-01-26T08:54:42+00:00","breadcrumb":{"@id":"https:\/\/hoyre.no\/oslo\/en-friere-hovedstad-ti-ting-oslo-hoyre-vil-si-ja-til\/#breadcrumb"},"inLanguage":"nb-NO","potentialAction":[{"@type":"ReadAction","target":["https:\/\/hoyre.no\/oslo\/en-friere-hovedstad-ti-ting-oslo-hoyre-vil-si-ja-til\/"]}]},{"@type":"BreadcrumbList","@id":"https:\/\/hoyre.no\/oslo\/en-friere-hovedstad-ti-ting-oslo-hoyre-vil-si-ja-til\/#breadcrumb","itemListElement":[{"@type":"ListItem","position":1,"name":"Til hoyre.no","item":"https:\/\/hoyre.no"},{"@type":"ListItem","position":2,"name":"Hjem","item":"https:\/\/hoyre.no\/oslo\/"},{"@type":"ListItem","position":3,"name":"En friere hovedstad: Ti ting Oslo H\u00f8yre vil si ja til"}]},{"@type":"WebSite","@id":"https:\/\/hoyre.no\/oslo\/#website","url":"https:\/\/hoyre.no\/oslo\/","name":"Oslo H\u00f8yre","description":"","publisher":{"@id":"https:\/\/hoyre.no\/oslo\/#organization"},"inLanguage":"nb-NO"},{"@type":"Organization","@id":"https:\/\/hoyre.no\/oslo\/#organization","name":"Oslo H\u00f8yre","url":"https:\/\/hoyre.no\/oslo\/","logo":{"@type":"ImageObject","inLanguage":"nb-NO","@id":"https:\/\/hoyre.no\/oslo\/#\/schema\/logo\/image\/","url":"https:\/\/hoyre.no\/content\/uploads\/sites\/408\/2022\/11\/Hoyres-logo.png","contentUrl":"https:\/\/hoyre.no\/content\/uploads\/sites\/408\/2022\/11\/Hoyres-logo.png","width":1000,"height":1000,"caption":"Oslo H\u00f8yre"},"image":{"@id":"https:\/\/hoyre.no\/oslo\/#\/schema\/logo\/image\/"},"sameAs":["https:\/\/www.facebook.com\/oslo.hoyre"]}]}},"distributor_meta":false,"distributor_terms":false,"distributor_media":false,"distributor_original_site_name":"Oslo H\u00f8yre","distributor_original_site_url":"https:\/\/hoyre.no\/oslo","push-errors":false,"_links":{"self":[{"href":"https:\/\/hoyre.no\/oslo\/wp-json\/wp\/v2\/pages\/9712","targetHints":{"allow":["GET"]}}],"collection":[{"href":"https:\/\/hoyre.no\/oslo\/wp-json\/wp\/v2\/pages"}],"about":[{"href":"https:\/\/hoyre.no\/oslo\/wp-json\/wp\/v2\/types\/page"}],"author":[{"embeddable":true,"href":"https:\/\/hoyre.no\/oslo\/wp-json\/wp\/v2\/users\/11570"}],"replies":[{"embeddable":true,"href":"https:\/\/hoyre.no\/oslo\/wp-json\/wp\/v2\/comments?post=9712"}],"version-history":[{"count":1,"href":"https:\/\/hoyre.no\/oslo\/wp-json\/wp\/v2\/pages\/9712\/revisions"}],"predecessor-version":[{"id":9713,"href":"https:\/\/hoyre.no\/oslo\/wp-json\/wp\/v2\/pages\/9712\/revisions\/9713"}],"wp:attachment":[{"href":"https:\/\/hoyre.no\/oslo\/wp-json\/wp\/v2\/media?parent=9712"}],"curies":[{"name":"wp","href":"https:\/\/api.w.org\/{rel}","templated":true}]}}