{"id":9716,"date":"2026-01-24T17:07:23","date_gmt":"2026-01-24T16:07:23","guid":{"rendered":"https:\/\/hoyre.no\/oslo\/?page_id=9716"},"modified":"2026-01-26T09:55:15","modified_gmt":"2026-01-26T08:55:15","slug":"norge-ma-bli-medlem-i-eu","status":"publish","type":"page","link":"https:\/\/hoyre.no\/oslo\/norge-ma-bli-medlem-i-eu\/","title":{"rendered":"Norge m\u00e5 bli medlem i EU"},"content":{"rendered":"\n<div class=\"wp-block-hoyre-hero with-image-gradient text-color-light  alignfull has-background \"><div class=\"hoyre-hero \"><h1 class=\"title\"><strong>Norge m\u00e5 bli medlem i EU<\/strong><\/h1><p class=\"preamble\">Uttalelse, vedtatt p\u00e5 Oslo H\u00f8yres \u00e5rsm\u00f8te 2026.<\/p><\/div><\/div>\n\n\n\n\n<p><strong>EUs stadig tydeligere skille mellom medlemsland og land utenfor synliggj\u00f8r kostnadene ved norsk utenforskap. Oslo H\u00f8yre mener Norge m\u00e5 s\u00f8ke medlemskap i EU. Oslo H\u00f8yre mener det er s\u00e6rlig tre forhold som viser behovet for en ny folkeavstemning om EU.<\/strong><\/p>\n\n\n\n<p><strong>Styrket sikkerhet og beredskap. <\/strong>I en mer urolig verden tas avgj\u00f8rende beslutninger om energi, teknologi og beredskap i EU. Medlemskap styrker Norges sikkerhet og handlingsrom.<\/p>\n\n\n\n<p><strong>Innflytelse der beslutningene tas. <\/strong>Norge p\u00e5virkes fullt ut av EUs politikk, men mangler stemmerett. EU-medlemskap gir oss reell innflytelse i et Europa i rask endring.<\/p>\n\n\n\n<p><strong>Like vilk\u00e5r for norske arbeidsplasser. <\/strong>E\u00d8S er ikke lenger nok n\u00e5r EU skiller tydeligere mellom medlemmer og utenforland. Medlemskap sikrer konkurransekraft, like vilk\u00e5r og forutsigbarhet for norsk n\u00e6ringsliv.<\/p>\n\n\n\n<p>Norge er tett integrert i Europa, men st\u00e5r uten reell innflytelse. N\u00e5r rammene for sikkerhet, verdiskaping og beredskap endres raskt, er tiden inne for \u00e5 gi velgerne muligheten til \u00e5 ta stilling til fullt EU-medlemskap p\u00e5 nytt.<\/p>\n\n","protected":false},"excerpt":{"rendered":"","protected":false},"author":11570,"featured_media":0,"parent":0,"menu_order":0,"comment_status":"closed","ping_status":"closed","template":"","meta":{"teft_cards_image_url":"","teft_cards_custom_pretitle":"","teft_cards_image_id":0,"teft_cards_image_focal_point_x":0,"teft_cards_image_focal_point_y":0,"teft_cards_title":"Norge m\u00e5 bli medlem i EU","teft_cards_excerpt":"","teft_show_chapters":false,"footnotes":""},"class_list":["post-9716","page","type-page","status-publish","hentry"],"yoast_head":"<!-- This site is optimized with the Yoast SEO Premium plugin v26.5 (Yoast SEO v26.6) - https:\/\/yoast.com\/wordpress\/plugins\/seo\/ -->\n<title>Norge m\u00e5 bli medlem i EU - Oslo H\u00f8yre<\/title>\n<meta name=\"robots\" content=\"index, follow, max-snippet:-1, max-image-preview:large, max-video-preview:-1\" \/>\n<link rel=\"canonical\" href=\"https:\/\/hoyre.no\/oslo\/norge-ma-bli-medlem-i-eu\/\" \/>\n<meta property=\"og:locale\" content=\"nb_NO\" \/>\n<meta property=\"og:type\" content=\"article\" \/>\n<meta property=\"og:title\" content=\"Norge m\u00e5 bli medlem i EU\" \/>\n<meta property=\"og:url\" content=\"https:\/\/hoyre.no\/oslo\/norge-ma-bli-medlem-i-eu\/\" \/>\n<meta property=\"og:site_name\" content=\"Oslo H\u00f8yre\" \/>\n<meta property=\"article:publisher\" content=\"https:\/\/www.facebook.com\/oslo.hoyre\" \/>\n<meta property=\"article:modified_time\" content=\"2026-01-26T08:55:15+00:00\" \/>\n<meta property=\"og:image\" content=\"https:\/\/hoyre.no\/content\/uploads\/sites\/408\/2022\/11\/Hoyres-logo.png\" \/>\n\t<meta property=\"og:image:width\" content=\"1000\" \/>\n\t<meta property=\"og:image:height\" content=\"1000\" \/>\n\t<meta property=\"og:image:type\" content=\"image\/png\" \/>\n<meta name=\"twitter:card\" content=\"summary_large_image\" \/>\n<meta name=\"twitter:label1\" content=\"Ansl. lesetid\" \/>\n\t<meta name=\"twitter:data1\" content=\"1 minutt\" \/>\n<script type=\"application\/ld+json\" class=\"yoast-schema-graph\">{\"@context\":\"https:\/\/schema.org\",\"@graph\":[{\"@type\":\"WebPage\",\"@id\":\"https:\/\/hoyre.no\/oslo\/norge-ma-bli-medlem-i-eu\/\",\"url\":\"https:\/\/hoyre.no\/oslo\/norge-ma-bli-medlem-i-eu\/\",\"name\":\"Norge m\u00e5 bli medlem i EU - Oslo H\u00f8yre\",\"isPartOf\":{\"@id\":\"https:\/\/hoyre.no\/oslo\/#website\"},\"datePublished\":\"2026-01-24T16:07:23+00:00\",\"dateModified\":\"2026-01-26T08:55:15+00:00\",\"breadcrumb\":{\"@id\":\"https:\/\/hoyre.no\/oslo\/norge-ma-bli-medlem-i-eu\/#breadcrumb\"},\"inLanguage\":\"nb-NO\",\"potentialAction\":[{\"@type\":\"ReadAction\",\"target\":[\"https:\/\/hoyre.no\/oslo\/norge-ma-bli-medlem-i-eu\/\"]}]},{\"@type\":\"BreadcrumbList\",\"@id\":\"https:\/\/hoyre.no\/oslo\/norge-ma-bli-medlem-i-eu\/#breadcrumb\",\"itemListElement\":[{\"@type\":\"ListItem\",\"position\":1,\"name\":\"Til hoyre.no\",\"item\":\"https:\/\/hoyre.no\"},{\"@type\":\"ListItem\",\"position\":2,\"name\":\"Hjem\",\"item\":\"https:\/\/hoyre.no\/oslo\/\"},{\"@type\":\"ListItem\",\"position\":3,\"name\":\"Norge m\u00e5 bli medlem i EU\"}]},{\"@type\":\"WebSite\",\"@id\":\"https:\/\/hoyre.no\/oslo\/#website\",\"url\":\"https:\/\/hoyre.no\/oslo\/\",\"name\":\"Oslo H\u00f8yre\",\"description\":\"\",\"publisher\":{\"@id\":\"https:\/\/hoyre.no\/oslo\/#organization\"},\"inLanguage\":\"nb-NO\"},{\"@type\":\"Organization\",\"@id\":\"https:\/\/hoyre.no\/oslo\/#organization\",\"name\":\"Oslo H\u00f8yre\",\"url\":\"https:\/\/hoyre.no\/oslo\/\",\"logo\":{\"@type\":\"ImageObject\",\"inLanguage\":\"nb-NO\",\"@id\":\"https:\/\/hoyre.no\/oslo\/#\/schema\/logo\/image\/\",\"url\":\"https:\/\/hoyre.no\/content\/uploads\/sites\/408\/2022\/11\/Hoyres-logo.png\",\"contentUrl\":\"https:\/\/hoyre.no\/content\/uploads\/sites\/408\/2022\/11\/Hoyres-logo.png\",\"width\":1000,\"height\":1000,\"caption\":\"Oslo H\u00f8yre\"},\"image\":{\"@id\":\"https:\/\/hoyre.no\/oslo\/#\/schema\/logo\/image\/\"},\"sameAs\":[\"https:\/\/www.facebook.com\/oslo.hoyre\"]}]}<\/script>\n<!-- \/ Yoast SEO Premium plugin. -->","yoast_head_json":{"title":"Norge m\u00e5 bli medlem i EU - Oslo H\u00f8yre","robots":{"index":"index","follow":"follow","max-snippet":"max-snippet:-1","max-image-preview":"max-image-preview:large","max-video-preview":"max-video-preview:-1"},"canonical":"https:\/\/hoyre.no\/oslo\/norge-ma-bli-medlem-i-eu\/","og_locale":"nb_NO","og_type":"article","og_title":"Norge m\u00e5 bli medlem i EU","og_url":"https:\/\/hoyre.no\/oslo\/norge-ma-bli-medlem-i-eu\/","og_site_name":"Oslo H\u00f8yre","article_publisher":"https:\/\/www.facebook.com\/oslo.hoyre","article_modified_time":"2026-01-26T08:55:15+00:00","og_image":[{"width":1000,"height":1000,"url":"https:\/\/hoyre.no\/content\/uploads\/sites\/408\/2022\/11\/Hoyres-logo.png","type":"image\/png"}],"twitter_card":"summary_large_image","twitter_misc":{"Ansl. lesetid":"1 minutt"},"schema":{"@context":"https:\/\/schema.org","@graph":[{"@type":"WebPage","@id":"https:\/\/hoyre.no\/oslo\/norge-ma-bli-medlem-i-eu\/","url":"https:\/\/hoyre.no\/oslo\/norge-ma-bli-medlem-i-eu\/","name":"Norge m\u00e5 bli medlem i EU - Oslo H\u00f8yre","isPartOf":{"@id":"https:\/\/hoyre.no\/oslo\/#website"},"datePublished":"2026-01-24T16:07:23+00:00","dateModified":"2026-01-26T08:55:15+00:00","breadcrumb":{"@id":"https:\/\/hoyre.no\/oslo\/norge-ma-bli-medlem-i-eu\/#breadcrumb"},"inLanguage":"nb-NO","potentialAction":[{"@type":"ReadAction","target":["https:\/\/hoyre.no\/oslo\/norge-ma-bli-medlem-i-eu\/"]}]},{"@type":"BreadcrumbList","@id":"https:\/\/hoyre.no\/oslo\/norge-ma-bli-medlem-i-eu\/#breadcrumb","itemListElement":[{"@type":"ListItem","position":1,"name":"Til hoyre.no","item":"https:\/\/hoyre.no"},{"@type":"ListItem","position":2,"name":"Hjem","item":"https:\/\/hoyre.no\/oslo\/"},{"@type":"ListItem","position":3,"name":"Norge m\u00e5 bli medlem i EU"}]},{"@type":"WebSite","@id":"https:\/\/hoyre.no\/oslo\/#website","url":"https:\/\/hoyre.no\/oslo\/","name":"Oslo H\u00f8yre","description":"","publisher":{"@id":"https:\/\/hoyre.no\/oslo\/#organization"},"inLanguage":"nb-NO"},{"@type":"Organization","@id":"https:\/\/hoyre.no\/oslo\/#organization","name":"Oslo H\u00f8yre","url":"https:\/\/hoyre.no\/oslo\/","logo":{"@type":"ImageObject","inLanguage":"nb-NO","@id":"https:\/\/hoyre.no\/oslo\/#\/schema\/logo\/image\/","url":"https:\/\/hoyre.no\/content\/uploads\/sites\/408\/2022\/11\/Hoyres-logo.png","contentUrl":"https:\/\/hoyre.no\/content\/uploads\/sites\/408\/2022\/11\/Hoyres-logo.png","width":1000,"height":1000,"caption":"Oslo H\u00f8yre"},"image":{"@id":"https:\/\/hoyre.no\/oslo\/#\/schema\/logo\/image\/"},"sameAs":["https:\/\/www.facebook.com\/oslo.hoyre"]}]}},"distributor_meta":false,"distributor_terms":false,"distributor_media":false,"distributor_original_site_name":"Oslo H\u00f8yre","distributor_original_site_url":"https:\/\/hoyre.no\/oslo","push-errors":false,"_links":{"self":[{"href":"https:\/\/hoyre.no\/oslo\/wp-json\/wp\/v2\/pages\/9716","targetHints":{"allow":["GET"]}}],"collection":[{"href":"https:\/\/hoyre.no\/oslo\/wp-json\/wp\/v2\/pages"}],"about":[{"href":"https:\/\/hoyre.no\/oslo\/wp-json\/wp\/v2\/types\/page"}],"author":[{"embeddable":true,"href":"https:\/\/hoyre.no\/oslo\/wp-json\/wp\/v2\/users\/11570"}],"replies":[{"embeddable":true,"href":"https:\/\/hoyre.no\/oslo\/wp-json\/wp\/v2\/comments?post=9716"}],"version-history":[{"count":1,"href":"https:\/\/hoyre.no\/oslo\/wp-json\/wp\/v2\/pages\/9716\/revisions"}],"predecessor-version":[{"id":9717,"href":"https:\/\/hoyre.no\/oslo\/wp-json\/wp\/v2\/pages\/9716\/revisions\/9717"}],"wp:attachment":[{"href":"https:\/\/hoyre.no\/oslo\/wp-json\/wp\/v2\/media?parent=9716"}],"curies":[{"name":"wp","href":"https:\/\/api.w.org\/{rel}","templated":true}]}}