{"id":9906,"date":"2026-03-19T12:03:05","date_gmt":"2026-03-19T11:03:05","guid":{"rendered":"https:\/\/hoyre.no\/oslo\/?page_id=9906"},"modified":"2026-03-19T12:27:40","modified_gmt":"2026-03-19T11:27:40","slug":"diskusjonsnotat-programkomiteen","status":"publish","type":"page","link":"https:\/\/hoyre.no\/oslo\/diskusjonsnotat-programkomiteen\/","title":{"rendered":"Diskusjonsnotat &#8211; programkomiteen"},"content":{"rendered":"\n<div class=\"wp-block-hoyre-hero with-image-gradient text-color-light  alignfull has-background \"><div class=\"hoyre-hero \"><h1 class=\"title\">Diskusjonsnotat &#8211; programkomiteen<\/h1><\/div><\/div>\n\n\n\n\n<h2 class=\"wp-block-heading\" id=\"h-forord\">Forord<\/h2>\n\n\n\n<p>&nbsp;Programkomiteen i Oslo H\u00f8yre har startet arbeidet med \u00e5 lage utkast til program for kommunevalget i 2027. Det skal vedtas p\u00e5 Oslo H\u00f8yres \u00e5rsm\u00f8te 29.-30. januar 2027. Frem til da vil b\u00e5de deler av, og hele, programmet komme p\u00e5 h\u00f8ring i organisasjonen. F\u00f8rste stopp er en orientering om komiteens arbeid og debatt om utfordringer p\u00e5 representantskapsm\u00f8tet 13. april 2026.&nbsp;<\/p>\n\n\n\n<p>Dette notatet gir en oversikt over viktige utfordringer programkomiteen mener Oslo har n\u00e5 &#8211; og vil m\u00f8te fremover. Vi \u00f8nsker en bred debatt i Oslo H\u00f8yre om disse. Enighet om utfordringer er en forutsetning for \u00e5 foresl\u00e5 tiltak og handlinger. Det kommer i neste fase av programarbeidet.&nbsp;<\/p>\n\n\n\n<p>Notatet tar ikke for seg alle utfordringer i Oslo, men de komiteen mener er de st\u00f8rste utfordringene. Andre utfordringer er ikke glemt og vil bli adressert senere. For Oslo H\u00f8yre er det viktig \u00e5 prioritere dem som trenger hjelpen aller mest.&nbsp;&nbsp;<\/p>\n\n\n\n<h2 class=\"wp-block-heading\" id=\"h-oslo-i-vekst-med-komplekse-utfordringer-nbsp\">Oslo i vekst \u2013 med komplekse utfordringer&nbsp;<\/h2>\n\n\n\n<p>&nbsp;Oslo er Norges hovedstad, landets politiske, \u00f8konomiske og kulturelle sentrum, samt motoren i n\u00e6ringslivet. Mangfoldet og valgfriheten er Oslos fremste kjennetegn. Byen byr p\u00e5 muligheter for alle innbyggere, med et mangfoldig tjenestetilbud, stor valgfrihet innen utdanning og helsetjenester, samt et rikt kultur- og friluftsliv. For at Oslo ogs\u00e5 i fremtiden skal v\u00e6re en \u00e5pen og inkluderende by, vil Oslo H\u00f8yre legge til rette for at alle som bor i byen kan forme sitt eget liv og fylle det med mening.&nbsp;<\/p>\n\n\n\n<p>Som landets hovedstad opplever Oslo mange av de samme utfordringene som andre europeiske storbyer, og har et nasjonalt ansvar som strekker seg langt utover egne innbyggere. Dette gir et press p\u00e5 boligmarkedet, infrastruktur og det offentlige tjenestetilbudet. Oslo st\u00e5r overfor betydelige utfordringer i \u00e5rene som kommer med tilgang p\u00e5 boliger, rekruttering og kapasitet i helse- og velferds tjenester, skoler og andre kommunale tjenester.&nbsp;<\/p>\n\n\n\n<p>Mangfoldet i Oslo kommer ogs\u00e5 til utrykk gjennom at byen har st\u00f8rre sosiale forskjeller enn de fleste andre norske kommuner. Forskjellene mellom bydelene n\u00e5r det gjelder utdanningsniv\u00e5, arbeidsdeltakelse og inntekt er betydelige, og dette f\u00f8rer dessverre til lav yrkesdeltakelse og utenforskap i noen omr\u00e5der. For Oslo H\u00f8yre er det derfor viktig \u00e5 prioritere de mest s\u00e5rbare i samfunnet, slik at flest mulig f\u00e5r muligheten til \u00e5 delta i byens fellesskap, utnytte mulighetene byen har \u00e5 tilby og forme sine egne liv.&nbsp;<\/p>\n\n\n\n<p>I tillegg til disse s\u00e6rskilte utfordringene i Oslo, blir ikke Oslo i tilstrekkelig grad kompensert for hovedstadsfunksjonene gjennom statlige overf\u00f8ringer. Da m\u00e5 vi tenkte\u00a0<br>helt nytt og helhetlig p\u00e5 hvordan vi kan l\u00f8se utfordringene, og sikre et godt samarbeid mellom offentlige, private og ideelle akt\u00f8rer.\u00a0<\/p>\n\n\n\n<h2 class=\"wp-block-heading\" id=\"h-flere-bor-fa-oppleve-boligdrommen\">Flere b\u00f8r f\u00e5 oppleve boligdr\u00f8mmen\u00a0<\/h2>\n\n\n\n<p>Oslo er en attraktiv by som mange vil bosette seg i. Vi er det st\u00f8rste \u00f8konomiske knutepunktet i Norge. Folk velger \u00e5 bosette seg i Oslo p\u00e5 grunn av jobbmulighetene, utdanningsinstitusjonene, et rikt kulturliv og n\u00e6rheten til byliv og natur. Oslo skal fortsette \u00e5 v\u00e6re en attraktiv by \u00e5 bosette seg i, men da m\u00e5 det bli enklere \u00e5 komme inn p\u00e5 boligmarkedet enn det er i dag.&nbsp;<\/p>\n\n\n\n<p>At stadig flere blir st\u00e5ende utenfor boligmarkedet, skyldes i stor grad at det bygges alt for f\u00e5 boliger i forhold til befolkningsveksten og at det er dyrt \u00e5 kj\u00f8pe og eie bolig. Utviklingen er ikke s\u00e6regen for Oslo. Boligprisene i europeiske storbyer har steget med over 60 prosent de siste 10 \u00e5rene.&nbsp;<\/p>\n\n\n\n<p>De siste 10 \u00e5rene har antallet unge som f\u00e5r foreldrehjelp til \u00e5 kj\u00f8pe egen bolig i Oslo \u00f8kt betydelig.&nbsp;<\/p>\n\n\n\n<p>Begrensninger som settes p\u00e5 boligmarkedet gj\u00f8r at saksbehandlingen tar lenger tid og blir mer kostnadsdrivende. Byggekostnadene, tomtekostnadene og infrastrukturkostnadene har \u00f8kt. I tillegg er kommunens egen reguleringstid for lang.\u00a0<\/p>\n\n\n\n<h2 class=\"wp-block-heading\" id=\"h-skolen-ma-lofte-alle-elevene\">Skolen m\u00e5 l\u00f8fte alle elevene\u00a0<\/h2>\n\n\n\n<p>Osloskolen skal v\u00e6re en skole som gir alle barn de samme forutsetningene og mulighetene til \u00e5 lykkes. Skolens viktigste oppgave er \u00e5 v\u00e6re en arena for l\u00e6ring og mestring, utjevne sosiale forskjeller og ruste elevene for arbeidslivet. Uavhengig av hvilken skole elevene g\u00e5r p\u00e5, skal elevene oppleve l\u00e6ring og mestring.&nbsp;<\/p>\n\n\n\n<p>Unders\u00f8kelser viser at elevene i Oslo presterer bedre enn landsgjennomsnittet. For at Osloskolen skal fortsette \u00e5 v\u00e6re god, er vi n\u00f8dt til \u00e5 f\u00e5 flere til \u00e5 fullf\u00f8re videreg\u00e5ende skole og at flere elever mestrer lesing, skriving og regning.&nbsp;<\/p>\n\n\n\n<p>L\u00e6reren skal v\u00e6re sjefen i klasserommet. Flere l\u00e6rere rapporterer om vold, uro, trusler og utagerende adferd fra elever mot ansatte. Dette p\u00e5virker l\u00e6rernes arbeidsmilj\u00f8 og elevenes l\u00e6ringsmilj\u00f8. I tillegg til at l\u00e6rerne har ansvaret for elevenes l\u00e6ring, s\u00e5 rapporterer l\u00e6rere at de ogs\u00e5 i stor grad er n\u00f8dt til \u00e5 bruke tiden sin p\u00e5 atferdsregulering og dokumentasjon.&nbsp;<\/p>\n\n\n\n<p>Osloskolen skal v\u00e6re en skole med sm\u00e5 forskjeller, ved at elevene som sliter faglig f\u00e5r hjelpen de trenger og at evnerike elever utfordres og f\u00e5r tilpasset oppl\u00e6ring.&nbsp;<\/p>\n\n\n\n<h2 class=\"wp-block-heading\" id=\"h-okende-omsorgsbehov-og-forventninger-nbsp\">\u00d8kende omsorgsbehov og forventninger&nbsp;<\/h2>\n\n\n\n<p><br>Helse- og omsorgstjenesten i Oslo kommune vil i de kommende \u00e5rene st\u00e5 overfor store utfordringer: Det er forventet at antall eldre over 80 \u00e5r vil doble seg frem til 2040, det er mangel p\u00e5 utdannet og kvalifisert helsepersonell, det er et st\u00f8rre hjelpebehov i yngre aldersgrupper og mindre ressurser til \u00e5 im\u00f8tekomme de lovp\u00e5lagte tjenestene kommunen skal tilby sine innbyggere. I tillegg er det \u00f8kende forventninger til hva kommunen b\u00f8r og skal tilby.&nbsp;<\/p>\n\n\n\n<h2 class=\"wp-block-heading\" id=\"h-tryggheten-utfordres-nbsp\">Tryggheten utfordres&nbsp;<\/h2>\n\n\n\n<p>Vi lever i en mer urolig verden. Krig i Europa, \u00f8kt geopolitisk spenning, terrortrusler og cyberangrep gj\u00f8r storbyer som Oslo mer s\u00e5rbare. Som hovedstad huser Oslo sentrale nasjonale institusjoner, kritisk infrastruktur og et stort internasjonalt milj\u00f8, noe som stiller krav til beredskap og sikkerhet.&nbsp;<\/p>\n\n\n\n<p>Samfunnets grunnleggende funksjoner kan ikke lenger tas for gitt. Sikring av drikkevann, energiforsyning, digitale systemer, transport og helsetjenester er avgj\u00f8rende for innbyggernes trygghet. Oslo m\u00e5 v\u00e6re bedre forberedt p\u00e5 alt fra ekstremv\u00e6r til sabotasje og bortfall av kritiske tjenester.&nbsp;<\/p>\n\n\n\n<p>Flertallet av Oslofolk f\u00f8ler seg trygge i Oslo. 1 av 5 forteller i unders\u00f8kelser at de f\u00f8ler seg utrygge. Det ble registrert 81.000 anmeldelser i Oslo i 2024, og kriminalitetstypene vinning, narkotika og vold har \u00f8kt betraktelig de siste \u00e5rene. Politiet har ikke kapasitet til \u00e5 rykke ut p\u00e5 oppdrag og l\u00f8ser bare to av tre saker.&nbsp;<\/p>\n\n\n\n<p>Utenlandske kriminelle nettverk opererer i Oslo og flere barn og unge blir rekruttert og utnyttet av kyniske kriminelle. Ungdomskriminaliteten har blitt mer alvorlig og har \u00f8kt i omfang.&nbsp;<\/p>\n\n\n\n<p>Utviklingen er s\u00e6rlig alvorlig i enkelte bydeler, der \u00e5pne rusmilj\u00f8er, gjengrelatert kriminalitet og vold i det offentlige rom preger hverdagen til mange innbyggere. Politistasjonene Gr\u00f8nland og Sentrum fikk for eksempel inn 12 prosent av all anmeldt kriminalitet i hele Norge i 2019.&nbsp;<\/p>\n\n\n\n<h2 class=\"wp-block-heading\" id=\"h-flere-ma-oppleve-selvstendige-gode-og-lange-liv-nbsp\">Flere m\u00e5 oppleve selvstendige, gode og lange liv&nbsp;<\/h2>\n\n\n\n<p>Oslo er den kommunen i landet med h\u00f8yest andel fattige, samtidig som vi ogs\u00e5 er en av de kommunene med h\u00f8yest andel rike. For at flere Oslofolk skal leve selvstendige liv med frihet til \u00e5 ta egne valg, er n\u00f8kkelen utdanning og jobb.&nbsp;<\/p>\n\n\n\n<p>I Oslo vokser 17.000 barn opp i lavinntektshusholdninger, og utviklingen har v\u00e6rt negativ de siste 20 \u00e5rene. H\u00f8yres viktigste jobb er \u00e5 s\u00f8rge for at fattigdom ikke g\u00e5r i arv. I enkelte&nbsp;bydeler er konsentrasjonen av barn som vokser opp i fattigdom h\u00f8y. Det begrenser barnas deltakelse i fritidsaktiviteter og andre deler av samfunnet.&nbsp;<\/p>\n\n\n\n<p>For at kommunen skal kunne levere et like godt tjenestetilbud i fremtiden som i dag, vil det kreve at kommunen tenker nytt, samt omstiller organiseringen av og innholdet i kommunens tjenester. Med strammere rammer b\u00f8r ogs\u00e5 flere tenke noe mer p\u00e5 hva man kan gj\u00f8re selv for \u00e5 f\u00e5 best mulige liv.&nbsp;<\/p>\n\n","protected":false},"excerpt":{"rendered":"","protected":false},"author":31424,"featured_media":0,"parent":0,"menu_order":0,"comment_status":"closed","ping_status":"closed","template":"","meta":{"teft_cards_image_url":"","teft_cards_custom_pretitle":"","teft_cards_image_id":0,"teft_cards_image_focal_point_x":0,"teft_cards_image_focal_point_y":0,"teft_cards_title":"","teft_cards_excerpt":"","teft_show_chapters":false,"footnotes":""},"class_list":["post-9906","page","type-page","status-publish","hentry"],"yoast_head":"<!-- This site is optimized with the Yoast SEO Premium plugin v26.5 (Yoast SEO v26.6) - https:\/\/yoast.com\/wordpress\/plugins\/seo\/ -->\n<title>Diskusjonsnotat - programkomiteen - Oslo H\u00f8yre<\/title>\n<meta name=\"robots\" content=\"index, follow, max-snippet:-1, max-image-preview:large, max-video-preview:-1\" \/>\n<link rel=\"canonical\" href=\"https:\/\/hoyre.no\/oslo\/diskusjonsnotat-programkomiteen\/\" \/>\n<meta property=\"og:locale\" content=\"nb_NO\" \/>\n<meta property=\"og:type\" content=\"article\" \/>\n<meta property=\"og:title\" content=\"Diskusjonsnotat - programkomiteen\" \/>\n<meta property=\"og:url\" content=\"https:\/\/hoyre.no\/oslo\/diskusjonsnotat-programkomiteen\/\" \/>\n<meta property=\"og:site_name\" content=\"Oslo H\u00f8yre\" \/>\n<meta property=\"article:publisher\" content=\"https:\/\/www.facebook.com\/oslo.hoyre\" \/>\n<meta property=\"article:modified_time\" content=\"2026-03-19T11:27:40+00:00\" \/>\n<meta property=\"og:image\" content=\"https:\/\/hoyre.no\/content\/uploads\/sites\/408\/2022\/11\/Hoyres-logo.png\" \/>\n\t<meta property=\"og:image:width\" content=\"1000\" \/>\n\t<meta property=\"og:image:height\" content=\"1000\" \/>\n\t<meta property=\"og:image:type\" content=\"image\/png\" \/>\n<meta name=\"twitter:card\" content=\"summary_large_image\" \/>\n<meta name=\"twitter:label1\" content=\"Ansl. lesetid\" \/>\n\t<meta name=\"twitter:data1\" content=\"7 minutter\" \/>\n<script type=\"application\/ld+json\" class=\"yoast-schema-graph\">{\"@context\":\"https:\/\/schema.org\",\"@graph\":[{\"@type\":\"WebPage\",\"@id\":\"https:\/\/hoyre.no\/oslo\/diskusjonsnotat-programkomiteen\/\",\"url\":\"https:\/\/hoyre.no\/oslo\/diskusjonsnotat-programkomiteen\/\",\"name\":\"Diskusjonsnotat - programkomiteen - Oslo H\u00f8yre\",\"isPartOf\":{\"@id\":\"https:\/\/hoyre.no\/oslo\/#website\"},\"datePublished\":\"2026-03-19T11:03:05+00:00\",\"dateModified\":\"2026-03-19T11:27:40+00:00\",\"breadcrumb\":{\"@id\":\"https:\/\/hoyre.no\/oslo\/diskusjonsnotat-programkomiteen\/#breadcrumb\"},\"inLanguage\":\"nb-NO\",\"potentialAction\":[{\"@type\":\"ReadAction\",\"target\":[\"https:\/\/hoyre.no\/oslo\/diskusjonsnotat-programkomiteen\/\"]}]},{\"@type\":\"BreadcrumbList\",\"@id\":\"https:\/\/hoyre.no\/oslo\/diskusjonsnotat-programkomiteen\/#breadcrumb\",\"itemListElement\":[{\"@type\":\"ListItem\",\"position\":1,\"name\":\"Til hoyre.no\",\"item\":\"https:\/\/hoyre.no\"},{\"@type\":\"ListItem\",\"position\":2,\"name\":\"Hjem\",\"item\":\"https:\/\/hoyre.no\/oslo\/\"},{\"@type\":\"ListItem\",\"position\":3,\"name\":\"Diskusjonsnotat &#8211; programkomiteen\"}]},{\"@type\":\"WebSite\",\"@id\":\"https:\/\/hoyre.no\/oslo\/#website\",\"url\":\"https:\/\/hoyre.no\/oslo\/\",\"name\":\"Oslo H\u00f8yre\",\"description\":\"\",\"publisher\":{\"@id\":\"https:\/\/hoyre.no\/oslo\/#organization\"},\"inLanguage\":\"nb-NO\"},{\"@type\":\"Organization\",\"@id\":\"https:\/\/hoyre.no\/oslo\/#organization\",\"name\":\"Oslo H\u00f8yre\",\"url\":\"https:\/\/hoyre.no\/oslo\/\",\"logo\":{\"@type\":\"ImageObject\",\"inLanguage\":\"nb-NO\",\"@id\":\"https:\/\/hoyre.no\/oslo\/#\/schema\/logo\/image\/\",\"url\":\"https:\/\/hoyre.no\/content\/uploads\/sites\/408\/2022\/11\/Hoyres-logo.png\",\"contentUrl\":\"https:\/\/hoyre.no\/content\/uploads\/sites\/408\/2022\/11\/Hoyres-logo.png\",\"width\":1000,\"height\":1000,\"caption\":\"Oslo H\u00f8yre\"},\"image\":{\"@id\":\"https:\/\/hoyre.no\/oslo\/#\/schema\/logo\/image\/\"},\"sameAs\":[\"https:\/\/www.facebook.com\/oslo.hoyre\"]}]}<\/script>\n<!-- \/ Yoast SEO Premium plugin. -->","yoast_head_json":{"title":"Diskusjonsnotat - programkomiteen - Oslo H\u00f8yre","robots":{"index":"index","follow":"follow","max-snippet":"max-snippet:-1","max-image-preview":"max-image-preview:large","max-video-preview":"max-video-preview:-1"},"canonical":"https:\/\/hoyre.no\/oslo\/diskusjonsnotat-programkomiteen\/","og_locale":"nb_NO","og_type":"article","og_title":"Diskusjonsnotat - programkomiteen","og_url":"https:\/\/hoyre.no\/oslo\/diskusjonsnotat-programkomiteen\/","og_site_name":"Oslo H\u00f8yre","article_publisher":"https:\/\/www.facebook.com\/oslo.hoyre","article_modified_time":"2026-03-19T11:27:40+00:00","og_image":[{"width":1000,"height":1000,"url":"https:\/\/hoyre.no\/content\/uploads\/sites\/408\/2022\/11\/Hoyres-logo.png","type":"image\/png"}],"twitter_card":"summary_large_image","twitter_misc":{"Ansl. lesetid":"7 minutter"},"schema":{"@context":"https:\/\/schema.org","@graph":[{"@type":"WebPage","@id":"https:\/\/hoyre.no\/oslo\/diskusjonsnotat-programkomiteen\/","url":"https:\/\/hoyre.no\/oslo\/diskusjonsnotat-programkomiteen\/","name":"Diskusjonsnotat - programkomiteen - Oslo H\u00f8yre","isPartOf":{"@id":"https:\/\/hoyre.no\/oslo\/#website"},"datePublished":"2026-03-19T11:03:05+00:00","dateModified":"2026-03-19T11:27:40+00:00","breadcrumb":{"@id":"https:\/\/hoyre.no\/oslo\/diskusjonsnotat-programkomiteen\/#breadcrumb"},"inLanguage":"nb-NO","potentialAction":[{"@type":"ReadAction","target":["https:\/\/hoyre.no\/oslo\/diskusjonsnotat-programkomiteen\/"]}]},{"@type":"BreadcrumbList","@id":"https:\/\/hoyre.no\/oslo\/diskusjonsnotat-programkomiteen\/#breadcrumb","itemListElement":[{"@type":"ListItem","position":1,"name":"Til hoyre.no","item":"https:\/\/hoyre.no"},{"@type":"ListItem","position":2,"name":"Hjem","item":"https:\/\/hoyre.no\/oslo\/"},{"@type":"ListItem","position":3,"name":"Diskusjonsnotat &#8211; programkomiteen"}]},{"@type":"WebSite","@id":"https:\/\/hoyre.no\/oslo\/#website","url":"https:\/\/hoyre.no\/oslo\/","name":"Oslo H\u00f8yre","description":"","publisher":{"@id":"https:\/\/hoyre.no\/oslo\/#organization"},"inLanguage":"nb-NO"},{"@type":"Organization","@id":"https:\/\/hoyre.no\/oslo\/#organization","name":"Oslo H\u00f8yre","url":"https:\/\/hoyre.no\/oslo\/","logo":{"@type":"ImageObject","inLanguage":"nb-NO","@id":"https:\/\/hoyre.no\/oslo\/#\/schema\/logo\/image\/","url":"https:\/\/hoyre.no\/content\/uploads\/sites\/408\/2022\/11\/Hoyres-logo.png","contentUrl":"https:\/\/hoyre.no\/content\/uploads\/sites\/408\/2022\/11\/Hoyres-logo.png","width":1000,"height":1000,"caption":"Oslo H\u00f8yre"},"image":{"@id":"https:\/\/hoyre.no\/oslo\/#\/schema\/logo\/image\/"},"sameAs":["https:\/\/www.facebook.com\/oslo.hoyre"]}]}},"distributor_meta":false,"distributor_terms":false,"distributor_media":false,"distributor_original_site_name":"Oslo H\u00f8yre","distributor_original_site_url":"https:\/\/hoyre.no\/oslo","push-errors":false,"_links":{"self":[{"href":"https:\/\/hoyre.no\/oslo\/wp-json\/wp\/v2\/pages\/9906","targetHints":{"allow":["GET"]}}],"collection":[{"href":"https:\/\/hoyre.no\/oslo\/wp-json\/wp\/v2\/pages"}],"about":[{"href":"https:\/\/hoyre.no\/oslo\/wp-json\/wp\/v2\/types\/page"}],"author":[{"embeddable":true,"href":"https:\/\/hoyre.no\/oslo\/wp-json\/wp\/v2\/users\/31424"}],"replies":[{"embeddable":true,"href":"https:\/\/hoyre.no\/oslo\/wp-json\/wp\/v2\/comments?post=9906"}],"version-history":[{"count":10,"href":"https:\/\/hoyre.no\/oslo\/wp-json\/wp\/v2\/pages\/9906\/revisions"}],"predecessor-version":[{"id":9919,"href":"https:\/\/hoyre.no\/oslo\/wp-json\/wp\/v2\/pages\/9906\/revisions\/9919"}],"wp:attachment":[{"href":"https:\/\/hoyre.no\/oslo\/wp-json\/wp\/v2\/media?parent=9906"}],"curies":[{"name":"wp","href":"https:\/\/api.w.org\/{rel}","templated":true}]}}