{"id":29,"date":"2023-05-02T12:50:37","date_gmt":"2023-05-02T10:50:37","guid":{"rendered":"https:\/\/hoyre.no\/ostensjo\/?page_id=29"},"modified":"2023-07-04T14:22:14","modified_gmt":"2023-07-04T12:22:14","slug":"politikk","status":"publish","type":"page","link":"https:\/\/hoyre.no\/ostensjo\/politikk\/","title":{"rendered":"Politikk"},"content":{"rendered":"\n<div class=\"wp-block-hoyre-hero with-image-gradient text-color-light  has-media alignfull has-background\"><div class=\"hoyre-hero has-image\"><h1 class=\"title\">Politikk<\/h1><p class=\"preamble\">\u00d8stensj\u00f8 ligger unikt til i Oslo &#8211; landlig, men samtidig sentrumsn\u00e6rt. Her har vi enkel tilgang til b\u00e5de urbant byliv og flotte naturomgivelser. I bydelen finner vi mange levende lokalsamfunn, vi har gode m\u00f8testeder og ikke minst \u00d8stensj\u00f8vannet og \u00d8stmarka. Dette er noe av det som gj\u00f8r innbyggerne stolte av \u00d8stensj\u00f8, og som gj\u00f8r bydelen v\u00e5r til et godt sted \u00e5 leve.<br><br>M\u00e5let for \u00d8stensj\u00f8 H\u00f8yre er at bydelen fortsatt skal v\u00e6re et godt sted \u00e5 leve hele livet \u2013 for alle.<\/p>\t\t\t<div class=\"post-meta wp-block teft-byline-wrapper\">\n\t\t\t\t<div class=\"top\">\n\t\t\t\t\t<div class=\"signature\">\n\t\t\t\t\t\t<div class=\"teft-byline\">\n\t\t\t\t\t\t\t\t\t\t\t\t\t\t<div>\n\t\t\t\t\t\t\t\t<h3>H\u00f8yres redaksjon<\/h3>\t\t\t\t\t\t\t\t\n\t\t\t\t\t\t\t\t\t\t\t\t\t\t\t\t\t<span class=\"date\">Sist oppdatert: 4. juli 2023<\/span>\n\t\t\t\t\t\t\t\t\t\t\t\t\t\t\t\t\t\t\t\t\t\t\t\t\t<span class=\"reading-time\" itemprop=\"timeRequired\" content=\"PT1M\"><em>Ca. 1 minutter lesetid<\/em><\/span>\n\t\t\t\t\t\t\t\t\t\t\t\t\t\t\t<\/div>\n\t\t\t\t\t\t<\/div>\n\t\t\t\t\t<\/div>\n\t\t\t\t\t\t<div class=\"sharing\">\n\t\t<a class=\"share-button share-link copy-link\" data-copy=\"https:\/\/hoyre.no\/ostensjo\/politikk\/\" target=\"_blank\"><span class=\"screen-reader-text\">Del link<\/span><\/a>\n\t\t<a class=\"share-button share-twitter\" href=\"http:\/\/twitter.com\/share?text=Politikk&#038;url=https:\/\/hoyre.no\/ostensjo\/politikk\/&#038;hashtags=Hoyre\" target=\"_blank\"><span class=\"screen-reader-text\">Del p\u00e5 twitter<\/span><\/a>\n\t\t<a class=\"share-button share-facebook\" href=\"https:\/\/www.facebook.com\/sharer\/sharer.php?u=https:\/\/hoyre.no\/ostensjo\/politikk\/\" target=\"_blank\"><span class=\"screen-reader-text\">Del p\u00e5 facebook<\/span><\/a>\n\t<\/div>\n\t\t\t\t\t<\/div>\n\t\t\t<\/div>\n\n\t\t\t<figure class=\"hoyre-image-wrapper\"><div class=\"hoyre-image\"><img loading=\"lazy\" decoding=\"async\" width=\"2500\" height=\"1875\" src=\"https:\/\/hoyre.no\/content\/uploads\/sites\/422\/2023\/07\/IMG_2968-scaled.jpg\" class=\"attachment-scaled size-scaled\" alt=\"\" style=\"object-position: 50% 50%\" srcset=\"https:\/\/hoyre.no\/content\/uploads\/sites\/422\/2023\/07\/IMG_2968-scaled.jpg 2500w, https:\/\/hoyre.no\/content\/uploads\/sites\/422\/2023\/07\/IMG_2968-300x225.jpg 300w, https:\/\/hoyre.no\/content\/uploads\/sites\/422\/2023\/07\/IMG_2968-1024x768.jpg 1024w, https:\/\/hoyre.no\/content\/uploads\/sites\/422\/2023\/07\/IMG_2968-768x576.jpg 768w, https:\/\/hoyre.no\/content\/uploads\/sites\/422\/2023\/07\/IMG_2968-1536x1152.jpg 1536w, https:\/\/hoyre.no\/content\/uploads\/sites\/422\/2023\/07\/IMG_2968-2048x1536.jpg 2048w\" sizes=\"auto, (max-width: 2500px) 100vw, 2500px\" \/><\/div><\/figure><\/div><\/div>\n\n\n\n\n\n<div class=\"wp-block-teft-accentuated-link undefined has-image\"><div class=\"kf-link__wrapper\"><div class=\"kf-link__tagline\"> 2023-2027<\/div><a class=\"kf-link__link\" href=\"https:\/\/hoyre.no\/content\/uploads\/sites\/422\/2023\/07\/Ostensjo-Hoyre-Program-2023-2027.pdf\">\u00d8stensj\u00f8 H\u00f8yre valgprogram<span class=\"kf-link__link-source\">hoyre.no<\/span><\/a><\/div><figure class=\"hoyre-image-wrapper\"><div class=\"hoyre-image\"><img loading=\"lazy\" decoding=\"async\" width=\"2500\" height=\"1875\" src=\"https:\/\/hoyre.no\/content\/uploads\/sites\/422\/2023\/07\/IMG_2971-scaled.jpg\" class=\"attachment-scaled size-scaled\" alt=\"\" style=\"object-position: 50% 50%\" srcset=\"https:\/\/hoyre.no\/content\/uploads\/sites\/422\/2023\/07\/IMG_2971-scaled.jpg 2500w, https:\/\/hoyre.no\/content\/uploads\/sites\/422\/2023\/07\/IMG_2971-300x225.jpg 300w, https:\/\/hoyre.no\/content\/uploads\/sites\/422\/2023\/07\/IMG_2971-1024x768.jpg 1024w, https:\/\/hoyre.no\/content\/uploads\/sites\/422\/2023\/07\/IMG_2971-768x576.jpg 768w, https:\/\/hoyre.no\/content\/uploads\/sites\/422\/2023\/07\/IMG_2971-1536x1152.jpg 1536w, https:\/\/hoyre.no\/content\/uploads\/sites\/422\/2023\/07\/IMG_2971-2048x1536.jpg 2048w\" sizes=\"auto, (max-width: 2500px) 100vw, 2500px\" \/><\/div><\/figure><\/div>\n\n\n\n<div class=\"wp-block-teft-accentuated-link undefined has-image\"><div class=\"kf-link__wrapper\"><div class=\"kf-link__tagline\">2023-2027<\/div><a class=\"kf-link__link\" href=\"https:\/\/hoyre.no\/content\/uploads\/sites\/422\/2023\/07\/Ostensjo_Brosjyre_A5.pdf\">\u00d8stensj\u00f8 H\u00f8yre valgbrosjyre<span class=\"kf-link__link-source\">hoyre.no<\/span><\/a><\/div><figure class=\"hoyre-image-wrapper\"><div class=\"hoyre-image\"><img loading=\"lazy\" decoding=\"async\" width=\"2500\" height=\"1875\" src=\"https:\/\/hoyre.no\/content\/uploads\/sites\/422\/2023\/07\/IMG_2979-scaled.jpg\" class=\"attachment-scaled size-scaled\" alt=\"\" style=\"object-position: 50% 50%\" srcset=\"https:\/\/hoyre.no\/content\/uploads\/sites\/422\/2023\/07\/IMG_2979-scaled.jpg 2500w, https:\/\/hoyre.no\/content\/uploads\/sites\/422\/2023\/07\/IMG_2979-300x225.jpg 300w, https:\/\/hoyre.no\/content\/uploads\/sites\/422\/2023\/07\/IMG_2979-1024x768.jpg 1024w, https:\/\/hoyre.no\/content\/uploads\/sites\/422\/2023\/07\/IMG_2979-768x576.jpg 768w, https:\/\/hoyre.no\/content\/uploads\/sites\/422\/2023\/07\/IMG_2979-1536x1152.jpg 1536w, https:\/\/hoyre.no\/content\/uploads\/sites\/422\/2023\/07\/IMG_2979-2048x1536.jpg 2048w\" sizes=\"auto, (max-width: 2500px) 100vw, 2500px\" \/><\/div><\/figure><\/div>\n","protected":false},"excerpt":{"rendered":"","protected":false},"author":38912,"featured_media":0,"parent":0,"menu_order":0,"comment_status":"closed","ping_status":"closed","template":"","meta":{"teft_cards_image_url":"","teft_cards_custom_pretitle":"","teft_cards_image_id":0,"teft_cards_image_focal_point_x":0,"teft_cards_image_focal_point_y":0,"teft_cards_title":"","teft_cards_excerpt":"","teft_show_chapters":false,"footnotes":""},"class_list":["post-29","page","type-page","status-publish","hentry"],"yoast_head":"<!-- This site is optimized with the Yoast SEO plugin v26.6 - https:\/\/yoast.com\/wordpress\/plugins\/seo\/ -->\n<title>Politikk - \u00d8stensj\u00f8 H\u00f8yre<\/title>\n<meta name=\"robots\" content=\"index, follow, max-snippet:-1, max-image-preview:large, max-video-preview:-1\" \/>\n<link rel=\"canonical\" href=\"https:\/\/hoyre.no\/ostensjo\/politikk\/\" \/>\n<meta property=\"og:locale\" content=\"nb_NO\" \/>\n<meta property=\"og:type\" content=\"article\" \/>\n<meta property=\"og:title\" content=\"Politikk - \u00d8stensj\u00f8 H\u00f8yre\" \/>\n<meta property=\"og:url\" content=\"https:\/\/hoyre.no\/ostensjo\/politikk\/\" \/>\n<meta property=\"og:site_name\" content=\"\u00d8stensj\u00f8 H\u00f8yre\" \/>\n<meta property=\"article:modified_time\" content=\"2023-07-04T12:22:14+00:00\" \/>\n<meta property=\"og:image\" content=\"https:\/\/hoyre.no\/content\/uploads\/sites\/422\/2022\/11\/Hoyres-logo.png\" \/>\n\t<meta property=\"og:image:width\" content=\"1000\" \/>\n\t<meta property=\"og:image:height\" content=\"1000\" \/>\n\t<meta property=\"og:image:type\" content=\"image\/png\" \/>\n<meta name=\"twitter:card\" content=\"summary_large_image\" \/>\n<meta name=\"twitter:label1\" content=\"Ansl. lesetid\" \/>\n\t<meta name=\"twitter:data1\" content=\"1 minutt\" \/>\n<script type=\"application\/ld+json\" class=\"yoast-schema-graph\">{\"@context\":\"https:\/\/schema.org\",\"@graph\":[{\"@type\":\"WebPage\",\"@id\":\"https:\/\/hoyre.no\/ostensjo\/politikk\/\",\"url\":\"https:\/\/hoyre.no\/ostensjo\/politikk\/\",\"name\":\"Politikk - \u00d8stensj\u00f8 H\u00f8yre\",\"isPartOf\":{\"@id\":\"https:\/\/hoyre.no\/ostensjo\/#website\"},\"datePublished\":\"2023-05-02T10:50:37+00:00\",\"dateModified\":\"2023-07-04T12:22:14+00:00\",\"breadcrumb\":{\"@id\":\"https:\/\/hoyre.no\/ostensjo\/politikk\/#breadcrumb\"},\"inLanguage\":\"nb-NO\",\"potentialAction\":[{\"@type\":\"ReadAction\",\"target\":[\"https:\/\/hoyre.no\/ostensjo\/politikk\/\"]}]},{\"@type\":\"BreadcrumbList\",\"@id\":\"https:\/\/hoyre.no\/ostensjo\/politikk\/#breadcrumb\",\"itemListElement\":[{\"@type\":\"ListItem\",\"position\":1,\"name\":\"Til hoyre.no\",\"item\":\"https:\/\/hoyre.no\"},{\"@type\":\"ListItem\",\"position\":2,\"name\":\"Hjem\",\"item\":\"https:\/\/hoyre.no\/ostensjo\/\"},{\"@type\":\"ListItem\",\"position\":3,\"name\":\"Politikk\"}]},{\"@type\":\"WebSite\",\"@id\":\"https:\/\/hoyre.no\/ostensjo\/#website\",\"url\":\"https:\/\/hoyre.no\/ostensjo\/\",\"name\":\"\u00d8stensj\u00f8 H\u00f8yre\",\"description\":\"Bare enda et H\u00f8yres nettsteder-nettsted\",\"inLanguage\":\"nb-NO\"}]}<\/script>\n<!-- \/ Yoast SEO plugin. -->","yoast_head_json":{"title":"Politikk - \u00d8stensj\u00f8 H\u00f8yre","robots":{"index":"index","follow":"follow","max-snippet":"max-snippet:-1","max-image-preview":"max-image-preview:large","max-video-preview":"max-video-preview:-1"},"canonical":"https:\/\/hoyre.no\/ostensjo\/politikk\/","og_locale":"nb_NO","og_type":"article","og_title":"Politikk - \u00d8stensj\u00f8 H\u00f8yre","og_url":"https:\/\/hoyre.no\/ostensjo\/politikk\/","og_site_name":"\u00d8stensj\u00f8 H\u00f8yre","article_modified_time":"2023-07-04T12:22:14+00:00","og_image":[{"width":1000,"height":1000,"url":"https:\/\/hoyre.no\/content\/uploads\/sites\/422\/2022\/11\/Hoyres-logo.png","type":"image\/png"}],"twitter_card":"summary_large_image","twitter_misc":{"Ansl. lesetid":"1 minutt"},"schema":{"@context":"https:\/\/schema.org","@graph":[{"@type":"WebPage","@id":"https:\/\/hoyre.no\/ostensjo\/politikk\/","url":"https:\/\/hoyre.no\/ostensjo\/politikk\/","name":"Politikk - \u00d8stensj\u00f8 H\u00f8yre","isPartOf":{"@id":"https:\/\/hoyre.no\/ostensjo\/#website"},"datePublished":"2023-05-02T10:50:37+00:00","dateModified":"2023-07-04T12:22:14+00:00","breadcrumb":{"@id":"https:\/\/hoyre.no\/ostensjo\/politikk\/#breadcrumb"},"inLanguage":"nb-NO","potentialAction":[{"@type":"ReadAction","target":["https:\/\/hoyre.no\/ostensjo\/politikk\/"]}]},{"@type":"BreadcrumbList","@id":"https:\/\/hoyre.no\/ostensjo\/politikk\/#breadcrumb","itemListElement":[{"@type":"ListItem","position":1,"name":"Til hoyre.no","item":"https:\/\/hoyre.no"},{"@type":"ListItem","position":2,"name":"Hjem","item":"https:\/\/hoyre.no\/ostensjo\/"},{"@type":"ListItem","position":3,"name":"Politikk"}]},{"@type":"WebSite","@id":"https:\/\/hoyre.no\/ostensjo\/#website","url":"https:\/\/hoyre.no\/ostensjo\/","name":"\u00d8stensj\u00f8 H\u00f8yre","description":"Bare enda et H\u00f8yres nettsteder-nettsted","inLanguage":"nb-NO"}]}},"distributor_meta":false,"distributor_terms":false,"distributor_media":false,"distributor_original_site_name":"\u00d8stensj\u00f8 H\u00f8yre","distributor_original_site_url":"https:\/\/hoyre.no\/ostensjo","push-errors":false,"_links":{"self":[{"href":"https:\/\/hoyre.no\/ostensjo\/wp-json\/wp\/v2\/pages\/29","targetHints":{"allow":["GET"]}}],"collection":[{"href":"https:\/\/hoyre.no\/ostensjo\/wp-json\/wp\/v2\/pages"}],"about":[{"href":"https:\/\/hoyre.no\/ostensjo\/wp-json\/wp\/v2\/types\/page"}],"author":[{"embeddable":true,"href":"https:\/\/hoyre.no\/ostensjo\/wp-json\/wp\/v2\/users\/38912"}],"replies":[{"embeddable":true,"href":"https:\/\/hoyre.no\/ostensjo\/wp-json\/wp\/v2\/comments?post=29"}],"version-history":[{"count":3,"href":"https:\/\/hoyre.no\/ostensjo\/wp-json\/wp\/v2\/pages\/29\/revisions"}],"predecessor-version":[{"id":45,"href":"https:\/\/hoyre.no\/ostensjo\/wp-json\/wp\/v2\/pages\/29\/revisions\/45"}],"wp:attachment":[{"href":"https:\/\/hoyre.no\/ostensjo\/wp-json\/wp\/v2\/media?parent=29"}],"curies":[{"name":"wp","href":"https:\/\/api.w.org\/{rel}","templated":true}]}}