{"id":3,"date":"2020-11-14T20:59:27","date_gmt":"2020-11-14T19:59:27","guid":{"rendered":"https:\/\/hoyre.no\/osteroy\/forsiden\/"},"modified":"2026-03-05T14:13:36","modified_gmt":"2026-03-05T13:13:36","slug":"forsiden","status":"publish","type":"page","link":"https:\/\/hoyre.no\/osteroy\/","title":{"rendered":"Framsida"},"content":{"rendered":"\n\t\t<div class=\" has-simple-highlight style-white has-mobile-text-aligned-center slogan-type-custom wp-block-hoyre-slogan\">\n\t\t\t<div class=\"slogan-container\">\n\t\t\t\t<div class=\"slogan__image\">\n\t\t\t\t\t<img loading=\"lazy\" decoding=\"async\" width=\"1024\" height=\"581\" src=\"https:\/\/hoyre.no\/content\/uploads\/sites\/324\/2025\/02\/smaaland.jpg\" class=\"slogan__background-media\" alt=\"\" style=\"--focal-point: 50% 65%;\" srcset=\"https:\/\/hoyre.no\/content\/uploads\/sites\/324\/2025\/02\/smaaland.jpg 1024w, https:\/\/hoyre.no\/content\/uploads\/sites\/324\/2025\/02\/smaaland-300x170.jpg 300w, https:\/\/hoyre.no\/content\/uploads\/sites\/324\/2025\/02\/smaaland-768x436.jpg 768w\" sizes=\"auto, (max-width: 1024px) 100vw, 1024px\" \/>\n\t\t\t\t<\/div>\n\t\t\t\t<div class=\"slogan__content\">\n\t\t\t\t\t\n\t\t\t\t\t<h2 class=\"slogan__big-title\">Moglegheiter for alle<\/h2>\n\t\t\t\t\t<p>Oster\u00f8y H\u00f8gre<\/p>\n\t\t\t\t\t<a href=\"https:\/\/hoyre.no\/bli-med\/bli-medlem\/\" class=\"button\">Bli medlem<\/a>\n\t\t\t\t<\/div>\n\t\t\t<\/div>\n\t\t\t\n\t\t<\/div>\n\t\t\n\n\n<div class=\"wp-block-hoyre-banner alignwide undefined  is-style-blue\"><div class=\"banner-inner\"><figure class=\"hoyre-image-wrapper\"><div class=\"hoyre-image\"><img loading=\"lazy\" decoding=\"async\" width=\"2500\" height=\"2500\" src=\"https:\/\/hoyre.no\/content\/uploads\/sites\/324\/2023\/08\/Sebastian-IMG_1140-firkanta-scaled.jpeg\" class=\"attachment-scaled size-scaled\" alt=\"Sebastian Haugland, ordf\u00f8rarkandidat\" style=\"object-position: 50% 0%\" srcset=\"https:\/\/hoyre.no\/content\/uploads\/sites\/324\/2023\/08\/Sebastian-IMG_1140-firkanta-scaled.jpeg 2500w, https:\/\/hoyre.no\/content\/uploads\/sites\/324\/2023\/08\/Sebastian-IMG_1140-firkanta-300x300.jpeg 300w, https:\/\/hoyre.no\/content\/uploads\/sites\/324\/2023\/08\/Sebastian-IMG_1140-firkanta-1024x1024.jpeg 1024w, https:\/\/hoyre.no\/content\/uploads\/sites\/324\/2023\/08\/Sebastian-IMG_1140-firkanta-150x150.jpeg 150w, https:\/\/hoyre.no\/content\/uploads\/sites\/324\/2023\/08\/Sebastian-IMG_1140-firkanta-768x768.jpeg 768w, https:\/\/hoyre.no\/content\/uploads\/sites\/324\/2023\/08\/Sebastian-IMG_1140-firkanta-1536x1536.jpeg 1536w, https:\/\/hoyre.no\/content\/uploads\/sites\/324\/2023\/08\/Sebastian-IMG_1140-firkanta-2048x2048.jpeg 2048w\" sizes=\"auto, (max-width: 2500px) 100vw, 2500px\" \/><\/div><\/figure><div class=\"banner-content\"><div class=\"entry-content\">\n<h2 class=\"wp-block-heading\">V\u00e5r gruppeleiar<\/h2>\n\n\n\n<p>Sebastian Haugland er H\u00f8gre sin gruppeleiar i  Oster\u00f8y heradsstyre. Bli betre kjent med kven han er og kva han st\u00e5r for. <\/p>\n\n\n\n<div class=\"wp-block-buttons is-layout-flex wp-block-buttons-is-layout-flex\">\n<div class=\"wp-block-button\"><a class=\"wp-block-button__link wp-element-button\" href=\"https:\/\/hoyre.no\/osteroy\/gruppeleiar\/\">Meir om Sebastian<\/a><\/div>\n<\/div>\n<\/div><\/div><\/div><\/div>\n\n\n\n\n<div class=\"wp-block-hoyre-banner-core-politics alignwide wp-block-hoyre-banner has-icon-title icon-heart undefined is-style-dark\"><div class=\"banner-inner\"><figure class=\"hoyre-image-wrapper\"><div class=\"hoyre-image\"><img loading=\"lazy\" decoding=\"async\" width=\"1512\" height=\"1512\" src=\"https:\/\/hoyre.no\/content\/uploads\/sites\/324\/2023\/08\/Gagnsto-65028105338.jpeg\" class=\"attachment-scaled size-scaled\" alt=\"Olgr\u00f8da\" style=\"object-position: 50% 0%\" srcset=\"https:\/\/hoyre.no\/content\/uploads\/sites\/324\/2023\/08\/Gagnsto-65028105338.jpeg 1512w, https:\/\/hoyre.no\/content\/uploads\/sites\/324\/2023\/08\/Gagnsto-65028105338-300x300.jpeg 300w, https:\/\/hoyre.no\/content\/uploads\/sites\/324\/2023\/08\/Gagnsto-65028105338-1024x1024.jpeg 1024w, https:\/\/hoyre.no\/content\/uploads\/sites\/324\/2023\/08\/Gagnsto-65028105338-150x150.jpeg 150w, https:\/\/hoyre.no\/content\/uploads\/sites\/324\/2023\/08\/Gagnsto-65028105338-768x768.jpeg 768w\" sizes=\"auto, (max-width: 1512px) 100vw, 1512px\" \/><\/div><\/figure><div class=\"banner-content\"><h2>V\u00e5re hjertesaker<\/h2><div class=\"entry-content\">\n<ul class=\"wp-block-list\">\n<li>Oppvekst<\/li>\n\n\n\n<li>Utdanning<\/li>\n\n\n\n<li>Arbeidsplassar<\/li>\n<\/ul>\n<\/div><a href=\"https:\/\/hoyre.no\/osteroy\/politikk\/\" class=\"button wp-block-button__link\">Les mer<\/a><\/div><\/div><\/div>\n\n\n\n\n<div class=\"wp-block-hoyre-banner alignwide undefined  is-style-light\"><div class=\"banner-inner\"><figure class=\"hoyre-image-wrapper\"><div class=\"hoyre-image\"><img decoding=\"async\" loading=\"lazy\" width=\"2048\" height=\"1365\" src=\"https:\/\/hoyre.no\/content\/uploads\/2020\/09\/54483135358_f67d549a0f_k.jpg\" class=\"attachment-scaled size-scaled\" alt=\"Ine\" style=\"object-position: 47% 42%\" \/><\/div><\/figure><div class=\"banner-content\"><div class=\"entry-content\">\n<h2 class=\"wp-block-heading\" id=\"h-bli-medlem-i-hoyre\">Bli medlem i H\u00f8yre<\/h2>\n\n\n\n<p>Vil du v\u00e6re med p\u00e5 \u00e5 skape et samfunn med muligheter for alle? Bli med p\u00e5 laget. Ditt bidrag gj\u00f8r oss enda sterkere.<\/p>\n\n\n\n<div class=\"wp-block-buttons is-layout-flex wp-block-buttons-is-layout-flex\">\n<div class=\"wp-block-button\"><a class=\"wp-block-button__link wp-element-button\" href=\"https:\/\/hoyre.no\/bli-med\/bli-medlem\/\">bli medlem i h\u00f8yre<\/a><\/div>\n<\/div>\n<\/div><\/div><\/div><\/div>\n\n\n\n\n<section class=\"wp-block-hoyre-latest-grid\">\n\t<div class=\"block-inner\">\n\t\t<header>\n\t\t\t<h2>Nyheiter<\/h2>\n\t\t\t\t\t\t\t<a href=\"https:\/\/hoyre.no\/osteroy\/nyheiter\/\">Vis alle<\/a>\n\t\t\t\t\t<\/header>\n\t\t<div class=\"teft-cards-grid default-size-4\">\n\t\t\t<div class=\"teft-cards-item has-12-columns is-style-two-columns is-vertically-aligned-center is-aligned-center is-card-hoyre\">\n\t<div class=\"teft-card hoyre-teft-card post-teft-card\">\n\t\t<a href=\"https:\/\/hoyre.no\/2026\/04\/10\/jeg-blir-provosert\/\" class=\"teft-card__primary-action\">\n\n\t\t\t\t\t<div class=\"teft-card__media teft-card__media--16-9\">\n\t\t\t<span class=\"sticker\">Nasjonal<\/span>\t\t\t<img loading=\"lazy\" decoding=\"async\" width=\"768\" height=\"512\" src=\"https:\/\/hoyre.no\/content\/uploads\/2026\/04\/Ine-Eriksen-Soreide-budsjett-foto-Hans-Kristian-Thorbjornsen-8982-768x512.jpg\" class=\"attachment-medium_large size-medium_large\" alt=\"Ine\" \/>\t\t<\/div>\n\t\t\n\t\t\t<div class=\"teft-card__content-wrapper\">\n\t\t\t\t<div class=\"teft-card__secondary\">\n\t\t\t\t\t\n\t\t\t\t\t\t\t\t<div class=\"teft-card__meta\">\n\t\t\t\t\t\t\t\t\t<span class=\"post-date\">10. apr 2026<\/span>\n\n\t\t\t\t\t\t\t\t\t\t\t\t\t\t\t\t\t<\/div>\n\t\t\t\t\t\t\t\t\t\t\t<\/div>\n\n\t\t\t\t<div class=\"teft-card__primary\">\n\t\t\t\t\t<h2 class=\"teft-card__title\">&#8211; De burde rose, ikke kritisere&nbsp;<span class=\"teft-card__primary-title-append\"><\/span><\/h2>\t\t\t\t<\/div>\n\t\t\t<\/div>\n\t\t<\/a>\n\t<\/div>\n\n\t<!-- From network 1 324--><!-- From card class --><\/div>\t\t\t<div class=\"teft-cards-item has-6-columns  is-card-hoyre\">\n\t<div class=\"teft-card hoyre-teft-card post-teft-card\">\n\t\t<a href=\"https:\/\/hoyre.no\/2026\/04\/10\/her-er-hoyres-kjernekraftpakke\/\" class=\"teft-card__primary-action\">\n\n\t\t\t\t\t<div class=\"teft-card__media teft-card__media--16-9\">\n\t\t\t<span class=\"sticker\">Nasjonal<\/span>\t\t\t<img loading=\"lazy\" decoding=\"async\" width=\"768\" height=\"449\" src=\"https:\/\/hoyre.no\/content\/uploads\/2026\/04\/Skjermbilde-2026-04-10-kl.-11.18.25-768x449.png\" class=\"attachment-medium_large size-medium_large\" alt=\"Energi\" \/>\t\t<\/div>\n\t\t\n\t\t\t<div class=\"teft-card__content-wrapper\">\n\t\t\t\t<div class=\"teft-card__secondary\">\n\t\t\t\t\t\n\t\t\t\t\t\t\t\t<div class=\"teft-card__meta\">\n\t\t\t\t\t\t\t\t\t<span class=\"post-date\">10. apr 2026<\/span>\n\n\t\t\t\t\t\t\t\t\t\t\t\t\t\t\t\t\t<\/div>\n\t\t\t\t\t\t\t\t\t\t\t<\/div>\n\n\t\t\t\t<div class=\"teft-card__primary\">\n\t\t\t\t\t<h2 class=\"teft-card__title\">&#8211; Staten skal legge til rette, ikke ta regningen&nbsp;<span class=\"teft-card__primary-title-append\"><\/span><\/h2>\t\t\t\t<\/div>\n\t\t\t<\/div>\n\t\t<\/a>\n\t<\/div>\n\n\t<!-- From network 1 324--><!-- From card class --><\/div>\t\t\t<div class=\"teft-cards-item has-6-columns  is-card-hoyre\">\n\t<div class=\"teft-card hoyre-teft-card post-teft-card\">\n\t\t<a href=\"https:\/\/hoyre.no\/2026\/04\/09\/vil-kjempe-til-jeg-blir-pensjonist\/\" class=\"teft-card__primary-action\">\n\n\t\t\t\t\t<div class=\"teft-card__media teft-card__media--16-9\">\n\t\t\t<span class=\"sticker\">Nasjonal<\/span>\t\t\t<img loading=\"lazy\" decoding=\"async\" width=\"768\" height=\"512\" src=\"https:\/\/hoyre.no\/content\/uploads\/2026\/04\/Erna-apner-valgkampsentralen-foto-Hans-Kristian-Thorbjornsen-1181_43235870b92-768x512.avif\" class=\"attachment-medium_large size-medium_large\" alt=\"Erna fylker\" \/>\t\t<\/div>\n\t\t\n\t\t\t<div class=\"teft-card__content-wrapper\">\n\t\t\t\t<div class=\"teft-card__secondary\">\n\t\t\t\t\t\n\t\t\t\t\t\t\t\t<div class=\"teft-card__meta\">\n\t\t\t\t\t\t\t\t\t<span class=\"post-date\">9. apr 2026<\/span>\n\n\t\t\t\t\t\t\t\t\t\t\t\t\t\t\t\t\t<\/div>\n\t\t\t\t\t\t\t\t\t\t\t<\/div>\n\n\t\t\t\t<div class=\"teft-card__primary\">\n\t\t\t\t\t<h2 class=\"teft-card__title\">&#8211; Lukker \u00f8ynene for at det er un\u00f8dvendig og dyrt&nbsp;<span class=\"teft-card__primary-title-append\"><\/span><\/h2>\t\t\t\t<\/div>\n\t\t\t<\/div>\n\t\t<\/a>\n\t<\/div>\n\n\t<!-- From network 1 324--><!-- From card class --><\/div>\t\t\t<div class=\"teft-cards-item has-4-columns is-card-hoyre\">\n\t<div class=\"teft-card hoyre-teft-card post-teft-card\">\n\t\t<a href=\"https:\/\/hoyre.no\/2026\/04\/09\/nar-prisene-stenger-doren-for-unge\/\" class=\"teft-card__primary-action\">\n\n\t\t\t\t\t<div class=\"teft-card__media teft-card__media--16-9\">\n\t\t\t<span class=\"sticker\">Nasjonal<\/span>\t\t\t<img loading=\"lazy\" decoding=\"async\" width=\"768\" height=\"512\" src=\"https:\/\/hoyre.no\/content\/uploads\/2026\/04\/GettyImages-2258268691-768x512.jpg\" class=\"attachment-medium_large size-medium_large\" alt=\"Oslo\" \/>\t\t<\/div>\n\t\t\n\t\t\t<div class=\"teft-card__content-wrapper\">\n\t\t\t\t<div class=\"teft-card__secondary\">\n\t\t\t\t\t\n\t\t\t\t\t\t\t\t<div class=\"teft-card__meta\">\n\t\t\t\t\t\t\t\t\t<span class=\"post-date\">9. apr 2026<\/span>\n\n\t\t\t\t\t\t\t\t\t\t\t\t\t\t\t\t\t<\/div>\n\t\t\t\t\t\t\t\t\t\t\t<\/div>\n\n\t\t\t\t<div class=\"teft-card__primary\">\n\t\t\t\t\t<h2 class=\"teft-card__title\">Er du en som trekker stigen opp etter deg?&nbsp;<span class=\"teft-card__primary-title-append\"><\/span><\/h2>\t\t\t\t<\/div>\n\t\t\t<\/div>\n\t\t<\/a>\n\t<\/div>\n\n\t<!-- From network 1 324--><!-- From card class --><\/div>\t\t\t<div class=\"teft-cards-item has-4-columns is-card-hoyre\">\n\t<div class=\"teft-card hoyre-teft-card post-teft-card\">\n\t\t<a href=\"https:\/\/hoyre.no\/2026\/04\/09\/dette-ser-ut-som-en-skandale\/\" class=\"teft-card__primary-action\">\n\n\t\t\t\t\t<div class=\"teft-card__media teft-card__media--16-9\">\n\t\t\t<span class=\"sticker\">Nasjonal<\/span>\t\t\t<img loading=\"lazy\" decoding=\"async\" width=\"768\" height=\"512\" src=\"https:\/\/hoyre.no\/content\/uploads\/2026\/04\/Y9A1717-768x512.jpg\" class=\"attachment-medium_large size-medium_large\" alt=\"Peter\" \/>\t\t<\/div>\n\t\t\n\t\t\t<div class=\"teft-card__content-wrapper\">\n\t\t\t\t<div class=\"teft-card__secondary\">\n\t\t\t\t\t\n\t\t\t\t\t\t\t\t<div class=\"teft-card__meta\">\n\t\t\t\t\t\t\t\t\t<span class=\"post-date\">9. apr 2026<\/span>\n\n\t\t\t\t\t\t\t\t\t\t\t\t\t\t\t\t\t<\/div>\n\t\t\t\t\t\t\t\t\t\t\t<\/div>\n\n\t\t\t\t<div class=\"teft-card__primary\">\n\t\t\t\t\t<h2 class=\"teft-card__title\">F-16-donasjon til Ukraina st\u00e5r demontert i Belgia: &#8211; En skandale&nbsp;<span class=\"teft-card__primary-title-append\"><\/span><\/h2>\t\t\t\t<\/div>\n\t\t\t<\/div>\n\t\t<\/a>\n\t<\/div>\n\n\t<!-- From network 1 324--><!-- From card class --><\/div>\t\t\t<div class=\"teft-cards-item has-4-columns is-card-hoyre\">\n\t<div class=\"teft-card hoyre-teft-card post-teft-card\">\n\t\t<a href=\"https:\/\/hoyre.no\/2026\/04\/08\/rentelofter-pa-tilliten-los\/\" class=\"teft-card__primary-action\">\n\n\t\t\t\t\t<div class=\"teft-card__media teft-card__media--16-9\">\n\t\t\t<span class=\"sticker\">Nasjonal<\/span>\t\t\t<img loading=\"lazy\" decoding=\"async\" width=\"768\" height=\"512\" src=\"https:\/\/hoyre.no\/content\/uploads\/2026\/04\/fW2QD6jA-768x512.jpeg\" class=\"attachment-medium_large size-medium_large\" alt=\"Ola\" \/>\t\t<\/div>\n\t\t\n\t\t\t<div class=\"teft-card__content-wrapper\">\n\t\t\t\t<div class=\"teft-card__secondary\">\n\t\t\t\t\t\n\t\t\t\t\t\t\t\t<div class=\"teft-card__meta\">\n\t\t\t\t\t\t\t\t\t<span class=\"post-date\">9. apr 2026<\/span>\n\n\t\t\t\t\t\t\t\t\t\t\t\t\t\t\t\t\t<\/div>\n\t\t\t\t\t\t\t\t\t\t\t<\/div>\n\n\t\t\t\t<div class=\"teft-card__primary\">\n\t\t\t\t\t<h2 class=\"teft-card__title\">Aps rentel\u00f8fter g\u00e5r p\u00e5 tilliten l\u00f8s&nbsp;<span class=\"teft-card__primary-title-append\"><\/span><\/h2>\t\t\t\t<\/div>\n\t\t\t<\/div>\n\t\t<\/a>\n\t<\/div>\n\n\t<!-- From network 1 324--><!-- From card class --><\/div>\t\t\t\t\t<\/div>\n\t<\/div>\n<\/section>\n\n\n\n\n\n\n\n","protected":false},"excerpt":{"rendered":"","protected":false},"author":1,"featured_media":0,"parent":0,"menu_order":0,"comment_status":"closed","ping_status":"closed","template":"","meta":{"teft_cards_image_url":"","teft_cards_custom_pretitle":"","teft_cards_image_id":94,"teft_cards_image_focal_point_x":0.5,"teft_cards_image_focal_point_y":0.5,"teft_cards_title":"Oster\u00f8y H\u00f8gre: Framsida","teft_cards_excerpt":"Bakgrunnen din skal ikkje ha noko \u00e5 seie for kva moglegheiter du har p\u00e5 Oster\u00f8y.","teft_show_chapters":false,"footnotes":""},"class_list":["post-3","page","type-page","status-publish","hentry"],"yoast_head":"<!-- This site is optimized with the Yoast SEO plugin v26.6 - https:\/\/yoast.com\/wordpress\/plugins\/seo\/ -->\n<title>Framsida - Oster\u00f8y H\u00f8gre<\/title>\n<meta name=\"robots\" content=\"index, follow, max-snippet:-1, max-image-preview:large, max-video-preview:-1\" \/>\n<link rel=\"canonical\" href=\"https:\/\/hoyre.no\/osteroy\/\" \/>\n<meta property=\"og:locale\" content=\"nn_NO\" \/>\n<meta property=\"og:type\" content=\"article\" \/>\n<meta property=\"og:title\" content=\"Framsida - Oster\u00f8y H\u00f8gre\" \/>\n<meta property=\"og:url\" content=\"https:\/\/hoyre.no\/osteroy\/\" \/>\n<meta property=\"og:site_name\" content=\"Oster\u00f8y H\u00f8gre\" \/>\n<meta property=\"article:modified_time\" content=\"2026-03-05T13:13:36+00:00\" \/>\n<meta property=\"og:image\" content=\"https:\/\/hoyre.no\/content\/uploads\/sites\/324\/2023\/08\/Burkelandsfjellet-IMG_3056-1024x404.jpg\" \/>\n<meta name=\"twitter:card\" content=\"summary_large_image\" \/>\n<meta name=\"twitter:label1\" content=\"Est. reading time\" \/>\n\t<meta name=\"twitter:data1\" content=\"1 minutt\" \/>\n<script type=\"application\/ld+json\" class=\"yoast-schema-graph\">{\"@context\":\"https:\/\/schema.org\",\"@graph\":[{\"@type\":\"WebPage\",\"@id\":\"https:\/\/hoyre.no\/osteroy\/\",\"url\":\"https:\/\/hoyre.no\/osteroy\/\",\"name\":\"Framsida - Oster\u00f8y H\u00f8gre\",\"isPartOf\":{\"@id\":\"https:\/\/hoyre.no\/osteroy\/#website\"},\"datePublished\":\"2020-11-14T19:59:27+00:00\",\"dateModified\":\"2026-03-05T13:13:36+00:00\",\"breadcrumb\":{\"@id\":\"https:\/\/hoyre.no\/osteroy\/#breadcrumb\"},\"inLanguage\":\"nn-NO\",\"potentialAction\":[{\"@type\":\"ReadAction\",\"target\":[\"https:\/\/hoyre.no\/osteroy\/\"]}]},{\"@type\":\"BreadcrumbList\",\"@id\":\"https:\/\/hoyre.no\/osteroy\/#breadcrumb\",\"itemListElement\":[{\"@type\":\"ListItem\",\"position\":1,\"name\":\"Til hoyre.no\",\"item\":\"https:\/\/hoyre.no\"},{\"@type\":\"ListItem\",\"position\":2,\"name\":\"Hjem\",\"item\":\"https:\/\/hoyre.no\/osteroy\/\"},{\"@type\":\"ListItem\",\"position\":3,\"name\":\"Framsida\"}]},{\"@type\":\"WebSite\",\"@id\":\"https:\/\/hoyre.no\/osteroy\/#website\",\"url\":\"https:\/\/hoyre.no\/osteroy\/\",\"name\":\"Oster\u00f8y H\u00f8gre\",\"description\":\"Bare enda et H\u00f8yres nettsteder-nettsted\",\"inLanguage\":\"nn-NO\"}]}<\/script>\n<!-- \/ Yoast SEO plugin. -->","yoast_head_json":{"title":"Framsida - Oster\u00f8y H\u00f8gre","robots":{"index":"index","follow":"follow","max-snippet":"max-snippet:-1","max-image-preview":"max-image-preview:large","max-video-preview":"max-video-preview:-1"},"canonical":"https:\/\/hoyre.no\/osteroy\/","og_locale":"nn_NO","og_type":"article","og_title":"Framsida - Oster\u00f8y H\u00f8gre","og_url":"https:\/\/hoyre.no\/osteroy\/","og_site_name":"Oster\u00f8y H\u00f8gre","article_modified_time":"2026-03-05T13:13:36+00:00","og_image":[{"url":"https:\/\/hoyre.no\/content\/uploads\/sites\/324\/2023\/08\/Burkelandsfjellet-IMG_3056-1024x404.jpg","width":"","height":"","type":""}],"twitter_card":"summary_large_image","twitter_misc":{"Est. reading time":"1 minutt"},"schema":{"@context":"https:\/\/schema.org","@graph":[{"@type":"WebPage","@id":"https:\/\/hoyre.no\/osteroy\/","url":"https:\/\/hoyre.no\/osteroy\/","name":"Framsida - Oster\u00f8y H\u00f8gre","isPartOf":{"@id":"https:\/\/hoyre.no\/osteroy\/#website"},"datePublished":"2020-11-14T19:59:27+00:00","dateModified":"2026-03-05T13:13:36+00:00","breadcrumb":{"@id":"https:\/\/hoyre.no\/osteroy\/#breadcrumb"},"inLanguage":"nn-NO","potentialAction":[{"@type":"ReadAction","target":["https:\/\/hoyre.no\/osteroy\/"]}]},{"@type":"BreadcrumbList","@id":"https:\/\/hoyre.no\/osteroy\/#breadcrumb","itemListElement":[{"@type":"ListItem","position":1,"name":"Til hoyre.no","item":"https:\/\/hoyre.no"},{"@type":"ListItem","position":2,"name":"Hjem","item":"https:\/\/hoyre.no\/osteroy\/"},{"@type":"ListItem","position":3,"name":"Framsida"}]},{"@type":"WebSite","@id":"https:\/\/hoyre.no\/osteroy\/#website","url":"https:\/\/hoyre.no\/osteroy\/","name":"Oster\u00f8y H\u00f8gre","description":"Bare enda et H\u00f8yres nettsteder-nettsted","inLanguage":"nn-NO"}]}},"distributor_meta":false,"distributor_terms":false,"distributor_media":false,"distributor_original_site_name":"Oster\u00f8y H\u00f8gre","distributor_original_site_url":"https:\/\/hoyre.no\/osteroy","push-errors":false,"_links":{"self":[{"href":"https:\/\/hoyre.no\/osteroy\/wp-json\/wp\/v2\/pages\/3","targetHints":{"allow":["GET"]}}],"collection":[{"href":"https:\/\/hoyre.no\/osteroy\/wp-json\/wp\/v2\/pages"}],"about":[{"href":"https:\/\/hoyre.no\/osteroy\/wp-json\/wp\/v2\/types\/page"}],"author":[{"embeddable":true,"href":"https:\/\/hoyre.no\/osteroy\/wp-json\/wp\/v2\/users\/1"}],"replies":[{"embeddable":true,"href":"https:\/\/hoyre.no\/osteroy\/wp-json\/wp\/v2\/comments?post=3"}],"version-history":[{"count":17,"href":"https:\/\/hoyre.no\/osteroy\/wp-json\/wp\/v2\/pages\/3\/revisions"}],"predecessor-version":[{"id":256,"href":"https:\/\/hoyre.no\/osteroy\/wp-json\/wp\/v2\/pages\/3\/revisions\/256"}],"wp:attachment":[{"href":"https:\/\/hoyre.no\/osteroy\/wp-json\/wp\/v2\/media?parent=3"}],"curies":[{"name":"wp","href":"https:\/\/api.w.org\/{rel}","templated":true}]}}