{"id":46,"date":"2023-08-18T07:14:25","date_gmt":"2023-08-18T05:14:25","guid":{"rendered":"https:\/\/hoyre.no\/osteroy\/?page_id=46"},"modified":"2025-02-14T13:07:35","modified_gmt":"2025-02-14T12:07:35","slug":"gruppeleiar","status":"publish","type":"page","link":"https:\/\/hoyre.no\/osteroy\/gruppeleiar\/","title":{"rendered":"Gruppeleiar"},"content":{"rendered":"\n<div class=\"wp-block-hoyre-hero with-image-gradient text-color-light  has-media alignfull has-background\"><div class=\"hoyre-hero has-image\"><h1 class=\"title\">Sebastian Haugland<\/h1><p class=\"preamble\">H\u00f8gre sin gruppeleiar i Oster\u00f8y heradsstyre<\/p>\t\t\t<div class=\"post-meta wp-block teft-byline-wrapper\">\n\t\t\t\t<div class=\"top\">\n\t\t\t\t\t<div class=\"signature\">\n\t\t\t\t\t\t<div class=\"teft-byline\">\n\t\t\t\t\t\t\t\t\t\t\t\t\t\t<div>\n\t\t\t\t\t\t\t\t<h3>H\u00f8yres redaksjon<\/h3>\t\t\t\t\t\t\t\t\n\t\t\t\t\t\t\t\t\t\t\t\t\t\t\t\t\t<span class=\"date\">Sist oppdatert: 14. februar 2025<\/span>\n\t\t\t\t\t\t\t\t\t\t\t\t\t\t\t\t\t\t\t\t\t\t\t\t\t<span class=\"reading-time\" itemprop=\"timeRequired\" content=\"PT3M\"><em>Ca. 3 minutter lesetid<\/em><\/span>\n\t\t\t\t\t\t\t\t\t\t\t\t\t\t\t<\/div>\n\t\t\t\t\t\t<\/div>\n\t\t\t\t\t<\/div>\n\t\t\t\t\t\t<div class=\"sharing\">\n\t\t<a class=\"share-button share-link copy-link\" data-copy=\"https:\/\/hoyre.no\/osteroy\/gruppeleiar\/\" target=\"_blank\"><span class=\"screen-reader-text\">Del link<\/span><\/a>\n\t\t<a class=\"share-button share-twitter\" href=\"http:\/\/twitter.com\/share?text=Gruppeleiar&#038;url=https:\/\/hoyre.no\/osteroy\/gruppeleiar\/&#038;hashtags=Hoyre\" target=\"_blank\"><span class=\"screen-reader-text\">Del p\u00e5 twitter<\/span><\/a>\n\t\t<a class=\"share-button share-facebook\" href=\"https:\/\/www.facebook.com\/sharer\/sharer.php?u=https:\/\/hoyre.no\/osteroy\/gruppeleiar\/\" target=\"_blank\"><span class=\"screen-reader-text\">Del p\u00e5 facebook<\/span><\/a>\n\t<\/div>\n\t\t\t\t\t<\/div>\n\t\t\t<\/div>\n\n\t\t\t<figure class=\"hoyre-image-wrapper\"><div class=\"hoyre-image\"><img loading=\"lazy\" decoding=\"async\" width=\"1000\" height=\"1000\" src=\"https:\/\/hoyre.no\/content\/uploads\/sites\/324\/2022\/11\/Hoyres-logo.png\" class=\"attachment-scaled size-scaled\" alt=\"\" style=\"object-position: 50% 50%\" srcset=\"https:\/\/hoyre.no\/content\/uploads\/sites\/324\/2022\/11\/Hoyres-logo.png 1000w, https:\/\/hoyre.no\/content\/uploads\/sites\/324\/2022\/11\/Hoyres-logo-300x300.png 300w, https:\/\/hoyre.no\/content\/uploads\/sites\/324\/2022\/11\/Hoyres-logo-150x150.png 150w, https:\/\/hoyre.no\/content\/uploads\/sites\/324\/2022\/11\/Hoyres-logo-768x768.png 768w\" sizes=\"auto, (max-width: 1000px) 100vw, 1000px\" \/><\/div><\/figure><\/div><\/div>\n\n\n\n\n<div class=\"wp-block-buttons is-content-justification-center is-layout-flex wp-container-core-buttons-is-layout-16018d1d wp-block-buttons-is-layout-flex\">\n<div class=\"wp-block-button\"><a class=\"wp-block-button__link wp-element-button\" href=\"https:\/\/hoyre.no\/nyhetsbrev\/\">h\u00f8gre sitt nyhendebrev<\/a><\/div>\n\n\n\n<div class=\"wp-block-button\"><a class=\"wp-block-button__link wp-element-button\" href=\"mailto:sebhau97@gmail.com\">kontakt med Sebastian<\/a><\/div>\n\n\n\n<div class=\"wp-block-button\"><a class=\"wp-block-button__link wp-element-button\" href=\"https:\/\/www.facebook.com\/osteroy.hogre\">f\u00f8lg Oster\u00f8y h\u00f8yre p\u00e5 facebook<\/a><\/div>\n<\/div>\n\n\n\n<div class=\"wp-block-hoyre-banner undefined has-icon-title icon-heart is-style-blue\"><div class=\"banner-inner\"><figure class=\"hoyre-image-wrapper\"><div class=\"hoyre-image\"><img loading=\"lazy\" decoding=\"async\" width=\"2500\" height=\"2500\" src=\"https:\/\/hoyre.no\/content\/uploads\/sites\/324\/2023\/08\/Sebastian-IMG_1140-firkanta-scaled.jpeg\" class=\"attachment-scaled size-scaled\" alt=\"Sebastian Haugland, ordf\u00f8rarkandidat\" style=\"object-position: 50% 0%\" srcset=\"https:\/\/hoyre.no\/content\/uploads\/sites\/324\/2023\/08\/Sebastian-IMG_1140-firkanta-scaled.jpeg 2500w, https:\/\/hoyre.no\/content\/uploads\/sites\/324\/2023\/08\/Sebastian-IMG_1140-firkanta-300x300.jpeg 300w, https:\/\/hoyre.no\/content\/uploads\/sites\/324\/2023\/08\/Sebastian-IMG_1140-firkanta-1024x1024.jpeg 1024w, https:\/\/hoyre.no\/content\/uploads\/sites\/324\/2023\/08\/Sebastian-IMG_1140-firkanta-150x150.jpeg 150w, https:\/\/hoyre.no\/content\/uploads\/sites\/324\/2023\/08\/Sebastian-IMG_1140-firkanta-768x768.jpeg 768w, https:\/\/hoyre.no\/content\/uploads\/sites\/324\/2023\/08\/Sebastian-IMG_1140-firkanta-1536x1536.jpeg 1536w, https:\/\/hoyre.no\/content\/uploads\/sites\/324\/2023\/08\/Sebastian-IMG_1140-firkanta-2048x2048.jpeg 2048w\" sizes=\"auto, (max-width: 2500px) 100vw, 2500px\" \/><\/div><\/figure><div class=\"banner-content\"><div class=\"entry-content\">\n<h2 class=\"wp-block-heading has-text-align-center\" id=\"h-bli-bedre-kjent-med-navn\">Bli betre kjent med Sebastian!<\/h2>\n\n\n\n<p class=\"has-text-align-left\"><strong>Bustad:<\/strong> Loft\u00e5s<\/p>\n\n\n\n<p class=\"has-text-align-left\"><strong>Sivilstatus:<\/strong> Ugift<\/p>\n\n\n\n<p class=\"has-text-align-left\"><strong>Jobb:<\/strong> L\u00e6rar ved Oster\u00f8y ungdomsskule<\/p>\n\n\n\n<p class=\"has-text-align-left\"><strong>Bakgrunn:<\/strong> L\u00e6rarutdanning med fokus p\u00e5 teater og drama<\/p>\n\n\n\n<p class=\"has-text-align-left\"><strong>Politisk r\u00f8ynsle:<\/strong> Vararepresentant for H\u00f8gre i 2019-2023, no fast representant og gruppeleiar<\/p>\n\n\n\n<p class=\"has-text-align-left\"><strong>Kvifor er H\u00f8gre riktig parti for deg?<\/strong> H\u00f8gre er eit parti som trur p\u00e5 at ein sj\u00f8lv veit best kva som er riktig for ein sj\u00f8lv. Folk er ulik, og det annerkjenner&nbsp;h\u00f8gre. H\u00f8gre trur ikkje p\u00e5 eit A4 samfunn der alt funker for alt, og det gjer heller ikkje eg.<\/p>\n\n\n\n<p class=\"has-text-align-left\"><strong>Det er laurdag, klokka n\u00e6rmar seg 19.00. Kva et du helst til middag?<\/strong> Taco<\/p>\n\n\n\n<p class=\"has-text-align-left\"><strong>Konsert eller idrettsarrangement?<\/strong> Helst ei teaterframsyning, men eit idrettsarrangement d\u00e5.<\/p>\n\n\n\n<p class=\"has-text-align-left\"><strong>Om du skulle valgt ein, kven er din favorittartist?<\/strong> Ed Sheeran<\/p>\n\n\n\n<p class=\"has-text-align-left\"><strong>Funfact?<\/strong> Eg blei spurt om \u00e5 st\u00e5 p\u00e5 lista til b\u00e5de Arbeiderpartiet og Venstre, f\u00f8r eg sj\u00f8lv bad om \u00e5 f\u00e5 vera listekandidat for H\u00f8gre ved f\u00f8rre val.<\/p>\n\n\n\n<p class=\"has-text-align-left\"><strong>Kva plass er din favoritt i kommunen og utafor kommunen?<\/strong>&nbsp;Bruvik er ein vakker plass, som eg sj\u00f8lv forbinder med ferie og bading. Etter tre fantastiske \u00e5r p\u00e5 vidareg\u00e5ande skule i Fyllingsdalen har faktisk den bydelen ein ekstra plass i hjarta.<\/p>\n<\/div><\/div><\/div><\/div>\n\n\n\n<figure class=\"wp-block-teft-gallery columns-3 count-3 rows-2 is-cropped\"><ul class=\"teft-gallery-grid\"><li class=\"teft-gallery-item \"><figure><a href=\"https:\/\/hoyre.no\/content\/uploads\/sites\/324\/2023\/08\/sebastian-kopi.jpg\" data-size=\"1512x1512\"><img loading=\"lazy\" decoding=\"async\" width=\"1024\" height=\"1024\" src=\"https:\/\/hoyre.no\/content\/uploads\/sites\/324\/2023\/08\/sebastian-kopi-1024x1024.jpg\" class=\"attachment-large size-large\" alt=\"\" srcset=\"https:\/\/hoyre.no\/content\/uploads\/sites\/324\/2023\/08\/sebastian-kopi-1024x1024.jpg 1024w, https:\/\/hoyre.no\/content\/uploads\/sites\/324\/2023\/08\/sebastian-kopi-300x300.jpg 300w, https:\/\/hoyre.no\/content\/uploads\/sites\/324\/2023\/08\/sebastian-kopi-150x150.jpg 150w, https:\/\/hoyre.no\/content\/uploads\/sites\/324\/2023\/08\/sebastian-kopi-768x768.jpg 768w, https:\/\/hoyre.no\/content\/uploads\/sites\/324\/2023\/08\/sebastian-kopi.jpg 1512w\" sizes=\"auto, (max-width: 1024px) 100vw, 1024px\" \/ data-full-url=\"https:\/\/hoyre.no\/content\/uploads\/sites\/324\/2023\/08\/sebastian-kopi.jpg\" data-id=\"100\" data-caption=\"100\"\/><\/a><\/figure><\/li><li class=\"teft-gallery-item \"><figure><a href=\"https:\/\/hoyre.no\/content\/uploads\/sites\/324\/2023\/08\/Valestrand-Stand-IMG_4582-scaled.jpg\" data-size=\"2468x2500\"><img loading=\"lazy\" decoding=\"async\" width=\"1011\" height=\"1024\" src=\"https:\/\/hoyre.no\/content\/uploads\/sites\/324\/2023\/08\/Valestrand-Stand-IMG_4582-1011x1024.jpg\" class=\"attachment-large size-large\" alt=\"\" srcset=\"https:\/\/hoyre.no\/content\/uploads\/sites\/324\/2023\/08\/Valestrand-Stand-IMG_4582-1011x1024.jpg 1011w, https:\/\/hoyre.no\/content\/uploads\/sites\/324\/2023\/08\/Valestrand-Stand-IMG_4582-296x300.jpg 296w, https:\/\/hoyre.no\/content\/uploads\/sites\/324\/2023\/08\/Valestrand-Stand-IMG_4582-768x778.jpg 768w, https:\/\/hoyre.no\/content\/uploads\/sites\/324\/2023\/08\/Valestrand-Stand-IMG_4582-1516x1536.jpg 1516w, https:\/\/hoyre.no\/content\/uploads\/sites\/324\/2023\/08\/Valestrand-Stand-IMG_4582-2022x2048.jpg 2022w\" sizes=\"auto, (max-width: 1011px) 100vw, 1011px\" \/ data-full-url=\"https:\/\/hoyre.no\/content\/uploads\/sites\/324\/2023\/08\/Valestrand-Stand-IMG_4582-scaled.jpg\" data-id=\"99\" data-caption=\"99\"\/><\/a><\/figure><\/li><li class=\"teft-gallery-item \"><figure><a href=\"https:\/\/hoyre.no\/content\/uploads\/sites\/324\/2023\/10\/sebastian-talarstol.jpeg\" data-size=\"1609x2107\"><img loading=\"lazy\" decoding=\"async\" width=\"782\" height=\"1024\" src=\"https:\/\/hoyre.no\/content\/uploads\/sites\/324\/2023\/10\/sebastian-talarstol-782x1024.jpeg\" class=\"attachment-large size-large\" alt=\"\" srcset=\"https:\/\/hoyre.no\/content\/uploads\/sites\/324\/2023\/10\/sebastian-talarstol-782x1024.jpeg 782w, https:\/\/hoyre.no\/content\/uploads\/sites\/324\/2023\/10\/sebastian-talarstol-229x300.jpeg 229w, https:\/\/hoyre.no\/content\/uploads\/sites\/324\/2023\/10\/sebastian-talarstol-768x1006.jpeg 768w, https:\/\/hoyre.no\/content\/uploads\/sites\/324\/2023\/10\/sebastian-talarstol-1173x1536.jpeg 1173w, https:\/\/hoyre.no\/content\/uploads\/sites\/324\/2023\/10\/sebastian-talarstol-1564x2048.jpeg 1564w, https:\/\/hoyre.no\/content\/uploads\/sites\/324\/2023\/10\/sebastian-talarstol.jpeg 1609w\" sizes=\"auto, (max-width: 782px) 100vw, 782px\" \/ data-full-url=\"https:\/\/hoyre.no\/content\/uploads\/sites\/324\/2023\/10\/sebastian-talarstol.jpeg\" data-id=\"129\" data-caption=\"129\"\/><\/a><\/figure><\/li><\/ul><\/figure>\n\n\n\n<h2 class=\"wp-block-heading has-text-align-center\">Sebastian sine hjartesaker er<\/h2>\n\n\n\n<h3 class=\"wp-block-heading\">\ud83d\udc99 <strong>Oppvekst<\/strong><\/h3>\n\n\n\n<p>N\u00f8kkelen til velstand og moglegheiter i framtida ligg i investeringa samfunnet gjer i oppveksttilh\u00f8ve og oppl\u00e6ring av barn og unge.<\/p>\n\n\n\n<h3 class=\"wp-block-heading\">\ud83d\udc99 Utdanning<\/h3>\n\n\n\n<p>Eg vil at skulen skal ha h\u00f8g kvalitet og gode tilh\u00f8ve for barn sin l\u00e6ring og sosial utvikling, uavhengig av deira faglege styrke eller kva skule dei g\u00e5r p\u00e5, der dei har moglegheita for \u00e5 lukkast.<\/p>\n\n\n\n<h3 class=\"wp-block-heading\">\ud83d\udc99 Arbeidsplassar<\/h3>\n\n\n\n<p>Eit l\u00f8nsamt og nyskapande n\u00e6ringsliv er ein f\u00f8resetnad for samfunnet si offentlege og private velferd. Det gode n\u00e6ringslivet me alt har m\u00e5 f\u00e5 moglegheita til \u00e5 blomstra og veksa, og samstundes m\u00e5 me trekkja til oss nye eller etablerte bedrifter for \u00e5 skapa end\u00e5 fleire arbeidsplassar.<\/p>\n\n","protected":false},"excerpt":{"rendered":"","protected":false},"author":27738,"featured_media":0,"parent":0,"menu_order":0,"comment_status":"closed","ping_status":"closed","template":"","meta":{"teft_cards_image_url":"","teft_cards_custom_pretitle":"","teft_cards_image_id":0,"teft_cards_image_focal_point_x":0.5,"teft_cards_image_focal_point_y":0.5,"teft_cards_title":"","teft_cards_excerpt":"","teft_show_chapters":false,"footnotes":""},"class_list":["post-46","page","type-page","status-publish","hentry"],"yoast_head":"<!-- This site is optimized with the Yoast SEO plugin v26.6 - https:\/\/yoast.com\/wordpress\/plugins\/seo\/ -->\n<title>Gruppeleiar - Oster\u00f8y H\u00f8gre<\/title>\n<meta name=\"description\" content=\"Sebastian Haugland er Oster\u00f8y H\u00f8gre sin ordf\u00f8rarkandidat. Han er oppteken av oppvekst, utdanning og \u00e5 skapa fleire arbeidsplassar i kommunen.\" \/>\n<meta name=\"robots\" content=\"index, follow, max-snippet:-1, max-image-preview:large, max-video-preview:-1\" \/>\n<link rel=\"canonical\" href=\"https:\/\/hoyre.no\/osteroy\/gruppeleiar\/\" \/>\n<meta property=\"og:locale\" content=\"nn_NO\" \/>\n<meta property=\"og:type\" content=\"article\" \/>\n<meta property=\"og:title\" content=\"Gruppeleiar - Oster\u00f8y H\u00f8gre\" \/>\n<meta property=\"og:description\" content=\"Sebastian Haugland er Oster\u00f8y H\u00f8gre sin ordf\u00f8rarkandidat. Han er oppteken av oppvekst, utdanning og \u00e5 skapa fleire arbeidsplassar i kommunen.\" \/>\n<meta property=\"og:url\" content=\"https:\/\/hoyre.no\/osteroy\/gruppeleiar\/\" \/>\n<meta property=\"og:site_name\" content=\"Oster\u00f8y H\u00f8gre\" \/>\n<meta property=\"article:modified_time\" content=\"2025-02-14T12:07:35+00:00\" \/>\n<meta property=\"og:image\" content=\"https:\/\/hoyre.no\/content\/uploads\/sites\/324\/2022\/11\/Hoyres-logo.png\" \/>\n\t<meta property=\"og:image:width\" content=\"1000\" \/>\n\t<meta property=\"og:image:height\" content=\"1000\" \/>\n\t<meta property=\"og:image:type\" content=\"image\/png\" \/>\n<meta name=\"twitter:card\" content=\"summary_large_image\" \/>\n<meta name=\"twitter:label1\" content=\"Est. reading time\" \/>\n\t<meta name=\"twitter:data1\" content=\"2 minutt\" \/>\n<script type=\"application\/ld+json\" class=\"yoast-schema-graph\">{\"@context\":\"https:\/\/schema.org\",\"@graph\":[{\"@type\":\"WebPage\",\"@id\":\"https:\/\/hoyre.no\/osteroy\/gruppeleiar\/\",\"url\":\"https:\/\/hoyre.no\/osteroy\/gruppeleiar\/\",\"name\":\"Gruppeleiar - Oster\u00f8y H\u00f8gre\",\"isPartOf\":{\"@id\":\"https:\/\/hoyre.no\/osteroy\/#website\"},\"datePublished\":\"2023-08-18T05:14:25+00:00\",\"dateModified\":\"2025-02-14T12:07:35+00:00\",\"description\":\"Sebastian Haugland er Oster\u00f8y H\u00f8gre sin ordf\u00f8rarkandidat. Han er oppteken av oppvekst, utdanning og \u00e5 skapa fleire arbeidsplassar i kommunen.\",\"breadcrumb\":{\"@id\":\"https:\/\/hoyre.no\/osteroy\/gruppeleiar\/#breadcrumb\"},\"inLanguage\":\"nn-NO\",\"potentialAction\":[{\"@type\":\"ReadAction\",\"target\":[\"https:\/\/hoyre.no\/osteroy\/gruppeleiar\/\"]}]},{\"@type\":\"BreadcrumbList\",\"@id\":\"https:\/\/hoyre.no\/osteroy\/gruppeleiar\/#breadcrumb\",\"itemListElement\":[{\"@type\":\"ListItem\",\"position\":1,\"name\":\"Til hoyre.no\",\"item\":\"https:\/\/hoyre.no\"},{\"@type\":\"ListItem\",\"position\":2,\"name\":\"Hjem\",\"item\":\"https:\/\/hoyre.no\/osteroy\/\"},{\"@type\":\"ListItem\",\"position\":3,\"name\":\"Gruppeleiar\"}]},{\"@type\":\"WebSite\",\"@id\":\"https:\/\/hoyre.no\/osteroy\/#website\",\"url\":\"https:\/\/hoyre.no\/osteroy\/\",\"name\":\"Oster\u00f8y H\u00f8gre\",\"description\":\"Bare enda et H\u00f8yres nettsteder-nettsted\",\"inLanguage\":\"nn-NO\"}]}<\/script>\n<!-- \/ Yoast SEO plugin. -->","yoast_head_json":{"title":"Gruppeleiar - Oster\u00f8y H\u00f8gre","description":"Sebastian Haugland er Oster\u00f8y H\u00f8gre sin ordf\u00f8rarkandidat. Han er oppteken av oppvekst, utdanning og \u00e5 skapa fleire arbeidsplassar i kommunen.","robots":{"index":"index","follow":"follow","max-snippet":"max-snippet:-1","max-image-preview":"max-image-preview:large","max-video-preview":"max-video-preview:-1"},"canonical":"https:\/\/hoyre.no\/osteroy\/gruppeleiar\/","og_locale":"nn_NO","og_type":"article","og_title":"Gruppeleiar - Oster\u00f8y H\u00f8gre","og_description":"Sebastian Haugland er Oster\u00f8y H\u00f8gre sin ordf\u00f8rarkandidat. Han er oppteken av oppvekst, utdanning og \u00e5 skapa fleire arbeidsplassar i kommunen.","og_url":"https:\/\/hoyre.no\/osteroy\/gruppeleiar\/","og_site_name":"Oster\u00f8y H\u00f8gre","article_modified_time":"2025-02-14T12:07:35+00:00","og_image":[{"width":1000,"height":1000,"url":"https:\/\/hoyre.no\/content\/uploads\/sites\/324\/2022\/11\/Hoyres-logo.png","type":"image\/png"}],"twitter_card":"summary_large_image","twitter_misc":{"Est. reading time":"2 minutt"},"schema":{"@context":"https:\/\/schema.org","@graph":[{"@type":"WebPage","@id":"https:\/\/hoyre.no\/osteroy\/gruppeleiar\/","url":"https:\/\/hoyre.no\/osteroy\/gruppeleiar\/","name":"Gruppeleiar - Oster\u00f8y H\u00f8gre","isPartOf":{"@id":"https:\/\/hoyre.no\/osteroy\/#website"},"datePublished":"2023-08-18T05:14:25+00:00","dateModified":"2025-02-14T12:07:35+00:00","description":"Sebastian Haugland er Oster\u00f8y H\u00f8gre sin ordf\u00f8rarkandidat. Han er oppteken av oppvekst, utdanning og \u00e5 skapa fleire arbeidsplassar i kommunen.","breadcrumb":{"@id":"https:\/\/hoyre.no\/osteroy\/gruppeleiar\/#breadcrumb"},"inLanguage":"nn-NO","potentialAction":[{"@type":"ReadAction","target":["https:\/\/hoyre.no\/osteroy\/gruppeleiar\/"]}]},{"@type":"BreadcrumbList","@id":"https:\/\/hoyre.no\/osteroy\/gruppeleiar\/#breadcrumb","itemListElement":[{"@type":"ListItem","position":1,"name":"Til hoyre.no","item":"https:\/\/hoyre.no"},{"@type":"ListItem","position":2,"name":"Hjem","item":"https:\/\/hoyre.no\/osteroy\/"},{"@type":"ListItem","position":3,"name":"Gruppeleiar"}]},{"@type":"WebSite","@id":"https:\/\/hoyre.no\/osteroy\/#website","url":"https:\/\/hoyre.no\/osteroy\/","name":"Oster\u00f8y H\u00f8gre","description":"Bare enda et H\u00f8yres nettsteder-nettsted","inLanguage":"nn-NO"}]}},"distributor_meta":false,"distributor_terms":false,"distributor_media":false,"distributor_original_site_name":"Oster\u00f8y H\u00f8gre","distributor_original_site_url":"https:\/\/hoyre.no\/osteroy","push-errors":false,"_links":{"self":[{"href":"https:\/\/hoyre.no\/osteroy\/wp-json\/wp\/v2\/pages\/46","targetHints":{"allow":["GET"]}}],"collection":[{"href":"https:\/\/hoyre.no\/osteroy\/wp-json\/wp\/v2\/pages"}],"about":[{"href":"https:\/\/hoyre.no\/osteroy\/wp-json\/wp\/v2\/types\/page"}],"author":[{"embeddable":true,"href":"https:\/\/hoyre.no\/osteroy\/wp-json\/wp\/v2\/users\/27738"}],"replies":[{"embeddable":true,"href":"https:\/\/hoyre.no\/osteroy\/wp-json\/wp\/v2\/comments?post=46"}],"version-history":[{"count":11,"href":"https:\/\/hoyre.no\/osteroy\/wp-json\/wp\/v2\/pages\/46\/revisions"}],"predecessor-version":[{"id":247,"href":"https:\/\/hoyre.no\/osteroy\/wp-json\/wp\/v2\/pages\/46\/revisions\/247"}],"wp:attachment":[{"href":"https:\/\/hoyre.no\/osteroy\/wp-json\/wp\/v2\/media?parent=46"}],"curies":[{"name":"wp","href":"https:\/\/api.w.org\/{rel}","templated":true}]}}