{"id":1031,"date":"2024-12-06T13:41:25","date_gmt":"2024-12-06T12:41:25","guid":{"rendered":"https:\/\/hoyre.no\/ostfold\/?page_id=1031"},"modified":"2025-07-30T13:48:15","modified_gmt":"2025-07-30T11:48:15","slug":"tage-pettersen","status":"publish","type":"page","link":"https:\/\/hoyre.no\/ostfold\/tage-pettersen\/","title":{"rendered":"Tage Pettersen"},"content":{"rendered":"\n<div class=\"wp-block-hoyre-hero with-image-gradient text-color-light  has-media alignfull has-background\"><div class=\"hoyre-hero has-image\"><h1 class=\"title\">Tage Pettersen<\/h1><p class=\"preamble\">1. kandidat for \u00d8stfold H\u00f8yre ved stortingsvalget 2025.<\/p>\t\t\t<div class=\"post-meta wp-block teft-byline-wrapper\">\n\t\t\t\t<div class=\"top\">\n\t\t\t\t\t<div class=\"signature\">\n\t\t\t\t\t\t<div class=\"teft-byline\">\n\t\t\t\t\t\t\t\t\t\t\t\t\t\t<div>\n\t\t\t\t\t\t\t\t<h3>H\u00f8yres redaksjon<\/h3>\t\t\t\t\t\t\t\t\n\t\t\t\t\t\t\t\t\t\t\t\t\t\t\t\t\t<span class=\"date\">Sist oppdatert: 30. juli 2025<\/span>\n\t\t\t\t\t\t\t\t\t\t\t\t\t\t\t\t\t\t\t\t\t\t\t\t\t<span class=\"reading-time\" itemprop=\"timeRequired\" content=\"PT2M\"><em>Ca. 2 minutter lesetid<\/em><\/span>\n\t\t\t\t\t\t\t\t\t\t\t\t\t\t\t<\/div>\n\t\t\t\t\t\t<\/div>\n\t\t\t\t\t<\/div>\n\t\t\t\t\t\t<div class=\"sharing\">\n\t\t<a class=\"share-button share-link copy-link\" data-copy=\"https:\/\/hoyre.no\/ostfold\/tage-pettersen\/\" target=\"_blank\"><span class=\"screen-reader-text\">Del link<\/span><\/a>\n\t\t<a class=\"share-button share-twitter\" href=\"http:\/\/twitter.com\/share?text=Tage Pettersen&#038;url=https:\/\/hoyre.no\/ostfold\/tage-pettersen\/&#038;hashtags=Hoyre\" target=\"_blank\"><span class=\"screen-reader-text\">Del p\u00e5 twitter<\/span><\/a>\n\t\t<a class=\"share-button share-facebook\" href=\"https:\/\/www.facebook.com\/sharer\/sharer.php?u=https:\/\/hoyre.no\/ostfold\/tage-pettersen\/\" target=\"_blank\"><span class=\"screen-reader-text\">Del p\u00e5 facebook<\/span><\/a>\n\t<\/div>\n\t\t\t\t\t<\/div>\n\t\t\t<\/div>\n\n\t\t\t<figure class=\"hoyre-image-wrapper\"><div class=\"hoyre-image\"><img loading=\"lazy\" decoding=\"async\" width=\"2500\" height=\"2500\" src=\"https:\/\/hoyre.no\/content\/uploads\/sites\/426\/2025\/05\/Tage-Pettersen_00129-scaled.jpg\" class=\"attachment-scaled size-scaled\" alt=\"\" style=\"object-position: 51% 35%\" srcset=\"https:\/\/hoyre.no\/content\/uploads\/sites\/426\/2025\/05\/Tage-Pettersen_00129-scaled.jpg 2500w, https:\/\/hoyre.no\/content\/uploads\/sites\/426\/2025\/05\/Tage-Pettersen_00129-300x300.jpg 300w, https:\/\/hoyre.no\/content\/uploads\/sites\/426\/2025\/05\/Tage-Pettersen_00129-1024x1024.jpg 1024w, https:\/\/hoyre.no\/content\/uploads\/sites\/426\/2025\/05\/Tage-Pettersen_00129-150x150.jpg 150w, https:\/\/hoyre.no\/content\/uploads\/sites\/426\/2025\/05\/Tage-Pettersen_00129-768x768.jpg 768w, https:\/\/hoyre.no\/content\/uploads\/sites\/426\/2025\/05\/Tage-Pettersen_00129-1536x1536.jpg 1536w, https:\/\/hoyre.no\/content\/uploads\/sites\/426\/2025\/05\/Tage-Pettersen_00129-2048x2048.jpg 2048w\" sizes=\"auto, (max-width: 2500px) 100vw, 2500px\" \/><\/div><\/figure><\/div><\/div>\n\n\n\n<div class=\"wp-block-hoyre-banner undefined has-icon-title icon-heart is-style-blue\"><div class=\"banner-inner\"><div class=\"banner-content\"><div class=\"entry-content\">\n<h2 class=\"wp-block-heading has-text-align-center\" id=\"h-bli-bedre-kjent-med-anne\">Bli bedre kjent med Tage!<\/h2>\n\n\n\n<p class=\"has-text-align-left\"><strong>Alder:&nbsp;52<br>Bostedskommune:&nbsp;Moss<br>N\u00e5v\u00e6rende yrke:&nbsp;Stortingsrepresentant<\/strong><\/p>\n<\/div><\/div><\/div><\/div>\n\n\n\n<figure class=\"wp-block-image size-large\"><img loading=\"lazy\" decoding=\"async\" width=\"1024\" height=\"768\" src=\"https:\/\/hoyre.no\/content\/uploads\/sites\/426\/2025\/04\/Tage-Pettersen-4-3-1024x768.jpg\" alt=\"\" class=\"wp-image-1258\" srcset=\"https:\/\/hoyre.no\/content\/uploads\/sites\/426\/2025\/04\/Tage-Pettersen-4-3-1024x768.jpg 1024w, https:\/\/hoyre.no\/content\/uploads\/sites\/426\/2025\/04\/Tage-Pettersen-4-3-300x225.jpg 300w, https:\/\/hoyre.no\/content\/uploads\/sites\/426\/2025\/04\/Tage-Pettersen-4-3-768x576.jpg 768w, https:\/\/hoyre.no\/content\/uploads\/sites\/426\/2025\/04\/Tage-Pettersen-4-3-1536x1152.jpg 1536w, https:\/\/hoyre.no\/content\/uploads\/sites\/426\/2025\/04\/Tage-Pettersen-4-3-2048x1536.jpg 2048w\" sizes=\"auto, (max-width: 1024px) 100vw, 1024px\" \/><figcaption class=\"wp-element-caption\">Tage Pettersen.<\/figcaption><\/figure>\n\n\n\n<div class=\"wp-block-hoyre-banner undefined has-icon-title icon-heart is-style-blue\"><div class=\"banner-inner\"><div class=\"banner-content\"><div class=\"entry-content\">\n<p class=\"has-text-align-left\">Jeg har levd med og i politikken siden begynnelsen av 1990-tallet, men f\u00f8ler fortsatt at jeg har mye \u00e5 bidra med. Jeg har stor arbeidskapasitet og kjenner fylket v\u00e5rt godt. Jeg er opptatt av \u00e5 bruke den kompetansen jeg har opparbeidet meg gjennom disse \u00e5rene p\u00e5 \u00e5 bygge H\u00f8yre-laget p\u00e5 tvers av regioner, kommuner og lokalforeninger.<\/p>\n\n\n\n<p class=\"has-text-align-left\"><strong>Politiske interesseomr\u00e5der:<\/strong><\/p>\n\n\n\n<p class=\"has-text-align-left\">Jeg er mest opptatt av \u00e5 bidra p\u00e5 de politikkomr\u00e5dene som er viktige for Norge og for \u00d8stfold. Og da vil jeg l\u00f8fte frem utdanning, n\u00e6ringspolitikk (inkludert samferdsel og tilgang til kraft), hvordan vi kan sikre landet v\u00e5rt gjennom et robust forsvar p\u00e5 Rygge, og hvordan vi kan klare \u00e5 l\u00f8fte de utsatte gruppene i v\u00e5rt fylke for \u00e5 unng\u00e5 at utenforskap g\u00e5r i arv. <\/p>\n\n\n\n<p class=\"has-text-align-left\">Demografien i \u00d8stfold er mer utfordrende enn i resten av landet, og derfor m\u00e5 vi jobbe for en robust kommune\u00f8konomi og tiltak som setter lokalsamfunnene i stand til \u00e5 tilby gode og relevante tjenester til v\u00e5re innbyggere. Og her har H\u00f8yre de beste svarene p\u00e5 v\u00e5re utfordringer.<\/p>\n\n\n\n<p class=\"has-text-align-left\"><strong>Politisk erfaring:<\/strong><\/p>\n\n\n\n<p class=\"has-text-align-left\">2017-dd: Stortingsrepresentant (i denne perioden er jeg 1. nestleder i familie- og kulturkomiteen)<br>2011-2017: Ordf\u00f8rer i Moss<br>2009-2017: 1. og 2. vararepresentant til Stortinget<br>2008-2016: Leder av \u00d8stfold H\u00f8yre<br>2003-2011: Gruppeleder for H\u00f8yre i bystyre i Moss<br>1991-1995: Medlem av bystyre, formannskap mm i Moss<br>1990-1993: Leder av \u00d8stfold Unge H\u00f8yre<\/p>\n\n\n\n<div class=\"wp-block-buttons is-layout-flex wp-block-buttons-is-layout-flex\">\n<div class=\"wp-block-button\"><a class=\"wp-block-button__link wp-element-button\" href=\"https:\/\/www.facebook.com\/mosserepresentanten\">Tage p\u00e5 Facebook<\/a><\/div>\n<\/div>\n<\/div><\/div><\/div><\/div>\n","protected":false},"excerpt":{"rendered":"","protected":false},"author":339,"featured_media":0,"parent":0,"menu_order":0,"comment_status":"closed","ping_status":"closed","template":"","meta":{"teft_cards_image_url":"","teft_cards_custom_pretitle":"","teft_cards_image_id":0,"teft_cards_image_focal_point_x":0,"teft_cards_image_focal_point_y":0,"teft_cards_title":"","teft_cards_excerpt":"","teft_show_chapters":false,"footnotes":""},"class_list":["post-1031","page","type-page","status-publish","hentry"],"yoast_head":"<!-- This site is optimized with the Yoast SEO plugin v26.6 - https:\/\/yoast.com\/wordpress\/plugins\/seo\/ -->\n<title>Tage Pettersen - \u00d8stfold H\u00f8yre<\/title>\n<meta name=\"description\" content=\"Bli bedre kjent med Tage Pettersen, 1. kandidat for \u00d8stfold H\u00f8yre ved stortingsvalget 2025.\" \/>\n<meta name=\"robots\" content=\"index, follow, max-snippet:-1, max-image-preview:large, max-video-preview:-1\" \/>\n<link rel=\"canonical\" href=\"https:\/\/hoyre.no\/ostfold\/tage-pettersen\/\" \/>\n<meta property=\"og:locale\" content=\"nb_NO\" \/>\n<meta property=\"og:type\" content=\"article\" \/>\n<meta property=\"og:title\" content=\"Tage Pettersen - \u00d8stfold H\u00f8yre\" \/>\n<meta property=\"og:description\" content=\"Bli bedre kjent med Tage Pettersen, 1. kandidat for \u00d8stfold H\u00f8yre ved stortingsvalget 2025.\" \/>\n<meta property=\"og:url\" content=\"https:\/\/hoyre.no\/ostfold\/tage-pettersen\/\" \/>\n<meta property=\"og:site_name\" content=\"\u00d8stfold H\u00f8yre\" \/>\n<meta property=\"article:publisher\" content=\"https:\/\/www.facebook.com\/ostfoldhoyre\" \/>\n<meta property=\"article:modified_time\" content=\"2025-07-30T11:48:15+00:00\" \/>\n<meta property=\"og:image\" content=\"https:\/\/hoyre.no\/content\/uploads\/sites\/426\/2025\/04\/Tage-Pettersen-4-3-1024x768.jpg\" \/>\n<meta name=\"twitter:card\" content=\"summary_large_image\" \/>\n<meta name=\"twitter:label1\" content=\"Ansl. lesetid\" \/>\n\t<meta name=\"twitter:data1\" content=\"2 minutter\" \/>\n<script type=\"application\/ld+json\" class=\"yoast-schema-graph\">{\"@context\":\"https:\/\/schema.org\",\"@graph\":[{\"@type\":\"WebPage\",\"@id\":\"https:\/\/hoyre.no\/ostfold\/tage-pettersen\/\",\"url\":\"https:\/\/hoyre.no\/ostfold\/tage-pettersen\/\",\"name\":\"Tage Pettersen - \u00d8stfold H\u00f8yre\",\"isPartOf\":{\"@id\":\"https:\/\/hoyre.no\/ostfold\/#website\"},\"image\":{\"@id\":\"https:\/\/hoyre.no\/ostfold\/tage-pettersen\/#primaryimage\"},\"thumbnailUrl\":\"https:\/\/hoyre.no\/content\/uploads\/sites\/426\/2025\/04\/Tage-Pettersen-4-3-1024x768.jpg\",\"datePublished\":\"2024-12-06T12:41:25+00:00\",\"dateModified\":\"2025-07-30T11:48:15+00:00\",\"description\":\"Bli bedre kjent med Tage Pettersen, 1. kandidat for \u00d8stfold H\u00f8yre ved stortingsvalget 2025.\",\"breadcrumb\":{\"@id\":\"https:\/\/hoyre.no\/ostfold\/tage-pettersen\/#breadcrumb\"},\"inLanguage\":\"nb-NO\",\"potentialAction\":[{\"@type\":\"ReadAction\",\"target\":[\"https:\/\/hoyre.no\/ostfold\/tage-pettersen\/\"]}]},{\"@type\":\"ImageObject\",\"inLanguage\":\"nb-NO\",\"@id\":\"https:\/\/hoyre.no\/ostfold\/tage-pettersen\/#primaryimage\",\"url\":\"https:\/\/hoyre.no\/content\/uploads\/sites\/426\/2025\/04\/Tage-Pettersen-4-3-1024x768.jpg\",\"contentUrl\":\"https:\/\/hoyre.no\/content\/uploads\/sites\/426\/2025\/04\/Tage-Pettersen-4-3-1024x768.jpg\"},{\"@type\":\"BreadcrumbList\",\"@id\":\"https:\/\/hoyre.no\/ostfold\/tage-pettersen\/#breadcrumb\",\"itemListElement\":[{\"@type\":\"ListItem\",\"position\":1,\"name\":\"Til hoyre.no\",\"item\":\"https:\/\/hoyre.no\"},{\"@type\":\"ListItem\",\"position\":2,\"name\":\"Hjem\",\"item\":\"https:\/\/hoyre.no\/ostfold\/\"},{\"@type\":\"ListItem\",\"position\":3,\"name\":\"Tage Pettersen\"}]},{\"@type\":\"WebSite\",\"@id\":\"https:\/\/hoyre.no\/ostfold\/#website\",\"url\":\"https:\/\/hoyre.no\/ostfold\/\",\"name\":\"\u00d8stfold H\u00f8yre\",\"description\":\"\",\"publisher\":{\"@id\":\"https:\/\/hoyre.no\/ostfold\/#organization\"},\"inLanguage\":\"nb-NO\"},{\"@type\":\"Organization\",\"@id\":\"https:\/\/hoyre.no\/ostfold\/#organization\",\"name\":\"\u00d8stfold H\u00f8yre\",\"url\":\"https:\/\/hoyre.no\/ostfold\/\",\"logo\":{\"@type\":\"ImageObject\",\"inLanguage\":\"nb-NO\",\"@id\":\"https:\/\/hoyre.no\/ostfold\/#\/schema\/logo\/image\/\",\"url\":\"https:\/\/hoyre.no\/content\/uploads\/sites\/426\/2023\/02\/hoyre_logo.png\",\"contentUrl\":\"https:\/\/hoyre.no\/content\/uploads\/sites\/426\/2023\/02\/hoyre_logo.png\",\"width\":1000,\"height\":1000,\"caption\":\"\u00d8stfold H\u00f8yre\"},\"image\":{\"@id\":\"https:\/\/hoyre.no\/ostfold\/#\/schema\/logo\/image\/\"},\"sameAs\":[\"https:\/\/www.facebook.com\/ostfoldhoyre\"]}]}<\/script>\n<!-- \/ Yoast SEO plugin. -->","yoast_head_json":{"title":"Tage Pettersen - \u00d8stfold H\u00f8yre","description":"Bli bedre kjent med Tage Pettersen, 1. kandidat for \u00d8stfold H\u00f8yre ved stortingsvalget 2025.","robots":{"index":"index","follow":"follow","max-snippet":"max-snippet:-1","max-image-preview":"max-image-preview:large","max-video-preview":"max-video-preview:-1"},"canonical":"https:\/\/hoyre.no\/ostfold\/tage-pettersen\/","og_locale":"nb_NO","og_type":"article","og_title":"Tage Pettersen - \u00d8stfold H\u00f8yre","og_description":"Bli bedre kjent med Tage Pettersen, 1. kandidat for \u00d8stfold H\u00f8yre ved stortingsvalget 2025.","og_url":"https:\/\/hoyre.no\/ostfold\/tage-pettersen\/","og_site_name":"\u00d8stfold H\u00f8yre","article_publisher":"https:\/\/www.facebook.com\/ostfoldhoyre","article_modified_time":"2025-07-30T11:48:15+00:00","og_image":[{"url":"https:\/\/hoyre.no\/content\/uploads\/sites\/426\/2025\/04\/Tage-Pettersen-4-3-1024x768.jpg","type":"","width":"","height":""}],"twitter_card":"summary_large_image","twitter_misc":{"Ansl. lesetid":"2 minutter"},"schema":{"@context":"https:\/\/schema.org","@graph":[{"@type":"WebPage","@id":"https:\/\/hoyre.no\/ostfold\/tage-pettersen\/","url":"https:\/\/hoyre.no\/ostfold\/tage-pettersen\/","name":"Tage Pettersen - \u00d8stfold H\u00f8yre","isPartOf":{"@id":"https:\/\/hoyre.no\/ostfold\/#website"},"image":{"@id":"https:\/\/hoyre.no\/ostfold\/tage-pettersen\/#primaryimage"},"thumbnailUrl":"https:\/\/hoyre.no\/content\/uploads\/sites\/426\/2025\/04\/Tage-Pettersen-4-3-1024x768.jpg","datePublished":"2024-12-06T12:41:25+00:00","dateModified":"2025-07-30T11:48:15+00:00","description":"Bli bedre kjent med Tage Pettersen, 1. kandidat for \u00d8stfold H\u00f8yre ved stortingsvalget 2025.","breadcrumb":{"@id":"https:\/\/hoyre.no\/ostfold\/tage-pettersen\/#breadcrumb"},"inLanguage":"nb-NO","potentialAction":[{"@type":"ReadAction","target":["https:\/\/hoyre.no\/ostfold\/tage-pettersen\/"]}]},{"@type":"ImageObject","inLanguage":"nb-NO","@id":"https:\/\/hoyre.no\/ostfold\/tage-pettersen\/#primaryimage","url":"https:\/\/hoyre.no\/content\/uploads\/sites\/426\/2025\/04\/Tage-Pettersen-4-3-1024x768.jpg","contentUrl":"https:\/\/hoyre.no\/content\/uploads\/sites\/426\/2025\/04\/Tage-Pettersen-4-3-1024x768.jpg"},{"@type":"BreadcrumbList","@id":"https:\/\/hoyre.no\/ostfold\/tage-pettersen\/#breadcrumb","itemListElement":[{"@type":"ListItem","position":1,"name":"Til hoyre.no","item":"https:\/\/hoyre.no"},{"@type":"ListItem","position":2,"name":"Hjem","item":"https:\/\/hoyre.no\/ostfold\/"},{"@type":"ListItem","position":3,"name":"Tage Pettersen"}]},{"@type":"WebSite","@id":"https:\/\/hoyre.no\/ostfold\/#website","url":"https:\/\/hoyre.no\/ostfold\/","name":"\u00d8stfold H\u00f8yre","description":"","publisher":{"@id":"https:\/\/hoyre.no\/ostfold\/#organization"},"inLanguage":"nb-NO"},{"@type":"Organization","@id":"https:\/\/hoyre.no\/ostfold\/#organization","name":"\u00d8stfold H\u00f8yre","url":"https:\/\/hoyre.no\/ostfold\/","logo":{"@type":"ImageObject","inLanguage":"nb-NO","@id":"https:\/\/hoyre.no\/ostfold\/#\/schema\/logo\/image\/","url":"https:\/\/hoyre.no\/content\/uploads\/sites\/426\/2023\/02\/hoyre_logo.png","contentUrl":"https:\/\/hoyre.no\/content\/uploads\/sites\/426\/2023\/02\/hoyre_logo.png","width":1000,"height":1000,"caption":"\u00d8stfold H\u00f8yre"},"image":{"@id":"https:\/\/hoyre.no\/ostfold\/#\/schema\/logo\/image\/"},"sameAs":["https:\/\/www.facebook.com\/ostfoldhoyre"]}]}},"distributor_meta":false,"distributor_terms":false,"distributor_media":false,"distributor_original_site_name":"\u00d8stfold H\u00f8yre","distributor_original_site_url":"https:\/\/hoyre.no\/ostfold","push-errors":false,"_links":{"self":[{"href":"https:\/\/hoyre.no\/ostfold\/wp-json\/wp\/v2\/pages\/1031","targetHints":{"allow":["GET"]}}],"collection":[{"href":"https:\/\/hoyre.no\/ostfold\/wp-json\/wp\/v2\/pages"}],"about":[{"href":"https:\/\/hoyre.no\/ostfold\/wp-json\/wp\/v2\/types\/page"}],"author":[{"embeddable":true,"href":"https:\/\/hoyre.no\/ostfold\/wp-json\/wp\/v2\/users\/339"}],"replies":[{"embeddable":true,"href":"https:\/\/hoyre.no\/ostfold\/wp-json\/wp\/v2\/comments?post=1031"}],"version-history":[{"count":26,"href":"https:\/\/hoyre.no\/ostfold\/wp-json\/wp\/v2\/pages\/1031\/revisions"}],"predecessor-version":[{"id":1412,"href":"https:\/\/hoyre.no\/ostfold\/wp-json\/wp\/v2\/pages\/1031\/revisions\/1412"}],"wp:attachment":[{"href":"https:\/\/hoyre.no\/ostfold\/wp-json\/wp\/v2\/media?parent=1031"}],"curies":[{"name":"wp","href":"https:\/\/api.w.org\/{rel}","templated":true}]}}