{"id":1086,"date":"2024-12-09T13:50:26","date_gmt":"2024-12-09T12:50:26","guid":{"rendered":"https:\/\/hoyre.no\/ostfold\/?page_id=1086"},"modified":"2025-07-30T13:50:50","modified_gmt":"2025-07-30T11:50:50","slug":"erik-unaas","status":"publish","type":"page","link":"https:\/\/hoyre.no\/ostfold\/erik-unaas\/","title":{"rendered":"Erik Unaas"},"content":{"rendered":"\n<div class=\"wp-block-hoyre-hero with-image-gradient text-color-light  has-media alignfull has-background\"><div class=\"hoyre-hero has-image\"><h1 class=\"title\">Erik Unaas<\/h1><p class=\"preamble\">3. kandidat for \u00d8stfold H\u00f8yre ved stortingsvalget 2025.<\/p>\t\t\t<div class=\"post-meta wp-block teft-byline-wrapper\">\n\t\t\t\t<div class=\"top\">\n\t\t\t\t\t<div class=\"signature\">\n\t\t\t\t\t\t<div class=\"teft-byline\">\n\t\t\t\t\t\t\t\t\t\t\t\t\t\t<div>\n\t\t\t\t\t\t\t\t<h3>H\u00f8yres redaksjon<\/h3>\t\t\t\t\t\t\t\t\n\t\t\t\t\t\t\t\t\t\t\t\t\t\t\t\t\t<span class=\"date\">Sist oppdatert: 30. juli 2025<\/span>\n\t\t\t\t\t\t\t\t\t\t\t\t\t\t\t\t\t\t\t\t\t\t\t\t\t<span class=\"reading-time\" itemprop=\"timeRequired\" content=\"PT2M\"><em>Ca. 2 minutter lesetid<\/em><\/span>\n\t\t\t\t\t\t\t\t\t\t\t\t\t\t\t<\/div>\n\t\t\t\t\t\t<\/div>\n\t\t\t\t\t<\/div>\n\t\t\t\t\t\t<div class=\"sharing\">\n\t\t<a class=\"share-button share-link copy-link\" data-copy=\"https:\/\/hoyre.no\/ostfold\/erik-unaas\/\" target=\"_blank\"><span class=\"screen-reader-text\">Del link<\/span><\/a>\n\t\t<a class=\"share-button share-twitter\" href=\"http:\/\/twitter.com\/share?text=Erik Unaas&#038;url=https:\/\/hoyre.no\/ostfold\/erik-unaas\/&#038;hashtags=Hoyre\" target=\"_blank\"><span class=\"screen-reader-text\">Del p\u00e5 twitter<\/span><\/a>\n\t\t<a class=\"share-button share-facebook\" href=\"https:\/\/www.facebook.com\/sharer\/sharer.php?u=https:\/\/hoyre.no\/ostfold\/erik-unaas\/\" target=\"_blank\"><span class=\"screen-reader-text\">Del p\u00e5 facebook<\/span><\/a>\n\t<\/div>\n\t\t\t\t\t<\/div>\n\t\t\t<\/div>\n\n\t\t\t<figure class=\"hoyre-image-wrapper\"><div class=\"hoyre-image\"><img loading=\"lazy\" decoding=\"async\" width=\"2500\" height=\"1875\" src=\"https:\/\/hoyre.no\/content\/uploads\/sites\/426\/2025\/07\/Erik-Unaas-4-3-scaled.jpg\" class=\"attachment-scaled size-scaled\" alt=\"\" style=\"object-position: 48% 13%\" srcset=\"https:\/\/hoyre.no\/content\/uploads\/sites\/426\/2025\/07\/Erik-Unaas-4-3-scaled.jpg 2500w, https:\/\/hoyre.no\/content\/uploads\/sites\/426\/2025\/07\/Erik-Unaas-4-3-300x225.jpg 300w, https:\/\/hoyre.no\/content\/uploads\/sites\/426\/2025\/07\/Erik-Unaas-4-3-1024x768.jpg 1024w, https:\/\/hoyre.no\/content\/uploads\/sites\/426\/2025\/07\/Erik-Unaas-4-3-768x576.jpg 768w, https:\/\/hoyre.no\/content\/uploads\/sites\/426\/2025\/07\/Erik-Unaas-4-3-1536x1152.jpg 1536w, https:\/\/hoyre.no\/content\/uploads\/sites\/426\/2025\/07\/Erik-Unaas-4-3-2048x1536.jpg 2048w\" sizes=\"auto, (max-width: 2500px) 100vw, 2500px\" \/><\/div><\/figure><\/div><\/div>\n\n\n\n\n<div class=\"wp-block-hoyre-banner undefined has-icon-title icon-heart is-style-blue\"><div class=\"banner-inner\"><div class=\"banner-content\"><div class=\"entry-content\">\n<h2 class=\"wp-block-heading has-text-align-center\" id=\"h-bli-bedre-kjent-med-anne\">Bli bedre kjent med Erik!<\/h2>\n\n\n\n<p class=\"has-text-align-left\"><strong>Alder:&nbsp;66<br>Bostedskommune:&nbsp;Indre \u00d8stfold<br>N\u00e5v\u00e6rende yrke:&nbsp;Koordinator regionr\u00e5d<\/strong><\/p>\n<\/div><\/div><\/div><\/div>\n\n\n\n\n<figure class=\"wp-block-image size-large\"><img loading=\"lazy\" decoding=\"async\" width=\"1024\" height=\"768\" src=\"https:\/\/hoyre.no\/content\/uploads\/sites\/426\/2025\/07\/Erik-Unaas-4-3-1024x768.jpg\" alt=\"\" class=\"wp-image-1377\" srcset=\"https:\/\/hoyre.no\/content\/uploads\/sites\/426\/2025\/07\/Erik-Unaas-4-3-1024x768.jpg 1024w, https:\/\/hoyre.no\/content\/uploads\/sites\/426\/2025\/07\/Erik-Unaas-4-3-300x225.jpg 300w, https:\/\/hoyre.no\/content\/uploads\/sites\/426\/2025\/07\/Erik-Unaas-4-3-768x576.jpg 768w, https:\/\/hoyre.no\/content\/uploads\/sites\/426\/2025\/07\/Erik-Unaas-4-3-1536x1152.jpg 1536w, https:\/\/hoyre.no\/content\/uploads\/sites\/426\/2025\/07\/Erik-Unaas-4-3-2048x1536.jpg 2048w\" sizes=\"auto, (max-width: 1024px) 100vw, 1024px\" \/><figcaption class=\"wp-element-caption\">Erik Unaas.<\/figcaption><\/figure>\n\n\n\n<div class=\"wp-block-hoyre-banner undefined has-icon-title icon-heart is-style-blue\"><div class=\"banner-inner\"><div class=\"banner-content\"><div class=\"entry-content\">\n<p class=\"has-text-align-left\"><strong>Derfor vil jeg bli stortingsrepresentant:<\/strong><\/p>\n\n\n\n<p class=\"has-text-align-left\">\u2013 Motivert for \u00e5 bidra i et lag for at \u00d8stfold f\u00e5r st\u00f8rre \u00abgjennomslag\u00bb nasjonalt<br>\u2013 Dele og bruke min erfaring etter et lang liv i politikk, n\u00e6ringsliv, frivillighet og kommunikasjon<br>\u2013 Kjenner hele \u00d8stfold godt, og har nettverk i alle kommuner<br>\u2013 I en fase i livet der jeg har muligheter til \u00e5 prioritere n\u00f8dvendig tid<\/p>\n\n\n\n<p class=\"has-text-align-left\"><strong>Politiske interesseomr\u00e5der:<\/strong><\/p>\n\n\n\n<p class=\"has-text-align-left\">\u2013 Bygge lag og allianser (ogs\u00e5 p\u00e5 tvers av partier og geografi)<br>\u2013 Bygge stolthet og framsnakking av fylket<br>\u2013 Styrke v\u00e5r mentale og fysiske helse p\u00e5 alle aldersniv\u00e5er<br>\u2013 Flere trygge m\u00f8teplasser og trygg oppvekst for ungdommen<\/p>\n\n\n\n<p class=\"has-text-align-left\">&#8211; M\u00f8te eldregenerasjonen med respekt, tilrettelegge b\u00e5de for god alderdom og for aktivitet<br>\u2013 Arbeidsplassvekst, bedre rammer for n\u00e6ringslivet<br>\u2013 Forsvar, sikkerhet og beredskap &#8211; mer synlig politi<br>\u2013 Samspille med frivilligheten som en enorm kraft i samfunnsutviklingen<br>\u2013 Samferdsel (mer jernbane, bedre veier, reelt satse p\u00e5 trafikksikkerhet \u2013 og byggere raskere, enklere og mer kostnadseffektivt)<\/p>\n\n\n\n<p class=\"has-text-align-left\"><strong>Politisk erfaring:<\/strong><\/p>\n\n\n\n<p class=\"has-text-align-left\">&#8211; Tillitsvalgt og folkevalgt i H\u00f8yre siden 1979<br>&#8211; Fast medlem Askim kommunestyre 1991-2007 \u2013 to perioder som gruppeleder<br>&#8211; Fast medlem Eidsberg kommunestyre 2011-2020 \u2013 to perioder som ordf\u00f8rer<br>&#8211; Fast medlem \u00d8stfold fylkesting siden 2007- (Viken 2019-2024) \u2013 to perioder som fraksjonsleder for samferdsel<\/p>\n\n\n\n<p class=\"has-text-align-left\">&#8211; Medlem av H\u00f8yres nasjonale kommunalutvalg 1994-1999<\/p>\n\n\n\n<div class=\"wp-block-buttons is-layout-flex wp-block-buttons-is-layout-flex\">\n<div class=\"wp-block-button\"><a class=\"wp-block-button__link wp-element-button\" href=\"https:\/\/www.facebook.com\/erik.unaas\">Erik p\u00e5 Facebook<\/a><\/div>\n<\/div>\n<\/div><\/div><\/div><\/div>\n","protected":false},"excerpt":{"rendered":"","protected":false},"author":339,"featured_media":0,"parent":0,"menu_order":0,"comment_status":"closed","ping_status":"closed","template":"","meta":{"teft_cards_image_url":"","teft_cards_custom_pretitle":"","teft_cards_image_id":0,"teft_cards_image_focal_point_x":0,"teft_cards_image_focal_point_y":0,"teft_cards_title":"","teft_cards_excerpt":"","teft_show_chapters":false,"footnotes":""},"class_list":["post-1086","page","type-page","status-publish","hentry"],"yoast_head":"<!-- This site is optimized with the Yoast SEO plugin v26.6 - https:\/\/yoast.com\/wordpress\/plugins\/seo\/ -->\n<title>Erik Unaas - \u00d8stfold H\u00f8yre<\/title>\n<meta name=\"description\" content=\"Bli bedre kjent med Erik Unaas, 3. kandidat for \u00d8stfold H\u00f8yre ved stortingsvalget 2025.\" \/>\n<meta name=\"robots\" content=\"index, follow, max-snippet:-1, max-image-preview:large, max-video-preview:-1\" \/>\n<link rel=\"canonical\" href=\"https:\/\/hoyre.no\/ostfold\/erik-unaas\/\" \/>\n<meta property=\"og:locale\" content=\"nb_NO\" \/>\n<meta property=\"og:type\" content=\"article\" \/>\n<meta property=\"og:title\" content=\"Erik Unaas - \u00d8stfold H\u00f8yre\" \/>\n<meta property=\"og:description\" content=\"Bli bedre kjent med Erik Unaas, 3. kandidat for \u00d8stfold H\u00f8yre ved stortingsvalget 2025.\" \/>\n<meta property=\"og:url\" content=\"https:\/\/hoyre.no\/ostfold\/erik-unaas\/\" \/>\n<meta property=\"og:site_name\" content=\"\u00d8stfold H\u00f8yre\" \/>\n<meta property=\"article:publisher\" content=\"https:\/\/www.facebook.com\/ostfoldhoyre\" \/>\n<meta property=\"article:modified_time\" content=\"2025-07-30T11:50:50+00:00\" \/>\n<meta property=\"og:image\" content=\"https:\/\/hoyre.no\/content\/uploads\/sites\/426\/2025\/07\/Erik-Unaas-4-3-1024x768.jpg\" \/>\n<meta name=\"twitter:card\" content=\"summary_large_image\" \/>\n<meta name=\"twitter:label1\" content=\"Ansl. lesetid\" \/>\n\t<meta name=\"twitter:data1\" content=\"2 minutter\" \/>\n<script type=\"application\/ld+json\" class=\"yoast-schema-graph\">{\"@context\":\"https:\/\/schema.org\",\"@graph\":[{\"@type\":\"WebPage\",\"@id\":\"https:\/\/hoyre.no\/ostfold\/erik-unaas\/\",\"url\":\"https:\/\/hoyre.no\/ostfold\/erik-unaas\/\",\"name\":\"Erik Unaas - \u00d8stfold H\u00f8yre\",\"isPartOf\":{\"@id\":\"https:\/\/hoyre.no\/ostfold\/#website\"},\"image\":{\"@id\":\"https:\/\/hoyre.no\/ostfold\/erik-unaas\/#primaryimage\"},\"thumbnailUrl\":\"https:\/\/hoyre.no\/content\/uploads\/sites\/426\/2025\/07\/Erik-Unaas-4-3-1024x768.jpg\",\"datePublished\":\"2024-12-09T12:50:26+00:00\",\"dateModified\":\"2025-07-30T11:50:50+00:00\",\"description\":\"Bli bedre kjent med Erik Unaas, 3. kandidat for \u00d8stfold H\u00f8yre ved stortingsvalget 2025.\",\"breadcrumb\":{\"@id\":\"https:\/\/hoyre.no\/ostfold\/erik-unaas\/#breadcrumb\"},\"inLanguage\":\"nb-NO\",\"potentialAction\":[{\"@type\":\"ReadAction\",\"target\":[\"https:\/\/hoyre.no\/ostfold\/erik-unaas\/\"]}]},{\"@type\":\"ImageObject\",\"inLanguage\":\"nb-NO\",\"@id\":\"https:\/\/hoyre.no\/ostfold\/erik-unaas\/#primaryimage\",\"url\":\"https:\/\/hoyre.no\/content\/uploads\/sites\/426\/2025\/07\/Erik-Unaas-4-3-1024x768.jpg\",\"contentUrl\":\"https:\/\/hoyre.no\/content\/uploads\/sites\/426\/2025\/07\/Erik-Unaas-4-3-1024x768.jpg\"},{\"@type\":\"BreadcrumbList\",\"@id\":\"https:\/\/hoyre.no\/ostfold\/erik-unaas\/#breadcrumb\",\"itemListElement\":[{\"@type\":\"ListItem\",\"position\":1,\"name\":\"Til hoyre.no\",\"item\":\"https:\/\/hoyre.no\"},{\"@type\":\"ListItem\",\"position\":2,\"name\":\"Hjem\",\"item\":\"https:\/\/hoyre.no\/ostfold\/\"},{\"@type\":\"ListItem\",\"position\":3,\"name\":\"Erik Unaas\"}]},{\"@type\":\"WebSite\",\"@id\":\"https:\/\/hoyre.no\/ostfold\/#website\",\"url\":\"https:\/\/hoyre.no\/ostfold\/\",\"name\":\"\u00d8stfold H\u00f8yre\",\"description\":\"\",\"publisher\":{\"@id\":\"https:\/\/hoyre.no\/ostfold\/#organization\"},\"inLanguage\":\"nb-NO\"},{\"@type\":\"Organization\",\"@id\":\"https:\/\/hoyre.no\/ostfold\/#organization\",\"name\":\"\u00d8stfold H\u00f8yre\",\"url\":\"https:\/\/hoyre.no\/ostfold\/\",\"logo\":{\"@type\":\"ImageObject\",\"inLanguage\":\"nb-NO\",\"@id\":\"https:\/\/hoyre.no\/ostfold\/#\/schema\/logo\/image\/\",\"url\":\"https:\/\/hoyre.no\/content\/uploads\/sites\/426\/2023\/02\/hoyre_logo.png\",\"contentUrl\":\"https:\/\/hoyre.no\/content\/uploads\/sites\/426\/2023\/02\/hoyre_logo.png\",\"width\":1000,\"height\":1000,\"caption\":\"\u00d8stfold H\u00f8yre\"},\"image\":{\"@id\":\"https:\/\/hoyre.no\/ostfold\/#\/schema\/logo\/image\/\"},\"sameAs\":[\"https:\/\/www.facebook.com\/ostfoldhoyre\"]}]}<\/script>\n<!-- \/ Yoast SEO plugin. -->","yoast_head_json":{"title":"Erik Unaas - \u00d8stfold H\u00f8yre","description":"Bli bedre kjent med Erik Unaas, 3. kandidat for \u00d8stfold H\u00f8yre ved stortingsvalget 2025.","robots":{"index":"index","follow":"follow","max-snippet":"max-snippet:-1","max-image-preview":"max-image-preview:large","max-video-preview":"max-video-preview:-1"},"canonical":"https:\/\/hoyre.no\/ostfold\/erik-unaas\/","og_locale":"nb_NO","og_type":"article","og_title":"Erik Unaas - \u00d8stfold H\u00f8yre","og_description":"Bli bedre kjent med Erik Unaas, 3. kandidat for \u00d8stfold H\u00f8yre ved stortingsvalget 2025.","og_url":"https:\/\/hoyre.no\/ostfold\/erik-unaas\/","og_site_name":"\u00d8stfold H\u00f8yre","article_publisher":"https:\/\/www.facebook.com\/ostfoldhoyre","article_modified_time":"2025-07-30T11:50:50+00:00","og_image":[{"url":"https:\/\/hoyre.no\/content\/uploads\/sites\/426\/2025\/07\/Erik-Unaas-4-3-1024x768.jpg","type":"","width":"","height":""}],"twitter_card":"summary_large_image","twitter_misc":{"Ansl. lesetid":"2 minutter"},"schema":{"@context":"https:\/\/schema.org","@graph":[{"@type":"WebPage","@id":"https:\/\/hoyre.no\/ostfold\/erik-unaas\/","url":"https:\/\/hoyre.no\/ostfold\/erik-unaas\/","name":"Erik Unaas - \u00d8stfold H\u00f8yre","isPartOf":{"@id":"https:\/\/hoyre.no\/ostfold\/#website"},"image":{"@id":"https:\/\/hoyre.no\/ostfold\/erik-unaas\/#primaryimage"},"thumbnailUrl":"https:\/\/hoyre.no\/content\/uploads\/sites\/426\/2025\/07\/Erik-Unaas-4-3-1024x768.jpg","datePublished":"2024-12-09T12:50:26+00:00","dateModified":"2025-07-30T11:50:50+00:00","description":"Bli bedre kjent med Erik Unaas, 3. kandidat for \u00d8stfold H\u00f8yre ved stortingsvalget 2025.","breadcrumb":{"@id":"https:\/\/hoyre.no\/ostfold\/erik-unaas\/#breadcrumb"},"inLanguage":"nb-NO","potentialAction":[{"@type":"ReadAction","target":["https:\/\/hoyre.no\/ostfold\/erik-unaas\/"]}]},{"@type":"ImageObject","inLanguage":"nb-NO","@id":"https:\/\/hoyre.no\/ostfold\/erik-unaas\/#primaryimage","url":"https:\/\/hoyre.no\/content\/uploads\/sites\/426\/2025\/07\/Erik-Unaas-4-3-1024x768.jpg","contentUrl":"https:\/\/hoyre.no\/content\/uploads\/sites\/426\/2025\/07\/Erik-Unaas-4-3-1024x768.jpg"},{"@type":"BreadcrumbList","@id":"https:\/\/hoyre.no\/ostfold\/erik-unaas\/#breadcrumb","itemListElement":[{"@type":"ListItem","position":1,"name":"Til hoyre.no","item":"https:\/\/hoyre.no"},{"@type":"ListItem","position":2,"name":"Hjem","item":"https:\/\/hoyre.no\/ostfold\/"},{"@type":"ListItem","position":3,"name":"Erik Unaas"}]},{"@type":"WebSite","@id":"https:\/\/hoyre.no\/ostfold\/#website","url":"https:\/\/hoyre.no\/ostfold\/","name":"\u00d8stfold H\u00f8yre","description":"","publisher":{"@id":"https:\/\/hoyre.no\/ostfold\/#organization"},"inLanguage":"nb-NO"},{"@type":"Organization","@id":"https:\/\/hoyre.no\/ostfold\/#organization","name":"\u00d8stfold H\u00f8yre","url":"https:\/\/hoyre.no\/ostfold\/","logo":{"@type":"ImageObject","inLanguage":"nb-NO","@id":"https:\/\/hoyre.no\/ostfold\/#\/schema\/logo\/image\/","url":"https:\/\/hoyre.no\/content\/uploads\/sites\/426\/2023\/02\/hoyre_logo.png","contentUrl":"https:\/\/hoyre.no\/content\/uploads\/sites\/426\/2023\/02\/hoyre_logo.png","width":1000,"height":1000,"caption":"\u00d8stfold H\u00f8yre"},"image":{"@id":"https:\/\/hoyre.no\/ostfold\/#\/schema\/logo\/image\/"},"sameAs":["https:\/\/www.facebook.com\/ostfoldhoyre"]}]}},"distributor_meta":false,"distributor_terms":false,"distributor_media":false,"distributor_original_site_name":"\u00d8stfold H\u00f8yre","distributor_original_site_url":"https:\/\/hoyre.no\/ostfold","push-errors":false,"_links":{"self":[{"href":"https:\/\/hoyre.no\/ostfold\/wp-json\/wp\/v2\/pages\/1086","targetHints":{"allow":["GET"]}}],"collection":[{"href":"https:\/\/hoyre.no\/ostfold\/wp-json\/wp\/v2\/pages"}],"about":[{"href":"https:\/\/hoyre.no\/ostfold\/wp-json\/wp\/v2\/types\/page"}],"author":[{"embeddable":true,"href":"https:\/\/hoyre.no\/ostfold\/wp-json\/wp\/v2\/users\/339"}],"replies":[{"embeddable":true,"href":"https:\/\/hoyre.no\/ostfold\/wp-json\/wp\/v2\/comments?post=1086"}],"version-history":[{"count":9,"href":"https:\/\/hoyre.no\/ostfold\/wp-json\/wp\/v2\/pages\/1086\/revisions"}],"predecessor-version":[{"id":1416,"href":"https:\/\/hoyre.no\/ostfold\/wp-json\/wp\/v2\/pages\/1086\/revisions\/1416"}],"wp:attachment":[{"href":"https:\/\/hoyre.no\/ostfold\/wp-json\/wp\/v2\/media?parent=1086"}],"curies":[{"name":"wp","href":"https:\/\/api.w.org\/{rel}","templated":true}]}}