{"id":1115,"date":"2024-12-17T12:54:55","date_gmt":"2024-12-17T11:54:55","guid":{"rendered":"https:\/\/hoyre.no\/ostfold\/?page_id=1115"},"modified":"2025-07-30T13:52:54","modified_gmt":"2025-07-30T11:52:54","slug":"fredrik-holm","status":"publish","type":"page","link":"https:\/\/hoyre.no\/ostfold\/fredrik-holm\/","title":{"rendered":"Fredrik Holm"},"content":{"rendered":"\n<div class=\"wp-block-hoyre-hero with-image-gradient text-color-light  has-media alignfull has-background\"><div class=\"hoyre-hero has-image\"><h1 class=\"title\">Fredrik Holm<\/h1><p class=\"preamble\">6. kandidat for \u00d8stfold H\u00f8yre ved stortingsvalget 2025.<\/p>\t\t\t<div class=\"post-meta wp-block teft-byline-wrapper\">\n\t\t\t\t<div class=\"top\">\n\t\t\t\t\t<div class=\"signature\">\n\t\t\t\t\t\t<div class=\"teft-byline\">\n\t\t\t\t\t\t\t\t\t\t\t\t\t\t<div>\n\t\t\t\t\t\t\t\t<h3>H\u00f8yres redaksjon<\/h3>\t\t\t\t\t\t\t\t\n\t\t\t\t\t\t\t\t\t\t\t\t\t\t\t\t\t<span class=\"date\">Sist oppdatert: 30. juli 2025<\/span>\n\t\t\t\t\t\t\t\t\t\t\t\t\t\t\t\t\t\t\t\t\t\t\t\t\t<span class=\"reading-time\" itemprop=\"timeRequired\" content=\"PT1M\"><em>Ca. 1 minutter lesetid<\/em><\/span>\n\t\t\t\t\t\t\t\t\t\t\t\t\t\t\t<\/div>\n\t\t\t\t\t\t<\/div>\n\t\t\t\t\t<\/div>\n\t\t\t\t\t\t<div class=\"sharing\">\n\t\t<a class=\"share-button share-link copy-link\" data-copy=\"https:\/\/hoyre.no\/ostfold\/fredrik-holm\/\" target=\"_blank\"><span class=\"screen-reader-text\">Del link<\/span><\/a>\n\t\t<a class=\"share-button share-twitter\" href=\"http:\/\/twitter.com\/share?text=Fredrik Holm&#038;url=https:\/\/hoyre.no\/ostfold\/fredrik-holm\/&#038;hashtags=Hoyre\" target=\"_blank\"><span class=\"screen-reader-text\">Del p\u00e5 twitter<\/span><\/a>\n\t\t<a class=\"share-button share-facebook\" href=\"https:\/\/www.facebook.com\/sharer\/sharer.php?u=https:\/\/hoyre.no\/ostfold\/fredrik-holm\/\" target=\"_blank\"><span class=\"screen-reader-text\">Del p\u00e5 facebook<\/span><\/a>\n\t<\/div>\n\t\t\t\t\t<\/div>\n\t\t\t<\/div>\n\n\t\t\t<figure class=\"hoyre-image-wrapper\"><div class=\"hoyre-image\"><img loading=\"lazy\" decoding=\"async\" width=\"2500\" height=\"1875\" src=\"https:\/\/hoyre.no\/content\/uploads\/sites\/426\/2025\/07\/Fredrik-Holm-4-3-scaled.jpg\" class=\"attachment-scaled size-scaled\" alt=\"\" style=\"object-position: 48% 15%\" srcset=\"https:\/\/hoyre.no\/content\/uploads\/sites\/426\/2025\/07\/Fredrik-Holm-4-3-scaled.jpg 2500w, https:\/\/hoyre.no\/content\/uploads\/sites\/426\/2025\/07\/Fredrik-Holm-4-3-300x225.jpg 300w, https:\/\/hoyre.no\/content\/uploads\/sites\/426\/2025\/07\/Fredrik-Holm-4-3-1024x768.jpg 1024w, https:\/\/hoyre.no\/content\/uploads\/sites\/426\/2025\/07\/Fredrik-Holm-4-3-768x576.jpg 768w, https:\/\/hoyre.no\/content\/uploads\/sites\/426\/2025\/07\/Fredrik-Holm-4-3-1536x1152.jpg 1536w, https:\/\/hoyre.no\/content\/uploads\/sites\/426\/2025\/07\/Fredrik-Holm-4-3-2048x1536.jpg 2048w\" sizes=\"auto, (max-width: 2500px) 100vw, 2500px\" \/><\/div><\/figure><\/div><\/div>\n\n\n\n\n<div class=\"wp-block-hoyre-banner undefined has-icon-title icon-heart is-style-blue\"><div class=\"banner-inner\"><div class=\"banner-content\"><div class=\"entry-content\">\n<h2 class=\"wp-block-heading has-text-align-center\" id=\"h-bli-bedre-kjent-med-anne\">Bli bedre kjent med Fredrik!<\/h2>\n\n\n\n<p class=\"has-text-align-left\"><strong>Alder:&nbsp;40<br>Bostedskommune:&nbsp;Halden<br>N\u00e5v\u00e6rende yrke:&nbsp;Ordf\u00f8rer<\/strong><\/p>\n<\/div><\/div><\/div><\/div>\n\n\n\n\n<figure class=\"wp-block-image size-full\"><img loading=\"lazy\" decoding=\"async\" width=\"2500\" height=\"1875\" src=\"https:\/\/hoyre.no\/content\/uploads\/sites\/426\/2025\/07\/Fredrik-Holm-4-3-scaled.jpg\" alt=\"\" class=\"wp-image-1372\" srcset=\"https:\/\/hoyre.no\/content\/uploads\/sites\/426\/2025\/07\/Fredrik-Holm-4-3-scaled.jpg 2500w, https:\/\/hoyre.no\/content\/uploads\/sites\/426\/2025\/07\/Fredrik-Holm-4-3-300x225.jpg 300w, https:\/\/hoyre.no\/content\/uploads\/sites\/426\/2025\/07\/Fredrik-Holm-4-3-1024x768.jpg 1024w, https:\/\/hoyre.no\/content\/uploads\/sites\/426\/2025\/07\/Fredrik-Holm-4-3-768x576.jpg 768w, https:\/\/hoyre.no\/content\/uploads\/sites\/426\/2025\/07\/Fredrik-Holm-4-3-1536x1152.jpg 1536w, https:\/\/hoyre.no\/content\/uploads\/sites\/426\/2025\/07\/Fredrik-Holm-4-3-2048x1536.jpg 2048w\" sizes=\"auto, (max-width: 2500px) 100vw, 2500px\" \/><figcaption class=\"wp-element-caption\">Fredrik Holm.<\/figcaption><\/figure>\n\n\n\n<div class=\"wp-block-hoyre-banner undefined has-icon-title icon-heart is-style-blue\"><div class=\"banner-inner\"><div class=\"banner-content\"><div class=\"entry-content\">\n<p class=\"has-text-align-left\">\u00d8stfold har noen egne utfordringer knyttet til folkehelse og utenforskap i begrepets videste forstand. For meg handler politikk i f\u00f8rste rekke om \u00e5 jobbe for at \u00d8stfold skal l\u00f8fte seg mot landssnittet n\u00e5r det gjelder sysselsettinsgrad, utdanningsniv\u00e5, grunnskoleferdigheter og inntekt.<\/p>\n\n\n\n<p class=\"has-text-align-left\">Da m\u00e5 vi gi gode vilk\u00e5r til n\u00e6ringslivet, slik at folk har jobber \u00e5 g\u00e5 til. Vi trenger en skole som stiller krav og forventninger, og vi trenger en menneskelig omsorg og forst\u00e5else for utenforskapet i nabolaget.<\/p>\n\n\n\n<p class=\"has-text-align-left\"><strong>Utdannelse:<\/strong><\/p>\n\n\n\n<p class=\"has-text-align-left\">\u2013 M.A. (Honours) Internasjonale relasjoner og sosialantropologi, (University of St. Andrews, Skottland)<br>\u2013 Praktisk pedagogisk utdanning, (H\u00f8gskolen i \u00d8stfold)<br>\u2013 Statens rektorutdanning, (Oslo Met)<br>\u2013 \u00c5rsstudier i norsk og engelsk (H\u00f8gskolen i \u00d8stfold)<\/p>\n\n\n\n<p class=\"has-text-align-left\"><strong>Politiske interesseomr\u00e5der:<\/strong><\/p>\n\n\n\n<p class=\"has-text-align-left\">\u2013 Oppvekstpolitikk<br>\u2013 Arbeids- og sosialpolitikk<br>\u2013 N\u00e6ringspolitikk<\/p>\n\n\n\n<p class=\"has-text-align-left\"><strong>Politisk erfaring:<\/strong><\/p>\n\n\n\n<p class=\"has-text-align-left\">2023 \u2013&gt; Ordf\u00f8rer i Halden<br>2021 \u2013&gt; F\u00f8rste vara til Stortinget.<br>2015-2023 \u2013 Gruppeleder i Halden.<br>2015-2016 \u2013 Leder, Halden H\u00f8yre<br>2016-2018 \u2013 Nestleder, Halden H\u00f8yre<br>2003-2007 \u2013 Kommunestyrerepresentant<\/p>\n\n\n\n<div class=\"wp-block-buttons is-layout-flex wp-block-buttons-is-layout-flex\">\n<div class=\"wp-block-button\"><a class=\"wp-block-button__link wp-element-button\" href=\"https:\/\/www.facebook.com\/ordforer.halden\">Fredrik p\u00e5 Facebook<\/a><\/div>\n<\/div>\n<\/div><\/div><\/div><\/div>\n","protected":false},"excerpt":{"rendered":"","protected":false},"author":339,"featured_media":0,"parent":0,"menu_order":0,"comment_status":"closed","ping_status":"closed","template":"","meta":{"teft_cards_image_url":"","teft_cards_custom_pretitle":"","teft_cards_image_id":0,"teft_cards_image_focal_point_x":0,"teft_cards_image_focal_point_y":0,"teft_cards_title":"","teft_cards_excerpt":"","teft_show_chapters":false,"footnotes":""},"class_list":["post-1115","page","type-page","status-publish","hentry"],"yoast_head":"<!-- This site is optimized with the Yoast SEO plugin v26.6 - https:\/\/yoast.com\/wordpress\/plugins\/seo\/ -->\n<title>Fredrik Holm - \u00d8stfold H\u00f8yre<\/title>\n<meta name=\"description\" content=\"Bli bedre kjent med Fredrik Holm, 6. kandidat for \u00d8stfold H\u00f8yre ved stortingsvalget 2025.\" \/>\n<meta name=\"robots\" content=\"index, follow, max-snippet:-1, max-image-preview:large, max-video-preview:-1\" \/>\n<link rel=\"canonical\" href=\"https:\/\/hoyre.no\/ostfold\/fredrik-holm\/\" \/>\n<meta property=\"og:locale\" content=\"nb_NO\" \/>\n<meta property=\"og:type\" content=\"article\" \/>\n<meta property=\"og:title\" content=\"Fredrik Holm - \u00d8stfold H\u00f8yre\" \/>\n<meta property=\"og:description\" content=\"Bli bedre kjent med Fredrik Holm, 6. kandidat for \u00d8stfold H\u00f8yre ved stortingsvalget 2025.\" \/>\n<meta property=\"og:url\" content=\"https:\/\/hoyre.no\/ostfold\/fredrik-holm\/\" \/>\n<meta property=\"og:site_name\" content=\"\u00d8stfold H\u00f8yre\" \/>\n<meta property=\"article:publisher\" content=\"https:\/\/www.facebook.com\/ostfoldhoyre\" \/>\n<meta property=\"article:modified_time\" content=\"2025-07-30T11:52:54+00:00\" \/>\n<meta property=\"og:image\" content=\"https:\/\/hoyre.no\/content\/uploads\/sites\/426\/2025\/07\/Fredrik-Holm-4-3-scaled.jpg\" \/>\n\t<meta property=\"og:image:width\" content=\"2500\" \/>\n\t<meta property=\"og:image:height\" content=\"1875\" \/>\n\t<meta property=\"og:image:type\" content=\"image\/jpeg\" \/>\n<meta name=\"twitter:card\" content=\"summary_large_image\" \/>\n<meta name=\"twitter:label1\" content=\"Ansl. lesetid\" \/>\n\t<meta name=\"twitter:data1\" content=\"2 minutter\" \/>\n<script type=\"application\/ld+json\" class=\"yoast-schema-graph\">{\"@context\":\"https:\/\/schema.org\",\"@graph\":[{\"@type\":\"WebPage\",\"@id\":\"https:\/\/hoyre.no\/ostfold\/fredrik-holm\/\",\"url\":\"https:\/\/hoyre.no\/ostfold\/fredrik-holm\/\",\"name\":\"Fredrik Holm - \u00d8stfold H\u00f8yre\",\"isPartOf\":{\"@id\":\"https:\/\/hoyre.no\/ostfold\/#website\"},\"image\":{\"@id\":\"https:\/\/hoyre.no\/ostfold\/fredrik-holm\/#primaryimage\"},\"thumbnailUrl\":\"https:\/\/hoyre.no\/content\/uploads\/sites\/426\/2025\/07\/Fredrik-Holm-4-3-scaled.jpg\",\"datePublished\":\"2024-12-17T11:54:55+00:00\",\"dateModified\":\"2025-07-30T11:52:54+00:00\",\"description\":\"Bli bedre kjent med Fredrik Holm, 6. kandidat for \u00d8stfold H\u00f8yre ved stortingsvalget 2025.\",\"breadcrumb\":{\"@id\":\"https:\/\/hoyre.no\/ostfold\/fredrik-holm\/#breadcrumb\"},\"inLanguage\":\"nb-NO\",\"potentialAction\":[{\"@type\":\"ReadAction\",\"target\":[\"https:\/\/hoyre.no\/ostfold\/fredrik-holm\/\"]}]},{\"@type\":\"ImageObject\",\"inLanguage\":\"nb-NO\",\"@id\":\"https:\/\/hoyre.no\/ostfold\/fredrik-holm\/#primaryimage\",\"url\":\"https:\/\/hoyre.no\/content\/uploads\/sites\/426\/2025\/07\/Fredrik-Holm-4-3-scaled.jpg\",\"contentUrl\":\"https:\/\/hoyre.no\/content\/uploads\/sites\/426\/2025\/07\/Fredrik-Holm-4-3-scaled.jpg\"},{\"@type\":\"BreadcrumbList\",\"@id\":\"https:\/\/hoyre.no\/ostfold\/fredrik-holm\/#breadcrumb\",\"itemListElement\":[{\"@type\":\"ListItem\",\"position\":1,\"name\":\"Til hoyre.no\",\"item\":\"https:\/\/hoyre.no\"},{\"@type\":\"ListItem\",\"position\":2,\"name\":\"Hjem\",\"item\":\"https:\/\/hoyre.no\/ostfold\/\"},{\"@type\":\"ListItem\",\"position\":3,\"name\":\"Fredrik Holm\"}]},{\"@type\":\"WebSite\",\"@id\":\"https:\/\/hoyre.no\/ostfold\/#website\",\"url\":\"https:\/\/hoyre.no\/ostfold\/\",\"name\":\"\u00d8stfold H\u00f8yre\",\"description\":\"\",\"publisher\":{\"@id\":\"https:\/\/hoyre.no\/ostfold\/#organization\"},\"inLanguage\":\"nb-NO\"},{\"@type\":\"Organization\",\"@id\":\"https:\/\/hoyre.no\/ostfold\/#organization\",\"name\":\"\u00d8stfold H\u00f8yre\",\"url\":\"https:\/\/hoyre.no\/ostfold\/\",\"logo\":{\"@type\":\"ImageObject\",\"inLanguage\":\"nb-NO\",\"@id\":\"https:\/\/hoyre.no\/ostfold\/#\/schema\/logo\/image\/\",\"url\":\"https:\/\/hoyre.no\/content\/uploads\/sites\/426\/2023\/02\/hoyre_logo.png\",\"contentUrl\":\"https:\/\/hoyre.no\/content\/uploads\/sites\/426\/2023\/02\/hoyre_logo.png\",\"width\":1000,\"height\":1000,\"caption\":\"\u00d8stfold H\u00f8yre\"},\"image\":{\"@id\":\"https:\/\/hoyre.no\/ostfold\/#\/schema\/logo\/image\/\"},\"sameAs\":[\"https:\/\/www.facebook.com\/ostfoldhoyre\"]}]}<\/script>\n<!-- \/ Yoast SEO plugin. -->","yoast_head_json":{"title":"Fredrik Holm - \u00d8stfold H\u00f8yre","description":"Bli bedre kjent med Fredrik Holm, 6. kandidat for \u00d8stfold H\u00f8yre ved stortingsvalget 2025.","robots":{"index":"index","follow":"follow","max-snippet":"max-snippet:-1","max-image-preview":"max-image-preview:large","max-video-preview":"max-video-preview:-1"},"canonical":"https:\/\/hoyre.no\/ostfold\/fredrik-holm\/","og_locale":"nb_NO","og_type":"article","og_title":"Fredrik Holm - \u00d8stfold H\u00f8yre","og_description":"Bli bedre kjent med Fredrik Holm, 6. kandidat for \u00d8stfold H\u00f8yre ved stortingsvalget 2025.","og_url":"https:\/\/hoyre.no\/ostfold\/fredrik-holm\/","og_site_name":"\u00d8stfold H\u00f8yre","article_publisher":"https:\/\/www.facebook.com\/ostfoldhoyre","article_modified_time":"2025-07-30T11:52:54+00:00","og_image":[{"width":2500,"height":1875,"url":"https:\/\/hoyre.no\/content\/uploads\/sites\/426\/2025\/07\/Fredrik-Holm-4-3-scaled.jpg","type":"image\/jpeg"}],"twitter_card":"summary_large_image","twitter_misc":{"Ansl. lesetid":"2 minutter"},"schema":{"@context":"https:\/\/schema.org","@graph":[{"@type":"WebPage","@id":"https:\/\/hoyre.no\/ostfold\/fredrik-holm\/","url":"https:\/\/hoyre.no\/ostfold\/fredrik-holm\/","name":"Fredrik Holm - \u00d8stfold H\u00f8yre","isPartOf":{"@id":"https:\/\/hoyre.no\/ostfold\/#website"},"image":{"@id":"https:\/\/hoyre.no\/ostfold\/fredrik-holm\/#primaryimage"},"thumbnailUrl":"https:\/\/hoyre.no\/content\/uploads\/sites\/426\/2025\/07\/Fredrik-Holm-4-3-scaled.jpg","datePublished":"2024-12-17T11:54:55+00:00","dateModified":"2025-07-30T11:52:54+00:00","description":"Bli bedre kjent med Fredrik Holm, 6. kandidat for \u00d8stfold H\u00f8yre ved stortingsvalget 2025.","breadcrumb":{"@id":"https:\/\/hoyre.no\/ostfold\/fredrik-holm\/#breadcrumb"},"inLanguage":"nb-NO","potentialAction":[{"@type":"ReadAction","target":["https:\/\/hoyre.no\/ostfold\/fredrik-holm\/"]}]},{"@type":"ImageObject","inLanguage":"nb-NO","@id":"https:\/\/hoyre.no\/ostfold\/fredrik-holm\/#primaryimage","url":"https:\/\/hoyre.no\/content\/uploads\/sites\/426\/2025\/07\/Fredrik-Holm-4-3-scaled.jpg","contentUrl":"https:\/\/hoyre.no\/content\/uploads\/sites\/426\/2025\/07\/Fredrik-Holm-4-3-scaled.jpg"},{"@type":"BreadcrumbList","@id":"https:\/\/hoyre.no\/ostfold\/fredrik-holm\/#breadcrumb","itemListElement":[{"@type":"ListItem","position":1,"name":"Til hoyre.no","item":"https:\/\/hoyre.no"},{"@type":"ListItem","position":2,"name":"Hjem","item":"https:\/\/hoyre.no\/ostfold\/"},{"@type":"ListItem","position":3,"name":"Fredrik Holm"}]},{"@type":"WebSite","@id":"https:\/\/hoyre.no\/ostfold\/#website","url":"https:\/\/hoyre.no\/ostfold\/","name":"\u00d8stfold H\u00f8yre","description":"","publisher":{"@id":"https:\/\/hoyre.no\/ostfold\/#organization"},"inLanguage":"nb-NO"},{"@type":"Organization","@id":"https:\/\/hoyre.no\/ostfold\/#organization","name":"\u00d8stfold H\u00f8yre","url":"https:\/\/hoyre.no\/ostfold\/","logo":{"@type":"ImageObject","inLanguage":"nb-NO","@id":"https:\/\/hoyre.no\/ostfold\/#\/schema\/logo\/image\/","url":"https:\/\/hoyre.no\/content\/uploads\/sites\/426\/2023\/02\/hoyre_logo.png","contentUrl":"https:\/\/hoyre.no\/content\/uploads\/sites\/426\/2023\/02\/hoyre_logo.png","width":1000,"height":1000,"caption":"\u00d8stfold H\u00f8yre"},"image":{"@id":"https:\/\/hoyre.no\/ostfold\/#\/schema\/logo\/image\/"},"sameAs":["https:\/\/www.facebook.com\/ostfoldhoyre"]}]}},"distributor_meta":false,"distributor_terms":false,"distributor_media":false,"distributor_original_site_name":"\u00d8stfold H\u00f8yre","distributor_original_site_url":"https:\/\/hoyre.no\/ostfold","push-errors":false,"_links":{"self":[{"href":"https:\/\/hoyre.no\/ostfold\/wp-json\/wp\/v2\/pages\/1115","targetHints":{"allow":["GET"]}}],"collection":[{"href":"https:\/\/hoyre.no\/ostfold\/wp-json\/wp\/v2\/pages"}],"about":[{"href":"https:\/\/hoyre.no\/ostfold\/wp-json\/wp\/v2\/types\/page"}],"author":[{"embeddable":true,"href":"https:\/\/hoyre.no\/ostfold\/wp-json\/wp\/v2\/users\/339"}],"replies":[{"embeddable":true,"href":"https:\/\/hoyre.no\/ostfold\/wp-json\/wp\/v2\/comments?post=1115"}],"version-history":[{"count":7,"href":"https:\/\/hoyre.no\/ostfold\/wp-json\/wp\/v2\/pages\/1115\/revisions"}],"predecessor-version":[{"id":1422,"href":"https:\/\/hoyre.no\/ostfold\/wp-json\/wp\/v2\/pages\/1115\/revisions\/1422"}],"wp:attachment":[{"href":"https:\/\/hoyre.no\/ostfold\/wp-json\/wp\/v2\/media?parent=1115"}],"curies":[{"name":"wp","href":"https:\/\/api.w.org\/{rel}","templated":true}]}}