{"id":4,"date":"2022-12-02T11:20:36","date_gmt":"2022-12-02T10:20:36","guid":{"rendered":"https:\/\/hoyre.no\/ostfold\/vare-folk\/"},"modified":"2023-11-29T15:16:58","modified_gmt":"2023-11-29T14:16:58","slug":"vare-folk","status":"publish","type":"page","link":"https:\/\/hoyre.no\/ostfold\/vare-folk\/","title":{"rendered":"V\u00e5re folk"},"content":{"rendered":"\n<div class=\"wp-block-hoyre-hero with-image-gradient text-color-light  alignfull has-background\"><div class=\"hoyre-hero \"><h1 class=\"title\">V\u00e5re folk<\/h1><p class=\"preamble\">\u00d8stfold H\u00f8yre best\u00e5r av mange tillits- og folkevalgte. Har du noen sp\u00f8rsm\u00e5l? Ikke n\u00f8l med \u00e5 ta kontakt!<br><br>Kontaktinformasjon til \u00d8stfold H\u00f8yre ser du nederst p\u00e5 denne siden.<\/p><\/div><\/div>\n\n\n\n\n<section class=\"wp-block-hoyre-local-politicians alignfull has-background\">\n\t<div class=\"block-inner\">\n\t\t<div class=\"select-wrapper\">\n\t\t\t<select class=\"politician-committee-dropdown filter-dropdown\" name=\"committee_id\">\n\t\t\t\t\t\t\t\t\t<option value=\"arbeidsutvalget\"  selected='selected'>\n\t\t\t\t\t\tArbeidsutvalget\t\t\t\t\t<\/option>\n\t\t\t\t\t\t\t\t\t<option value=\"stortingsrepresentanter\" >\n\t\t\t\t\t\tStortingsrepresentanter\t\t\t\t\t<\/option>\n\t\t\t\t\t\t\t\t\t<option value=\"fylkesting\" >\n\t\t\t\t\t\tFylkesting\t\t\t\t\t<\/option>\n\t\t\t\t\t\t\t\t\t<option value=\"politisk-utvalg\" >\n\t\t\t\t\t\tPolitisk utvalg\t\t\t\t\t<\/option>\n\t\t\t\t\t\t\t\t\t<option value=\"organisatorisk-utvalg\" >\n\t\t\t\t\t\tOrganisatorisk utvalg\t\t\t\t\t<\/option>\n\t\t\t\t\t\t\t<\/select>\n\t\t<\/div>\n\t\t<div class=\"teft-cards-grid default-size-3\">\n\t\t\t<div class=\"teft-cards-item  is-card-hoyre-person\">\n\n\t<article class=\"teft-card hoyre-person has-internal-link\">\n\t\t<div class=\"teft-card__media circle-crop\"><img decoding=\"async\" loading=\"lazy\" width=\"500\" height=\"500\" src=\"https:\/\/res.cloudinary.com\/hoyre\/image\/upload\/c_thumb,g_face:center,h_500,w_500,d_defaultprofileimg3.jpg,fl_lossy,f_auto\/w_500\/v20230420\/12309753.jpg\" style=\"background-position:50% 50%\" alt=\"Magnus Arnesen\" \/><\/div>\t\t<div class=\"teft-card__primary\">\n\t\t\t\t\t\t\t<a href=\"https:\/\/hoyre.no\/personprofiler\/magnus-arnesen\/\" class=\"primary-link\"><h2>Magnus Arnesen<\/h2><\/a>\n\t\t\t\t\t\t\t\t\t\t<p>Fylkesleder<\/p>\n\t\t\t\t\t\t\t\t<\/div>\n\n\t<\/article>\n\n\t<\/div><div class=\"teft-cards-item  is-card-hoyre-person\">\n\n\t<article class=\"teft-card hoyre-person has-internal-link\">\n\t\t<div class=\"teft-card__media circle-crop\"><img decoding=\"async\" loading=\"lazy\" width=\"500\" height=\"500\" src=\"https:\/\/res.cloudinary.com\/hoyre\/image\/upload\/c_thumb,g_face:center,h_500,w_500,d_defaultprofileimg3.jpg,fl_lossy,f_auto\/w_500\/v20230420\/52070943.jpg\" style=\"background-position:50% 50%\" alt=\"Ann Kristin Solli Borgersen\" \/><\/div>\t\t<div class=\"teft-card__primary\">\n\t\t\t\t\t\t\t<a href=\"https:\/\/hoyre.no\/personprofiler\/ann-kristin-solli-borgersen\/\" class=\"primary-link\"><h2>Ann Kristin Solli Borgersen<\/h2><\/a>\n\t\t\t\t\t\t\t\t\t\t<p>1. nestleder<\/p>\n\t\t\t\t\t\t\t\t<\/div>\n\n\t<\/article>\n\n\t<\/div><div class=\"teft-cards-item  is-card-hoyre-person\">\n\n\t<article class=\"teft-card hoyre-person has-internal-link\">\n\t\t<div class=\"teft-card__media circle-crop\"><img decoding=\"async\" loading=\"lazy\" width=\"500\" height=\"500\" src=\"https:\/\/res.cloudinary.com\/hoyre\/image\/upload\/c_thumb,g_face:center,h_500,w_500,d_defaultprofileimg3.jpg,fl_lossy,f_auto\/w_500\/v20230420\/12249348.jpg\" style=\"background-position:50% 50%\" alt=\"Arne Sekkelsten\" \/><\/div>\t\t<div class=\"teft-card__primary\">\n\t\t\t\t\t\t\t<a href=\"https:\/\/hoyre.no\/personprofiler\/arne-sekkelsten\/\" class=\"primary-link\"><h2>Arne Sekkelsten<\/h2><\/a>\n\t\t\t\t\t\t\t\t\t\t<p>2. nestleder<\/p>\n\t\t\t\t\t\t\t\t<\/div>\n\n\t<\/article>\n\n\t<\/div><div class=\"teft-cards-item  is-card-hoyre-person\">\n\n\t<article class=\"teft-card hoyre-person has-internal-link\">\n\t\t<div class=\"teft-card__media circle-crop\"><img decoding=\"async\" loading=\"lazy\" width=\"500\" height=\"500\" src=\"https:\/\/res.cloudinary.com\/hoyre\/image\/upload\/c_thumb,g_face:center,h_500,w_500,d_defaultprofileimg3.jpg,fl_lossy,f_auto\/w_500\/v20230420\/11025608.jpg\" style=\"background-position:50% 50%\" alt=\"Tage Pettersen\" \/><\/div>\t\t<div class=\"teft-card__primary\">\n\t\t\t\t\t\t\t<a href=\"https:\/\/hoyre.no\/personprofiler\/tage-pettersen\/\" class=\"primary-link\"><h2>Tage Pettersen<\/h2><\/a>\n\t\t\t\t\t\t\t\t\t\t<p>Stortingsrepresentant<\/p>\n\t\t\t\t\t\t\t\t<\/div>\n\n\t<\/article>\n\n\t<\/div><div class=\"teft-cards-item  is-card-hoyre-person\">\n\n\t<article class=\"teft-card hoyre-person has-internal-link\">\n\t\t<div class=\"teft-card__media circle-crop\"><img decoding=\"async\" loading=\"lazy\" width=\"500\" height=\"500\" src=\"https:\/\/res.cloudinary.com\/hoyre\/image\/upload\/c_thumb,g_face:center,h_500,w_500,d_defaultprofileimg3.jpg,fl_lossy,f_auto\/w_500\/v20230420\/51823151.jpg\" style=\"background-position:50% 50%\" alt=\"\u00d8yvind Bakke\" \/><\/div>\t\t<div class=\"teft-card__primary\">\n\t\t\t\t\t\t\t<a href=\"https:\/\/hoyre.no\/personprofiler\/oyvind-bakke\/\" class=\"primary-link\"><h2>\u00d8yvind Bakke<\/h2><\/a>\n\t\t\t\t\t\t\t\t\t\t<p>Medlem<\/p>\n\t\t\t\t\t\t\t\t<\/div>\n\n\t<\/article>\n\n\t<\/div><div class=\"teft-cards-item  is-card-hoyre-person\">\n\n\t<article class=\"teft-card hoyre-person has-internal-link\">\n\t\t<div class=\"teft-card__media circle-crop\"><img decoding=\"async\" loading=\"lazy\" width=\"500\" height=\"500\" src=\"https:\/\/res.cloudinary.com\/hoyre\/image\/upload\/c_thumb,g_face:center,h_500,w_500,d_defaultprofileimg3.jpg,fl_lossy,f_auto\/w_500\/v20230420\/50158542.jpg\" style=\"background-position:50% 50%\" alt=\"Fredrik Holm\" \/><\/div>\t\t<div class=\"teft-card__primary\">\n\t\t\t\t\t\t\t<a href=\"https:\/\/hoyre.no\/personprofiler\/fredrik-holm\/\" class=\"primary-link\"><h2>Fredrik Holm<\/h2><\/a>\n\t\t\t\t\t\t\t\t\t\t<p>Medlem<\/p>\n\t\t\t\t\t\t\t\t<\/div>\n\n\t<\/article>\n\n\t<\/div><div class=\"teft-cards-item  is-card-hoyre-person\">\n\n\t<article class=\"teft-card hoyre-person has-internal-link\">\n\t\t<div class=\"teft-card__media circle-crop\"><img decoding=\"async\" loading=\"lazy\" width=\"500\" height=\"500\" src=\"https:\/\/res.cloudinary.com\/hoyre\/image\/upload\/c_thumb,g_face:center,h_500,w_500,d_defaultprofileimg3.jpg,fl_lossy,f_auto\/w_500\/v20230420\/50543396.jpg\" style=\"background-position:50% 50%\" alt=\"Marianne Klever N\u00e6ss\" \/><\/div>\t\t<div class=\"teft-card__primary\">\n\t\t\t\t\t\t\t<a href=\"https:\/\/hoyre.no\/personprofiler\/marianne-klever-naess\/\" class=\"primary-link\"><h2>Marianne Klever N\u00e6ss<\/h2><\/a>\n\t\t\t\t\t\t\t\t\t\t<p>Leder H\u00f8yres Kvinneforum<\/p>\n\t\t\t\t\t\t\t\t<\/div>\n\n\t<\/article>\n\n\t<\/div><div class=\"teft-cards-item  is-card-hoyre-person\">\n\n\t<article class=\"teft-card hoyre-person has-internal-link\">\n\t\t<div class=\"teft-card__media circle-crop\"><img decoding=\"async\" loading=\"lazy\" width=\"500\" height=\"500\" src=\"https:\/\/res.cloudinary.com\/hoyre\/image\/upload\/c_thumb,g_face:center,h_500,w_500,d_defaultprofileimg3.jpg,fl_lossy,f_auto\/w_500\/v20230420\/50137017.jpg\" style=\"background-position:50% 50%\" alt=\"Gjermund Krogstad\" \/><\/div>\t\t<div class=\"teft-card__primary\">\n\t\t\t\t\t\t\t<a href=\"https:\/\/hoyre.no\/personprofiler\/gjermund-krogstad\/\" class=\"primary-link\"><h2>Gjermund Krogstad<\/h2><\/a>\n\t\t\t\t\t\t\t\t\t\t<p>Kasserer, Fylkessekret\u00e6r<\/p>\n\t\t\t\t\t\t\t\t<\/div>\n\n\t<\/article>\n\n\t<\/div><div class=\"teft-cards-item  is-card-hoyre-person\">\n\n\t<article class=\"teft-card hoyre-person has-internal-link\">\n\t\t<div class=\"teft-card__media circle-crop\"><img decoding=\"async\" loading=\"lazy\" width=\"500\" height=\"500\" src=\"https:\/\/res.cloudinary.com\/hoyre\/image\/upload\/c_thumb,g_face:center,h_500,w_500,d_defaultprofileimg3.jpg,fl_lossy,f_auto\/w_500\/v20230420\/2217628.jpg\" style=\"background-position:50% 50%\" alt=\"Richard Norland\" \/><\/div>\t\t<div class=\"teft-card__primary\">\n\t\t\t\t\t\t\t<a href=\"https:\/\/hoyre.no\/personprofiler\/richard-norland\/\" class=\"primary-link\"><h2>Richard Norland<\/h2><\/a>\n\t\t\t\t\t\t\t\t\t\t<p>Senior H\u00f8yre-leder<\/p>\n\t\t\t\t\t\t\t\t<\/div>\n\n\t<\/article>\n\n\t<\/div><div class=\"teft-cards-item  is-card-hoyre-person\">\n\n\t<article class=\"teft-card hoyre-person has-internal-link\">\n\t\t<div class=\"teft-card__media circle-crop\"><img decoding=\"async\" loading=\"lazy\" width=\"500\" height=\"500\" src=\"https:\/\/res.cloudinary.com\/hoyre\/image\/upload\/c_thumb,g_face:center,h_500,w_500,d_defaultprofileimg3.jpg,fl_lossy,f_auto\/w_500\/v20230420\/50101138.jpg\" style=\"background-position:50% 50%\" alt=\"Thor Hals\" \/><\/div>\t\t<div class=\"teft-card__primary\">\n\t\t\t\t\t\t\t<a href=\"https:\/\/hoyre.no\/personprofiler\/thor-hals\/\" class=\"primary-link\"><h2>Thor Hals<\/h2><\/a>\n\t\t\t\t\t\t\t\t\t\t<p>Fylkestingsmedlem<\/p>\n\t\t\t\t\t\t\t\t<\/div>\n\n\t<\/article>\n\n\t<\/div><div class=\"teft-cards-item  is-card-hoyre-person\">\n\n\t<article class=\"teft-card hoyre-person has-internal-link\">\n\t\t<div class=\"teft-card__media circle-crop\"><img decoding=\"async\" loading=\"lazy\" width=\"500\" height=\"500\" src=\"https:\/\/res.cloudinary.com\/hoyre\/image\/upload\/c_thumb,g_face:center,h_500,w_500,d_defaultprofileimg3.jpg,fl_lossy,f_auto\/w_500\/v20230420\/52206489.jpg\" style=\"background-position:50% 50%\" alt=\"Erik Ileby Nakstad\" \/><\/div>\t\t<div class=\"teft-card__primary\">\n\t\t\t\t\t\t\t<a href=\"https:\/\/hoyre.no\/personprofiler\/erik-ileby-nakstad\/\" class=\"primary-link\"><h2>Erik Ileby Nakstad<\/h2><\/a>\n\t\t\t\t\t\t\t\t\t\t<p>Unge H\u00f8yre-leder<\/p>\n\t\t\t\t\t\t\t\t<\/div>\n\n\t<\/article>\n\n\t<\/div>\t\t<\/div>\n\t<\/div>\n<\/section>\n\n\n\n<div class=\"wp-block-media-text is-stacked-on-mobile is-image-fill alignwide\" style=\"grid-template-columns:25% auto\"><figure class=\"wp-block-media-text__media\" style=\"background-image:url('https:\/\/hoyre.no\/content\/uploads\/sites\/426\/2023\/06\/Gjermund-Krogstad-1-1-1024x1024.jpg');background-position:49% 29%\"><img loading=\"lazy\" decoding=\"async\" width=\"1024\" height=\"1024\" src=\"https:\/\/hoyre.no\/content\/uploads\/sites\/426\/2023\/06\/Gjermund-Krogstad-1-1-1024x1024.jpg\" alt=\"\" class=\"wp-image-455 size-full\" srcset=\"https:\/\/hoyre.no\/content\/uploads\/sites\/426\/2023\/06\/Gjermund-Krogstad-1-1-1024x1024.jpg 1024w, https:\/\/hoyre.no\/content\/uploads\/sites\/426\/2023\/06\/Gjermund-Krogstad-1-1-300x300.jpg 300w, https:\/\/hoyre.no\/content\/uploads\/sites\/426\/2023\/06\/Gjermund-Krogstad-1-1-150x150.jpg 150w, https:\/\/hoyre.no\/content\/uploads\/sites\/426\/2023\/06\/Gjermund-Krogstad-1-1-768x768.jpg 768w, https:\/\/hoyre.no\/content\/uploads\/sites\/426\/2023\/06\/Gjermund-Krogstad-1-1-1536x1536.jpg 1536w, https:\/\/hoyre.no\/content\/uploads\/sites\/426\/2023\/06\/Gjermund-Krogstad-1-1-2048x2048.jpg 2048w\" sizes=\"auto, (max-width: 1024px) 100vw, 1024px\" \/><\/figure><div class=\"wp-block-media-text__content\">\n<h2 class=\"wp-block-heading\">Fylkessekret\u00e6r i \u00d8stfold H\u00f8yre:<\/h2>\n\n\n\n<p>Gjermund Krogstad<\/p>\n\n\n\n<p>Mobil: +47 41103438<\/p>\n\n\n\n<p>E-post: gjekro@hoyre.no<\/p>\n<\/div><\/div>\n\n\n\n<section class=\"wp-block-hoyre-branch-contact-info aligncenter\">\n\t<div class=\"block-inner\">\n\t\t<h2>Kontakt oss<\/h2>\n\t\t<div class=\"panel\">\n\t\t\t<h3>\u00d8stfold H\u00f8yre<\/h3>\n\t\t\t<dl class=\"info-misc-with-icons\">\n\t\t\t\t\t\t\t\t\t<dt class=\"email\"><span class=\"screen-reader-text\">E-post<\/span><\/dt>\n\t\t\t\t\t<dd class=\"email\">\n\t\t\t\t\t\t<a href=\"mailto:ostfold@hoyre.no\">ostfold@hoyre.no<\/a>\n\t\t\t\t\t<\/dd>\n\t\t\t\t\t\t\t\t\t\t\t\t\n\t\t\t\t\t\t\t<\/dl>\n\t\t<\/div>\n\t<\/div>\n<\/section>\n\n","protected":false},"excerpt":{"rendered":"","protected":false},"author":51320,"featured_media":0,"parent":0,"menu_order":0,"comment_status":"closed","ping_status":"closed","template":"","meta":{"teft_cards_image_url":"","teft_cards_custom_pretitle":"","teft_cards_image_id":0,"teft_cards_image_focal_point_x":0,"teft_cards_image_focal_point_y":0,"teft_cards_title":"","teft_cards_excerpt":"","teft_show_chapters":false,"footnotes":""},"class_list":["post-4","page","type-page","status-publish","hentry"],"yoast_head":"<!-- This site is optimized with the Yoast SEO plugin v26.6 - https:\/\/yoast.com\/wordpress\/plugins\/seo\/ -->\n<title>V\u00e5re folk - \u00d8stfold H\u00f8yre<\/title>\n<meta name=\"robots\" content=\"index, follow, max-snippet:-1, max-image-preview:large, max-video-preview:-1\" \/>\n<link rel=\"canonical\" href=\"https:\/\/hoyre.no\/ostfold\/vare-folk\/\" \/>\n<meta property=\"og:locale\" content=\"nb_NO\" \/>\n<meta property=\"og:type\" content=\"article\" \/>\n<meta property=\"og:title\" content=\"V\u00e5re folk - \u00d8stfold H\u00f8yre\" \/>\n<meta property=\"og:url\" content=\"https:\/\/hoyre.no\/ostfold\/vare-folk\/\" \/>\n<meta property=\"og:site_name\" content=\"\u00d8stfold H\u00f8yre\" \/>\n<meta property=\"article:publisher\" content=\"https:\/\/www.facebook.com\/ostfoldhoyre\" \/>\n<meta property=\"article:modified_time\" content=\"2023-11-29T14:16:58+00:00\" \/>\n<meta property=\"og:image\" content=\"https:\/\/hoyre.no\/content\/uploads\/sites\/426\/2023\/06\/Gjermund-Krogstad-1-1-1024x1024.jpg\" \/>\n<meta name=\"twitter:card\" content=\"summary_large_image\" \/>\n<meta name=\"twitter:label1\" content=\"Ansl. lesetid\" \/>\n\t<meta name=\"twitter:data1\" content=\"1 minutt\" \/>\n<script type=\"application\/ld+json\" class=\"yoast-schema-graph\">{\"@context\":\"https:\/\/schema.org\",\"@graph\":[{\"@type\":\"WebPage\",\"@id\":\"https:\/\/hoyre.no\/ostfold\/vare-folk\/\",\"url\":\"https:\/\/hoyre.no\/ostfold\/vare-folk\/\",\"name\":\"V\u00e5re folk - \u00d8stfold H\u00f8yre\",\"isPartOf\":{\"@id\":\"https:\/\/hoyre.no\/ostfold\/#website\"},\"image\":{\"@id\":\"https:\/\/hoyre.no\/ostfold\/vare-folk\/#primaryimage\"},\"thumbnailUrl\":\"https:\/\/hoyre.no\/content\/uploads\/sites\/426\/2023\/06\/Gjermund-Krogstad-1-1-1024x1024.jpg\",\"datePublished\":\"2022-12-02T10:20:36+00:00\",\"dateModified\":\"2023-11-29T14:16:58+00:00\",\"breadcrumb\":{\"@id\":\"https:\/\/hoyre.no\/ostfold\/vare-folk\/#breadcrumb\"},\"inLanguage\":\"nb-NO\",\"potentialAction\":[{\"@type\":\"ReadAction\",\"target\":[\"https:\/\/hoyre.no\/ostfold\/vare-folk\/\"]}]},{\"@type\":\"ImageObject\",\"inLanguage\":\"nb-NO\",\"@id\":\"https:\/\/hoyre.no\/ostfold\/vare-folk\/#primaryimage\",\"url\":\"https:\/\/hoyre.no\/content\/uploads\/sites\/426\/2023\/06\/Gjermund-Krogstad-1-1-1024x1024.jpg\",\"contentUrl\":\"https:\/\/hoyre.no\/content\/uploads\/sites\/426\/2023\/06\/Gjermund-Krogstad-1-1-1024x1024.jpg\"},{\"@type\":\"BreadcrumbList\",\"@id\":\"https:\/\/hoyre.no\/ostfold\/vare-folk\/#breadcrumb\",\"itemListElement\":[{\"@type\":\"ListItem\",\"position\":1,\"name\":\"Til hoyre.no\",\"item\":\"https:\/\/hoyre.no\"},{\"@type\":\"ListItem\",\"position\":2,\"name\":\"Hjem\",\"item\":\"https:\/\/hoyre.no\/ostfold\/\"},{\"@type\":\"ListItem\",\"position\":3,\"name\":\"V\u00e5re folk\"}]},{\"@type\":\"WebSite\",\"@id\":\"https:\/\/hoyre.no\/ostfold\/#website\",\"url\":\"https:\/\/hoyre.no\/ostfold\/\",\"name\":\"\u00d8stfold H\u00f8yre\",\"description\":\"\",\"publisher\":{\"@id\":\"https:\/\/hoyre.no\/ostfold\/#organization\"},\"inLanguage\":\"nb-NO\"},{\"@type\":\"Organization\",\"@id\":\"https:\/\/hoyre.no\/ostfold\/#organization\",\"name\":\"\u00d8stfold H\u00f8yre\",\"url\":\"https:\/\/hoyre.no\/ostfold\/\",\"logo\":{\"@type\":\"ImageObject\",\"inLanguage\":\"nb-NO\",\"@id\":\"https:\/\/hoyre.no\/ostfold\/#\/schema\/logo\/image\/\",\"url\":\"https:\/\/hoyre.no\/content\/uploads\/sites\/426\/2023\/02\/hoyre_logo.png\",\"contentUrl\":\"https:\/\/hoyre.no\/content\/uploads\/sites\/426\/2023\/02\/hoyre_logo.png\",\"width\":1000,\"height\":1000,\"caption\":\"\u00d8stfold H\u00f8yre\"},\"image\":{\"@id\":\"https:\/\/hoyre.no\/ostfold\/#\/schema\/logo\/image\/\"},\"sameAs\":[\"https:\/\/www.facebook.com\/ostfoldhoyre\"]}]}<\/script>\n<!-- \/ Yoast SEO plugin. -->","yoast_head_json":{"title":"V\u00e5re folk - \u00d8stfold H\u00f8yre","robots":{"index":"index","follow":"follow","max-snippet":"max-snippet:-1","max-image-preview":"max-image-preview:large","max-video-preview":"max-video-preview:-1"},"canonical":"https:\/\/hoyre.no\/ostfold\/vare-folk\/","og_locale":"nb_NO","og_type":"article","og_title":"V\u00e5re folk - \u00d8stfold H\u00f8yre","og_url":"https:\/\/hoyre.no\/ostfold\/vare-folk\/","og_site_name":"\u00d8stfold H\u00f8yre","article_publisher":"https:\/\/www.facebook.com\/ostfoldhoyre","article_modified_time":"2023-11-29T14:16:58+00:00","og_image":[{"url":"https:\/\/hoyre.no\/content\/uploads\/sites\/426\/2023\/06\/Gjermund-Krogstad-1-1-1024x1024.jpg","type":"","width":"","height":""}],"twitter_card":"summary_large_image","twitter_misc":{"Ansl. lesetid":"1 minutt"},"schema":{"@context":"https:\/\/schema.org","@graph":[{"@type":"WebPage","@id":"https:\/\/hoyre.no\/ostfold\/vare-folk\/","url":"https:\/\/hoyre.no\/ostfold\/vare-folk\/","name":"V\u00e5re folk - \u00d8stfold H\u00f8yre","isPartOf":{"@id":"https:\/\/hoyre.no\/ostfold\/#website"},"image":{"@id":"https:\/\/hoyre.no\/ostfold\/vare-folk\/#primaryimage"},"thumbnailUrl":"https:\/\/hoyre.no\/content\/uploads\/sites\/426\/2023\/06\/Gjermund-Krogstad-1-1-1024x1024.jpg","datePublished":"2022-12-02T10:20:36+00:00","dateModified":"2023-11-29T14:16:58+00:00","breadcrumb":{"@id":"https:\/\/hoyre.no\/ostfold\/vare-folk\/#breadcrumb"},"inLanguage":"nb-NO","potentialAction":[{"@type":"ReadAction","target":["https:\/\/hoyre.no\/ostfold\/vare-folk\/"]}]},{"@type":"ImageObject","inLanguage":"nb-NO","@id":"https:\/\/hoyre.no\/ostfold\/vare-folk\/#primaryimage","url":"https:\/\/hoyre.no\/content\/uploads\/sites\/426\/2023\/06\/Gjermund-Krogstad-1-1-1024x1024.jpg","contentUrl":"https:\/\/hoyre.no\/content\/uploads\/sites\/426\/2023\/06\/Gjermund-Krogstad-1-1-1024x1024.jpg"},{"@type":"BreadcrumbList","@id":"https:\/\/hoyre.no\/ostfold\/vare-folk\/#breadcrumb","itemListElement":[{"@type":"ListItem","position":1,"name":"Til hoyre.no","item":"https:\/\/hoyre.no"},{"@type":"ListItem","position":2,"name":"Hjem","item":"https:\/\/hoyre.no\/ostfold\/"},{"@type":"ListItem","position":3,"name":"V\u00e5re folk"}]},{"@type":"WebSite","@id":"https:\/\/hoyre.no\/ostfold\/#website","url":"https:\/\/hoyre.no\/ostfold\/","name":"\u00d8stfold H\u00f8yre","description":"","publisher":{"@id":"https:\/\/hoyre.no\/ostfold\/#organization"},"inLanguage":"nb-NO"},{"@type":"Organization","@id":"https:\/\/hoyre.no\/ostfold\/#organization","name":"\u00d8stfold H\u00f8yre","url":"https:\/\/hoyre.no\/ostfold\/","logo":{"@type":"ImageObject","inLanguage":"nb-NO","@id":"https:\/\/hoyre.no\/ostfold\/#\/schema\/logo\/image\/","url":"https:\/\/hoyre.no\/content\/uploads\/sites\/426\/2023\/02\/hoyre_logo.png","contentUrl":"https:\/\/hoyre.no\/content\/uploads\/sites\/426\/2023\/02\/hoyre_logo.png","width":1000,"height":1000,"caption":"\u00d8stfold H\u00f8yre"},"image":{"@id":"https:\/\/hoyre.no\/ostfold\/#\/schema\/logo\/image\/"},"sameAs":["https:\/\/www.facebook.com\/ostfoldhoyre"]}]}},"distributor_meta":false,"distributor_terms":false,"distributor_media":false,"distributor_original_site_name":"\u00d8stfold H\u00f8yre","distributor_original_site_url":"https:\/\/hoyre.no\/ostfold","push-errors":false,"_links":{"self":[{"href":"https:\/\/hoyre.no\/ostfold\/wp-json\/wp\/v2\/pages\/4","targetHints":{"allow":["GET"]}}],"collection":[{"href":"https:\/\/hoyre.no\/ostfold\/wp-json\/wp\/v2\/pages"}],"about":[{"href":"https:\/\/hoyre.no\/ostfold\/wp-json\/wp\/v2\/types\/page"}],"author":[{"embeddable":true,"href":"https:\/\/hoyre.no\/ostfold\/wp-json\/wp\/v2\/users\/51320"}],"replies":[{"embeddable":true,"href":"https:\/\/hoyre.no\/ostfold\/wp-json\/wp\/v2\/comments?post=4"}],"version-history":[{"count":7,"href":"https:\/\/hoyre.no\/ostfold\/wp-json\/wp\/v2\/pages\/4\/revisions"}],"predecessor-version":[{"id":670,"href":"https:\/\/hoyre.no\/ostfold\/wp-json\/wp\/v2\/pages\/4\/revisions\/670"}],"wp:attachment":[{"href":"https:\/\/hoyre.no\/ostfold\/wp-json\/wp\/v2\/media?parent=4"}],"curies":[{"name":"wp","href":"https:\/\/api.w.org\/{rel}","templated":true}]}}