{"id":101,"date":"2023-05-07T22:11:23","date_gmt":"2023-05-07T20:11:23","guid":{"rendered":"https:\/\/hoyre.no\/ostre-toten\/?page_id=101"},"modified":"2023-05-07T22:11:23","modified_gmt":"2023-05-07T20:11:23","slug":"hans-holthe-var-ordforer-kandidat","status":"publish","type":"page","link":"https:\/\/hoyre.no\/ostre-toten\/politikk\/hans-holthe-var-ordforer-kandidat\/","title":{"rendered":"Hans Holthe , &#8211; v\u00e5r ordf\u00f8rer kandidat"},"content":{"rendered":"\n<p><\/p>\n\n\n\n<div class=\"wp-block-hoyre-hero with-image-gradient text-color-light  has-media alignfull has-background\"><div class=\"hoyre-hero has-image\"><h1 class=\"title\">Hans Holthe- ordf\u00f8rerkandidat<\/h1><p class=\"preamble\">Hvorfor du skal gi H\u00f8yre og meg din stemme i \u00d8stre Toten kommune: For \u00e5 s\u00f8rge for at jeg og \u00d8stre Toten H\u00f8yre kan skape en trygg og attraktiv kommune for alle v\u00e5re innbyggere.<\/p>\t\t\t<div class=\"post-meta wp-block teft-byline-wrapper\">\n\t\t\t\t<div class=\"top\">\n\t\t\t\t\t<div class=\"signature\">\n\t\t\t\t\t\t<div class=\"teft-byline\">\n\t\t\t\t\t\t\t\t\t\t\t\t\t\t<div>\n\t\t\t\t\t\t\t\t<h3>H\u00f8yres redaksjon<\/h3>\t\t\t\t\t\t\t\t\n\t\t\t\t\t\t\t\t\t\t\t\t\t\t\t\t\t<span class=\"date\">Sist oppdatert: 7. mai 2023<\/span>\n\t\t\t\t\t\t\t\t\t\t\t\t\t\t\t\t\t\t\t\t\t\t\t\t\t<span class=\"reading-time\" itemprop=\"timeRequired\" content=\"PT3M\"><em>Ca. 3 minutter lesetid<\/em><\/span>\n\t\t\t\t\t\t\t\t\t\t\t\t\t\t\t<\/div>\n\t\t\t\t\t\t<\/div>\n\t\t\t\t\t<\/div>\n\t\t\t\t\t\t<div class=\"sharing\">\n\t\t<a class=\"share-button share-link copy-link\" data-copy=\"https:\/\/hoyre.no\/ostre-toten\/politikk\/hans-holthe-var-ordforer-kandidat\/\" target=\"_blank\"><span class=\"screen-reader-text\">Del link<\/span><\/a>\n\t\t<a class=\"share-button share-twitter\" href=\"http:\/\/twitter.com\/share?text=Hans Holthe , &#8211; v\u00e5r ordf\u00f8rer kandidat&#038;url=https:\/\/hoyre.no\/ostre-toten\/politikk\/hans-holthe-var-ordforer-kandidat\/&#038;hashtags=Hoyre\" target=\"_blank\"><span class=\"screen-reader-text\">Del p\u00e5 twitter<\/span><\/a>\n\t\t<a class=\"share-button share-facebook\" href=\"https:\/\/www.facebook.com\/sharer\/sharer.php?u=https:\/\/hoyre.no\/ostre-toten\/politikk\/hans-holthe-var-ordforer-kandidat\/\" target=\"_blank\"><span class=\"screen-reader-text\">Del p\u00e5 facebook<\/span><\/a>\n\t<\/div>\n\t\t\t\t\t<\/div>\n\t\t\t<\/div>\n\n\t\t\t<figure class=\"hoyre-image-wrapper\"><div class=\"hoyre-image\"><img loading=\"lazy\" decoding=\"async\" width=\"1000\" height=\"1000\" src=\"https:\/\/hoyre.no\/content\/uploads\/sites\/44\/2022\/11\/Hoyres-logo.png\" class=\"attachment-scaled size-scaled\" alt=\"\" style=\"object-position: 41% 56.99999999999999%\" srcset=\"https:\/\/hoyre.no\/content\/uploads\/sites\/44\/2022\/11\/Hoyres-logo.png 1000w, https:\/\/hoyre.no\/content\/uploads\/sites\/44\/2022\/11\/Hoyres-logo-300x300.png 300w, https:\/\/hoyre.no\/content\/uploads\/sites\/44\/2022\/11\/Hoyres-logo-150x150.png 150w, https:\/\/hoyre.no\/content\/uploads\/sites\/44\/2022\/11\/Hoyres-logo-768x768.png 768w\" sizes=\"auto, (max-width: 1000px) 100vw, 1000px\" \/><\/div><\/figure><\/div><\/div>\n\n\n\n\n<div class=\"wp-block-buttons is-content-justification-center is-layout-flex wp-container-core-buttons-is-layout-16018d1d wp-block-buttons-is-layout-flex\">\n<div class=\"wp-block-button\"><a class=\"wp-block-button__link\" href=\"https:\/\/hoyre.no\/nyhetsbrev\/\">abonner p\u00e5 h\u00f8yres nyhetsbrev<\/a><\/div>\n\n\n\n<div class=\"wp-block-button\"><a class=\"wp-block-button__link\" href=\"https:\/\/www.facebook.com\/othoyre\">f\u00f8lg \u00d8stre Toten  h\u00f8yre p\u00e5 facebook<\/a><\/div>\n\n\n\n<div class=\"wp-block-button\"><a class=\"wp-block-button__link\" href=\"http:\/\/haholthe@icloud,com\">Kom i kontakt med Hans<\/a><\/div>\n<\/div>\n\n\n\n<div class=\"wp-block-hoyre-banner undefined has-icon-title icon-heart is-style-blue\"><div class=\"banner-inner\"><figure class=\"hoyre-image-wrapper\"><div class=\"hoyre-image\"><img loading=\"lazy\" decoding=\"async\" width=\"2231\" height=\"2485\" src=\"https:\/\/hoyre.no\/content\/uploads\/sites\/44\/2023\/03\/Foto-Hans-Holthe.jpg\" class=\"attachment-scaled size-scaled\" alt=\"\" style=\"object-position: 50% 19%\" srcset=\"https:\/\/hoyre.no\/content\/uploads\/sites\/44\/2023\/03\/Foto-Hans-Holthe.jpg 2231w, https:\/\/hoyre.no\/content\/uploads\/sites\/44\/2023\/03\/Foto-Hans-Holthe-269x300.jpg 269w, https:\/\/hoyre.no\/content\/uploads\/sites\/44\/2023\/03\/Foto-Hans-Holthe-919x1024.jpg 919w, https:\/\/hoyre.no\/content\/uploads\/sites\/44\/2023\/03\/Foto-Hans-Holthe-768x855.jpg 768w, https:\/\/hoyre.no\/content\/uploads\/sites\/44\/2023\/03\/Foto-Hans-Holthe-1379x1536.jpg 1379w, https:\/\/hoyre.no\/content\/uploads\/sites\/44\/2023\/03\/Foto-Hans-Holthe-1839x2048.jpg 1839w\" sizes=\"auto, (max-width: 2231px) 100vw, 2231px\" \/><\/div><\/figure><div class=\"banner-content\"><div class=\"entry-content\">\n<h2 class=\"has-text-align-center wp-block-heading\" id=\"h-bli-bedre-kjent-med-navn\">Bli bedre kjent med Hans!<\/h2>\n\n\n\n<p class=\"has-text-align-left\"><strong>Alder:<\/strong> 69 \u00e5r<\/p>\n\n\n\n<p class=\"has-text-align-left\"><strong>Bosted:<\/strong> Kapp<\/p>\n\n\n\n<p class=\"has-text-align-left\"><strong>Sivilstatus:<\/strong> Hans er gift, har to voksne barn, og fire barnebarn<\/p>\n\n\n\n<p class=\"has-text-align-left\"><strong>Jobb:<\/strong> Hans har nylig avsluttet en lang arbeidskarriere som regnskapsf\u00f8rer.<\/p>\n\n\n\n<p class=\"has-text-align-left\"><strong>Bakgrunn:<\/strong>Opprinnelig er han fra et g\u00e5rdsbruk i Ytter- Kolbu. Og etter gjennomf\u00f8rt skolegang, f\u00f8rstegangstjeneste og FN tjeneste, tok han en \u00f8konomisk utdannelse og startet opp regnskapskontoret p\u00e5 Skreia.<\/p>\n\n\n\n<p class=\"has-text-align-left\"><strong>Politisk erfaring:<\/strong> Jeg har alltid stemt H\u00f8yre, har v\u00e6rt leder i \u00d8stre Toten H\u00f8yre 2016-2020. Og var medlem i Kontrollutvalget i samme periode.<\/p>\n\n\n\n<p class=\"has-text-align-left\"><strong>Hvorfor er H\u00f8yre rett parti for deg?<\/strong> Den politiske overbevisning har alltid ligget trygt forankret innenfor H\u00f8yre sin liberalkonservative ideologi<\/p>\n\n\n\n<p class=\"has-text-align-left\"><strong>Det er l\u00f8rdag, klokka n\u00e6rmer seg 19.00. Hva spiser du helst til middag?<\/strong>  En italiensk Pizza med en god vin<\/p>\n\n\n\n<p class=\"has-text-align-left\"><strong>Hvis du skulle valgt en, hva er din favorittartist?<\/strong> Jeg h\u00f8rer gjerne p\u00e5 Zucchero og Eros Ramazzotti.<\/p>\n\n\n\n<p class=\"has-text-align-left\"><strong>Funfact?<\/strong> M\u00e5 alltid sjekke p\u00e5 flightradar alle fly som passerer p\u00e5 himmelen.<\/p>\n\n\n\n<p class=\"has-text-align-left\"><strong>Hva er din favorittplass i kommunen og utenfor kommunen?<\/strong>&nbsp;Rausteinshytta p\u00e5 Toten\u00e5sen og Skjellbreia i Vestre Toten.<\/p>\n\n\n\n<p><\/p>\n\n\n\n<div class=\"wp-block-buttons is-layout-flex wp-block-buttons-is-layout-flex\"><\/div>\n<\/div><\/div><\/div><\/div>\n\n\n\n\n\n<figure class=\"wp-block-teft-gallery columns-3 count-3 rows-2 is-cropped\"><ul class=\"teft-gallery-grid\"><li class=\"teft-gallery-item \"><figure><a href=\"https:\/\/res.cloudinary.com\/hoyre\/images\/v1607434042\/Nye%20hoyre.no\/Hovedside\/2020_RGB_hoyre_logo_profilbilde_01_14862029458\/2020_RGB_hoyre_logo_profilbilde_01_14862029458.png?_i=AA\" data-size=\"1000x1000\"><\/a><\/figure><\/li><li class=\"teft-gallery-item \"><figure><a href=\"https:\/\/res.cloudinary.com\/hoyre\/images\/v1607438265\/Nye%20hoyre.no\/Hovedside\/2020_RGB_hoyre_logo_profilbilde_01_161697e40a\/2020_RGB_hoyre_logo_profilbilde_01_161697e40a.png?_i=AA\" data-size=\"1000x1000\"><\/a><\/figure><\/li><li class=\"teft-gallery-item \"><figure><a href=\"https:\/\/res.cloudinary.com\/hoyre\/images\/v1607500832\/Nye%20hoyre.no\/Hovedside\/Design-uten-navn-4_1219163575\/Design-uten-navn-4_1219163575.png?_i=AA\" data-size=\"2880x1620\"><\/a><\/figure><\/li><\/ul><\/figure>\n\n\n\n<h2 class=\"has-text-align-center wp-block-heading\">Hans sin hjertesak<\/h2>\n\n\n\n<p>Jeg \u00f8nsker \u00e5 bidra til en fortsatt positiv utvikling for \u00d8stre Toten Kommune. Dette gjelder i hovedsak innenfor skole og n\u00e6ringsliv, samt legge til rette for en trygg alderdom. Kommunen skal ogs\u00e5 v\u00e6re en attraktiv arbeidsplass for sine ansatte.<\/p>\n\n","protected":false},"excerpt":{"rendered":"","protected":false},"author":31684,"featured_media":0,"parent":286,"menu_order":0,"comment_status":"closed","ping_status":"closed","template":"","meta":{"teft_cards_image_url":"","teft_cards_custom_pretitle":"","teft_cards_image_id":77,"teft_cards_image_focal_point_x":0.5,"teft_cards_image_focal_point_y":0.5,"teft_cards_title":"Navn Navnesen - ordf\u00f8rerkandidat","teft_cards_excerpt":"","teft_show_chapters":false,"footnotes":""},"class_list":["post-101","page","type-page","status-publish","hentry"],"yoast_head":"<!-- This site is optimized with the Yoast SEO plugin v26.6 - https:\/\/yoast.com\/wordpress\/plugins\/seo\/ -->\n<title>Hans Holthe , - v\u00e5r ordf\u00f8rer kandidat - \u00d8stre Toten H\u00f8yre<\/title>\n<meta name=\"robots\" content=\"index, follow, max-snippet:-1, max-image-preview:large, max-video-preview:-1\" \/>\n<link rel=\"canonical\" href=\"https:\/\/hoyre.no\/ostre-toten\/politikk\/hans-holthe-var-ordforer-kandidat\/\" \/>\n<meta property=\"og:locale\" content=\"nb_NO\" \/>\n<meta property=\"og:type\" content=\"article\" \/>\n<meta property=\"og:title\" content=\"Hans Holthe , - v\u00e5r ordf\u00f8rer kandidat - \u00d8stre Toten H\u00f8yre\" \/>\n<meta property=\"og:url\" content=\"https:\/\/hoyre.no\/ostre-toten\/politikk\/hans-holthe-var-ordforer-kandidat\/\" \/>\n<meta property=\"og:site_name\" content=\"\u00d8stre Toten H\u00f8yre\" \/>\n<meta property=\"og:image\" content=\"https:\/\/hoyre.no\/content\/uploads\/sites\/44\/2022\/11\/Hoyres-logo.png\" \/>\n<meta name=\"twitter:card\" content=\"summary_large_image\" \/>\n<meta name=\"twitter:label1\" content=\"Ansl. lesetid\" \/>\n\t<meta name=\"twitter:data1\" content=\"2 minutter\" \/>\n<script type=\"application\/ld+json\" class=\"yoast-schema-graph\">{\"@context\":\"https:\/\/schema.org\",\"@graph\":[{\"@type\":\"WebPage\",\"@id\":\"https:\/\/hoyre.no\/ostre-toten\/politikk\/hans-holthe-var-ordforer-kandidat\/\",\"url\":\"https:\/\/hoyre.no\/ostre-toten\/politikk\/hans-holthe-var-ordforer-kandidat\/\",\"name\":\"Hans Holthe , - v\u00e5r ordf\u00f8rer kandidat - \u00d8stre Toten H\u00f8yre\",\"isPartOf\":{\"@id\":\"https:\/\/hoyre.no\/ostre-toten\/#website\"},\"datePublished\":\"2023-05-07T20:11:23+00:00\",\"breadcrumb\":{\"@id\":\"https:\/\/hoyre.no\/ostre-toten\/politikk\/hans-holthe-var-ordforer-kandidat\/#breadcrumb\"},\"inLanguage\":\"nb-NO\",\"potentialAction\":[{\"@type\":\"ReadAction\",\"target\":[\"https:\/\/hoyre.no\/ostre-toten\/politikk\/hans-holthe-var-ordforer-kandidat\/\"]}]},{\"@type\":\"BreadcrumbList\",\"@id\":\"https:\/\/hoyre.no\/ostre-toten\/politikk\/hans-holthe-var-ordforer-kandidat\/#breadcrumb\",\"itemListElement\":[{\"@type\":\"ListItem\",\"position\":1,\"name\":\"Til hoyre.no\",\"item\":\"https:\/\/hoyre.no\"},{\"@type\":\"ListItem\",\"position\":2,\"name\":\"Hjem\",\"item\":\"https:\/\/hoyre.no\/ostre-toten\/\"},{\"@type\":\"ListItem\",\"position\":3,\"name\":\"Politikk\",\"item\":\"https:\/\/hoyre.no\/ostre-toten\/politikk\/\"},{\"@type\":\"ListItem\",\"position\":4,\"name\":\"Hans Holthe , &#8211; v\u00e5r ordf\u00f8rer kandidat\"}]},{\"@type\":\"WebSite\",\"@id\":\"https:\/\/hoyre.no\/ostre-toten\/#website\",\"url\":\"https:\/\/hoyre.no\/ostre-toten\/\",\"name\":\"\u00d8stre Toten H\u00f8yre\",\"description\":\"Bare enda et H\u00f8yres nettsteder-nettsted\",\"inLanguage\":\"nb-NO\"}]}<\/script>\n<!-- \/ Yoast SEO plugin. -->","yoast_head_json":{"title":"Hans Holthe , - v\u00e5r ordf\u00f8rer kandidat - \u00d8stre Toten H\u00f8yre","robots":{"index":"index","follow":"follow","max-snippet":"max-snippet:-1","max-image-preview":"max-image-preview:large","max-video-preview":"max-video-preview:-1"},"canonical":"https:\/\/hoyre.no\/ostre-toten\/politikk\/hans-holthe-var-ordforer-kandidat\/","og_locale":"nb_NO","og_type":"article","og_title":"Hans Holthe , - v\u00e5r ordf\u00f8rer kandidat - \u00d8stre Toten H\u00f8yre","og_url":"https:\/\/hoyre.no\/ostre-toten\/politikk\/hans-holthe-var-ordforer-kandidat\/","og_site_name":"\u00d8stre Toten H\u00f8yre","og_image":[{"url":"https:\/\/hoyre.no\/content\/uploads\/sites\/44\/2022\/11\/Hoyres-logo.png","width":"","height":"","type":""}],"twitter_card":"summary_large_image","twitter_misc":{"Ansl. lesetid":"2 minutter"},"schema":{"@context":"https:\/\/schema.org","@graph":[{"@type":"WebPage","@id":"https:\/\/hoyre.no\/ostre-toten\/politikk\/hans-holthe-var-ordforer-kandidat\/","url":"https:\/\/hoyre.no\/ostre-toten\/politikk\/hans-holthe-var-ordforer-kandidat\/","name":"Hans Holthe , - v\u00e5r ordf\u00f8rer kandidat - \u00d8stre Toten H\u00f8yre","isPartOf":{"@id":"https:\/\/hoyre.no\/ostre-toten\/#website"},"datePublished":"2023-05-07T20:11:23+00:00","breadcrumb":{"@id":"https:\/\/hoyre.no\/ostre-toten\/politikk\/hans-holthe-var-ordforer-kandidat\/#breadcrumb"},"inLanguage":"nb-NO","potentialAction":[{"@type":"ReadAction","target":["https:\/\/hoyre.no\/ostre-toten\/politikk\/hans-holthe-var-ordforer-kandidat\/"]}]},{"@type":"BreadcrumbList","@id":"https:\/\/hoyre.no\/ostre-toten\/politikk\/hans-holthe-var-ordforer-kandidat\/#breadcrumb","itemListElement":[{"@type":"ListItem","position":1,"name":"Til hoyre.no","item":"https:\/\/hoyre.no"},{"@type":"ListItem","position":2,"name":"Hjem","item":"https:\/\/hoyre.no\/ostre-toten\/"},{"@type":"ListItem","position":3,"name":"Politikk","item":"https:\/\/hoyre.no\/ostre-toten\/politikk\/"},{"@type":"ListItem","position":4,"name":"Hans Holthe , &#8211; v\u00e5r ordf\u00f8rer kandidat"}]},{"@type":"WebSite","@id":"https:\/\/hoyre.no\/ostre-toten\/#website","url":"https:\/\/hoyre.no\/ostre-toten\/","name":"\u00d8stre Toten H\u00f8yre","description":"Bare enda et H\u00f8yres nettsteder-nettsted","inLanguage":"nb-NO"}]}},"distributor_meta":false,"distributor_terms":false,"distributor_media":false,"distributor_original_site_name":"\u00d8stre Toten H\u00f8yre","distributor_original_site_url":"https:\/\/hoyre.no\/ostre-toten","push-errors":false,"_links":{"self":[{"href":"https:\/\/hoyre.no\/ostre-toten\/wp-json\/wp\/v2\/pages\/101","targetHints":{"allow":["GET"]}}],"collection":[{"href":"https:\/\/hoyre.no\/ostre-toten\/wp-json\/wp\/v2\/pages"}],"about":[{"href":"https:\/\/hoyre.no\/ostre-toten\/wp-json\/wp\/v2\/types\/page"}],"author":[{"embeddable":true,"href":"https:\/\/hoyre.no\/ostre-toten\/wp-json\/wp\/v2\/users\/31684"}],"replies":[{"embeddable":true,"href":"https:\/\/hoyre.no\/ostre-toten\/wp-json\/wp\/v2\/comments?post=101"}],"version-history":[{"count":10,"href":"https:\/\/hoyre.no\/ostre-toten\/wp-json\/wp\/v2\/pages\/101\/revisions"}],"predecessor-version":[{"id":323,"href":"https:\/\/hoyre.no\/ostre-toten\/wp-json\/wp\/v2\/pages\/101\/revisions\/323"}],"up":[{"embeddable":true,"href":"https:\/\/hoyre.no\/ostre-toten\/wp-json\/wp\/v2\/pages\/286"}],"wp:attachment":[{"href":"https:\/\/hoyre.no\/ostre-toten\/wp-json\/wp\/v2\/media?parent=101"}],"curies":[{"name":"wp","href":"https:\/\/api.w.org\/{rel}","templated":true}]}}