{"id":1002,"date":"2024-03-06T20:07:00","date_gmt":"2024-03-06T19:07:00","guid":{"rendered":"https:\/\/hoyre.no\/ovre-eiker\/?page_id=1002"},"modified":"2025-12-08T12:26:12","modified_gmt":"2025-12-08T11:26:12","slug":"ovre-eiker-unge-hoyre","status":"publish","type":"page","link":"https:\/\/hoyre.no\/ovre-eiker\/ovre-eiker-unge-hoyre\/","title":{"rendered":"\u00d8vre Eiker Unge H\u00f8yre"},"content":{"rendered":"\n<div class=\"wp-block-hoyre-hero with-image-gradient text-color-light  has-media alignfull has-background\"><div class=\"hoyre-hero has-image\"><h1 class=\"title\">\u00d8vre Eiker Unge H\u00f8yre<\/h1><p class=\"preamble\">Frihet under ansvar!<\/p>\t\t\t<div class=\"post-meta wp-block teft-byline-wrapper\">\n\t\t\t\t<div class=\"top\">\n\t\t\t\t\t<div class=\"signature\">\n\t\t\t\t\t\t<div class=\"teft-byline\">\n\t\t\t\t\t\t\t\t\t\t\t\t\t\t<div>\n\t\t\t\t\t\t\t\t<h3>H\u00f8yres redaksjon<\/h3>\t\t\t\t\t\t\t\t\n\t\t\t\t\t\t\t\t\t\t\t\t\t\t\t\t\t<span class=\"date\">Sist oppdatert: 8. desember 2025<\/span>\n\t\t\t\t\t\t\t\t\t\t\t\t\t\t\t\t\t\t\t\t\t\t\t\t\t<span class=\"reading-time\" itemprop=\"timeRequired\" content=\"PT1M\"><em>Ca. 1 minutter lesetid<\/em><\/span>\n\t\t\t\t\t\t\t\t\t\t\t\t\t\t\t<\/div>\n\t\t\t\t\t\t<\/div>\n\t\t\t\t\t<\/div>\n\t\t\t\t\t\t<div class=\"sharing\">\n\t\t<a class=\"share-button share-link copy-link\" data-copy=\"https:\/\/hoyre.no\/ovre-eiker\/ovre-eiker-unge-hoyre\/\" target=\"_blank\"><span class=\"screen-reader-text\">Del link<\/span><\/a>\n\t\t<a class=\"share-button share-twitter\" href=\"http:\/\/twitter.com\/share?text=\u00d8vre Eiker Unge H\u00f8yre&#038;url=https:\/\/hoyre.no\/ovre-eiker\/ovre-eiker-unge-hoyre\/&#038;hashtags=Hoyre\" target=\"_blank\"><span class=\"screen-reader-text\">Del p\u00e5 twitter<\/span><\/a>\n\t\t<a class=\"share-button share-facebook\" href=\"https:\/\/www.facebook.com\/sharer\/sharer.php?u=https:\/\/hoyre.no\/ovre-eiker\/ovre-eiker-unge-hoyre\/\" target=\"_blank\"><span class=\"screen-reader-text\">Del p\u00e5 facebook<\/span><\/a>\n\t<\/div>\n\t\t\t\t\t<\/div>\n\t\t\t<\/div>\n\n\t\t\t<figure class=\"hoyre-image-wrapper\"><div class=\"hoyre-image\"><img loading=\"lazy\" decoding=\"async\" width=\"2500\" height=\"1875\" src=\"https:\/\/hoyre.no\/content\/uploads\/sites\/155\/2022\/11\/unnamed-3-scaled.jpg\" class=\"attachment-scaled size-scaled\" alt=\"\" style=\"object-position: 51% 22%\" srcset=\"https:\/\/hoyre.no\/content\/uploads\/sites\/155\/2022\/11\/unnamed-3-scaled.jpg 2500w, https:\/\/hoyre.no\/content\/uploads\/sites\/155\/2022\/11\/unnamed-3-300x225.jpg 300w, https:\/\/hoyre.no\/content\/uploads\/sites\/155\/2022\/11\/unnamed-3-1024x768.jpg 1024w, https:\/\/hoyre.no\/content\/uploads\/sites\/155\/2022\/11\/unnamed-3-768x576.jpg 768w, https:\/\/hoyre.no\/content\/uploads\/sites\/155\/2022\/11\/unnamed-3-1536x1152.jpg 1536w, https:\/\/hoyre.no\/content\/uploads\/sites\/155\/2022\/11\/unnamed-3-2048x1536.jpg 2048w\" sizes=\"auto, (max-width: 2500px) 100vw, 2500px\" \/><\/div><\/figure><\/div><\/div>\n\n\n\n\n<h2 class=\"wp-block-heading\">Styret i \u00d8vre Eiker Unge H\u00f8yre<\/h2>\n\n\n\n<p><\/p>\n\n\n\n<div class=\"wp-block-media-text is-stacked-on-mobile is-image-fill-element is-image-fill is-style-pale-green\"><figure class=\"wp-block-media-text__media\"><img loading=\"lazy\" decoding=\"async\" width=\"1024\" height=\"766\" src=\"https:\/\/hoyre.no\/content\/uploads\/sites\/155\/2025\/12\/Skjermbilde-2025-12-08-122458-1024x766.png\" alt=\"\" class=\"wp-image-1376 size-full\" style=\"object-position:50% 50%\" srcset=\"https:\/\/hoyre.no\/content\/uploads\/sites\/155\/2025\/12\/Skjermbilde-2025-12-08-122458-1024x766.png 1024w, https:\/\/hoyre.no\/content\/uploads\/sites\/155\/2025\/12\/Skjermbilde-2025-12-08-122458-300x224.png 300w, https:\/\/hoyre.no\/content\/uploads\/sites\/155\/2025\/12\/Skjermbilde-2025-12-08-122458-768x574.png 768w, https:\/\/hoyre.no\/content\/uploads\/sites\/155\/2025\/12\/Skjermbilde-2025-12-08-122458.png 1214w\" sizes=\"auto, (max-width: 1024px) 100vw, 1024px\" \/><\/figure><div class=\"wp-block-media-text__content\">\n<h2 class=\"wp-block-heading\">Andrea Tomine Smedsrud Holmen<\/h2>\n\n\n\n<p><strong>Leder<\/strong><\/p>\n\n\n\n<p>Fra: Orm\u00e5sen<br>F\u00f8dt: 2005<\/p>\n\n\n\n<p><\/p>\n<\/div><\/div>\n\n\n\n<p><\/p>\n\n\n\n<div class=\"wp-block-media-text is-stacked-on-mobile is-image-fill-element is-image-fill is-style-pale-green\"><figure class=\"wp-block-media-text__media\"><img loading=\"lazy\" decoding=\"async\" width=\"1024\" height=\"1024\" src=\"https:\/\/hoyre.no\/content\/uploads\/sites\/155\/2024\/10\/449510881_822622966472238_6111741701272655704_n-1024x1024.jpg\" alt=\"\" class=\"wp-image-1157 size-full\" style=\"object-position:50% 50%\" srcset=\"https:\/\/hoyre.no\/content\/uploads\/sites\/155\/2024\/10\/449510881_822622966472238_6111741701272655704_n-1024x1024.jpg 1024w, https:\/\/hoyre.no\/content\/uploads\/sites\/155\/2024\/10\/449510881_822622966472238_6111741701272655704_n-300x300.jpg 300w, https:\/\/hoyre.no\/content\/uploads\/sites\/155\/2024\/10\/449510881_822622966472238_6111741701272655704_n-150x150.jpg 150w, https:\/\/hoyre.no\/content\/uploads\/sites\/155\/2024\/10\/449510881_822622966472238_6111741701272655704_n-768x768.jpg 768w, https:\/\/hoyre.no\/content\/uploads\/sites\/155\/2024\/10\/449510881_822622966472238_6111741701272655704_n.jpg 1366w\" sizes=\"auto, (max-width: 1024px) 100vw, 1024px\" \/><\/figure><div class=\"wp-block-media-text__content\">\n<h2 class=\"wp-block-heading\">Andreas Aronsen<\/h2>\n\n\n\n<p><strong>Nestleder<\/strong><\/p>\n\n\n\n<p>Fra: Vestfossen<br>F\u00f8dt: 2007<\/p>\n\n\n\n<p>Tlf.: 458 66 622<\/p>\n<\/div><\/div>\n\n\n\n<p><\/p>\n\n\n\n<div class=\"wp-block-media-text is-stacked-on-mobile is-image-fill-element is-image-fill is-style-pale-green\"><figure class=\"wp-block-media-text__media\"><img loading=\"lazy\" decoding=\"async\" width=\"1024\" height=\"683\" src=\"https:\/\/hoyre.no\/content\/uploads\/sites\/155\/2023\/10\/17-Caroline-Halmrast-1024x683.jpg\" alt=\"\" class=\"wp-image-864 size-full\" style=\"object-position:48% 67%\" srcset=\"https:\/\/hoyre.no\/content\/uploads\/sites\/155\/2023\/10\/17-Caroline-Halmrast-1024x683.jpg 1024w, https:\/\/hoyre.no\/content\/uploads\/sites\/155\/2023\/10\/17-Caroline-Halmrast-300x200.jpg 300w, https:\/\/hoyre.no\/content\/uploads\/sites\/155\/2023\/10\/17-Caroline-Halmrast-768x512.jpg 768w, https:\/\/hoyre.no\/content\/uploads\/sites\/155\/2023\/10\/17-Caroline-Halmrast-1536x1024.jpg 1536w, https:\/\/hoyre.no\/content\/uploads\/sites\/155\/2023\/10\/17-Caroline-Halmrast-2048x1365.jpg 2048w\" sizes=\"auto, (max-width: 1024px) 100vw, 1024px\" \/><\/figure><div class=\"wp-block-media-text__content\">\n<h2 class=\"wp-block-heading\">Caroline Halmrast<\/h2>\n\n\n\n<p><strong>Styremedlem<\/strong><\/p>\n\n\n\n<p>Fra: Hokksund<br>F\u00f8dt: 2004<\/p>\n\n\n\n<p><\/p>\n<\/div><\/div>\n\n","protected":false},"excerpt":{"rendered":"","protected":false},"author":29302,"featured_media":0,"parent":0,"menu_order":0,"comment_status":"closed","ping_status":"closed","template":"","meta":{"teft_cards_image_url":"","teft_cards_custom_pretitle":"","teft_cards_image_id":24,"teft_cards_image_focal_point_x":0.5,"teft_cards_image_focal_point_y":0.5,"teft_cards_title":"","teft_cards_excerpt":"","teft_show_chapters":false,"footnotes":""},"class_list":["post-1002","page","type-page","status-publish","hentry"],"yoast_head":"<!-- This site is optimized with the Yoast SEO plugin v26.6 - https:\/\/yoast.com\/wordpress\/plugins\/seo\/ -->\n<title>\u00d8vre Eiker Unge H\u00f8yre - \u00d8vre Eiker H\u00f8yre<\/title>\n<meta name=\"robots\" content=\"index, follow, max-snippet:-1, max-image-preview:large, max-video-preview:-1\" \/>\n<link rel=\"canonical\" href=\"https:\/\/hoyre.no\/ovre-eiker\/ovre-eiker-unge-hoyre\/\" \/>\n<meta property=\"og:locale\" content=\"nb_NO\" \/>\n<meta property=\"og:type\" content=\"article\" \/>\n<meta property=\"og:title\" content=\"\u00d8vre Eiker Unge H\u00f8yre - \u00d8vre Eiker H\u00f8yre\" \/>\n<meta property=\"og:url\" content=\"https:\/\/hoyre.no\/ovre-eiker\/ovre-eiker-unge-hoyre\/\" \/>\n<meta property=\"og:site_name\" content=\"\u00d8vre Eiker H\u00f8yre\" \/>\n<meta property=\"article:modified_time\" content=\"2025-12-08T11:26:12+00:00\" \/>\n<meta property=\"og:image\" content=\"https:\/\/hoyre.no\/content\/uploads\/sites\/155\/2022\/11\/unnamed-3-1024x768.jpg\" \/>\n<meta name=\"twitter:card\" content=\"summary_large_image\" \/>\n<meta name=\"twitter:label1\" content=\"Ansl. lesetid\" \/>\n\t<meta name=\"twitter:data1\" content=\"1 minutt\" \/>\n<script type=\"application\/ld+json\" class=\"yoast-schema-graph\">{\"@context\":\"https:\/\/schema.org\",\"@graph\":[{\"@type\":\"WebPage\",\"@id\":\"https:\/\/hoyre.no\/ovre-eiker\/ovre-eiker-unge-hoyre\/\",\"url\":\"https:\/\/hoyre.no\/ovre-eiker\/ovre-eiker-unge-hoyre\/\",\"name\":\"\u00d8vre Eiker Unge H\u00f8yre - \u00d8vre Eiker H\u00f8yre\",\"isPartOf\":{\"@id\":\"https:\/\/hoyre.no\/ovre-eiker\/#website\"},\"image\":{\"@id\":\"https:\/\/hoyre.no\/ovre-eiker\/ovre-eiker-unge-hoyre\/#primaryimage\"},\"thumbnailUrl\":\"https:\/\/hoyre.no\/content\/uploads\/sites\/155\/2025\/12\/Skjermbilde-2025-12-08-122458-1024x766.png\",\"datePublished\":\"2024-03-06T19:07:00+00:00\",\"dateModified\":\"2025-12-08T11:26:12+00:00\",\"breadcrumb\":{\"@id\":\"https:\/\/hoyre.no\/ovre-eiker\/ovre-eiker-unge-hoyre\/#breadcrumb\"},\"inLanguage\":\"nb-NO\",\"potentialAction\":[{\"@type\":\"ReadAction\",\"target\":[\"https:\/\/hoyre.no\/ovre-eiker\/ovre-eiker-unge-hoyre\/\"]}]},{\"@type\":\"ImageObject\",\"inLanguage\":\"nb-NO\",\"@id\":\"https:\/\/hoyre.no\/ovre-eiker\/ovre-eiker-unge-hoyre\/#primaryimage\",\"url\":\"https:\/\/hoyre.no\/content\/uploads\/sites\/155\/2025\/12\/Skjermbilde-2025-12-08-122458-1024x766.png\",\"contentUrl\":\"https:\/\/hoyre.no\/content\/uploads\/sites\/155\/2025\/12\/Skjermbilde-2025-12-08-122458-1024x766.png\"},{\"@type\":\"BreadcrumbList\",\"@id\":\"https:\/\/hoyre.no\/ovre-eiker\/ovre-eiker-unge-hoyre\/#breadcrumb\",\"itemListElement\":[{\"@type\":\"ListItem\",\"position\":1,\"name\":\"Til hoyre.no\",\"item\":\"https:\/\/hoyre.no\"},{\"@type\":\"ListItem\",\"position\":2,\"name\":\"Hjem\",\"item\":\"https:\/\/hoyre.no\/ovre-eiker\/\"},{\"@type\":\"ListItem\",\"position\":3,\"name\":\"\u00d8vre Eiker Unge H\u00f8yre\"}]},{\"@type\":\"WebSite\",\"@id\":\"https:\/\/hoyre.no\/ovre-eiker\/#website\",\"url\":\"https:\/\/hoyre.no\/ovre-eiker\/\",\"name\":\"\u00d8vre Eiker H\u00f8yre\",\"description\":\"\",\"inLanguage\":\"nb-NO\"}]}<\/script>\n<!-- \/ Yoast SEO plugin. -->","yoast_head_json":{"title":"\u00d8vre Eiker Unge H\u00f8yre - \u00d8vre Eiker H\u00f8yre","robots":{"index":"index","follow":"follow","max-snippet":"max-snippet:-1","max-image-preview":"max-image-preview:large","max-video-preview":"max-video-preview:-1"},"canonical":"https:\/\/hoyre.no\/ovre-eiker\/ovre-eiker-unge-hoyre\/","og_locale":"nb_NO","og_type":"article","og_title":"\u00d8vre Eiker Unge H\u00f8yre - \u00d8vre Eiker H\u00f8yre","og_url":"https:\/\/hoyre.no\/ovre-eiker\/ovre-eiker-unge-hoyre\/","og_site_name":"\u00d8vre Eiker H\u00f8yre","article_modified_time":"2025-12-08T11:26:12+00:00","og_image":[{"url":"https:\/\/hoyre.no\/content\/uploads\/sites\/155\/2022\/11\/unnamed-3-1024x768.jpg","width":"","height":"","type":""}],"twitter_card":"summary_large_image","twitter_misc":{"Ansl. lesetid":"1 minutt"},"schema":{"@context":"https:\/\/schema.org","@graph":[{"@type":"WebPage","@id":"https:\/\/hoyre.no\/ovre-eiker\/ovre-eiker-unge-hoyre\/","url":"https:\/\/hoyre.no\/ovre-eiker\/ovre-eiker-unge-hoyre\/","name":"\u00d8vre Eiker Unge H\u00f8yre - \u00d8vre Eiker H\u00f8yre","isPartOf":{"@id":"https:\/\/hoyre.no\/ovre-eiker\/#website"},"image":{"@id":"https:\/\/hoyre.no\/ovre-eiker\/ovre-eiker-unge-hoyre\/#primaryimage"},"thumbnailUrl":"https:\/\/hoyre.no\/content\/uploads\/sites\/155\/2025\/12\/Skjermbilde-2025-12-08-122458-1024x766.png","datePublished":"2024-03-06T19:07:00+00:00","dateModified":"2025-12-08T11:26:12+00:00","breadcrumb":{"@id":"https:\/\/hoyre.no\/ovre-eiker\/ovre-eiker-unge-hoyre\/#breadcrumb"},"inLanguage":"nb-NO","potentialAction":[{"@type":"ReadAction","target":["https:\/\/hoyre.no\/ovre-eiker\/ovre-eiker-unge-hoyre\/"]}]},{"@type":"ImageObject","inLanguage":"nb-NO","@id":"https:\/\/hoyre.no\/ovre-eiker\/ovre-eiker-unge-hoyre\/#primaryimage","url":"https:\/\/hoyre.no\/content\/uploads\/sites\/155\/2025\/12\/Skjermbilde-2025-12-08-122458-1024x766.png","contentUrl":"https:\/\/hoyre.no\/content\/uploads\/sites\/155\/2025\/12\/Skjermbilde-2025-12-08-122458-1024x766.png"},{"@type":"BreadcrumbList","@id":"https:\/\/hoyre.no\/ovre-eiker\/ovre-eiker-unge-hoyre\/#breadcrumb","itemListElement":[{"@type":"ListItem","position":1,"name":"Til hoyre.no","item":"https:\/\/hoyre.no"},{"@type":"ListItem","position":2,"name":"Hjem","item":"https:\/\/hoyre.no\/ovre-eiker\/"},{"@type":"ListItem","position":3,"name":"\u00d8vre Eiker Unge H\u00f8yre"}]},{"@type":"WebSite","@id":"https:\/\/hoyre.no\/ovre-eiker\/#website","url":"https:\/\/hoyre.no\/ovre-eiker\/","name":"\u00d8vre Eiker H\u00f8yre","description":"","inLanguage":"nb-NO"}]}},"distributor_meta":false,"distributor_terms":false,"distributor_media":false,"distributor_original_site_name":"\u00d8vre Eiker H\u00f8yre","distributor_original_site_url":"https:\/\/hoyre.no\/ovre-eiker","push-errors":false,"_links":{"self":[{"href":"https:\/\/hoyre.no\/ovre-eiker\/wp-json\/wp\/v2\/pages\/1002","targetHints":{"allow":["GET"]}}],"collection":[{"href":"https:\/\/hoyre.no\/ovre-eiker\/wp-json\/wp\/v2\/pages"}],"about":[{"href":"https:\/\/hoyre.no\/ovre-eiker\/wp-json\/wp\/v2\/types\/page"}],"author":[{"embeddable":true,"href":"https:\/\/hoyre.no\/ovre-eiker\/wp-json\/wp\/v2\/users\/29302"}],"replies":[{"embeddable":true,"href":"https:\/\/hoyre.no\/ovre-eiker\/wp-json\/wp\/v2\/comments?post=1002"}],"version-history":[{"count":8,"href":"https:\/\/hoyre.no\/ovre-eiker\/wp-json\/wp\/v2\/pages\/1002\/revisions"}],"predecessor-version":[{"id":1377,"href":"https:\/\/hoyre.no\/ovre-eiker\/wp-json\/wp\/v2\/pages\/1002\/revisions\/1377"}],"wp:attachment":[{"href":"https:\/\/hoyre.no\/ovre-eiker\/wp-json\/wp\/v2\/media?parent=1002"}],"curies":[{"name":"wp","href":"https:\/\/api.w.org\/{rel}","templated":true}]}}