{"id":568,"date":"2023-05-02T12:46:25","date_gmt":"2023-05-02T10:46:25","guid":{"rendered":"https:\/\/hoyre.no\/ovre-eiker\/?page_id=568"},"modified":"2024-12-23T13:27:04","modified_gmt":"2024-12-23T12:27:04","slug":"politikk","status":"publish","type":"page","link":"https:\/\/hoyre.no\/ovre-eiker\/politikk\/","title":{"rendered":"Politikk"},"content":{"rendered":"\n<div class=\"wp-block-hoyre-hero with-image-gradient text-color-light  has-media alignfull has-background\"><div class=\"hoyre-hero has-image\"><h1 class=\"title\">\u00d8vre Eiker H\u00f8yres politikk<\/h1><p class=\"preamble\">Valgprogrammet til \u00d8vre Eiker H\u00f8yre ble enstemmig vedtatt p\u00e5 \u00e5rsm\u00f8tet den 23.11.2022 for perioden 2023-2027.<\/p>\t\t\t<div class=\"post-meta wp-block teft-byline-wrapper\">\n\t\t\t\t<div class=\"top\">\n\t\t\t\t\t<div class=\"signature\">\n\t\t\t\t\t\t<div class=\"teft-byline\">\n\t\t\t\t\t\t\t\t\t\t\t\t\t\t<div>\n\t\t\t\t\t\t\t\t<h3>H\u00f8yres redaksjon<\/h3>\t\t\t\t\t\t\t\t\n\t\t\t\t\t\t\t\t\t\t\t\t\t\t\t\t\t<span class=\"date\">Sist oppdatert: 23. desember 2024<\/span>\n\t\t\t\t\t\t\t\t\t\t\t\t\t\t\t\t\t\t\t\t\t\t\t\t\t<span class=\"reading-time\" itemprop=\"timeRequired\" content=\"PT10M\"><em>Ca. 10 minutter lesetid<\/em><\/span>\n\t\t\t\t\t\t\t\t\t\t\t\t\t\t\t<\/div>\n\t\t\t\t\t\t<\/div>\n\t\t\t\t\t<\/div>\n\t\t\t\t\t\t<div class=\"sharing\">\n\t\t<a class=\"share-button share-link copy-link\" data-copy=\"https:\/\/hoyre.no\/ovre-eiker\/politikk\/\" target=\"_blank\"><span class=\"screen-reader-text\">Del link<\/span><\/a>\n\t\t<a class=\"share-button share-twitter\" href=\"http:\/\/twitter.com\/share?text=Politikk&#038;url=https:\/\/hoyre.no\/ovre-eiker\/politikk\/&#038;hashtags=Hoyre\" target=\"_blank\"><span class=\"screen-reader-text\">Del p\u00e5 twitter<\/span><\/a>\n\t\t<a class=\"share-button share-facebook\" href=\"https:\/\/www.facebook.com\/sharer\/sharer.php?u=https:\/\/hoyre.no\/ovre-eiker\/politikk\/\" target=\"_blank\"><span class=\"screen-reader-text\">Del p\u00e5 facebook<\/span><\/a>\n\t<\/div>\n\t\t\t\t\t<\/div>\n\t\t\t<\/div>\n\n\t\t\t<figure class=\"hoyre-image-wrapper\"><div class=\"hoyre-image\"><img loading=\"lazy\" decoding=\"async\" width=\"2500\" height=\"1667\" src=\"https:\/\/hoyre.no\/content\/uploads\/sites\/155\/2023\/04\/Adrian-og-Marianne_offiselt-3-scaled.jpg\" class=\"attachment-scaled size-scaled\" alt=\"\" style=\"object-position: 52% 78%\" srcset=\"https:\/\/hoyre.no\/content\/uploads\/sites\/155\/2023\/04\/Adrian-og-Marianne_offiselt-3-scaled.jpg 2500w, https:\/\/hoyre.no\/content\/uploads\/sites\/155\/2023\/04\/Adrian-og-Marianne_offiselt-3-300x200.jpg 300w, https:\/\/hoyre.no\/content\/uploads\/sites\/155\/2023\/04\/Adrian-og-Marianne_offiselt-3-1024x683.jpg 1024w, https:\/\/hoyre.no\/content\/uploads\/sites\/155\/2023\/04\/Adrian-og-Marianne_offiselt-3-768x512.jpg 768w, https:\/\/hoyre.no\/content\/uploads\/sites\/155\/2023\/04\/Adrian-og-Marianne_offiselt-3-1536x1024.jpg 1536w, https:\/\/hoyre.no\/content\/uploads\/sites\/155\/2023\/04\/Adrian-og-Marianne_offiselt-3-2048x1365.jpg 2048w\" sizes=\"auto, (max-width: 2500px) 100vw, 2500px\" \/><\/div><\/figure><\/div><\/div>\n\n\n\n\n\n\n<h2 class=\"wp-block-heading\">Valgprogram 2023-2027<\/h2>\n\n\n\n<div class=\"wp-block-teft-accordion\"><div class=\"teft-accordion__inner\">\n<div class=\"wp-block-teft-item\"><div class=\"teft-item__inner\"><h4 class=\"toggle\"><strong>V\u00c5RT LOKALMILJ\u00d8<\/strong><\/h4><div class=\"teft-item__inner-content entry-content\">\n<p>For \u00d8vre Eiker H\u00f8yre er det viktig at vi har det godt der vi bor. Et dagligliv<br>preget av trygghet og hvor gode l\u00f8sninger er tilgjengelige for den enkelte<br>er noe vi setter h\u00f8yt. At man ikke skal betale eiendomsskatt er en<br>forutsetning b\u00e5de for de n\u00e6ringsdrivende og innbyggerne.<\/p>\n<\/div><\/div><\/div>\n\n\n\n<div class=\"wp-block-teft-item\"><div class=\"teft-item__inner\"><h4 class=\"toggle\">Attraktive bomilj\u00f8er<\/h4><div class=\"teft-item__inner-content entry-content\">\n<p>Alle tettsteder i \u00d8vre Eiker skal v\u00e6re attraktive, trygge og inkluderende<br>steder \u00e5 bo. Man skal ha lyst til \u00e5 bosette seg i \u00d8vre Eiker.<\/p>\n\n\n\n<p><strong>\u00d8vre Eiker H\u00f8yre vil:<\/strong><\/p>\n\n\n\n<ul class=\"wp-block-list\">\n<li>Ikke innf\u00f8re eiendomsskatt.<\/li>\n\n\n\n<li>Utrede og etablere Stasjonsgata som g\u00e5gate mellom Parkveien og Tangengata.<\/li>\n\n\n\n<li>Arbeide for sikker skolevei til Vestfossen-skolene med helhetlig kj\u00f8rem\u00f8nster og parkeringsl\u00f8sning. Samt rask og trygg gangvei til Strandajordet.<\/li>\n\n\n\n<li>Gjennomf\u00f8re en omr\u00e5deregulering for Orm\u00e5sen som tar ut feltene B8, B9 og B10 av kommuneplanen, samt peke ut en ny utbyggings-retning som ogs\u00e5 sikrer adkomstvei nr. 2.<\/li>\n\n\n\n<li>Jobbe for \u00e5 etablere et nytt aktivitets-parkomr\u00e5de i Hokksund.<\/li>\n\n\n\n<li>Utvide buss-tilbudet til Skotselv og Orm\u00e5sen, samt jobbe for \u00e5 etablere busstilbud mellom Vestfossen og Orm\u00e5sen.<\/li>\n\n\n\n<li>Jobbe for \u00e5 planlegge ferdig gang- og sykkelvei til Orm\u00e5sen og igangsette bygging.<\/li>\n\n\n\n<li>Bygge flere boliger i alle tettstedene.<\/li>\n<\/ul>\n\n\n\n<div class=\"wp-block-teft-accordion\"><div class=\"teft-accordion__inner\">\n<div class=\"wp-block-teft-item\"><div class=\"teft-item__inner\"><div class=\"teft-item__inner-content entry-content\"><\/div><\/div><\/div>\n<\/div><\/div>\n<\/div><\/div><\/div>\n\n\n\n<div class=\"wp-block-teft-item\"><div class=\"teft-item__inner\"><h4 class=\"toggle\">Helse og omsorg<\/h4><div class=\"teft-item__inner-content entry-content\">\n<p>I \u00d8vre Eiker skal alle innbyggere motta den helsehjelpen de<br>trenger n\u00e5r de trenger det. For mennesker som bor hjemme skal<br>kommunen stille opp med det beste og n\u00e5r man mot livets slutt<br>flytter hjemmefra skal kommunen v\u00e6re der med det du trenger.<\/p>\n\n\n\n<p><strong>\u00d8vre Eiker H\u00f8yre vil:<\/strong><\/p>\n\n\n\n<ul class=\"wp-block-list\">\n<li>Gj\u00f8re det mer attraktivt \u00e5 v\u00e6re fastlege i \u00d8vre Eiker.<\/li>\n\n\n\n<li>Forlenge st\u00f8tten som ytes ved kj\u00f8p av fastlegepraksis og videref\u00f8re betalte sykedager, samt utrede muligheten for \u00e5 \u00f8ke driftstilskuddet opp til 1.000 pasienter i p\u00e5vente av en nasjonal ordning.<\/li>\n\n\n\n<li>Satse p\u00e5 digitale hjelpemidler for \u00e5 \u00f8ke livskvaliteten og bo-evnen i eget hjem. <\/li>\n\n\n\n<li>Utarbeide en helse- og velferdsplan for \u00d8vre Eiker med klart definerte m\u00e5l for kvalitet og antall sykehjemsplasser, tilbud til hjemmeboende, funksjonshemmede og p\u00e5r\u00f8rende. <\/li>\n\n\n\n<li>Legge til rette for fritt brukervalg p\u00e5 hjemmehjelp og BPA til hjemmeboende.<\/li>\n\n\n\n<li>Jobbe for \u00e5 utarbeide en plan for et aldersvennlig samfunn, herunder \u00e5 sikre et godt sosialt tilbud for eldre.<\/li>\n\n\n\n<li>Jobbe for at alle innbyggere har en best psykisk helse ved blant annet \u00e5 underst\u00f8tte og videreutvikle gode tilbud som for eksempel Ung Arena. <\/li>\n\n\n\n<li>Jobbe aktivt for \u00e5 \u00f8ke pasienter og p\u00e5r\u00f8rendes innflytelse over kvalitet og utvikling av helse- og omsorgstjenestene. <\/li>\n\n\n\n<li>Utvikle Eikertun til \u00e5 bli et kompetansesenter i regionen p\u00e5 demens og lindrende behandling. <\/li>\n<\/ul>\n\n\n\n<div class=\"wp-block-teft-accordion\"><div class=\"teft-accordion__inner\">\n<div class=\"wp-block-teft-item\"><div class=\"teft-item__inner\"><div class=\"teft-item__inner-content entry-content\"><\/div><\/div><\/div>\n<\/div><\/div>\n<\/div><\/div><\/div>\n\n\n\n<div class=\"wp-block-teft-item\"><div class=\"teft-item__inner\"><h4 class=\"toggle\">Oppvekst<\/h4><div class=\"teft-item__inner-content entry-content\">\n<p>I \u00d8vre Eiker skal alle barn og ungdom ha en god oppvekst. Dette<br>skal vi bidra til gjennom en god skole uten mobbing, et godt<br>fritidstilbud, individuell hjelp som er tilpasset ved behov og god<br>forebygging av psykiske helseplager.<\/p>\n\n\n\n<p><strong>\u00d8vre Eiker H\u00f8yre vil:<\/strong><\/p>\n\n\n\n<ul class=\"wp-block-list\">\n<li>Jobbe for \u00e5 etablere private barnehager for fortsatt \u00e5 sikre full barnehagedekning der innbyggerne bor.<\/li>\n\n\n\n<li>Legge til rette for etter- og videreutdanning av l\u00e6rere og barnehagel\u00e6rere for \u00e5 bidra til et godt l\u00e6ringsmilj\u00f8.<\/li>\n\n\n\n<li>Jobbe for \u00e5 sikre at alle barnehagene oppdager spr\u00e5kvansker og sosiale vansker tidlig, og igangsetter m\u00e5lretta tiltak raskt.<\/li>\n\n\n\n<li>Jobbe for at alle barn i \u00d8vre Eiker f\u00e5r rett hjelp til rett tid gjennom utstrakt tverrfaglig samarbeid, mellom og p\u00e5 tvers av kommunale instanser innen oppvekst og helse.<\/li>\n\n\n\n<li>Jobbe for en velfungerende og tilstedev\u00e6rende skolehelsetjeneste.<\/li>\n\n\n\n<li>Prioritere rehabilitering\/nybygg av skolene i Vestfossen og Hokksund.<\/li>\n\n\n\n<li>Jobbe for at skolene er trygge og fri for mobbing. Elevene skal f\u00e5 mulighet til \u00e5 utvikle sitt fulle faglige og sosiale potensial.<\/li>\n\n\n\n<li>I kommunestyreperioden ta igjen vedlikeholdsetterslepet p\u00e5 alle skoler.<\/li>\n\n\n\n<li>S\u00f8rge for fleksible og funksjonelle skoler blant annet gjennom \u00e5 samarbeide med idrett\/kultur.<\/li>\n<\/ul>\n\n\n\n<div class=\"wp-block-teft-accordion\"><div class=\"teft-accordion__inner\">\n<div class=\"wp-block-teft-item\"><div class=\"teft-item__inner\"><div class=\"teft-item__inner-content entry-content\"><\/div><\/div><\/div>\n<\/div><\/div>\n<\/div><\/div><\/div>\n\n\n\n<div class=\"wp-block-teft-item\"><div class=\"teft-item__inner\"><h4 class=\"toggle\">Samferdsel<\/h4><div class=\"teft-item__inner-content entry-content\">\n<p>For \u00d8vre Eiker H\u00f8yre er det et m\u00e5l at du skal kunne ta deg rundt i<br>kommunen ved hjelp av offentlig transport, samt at sykkel- og<br>gangforbindelser skal v\u00e6re trygge og godt tilgjengelige mellom og<br>innad i tettstedene.<\/p>\n\n\n\n<p><strong>\u00d8vre Eiker H\u00f8yre vil:<\/strong><\/p>\n\n\n\n<ul class=\"wp-block-list\">\n<li>Arbeide for realisering av ny E-134 (&laquo;missing link&raquo;) mellom Orkideh\u00f8gda og Toresp\u00e6ren utenfor sentrumsomr\u00e5dene. <\/li>\n\n\n\n<li>Jobbe for to tog i timen mellom Hokksund, Vestfossen, Darbu og Oslo snarest mulig, samt utbygging av Hokksund stasjon som knutepunkt. <\/li>\n\n\n\n<li>Bruke Buskerud-byens bel\u00f8nnigsmidler til gatelys, gang- og sykkelveier og kollektivtransport i alle tettsteder. <\/li>\n\n\n\n<li>Jobbe for ny riksvei 350 mellom Toresp\u00e6ren og \u00c5mot utenfor tettstedene som i minst mulig grad ber\u00f8rer dyrka mark.<\/li>\n\n\n\n<li>Bygge gang- og sykkelvei til Orm\u00e5sen og p\u00e5 Loesmoen. <\/li>\n\n\n\n<li>Jobbe for \u00e5 etablere rundkj\u00f8ring utenfor Haug kirke for \u00e5 sikre bedre fremkommelighet for utbyggingsomr\u00e5dene vest for Hokksund stasjon.<\/li>\n<\/ul>\n<\/div><\/div><\/div>\n\n\n\n<div class=\"wp-block-teft-item\"><div class=\"teft-item__inner\"><h4 class=\"toggle\">Mangfold og inkludering<\/h4><div class=\"teft-item__inner-content entry-content\">\n<p>I \u00d8vre Eiker er alle velkommen. Dette betyr at vi p\u00e5 best mulige<br>m\u00e5te skal hjelpe alle til et inkluderende og best mulig liv utenfor<br>ensomheten. Trenger du bistand til \u00e5 leve et selvstendig liv, s\u00e5<br>skal du f\u00e5 nettopp det.<\/p>\n\n\n\n<p><strong>\u00d8vre Eiker H\u00f8yre vil:<\/strong><\/p>\n\n\n\n<ul class=\"wp-block-list\">\n<li>Jobbe for \u00e5 &#8211; i samarbeid med lokalt n\u00e6ringsliv &#8211; igangsette verksteder som meningsfulle m\u00f8teplasser der kompetanse utvikles og relasjoner styrkes, eksempelvis redesign, trearbeid og mekking.<\/li>\n\n\n\n<li>At \u00d8vre Eiker kommune skal opprette spr\u00e5k- og arbeidspraksis-plasser p\u00e5 lik linje med l\u00e6rlingplasser.<\/li>\n\n\n\n<li>Jobbe for flere l\u00e6rlingeplasser i \u00d8vre Eiker kommune.<\/li>\n\n\n\n<li>Motivere og bidra til at frivilligheten i \u00d8vre Eiker arrangerer Pride.<\/li>\n\n\n\n<li>Styrke arbeidet med bosetting og integrering av krigsflyktninger gjennom \u00e5 legge til rette for forsterket spr\u00e5koppl\u00e6ring og etablering av utdanningsstillinger\/trainee-programmer i samarbeid med n\u00e6ringslivet.<\/li>\n\n\n\n<li>Videreutvikle toleransearbeidet i kommunen.<\/li>\n\n\n\n<li>Jobbe for \u00e5 sikre grendeutvalgene n\u00e6rmilj\u00f8midler til lokale inkluderingstiltak.<\/li>\n\n\n\n<li>At \u00d8vre Eiker kommune som arbeidsgiver skal legge til rette for at flere med nedsatt funksjonsevne eller \u00abhull\u00bb i CV-en f\u00e5r en sjanse i arbeidslivet.<\/li>\n\n\n\n<li>Jobbe for \u00e5 redusere sykefrav\u00e6ret i \u00d8vre Eiker kommune gjennom inkluderende og forpliktende tiltak.<\/li>\n<\/ul>\n\n\n\n<div class=\"wp-block-teft-accordion\"><div class=\"teft-accordion__inner\">\n<div class=\"wp-block-teft-item\"><div class=\"teft-item__inner\"><div class=\"teft-item__inner-content entry-content\"><\/div><\/div><\/div>\n<\/div><\/div>\n<\/div><\/div><\/div>\n\n\n\n<div class=\"wp-block-teft-item\"><div class=\"teft-item__inner\"><h4 class=\"toggle\"><strong>V\u00c5R SKAPERKRAFT<\/strong><\/h4><div class=\"teft-item__inner-content entry-content\">\n<p>For \u00d8vre Eiker H\u00f8yre er det viktig at vi har det godt der vi bor. Et dagligliv<br>preget av trygghet og hvor gode l\u00f8sninger er tilgjengelige for den enkelte<br>er noe vi setter h\u00f8yt. At man ikke skal betale eiendomsskatt er en<br>forutsetning b\u00e5de for de n\u00e6ringsdrivende og innbyggerne.<\/p>\n<\/div><\/div><\/div>\n\n\n\n<div class=\"wp-block-teft-item\"><div class=\"teft-item__inner\"><h4 class=\"toggle\">Milj\u00f8 og klima<\/h4><div class=\"teft-item__inner-content entry-content\">\n<p>\u00d8vre Eiker kommune skal g\u00e5 foran for \u00e5 sikre at b\u00e5de kommune,<br>n\u00e6ringsliv og den enkelte kan ta b\u00e6rekraftige hverdagsvalg.<br>Gjennom et systematisk og bredspektret arbeid vil man kunne lykkes<br>med et lavere klimaavtrykk i \u00d8vre Eiker.<\/p>\n\n\n\n<p><strong>\u00d8vre Eiker H\u00f8yre vil:<\/strong><\/p>\n\n\n\n<ul class=\"wp-block-list\">\n<li>Jobbe for \u00e5 sikre god ladekapasitet for el-bil i alle tettstedene i \u00d8vre Eiker.<\/li>\n\n\n\n<li>Legge til rette for flere gang- og sykkelstier i \u00d8vre Eiker.<\/li>\n\n\n\n<li>Sikre vegetaralternativer i alle kommunale kantiner.<\/li>\n\n\n\n<li>Flomsikre flere av turveiene i \u00d8vre Eiker.<\/li>\n\n\n\n<li>Halvere matsvinnet i kommunen gjennom en handlingsplan for b\u00e6rekraftig math\u00e5ndtering i privat og offentlig sektor.<\/li>\n\n\n\n<li>Legge til rette for mer bruk av kollektivtransport.<\/li>\n\n\n\n<li>Utarbeide en forpliktene energi- og klimaplan i samarbeid med n\u00e6ringslivet.<\/li>\n\n\n\n<li>Bygge ut solcelle- og annen &laquo;gr\u00f8nn&raquo; energi p\u00e5 nye bygg og ved oppgradering av eksisterende bygg, der det er hensiktsmessig og \u00f8konomisk. <\/li>\n<\/ul>\n<\/div><\/div><\/div>\n\n\n\n<div class=\"wp-block-teft-item\"><div class=\"teft-item__inner\"><h4 class=\"toggle\">Frivillighet og kultur<\/h4><div class=\"teft-item__inner-content entry-content\">\n<p>\u00d8vre Eiker kommune er en frivillighetskommune, hvor<br>kommunen skal gj\u00f8re sitt for \u00e5 bidra til vekst og utvikling i<br>frivillig sektor.<\/p>\n\n\n\n<p><strong>\u00d8vre Eiker H\u00f8yre vil:<\/strong><\/p>\n\n\n\n<ul class=\"wp-block-list\">\n<li>Jobbe for \u00e5 styrke tilskuddsordningene til frivillig sektor.<\/li>\n\n\n\n<li>Jobbe for \u00e5 befeste Vestfossen som kuturhovedstad.<\/li>\n\n\n\n<li>Utvikle alle kommunens tettsteder med gode lokaldemokratiske prosesser med genuin involvering og samarbeid med grendeutvalg, lag og foreninger med m\u00e5l om minst skole, barnehage og butikk p\u00e5 hvert tettsted.<\/li>\n\n\n\n<li>Videreutvikle Loesmoen Idrettspark til \u00e5 bli en moderne idrettspark for alle innbyggerne i kommunen.<\/li>\n\n\n\n<li>Fortsette det gode samarbeidet med kulturinstitusjoner i alle deler av kommunen. <\/li>\n\n\n\n<li>St\u00f8tte opp om arbeidet som idrettsr\u00e5det, musikkr\u00e5det og teaterr\u00e5det i kommunen gj\u00f8r.<\/li>\n\n\n\n<li>St\u00f8tte opp om \u00e5 tilrettelegge for den frivillige innsatsen som gj\u00f8res i omsorgsektoren, blant annet ved \u00e5 stille utstyr til disposisjon. <\/li>\n\n\n\n<li>Bygge nytt badeanlegg som del av Loesmoen Idrettspark.<\/li>\n\n\n\n<li>Samarbeide med idretten for \u00e5 finne l\u00f8sninger for samdrift mellom skole og idrett. <\/li>\n\n\n\n<li>Videreutvikle samarbeidet med alle frivillige organisasjoner i kommunen. <\/li>\n<\/ul>\n<\/div><\/div><\/div>\n\n\n\n<div class=\"wp-block-teft-item\"><div class=\"teft-item__inner\"><h4 class=\"toggle\">Handel og n\u00e6ring<\/h4><div class=\"teft-item__inner-content entry-content\">\n<p>I \u00d8vre Eiker skal n\u00e6ringslivet f\u00f8le seg st\u00f8ttet. Det skal v\u00e6re<br>mulig \u00e5 drive virksomhet og f\u00f8le at kommunen er p\u00e5 lag med<br>deg.<\/p>\n\n\n\n<p><strong>\u00d8vre Eiker H\u00f8yre vil:<\/strong><\/p>\n\n\n\n<ul class=\"wp-block-list\">\n<li>Jobbe for fortsatt utvikling og utvidelse av n\u00e6ringsarealer.<\/li>\n\n\n\n<li>Legge forholdene til rette for gode parkeringsalternativer for handlende i Vestfossen og Hokksund.<\/li>\n\n\n\n<li>Fortsette utviklingen av partssamarbeidet mellom kommunens innbyggere, ansatte, ledelse og politikere.<\/li>\n\n\n\n<li>Jobbe for fortsatt ny etablering av nye virksomheter i \u00d8vre Eiker for derigjennom \u00e5 f\u00e5 flere arbeidsplasser, h\u00f8yere skatteinngang og \u00f8kt investeringslyst. <\/li>\n\n\n\n<li>At \u00d8vre Eiker kommune skal drive effektiv saksbehandling for kommunens n\u00e6ringsliv.<\/li>\n\n\n\n<li>Ansette en n\u00e6ringssjef i kommunen for \u00e5 sikre prioritering av &#8211; og samarbeid om &#8211; mer n\u00e6ringsutvikling i kommunen.<\/li>\n\n\n\n<li>Jobbe for at \u00d8vre Eiker skal v\u00e6re en n\u00e6ringsvennlig kommune, som yter service, engasjement og samarbeid med n\u00e6ringsakt\u00f8rer.<\/li>\n<\/ul>\n<\/div><\/div><\/div>\n<\/div><\/div>\n\n\n\n<div class=\"wp-block-teft-file icon-link-block\"><a href=\"https:\/\/hoyre.no\/content\/uploads\/sites\/155\/2022\/11\/Endelig-program-OEH.pdf\" download><span class=\"file-title\">Se hele programmet her<\/span><span class=\"file-name\"><\/span><\/a><\/div>\n\n","protected":false},"excerpt":{"rendered":"","protected":false},"author":51320,"featured_media":0,"parent":0,"menu_order":0,"comment_status":"closed","ping_status":"closed","template":"","meta":{"teft_cards_image_url":"","teft_cards_custom_pretitle":"","teft_cards_image_id":0,"teft_cards_image_focal_point_x":0,"teft_cards_image_focal_point_y":0,"teft_cards_title":"","teft_cards_excerpt":"","teft_show_chapters":false,"footnotes":""},"class_list":["post-568","page","type-page","status-publish","hentry"],"yoast_head":"<!-- This site is optimized with the Yoast SEO plugin v26.6 - https:\/\/yoast.com\/wordpress\/plugins\/seo\/ -->\n<title>Politikk - \u00d8vre Eiker H\u00f8yre<\/title>\n<meta name=\"robots\" content=\"index, follow, max-snippet:-1, max-image-preview:large, max-video-preview:-1\" \/>\n<link rel=\"canonical\" href=\"https:\/\/hoyre.no\/ovre-eiker\/politikk\/\" \/>\n<meta property=\"og:locale\" content=\"nb_NO\" \/>\n<meta property=\"og:type\" content=\"article\" \/>\n<meta property=\"og:title\" content=\"Politikk - \u00d8vre Eiker H\u00f8yre\" \/>\n<meta property=\"og:url\" content=\"https:\/\/hoyre.no\/ovre-eiker\/politikk\/\" \/>\n<meta property=\"og:site_name\" content=\"\u00d8vre Eiker H\u00f8yre\" \/>\n<meta property=\"article:modified_time\" content=\"2024-12-23T12:27:04+00:00\" \/>\n<meta property=\"og:image\" content=\"https:\/\/hoyre.no\/content\/uploads\/sites\/155\/2022\/11\/Hoyres-logo.png\" \/>\n\t<meta property=\"og:image:width\" content=\"1000\" \/>\n\t<meta property=\"og:image:height\" content=\"1000\" \/>\n\t<meta property=\"og:image:type\" content=\"image\/png\" \/>\n<meta name=\"twitter:card\" content=\"summary_large_image\" \/>\n<meta name=\"twitter:label1\" content=\"Ansl. lesetid\" \/>\n\t<meta name=\"twitter:data1\" content=\"8 minutter\" \/>\n<script type=\"application\/ld+json\" class=\"yoast-schema-graph\">{\"@context\":\"https:\/\/schema.org\",\"@graph\":[{\"@type\":\"WebPage\",\"@id\":\"https:\/\/hoyre.no\/ovre-eiker\/politikk\/\",\"url\":\"https:\/\/hoyre.no\/ovre-eiker\/politikk\/\",\"name\":\"Politikk - \u00d8vre Eiker H\u00f8yre\",\"isPartOf\":{\"@id\":\"https:\/\/hoyre.no\/ovre-eiker\/#website\"},\"datePublished\":\"2023-05-02T10:46:25+00:00\",\"dateModified\":\"2024-12-23T12:27:04+00:00\",\"breadcrumb\":{\"@id\":\"https:\/\/hoyre.no\/ovre-eiker\/politikk\/#breadcrumb\"},\"inLanguage\":\"nb-NO\",\"potentialAction\":[{\"@type\":\"ReadAction\",\"target\":[\"https:\/\/hoyre.no\/ovre-eiker\/politikk\/\"]}]},{\"@type\":\"BreadcrumbList\",\"@id\":\"https:\/\/hoyre.no\/ovre-eiker\/politikk\/#breadcrumb\",\"itemListElement\":[{\"@type\":\"ListItem\",\"position\":1,\"name\":\"Til hoyre.no\",\"item\":\"https:\/\/hoyre.no\"},{\"@type\":\"ListItem\",\"position\":2,\"name\":\"Hjem\",\"item\":\"https:\/\/hoyre.no\/ovre-eiker\/\"},{\"@type\":\"ListItem\",\"position\":3,\"name\":\"Politikk\"}]},{\"@type\":\"WebSite\",\"@id\":\"https:\/\/hoyre.no\/ovre-eiker\/#website\",\"url\":\"https:\/\/hoyre.no\/ovre-eiker\/\",\"name\":\"\u00d8vre Eiker H\u00f8yre\",\"description\":\"\",\"inLanguage\":\"nb-NO\"}]}<\/script>\n<!-- \/ Yoast SEO plugin. -->","yoast_head_json":{"title":"Politikk - \u00d8vre Eiker H\u00f8yre","robots":{"index":"index","follow":"follow","max-snippet":"max-snippet:-1","max-image-preview":"max-image-preview:large","max-video-preview":"max-video-preview:-1"},"canonical":"https:\/\/hoyre.no\/ovre-eiker\/politikk\/","og_locale":"nb_NO","og_type":"article","og_title":"Politikk - \u00d8vre Eiker H\u00f8yre","og_url":"https:\/\/hoyre.no\/ovre-eiker\/politikk\/","og_site_name":"\u00d8vre Eiker H\u00f8yre","article_modified_time":"2024-12-23T12:27:04+00:00","og_image":[{"width":1000,"height":1000,"url":"https:\/\/hoyre.no\/content\/uploads\/sites\/155\/2022\/11\/Hoyres-logo.png","type":"image\/png"}],"twitter_card":"summary_large_image","twitter_misc":{"Ansl. lesetid":"8 minutter"},"schema":{"@context":"https:\/\/schema.org","@graph":[{"@type":"WebPage","@id":"https:\/\/hoyre.no\/ovre-eiker\/politikk\/","url":"https:\/\/hoyre.no\/ovre-eiker\/politikk\/","name":"Politikk - \u00d8vre Eiker H\u00f8yre","isPartOf":{"@id":"https:\/\/hoyre.no\/ovre-eiker\/#website"},"datePublished":"2023-05-02T10:46:25+00:00","dateModified":"2024-12-23T12:27:04+00:00","breadcrumb":{"@id":"https:\/\/hoyre.no\/ovre-eiker\/politikk\/#breadcrumb"},"inLanguage":"nb-NO","potentialAction":[{"@type":"ReadAction","target":["https:\/\/hoyre.no\/ovre-eiker\/politikk\/"]}]},{"@type":"BreadcrumbList","@id":"https:\/\/hoyre.no\/ovre-eiker\/politikk\/#breadcrumb","itemListElement":[{"@type":"ListItem","position":1,"name":"Til hoyre.no","item":"https:\/\/hoyre.no"},{"@type":"ListItem","position":2,"name":"Hjem","item":"https:\/\/hoyre.no\/ovre-eiker\/"},{"@type":"ListItem","position":3,"name":"Politikk"}]},{"@type":"WebSite","@id":"https:\/\/hoyre.no\/ovre-eiker\/#website","url":"https:\/\/hoyre.no\/ovre-eiker\/","name":"\u00d8vre Eiker H\u00f8yre","description":"","inLanguage":"nb-NO"}]}},"distributor_meta":false,"distributor_terms":false,"distributor_media":false,"distributor_original_site_name":"\u00d8vre Eiker H\u00f8yre","distributor_original_site_url":"https:\/\/hoyre.no\/ovre-eiker","push-errors":false,"_links":{"self":[{"href":"https:\/\/hoyre.no\/ovre-eiker\/wp-json\/wp\/v2\/pages\/568","targetHints":{"allow":["GET"]}}],"collection":[{"href":"https:\/\/hoyre.no\/ovre-eiker\/wp-json\/wp\/v2\/pages"}],"about":[{"href":"https:\/\/hoyre.no\/ovre-eiker\/wp-json\/wp\/v2\/types\/page"}],"author":[{"embeddable":true,"href":"https:\/\/hoyre.no\/ovre-eiker\/wp-json\/wp\/v2\/users\/51320"}],"replies":[{"embeddable":true,"href":"https:\/\/hoyre.no\/ovre-eiker\/wp-json\/wp\/v2\/comments?post=568"}],"version-history":[{"count":5,"href":"https:\/\/hoyre.no\/ovre-eiker\/wp-json\/wp\/v2\/pages\/568\/revisions"}],"predecessor-version":[{"id":1247,"href":"https:\/\/hoyre.no\/ovre-eiker\/wp-json\/wp\/v2\/pages\/568\/revisions\/1247"}],"wp:attachment":[{"href":"https:\/\/hoyre.no\/ovre-eiker\/wp-json\/wp\/v2\/media?parent=568"}],"curies":[{"name":"wp","href":"https:\/\/api.w.org\/{rel}","templated":true}]}}