{"id":992,"date":"2024-03-06T19:41:46","date_gmt":"2024-03-06T18:41:46","guid":{"rendered":"https:\/\/hoyre.no\/ovre-eiker\/?page_id=992"},"modified":"2024-12-23T13:29:46","modified_gmt":"2024-12-23T12:29:46","slug":"ovre-eiker-senior-hoyre","status":"publish","type":"page","link":"https:\/\/hoyre.no\/ovre-eiker\/ovre-eiker-senior-hoyre\/","title":{"rendered":"\u00d8vre Eiker Senior H\u00f8yre"},"content":{"rendered":"\n<div class=\"wp-block-hoyre-hero with-image-gradient text-color-light  has-media alignfull has-background\"><div class=\"hoyre-hero has-image\"><h1 class=\"title\">\u00d8vre Eiker Senior H\u00f8yre<\/h1><p class=\"preamble\">Gammel nok til \u00e5 bestemme selv!<\/p>\t\t\t<div class=\"post-meta wp-block teft-byline-wrapper\">\n\t\t\t\t<div class=\"top\">\n\t\t\t\t\t<div class=\"signature\">\n\t\t\t\t\t\t<div class=\"teft-byline\">\n\t\t\t\t\t\t\t\t\t\t\t\t\t\t<div>\n\t\t\t\t\t\t\t\t<h3>H\u00f8yres redaksjon<\/h3>\t\t\t\t\t\t\t\t\n\t\t\t\t\t\t\t\t\t\t\t\t\t\t\t\t\t<span class=\"date\">Sist oppdatert: 23. desember 2024<\/span>\n\t\t\t\t\t\t\t\t\t\t\t\t\t\t\t\t\t\t\t\t\t\t\t\t\t<span class=\"reading-time\" itemprop=\"timeRequired\" content=\"PT2M\"><em>Ca. 2 minutter lesetid<\/em><\/span>\n\t\t\t\t\t\t\t\t\t\t\t\t\t\t\t<\/div>\n\t\t\t\t\t\t<\/div>\n\t\t\t\t\t<\/div>\n\t\t\t\t\t\t<div class=\"sharing\">\n\t\t<a class=\"share-button share-link copy-link\" data-copy=\"https:\/\/hoyre.no\/ovre-eiker\/ovre-eiker-senior-hoyre\/\" target=\"_blank\"><span class=\"screen-reader-text\">Del link<\/span><\/a>\n\t\t<a class=\"share-button share-twitter\" href=\"http:\/\/twitter.com\/share?text=\u00d8vre Eiker Senior H\u00f8yre&#038;url=https:\/\/hoyre.no\/ovre-eiker\/ovre-eiker-senior-hoyre\/&#038;hashtags=Hoyre\" target=\"_blank\"><span class=\"screen-reader-text\">Del p\u00e5 twitter<\/span><\/a>\n\t\t<a class=\"share-button share-facebook\" href=\"https:\/\/www.facebook.com\/sharer\/sharer.php?u=https:\/\/hoyre.no\/ovre-eiker\/ovre-eiker-senior-hoyre\/\" target=\"_blank\"><span class=\"screen-reader-text\">Del p\u00e5 facebook<\/span><\/a>\n\t<\/div>\n\t\t\t\t\t<\/div>\n\t\t\t<\/div>\n\n\t\t\t<figure class=\"hoyre-image-wrapper\"><div class=\"hoyre-image\"><img loading=\"lazy\" decoding=\"async\" width=\"2500\" height=\"1875\" src=\"https:\/\/hoyre.no\/content\/uploads\/sites\/155\/2024\/11\/Senior-Hoyre-2024-scaled.jpg\" class=\"attachment-scaled size-scaled\" alt=\"\" style=\"object-position: 50% 56.99999999999999%\" srcset=\"https:\/\/hoyre.no\/content\/uploads\/sites\/155\/2024\/11\/Senior-Hoyre-2024-scaled.jpg 2500w, https:\/\/hoyre.no\/content\/uploads\/sites\/155\/2024\/11\/Senior-Hoyre-2024-300x225.jpg 300w, https:\/\/hoyre.no\/content\/uploads\/sites\/155\/2024\/11\/Senior-Hoyre-2024-1024x768.jpg 1024w, https:\/\/hoyre.no\/content\/uploads\/sites\/155\/2024\/11\/Senior-Hoyre-2024-768x576.jpg 768w, https:\/\/hoyre.no\/content\/uploads\/sites\/155\/2024\/11\/Senior-Hoyre-2024-1536x1152.jpg 1536w, https:\/\/hoyre.no\/content\/uploads\/sites\/155\/2024\/11\/Senior-Hoyre-2024-2048x1536.jpg 2048w\" sizes=\"auto, (max-width: 2500px) 100vw, 2500px\" \/><\/div><\/figure><\/div><\/div>\n\n\n\n\n<h2 class=\"wp-block-heading\">Styret i \u00d8vre Eiker Senior H\u00f8yre<\/h2>\n\n\n\n<p><\/p>\n\n\n\n<div class=\"wp-block-media-text is-stacked-on-mobile is-image-fill is-style-pale-purple\"><figure class=\"wp-block-media-text__media\" style=\"background-image:url('https:\/\/hoyre.no\/content\/uploads\/sites\/155\/2024\/03\/IMG_3696-768x1024.jpg');background-position:50% 50%\"><img loading=\"lazy\" decoding=\"async\" width=\"768\" height=\"1024\" src=\"https:\/\/hoyre.no\/content\/uploads\/sites\/155\/2024\/03\/IMG_3696-768x1024.jpg\" alt=\"\" class=\"wp-image-994 size-full\" srcset=\"https:\/\/hoyre.no\/content\/uploads\/sites\/155\/2024\/03\/IMG_3696-768x1024.jpg 768w, https:\/\/hoyre.no\/content\/uploads\/sites\/155\/2024\/03\/IMG_3696-225x300.jpg 225w, https:\/\/hoyre.no\/content\/uploads\/sites\/155\/2024\/03\/IMG_3696-1152x1536.jpg 1152w, https:\/\/hoyre.no\/content\/uploads\/sites\/155\/2024\/03\/IMG_3696-1536x2048.jpg 1536w, https:\/\/hoyre.no\/content\/uploads\/sites\/155\/2024\/03\/IMG_3696-scaled.jpg 1875w\" sizes=\"auto, (max-width: 768px) 100vw, 768px\" \/><\/figure><div class=\"wp-block-media-text__content\">\n<h2 class=\"wp-block-heading\">Kari Kalbach Christensen<\/h2>\n\n\n\n<p><strong>Leder<\/strong><br><\/p>\n\n\n\n<p>Fra: Hokksund<br>F\u00f8dt: 1946<\/p>\n\n\n\n<p>Tlf.: 400 65 924<\/p>\n<\/div><\/div>\n\n\n\n\n<p><\/p>\n\n\n\n<div class=\"wp-block-media-text is-stacked-on-mobile is-image-fill is-style-pale-purple\"><figure class=\"wp-block-media-text__media\" style=\"background-image:url('https:\/\/hoyre.no\/content\/uploads\/sites\/155\/2024\/03\/6-Eivind-Molven-1024x683.jpg');background-position:50% 50%\"><img loading=\"lazy\" decoding=\"async\" width=\"1024\" height=\"683\" src=\"https:\/\/hoyre.no\/content\/uploads\/sites\/155\/2024\/03\/6-Eivind-Molven-1024x683.jpg\" alt=\"\" class=\"wp-image-995 size-full\" srcset=\"https:\/\/hoyre.no\/content\/uploads\/sites\/155\/2024\/03\/6-Eivind-Molven-1024x683.jpg 1024w, https:\/\/hoyre.no\/content\/uploads\/sites\/155\/2024\/03\/6-Eivind-Molven-300x200.jpg 300w, https:\/\/hoyre.no\/content\/uploads\/sites\/155\/2024\/03\/6-Eivind-Molven-768x512.jpg 768w, https:\/\/hoyre.no\/content\/uploads\/sites\/155\/2024\/03\/6-Eivind-Molven-1536x1024.jpg 1536w, https:\/\/hoyre.no\/content\/uploads\/sites\/155\/2024\/03\/6-Eivind-Molven-2048x1365.jpg 2048w\" sizes=\"auto, (max-width: 1024px) 100vw, 1024px\" \/><\/figure><div class=\"wp-block-media-text__content\">\n<h2 class=\"wp-block-heading\">Eivind Molven<\/h2>\n\n\n\n<p><strong>Nestleder<\/strong><br><\/p>\n\n\n\n<p>Fra: Vestfossen<br>F\u00f8dt: 1947<\/p>\n\n\n\n<p>Tlf.: 971 19 312<\/p>\n<\/div><\/div>\n\n\n\n<p><\/p>\n\n\n\n<div class=\"wp-block-media-text is-stacked-on-mobile is-image-fill is-style-pale-purple\"><figure class=\"wp-block-media-text__media\" style=\"background-image:url('https:\/\/hoyre.no\/content\/uploads\/sites\/155\/2023\/10\/10-Thomas-Haug-1-1024x683.jpg');background-position:52% 86%\"><img loading=\"lazy\" decoding=\"async\" width=\"1024\" height=\"683\" src=\"https:\/\/hoyre.no\/content\/uploads\/sites\/155\/2023\/10\/10-Thomas-Haug-1-1024x683.jpg\" alt=\"\" class=\"wp-image-853 size-full\" srcset=\"https:\/\/hoyre.no\/content\/uploads\/sites\/155\/2023\/10\/10-Thomas-Haug-1-1024x683.jpg 1024w, https:\/\/hoyre.no\/content\/uploads\/sites\/155\/2023\/10\/10-Thomas-Haug-1-300x200.jpg 300w, https:\/\/hoyre.no\/content\/uploads\/sites\/155\/2023\/10\/10-Thomas-Haug-1-768x512.jpg 768w, https:\/\/hoyre.no\/content\/uploads\/sites\/155\/2023\/10\/10-Thomas-Haug-1-1536x1024.jpg 1536w, https:\/\/hoyre.no\/content\/uploads\/sites\/155\/2023\/10\/10-Thomas-Haug-1-2048x1365.jpg 2048w\" sizes=\"auto, (max-width: 1024px) 100vw, 1024px\" \/><\/figure><div class=\"wp-block-media-text__content\">\n<h2 class=\"wp-block-heading\">Thomas Haug<\/h2>\n\n\n\n<p><strong>Styremedlem<\/strong><br><\/p>\n\n\n\n<p>Fra: Hokksund<br>F\u00f8dt: 1960<\/p>\n\n\n\n<p>Tlf.: 901 86 031<\/p>\n<\/div><\/div>\n\n\n\n<p><\/p>\n\n\n\n<div class=\"wp-block-media-text is-stacked-on-mobile is-image-fill is-style-pale-purple\"><figure class=\"wp-block-media-text__media\" style=\"background-image:url('https:\/\/hoyre.no\/content\/uploads\/sites\/155\/2024\/03\/309971731_3350020651943537_1925687878557500134_n-1024x1024.jpg');background-position:50% 50%\"><img loading=\"lazy\" decoding=\"async\" width=\"1024\" height=\"1024\" src=\"https:\/\/hoyre.no\/content\/uploads\/sites\/155\/2024\/03\/309971731_3350020651943537_1925687878557500134_n-1024x1024.jpg\" alt=\"\" class=\"wp-image-996 size-full\" srcset=\"https:\/\/hoyre.no\/content\/uploads\/sites\/155\/2024\/03\/309971731_3350020651943537_1925687878557500134_n-1024x1024.jpg 1024w, https:\/\/hoyre.no\/content\/uploads\/sites\/155\/2024\/03\/309971731_3350020651943537_1925687878557500134_n-300x300.jpg 300w, https:\/\/hoyre.no\/content\/uploads\/sites\/155\/2024\/03\/309971731_3350020651943537_1925687878557500134_n-150x150.jpg 150w, https:\/\/hoyre.no\/content\/uploads\/sites\/155\/2024\/03\/309971731_3350020651943537_1925687878557500134_n-768x768.jpg 768w, https:\/\/hoyre.no\/content\/uploads\/sites\/155\/2024\/03\/309971731_3350020651943537_1925687878557500134_n-1536x1536.jpg 1536w, https:\/\/hoyre.no\/content\/uploads\/sites\/155\/2024\/03\/309971731_3350020651943537_1925687878557500134_n.jpg 1898w\" sizes=\"auto, (max-width: 1024px) 100vw, 1024px\" \/><\/figure><div class=\"wp-block-media-text__content\">\n<h2 class=\"wp-block-heading\">Ellen Nikkerud Nilssen<\/h2>\n\n\n\n<p><strong>Styremedlem<\/strong><br><\/p>\n\n\n\n<p>Fra: Hokksund<br>F\u00f8dt: 1954<\/p>\n\n\n\n<p>Tlf.: 416 84 586<\/p>\n<\/div><\/div>\n\n\n\n<p><\/p>\n\n\n\n<div class=\"wp-block-media-text is-stacked-on-mobile is-image-fill is-style-pale-purple\"><figure class=\"wp-block-media-text__media\" style=\"background-image:url('https:\/\/hoyre.no\/content\/uploads\/sites\/155\/2024\/11\/Unny-Olsen.png');background-position:50% 50%\"><img loading=\"lazy\" decoding=\"async\" width=\"370\" height=\"386\" src=\"https:\/\/hoyre.no\/content\/uploads\/sites\/155\/2024\/11\/Unny-Olsen.png\" alt=\"\" class=\"wp-image-1185 size-full\" srcset=\"https:\/\/hoyre.no\/content\/uploads\/sites\/155\/2024\/11\/Unny-Olsen.png 370w, https:\/\/hoyre.no\/content\/uploads\/sites\/155\/2024\/11\/Unny-Olsen-288x300.png 288w\" sizes=\"auto, (max-width: 370px) 100vw, 370px\" \/><\/figure><div class=\"wp-block-media-text__content\">\n<h2 class=\"wp-block-heading\">Unny Olsen<\/h2>\n\n\n\n<p><strong>Styremedlem<\/strong><br><\/p>\n\n\n\n<p>Fra: Hokksund<br>F\u00f8dt: 1947<\/p>\n\n\n\n<p>Tlf.: 918 88 306<\/p>\n<\/div><\/div>\n\n\n\n<p><\/p>\n\n\n\n<div class=\"wp-block-media-text is-stacked-on-mobile is-image-fill is-style-pale-purple\"><figure class=\"wp-block-media-text__media\" style=\"background-image:url('https:\/\/hoyre.no\/content\/uploads\/sites\/155\/2023\/10\/29-Anne-Merethe-Kjolo-684x1024.jpg');background-position:50% 50%\"><img loading=\"lazy\" decoding=\"async\" width=\"684\" height=\"1024\" src=\"https:\/\/hoyre.no\/content\/uploads\/sites\/155\/2023\/10\/29-Anne-Merethe-Kjolo-684x1024.jpg\" alt=\"\" class=\"wp-image-855 size-full\" srcset=\"https:\/\/hoyre.no\/content\/uploads\/sites\/155\/2023\/10\/29-Anne-Merethe-Kjolo-684x1024.jpg 684w, https:\/\/hoyre.no\/content\/uploads\/sites\/155\/2023\/10\/29-Anne-Merethe-Kjolo-200x300.jpg 200w, https:\/\/hoyre.no\/content\/uploads\/sites\/155\/2023\/10\/29-Anne-Merethe-Kjolo-768x1149.jpg 768w, https:\/\/hoyre.no\/content\/uploads\/sites\/155\/2023\/10\/29-Anne-Merethe-Kjolo-1027x1536.jpg 1027w, https:\/\/hoyre.no\/content\/uploads\/sites\/155\/2023\/10\/29-Anne-Merethe-Kjolo.jpg 1080w\" sizes=\"auto, (max-width: 684px) 100vw, 684px\" \/><\/figure><div class=\"wp-block-media-text__content\">\n<h2 class=\"wp-block-heading\">Anne Merethe Kj\u00f8l\u00f8<\/h2>\n\n\n\n<p><strong>Varamedlem<\/strong><br><\/p>\n\n\n\n<p>Fra: Hokksund<br>F\u00f8dt: 1955<\/p>\n\n\n\n<p>Tlf.: 412 52 059<\/p>\n<\/div><\/div>\n\n\n\n<p><\/p>\n\n\n\n<div class=\"wp-block-media-text is-stacked-on-mobile is-image-fill is-style-pale-purple\"><figure class=\"wp-block-media-text__media\" style=\"background-image:url('https:\/\/hoyre.no\/content\/uploads\/sites\/155\/2023\/10\/12-Helge-Christoffer-Aaby-1024x683.jpg');background-position:50% 50%\"><img loading=\"lazy\" decoding=\"async\" width=\"1024\" height=\"683\" src=\"https:\/\/hoyre.no\/content\/uploads\/sites\/155\/2023\/10\/12-Helge-Christoffer-Aaby-1024x683.jpg\" alt=\"\" class=\"wp-image-823 size-full\" srcset=\"https:\/\/hoyre.no\/content\/uploads\/sites\/155\/2023\/10\/12-Helge-Christoffer-Aaby-1024x683.jpg 1024w, https:\/\/hoyre.no\/content\/uploads\/sites\/155\/2023\/10\/12-Helge-Christoffer-Aaby-300x200.jpg 300w, https:\/\/hoyre.no\/content\/uploads\/sites\/155\/2023\/10\/12-Helge-Christoffer-Aaby-768x512.jpg 768w, https:\/\/hoyre.no\/content\/uploads\/sites\/155\/2023\/10\/12-Helge-Christoffer-Aaby-1536x1024.jpg 1536w, https:\/\/hoyre.no\/content\/uploads\/sites\/155\/2023\/10\/12-Helge-Christoffer-Aaby-2048x1365.jpg 2048w\" sizes=\"auto, (max-width: 1024px) 100vw, 1024px\" \/><\/figure><div class=\"wp-block-media-text__content\">\n<h2 class=\"wp-block-heading\">Helge Chr. Aaby<\/h2>\n\n\n\n<p><strong>Varamedlem<\/strong><br><\/p>\n\n\n\n<p>Fra: Hokksund<br>F\u00f8dt: 1944<\/p>\n\n\n\n<p>Tlf.: 928 66 968<\/p>\n<\/div><\/div>\n","protected":false},"excerpt":{"rendered":"<p>Eivind Molven Nestleder Fra: VestfossenF\u00f8dt: 1947 Tlf.: 971 19 312 Thomas Haug Styremedlem Fra: HokksundF\u00f8dt: 1960 Tlf.: 901 86 031 Ellen Nikkerud Nilssen Styremedlem Fra: HokksundF\u00f8dt: 1954 Tlf.: 416 84 586 Unny Olsen Styremedlem Fra: HokksundF\u00f8dt: 1947 Tlf.: 918 88 306 Anne Merethe Kj\u00f8l\u00f8 Varamedlem Fra: HokksundF\u00f8dt: 1955 Tlf.: 412 52 059 Helge Chr. Aaby [&hellip;]<\/p>\n","protected":false},"author":29302,"featured_media":0,"parent":0,"menu_order":0,"comment_status":"closed","ping_status":"closed","template":"","meta":{"teft_cards_image_url":"","teft_cards_custom_pretitle":"","teft_cards_image_id":993,"teft_cards_image_focal_point_x":0.48,"teft_cards_image_focal_point_y":0.31,"teft_cards_title":"","teft_cards_excerpt":"","teft_show_chapters":false,"footnotes":""},"class_list":["post-992","page","type-page","status-publish","hentry"],"yoast_head":"<!-- This site is optimized with the Yoast SEO plugin v26.6 - https:\/\/yoast.com\/wordpress\/plugins\/seo\/ -->\n<title>\u00d8vre Eiker Senior H\u00f8yre - \u00d8vre Eiker H\u00f8yre<\/title>\n<meta name=\"robots\" content=\"index, follow, max-snippet:-1, max-image-preview:large, max-video-preview:-1\" \/>\n<link rel=\"canonical\" href=\"https:\/\/hoyre.no\/ovre-eiker\/ovre-eiker-senior-hoyre\/\" \/>\n<meta property=\"og:locale\" content=\"nb_NO\" \/>\n<meta property=\"og:type\" content=\"article\" \/>\n<meta property=\"og:title\" content=\"\u00d8vre Eiker Senior H\u00f8yre - \u00d8vre Eiker H\u00f8yre\" \/>\n<meta property=\"og:description\" content=\"Eivind Molven Nestleder Fra: VestfossenF\u00f8dt: 1947 Tlf.: 971 19 312 Thomas Haug Styremedlem Fra: HokksundF\u00f8dt: 1960 Tlf.: 901 86 031 Ellen Nikkerud Nilssen Styremedlem Fra: HokksundF\u00f8dt: 1954 Tlf.: 416 84 586 Unny Olsen Styremedlem Fra: HokksundF\u00f8dt: 1947 Tlf.: 918 88 306 Anne Merethe Kj\u00f8l\u00f8 Varamedlem Fra: HokksundF\u00f8dt: 1955 Tlf.: 412 52 059 Helge Chr. Aaby [&hellip;]\" \/>\n<meta property=\"og:url\" content=\"https:\/\/hoyre.no\/ovre-eiker\/ovre-eiker-senior-hoyre\/\" \/>\n<meta property=\"og:site_name\" content=\"\u00d8vre Eiker H\u00f8yre\" \/>\n<meta property=\"article:modified_time\" content=\"2024-12-23T12:29:46+00:00\" \/>\n<meta property=\"og:image\" content=\"https:\/\/hoyre.no\/content\/uploads\/sites\/155\/2024\/03\/Senior-Hoyre.jpg\" \/>\n<meta name=\"twitter:card\" content=\"summary_large_image\" \/>\n<meta name=\"twitter:label1\" content=\"Ansl. lesetid\" \/>\n\t<meta name=\"twitter:data1\" content=\"2 minutter\" \/>\n<script type=\"application\/ld+json\" class=\"yoast-schema-graph\">{\"@context\":\"https:\/\/schema.org\",\"@graph\":[{\"@type\":\"WebPage\",\"@id\":\"https:\/\/hoyre.no\/ovre-eiker\/ovre-eiker-senior-hoyre\/\",\"url\":\"https:\/\/hoyre.no\/ovre-eiker\/ovre-eiker-senior-hoyre\/\",\"name\":\"\u00d8vre Eiker Senior H\u00f8yre - \u00d8vre Eiker H\u00f8yre\",\"isPartOf\":{\"@id\":\"https:\/\/hoyre.no\/ovre-eiker\/#website\"},\"image\":{\"@id\":\"https:\/\/hoyre.no\/ovre-eiker\/ovre-eiker-senior-hoyre\/#primaryimage\"},\"thumbnailUrl\":\"https:\/\/hoyre.no\/content\/uploads\/sites\/155\/2024\/03\/IMG_3696-768x1024.jpg\",\"datePublished\":\"2024-03-06T18:41:46+00:00\",\"dateModified\":\"2024-12-23T12:29:46+00:00\",\"breadcrumb\":{\"@id\":\"https:\/\/hoyre.no\/ovre-eiker\/ovre-eiker-senior-hoyre\/#breadcrumb\"},\"inLanguage\":\"nb-NO\",\"potentialAction\":[{\"@type\":\"ReadAction\",\"target\":[\"https:\/\/hoyre.no\/ovre-eiker\/ovre-eiker-senior-hoyre\/\"]}]},{\"@type\":\"ImageObject\",\"inLanguage\":\"nb-NO\",\"@id\":\"https:\/\/hoyre.no\/ovre-eiker\/ovre-eiker-senior-hoyre\/#primaryimage\",\"url\":\"https:\/\/hoyre.no\/content\/uploads\/sites\/155\/2024\/03\/IMG_3696-768x1024.jpg\",\"contentUrl\":\"https:\/\/hoyre.no\/content\/uploads\/sites\/155\/2024\/03\/IMG_3696-768x1024.jpg\"},{\"@type\":\"BreadcrumbList\",\"@id\":\"https:\/\/hoyre.no\/ovre-eiker\/ovre-eiker-senior-hoyre\/#breadcrumb\",\"itemListElement\":[{\"@type\":\"ListItem\",\"position\":1,\"name\":\"Til hoyre.no\",\"item\":\"https:\/\/hoyre.no\"},{\"@type\":\"ListItem\",\"position\":2,\"name\":\"Hjem\",\"item\":\"https:\/\/hoyre.no\/ovre-eiker\/\"},{\"@type\":\"ListItem\",\"position\":3,\"name\":\"\u00d8vre Eiker Senior H\u00f8yre\"}]},{\"@type\":\"WebSite\",\"@id\":\"https:\/\/hoyre.no\/ovre-eiker\/#website\",\"url\":\"https:\/\/hoyre.no\/ovre-eiker\/\",\"name\":\"\u00d8vre Eiker H\u00f8yre\",\"description\":\"\",\"inLanguage\":\"nb-NO\"}]}<\/script>\n<!-- \/ Yoast SEO plugin. -->","yoast_head_json":{"title":"\u00d8vre Eiker Senior H\u00f8yre - \u00d8vre Eiker H\u00f8yre","robots":{"index":"index","follow":"follow","max-snippet":"max-snippet:-1","max-image-preview":"max-image-preview:large","max-video-preview":"max-video-preview:-1"},"canonical":"https:\/\/hoyre.no\/ovre-eiker\/ovre-eiker-senior-hoyre\/","og_locale":"nb_NO","og_type":"article","og_title":"\u00d8vre Eiker Senior H\u00f8yre - \u00d8vre Eiker H\u00f8yre","og_description":"Eivind Molven Nestleder Fra: VestfossenF\u00f8dt: 1947 Tlf.: 971 19 312 Thomas Haug Styremedlem Fra: HokksundF\u00f8dt: 1960 Tlf.: 901 86 031 Ellen Nikkerud Nilssen Styremedlem Fra: HokksundF\u00f8dt: 1954 Tlf.: 416 84 586 Unny Olsen Styremedlem Fra: HokksundF\u00f8dt: 1947 Tlf.: 918 88 306 Anne Merethe Kj\u00f8l\u00f8 Varamedlem Fra: HokksundF\u00f8dt: 1955 Tlf.: 412 52 059 Helge Chr. Aaby [&hellip;]","og_url":"https:\/\/hoyre.no\/ovre-eiker\/ovre-eiker-senior-hoyre\/","og_site_name":"\u00d8vre Eiker H\u00f8yre","article_modified_time":"2024-12-23T12:29:46+00:00","og_image":[{"url":"https:\/\/hoyre.no\/content\/uploads\/sites\/155\/2024\/03\/Senior-Hoyre.jpg","width":"","height":"","type":""}],"twitter_card":"summary_large_image","twitter_misc":{"Ansl. lesetid":"2 minutter"},"schema":{"@context":"https:\/\/schema.org","@graph":[{"@type":"WebPage","@id":"https:\/\/hoyre.no\/ovre-eiker\/ovre-eiker-senior-hoyre\/","url":"https:\/\/hoyre.no\/ovre-eiker\/ovre-eiker-senior-hoyre\/","name":"\u00d8vre Eiker Senior H\u00f8yre - \u00d8vre Eiker H\u00f8yre","isPartOf":{"@id":"https:\/\/hoyre.no\/ovre-eiker\/#website"},"image":{"@id":"https:\/\/hoyre.no\/ovre-eiker\/ovre-eiker-senior-hoyre\/#primaryimage"},"thumbnailUrl":"https:\/\/hoyre.no\/content\/uploads\/sites\/155\/2024\/03\/IMG_3696-768x1024.jpg","datePublished":"2024-03-06T18:41:46+00:00","dateModified":"2024-12-23T12:29:46+00:00","breadcrumb":{"@id":"https:\/\/hoyre.no\/ovre-eiker\/ovre-eiker-senior-hoyre\/#breadcrumb"},"inLanguage":"nb-NO","potentialAction":[{"@type":"ReadAction","target":["https:\/\/hoyre.no\/ovre-eiker\/ovre-eiker-senior-hoyre\/"]}]},{"@type":"ImageObject","inLanguage":"nb-NO","@id":"https:\/\/hoyre.no\/ovre-eiker\/ovre-eiker-senior-hoyre\/#primaryimage","url":"https:\/\/hoyre.no\/content\/uploads\/sites\/155\/2024\/03\/IMG_3696-768x1024.jpg","contentUrl":"https:\/\/hoyre.no\/content\/uploads\/sites\/155\/2024\/03\/IMG_3696-768x1024.jpg"},{"@type":"BreadcrumbList","@id":"https:\/\/hoyre.no\/ovre-eiker\/ovre-eiker-senior-hoyre\/#breadcrumb","itemListElement":[{"@type":"ListItem","position":1,"name":"Til hoyre.no","item":"https:\/\/hoyre.no"},{"@type":"ListItem","position":2,"name":"Hjem","item":"https:\/\/hoyre.no\/ovre-eiker\/"},{"@type":"ListItem","position":3,"name":"\u00d8vre Eiker Senior H\u00f8yre"}]},{"@type":"WebSite","@id":"https:\/\/hoyre.no\/ovre-eiker\/#website","url":"https:\/\/hoyre.no\/ovre-eiker\/","name":"\u00d8vre Eiker H\u00f8yre","description":"","inLanguage":"nb-NO"}]}},"distributor_meta":false,"distributor_terms":false,"distributor_media":false,"distributor_original_site_name":"\u00d8vre Eiker H\u00f8yre","distributor_original_site_url":"https:\/\/hoyre.no\/ovre-eiker","push-errors":false,"_links":{"self":[{"href":"https:\/\/hoyre.no\/ovre-eiker\/wp-json\/wp\/v2\/pages\/992","targetHints":{"allow":["GET"]}}],"collection":[{"href":"https:\/\/hoyre.no\/ovre-eiker\/wp-json\/wp\/v2\/pages"}],"about":[{"href":"https:\/\/hoyre.no\/ovre-eiker\/wp-json\/wp\/v2\/types\/page"}],"author":[{"embeddable":true,"href":"https:\/\/hoyre.no\/ovre-eiker\/wp-json\/wp\/v2\/users\/29302"}],"replies":[{"embeddable":true,"href":"https:\/\/hoyre.no\/ovre-eiker\/wp-json\/wp\/v2\/comments?post=992"}],"version-history":[{"count":3,"href":"https:\/\/hoyre.no\/ovre-eiker\/wp-json\/wp\/v2\/pages\/992\/revisions"}],"predecessor-version":[{"id":1251,"href":"https:\/\/hoyre.no\/ovre-eiker\/wp-json\/wp\/v2\/pages\/992\/revisions\/1251"}],"wp:attachment":[{"href":"https:\/\/hoyre.no\/ovre-eiker\/wp-json\/wp\/v2\/media?parent=992"}],"curies":[{"name":"wp","href":"https:\/\/api.w.org\/{rel}","templated":true}]}}