{"id":114,"date":"2023-06-10T22:40:18","date_gmt":"2023-06-10T20:40:18","guid":{"rendered":"https:\/\/hoyre.no\/oyer\/?page_id=114"},"modified":"2025-01-17T13:32:20","modified_gmt":"2025-01-17T12:32:20","slug":"ordforerkandidat","status":"publish","type":"page","link":"https:\/\/hoyre.no\/oyer\/ordforerkandidat\/","title":{"rendered":"Ordf\u00f8rerkandidat"},"content":{"rendered":"\n\n\n\n<div class=\"wp-block-buttons is-content-justification-center is-layout-flex wp-container-core-buttons-is-layout-16018d1d wp-block-buttons-is-layout-flex\"><\/div>\n\n\n\n<h1 class=\"wp-block-heading has-text-align-center\" id=\"h-bli-bedre-kjent-med-navn\">Bli bedre kjent med Anne Marie!<\/h1>\n\n\n\n<h3 class=\"wp-block-heading\"><\/h3>\n\n\n\n<div class=\"wp-block-hoyre-banner undefined has-icon-title icon-heart is-style-blue\"><div class=\"banner-inner\"><figure class=\"hoyre-image-wrapper\"><div class=\"hoyre-image\"><img loading=\"lazy\" decoding=\"async\" width=\"2048\" height=\"1353\" src=\"https:\/\/hoyre.no\/content\/uploads\/sites\/45\/2023\/06\/vsnow3sh.png\" class=\"attachment-scaled size-scaled\" alt=\"\" style=\"object-position: 50% 50%\" srcset=\"https:\/\/hoyre.no\/content\/uploads\/sites\/45\/2023\/06\/vsnow3sh.png 2048w, https:\/\/hoyre.no\/content\/uploads\/sites\/45\/2023\/06\/vsnow3sh-300x198.png 300w, https:\/\/hoyre.no\/content\/uploads\/sites\/45\/2023\/06\/vsnow3sh-1024x677.png 1024w, https:\/\/hoyre.no\/content\/uploads\/sites\/45\/2023\/06\/vsnow3sh-768x507.png 768w, https:\/\/hoyre.no\/content\/uploads\/sites\/45\/2023\/06\/vsnow3sh-1536x1015.png 1536w\" sizes=\"auto, (max-width: 2048px) 100vw, 2048px\" \/><\/div><\/figure><div class=\"banner-content\"><div class=\"entry-content\">\n<p class=\"has-text-align-left\">\ud83d\udc99 Jeg er en engasjert og aktiv innbygger. Med v\u00e5re tre unger har jeg v\u00e6rt aktiv innen frivilligheten i \u00d8yer og bidratt med b\u00e5de tid og ressurser. N\u00e5 er det politikken jeg brenner for.<\/p>\n\n\n\n<p class=\"has-text-align-left\">\ud83d\udc99 Jeg \u00f8nsker \u00e5 arbeide for en positiv samfunnsutvikling i \u00d8yer. Jeg er en lagspiller som mener samarbeid m\u00e5 til for \u00e5 finne de beste l\u00f8sningene. Bakgrunnen min spenner over mange fagfelt, fra landbruksutdanning til varaordf\u00f8rer, seniorr\u00e5dgiver i fylkeskommunen og rovviltkonsulent.<\/p>\n\n\n\n<p class=\"has-text-align-left\">\ud83d\udc99 Mine hjertesaker er gode skoler for alle, bedre n\u00e6ringsutvikling og \u00f8kt satsing p\u00e5 helse. Jeg mener at vi m\u00e5 t\u00f8rre \u00e5 tenke nytt for \u00e5 m\u00f8te fremtidens utfordringer. Vi m\u00e5 videreutvikle tjenestene til innbyggerne og bli en positiv kommune.<\/p>\n\n\n\n<div class=\"wp-block-buttons is-layout-flex wp-block-buttons-is-layout-flex\">\n<div class=\"wp-block-button\"><a class=\"wp-block-button__link wp-element-button\" href=\"https:\/\/hoyre.no\/personprofiler\/anne-marie-sveipe\/\">KOM I KONTAKT MED ANNE MARIE<\/a><\/div>\n<\/div>\n\n\n\n<div class=\"wp-block-buttons is-layout-flex wp-block-buttons-is-layout-flex\">\n<div class=\"wp-block-button\"><a class=\"wp-block-button__link wp-element-button\" href=\"https:\/\/www.instagram.com\/annemariesveipe\/\">F\u00d8LG ANNE MARIE P\u00c5 INSTAGRAM<\/a><\/div>\n<\/div>\n<\/div><\/div><\/div><\/div>\n\n","protected":false},"excerpt":{"rendered":"","protected":false},"author":13521,"featured_media":0,"parent":0,"menu_order":0,"comment_status":"closed","ping_status":"closed","template":"","meta":{"teft_cards_image_url":"","teft_cards_custom_pretitle":"","teft_cards_image_id":0,"teft_cards_image_focal_point_x":0,"teft_cards_image_focal_point_y":0,"teft_cards_title":"","teft_cards_excerpt":"","teft_show_chapters":false,"footnotes":""},"class_list":["post-114","page","type-page","status-publish","hentry"],"yoast_head":"<!-- This site is optimized with the Yoast SEO plugin v26.6 - https:\/\/yoast.com\/wordpress\/plugins\/seo\/ -->\n<title>Ordf\u00f8rerkandidat - \u00d8yer H\u00f8yre<\/title>\n<meta name=\"description\" content=\"Her kan du bli bedre kjent med H\u00f8yres ordf\u00f8rer i \u00d8yer kommune, Anne Marie Sveipe.\" \/>\n<meta name=\"robots\" content=\"index, follow, max-snippet:-1, max-image-preview:large, max-video-preview:-1\" \/>\n<link rel=\"canonical\" href=\"https:\/\/hoyre.no\/oyer\/ordforerkandidat\/\" \/>\n<meta property=\"og:locale\" content=\"nb_NO\" \/>\n<meta property=\"og:type\" content=\"article\" \/>\n<meta property=\"og:title\" content=\"Ordf\u00f8rerkandidat - \u00d8yer H\u00f8yre\" \/>\n<meta property=\"og:description\" content=\"Her kan du bli bedre kjent med H\u00f8yres ordf\u00f8rer i \u00d8yer kommune, Anne Marie Sveipe.\" \/>\n<meta property=\"og:url\" content=\"https:\/\/hoyre.no\/oyer\/ordforerkandidat\/\" \/>\n<meta property=\"og:site_name\" content=\"\u00d8yer H\u00f8yre\" \/>\n<meta property=\"article:modified_time\" content=\"2025-01-17T12:32:20+00:00\" \/>\n<meta property=\"og:image\" content=\"https:\/\/hoyre.no\/content\/uploads\/sites\/45\/2022\/11\/Hoyres-logo.png\" \/>\n\t<meta property=\"og:image:width\" content=\"1000\" \/>\n\t<meta property=\"og:image:height\" content=\"1000\" \/>\n\t<meta property=\"og:image:type\" content=\"image\/png\" \/>\n<meta name=\"twitter:card\" content=\"summary_large_image\" \/>\n<meta name=\"twitter:label1\" content=\"Ansl. lesetid\" \/>\n\t<meta name=\"twitter:data1\" content=\"1 minutt\" \/>\n<script type=\"application\/ld+json\" class=\"yoast-schema-graph\">{\"@context\":\"https:\/\/schema.org\",\"@graph\":[{\"@type\":\"WebPage\",\"@id\":\"https:\/\/hoyre.no\/oyer\/ordforerkandidat\/\",\"url\":\"https:\/\/hoyre.no\/oyer\/ordforerkandidat\/\",\"name\":\"Ordf\u00f8rerkandidat - \u00d8yer H\u00f8yre\",\"isPartOf\":{\"@id\":\"https:\/\/hoyre.no\/oyer\/#website\"},\"datePublished\":\"2023-06-10T20:40:18+00:00\",\"dateModified\":\"2025-01-17T12:32:20+00:00\",\"description\":\"Her kan du bli bedre kjent med H\u00f8yres ordf\u00f8rer i \u00d8yer kommune, Anne Marie Sveipe.\",\"breadcrumb\":{\"@id\":\"https:\/\/hoyre.no\/oyer\/ordforerkandidat\/#breadcrumb\"},\"inLanguage\":\"nb-NO\",\"potentialAction\":[{\"@type\":\"ReadAction\",\"target\":[\"https:\/\/hoyre.no\/oyer\/ordforerkandidat\/\"]}]},{\"@type\":\"BreadcrumbList\",\"@id\":\"https:\/\/hoyre.no\/oyer\/ordforerkandidat\/#breadcrumb\",\"itemListElement\":[{\"@type\":\"ListItem\",\"position\":1,\"name\":\"Til hoyre.no\",\"item\":\"https:\/\/hoyre.no\"},{\"@type\":\"ListItem\",\"position\":2,\"name\":\"Hjem\",\"item\":\"https:\/\/hoyre.no\/oyer\/\"},{\"@type\":\"ListItem\",\"position\":3,\"name\":\"Ordf\u00f8rerkandidat\"}]},{\"@type\":\"WebSite\",\"@id\":\"https:\/\/hoyre.no\/oyer\/#website\",\"url\":\"https:\/\/hoyre.no\/oyer\/\",\"name\":\"\u00d8yer H\u00f8yre\",\"description\":\"Bare enda et H\u00f8yres nettsteder-nettsted\",\"inLanguage\":\"nb-NO\"}]}<\/script>\n<!-- \/ Yoast SEO plugin. -->","yoast_head_json":{"title":"Ordf\u00f8rerkandidat - \u00d8yer H\u00f8yre","description":"Her kan du bli bedre kjent med H\u00f8yres ordf\u00f8rer i \u00d8yer kommune, Anne Marie Sveipe.","robots":{"index":"index","follow":"follow","max-snippet":"max-snippet:-1","max-image-preview":"max-image-preview:large","max-video-preview":"max-video-preview:-1"},"canonical":"https:\/\/hoyre.no\/oyer\/ordforerkandidat\/","og_locale":"nb_NO","og_type":"article","og_title":"Ordf\u00f8rerkandidat - \u00d8yer H\u00f8yre","og_description":"Her kan du bli bedre kjent med H\u00f8yres ordf\u00f8rer i \u00d8yer kommune, Anne Marie Sveipe.","og_url":"https:\/\/hoyre.no\/oyer\/ordforerkandidat\/","og_site_name":"\u00d8yer H\u00f8yre","article_modified_time":"2025-01-17T12:32:20+00:00","og_image":[{"width":1000,"height":1000,"url":"https:\/\/hoyre.no\/content\/uploads\/sites\/45\/2022\/11\/Hoyres-logo.png","type":"image\/png"}],"twitter_card":"summary_large_image","twitter_misc":{"Ansl. lesetid":"1 minutt"},"schema":{"@context":"https:\/\/schema.org","@graph":[{"@type":"WebPage","@id":"https:\/\/hoyre.no\/oyer\/ordforerkandidat\/","url":"https:\/\/hoyre.no\/oyer\/ordforerkandidat\/","name":"Ordf\u00f8rerkandidat - \u00d8yer H\u00f8yre","isPartOf":{"@id":"https:\/\/hoyre.no\/oyer\/#website"},"datePublished":"2023-06-10T20:40:18+00:00","dateModified":"2025-01-17T12:32:20+00:00","description":"Her kan du bli bedre kjent med H\u00f8yres ordf\u00f8rer i \u00d8yer kommune, Anne Marie Sveipe.","breadcrumb":{"@id":"https:\/\/hoyre.no\/oyer\/ordforerkandidat\/#breadcrumb"},"inLanguage":"nb-NO","potentialAction":[{"@type":"ReadAction","target":["https:\/\/hoyre.no\/oyer\/ordforerkandidat\/"]}]},{"@type":"BreadcrumbList","@id":"https:\/\/hoyre.no\/oyer\/ordforerkandidat\/#breadcrumb","itemListElement":[{"@type":"ListItem","position":1,"name":"Til hoyre.no","item":"https:\/\/hoyre.no"},{"@type":"ListItem","position":2,"name":"Hjem","item":"https:\/\/hoyre.no\/oyer\/"},{"@type":"ListItem","position":3,"name":"Ordf\u00f8rerkandidat"}]},{"@type":"WebSite","@id":"https:\/\/hoyre.no\/oyer\/#website","url":"https:\/\/hoyre.no\/oyer\/","name":"\u00d8yer H\u00f8yre","description":"Bare enda et H\u00f8yres nettsteder-nettsted","inLanguage":"nb-NO"}]}},"distributor_meta":false,"distributor_terms":false,"distributor_media":false,"distributor_original_site_name":"\u00d8yer H\u00f8yre","distributor_original_site_url":"https:\/\/hoyre.no\/oyer","push-errors":false,"_links":{"self":[{"href":"https:\/\/hoyre.no\/oyer\/wp-json\/wp\/v2\/pages\/114","targetHints":{"allow":["GET"]}}],"collection":[{"href":"https:\/\/hoyre.no\/oyer\/wp-json\/wp\/v2\/pages"}],"about":[{"href":"https:\/\/hoyre.no\/oyer\/wp-json\/wp\/v2\/types\/page"}],"author":[{"embeddable":true,"href":"https:\/\/hoyre.no\/oyer\/wp-json\/wp\/v2\/users\/13521"}],"replies":[{"embeddable":true,"href":"https:\/\/hoyre.no\/oyer\/wp-json\/wp\/v2\/comments?post=114"}],"version-history":[{"count":6,"href":"https:\/\/hoyre.no\/oyer\/wp-json\/wp\/v2\/pages\/114\/revisions"}],"predecessor-version":[{"id":243,"href":"https:\/\/hoyre.no\/oyer\/wp-json\/wp\/v2\/pages\/114\/revisions\/243"}],"wp:attachment":[{"href":"https:\/\/hoyre.no\/oyer\/wp-json\/wp\/v2\/media?parent=114"}],"curies":[{"name":"wp","href":"https:\/\/api.w.org\/{rel}","templated":true}]}}