{"id":227,"date":"2023-07-20T09:44:12","date_gmt":"2023-07-20T07:44:12","guid":{"rendered":"https:\/\/hoyre.no\/oyer\/?page_id=227"},"modified":"2023-07-20T09:44:13","modified_gmt":"2023-07-20T07:44:13","slug":"vare-listekandidater-til-kommunevalget-2023","status":"publish","type":"page","link":"https:\/\/hoyre.no\/oyer\/vare-listekandidater-til-kommunevalget-2023\/","title":{"rendered":"V\u00e5re listekandidater til kommunevalget 2023"},"content":{"rendered":"\n<div class=\"wp-block-columns is-layout-flex wp-container-core-columns-is-layout-9d6595d7 wp-block-columns-is-layout-flex\">\n<div class=\"wp-block-column is-layout-flow wp-block-column-is-layout-flow\" style=\"flex-basis:100%\">\n<div class=\"wp-block-hoyre-hero with-image-gradient text-color-light  has-media alignfull has-background\"><div class=\"hoyre-hero has-image\"><h1 class=\"title\">Anne Marie<br>Sveipe<\/h1><p class=\"preamble\">ordf\u00f8rerkandidat<\/p>\t\t\t<div class=\"post-meta wp-block teft-byline-wrapper\">\n\t\t\t\t<div class=\"top\">\n\t\t\t\t\t<div class=\"signature\">\n\t\t\t\t\t\t<div class=\"teft-byline\">\n\t\t\t\t\t\t\t\t\t\t\t\t\t\t<div>\n\t\t\t\t\t\t\t\t<h3>H\u00f8yres redaksjon<\/h3>\t\t\t\t\t\t\t\t\n\t\t\t\t\t\t\t\t\t\t\t\t\t\t\t\t\t<span class=\"date\">Sist oppdatert: 20. juli 2023<\/span>\n\t\t\t\t\t\t\t\t\t\t\t\t\t\t\t\t\t\t\t\t\t\t\t\t\t<span class=\"reading-time\" itemprop=\"timeRequired\" content=\"PT1M\"><em>Ca. 1 minutter lesetid<\/em><\/span>\n\t\t\t\t\t\t\t\t\t\t\t\t\t\t\t<\/div>\n\t\t\t\t\t\t<\/div>\n\t\t\t\t\t<\/div>\n\t\t\t\t\t\t<div class=\"sharing\">\n\t\t<a class=\"share-button share-link copy-link\" data-copy=\"https:\/\/hoyre.no\/oyer\/vare-listekandidater-til-kommunevalget-2023\/\" target=\"_blank\"><span class=\"screen-reader-text\">Del link<\/span><\/a>\n\t\t<a class=\"share-button share-twitter\" href=\"http:\/\/twitter.com\/share?text=V\u00e5re listekandidater til kommunevalget 2023&#038;url=https:\/\/hoyre.no\/oyer\/vare-listekandidater-til-kommunevalget-2023\/&#038;hashtags=Hoyre\" target=\"_blank\"><span class=\"screen-reader-text\">Del p\u00e5 twitter<\/span><\/a>\n\t\t<a class=\"share-button share-facebook\" href=\"https:\/\/www.facebook.com\/sharer\/sharer.php?u=https:\/\/hoyre.no\/oyer\/vare-listekandidater-til-kommunevalget-2023\/\" target=\"_blank\"><span class=\"screen-reader-text\">Del p\u00e5 facebook<\/span><\/a>\n\t<\/div>\n\t\t\t\t\t<\/div>\n\t\t\t<\/div>\n\n\t\t\t<figure class=\"hoyre-image-wrapper\"><div class=\"hoyre-image\"><img loading=\"lazy\" decoding=\"async\" width=\"2500\" height=\"1875\" src=\"https:\/\/hoyre.no\/content\/uploads\/sites\/45\/2023\/07\/RGB_hoy-opplosning_9-1-scaled.jpg\" class=\"attachment-scaled size-scaled\" alt=\"\" style=\"object-position: 50% 50%\" srcset=\"https:\/\/hoyre.no\/content\/uploads\/sites\/45\/2023\/07\/RGB_hoy-opplosning_9-1-scaled.jpg 2500w, https:\/\/hoyre.no\/content\/uploads\/sites\/45\/2023\/07\/RGB_hoy-opplosning_9-1-300x225.jpg 300w, https:\/\/hoyre.no\/content\/uploads\/sites\/45\/2023\/07\/RGB_hoy-opplosning_9-1-1024x768.jpg 1024w, https:\/\/hoyre.no\/content\/uploads\/sites\/45\/2023\/07\/RGB_hoy-opplosning_9-1-768x576.jpg 768w, https:\/\/hoyre.no\/content\/uploads\/sites\/45\/2023\/07\/RGB_hoy-opplosning_9-1-1536x1152.jpg 1536w, https:\/\/hoyre.no\/content\/uploads\/sites\/45\/2023\/07\/RGB_hoy-opplosning_9-1-2048x1536.jpg 2048w\" sizes=\"auto, (max-width: 2500px) 100vw, 2500px\" \/><\/div><\/figure><\/div><\/div>\n<\/div>\n<\/div>\n\n\n\n<ol class=\"wp-block-list\"><li>Anne Marie Sveipe, 1973, \u00d8yer &#8211; kumulert<\/li><li>Roar \u00d8ien, \u00d8yer, 1973, \u00d8yer &#8211; kumulert<\/li><li>Anne Kristine Aronsveen, \u00d8yer, 1976 &#8211; kumulert<\/li><li>John Berge, \u00d8yer, 1947<\/li><li>Marthe Langvik, \u00d8yer, 1983<\/li><li>Unni Helene Viker Harjo, Tretten, 1965<\/li><li>Ole Henrik Illenberger Solgaard, \u00d8yer, 1980<\/li><li>Terje Moheim, Tretten, 1974<\/li><li>Per Johan Nermo, \u00d8yer, 1969<\/li><li>Lisbeth Andreassen, Tretten, 1972<\/li><li>Per Arne Ensby, \u00d8yer, 1959<\/li><li>\u00c5se Brattrok Ryager, \u00d8yer, 1957<\/li><li>Endre Skjerve Aronsveen, \u00d8yer, 2004<\/li><li>Mari Helene Botterud, Tretten, 1949<\/li><li>Odd Halland, Tretten, 1957<\/li><li>Tin Milovanovic, \u00d8yer, 1962<\/li><li>Bj\u00f8rn Olav Nyfl\u00f8t, Tretten, 1963<\/li><li>Bj\u00f8rnar Killi, \u00d8yer, 1965<\/li><li>\u00c5se Harjo \u00d8vsteg\u00e5rd, Tretten, 1989<\/li><li>Magnus Wedum, \u00d8yer, 1987<\/li><li>Fredrik Sand, \u00d8yer, 1953<\/li><li>Bj\u00f8rg Mina Gillebo Rindal, \u00d8yer, 1943<\/li><li>Jarle Bj\u00f8rge, \u00d8yer, 1963<\/li><\/ol>\n\n\n\n\n<p><\/p>\n\n","protected":false},"excerpt":{"rendered":"<p>Anne Marie Sveipe, 1973, \u00d8yer &#8211; kumulert Roar \u00d8ien, \u00d8yer, 1973, \u00d8yer &#8211; kumulert Anne Kristine Aronsveen, \u00d8yer, 1976 &#8211; kumulert John Berge, \u00d8yer, 1947 Marthe Langvik, \u00d8yer, 1983 Unni Helene Viker Harjo, Tretten, 1965 Ole Henrik Illenberger Solgaard, \u00d8yer, 1980 Terje Moheim, Tretten, 1974 Per Johan Nermo, \u00d8yer, 1969 Lisbeth Andreassen, Tretten, 1972 Per [&hellip;]<\/p>\n","protected":false},"author":13521,"featured_media":0,"parent":0,"menu_order":0,"comment_status":"closed","ping_status":"closed","template":"","meta":{"teft_cards_image_url":"","teft_cards_custom_pretitle":"","teft_cards_image_id":0,"teft_cards_image_focal_point_x":0,"teft_cards_image_focal_point_y":0,"teft_cards_title":"","teft_cards_excerpt":"","teft_show_chapters":false,"footnotes":""},"class_list":["post-227","page","type-page","status-publish","hentry"],"yoast_head":"<!-- This site is optimized with the Yoast SEO plugin v26.6 - https:\/\/yoast.com\/wordpress\/plugins\/seo\/ -->\n<title>V\u00e5re listekandidater til kommunevalget 2023 - \u00d8yer H\u00f8yre<\/title>\n<meta name=\"robots\" content=\"index, follow, max-snippet:-1, max-image-preview:large, max-video-preview:-1\" \/>\n<link rel=\"canonical\" href=\"https:\/\/hoyre.no\/oyer\/vare-listekandidater-til-kommunevalget-2023\/\" \/>\n<meta property=\"og:locale\" content=\"nb_NO\" \/>\n<meta property=\"og:type\" content=\"article\" \/>\n<meta property=\"og:title\" content=\"V\u00e5re listekandidater til kommunevalget 2023 - \u00d8yer H\u00f8yre\" \/>\n<meta property=\"og:description\" content=\"Anne Marie Sveipe, 1973, \u00d8yer &#8211; kumulert Roar \u00d8ien, \u00d8yer, 1973, \u00d8yer &#8211; kumulert Anne Kristine Aronsveen, \u00d8yer, 1976 &#8211; kumulert John Berge, \u00d8yer, 1947 Marthe Langvik, \u00d8yer, 1983 Unni Helene Viker Harjo, Tretten, 1965 Ole Henrik Illenberger Solgaard, \u00d8yer, 1980 Terje Moheim, Tretten, 1974 Per Johan Nermo, \u00d8yer, 1969 Lisbeth Andreassen, Tretten, 1972 Per [&hellip;]\" \/>\n<meta property=\"og:url\" content=\"https:\/\/hoyre.no\/oyer\/vare-listekandidater-til-kommunevalget-2023\/\" \/>\n<meta property=\"og:site_name\" content=\"\u00d8yer H\u00f8yre\" \/>\n<meta property=\"article:modified_time\" content=\"2023-07-20T07:44:13+00:00\" \/>\n<meta property=\"og:image\" content=\"https:\/\/hoyre.no\/content\/uploads\/sites\/45\/2022\/11\/Hoyres-logo.png\" \/>\n\t<meta property=\"og:image:width\" content=\"1000\" \/>\n\t<meta property=\"og:image:height\" content=\"1000\" \/>\n\t<meta property=\"og:image:type\" content=\"image\/png\" \/>\n<meta name=\"twitter:card\" content=\"summary_large_image\" \/>\n<meta name=\"twitter:label1\" content=\"Ansl. lesetid\" \/>\n\t<meta name=\"twitter:data1\" content=\"1 minutt\" \/>\n<script type=\"application\/ld+json\" class=\"yoast-schema-graph\">{\"@context\":\"https:\/\/schema.org\",\"@graph\":[{\"@type\":\"WebPage\",\"@id\":\"https:\/\/hoyre.no\/oyer\/vare-listekandidater-til-kommunevalget-2023\/\",\"url\":\"https:\/\/hoyre.no\/oyer\/vare-listekandidater-til-kommunevalget-2023\/\",\"name\":\"V\u00e5re listekandidater til kommunevalget 2023 - \u00d8yer H\u00f8yre\",\"isPartOf\":{\"@id\":\"https:\/\/hoyre.no\/oyer\/#website\"},\"datePublished\":\"2023-07-20T07:44:12+00:00\",\"dateModified\":\"2023-07-20T07:44:13+00:00\",\"breadcrumb\":{\"@id\":\"https:\/\/hoyre.no\/oyer\/vare-listekandidater-til-kommunevalget-2023\/#breadcrumb\"},\"inLanguage\":\"nb-NO\",\"potentialAction\":[{\"@type\":\"ReadAction\",\"target\":[\"https:\/\/hoyre.no\/oyer\/vare-listekandidater-til-kommunevalget-2023\/\"]}]},{\"@type\":\"BreadcrumbList\",\"@id\":\"https:\/\/hoyre.no\/oyer\/vare-listekandidater-til-kommunevalget-2023\/#breadcrumb\",\"itemListElement\":[{\"@type\":\"ListItem\",\"position\":1,\"name\":\"Til hoyre.no\",\"item\":\"https:\/\/hoyre.no\"},{\"@type\":\"ListItem\",\"position\":2,\"name\":\"Hjem\",\"item\":\"https:\/\/hoyre.no\/oyer\/\"},{\"@type\":\"ListItem\",\"position\":3,\"name\":\"V\u00e5re listekandidater til kommunevalget 2023\"}]},{\"@type\":\"WebSite\",\"@id\":\"https:\/\/hoyre.no\/oyer\/#website\",\"url\":\"https:\/\/hoyre.no\/oyer\/\",\"name\":\"\u00d8yer H\u00f8yre\",\"description\":\"Bare enda et H\u00f8yres nettsteder-nettsted\",\"inLanguage\":\"nb-NO\"}]}<\/script>\n<!-- \/ Yoast SEO plugin. -->","yoast_head_json":{"title":"V\u00e5re listekandidater til kommunevalget 2023 - \u00d8yer H\u00f8yre","robots":{"index":"index","follow":"follow","max-snippet":"max-snippet:-1","max-image-preview":"max-image-preview:large","max-video-preview":"max-video-preview:-1"},"canonical":"https:\/\/hoyre.no\/oyer\/vare-listekandidater-til-kommunevalget-2023\/","og_locale":"nb_NO","og_type":"article","og_title":"V\u00e5re listekandidater til kommunevalget 2023 - \u00d8yer H\u00f8yre","og_description":"Anne Marie Sveipe, 1973, \u00d8yer &#8211; kumulert Roar \u00d8ien, \u00d8yer, 1973, \u00d8yer &#8211; kumulert Anne Kristine Aronsveen, \u00d8yer, 1976 &#8211; kumulert John Berge, \u00d8yer, 1947 Marthe Langvik, \u00d8yer, 1983 Unni Helene Viker Harjo, Tretten, 1965 Ole Henrik Illenberger Solgaard, \u00d8yer, 1980 Terje Moheim, Tretten, 1974 Per Johan Nermo, \u00d8yer, 1969 Lisbeth Andreassen, Tretten, 1972 Per [&hellip;]","og_url":"https:\/\/hoyre.no\/oyer\/vare-listekandidater-til-kommunevalget-2023\/","og_site_name":"\u00d8yer H\u00f8yre","article_modified_time":"2023-07-20T07:44:13+00:00","og_image":[{"width":1000,"height":1000,"url":"https:\/\/hoyre.no\/content\/uploads\/sites\/45\/2022\/11\/Hoyres-logo.png","type":"image\/png"}],"twitter_card":"summary_large_image","twitter_misc":{"Ansl. lesetid":"1 minutt"},"schema":{"@context":"https:\/\/schema.org","@graph":[{"@type":"WebPage","@id":"https:\/\/hoyre.no\/oyer\/vare-listekandidater-til-kommunevalget-2023\/","url":"https:\/\/hoyre.no\/oyer\/vare-listekandidater-til-kommunevalget-2023\/","name":"V\u00e5re listekandidater til kommunevalget 2023 - \u00d8yer H\u00f8yre","isPartOf":{"@id":"https:\/\/hoyre.no\/oyer\/#website"},"datePublished":"2023-07-20T07:44:12+00:00","dateModified":"2023-07-20T07:44:13+00:00","breadcrumb":{"@id":"https:\/\/hoyre.no\/oyer\/vare-listekandidater-til-kommunevalget-2023\/#breadcrumb"},"inLanguage":"nb-NO","potentialAction":[{"@type":"ReadAction","target":["https:\/\/hoyre.no\/oyer\/vare-listekandidater-til-kommunevalget-2023\/"]}]},{"@type":"BreadcrumbList","@id":"https:\/\/hoyre.no\/oyer\/vare-listekandidater-til-kommunevalget-2023\/#breadcrumb","itemListElement":[{"@type":"ListItem","position":1,"name":"Til hoyre.no","item":"https:\/\/hoyre.no"},{"@type":"ListItem","position":2,"name":"Hjem","item":"https:\/\/hoyre.no\/oyer\/"},{"@type":"ListItem","position":3,"name":"V\u00e5re listekandidater til kommunevalget 2023"}]},{"@type":"WebSite","@id":"https:\/\/hoyre.no\/oyer\/#website","url":"https:\/\/hoyre.no\/oyer\/","name":"\u00d8yer H\u00f8yre","description":"Bare enda et H\u00f8yres nettsteder-nettsted","inLanguage":"nb-NO"}]}},"distributor_meta":false,"distributor_terms":false,"distributor_media":false,"distributor_original_site_name":"\u00d8yer H\u00f8yre","distributor_original_site_url":"https:\/\/hoyre.no\/oyer","push-errors":false,"_links":{"self":[{"href":"https:\/\/hoyre.no\/oyer\/wp-json\/wp\/v2\/pages\/227","targetHints":{"allow":["GET"]}}],"collection":[{"href":"https:\/\/hoyre.no\/oyer\/wp-json\/wp\/v2\/pages"}],"about":[{"href":"https:\/\/hoyre.no\/oyer\/wp-json\/wp\/v2\/types\/page"}],"author":[{"embeddable":true,"href":"https:\/\/hoyre.no\/oyer\/wp-json\/wp\/v2\/users\/13521"}],"replies":[{"embeddable":true,"href":"https:\/\/hoyre.no\/oyer\/wp-json\/wp\/v2\/comments?post=227"}],"version-history":[{"count":1,"href":"https:\/\/hoyre.no\/oyer\/wp-json\/wp\/v2\/pages\/227\/revisions"}],"predecessor-version":[{"id":232,"href":"https:\/\/hoyre.no\/oyer\/wp-json\/wp\/v2\/pages\/227\/revisions\/232"}],"wp:attachment":[{"href":"https:\/\/hoyre.no\/oyer\/wp-json\/wp\/v2\/media?parent=227"}],"curies":[{"name":"wp","href":"https:\/\/api.w.org\/{rel}","templated":true}]}}