{"id":273,"date":"2025-05-19T10:28:45","date_gmt":"2025-05-19T08:28:45","guid":{"rendered":"https:\/\/hoyre.no\/oyer\/?page_id=273"},"modified":"2025-05-19T10:32:58","modified_gmt":"2025-05-19T08:32:58","slug":"kalender-innlandet-hoyre","status":"publish","type":"page","link":"https:\/\/hoyre.no\/oyer\/kalender-innlandet-hoyre\/","title":{"rendered":"Kalender &#8211; Innlandet H\u00f8yre"},"content":{"rendered":"\n<div class=\"wp-block-group alignwide\"><div class=\"wp-block-group__inner-container is-layout-constrained wp-block-group-is-layout-constrained\">\n<div class=\"wp-block-group alignwide\"><div class=\"wp-block-group__inner-container is-layout-constrained wp-block-group-is-layout-constrained\">\n<div class=\"wp-block-columns alignwide is-layout-flex wp-container-core-columns-is-layout-9d6595d7 wp-block-columns-is-layout-flex\">\n<div class=\"wp-block-column is-layout-flow wp-block-column-is-layout-flow\">\n<h2 class=\"wp-block-heading\">Kalender &#8211; Innlandet H\u00f8yre<\/h2>\n\n\n\n<figure class=\"wp-block-image alignfull size-large\"><a href=\"https:\/\/teamup.com\/ksqgpa2kgdfjyp8ev3\" target=\"_blank\" rel=\" noreferrer noopener\"><img loading=\"lazy\" decoding=\"async\" width=\"1024\" height=\"512\" src=\"https:\/\/hoyre.no\/content\/uploads\/sites\/45\/2025\/05\/Kalender-innlandethoyre-1024x512.png\" alt=\"\" class=\"wp-image-279\" srcset=\"https:\/\/hoyre.no\/content\/uploads\/sites\/45\/2025\/05\/Kalender-innlandethoyre-1024x512.png 1024w, https:\/\/hoyre.no\/content\/uploads\/sites\/45\/2025\/05\/Kalender-innlandethoyre-300x150.png 300w, https:\/\/hoyre.no\/content\/uploads\/sites\/45\/2025\/05\/Kalender-innlandethoyre-768x384.png 768w, https:\/\/hoyre.no\/content\/uploads\/sites\/45\/2025\/05\/Kalender-innlandethoyre.png 1420w\" sizes=\"auto, (max-width: 1024px) 100vw, 1024px\" \/><\/a><\/figure>\n\n\n\n<div class=\"wp-block-group alignfull is-nowrap is-layout-flex wp-container-core-group-is-layout-ad2f72ca wp-block-group-is-layout-flex\">\n<p>Her kan du se en komplett oversikt over det som skjer i Innlandet H\u00f8yre, m\u00f8ter, stands, arrangemeneter etc.<\/p>\n<\/div>\n<\/div>\n<\/div>\n<\/div><\/div>\n<\/div><\/div>\n\n\n\n<p><a href=\"https:\/\/teamup.com\/ksqgpa2kgdfjyp8ev3\" target=\"_blank\" rel=\"noreferrer noopener\">\u00c5pne kalenderen i eget vindu &#8211; klikk her<\/a><\/p>\n","protected":false},"excerpt":{"rendered":"<p>Kalender &#8211; Innlandet H\u00f8yre Her kan du se en komplett oversikt over det som skjer i Innlandet H\u00f8yre, m\u00f8ter, stands, arrangemeneter etc. \u00c5pne kalenderen i eget vindu &#8211; klikk her<\/p>\n","protected":false},"author":40689,"featured_media":0,"parent":0,"menu_order":0,"comment_status":"closed","ping_status":"closed","template":"","meta":{"teft_cards_image_url":"","teft_cards_custom_pretitle":"","teft_cards_image_id":0,"teft_cards_image_focal_point_x":0,"teft_cards_image_focal_point_y":0,"teft_cards_title":"","teft_cards_excerpt":"","teft_show_chapters":false,"footnotes":""},"class_list":["post-273","page","type-page","status-publish","hentry"],"yoast_head":"<!-- This site is optimized with the Yoast SEO plugin v26.6 - https:\/\/yoast.com\/wordpress\/plugins\/seo\/ -->\n<title>Kalender - Innlandet H\u00f8yre - \u00d8yer H\u00f8yre<\/title>\n<meta name=\"robots\" content=\"index, follow, max-snippet:-1, max-image-preview:large, max-video-preview:-1\" \/>\n<link rel=\"canonical\" href=\"https:\/\/hoyre.no\/oyer\/kalender-innlandet-hoyre\/\" \/>\n<meta property=\"og:locale\" content=\"nb_NO\" \/>\n<meta property=\"og:type\" content=\"article\" \/>\n<meta property=\"og:title\" content=\"Kalender - Innlandet H\u00f8yre - \u00d8yer H\u00f8yre\" \/>\n<meta property=\"og:description\" content=\"Kalender &#8211; Innlandet H\u00f8yre Her kan du se en komplett oversikt over det som skjer i Innlandet H\u00f8yre, m\u00f8ter, stands, arrangemeneter etc. \u00c5pne kalenderen i eget vindu &#8211; klikk her\" \/>\n<meta property=\"og:url\" content=\"https:\/\/hoyre.no\/oyer\/kalender-innlandet-hoyre\/\" \/>\n<meta property=\"og:site_name\" content=\"\u00d8yer H\u00f8yre\" \/>\n<meta property=\"article:modified_time\" content=\"2025-05-19T08:32:58+00:00\" \/>\n<meta property=\"og:image\" content=\"https:\/\/hoyre.no\/content\/uploads\/sites\/45\/2025\/05\/Kalender-innlandethoyre.png\" \/>\n\t<meta property=\"og:image:width\" content=\"1420\" \/>\n\t<meta property=\"og:image:height\" content=\"710\" \/>\n\t<meta property=\"og:image:type\" content=\"image\/png\" \/>\n<meta name=\"twitter:card\" content=\"summary_large_image\" \/>\n<meta name=\"twitter:label1\" content=\"Ansl. lesetid\" \/>\n\t<meta name=\"twitter:data1\" content=\"1 minutt\" \/>\n<script type=\"application\/ld+json\" class=\"yoast-schema-graph\">{\"@context\":\"https:\/\/schema.org\",\"@graph\":[{\"@type\":\"WebPage\",\"@id\":\"https:\/\/hoyre.no\/oyer\/kalender-innlandet-hoyre\/\",\"url\":\"https:\/\/hoyre.no\/oyer\/kalender-innlandet-hoyre\/\",\"name\":\"Kalender - Innlandet H\u00f8yre - \u00d8yer H\u00f8yre\",\"isPartOf\":{\"@id\":\"https:\/\/hoyre.no\/oyer\/#website\"},\"image\":{\"@id\":\"https:\/\/hoyre.no\/oyer\/kalender-innlandet-hoyre\/#primaryimage\"},\"thumbnailUrl\":\"https:\/\/hoyre.no\/content\/uploads\/sites\/45\/2025\/05\/Kalender-innlandethoyre-1024x512.png\",\"datePublished\":\"2025-05-19T08:28:45+00:00\",\"dateModified\":\"2025-05-19T08:32:58+00:00\",\"breadcrumb\":{\"@id\":\"https:\/\/hoyre.no\/oyer\/kalender-innlandet-hoyre\/#breadcrumb\"},\"inLanguage\":\"nb-NO\",\"potentialAction\":[{\"@type\":\"ReadAction\",\"target\":[\"https:\/\/hoyre.no\/oyer\/kalender-innlandet-hoyre\/\"]}]},{\"@type\":\"ImageObject\",\"inLanguage\":\"nb-NO\",\"@id\":\"https:\/\/hoyre.no\/oyer\/kalender-innlandet-hoyre\/#primaryimage\",\"url\":\"https:\/\/hoyre.no\/content\/uploads\/sites\/45\/2025\/05\/Kalender-innlandethoyre-1024x512.png\",\"contentUrl\":\"https:\/\/hoyre.no\/content\/uploads\/sites\/45\/2025\/05\/Kalender-innlandethoyre-1024x512.png\"},{\"@type\":\"BreadcrumbList\",\"@id\":\"https:\/\/hoyre.no\/oyer\/kalender-innlandet-hoyre\/#breadcrumb\",\"itemListElement\":[{\"@type\":\"ListItem\",\"position\":1,\"name\":\"Til hoyre.no\",\"item\":\"https:\/\/hoyre.no\"},{\"@type\":\"ListItem\",\"position\":2,\"name\":\"Hjem\",\"item\":\"https:\/\/hoyre.no\/oyer\/\"},{\"@type\":\"ListItem\",\"position\":3,\"name\":\"Kalender &#8211; Innlandet H\u00f8yre\"}]},{\"@type\":\"WebSite\",\"@id\":\"https:\/\/hoyre.no\/oyer\/#website\",\"url\":\"https:\/\/hoyre.no\/oyer\/\",\"name\":\"\u00d8yer H\u00f8yre\",\"description\":\"Bare enda et H\u00f8yres nettsteder-nettsted\",\"inLanguage\":\"nb-NO\"}]}<\/script>\n<!-- \/ Yoast SEO plugin. -->","yoast_head_json":{"title":"Kalender - Innlandet H\u00f8yre - \u00d8yer H\u00f8yre","robots":{"index":"index","follow":"follow","max-snippet":"max-snippet:-1","max-image-preview":"max-image-preview:large","max-video-preview":"max-video-preview:-1"},"canonical":"https:\/\/hoyre.no\/oyer\/kalender-innlandet-hoyre\/","og_locale":"nb_NO","og_type":"article","og_title":"Kalender - Innlandet H\u00f8yre - \u00d8yer H\u00f8yre","og_description":"Kalender &#8211; Innlandet H\u00f8yre Her kan du se en komplett oversikt over det som skjer i Innlandet H\u00f8yre, m\u00f8ter, stands, arrangemeneter etc. \u00c5pne kalenderen i eget vindu &#8211; klikk her","og_url":"https:\/\/hoyre.no\/oyer\/kalender-innlandet-hoyre\/","og_site_name":"\u00d8yer H\u00f8yre","article_modified_time":"2025-05-19T08:32:58+00:00","og_image":[{"width":1420,"height":710,"url":"https:\/\/hoyre.no\/content\/uploads\/sites\/45\/2025\/05\/Kalender-innlandethoyre.png","type":"image\/png"}],"twitter_card":"summary_large_image","twitter_misc":{"Ansl. lesetid":"1 minutt"},"schema":{"@context":"https:\/\/schema.org","@graph":[{"@type":"WebPage","@id":"https:\/\/hoyre.no\/oyer\/kalender-innlandet-hoyre\/","url":"https:\/\/hoyre.no\/oyer\/kalender-innlandet-hoyre\/","name":"Kalender - Innlandet H\u00f8yre - \u00d8yer H\u00f8yre","isPartOf":{"@id":"https:\/\/hoyre.no\/oyer\/#website"},"image":{"@id":"https:\/\/hoyre.no\/oyer\/kalender-innlandet-hoyre\/#primaryimage"},"thumbnailUrl":"https:\/\/hoyre.no\/content\/uploads\/sites\/45\/2025\/05\/Kalender-innlandethoyre-1024x512.png","datePublished":"2025-05-19T08:28:45+00:00","dateModified":"2025-05-19T08:32:58+00:00","breadcrumb":{"@id":"https:\/\/hoyre.no\/oyer\/kalender-innlandet-hoyre\/#breadcrumb"},"inLanguage":"nb-NO","potentialAction":[{"@type":"ReadAction","target":["https:\/\/hoyre.no\/oyer\/kalender-innlandet-hoyre\/"]}]},{"@type":"ImageObject","inLanguage":"nb-NO","@id":"https:\/\/hoyre.no\/oyer\/kalender-innlandet-hoyre\/#primaryimage","url":"https:\/\/hoyre.no\/content\/uploads\/sites\/45\/2025\/05\/Kalender-innlandethoyre-1024x512.png","contentUrl":"https:\/\/hoyre.no\/content\/uploads\/sites\/45\/2025\/05\/Kalender-innlandethoyre-1024x512.png"},{"@type":"BreadcrumbList","@id":"https:\/\/hoyre.no\/oyer\/kalender-innlandet-hoyre\/#breadcrumb","itemListElement":[{"@type":"ListItem","position":1,"name":"Til hoyre.no","item":"https:\/\/hoyre.no"},{"@type":"ListItem","position":2,"name":"Hjem","item":"https:\/\/hoyre.no\/oyer\/"},{"@type":"ListItem","position":3,"name":"Kalender &#8211; Innlandet H\u00f8yre"}]},{"@type":"WebSite","@id":"https:\/\/hoyre.no\/oyer\/#website","url":"https:\/\/hoyre.no\/oyer\/","name":"\u00d8yer H\u00f8yre","description":"Bare enda et H\u00f8yres nettsteder-nettsted","inLanguage":"nb-NO"}]}},"distributor_meta":false,"distributor_terms":false,"distributor_media":false,"distributor_original_site_name":"\u00d8yer H\u00f8yre","distributor_original_site_url":"https:\/\/hoyre.no\/oyer","push-errors":false,"_links":{"self":[{"href":"https:\/\/hoyre.no\/oyer\/wp-json\/wp\/v2\/pages\/273","targetHints":{"allow":["GET"]}}],"collection":[{"href":"https:\/\/hoyre.no\/oyer\/wp-json\/wp\/v2\/pages"}],"about":[{"href":"https:\/\/hoyre.no\/oyer\/wp-json\/wp\/v2\/types\/page"}],"author":[{"embeddable":true,"href":"https:\/\/hoyre.no\/oyer\/wp-json\/wp\/v2\/users\/40689"}],"replies":[{"embeddable":true,"href":"https:\/\/hoyre.no\/oyer\/wp-json\/wp\/v2\/comments?post=273"}],"version-history":[{"count":7,"href":"https:\/\/hoyre.no\/oyer\/wp-json\/wp\/v2\/pages\/273\/revisions"}],"predecessor-version":[{"id":284,"href":"https:\/\/hoyre.no\/oyer\/wp-json\/wp\/v2\/pages\/273\/revisions\/284"}],"wp:attachment":[{"href":"https:\/\/hoyre.no\/oyer\/wp-json\/wp\/v2\/media?parent=273"}],"curies":[{"name":"wp","href":"https:\/\/api.w.org\/{rel}","templated":true}]}}