{"id":46,"date":"2023-04-22T22:23:17","date_gmt":"2023-04-22T20:23:17","guid":{"rendered":"https:\/\/hoyre.no\/oygarden\/?page_id=46"},"modified":"2026-02-21T12:27:59","modified_gmt":"2026-02-21T11:27:59","slug":"5-grunner-til-a-stemme-hoyre-i-oygarden","status":"publish","type":"page","link":"https:\/\/hoyre.no\/oygarden\/5-grunner-til-a-stemme-hoyre-i-oygarden\/","title":{"rendered":"5 grunner til \u00e5 stemme H\u00f8yre i \u00d8ygarden"},"content":{"rendered":"\n<div class=\"wp-block-hoyre-hero with-image-gradient text-color-light  has-media alignfull has-background \"><div class=\"hoyre-hero has-image\"><h1 class=\"title\">5 grunner til \u00e5 stemme H\u00f8yre i \u00d8ygarden<\/h1><figure class=\"hoyre-image-wrapper\"><div class=\"hoyre-image\"><img loading=\"lazy\" decoding=\"async\" width=\"2500\" height=\"1667\" src=\"https:\/\/hoyre.no\/content\/uploads\/sites\/308\/2023\/04\/GettyImages-1356137722-scaled.jpg\" class=\"attachment-scaled size-scaled\" alt=\"\" style=\"object-position: 50% 50%\" srcset=\"https:\/\/hoyre.no\/content\/uploads\/sites\/308\/2023\/04\/GettyImages-1356137722-scaled.jpg 2500w, https:\/\/hoyre.no\/content\/uploads\/sites\/308\/2023\/04\/GettyImages-1356137722-300x200.jpg 300w, https:\/\/hoyre.no\/content\/uploads\/sites\/308\/2023\/04\/GettyImages-1356137722-1024x683.jpg 1024w, https:\/\/hoyre.no\/content\/uploads\/sites\/308\/2023\/04\/GettyImages-1356137722-768x512.jpg 768w, https:\/\/hoyre.no\/content\/uploads\/sites\/308\/2023\/04\/GettyImages-1356137722-1536x1024.jpg 1536w, https:\/\/hoyre.no\/content\/uploads\/sites\/308\/2023\/04\/GettyImages-1356137722-2048x1365.jpg 2048w\" sizes=\"auto, (max-width: 2500px) 100vw, 2500px\" \/><\/div><\/figure><\/div><\/div>\n\n\n\n\n<div class=\"wp-block-hoyre-banner alignwide undefined  is-style-light\"><div class=\"banner-inner\"><figure class=\"hoyre-image-wrapper\"><div class=\"hoyre-image\"><img loading=\"lazy\" decoding=\"async\" width=\"2500\" height=\"1667\" src=\"https:\/\/hoyre.no\/content\/uploads\/sites\/308\/2023\/04\/568A6644-scaled.jpg\" class=\"attachment-scaled size-scaled\" alt=\"\" style=\"object-position: 41% 31%\" srcset=\"https:\/\/hoyre.no\/content\/uploads\/sites\/308\/2023\/04\/568A6644-scaled.jpg 2500w, https:\/\/hoyre.no\/content\/uploads\/sites\/308\/2023\/04\/568A6644-300x200.jpg 300w, https:\/\/hoyre.no\/content\/uploads\/sites\/308\/2023\/04\/568A6644-1024x683.jpg 1024w, https:\/\/hoyre.no\/content\/uploads\/sites\/308\/2023\/04\/568A6644-768x512.jpg 768w, https:\/\/hoyre.no\/content\/uploads\/sites\/308\/2023\/04\/568A6644-1536x1025.jpg 1536w, https:\/\/hoyre.no\/content\/uploads\/sites\/308\/2023\/04\/568A6644-2048x1366.jpg 2048w\" sizes=\"auto, (max-width: 2500px) 100vw, 2500px\" \/><\/div><\/figure><div class=\"banner-content\"><div class=\"entry-content\">\n<p>Mye er bra i \u00d8ygarden, men mye kan ogs\u00e5 bli enda bedre.\u00a0H\u00f8yre jobber for \u00e5 sikre bedre tjenester til innbyggerne, som en god og verdig eldreomsorg, gode skoler og barnehager, og en kommune som bidrar til vekst og verdiskaping. \u00d8ygarden kommune skal fortsette \u00e5 v\u00e6re en JA-kommune som heier p\u00e5 de som skaper arbeidsplasser og som vil utvikle kommunen videre.<\/p>\n\n\n\n<ul class=\"wp-block-list\">\n<li>Tom Georg Indrevik, ordf\u00f8rer i \u00d8ygarden<\/li>\n<\/ul>\n\n\n\n<div class=\"wp-block-buttons is-layout-flex wp-block-buttons-is-layout-flex\">\n<div class=\"wp-block-button\"><a class=\"wp-block-button__link wp-element-button\" href=\"https:\/\/hoyre.no\/oygarden\/bli-bedre-kjent-med-tom-georg\/?preview=true\">bli betre kjent med tom georg<\/a><\/div>\n<\/div>\n<\/div><\/div><\/div><\/div>\n\n\n\n\n<div class=\"wp-block-hoyre-banner alignwide undefined  is-style-blue\"><div class=\"banner-inner\"><figure class=\"hoyre-image-wrapper\"><div class=\"hoyre-image\"><img loading=\"lazy\" decoding=\"async\" width=\"2500\" height=\"1667\" src=\"https:\/\/hoyre.no\/content\/uploads\/sites\/308\/2023\/04\/GettyImages-1269296368-scaled.jpg\" class=\"attachment-scaled size-scaled\" alt=\"\" style=\"object-position: 50% 50%\" srcset=\"https:\/\/hoyre.no\/content\/uploads\/sites\/308\/2023\/04\/GettyImages-1269296368-scaled.jpg 2500w, https:\/\/hoyre.no\/content\/uploads\/sites\/308\/2023\/04\/GettyImages-1269296368-300x200.jpg 300w, https:\/\/hoyre.no\/content\/uploads\/sites\/308\/2023\/04\/GettyImages-1269296368-1024x683.jpg 1024w, https:\/\/hoyre.no\/content\/uploads\/sites\/308\/2023\/04\/GettyImages-1269296368-768x512.jpg 768w, https:\/\/hoyre.no\/content\/uploads\/sites\/308\/2023\/04\/GettyImages-1269296368-1536x1024.jpg 1536w, https:\/\/hoyre.no\/content\/uploads\/sites\/308\/2023\/04\/GettyImages-1269296368-2048x1365.jpg 2048w\" sizes=\"auto, (max-width: 2500px) 100vw, 2500px\" \/><\/div><\/figure><div class=\"banner-content\"><div class=\"entry-content\">\n<h2 class=\"wp-block-heading\">1. En god skole for alle<\/h2>\n\n\n\n<p>Skolene i \u00d8ygarden skal v\u00e6re blant de beste i landet. Elevene skal f\u00e5 mulighet til \u00e5 l\u00f8ftes opp fra det niv\u00e5et de er p\u00e5. Derfor er det viktig \u00e5 styrke kvaliteten i skolen, slik at elevene f\u00e5r et enda bedre grunnlag for \u00e5 lykkes. H\u00f8yre vil prioritere ekstra innsats innenfor grunnleggende ferdigheter slik at alle skal kunne lese, skrive og regne n\u00e5r de g\u00e5r ut av skolen. Da er det ogs\u00e5 viktig at skolene kan tilby tilpasset undervisning slik at alle kan f\u00e5 undervisning p\u00e5 sitt niv\u00e5.<\/p>\n\n\n\n<div class=\"wp-block-buttons is-layout-flex wp-block-buttons-is-layout-flex\"><\/div>\n<\/div><\/div><\/div><\/div>\n\n\n\n<div class=\"wp-block-hoyre-banner alignwide undefined  is-style-dark\"><div class=\"banner-inner\"><figure class=\"hoyre-image-wrapper\"><div class=\"hoyre-image\"><img loading=\"lazy\" decoding=\"async\" width=\"2500\" height=\"1668\" src=\"https:\/\/hoyre.no\/content\/uploads\/sites\/308\/2023\/04\/GettyImages-1165371469-scaled.jpg\" class=\"attachment-scaled size-scaled\" alt=\"\" style=\"object-position: 50% 50%\" srcset=\"https:\/\/hoyre.no\/content\/uploads\/sites\/308\/2023\/04\/GettyImages-1165371469-scaled.jpg 2500w, https:\/\/hoyre.no\/content\/uploads\/sites\/308\/2023\/04\/GettyImages-1165371469-300x200.jpg 300w, https:\/\/hoyre.no\/content\/uploads\/sites\/308\/2023\/04\/GettyImages-1165371469-1024x683.jpg 1024w, https:\/\/hoyre.no\/content\/uploads\/sites\/308\/2023\/04\/GettyImages-1165371469-768x512.jpg 768w, https:\/\/hoyre.no\/content\/uploads\/sites\/308\/2023\/04\/GettyImages-1165371469-1536x1025.jpg 1536w, https:\/\/hoyre.no\/content\/uploads\/sites\/308\/2023\/04\/GettyImages-1165371469-2048x1367.jpg 2048w\" sizes=\"auto, (max-width: 2500px) 100vw, 2500px\" \/><\/div><\/figure><div class=\"banner-content\"><div class=\"entry-content\">\n<h2 class=\"wp-block-heading\">2. En verdig eldreomsorg<\/h2>\n\n\n\n<p>Det skal v\u00e6re godt \u00e5 bli eldre i \u00d8ygarden. Siden vi stadig blir flere eldre m\u00e5 vi bygge flere omsorgsplasser og tilrettelagte boliger. Vi m\u00e5 styrke hjemmetjenesten slik at det er trygt \u00e5 bo hjemme lengst mulig, og f\u00e5 p\u00e5 plass gode tilbud for personer med demens. For \u00e5 gi v\u00e5re innbyggere det beste tilbudet m\u00e5 vi rekruttere flinke fagfolk og tilpasse turnusene slik at de passer de ansatte i ulike livsfaser. Ny velferdsteknologi er n\u00f8dvendig og vil v\u00e6re et supplement til varme hender, men aldri en erstatning.<\/p>\n\n\n\n<div class=\"wp-block-buttons is-layout-flex wp-block-buttons-is-layout-flex\"><\/div>\n<\/div><\/div><\/div><\/div>\n\n\n\n<div class=\"wp-block-hoyre-banner alignwide undefined  is-style-blue\"><div class=\"banner-inner\"><figure class=\"hoyre-image-wrapper\"><div class=\"hoyre-image\"><img loading=\"lazy\" decoding=\"async\" width=\"2500\" height=\"1667\" src=\"https:\/\/hoyre.no\/content\/uploads\/sites\/308\/2023\/04\/GettyImages-1356137722-scaled.jpg\" class=\"attachment-scaled size-scaled\" alt=\"\" style=\"object-position: 51% 42%\" srcset=\"https:\/\/hoyre.no\/content\/uploads\/sites\/308\/2023\/04\/GettyImages-1356137722-scaled.jpg 2500w, https:\/\/hoyre.no\/content\/uploads\/sites\/308\/2023\/04\/GettyImages-1356137722-300x200.jpg 300w, https:\/\/hoyre.no\/content\/uploads\/sites\/308\/2023\/04\/GettyImages-1356137722-1024x683.jpg 1024w, https:\/\/hoyre.no\/content\/uploads\/sites\/308\/2023\/04\/GettyImages-1356137722-768x512.jpg 768w, https:\/\/hoyre.no\/content\/uploads\/sites\/308\/2023\/04\/GettyImages-1356137722-1536x1024.jpg 1536w, https:\/\/hoyre.no\/content\/uploads\/sites\/308\/2023\/04\/GettyImages-1356137722-2048x1365.jpg 2048w\" sizes=\"auto, (max-width: 2500px) 100vw, 2500px\" \/><\/div><\/figure><div class=\"banner-content\"><div class=\"entry-content\">\n<h2 class=\"wp-block-heading\">3. Ingen eiendomsskatt<\/h2>\n\n\n\n<p>Du som bor i \u00d8ygarden skal ikke betale skatt for at du eier egen bolig. Eiendomsskatt er en usosial skatt som rammer spesielt enslige minstepensjonister, familier med lavere inntekter og personer som i perioder f\u00e5r lavere inntekter p\u00e5 grunn av helseutfordringer eller arbeidsl\u00f8shet. Vi sier ogs\u00e5 nei til eiendomsskatt p\u00e5 n\u00e6ringsbygg slik at vi har best mulig rammevilk\u00e5r for etablerte og framtidige n\u00e6ringsakt\u00f8rer som vil satsa i kommunen v\u00e5r.<\/p>\n\n\n\n<div class=\"wp-block-buttons is-layout-flex wp-block-buttons-is-layout-flex\"><\/div>\n<\/div><\/div><\/div><\/div>\n\n\n\n<div class=\"wp-block-hoyre-banner alignwide undefined  is-style-blue\"><div class=\"banner-inner\"><figure class=\"hoyre-image-wrapper\"><div class=\"hoyre-image\"><img loading=\"lazy\" decoding=\"async\" width=\"2500\" height=\"1667\" src=\"https:\/\/hoyre.no\/content\/uploads\/sites\/308\/2023\/04\/GettyImages-490607422-scaled.jpg\" class=\"attachment-scaled size-scaled\" alt=\"\" style=\"object-position: 50% 50%\" srcset=\"https:\/\/hoyre.no\/content\/uploads\/sites\/308\/2023\/04\/GettyImages-490607422-scaled.jpg 2500w, https:\/\/hoyre.no\/content\/uploads\/sites\/308\/2023\/04\/GettyImages-490607422-300x200.jpg 300w, https:\/\/hoyre.no\/content\/uploads\/sites\/308\/2023\/04\/GettyImages-490607422-1024x683.jpg 1024w, https:\/\/hoyre.no\/content\/uploads\/sites\/308\/2023\/04\/GettyImages-490607422-768x512.jpg 768w, https:\/\/hoyre.no\/content\/uploads\/sites\/308\/2023\/04\/GettyImages-490607422-1536x1024.jpg 1536w, https:\/\/hoyre.no\/content\/uploads\/sites\/308\/2023\/04\/GettyImages-490607422-2048x1365.jpg 2048w\" sizes=\"auto, (max-width: 2500px) 100vw, 2500px\" \/><\/div><\/figure><div class=\"banner-content\"><div class=\"entry-content\">\n<h2 class=\"wp-block-heading\">4. P\u00e5 lag med n\u00e6ringslivet<\/h2>\n\n\n\n<p>\u00d8ygarden skal v\u00e6re en JA-kommune. H\u00f8yre vil alltid lete etter l\u00f8sninger n\u00e5r noen \u00f8nsker \u00e5 etablere eller utvikle seg i kommunen v\u00e5r. \u00d8ygarden har et mangfoldig og attraktivt n\u00e6ringsliv som leverer produkter og teknologi i verdensklasse. Det skal vi v\u00e6re stolte av, og det skal vi heie p\u00e5. Vi skal legge til rette for ytterligere vekst og investering ved \u00e5 stille areal tilgjengelig og s\u00f8rge for kort behandlingstid. Vi vil ogs\u00e5 si tydelig nei til regjeringens n\u00e6ringsfiendtlige skatte\u00f8kninger og innf\u00f8ringen av grunnrenteskatt.<\/p>\n\n\n\n<div class=\"wp-block-buttons is-layout-flex wp-block-buttons-is-layout-flex\"><\/div>\n<\/div><\/div><\/div><\/div>\n\n\n\n<div class=\"wp-block-hoyre-banner alignwide undefined  is-style-dark\"><div class=\"banner-inner\"><figure class=\"hoyre-image-wrapper\"><div class=\"hoyre-image\"><img loading=\"lazy\" decoding=\"async\" width=\"2500\" height=\"1404\" src=\"https:\/\/hoyre.no\/content\/uploads\/sites\/308\/2023\/04\/GettyImages-839553338-scaled.jpg\" class=\"attachment-scaled size-scaled\" alt=\"\" style=\"object-position: 46% 14.000000000000002%\" srcset=\"https:\/\/hoyre.no\/content\/uploads\/sites\/308\/2023\/04\/GettyImages-839553338-scaled.jpg 2500w, https:\/\/hoyre.no\/content\/uploads\/sites\/308\/2023\/04\/GettyImages-839553338-300x169.jpg 300w, https:\/\/hoyre.no\/content\/uploads\/sites\/308\/2023\/04\/GettyImages-839553338-1024x575.jpg 1024w, https:\/\/hoyre.no\/content\/uploads\/sites\/308\/2023\/04\/GettyImages-839553338-768x431.jpg 768w, https:\/\/hoyre.no\/content\/uploads\/sites\/308\/2023\/04\/GettyImages-839553338-1536x863.jpg 1536w, https:\/\/hoyre.no\/content\/uploads\/sites\/308\/2023\/04\/GettyImages-839553338-2048x1150.jpg 2048w\" sizes=\"auto, (max-width: 2500px) 100vw, 2500px\" \/><\/div><\/figure><div class=\"banner-content\"><div class=\"entry-content\">\n<h2 class=\"wp-block-heading\">5. Bedre vei og kollektiv<\/h2>\n\n\n\n<p>Gode veier og kollektivtilbud er sv\u00e6rt viktig b\u00e5de for enkeltpersoner og for n\u00e6ringslivet i \u00d8ygarden. Vi vil fortsette \u00e5 presse fylkes-og stortingspolitikerne til \u00e5 prioritere bygging og vedlikehold av vei i \u00d8ygarden, som for eksempel bygging av ny veg fra Kolltveit til ny havn p\u00e5 \u00c5gotnes som en riksvei. Kollektivtilbudet i \u00d8ygarden og nabokommunene m\u00e5 styrkes, uten at dette skal gi \u00f8kte bompenger.<\/p>\n\n\n\n<div class=\"wp-block-buttons is-layout-flex wp-block-buttons-is-layout-flex\"><\/div>\n<\/div><\/div><\/div><\/div>\n","protected":false},"excerpt":{"rendered":"","protected":false},"author":464,"featured_media":0,"parent":0,"menu_order":0,"comment_status":"closed","ping_status":"closed","template":"","meta":{"teft_cards_image_url":"","teft_cards_custom_pretitle":"","teft_cards_image_id":0,"teft_cards_image_focal_point_x":0,"teft_cards_image_focal_point_y":0,"teft_cards_title":"","teft_cards_excerpt":"","teft_show_chapters":false,"footnotes":""},"class_list":["post-46","page","type-page","status-publish","hentry"],"yoast_head":"<!-- This site is optimized with the Yoast SEO plugin v26.6 - https:\/\/yoast.com\/wordpress\/plugins\/seo\/ -->\n<title>5 grunner til \u00e5 stemme H\u00f8yre i \u00d8ygarden - \u00d8ygarden H\u00f8gre<\/title>\n<meta name=\"description\" content=\"5 grunner til \u00e5 stemme H\u00f8yre hvis du bor i \u00d8ygarden.\" \/>\n<meta name=\"robots\" content=\"index, follow, max-snippet:-1, max-image-preview:large, max-video-preview:-1\" \/>\n<link rel=\"canonical\" href=\"https:\/\/hoyre.no\/oygarden\/5-grunner-til-a-stemme-hoyre-i-oygarden\/\" \/>\n<meta property=\"og:locale\" content=\"nn_NO\" \/>\n<meta property=\"og:type\" content=\"article\" \/>\n<meta property=\"og:title\" content=\"5 grunner til \u00e5 stemme H\u00f8yre i \u00d8ygarden - \u00d8ygarden H\u00f8gre\" \/>\n<meta property=\"og:description\" content=\"5 grunner til \u00e5 stemme H\u00f8yre hvis du bor i \u00d8ygarden.\" \/>\n<meta property=\"og:url\" content=\"https:\/\/hoyre.no\/oygarden\/5-grunner-til-a-stemme-hoyre-i-oygarden\/\" \/>\n<meta property=\"og:site_name\" content=\"\u00d8ygarden H\u00f8gre\" \/>\n<meta property=\"article:modified_time\" content=\"2026-02-21T11:27:59+00:00\" \/>\n<meta property=\"og:image\" content=\"https:\/\/hoyre.no\/content\/uploads\/sites\/308\/2022\/11\/Hoyres-logo.png\" \/>\n\t<meta property=\"og:image:width\" content=\"1000\" \/>\n\t<meta property=\"og:image:height\" content=\"1000\" \/>\n\t<meta property=\"og:image:type\" content=\"image\/png\" \/>\n<meta name=\"twitter:card\" content=\"summary_large_image\" \/>\n<meta name=\"twitter:label1\" content=\"Est. reading time\" \/>\n\t<meta name=\"twitter:data1\" content=\"3 minutt\" \/>\n<script type=\"application\/ld+json\" class=\"yoast-schema-graph\">{\"@context\":\"https:\/\/schema.org\",\"@graph\":[{\"@type\":\"WebPage\",\"@id\":\"https:\/\/hoyre.no\/oygarden\/5-grunner-til-a-stemme-hoyre-i-oygarden\/\",\"url\":\"https:\/\/hoyre.no\/oygarden\/5-grunner-til-a-stemme-hoyre-i-oygarden\/\",\"name\":\"5 grunner til \u00e5 stemme H\u00f8yre i \u00d8ygarden - \u00d8ygarden H\u00f8gre\",\"isPartOf\":{\"@id\":\"https:\/\/hoyre.no\/oygarden\/#website\"},\"datePublished\":\"2023-04-22T20:23:17+00:00\",\"dateModified\":\"2026-02-21T11:27:59+00:00\",\"description\":\"5 grunner til \u00e5 stemme H\u00f8yre hvis du bor i \u00d8ygarden.\",\"breadcrumb\":{\"@id\":\"https:\/\/hoyre.no\/oygarden\/5-grunner-til-a-stemme-hoyre-i-oygarden\/#breadcrumb\"},\"inLanguage\":\"nn-NO\",\"potentialAction\":[{\"@type\":\"ReadAction\",\"target\":[\"https:\/\/hoyre.no\/oygarden\/5-grunner-til-a-stemme-hoyre-i-oygarden\/\"]}]},{\"@type\":\"BreadcrumbList\",\"@id\":\"https:\/\/hoyre.no\/oygarden\/5-grunner-til-a-stemme-hoyre-i-oygarden\/#breadcrumb\",\"itemListElement\":[{\"@type\":\"ListItem\",\"position\":1,\"name\":\"Til hoyre.no\",\"item\":\"https:\/\/hoyre.no\"},{\"@type\":\"ListItem\",\"position\":2,\"name\":\"Hjem\",\"item\":\"https:\/\/hoyre.no\/oygarden\/\"},{\"@type\":\"ListItem\",\"position\":3,\"name\":\"5 grunner til \u00e5 stemme H\u00f8yre i \u00d8ygarden\"}]},{\"@type\":\"WebSite\",\"@id\":\"https:\/\/hoyre.no\/oygarden\/#website\",\"url\":\"https:\/\/hoyre.no\/oygarden\/\",\"name\":\"\u00d8ygarden H\u00f8gre\",\"description\":\"Bare enda et H\u00f8yres nettsteder-nettsted\",\"inLanguage\":\"nn-NO\"}]}<\/script>\n<!-- \/ Yoast SEO plugin. -->","yoast_head_json":{"title":"5 grunner til \u00e5 stemme H\u00f8yre i \u00d8ygarden - \u00d8ygarden H\u00f8gre","description":"5 grunner til \u00e5 stemme H\u00f8yre hvis du bor i \u00d8ygarden.","robots":{"index":"index","follow":"follow","max-snippet":"max-snippet:-1","max-image-preview":"max-image-preview:large","max-video-preview":"max-video-preview:-1"},"canonical":"https:\/\/hoyre.no\/oygarden\/5-grunner-til-a-stemme-hoyre-i-oygarden\/","og_locale":"nn_NO","og_type":"article","og_title":"5 grunner til \u00e5 stemme H\u00f8yre i \u00d8ygarden - \u00d8ygarden H\u00f8gre","og_description":"5 grunner til \u00e5 stemme H\u00f8yre hvis du bor i \u00d8ygarden.","og_url":"https:\/\/hoyre.no\/oygarden\/5-grunner-til-a-stemme-hoyre-i-oygarden\/","og_site_name":"\u00d8ygarden H\u00f8gre","article_modified_time":"2026-02-21T11:27:59+00:00","og_image":[{"width":1000,"height":1000,"url":"https:\/\/hoyre.no\/content\/uploads\/sites\/308\/2022\/11\/Hoyres-logo.png","type":"image\/png"}],"twitter_card":"summary_large_image","twitter_misc":{"Est. reading time":"3 minutt"},"schema":{"@context":"https:\/\/schema.org","@graph":[{"@type":"WebPage","@id":"https:\/\/hoyre.no\/oygarden\/5-grunner-til-a-stemme-hoyre-i-oygarden\/","url":"https:\/\/hoyre.no\/oygarden\/5-grunner-til-a-stemme-hoyre-i-oygarden\/","name":"5 grunner til \u00e5 stemme H\u00f8yre i \u00d8ygarden - \u00d8ygarden H\u00f8gre","isPartOf":{"@id":"https:\/\/hoyre.no\/oygarden\/#website"},"datePublished":"2023-04-22T20:23:17+00:00","dateModified":"2026-02-21T11:27:59+00:00","description":"5 grunner til \u00e5 stemme H\u00f8yre hvis du bor i \u00d8ygarden.","breadcrumb":{"@id":"https:\/\/hoyre.no\/oygarden\/5-grunner-til-a-stemme-hoyre-i-oygarden\/#breadcrumb"},"inLanguage":"nn-NO","potentialAction":[{"@type":"ReadAction","target":["https:\/\/hoyre.no\/oygarden\/5-grunner-til-a-stemme-hoyre-i-oygarden\/"]}]},{"@type":"BreadcrumbList","@id":"https:\/\/hoyre.no\/oygarden\/5-grunner-til-a-stemme-hoyre-i-oygarden\/#breadcrumb","itemListElement":[{"@type":"ListItem","position":1,"name":"Til hoyre.no","item":"https:\/\/hoyre.no"},{"@type":"ListItem","position":2,"name":"Hjem","item":"https:\/\/hoyre.no\/oygarden\/"},{"@type":"ListItem","position":3,"name":"5 grunner til \u00e5 stemme H\u00f8yre i \u00d8ygarden"}]},{"@type":"WebSite","@id":"https:\/\/hoyre.no\/oygarden\/#website","url":"https:\/\/hoyre.no\/oygarden\/","name":"\u00d8ygarden H\u00f8gre","description":"Bare enda et H\u00f8yres nettsteder-nettsted","inLanguage":"nn-NO"}]}},"distributor_meta":false,"distributor_terms":false,"distributor_media":false,"distributor_original_site_name":"\u00d8ygarden H\u00f8gre","distributor_original_site_url":"https:\/\/hoyre.no\/oygarden","push-errors":false,"_links":{"self":[{"href":"https:\/\/hoyre.no\/oygarden\/wp-json\/wp\/v2\/pages\/46","targetHints":{"allow":["GET"]}}],"collection":[{"href":"https:\/\/hoyre.no\/oygarden\/wp-json\/wp\/v2\/pages"}],"about":[{"href":"https:\/\/hoyre.no\/oygarden\/wp-json\/wp\/v2\/types\/page"}],"author":[{"embeddable":true,"href":"https:\/\/hoyre.no\/oygarden\/wp-json\/wp\/v2\/users\/464"}],"replies":[{"embeddable":true,"href":"https:\/\/hoyre.no\/oygarden\/wp-json\/wp\/v2\/comments?post=46"}],"version-history":[{"count":16,"href":"https:\/\/hoyre.no\/oygarden\/wp-json\/wp\/v2\/pages\/46\/revisions"}],"predecessor-version":[{"id":184,"href":"https:\/\/hoyre.no\/oygarden\/wp-json\/wp\/v2\/pages\/46\/revisions\/184"}],"wp:attachment":[{"href":"https:\/\/hoyre.no\/oygarden\/wp-json\/wp\/v2\/media?parent=46"}],"curies":[{"name":"wp","href":"https:\/\/api.w.org\/{rel}","templated":true}]}}