{"id":66,"date":"2023-05-02T12:48:52","date_gmt":"2023-05-02T10:48:52","guid":{"rendered":"https:\/\/hoyre.no\/oygarden\/?page_id=66"},"modified":"2025-02-21T10:44:19","modified_gmt":"2025-02-21T09:44:19","slug":"politikk","status":"publish","type":"page","link":"https:\/\/hoyre.no\/oygarden\/politikk\/","title":{"rendered":"Politikk"},"content":{"rendered":"\n<div class=\"wp-block-hoyre-hero with-image-gradient text-color-light  alignfull has-background\"><div class=\"hoyre-hero \"><h1 class=\"title\">Politikk<\/h1><p class=\"preamble\">N\u00e5r frivillegheita, n\u00e6ringslivet og offentleg sektor spelar p\u00e5 lag, skapar det gode lokalsamfunn. H\u00f8gre trur p\u00e5 enkeltmenneske si evne og lyst til \u00e5 st\u00e5 p\u00e5 eigne bein.<br><br>V\u00e5r oppg\u00e5ve er \u00e5 s\u00f8rge for at menneske kan leve gode liv, uansett utgangspunkt. Vi skapar ikkje politikk for kommunen, men for alle som bur der. H\u00f8gre trur p\u00e5 eit samfunn som gir moglegheiter for alle.<\/p><\/div><\/div>\n\n\n\n\n\n\t\t<div class=\"has-lightest-blue-background-color is-layout-left alignwide alignwide wp-block-hoyre-media-text\">\n\t\t\t<div class=\"hoyre-media-text__media\">\n\t\t\t\t<img loading=\"lazy\" decoding=\"async\" width=\"1024\" height=\"683\" src=\"https:\/\/hoyre.no\/content\/uploads\/sites\/308\/2023\/04\/568A6644-1024x683.jpg\" class=\"hoyre-media-text__media-image\" alt=\"\" style=\"--focal: 43% 38%;\" srcset=\"https:\/\/hoyre.no\/content\/uploads\/sites\/308\/2023\/04\/568A6644-1024x683.jpg 1024w, https:\/\/hoyre.no\/content\/uploads\/sites\/308\/2023\/04\/568A6644-300x200.jpg 300w, https:\/\/hoyre.no\/content\/uploads\/sites\/308\/2023\/04\/568A6644-768x512.jpg 768w, https:\/\/hoyre.no\/content\/uploads\/sites\/308\/2023\/04\/568A6644-1536x1025.jpg 1536w, https:\/\/hoyre.no\/content\/uploads\/sites\/308\/2023\/04\/568A6644-2048x1366.jpg 2048w\" sizes=\"auto, (max-width: 1024px) 100vw, 1024px\" \/>\n\t\t\t<\/div>\n\t\t\t<div class=\"hoyre-media-text__content\">\n\t\t\t\t<div class=\"hoyre-media-text__content-inner\">\n\t\t\t\t\t\n\t\t\t<div class=\"hoyre-media-text__title-container\">\n\t\t\t\t\n\t\t\t\t<h2 class=\"hoyre-media-text__title\">5 grunner til \u00e5 stemme H\u00f8yre i \u00d8ygarden<\/h2>\n\t\t\t<\/div>\n\t\t\t\n\t\t\t\t\t<div class=\"hoyre-media-text__blocks\">\n<p>Mye er bra i \u00d8ygarden, men mye kan ogs\u00e5 bli enda bedre.\u00a0H\u00f8yre g\u00e5r til valg p\u00e5 \u00e5 sikre bedre tjenester til innbyggerne, som en god og verdig eldreomsorg, gode skoler og barnehager, og en kommune som bidrar til vekst og verdiskaping. \u00d8ygarden kommune skal fortsette \u00e5 v\u00e6re en JA-kommune som heier p\u00e5 de som skaper arbeidsplasser og som vil utvikle kommunen videre.<\/p>\n<\/div>\n\t\t\t\t\t\n\t\t\t<div class=\"hoyre-media-text__buttons\">\n\t\t\t\t<a class=\"button\" href=\"https:\/\/hoyre.no\/oygarden\/5-grunner-til-a-stemme-hoyre-i-oygarden\/\">les mer<\/a>\n\t\t\t<\/div>\n\t\t\t\n\t\t\t\t<\/div>\n\t\t\t<\/div>\n\t\t<\/div>\n\t\t\n\n\n<div class=\"wp-block-teft-file icon-link-block\"><a href=\"https:\/\/hoyre.no\/content\/uploads\/sites\/308\/2023\/08\/Program-23-27-1.pdf\" download><span class=\"file-title\">V\u00e5rt valprogram for 2023-2027<\/span><\/a><\/div>\n","protected":false},"excerpt":{"rendered":"","protected":false},"author":31684,"featured_media":0,"parent":0,"menu_order":0,"comment_status":"closed","ping_status":"closed","template":"","meta":{"teft_cards_image_url":"","teft_cards_custom_pretitle":"","teft_cards_image_id":0,"teft_cards_image_focal_point_x":0,"teft_cards_image_focal_point_y":0,"teft_cards_title":"","teft_cards_excerpt":"","teft_show_chapters":false,"footnotes":""},"class_list":["post-66","page","type-page","status-publish","hentry"],"yoast_head":"<!-- This site is optimized with the Yoast SEO plugin v26.6 - https:\/\/yoast.com\/wordpress\/plugins\/seo\/ -->\n<title>Politikk - \u00d8ygarden H\u00f8gre<\/title>\n<meta name=\"robots\" content=\"index, follow, max-snippet:-1, max-image-preview:large, max-video-preview:-1\" \/>\n<link rel=\"canonical\" href=\"https:\/\/hoyre.no\/oygarden\/politikk\/\" \/>\n<meta property=\"og:locale\" content=\"nn_NO\" \/>\n<meta property=\"og:type\" content=\"article\" \/>\n<meta property=\"og:title\" content=\"Politikk - \u00d8ygarden H\u00f8gre\" \/>\n<meta property=\"og:url\" content=\"https:\/\/hoyre.no\/oygarden\/politikk\/\" \/>\n<meta property=\"og:site_name\" content=\"\u00d8ygarden H\u00f8gre\" \/>\n<meta property=\"article:modified_time\" content=\"2025-02-21T09:44:19+00:00\" \/>\n<meta property=\"og:image\" content=\"https:\/\/hoyre.no\/content\/uploads\/sites\/308\/2022\/11\/Hoyres-logo.png\" \/>\n\t<meta property=\"og:image:width\" content=\"1000\" \/>\n\t<meta property=\"og:image:height\" content=\"1000\" \/>\n\t<meta property=\"og:image:type\" content=\"image\/png\" \/>\n<meta name=\"twitter:card\" content=\"summary_large_image\" \/>\n<meta name=\"twitter:label1\" content=\"Est. reading time\" \/>\n\t<meta name=\"twitter:data1\" content=\"1 minutt\" \/>\n<script type=\"application\/ld+json\" class=\"yoast-schema-graph\">{\"@context\":\"https:\/\/schema.org\",\"@graph\":[{\"@type\":\"WebPage\",\"@id\":\"https:\/\/hoyre.no\/oygarden\/politikk\/\",\"url\":\"https:\/\/hoyre.no\/oygarden\/politikk\/\",\"name\":\"Politikk - \u00d8ygarden H\u00f8gre\",\"isPartOf\":{\"@id\":\"https:\/\/hoyre.no\/oygarden\/#website\"},\"datePublished\":\"2023-05-02T10:48:52+00:00\",\"dateModified\":\"2025-02-21T09:44:19+00:00\",\"breadcrumb\":{\"@id\":\"https:\/\/hoyre.no\/oygarden\/politikk\/#breadcrumb\"},\"inLanguage\":\"nn-NO\",\"potentialAction\":[{\"@type\":\"ReadAction\",\"target\":[\"https:\/\/hoyre.no\/oygarden\/politikk\/\"]}]},{\"@type\":\"BreadcrumbList\",\"@id\":\"https:\/\/hoyre.no\/oygarden\/politikk\/#breadcrumb\",\"itemListElement\":[{\"@type\":\"ListItem\",\"position\":1,\"name\":\"Til hoyre.no\",\"item\":\"https:\/\/hoyre.no\"},{\"@type\":\"ListItem\",\"position\":2,\"name\":\"Hjem\",\"item\":\"https:\/\/hoyre.no\/oygarden\/\"},{\"@type\":\"ListItem\",\"position\":3,\"name\":\"Politikk\"}]},{\"@type\":\"WebSite\",\"@id\":\"https:\/\/hoyre.no\/oygarden\/#website\",\"url\":\"https:\/\/hoyre.no\/oygarden\/\",\"name\":\"\u00d8ygarden H\u00f8gre\",\"description\":\"Bare enda et H\u00f8yres nettsteder-nettsted\",\"inLanguage\":\"nn-NO\"}]}<\/script>\n<!-- \/ Yoast SEO plugin. -->","yoast_head_json":{"title":"Politikk - \u00d8ygarden H\u00f8gre","robots":{"index":"index","follow":"follow","max-snippet":"max-snippet:-1","max-image-preview":"max-image-preview:large","max-video-preview":"max-video-preview:-1"},"canonical":"https:\/\/hoyre.no\/oygarden\/politikk\/","og_locale":"nn_NO","og_type":"article","og_title":"Politikk - \u00d8ygarden H\u00f8gre","og_url":"https:\/\/hoyre.no\/oygarden\/politikk\/","og_site_name":"\u00d8ygarden H\u00f8gre","article_modified_time":"2025-02-21T09:44:19+00:00","og_image":[{"width":1000,"height":1000,"url":"https:\/\/hoyre.no\/content\/uploads\/sites\/308\/2022\/11\/Hoyres-logo.png","type":"image\/png"}],"twitter_card":"summary_large_image","twitter_misc":{"Est. reading time":"1 minutt"},"schema":{"@context":"https:\/\/schema.org","@graph":[{"@type":"WebPage","@id":"https:\/\/hoyre.no\/oygarden\/politikk\/","url":"https:\/\/hoyre.no\/oygarden\/politikk\/","name":"Politikk - \u00d8ygarden H\u00f8gre","isPartOf":{"@id":"https:\/\/hoyre.no\/oygarden\/#website"},"datePublished":"2023-05-02T10:48:52+00:00","dateModified":"2025-02-21T09:44:19+00:00","breadcrumb":{"@id":"https:\/\/hoyre.no\/oygarden\/politikk\/#breadcrumb"},"inLanguage":"nn-NO","potentialAction":[{"@type":"ReadAction","target":["https:\/\/hoyre.no\/oygarden\/politikk\/"]}]},{"@type":"BreadcrumbList","@id":"https:\/\/hoyre.no\/oygarden\/politikk\/#breadcrumb","itemListElement":[{"@type":"ListItem","position":1,"name":"Til hoyre.no","item":"https:\/\/hoyre.no"},{"@type":"ListItem","position":2,"name":"Hjem","item":"https:\/\/hoyre.no\/oygarden\/"},{"@type":"ListItem","position":3,"name":"Politikk"}]},{"@type":"WebSite","@id":"https:\/\/hoyre.no\/oygarden\/#website","url":"https:\/\/hoyre.no\/oygarden\/","name":"\u00d8ygarden H\u00f8gre","description":"Bare enda et H\u00f8yres nettsteder-nettsted","inLanguage":"nn-NO"}]}},"distributor_meta":false,"distributor_terms":false,"distributor_media":false,"distributor_original_site_name":"\u00d8ygarden H\u00f8gre","distributor_original_site_url":"https:\/\/hoyre.no\/oygarden","push-errors":false,"_links":{"self":[{"href":"https:\/\/hoyre.no\/oygarden\/wp-json\/wp\/v2\/pages\/66","targetHints":{"allow":["GET"]}}],"collection":[{"href":"https:\/\/hoyre.no\/oygarden\/wp-json\/wp\/v2\/pages"}],"about":[{"href":"https:\/\/hoyre.no\/oygarden\/wp-json\/wp\/v2\/types\/page"}],"author":[{"embeddable":true,"href":"https:\/\/hoyre.no\/oygarden\/wp-json\/wp\/v2\/users\/31684"}],"replies":[{"embeddable":true,"href":"https:\/\/hoyre.no\/oygarden\/wp-json\/wp\/v2\/comments?post=66"}],"version-history":[{"count":4,"href":"https:\/\/hoyre.no\/oygarden\/wp-json\/wp\/v2\/pages\/66\/revisions"}],"predecessor-version":[{"id":179,"href":"https:\/\/hoyre.no\/oygarden\/wp-json\/wp\/v2\/pages\/66\/revisions\/179"}],"wp:attachment":[{"href":"https:\/\/hoyre.no\/oygarden\/wp-json\/wp\/v2\/media?parent=66"}],"curies":[{"name":"wp","href":"https:\/\/api.w.org\/{rel}","templated":true}]}}