{"id":24,"date":"2023-05-02T12:50:07","date_gmt":"2023-05-02T10:50:07","guid":{"rendered":"https:\/\/hoyre.no\/oystre-slidre\/?page_id=24"},"modified":"2023-07-28T13:43:51","modified_gmt":"2023-07-28T11:43:51","slug":"politikk","status":"publish","type":"page","link":"https:\/\/hoyre.no\/oystre-slidre\/politikk\/","title":{"rendered":"Politikk"},"content":{"rendered":"\n<div class=\"wp-block-hoyre-hero with-image-gradient text-color-light  alignfull has-background\"><div class=\"hoyre-hero \"><h1 class=\"title\">Politikk<\/h1><p class=\"preamble\"><em>\u00a0<\/em>H\u00f8yre har en visjon for fremtiden. \u00d8ystre Slidre H\u00f8gre vil styrke optimismen og livskraften hos hver enkelt og stimulere p\u00e5gangsmot, nytenking og felles innsats for \u00e5 skape et bedre og tryggere lokalsamfunn for alle.\u00a0<br><br>Vi vil jobbe for kunnskap og trivsel i skolen, kvalitet i omsorgen og forvaltning av ressursene og milj\u00f8et i kommunen v\u00e5r. Vi st\u00e5r for en helhetlig, langsiktig og ansvarlig politikk. H\u00f8yre er opptatt av virkelige l\u00f8sninger, p\u00e5 virkelige problemer, for virkelige mennesker.<br>\u00a0<br>Selv om mange har det bra i dag, er det fortsatt mye som kan bli bedre. Norge trenger nye ideer og bedre l\u00f8sninger. \u00d8ystre Slidre H\u00f8gre vil ta klimautfordringene p\u00e5 alvor med fokus p\u00e5 det gr\u00f8nne skiftet.<\/p><\/div><\/div>\n\n\n\n\n<div class=\"wp-block-teft-file icon-link-block\"><a href=\"https:\/\/hoyre.no\/content\/uploads\/sites\/377\/2023\/07\/Valgprogram-Oystre-Slidre.pdf\" download><span class=\"file-title\">Her kan du lese valgprogrammet v\u00e5rt for 2023-2027<\/span><span class=\"file-name\"><\/span><\/a><\/div>\n\n","protected":false},"excerpt":{"rendered":"","protected":false},"author":51320,"featured_media":0,"parent":0,"menu_order":0,"comment_status":"closed","ping_status":"closed","template":"","meta":{"teft_cards_image_url":"","teft_cards_custom_pretitle":"","teft_cards_image_id":0,"teft_cards_image_focal_point_x":0,"teft_cards_image_focal_point_y":0,"teft_cards_title":"","teft_cards_excerpt":"","teft_show_chapters":false,"footnotes":""},"class_list":["post-24","page","type-page","status-publish","hentry"],"yoast_head":"<!-- This site is optimized with the Yoast SEO plugin v26.6 - https:\/\/yoast.com\/wordpress\/plugins\/seo\/ -->\n<title>Politikk - \u00d8ystre Slidre H\u00f8gre<\/title>\n<meta name=\"robots\" content=\"index, follow, max-snippet:-1, max-image-preview:large, max-video-preview:-1\" \/>\n<link rel=\"canonical\" href=\"https:\/\/hoyre.no\/oystre-slidre\/politikk\/\" \/>\n<meta property=\"og:locale\" content=\"nb_NO\" \/>\n<meta property=\"og:type\" content=\"article\" \/>\n<meta property=\"og:title\" content=\"Politikk - \u00d8ystre Slidre H\u00f8gre\" \/>\n<meta property=\"og:url\" content=\"https:\/\/hoyre.no\/oystre-slidre\/politikk\/\" \/>\n<meta property=\"og:site_name\" content=\"\u00d8ystre Slidre H\u00f8gre\" \/>\n<meta property=\"article:modified_time\" content=\"2023-07-28T11:43:51+00:00\" \/>\n<meta property=\"og:image\" content=\"https:\/\/hoyre.no\/content\/uploads\/sites\/377\/2022\/11\/Hoyres-logo.png\" \/>\n\t<meta property=\"og:image:width\" content=\"1000\" \/>\n\t<meta property=\"og:image:height\" content=\"1000\" \/>\n\t<meta property=\"og:image:type\" content=\"image\/png\" \/>\n<meta name=\"twitter:card\" content=\"summary_large_image\" \/>\n<meta name=\"twitter:label1\" content=\"Ansl. lesetid\" \/>\n\t<meta name=\"twitter:data1\" content=\"1 minutt\" \/>\n<script type=\"application\/ld+json\" class=\"yoast-schema-graph\">{\"@context\":\"https:\/\/schema.org\",\"@graph\":[{\"@type\":\"WebPage\",\"@id\":\"https:\/\/hoyre.no\/oystre-slidre\/politikk\/\",\"url\":\"https:\/\/hoyre.no\/oystre-slidre\/politikk\/\",\"name\":\"Politikk - \u00d8ystre Slidre H\u00f8gre\",\"isPartOf\":{\"@id\":\"https:\/\/hoyre.no\/oystre-slidre\/#website\"},\"datePublished\":\"2023-05-02T10:50:07+00:00\",\"dateModified\":\"2023-07-28T11:43:51+00:00\",\"breadcrumb\":{\"@id\":\"https:\/\/hoyre.no\/oystre-slidre\/politikk\/#breadcrumb\"},\"inLanguage\":\"nb-NO\",\"potentialAction\":[{\"@type\":\"ReadAction\",\"target\":[\"https:\/\/hoyre.no\/oystre-slidre\/politikk\/\"]}]},{\"@type\":\"BreadcrumbList\",\"@id\":\"https:\/\/hoyre.no\/oystre-slidre\/politikk\/#breadcrumb\",\"itemListElement\":[{\"@type\":\"ListItem\",\"position\":1,\"name\":\"Til hoyre.no\",\"item\":\"https:\/\/hoyre.no\"},{\"@type\":\"ListItem\",\"position\":2,\"name\":\"Hjem\",\"item\":\"https:\/\/hoyre.no\/oystre-slidre\/\"},{\"@type\":\"ListItem\",\"position\":3,\"name\":\"Politikk\"}]},{\"@type\":\"WebSite\",\"@id\":\"https:\/\/hoyre.no\/oystre-slidre\/#website\",\"url\":\"https:\/\/hoyre.no\/oystre-slidre\/\",\"name\":\"\u00d8ystre Slidre H\u00f8gre\",\"description\":\"End\u00e5 ein H\u00f8yres nettsteder-nettstad\",\"inLanguage\":\"nb-NO\"}]}<\/script>\n<!-- \/ Yoast SEO plugin. -->","yoast_head_json":{"title":"Politikk - \u00d8ystre Slidre H\u00f8gre","robots":{"index":"index","follow":"follow","max-snippet":"max-snippet:-1","max-image-preview":"max-image-preview:large","max-video-preview":"max-video-preview:-1"},"canonical":"https:\/\/hoyre.no\/oystre-slidre\/politikk\/","og_locale":"nb_NO","og_type":"article","og_title":"Politikk - \u00d8ystre Slidre H\u00f8gre","og_url":"https:\/\/hoyre.no\/oystre-slidre\/politikk\/","og_site_name":"\u00d8ystre Slidre H\u00f8gre","article_modified_time":"2023-07-28T11:43:51+00:00","og_image":[{"width":1000,"height":1000,"url":"https:\/\/hoyre.no\/content\/uploads\/sites\/377\/2022\/11\/Hoyres-logo.png","type":"image\/png"}],"twitter_card":"summary_large_image","twitter_misc":{"Ansl. lesetid":"1 minutt"},"schema":{"@context":"https:\/\/schema.org","@graph":[{"@type":"WebPage","@id":"https:\/\/hoyre.no\/oystre-slidre\/politikk\/","url":"https:\/\/hoyre.no\/oystre-slidre\/politikk\/","name":"Politikk - \u00d8ystre Slidre H\u00f8gre","isPartOf":{"@id":"https:\/\/hoyre.no\/oystre-slidre\/#website"},"datePublished":"2023-05-02T10:50:07+00:00","dateModified":"2023-07-28T11:43:51+00:00","breadcrumb":{"@id":"https:\/\/hoyre.no\/oystre-slidre\/politikk\/#breadcrumb"},"inLanguage":"nb-NO","potentialAction":[{"@type":"ReadAction","target":["https:\/\/hoyre.no\/oystre-slidre\/politikk\/"]}]},{"@type":"BreadcrumbList","@id":"https:\/\/hoyre.no\/oystre-slidre\/politikk\/#breadcrumb","itemListElement":[{"@type":"ListItem","position":1,"name":"Til hoyre.no","item":"https:\/\/hoyre.no"},{"@type":"ListItem","position":2,"name":"Hjem","item":"https:\/\/hoyre.no\/oystre-slidre\/"},{"@type":"ListItem","position":3,"name":"Politikk"}]},{"@type":"WebSite","@id":"https:\/\/hoyre.no\/oystre-slidre\/#website","url":"https:\/\/hoyre.no\/oystre-slidre\/","name":"\u00d8ystre Slidre H\u00f8gre","description":"End\u00e5 ein H\u00f8yres nettsteder-nettstad","inLanguage":"nb-NO"}]}},"distributor_meta":false,"distributor_terms":false,"distributor_media":false,"distributor_original_site_name":"\u00d8ystre Slidre H\u00f8gre","distributor_original_site_url":"https:\/\/hoyre.no\/oystre-slidre","push-errors":false,"_links":{"self":[{"href":"https:\/\/hoyre.no\/oystre-slidre\/wp-json\/wp\/v2\/pages\/24","targetHints":{"allow":["GET"]}}],"collection":[{"href":"https:\/\/hoyre.no\/oystre-slidre\/wp-json\/wp\/v2\/pages"}],"about":[{"href":"https:\/\/hoyre.no\/oystre-slidre\/wp-json\/wp\/v2\/types\/page"}],"author":[{"embeddable":true,"href":"https:\/\/hoyre.no\/oystre-slidre\/wp-json\/wp\/v2\/users\/51320"}],"replies":[{"embeddable":true,"href":"https:\/\/hoyre.no\/oystre-slidre\/wp-json\/wp\/v2\/comments?post=24"}],"version-history":[{"count":3,"href":"https:\/\/hoyre.no\/oystre-slidre\/wp-json\/wp\/v2\/pages\/24\/revisions"}],"predecessor-version":[{"id":110,"href":"https:\/\/hoyre.no\/oystre-slidre\/wp-json\/wp\/v2\/pages\/24\/revisions\/110"}],"wp:attachment":[{"href":"https:\/\/hoyre.no\/oystre-slidre\/wp-json\/wp\/v2\/media?parent=24"}],"curies":[{"name":"wp","href":"https:\/\/api.w.org\/{rel}","templated":true}]}}