{"id":91,"date":"2023-07-17T10:41:15","date_gmt":"2023-07-17T08:41:15","guid":{"rendered":"https:\/\/hoyre.no\/oystre-slidre\/?page_id=91"},"modified":"2025-01-14T15:25:41","modified_gmt":"2025-01-14T14:25:41","slug":"7-gode-grunner-til-a-stemme-oystre-slidre-hogre","status":"publish","type":"page","link":"https:\/\/hoyre.no\/oystre-slidre\/7-gode-grunner-til-a-stemme-oystre-slidre-hogre\/","title":{"rendered":"7 gode grunner til \u00e5 stemme \u00d8ystre Slidre H\u00f8gre"},"content":{"rendered":"\n<div class=\"wp-block-hoyre-hero with-image-gradient text-color-light  has-media alignfull has-background\"><div class=\"hoyre-hero has-image\"><h1 class=\"title\"><br>7 gode grunner til \u00e5 stemme \u00d8ystre Slidre H\u00f8gre<\/h1><p class=\"preamble\">Her kan du lese mer om hjertesakene v\u00e5re.<\/p>\t\t\t<div class=\"post-meta wp-block teft-byline-wrapper\">\n\t\t\t\t<div class=\"top\">\n\t\t\t\t\t<div class=\"signature\">\n\t\t\t\t\t\t<div class=\"teft-byline\">\n\t\t\t\t\t\t\t\t\t\t\t\t\t\t<div>\n\t\t\t\t\t\t\t\t<h3>H\u00f8yres redaksjon<\/h3>\t\t\t\t\t\t\t\t\n\t\t\t\t\t\t\t\t\t\t\t\t\t\t\t\t\t<span class=\"date\">Sist oppdatert: 14. januar 2025<\/span>\n\t\t\t\t\t\t\t\t\t\t\t\t\t\t\t\t\t\t\t\t\t\t\t\t\t<span class=\"reading-time\" itemprop=\"timeRequired\" content=\"PT4M\"><em>Ca. 4 minutter lesetid<\/em><\/span>\n\t\t\t\t\t\t\t\t\t\t\t\t\t\t\t<\/div>\n\t\t\t\t\t\t<\/div>\n\t\t\t\t\t<\/div>\n\t\t\t\t\t\t<div class=\"sharing\">\n\t\t<a class=\"share-button share-link copy-link\" data-copy=\"https:\/\/hoyre.no\/oystre-slidre\/7-gode-grunner-til-a-stemme-oystre-slidre-hogre\/\" target=\"_blank\"><span class=\"screen-reader-text\">Del link<\/span><\/a>\n\t\t<a class=\"share-button share-twitter\" href=\"http:\/\/twitter.com\/share?text=7 gode grunner til \u00e5 stemme \u00d8ystre Slidre H\u00f8gre&#038;url=https:\/\/hoyre.no\/oystre-slidre\/7-gode-grunner-til-a-stemme-oystre-slidre-hogre\/&#038;hashtags=Hoyre\" target=\"_blank\"><span class=\"screen-reader-text\">Del p\u00e5 twitter<\/span><\/a>\n\t\t<a class=\"share-button share-facebook\" href=\"https:\/\/www.facebook.com\/sharer\/sharer.php?u=https:\/\/hoyre.no\/oystre-slidre\/7-gode-grunner-til-a-stemme-oystre-slidre-hogre\/\" target=\"_blank\"><span class=\"screen-reader-text\">Del p\u00e5 facebook<\/span><\/a>\n\t<\/div>\n\t\t\t\t\t<\/div>\n\t\t\t<\/div>\n\n\t\t\t<figure class=\"hoyre-image-wrapper\"><div class=\"hoyre-image\"><img loading=\"lazy\" decoding=\"async\" width=\"945\" height=\"709\" src=\"https:\/\/hoyre.no\/content\/uploads\/sites\/377\/2023\/06\/Hoyre-oSH-1.jpg\" class=\"attachment-scaled size-scaled\" alt=\"\" style=\"object-position: 50% 50%\" srcset=\"https:\/\/hoyre.no\/content\/uploads\/sites\/377\/2023\/06\/Hoyre-oSH-1.jpg 945w, https:\/\/hoyre.no\/content\/uploads\/sites\/377\/2023\/06\/Hoyre-oSH-1-300x225.jpg 300w, https:\/\/hoyre.no\/content\/uploads\/sites\/377\/2023\/06\/Hoyre-oSH-1-768x576.jpg 768w\" sizes=\"auto, (max-width: 945px) 100vw, 945px\" \/><\/div><\/figure><\/div><\/div>\n\n\n\n\n<h3 class=\"wp-block-heading\">1. \u00d8kt satsing p\u00e5 skolen<\/h3>\n\n\n\n\n<p>Skolen skal v\u00e6re en friplass for alle barn, med fokus p\u00e5 mestring og l\u00e6ring. De siste \u00e5rene har det v\u00e6rt flere saker som omhandler skolen i \u00d8ystre Slidre. Mest nylig ang\u00e5ende spr\u00e5kbruk og u\u00f8nsket adferd som stjeler mye tid fra l\u00e6rerne, som igjen fjerner fokus fra l\u00e6ring og mestring. \u00d8ystre Slidre H\u00f8gre \u00f8nsker \u00f8kt satsning p\u00e5 skolen for at skolehverdagen skal bli bedre, for b\u00e5de ansatte og elever. Da m\u00e5 vi sette av nok midler til \u00e5 satse p\u00e5 l\u00e6reren, sikre oppdatert l\u00e6reverk og tilby mer praktisk l\u00e6ring. Slik f\u00e5r vi en bedre skole som i st\u00f8rre grad motiverer elevene v\u00e5re. H\u00f8yre \u00f8nsker st\u00f8rre fokus p\u00e5 hverdagsrasisme. Elever fra andre deler av verden skal oppleve skolen, og lokalsamfunnet ellers, som trygt og inkluderende.<\/p>\n\n\n\n<figure class=\"wp-block-image size-large\"><img loading=\"lazy\" decoding=\"async\" width=\"1024\" height=\"683\" src=\"https:\/\/hoyre.no\/content\/uploads\/sites\/377\/2023\/06\/GettyImages-1358014313-1024x683.jpg\" alt=\"\" class=\"wp-image-56\" srcset=\"https:\/\/hoyre.no\/content\/uploads\/sites\/377\/2023\/06\/GettyImages-1358014313-1024x683.jpg 1024w, https:\/\/hoyre.no\/content\/uploads\/sites\/377\/2023\/06\/GettyImages-1358014313-300x200.jpg 300w, https:\/\/hoyre.no\/content\/uploads\/sites\/377\/2023\/06\/GettyImages-1358014313-768x512.jpg 768w, https:\/\/hoyre.no\/content\/uploads\/sites\/377\/2023\/06\/GettyImages-1358014313-1536x1024.jpg 1536w, https:\/\/hoyre.no\/content\/uploads\/sites\/377\/2023\/06\/GettyImages-1358014313-2048x1365.jpg 2048w\" sizes=\"auto, (max-width: 1024px) 100vw, 1024px\" \/><\/figure>\n\n\n\n<h3 class=\"wp-block-heading\"><strong>2. Det skal v\u00e6re trygt \u00e5 bli eldre i \u00d8ystre Slidre<\/strong><\/h3>\n\n\n\n<p>H\u00f8yre \u00f8nsker et aldersvennlig lokalsamfunn. Det betyr at kommunen m\u00e5 legge til rette for en aktiv alderdom og utvikle tjenestetilbudet slik at eldre kan bo hjemme s\u00e5 lenge de \u00f8nsker, samtidig som vi skal satse p\u00e5 \u00e5 utvikle helsetunet videre. Pleietrengende eldre skal m\u00f8te en kompetent helsetjeneste, f\u00e5 n\u00e6ringsrik, god mat og riktig medisinbruk. Ny velferdsteknologi er n\u00f8dvendig og vil v\u00e6re et supplement til varme hender, men aldri en erstatning.\u00a0<\/p>\n\n\n\n<figure class=\"wp-block-image size-large\"><img loading=\"lazy\" decoding=\"async\" width=\"1024\" height=\"683\" src=\"https:\/\/hoyre.no\/content\/uploads\/sites\/377\/2023\/06\/GettyImages-512098822-1024x683.jpg\" alt=\"\" class=\"wp-image-57\" srcset=\"https:\/\/hoyre.no\/content\/uploads\/sites\/377\/2023\/06\/GettyImages-512098822-1024x683.jpg 1024w, https:\/\/hoyre.no\/content\/uploads\/sites\/377\/2023\/06\/GettyImages-512098822-300x200.jpg 300w, https:\/\/hoyre.no\/content\/uploads\/sites\/377\/2023\/06\/GettyImages-512098822-768x512.jpg 768w, https:\/\/hoyre.no\/content\/uploads\/sites\/377\/2023\/06\/GettyImages-512098822-1536x1024.jpg 1536w, https:\/\/hoyre.no\/content\/uploads\/sites\/377\/2023\/06\/GettyImages-512098822-2048x1365.jpg 2048w\" sizes=\"auto, (max-width: 1024px) 100vw, 1024px\" \/><\/figure>\n\n\n\n<h3 class=\"wp-block-heading\"><strong>3. P\u00e5 lag med de som skaper jobber&nbsp;<\/strong><\/h3>\n\n\n\n<p>Gode lokalsamfunn krever sterke bedrifter. Det bidrar til b\u00e5de arbeidsplasser og velstand. \u00d8ystre Slidre H\u00f8gre \u00f8nsker en tett dialog med n\u00e6ringslivet og lytte til de behovene bedriftene har. Enten det handler om \u00e5 f\u00e5 tilgang p\u00e5 kvalifisert arbeidskraft, areal eller en mer effektiv saksbehandling.&nbsp;Forutsigbarhet og langsiktig tenkning er grunnlaget for god n\u00e6ringsaktivitet.<\/p>\n\n\n\n<figure class=\"wp-block-image size-large\"><img loading=\"lazy\" decoding=\"async\" width=\"1024\" height=\"683\" src=\"https:\/\/hoyre.no\/content\/uploads\/sites\/377\/2023\/06\/GettyImages-490607422-1024x683.jpg\" alt=\"\" class=\"wp-image-58\" srcset=\"https:\/\/hoyre.no\/content\/uploads\/sites\/377\/2023\/06\/GettyImages-490607422-1024x683.jpg 1024w, https:\/\/hoyre.no\/content\/uploads\/sites\/377\/2023\/06\/GettyImages-490607422-300x200.jpg 300w, https:\/\/hoyre.no\/content\/uploads\/sites\/377\/2023\/06\/GettyImages-490607422-768x512.jpg 768w, https:\/\/hoyre.no\/content\/uploads\/sites\/377\/2023\/06\/GettyImages-490607422-1536x1024.jpg 1536w, https:\/\/hoyre.no\/content\/uploads\/sites\/377\/2023\/06\/GettyImages-490607422-2048x1365.jpg 2048w\" sizes=\"auto, (max-width: 1024px) 100vw, 1024px\" \/><\/figure>\n\n\n\n<h3 class=\"wp-block-heading\"><strong>4. Bedre psykisk helsehjelp&nbsp;<\/strong><\/h3>\n\n\n\n<p>Ventetiden for hjelp innenfor psykiatrien er for lang. Du skal f\u00e5 hjelp n\u00e5r du trenger det, f\u00f8r sm\u00e5 problemer vokser seg store. Dette krever gode, lett tilgjengelige tilbud med kort ventetid. H\u00f8yre vil prioritere midler til flere lavterskeltilbud for denne gruppen og ser sv\u00e6rt positivt p\u00e5 sosiale tilbud som \u00abHerrer\u00bb og \u00abMekkeverksted\u00bb.&nbsp;<\/p>\n\n\n\n<figure class=\"wp-block-image size-large\"><img loading=\"lazy\" decoding=\"async\" width=\"1024\" height=\"683\" src=\"https:\/\/hoyre.no\/content\/uploads\/sites\/377\/2023\/06\/GettyImages-1063392686-1024x683.jpg\" alt=\"\" class=\"wp-image-59\" srcset=\"https:\/\/hoyre.no\/content\/uploads\/sites\/377\/2023\/06\/GettyImages-1063392686-1024x683.jpg 1024w, https:\/\/hoyre.no\/content\/uploads\/sites\/377\/2023\/06\/GettyImages-1063392686-300x200.jpg 300w, https:\/\/hoyre.no\/content\/uploads\/sites\/377\/2023\/06\/GettyImages-1063392686-768x512.jpg 768w, https:\/\/hoyre.no\/content\/uploads\/sites\/377\/2023\/06\/GettyImages-1063392686-1536x1024.jpg 1536w, https:\/\/hoyre.no\/content\/uploads\/sites\/377\/2023\/06\/GettyImages-1063392686-2048x1365.jpg 2048w\" sizes=\"auto, (max-width: 1024px) 100vw, 1024px\" \/><\/figure>\n\n\n\n<h3 class=\"wp-block-heading\"><strong>5. Fritidstilbud for alle<\/strong><\/h3>\n\n\n\n<p>Vi i H\u00f8yre skal alltid v\u00e6re positive til initiativ fra frivilligheten. Et bredt idretts- og aktivitetstilbud sikrer muligheter til bevegelse og engasjement, bidrar til integrering og fremmer god helse. Da m\u00e5 det v\u00e6re enkelt \u00e5 etablere og drive aktiviteter. \u00d8ystre Slidre skal v\u00e6re en ja-kommune for lag og foreninger. Alle skal videre ha like muligheter til \u00e5 delta, uavhengig av sosio\u00f8konomisk status.&nbsp;<\/p>\n\n\n\n<figure class=\"wp-block-image size-large\"><img loading=\"lazy\" decoding=\"async\" width=\"1024\" height=\"683\" src=\"https:\/\/hoyre.no\/content\/uploads\/sites\/377\/2023\/06\/GettyImages-626964604-1024x683.jpg\" alt=\"\" class=\"wp-image-61\" srcset=\"https:\/\/hoyre.no\/content\/uploads\/sites\/377\/2023\/06\/GettyImages-626964604-1024x683.jpg 1024w, https:\/\/hoyre.no\/content\/uploads\/sites\/377\/2023\/06\/GettyImages-626964604-300x200.jpg 300w, https:\/\/hoyre.no\/content\/uploads\/sites\/377\/2023\/06\/GettyImages-626964604-768x512.jpg 768w, https:\/\/hoyre.no\/content\/uploads\/sites\/377\/2023\/06\/GettyImages-626964604-1536x1024.jpg 1536w, https:\/\/hoyre.no\/content\/uploads\/sites\/377\/2023\/06\/GettyImages-626964604-2048x1365.jpg 2048w\" sizes=\"auto, (max-width: 1024px) 100vw, 1024px\" \/><\/figure>\n\n\n\n<h3 class=\"wp-block-heading\"><strong>6. Gj\u00f8re \u00d8ystre Slidre til et attraktivt bosted&nbsp;<\/strong><\/h3>\n\n\n\n<p>Vi vil legge til rette for boligbygging i hele kommunen.&nbsp; Boligordninger som \u00ableie til eie\u00bb er viktig for de som mangler egenkapital til \u00e5 komme seg inn p\u00e5 boligmarkedet. Vi m\u00e5 stimulere til \u00f8kt boligbygging og \u00f8nsker at kommunen skal fremst\u00e5 som en samarbeidspartner, ikke en begrensning som gj\u00f8r det vanskeligere \u00e5 bygge med strenge reguleringsplaner.<\/p>\n\n\n\n<figure class=\"wp-block-image size-large\"><img loading=\"lazy\" decoding=\"async\" width=\"1024\" height=\"683\" src=\"https:\/\/hoyre.no\/content\/uploads\/sites\/377\/2023\/06\/GettyImages-621350462-1024x683.jpg\" alt=\"\" class=\"wp-image-64\" srcset=\"https:\/\/hoyre.no\/content\/uploads\/sites\/377\/2023\/06\/GettyImages-621350462-1024x683.jpg 1024w, https:\/\/hoyre.no\/content\/uploads\/sites\/377\/2023\/06\/GettyImages-621350462-300x200.jpg 300w, https:\/\/hoyre.no\/content\/uploads\/sites\/377\/2023\/06\/GettyImages-621350462-768x512.jpg 768w, https:\/\/hoyre.no\/content\/uploads\/sites\/377\/2023\/06\/GettyImages-621350462-1536x1024.jpg 1536w, https:\/\/hoyre.no\/content\/uploads\/sites\/377\/2023\/06\/GettyImages-621350462-2048x1365.jpg 2048w\" sizes=\"auto, (max-width: 1024px) 100vw, 1024px\" \/><\/figure>\n\n\n\n<h3 class=\"wp-block-heading\"><strong>7. Holde niv\u00e5et p\u00e5 eiendomsskatt og kommunale avgifter nede<\/strong><\/h3>\n\n\n\n<p>Ett av H\u00f8yres viktigste valgl\u00f8fter denne valgkampen er at niv\u00e5et p\u00e5 eiendomsskatt og kommunale avgifter skal holdes nede.&nbsp;Mange f\u00f8ler p\u00e5 en stor usikkerhet rundt egen \u00f8konomi eller for sine n\u00e6rmeste. N\u00e5r det meste blir dyrere og renten \u00f8ker, er det v\u00e5r jobb som politikere \u00e5 prioritere bedre slik at ikke folk og familier m\u00e5 plukke opp regningen gjennom \u00f8kte skatter og avgifter.&nbsp;M\u00e5let v\u00e5rt er \u00e5 gi folk og barnefamilier en mindre regning \u00e5 tenke p\u00e5, slik at de selv kan prioritere hva de vil bruke sine penger p\u00e5.&nbsp;<\/p>\n\n\n\n<figure class=\"wp-block-image size-large\"><img loading=\"lazy\" decoding=\"async\" width=\"1024\" height=\"683\" src=\"https:\/\/hoyre.no\/content\/uploads\/sites\/377\/2023\/06\/GettyImages-1229882090-1024x683.jpg\" alt=\"\" class=\"wp-image-63\" srcset=\"https:\/\/hoyre.no\/content\/uploads\/sites\/377\/2023\/06\/GettyImages-1229882090-1024x683.jpg 1024w, https:\/\/hoyre.no\/content\/uploads\/sites\/377\/2023\/06\/GettyImages-1229882090-300x200.jpg 300w, https:\/\/hoyre.no\/content\/uploads\/sites\/377\/2023\/06\/GettyImages-1229882090-768x512.jpg 768w, https:\/\/hoyre.no\/content\/uploads\/sites\/377\/2023\/06\/GettyImages-1229882090-1536x1024.jpg 1536w, https:\/\/hoyre.no\/content\/uploads\/sites\/377\/2023\/06\/GettyImages-1229882090-2048x1365.jpg 2048w\" sizes=\"auto, (max-width: 1024px) 100vw, 1024px\" \/><\/figure>\n\n\n\n<p><\/p>\n\n\n\n<h3 class=\"wp-block-heading\"><\/h3>\n\n\n\n\n<p><\/p>\n\n","protected":false},"excerpt":{"rendered":"<p>Skolen skal v\u00e6re en friplass for alle barn, med fokus p\u00e5 mestring og l\u00e6ring. De siste \u00e5rene har det v\u00e6rt flere saker som omhandler skolen i \u00d8ystre Slidre. Mest nylig ang\u00e5ende spr\u00e5kbruk og u\u00f8nsket adferd som stjeler mye tid fra l\u00e6rerne, som igjen fjerner fokus fra l\u00e6ring og mestring. \u00d8ystre Slidre H\u00f8gre \u00f8nsker \u00f8kt satsning [&hellip;]<\/p>\n","protected":false},"author":25892,"featured_media":0,"parent":0,"menu_order":0,"comment_status":"closed","ping_status":"closed","template":"","meta":{"teft_cards_image_url":"","teft_cards_custom_pretitle":"","teft_cards_image_id":0,"teft_cards_image_focal_point_x":0,"teft_cards_image_focal_point_y":0,"teft_cards_title":"","teft_cards_excerpt":"","teft_show_chapters":false,"footnotes":""},"class_list":["post-91","page","type-page","status-publish","hentry"],"yoast_head":"<!-- This site is optimized with the Yoast SEO plugin v26.6 - https:\/\/yoast.com\/wordpress\/plugins\/seo\/ -->\n<title>7 gode grunner til \u00e5 stemme \u00d8ystre Slidre H\u00f8gre - \u00d8ystre Slidre H\u00f8gre<\/title>\n<meta name=\"description\" content=\"Her er 7 gode grunner til hvorfor du b\u00f8r stemme H\u00f8yre i \u00d8stre Slidre kommune.\" \/>\n<meta name=\"robots\" content=\"index, follow, max-snippet:-1, max-image-preview:large, max-video-preview:-1\" \/>\n<link rel=\"canonical\" href=\"https:\/\/hoyre.no\/oystre-slidre\/7-gode-grunner-til-a-stemme-oystre-slidre-hogre\/\" \/>\n<meta property=\"og:locale\" content=\"nb_NO\" \/>\n<meta property=\"og:type\" content=\"article\" \/>\n<meta property=\"og:title\" content=\"7 gode grunner til \u00e5 stemme \u00d8ystre Slidre H\u00f8gre - \u00d8ystre Slidre H\u00f8gre\" \/>\n<meta property=\"og:description\" content=\"Her er 7 gode grunner til hvorfor du b\u00f8r stemme H\u00f8yre i \u00d8stre Slidre kommune.\" \/>\n<meta property=\"og:url\" content=\"https:\/\/hoyre.no\/oystre-slidre\/7-gode-grunner-til-a-stemme-oystre-slidre-hogre\/\" \/>\n<meta property=\"og:site_name\" content=\"\u00d8ystre Slidre H\u00f8gre\" \/>\n<meta property=\"article:modified_time\" content=\"2025-01-14T14:25:41+00:00\" \/>\n<meta property=\"og:image\" content=\"https:\/\/hoyre.no\/content\/uploads\/sites\/377\/2023\/06\/GettyImages-1358014313-1024x683.jpg\" \/>\n<meta name=\"twitter:card\" content=\"summary_large_image\" \/>\n<meta name=\"twitter:label1\" content=\"Ansl. lesetid\" \/>\n\t<meta name=\"twitter:data1\" content=\"5 minutter\" \/>\n<script type=\"application\/ld+json\" class=\"yoast-schema-graph\">{\"@context\":\"https:\/\/schema.org\",\"@graph\":[{\"@type\":\"WebPage\",\"@id\":\"https:\/\/hoyre.no\/oystre-slidre\/7-gode-grunner-til-a-stemme-oystre-slidre-hogre\/\",\"url\":\"https:\/\/hoyre.no\/oystre-slidre\/7-gode-grunner-til-a-stemme-oystre-slidre-hogre\/\",\"name\":\"7 gode grunner til \u00e5 stemme \u00d8ystre Slidre H\u00f8gre - \u00d8ystre Slidre H\u00f8gre\",\"isPartOf\":{\"@id\":\"https:\/\/hoyre.no\/oystre-slidre\/#website\"},\"image\":{\"@id\":\"https:\/\/hoyre.no\/oystre-slidre\/7-gode-grunner-til-a-stemme-oystre-slidre-hogre\/#primaryimage\"},\"thumbnailUrl\":\"https:\/\/hoyre.no\/content\/uploads\/sites\/377\/2023\/06\/GettyImages-1358014313-1024x683.jpg\",\"datePublished\":\"2023-07-17T08:41:15+00:00\",\"dateModified\":\"2025-01-14T14:25:41+00:00\",\"description\":\"Her er 7 gode grunner til hvorfor du b\u00f8r stemme H\u00f8yre i \u00d8stre Slidre kommune.\",\"breadcrumb\":{\"@id\":\"https:\/\/hoyre.no\/oystre-slidre\/7-gode-grunner-til-a-stemme-oystre-slidre-hogre\/#breadcrumb\"},\"inLanguage\":\"nb-NO\",\"potentialAction\":[{\"@type\":\"ReadAction\",\"target\":[\"https:\/\/hoyre.no\/oystre-slidre\/7-gode-grunner-til-a-stemme-oystre-slidre-hogre\/\"]}]},{\"@type\":\"ImageObject\",\"inLanguage\":\"nb-NO\",\"@id\":\"https:\/\/hoyre.no\/oystre-slidre\/7-gode-grunner-til-a-stemme-oystre-slidre-hogre\/#primaryimage\",\"url\":\"https:\/\/hoyre.no\/content\/uploads\/sites\/377\/2023\/06\/GettyImages-1358014313-1024x683.jpg\",\"contentUrl\":\"https:\/\/hoyre.no\/content\/uploads\/sites\/377\/2023\/06\/GettyImages-1358014313-1024x683.jpg\"},{\"@type\":\"BreadcrumbList\",\"@id\":\"https:\/\/hoyre.no\/oystre-slidre\/7-gode-grunner-til-a-stemme-oystre-slidre-hogre\/#breadcrumb\",\"itemListElement\":[{\"@type\":\"ListItem\",\"position\":1,\"name\":\"Til hoyre.no\",\"item\":\"https:\/\/hoyre.no\"},{\"@type\":\"ListItem\",\"position\":2,\"name\":\"Hjem\",\"item\":\"https:\/\/hoyre.no\/oystre-slidre\/\"},{\"@type\":\"ListItem\",\"position\":3,\"name\":\"7 gode grunner til \u00e5 stemme \u00d8ystre Slidre H\u00f8gre\"}]},{\"@type\":\"WebSite\",\"@id\":\"https:\/\/hoyre.no\/oystre-slidre\/#website\",\"url\":\"https:\/\/hoyre.no\/oystre-slidre\/\",\"name\":\"\u00d8ystre Slidre H\u00f8gre\",\"description\":\"End\u00e5 ein H\u00f8yres nettsteder-nettstad\",\"inLanguage\":\"nb-NO\"}]}<\/script>\n<!-- \/ Yoast SEO plugin. -->","yoast_head_json":{"title":"7 gode grunner til \u00e5 stemme \u00d8ystre Slidre H\u00f8gre - \u00d8ystre Slidre H\u00f8gre","description":"Her er 7 gode grunner til hvorfor du b\u00f8r stemme H\u00f8yre i \u00d8stre Slidre kommune.","robots":{"index":"index","follow":"follow","max-snippet":"max-snippet:-1","max-image-preview":"max-image-preview:large","max-video-preview":"max-video-preview:-1"},"canonical":"https:\/\/hoyre.no\/oystre-slidre\/7-gode-grunner-til-a-stemme-oystre-slidre-hogre\/","og_locale":"nb_NO","og_type":"article","og_title":"7 gode grunner til \u00e5 stemme \u00d8ystre Slidre H\u00f8gre - \u00d8ystre Slidre H\u00f8gre","og_description":"Her er 7 gode grunner til hvorfor du b\u00f8r stemme H\u00f8yre i \u00d8stre Slidre kommune.","og_url":"https:\/\/hoyre.no\/oystre-slidre\/7-gode-grunner-til-a-stemme-oystre-slidre-hogre\/","og_site_name":"\u00d8ystre Slidre H\u00f8gre","article_modified_time":"2025-01-14T14:25:41+00:00","og_image":[{"url":"https:\/\/hoyre.no\/content\/uploads\/sites\/377\/2023\/06\/GettyImages-1358014313-1024x683.jpg","type":"","width":"","height":""}],"twitter_card":"summary_large_image","twitter_misc":{"Ansl. lesetid":"5 minutter"},"schema":{"@context":"https:\/\/schema.org","@graph":[{"@type":"WebPage","@id":"https:\/\/hoyre.no\/oystre-slidre\/7-gode-grunner-til-a-stemme-oystre-slidre-hogre\/","url":"https:\/\/hoyre.no\/oystre-slidre\/7-gode-grunner-til-a-stemme-oystre-slidre-hogre\/","name":"7 gode grunner til \u00e5 stemme \u00d8ystre Slidre H\u00f8gre - \u00d8ystre Slidre H\u00f8gre","isPartOf":{"@id":"https:\/\/hoyre.no\/oystre-slidre\/#website"},"image":{"@id":"https:\/\/hoyre.no\/oystre-slidre\/7-gode-grunner-til-a-stemme-oystre-slidre-hogre\/#primaryimage"},"thumbnailUrl":"https:\/\/hoyre.no\/content\/uploads\/sites\/377\/2023\/06\/GettyImages-1358014313-1024x683.jpg","datePublished":"2023-07-17T08:41:15+00:00","dateModified":"2025-01-14T14:25:41+00:00","description":"Her er 7 gode grunner til hvorfor du b\u00f8r stemme H\u00f8yre i \u00d8stre Slidre kommune.","breadcrumb":{"@id":"https:\/\/hoyre.no\/oystre-slidre\/7-gode-grunner-til-a-stemme-oystre-slidre-hogre\/#breadcrumb"},"inLanguage":"nb-NO","potentialAction":[{"@type":"ReadAction","target":["https:\/\/hoyre.no\/oystre-slidre\/7-gode-grunner-til-a-stemme-oystre-slidre-hogre\/"]}]},{"@type":"ImageObject","inLanguage":"nb-NO","@id":"https:\/\/hoyre.no\/oystre-slidre\/7-gode-grunner-til-a-stemme-oystre-slidre-hogre\/#primaryimage","url":"https:\/\/hoyre.no\/content\/uploads\/sites\/377\/2023\/06\/GettyImages-1358014313-1024x683.jpg","contentUrl":"https:\/\/hoyre.no\/content\/uploads\/sites\/377\/2023\/06\/GettyImages-1358014313-1024x683.jpg"},{"@type":"BreadcrumbList","@id":"https:\/\/hoyre.no\/oystre-slidre\/7-gode-grunner-til-a-stemme-oystre-slidre-hogre\/#breadcrumb","itemListElement":[{"@type":"ListItem","position":1,"name":"Til hoyre.no","item":"https:\/\/hoyre.no"},{"@type":"ListItem","position":2,"name":"Hjem","item":"https:\/\/hoyre.no\/oystre-slidre\/"},{"@type":"ListItem","position":3,"name":"7 gode grunner til \u00e5 stemme \u00d8ystre Slidre H\u00f8gre"}]},{"@type":"WebSite","@id":"https:\/\/hoyre.no\/oystre-slidre\/#website","url":"https:\/\/hoyre.no\/oystre-slidre\/","name":"\u00d8ystre Slidre H\u00f8gre","description":"End\u00e5 ein H\u00f8yres nettsteder-nettstad","inLanguage":"nb-NO"}]}},"distributor_meta":false,"distributor_terms":false,"distributor_media":false,"distributor_original_site_name":"\u00d8ystre Slidre H\u00f8gre","distributor_original_site_url":"https:\/\/hoyre.no\/oystre-slidre","push-errors":false,"_links":{"self":[{"href":"https:\/\/hoyre.no\/oystre-slidre\/wp-json\/wp\/v2\/pages\/91","targetHints":{"allow":["GET"]}}],"collection":[{"href":"https:\/\/hoyre.no\/oystre-slidre\/wp-json\/wp\/v2\/pages"}],"about":[{"href":"https:\/\/hoyre.no\/oystre-slidre\/wp-json\/wp\/v2\/types\/page"}],"author":[{"embeddable":true,"href":"https:\/\/hoyre.no\/oystre-slidre\/wp-json\/wp\/v2\/users\/25892"}],"replies":[{"embeddable":true,"href":"https:\/\/hoyre.no\/oystre-slidre\/wp-json\/wp\/v2\/comments?post=91"}],"version-history":[{"count":3,"href":"https:\/\/hoyre.no\/oystre-slidre\/wp-json\/wp\/v2\/pages\/91\/revisions"}],"predecessor-version":[{"id":121,"href":"https:\/\/hoyre.no\/oystre-slidre\/wp-json\/wp\/v2\/pages\/91\/revisions\/121"}],"wp:attachment":[{"href":"https:\/\/hoyre.no\/oystre-slidre\/wp-json\/wp\/v2\/media?parent=91"}],"curies":[{"name":"wp","href":"https:\/\/api.w.org\/{rel}","templated":true}]}}