{"id":194,"date":"2022-10-07T23:09:33","date_gmt":"2022-10-07T21:09:33","guid":{"rendered":"https:\/\/hoyre.no\/porsgrunn\/?page_id=194"},"modified":"2024-10-20T13:52:42","modified_gmt":"2024-10-20T11:52:42","slug":"unge-hoyre","status":"publish","type":"page","link":"https:\/\/hoyre.no\/porsgrunn\/unge-hoyre\/","title":{"rendered":"Unge H\u00f8yre"},"content":{"rendered":"\n<div class=\"wp-block-hoyre-hero with-image-gradient text-color-light  has-media alignfull has-background\"><div class=\"hoyre-hero has-image\"><h1 class=\"title\">Unge H\u00f8yre i Porsgrunn<\/h1><p class=\"preamble\">P\u00e5 denne siden finner du informasjon om Unge H\u00f8yre i Porsgrunn.<\/p>\t\t\t<div class=\"post-meta wp-block teft-byline-wrapper\">\n\t\t\t\t<div class=\"top\">\n\t\t\t\t\t<div class=\"signature\">\n\t\t\t\t\t\t<div class=\"teft-byline\">\n\t\t\t\t\t\t\t\t\t\t\t\t\t\t<div>\n\t\t\t\t\t\t\t\t<h3>H\u00f8yres redaksjon<\/h3>\t\t\t\t\t\t\t\t\n\t\t\t\t\t\t\t\t\t\t\t\t\t\t\t\t\t<span class=\"date\">Sist oppdatert: 20. oktober 2024<\/span>\n\t\t\t\t\t\t\t\t\t\t\t\t\t\t\t\t\t\t\t\t\t\t\t\t\t<span class=\"reading-time\" itemprop=\"timeRequired\" content=\"PT1M\"><em>Ca. 1 minutter lesetid<\/em><\/span>\n\t\t\t\t\t\t\t\t\t\t\t\t\t\t\t<\/div>\n\t\t\t\t\t\t<\/div>\n\t\t\t\t\t<\/div>\n\t\t\t\t\t\t<div class=\"sharing\">\n\t\t<a class=\"share-button share-link copy-link\" data-copy=\"https:\/\/hoyre.no\/porsgrunn\/unge-hoyre\/\" target=\"_blank\"><span class=\"screen-reader-text\">Del link<\/span><\/a>\n\t\t<a class=\"share-button share-twitter\" href=\"http:\/\/twitter.com\/share?text=Unge H\u00f8yre&#038;url=https:\/\/hoyre.no\/porsgrunn\/unge-hoyre\/&#038;hashtags=Hoyre\" target=\"_blank\"><span class=\"screen-reader-text\">Del p\u00e5 twitter<\/span><\/a>\n\t\t<a class=\"share-button share-facebook\" href=\"https:\/\/www.facebook.com\/sharer\/sharer.php?u=https:\/\/hoyre.no\/porsgrunn\/unge-hoyre\/\" target=\"_blank\"><span class=\"screen-reader-text\">Del p\u00e5 facebook<\/span><\/a>\n\t<\/div>\n\t\t\t\t\t<\/div>\n\t\t\t<\/div>\n\n\t\t\t<figure class=\"hoyre-image-wrapper\"><div class=\"hoyre-image\"><img loading=\"lazy\" decoding=\"async\" width=\"720\" height=\"921\" src=\"https:\/\/hoyre.no\/content\/uploads\/sites\/360\/2022\/10\/ST_H\u251c\u00a9yrebla\u2560e.png\" class=\"attachment-scaled size-scaled\" alt=\"\" style=\"object-position: 51% 14.000000000000002%\" srcset=\"https:\/\/hoyre.no\/content\/uploads\/sites\/360\/2022\/10\/ST_H\u251c\u00a9yrebla\u2560e.png 720w, https:\/\/hoyre.no\/content\/uploads\/sites\/360\/2022\/10\/ST_H\u251c\u00a9yrebla\u2560e-235x300.png 235w\" sizes=\"auto, (max-width: 720px) 100vw, 720px\" \/><\/div><\/figure><\/div><\/div>\n\n\n\n\n<p><\/p>\n\n\n\n<h2 class=\"wp-block-heading\">Styret 2024-2025<\/h2>\n\n\n\n<p>Valgt p\u00e5 \u00e5rsm\u00f8tet 26.09.2024<\/p>\n\n\n\n<figure class=\"wp-block-table\"><table><thead><tr><th>Verv<\/th><th>Navn<\/th><th>Telefon<\/th><\/tr><\/thead><tbody><tr><td>Leder<\/td><td>Jonas Michelsen Henriksen<\/td><td>903 66 195<\/td><\/tr><tr><td>Nestleder<\/td><td>Yuri Petukhov<\/td><td>453 38 480<\/td><\/tr><tr><td>Styremedlem<\/td><td>Margit Bjerketvedt Farahmand<\/td><td>459 73 480<\/td><\/tr><tr><td>Styremedlem<\/td><td>Oliwier Maksymiliam Florczak<\/td><td>463 85 095<\/td><\/tr><\/tbody><\/table><\/figure>\n\n\n\n<div class=\"wp-block-buttons is-content-justification-center is-layout-flex wp-container-core-buttons-is-layout-16018d1d wp-block-buttons-is-layout-flex\">\n<div class=\"wp-block-button\"><a class=\"wp-block-button__link wp-element-button\" href=\"https:\/\/ungehoyre.no\/unge-hoyre-der-du-bor\/vestfold-og-telemark\/\" target=\"_blank\" rel=\"noreferrer noopener\">Vestfold og telemark unge h\u00f8yre<\/a><\/div>\n<\/div>\n\n","protected":false},"excerpt":{"rendered":"","protected":false},"author":17630,"featured_media":0,"parent":0,"menu_order":0,"comment_status":"closed","ping_status":"closed","template":"","meta":{"teft_cards_image_url":"","teft_cards_custom_pretitle":"","teft_cards_image_id":248,"teft_cards_image_focal_point_x":0.5,"teft_cards_image_focal_point_y":0.5,"teft_cards_title":"","teft_cards_excerpt":"","teft_show_chapters":false,"footnotes":""},"class_list":["post-194","page","type-page","status-publish","hentry"],"yoast_head":"<!-- This site is optimized with the Yoast SEO plugin v26.6 - https:\/\/yoast.com\/wordpress\/plugins\/seo\/ -->\n<title>Unge H\u00f8yre - Porsgrunn H\u00f8yre<\/title>\n<meta name=\"robots\" content=\"index, follow, max-snippet:-1, max-image-preview:large, max-video-preview:-1\" \/>\n<link rel=\"canonical\" href=\"https:\/\/hoyre.no\/porsgrunn\/unge-hoyre\/\" \/>\n<meta property=\"og:locale\" content=\"nb_NO\" \/>\n<meta property=\"og:type\" content=\"article\" \/>\n<meta property=\"og:title\" content=\"Unge H\u00f8yre - Porsgrunn H\u00f8yre\" \/>\n<meta property=\"og:url\" content=\"https:\/\/hoyre.no\/porsgrunn\/unge-hoyre\/\" \/>\n<meta property=\"og:site_name\" content=\"Porsgrunn H\u00f8yre\" \/>\n<meta property=\"article:modified_time\" content=\"2024-10-20T11:52:42+00:00\" \/>\n<meta property=\"og:image\" content=\"https:\/\/hoyre.no\/content\/uploads\/sites\/360\/2022\/10\/123-1024x683.png\" \/>\n<meta name=\"twitter:card\" content=\"summary_large_image\" \/>\n<meta name=\"twitter:label1\" content=\"Ansl. lesetid\" \/>\n\t<meta name=\"twitter:data1\" content=\"1 minutt\" \/>\n<script type=\"application\/ld+json\" class=\"yoast-schema-graph\">{\"@context\":\"https:\/\/schema.org\",\"@graph\":[{\"@type\":\"WebPage\",\"@id\":\"https:\/\/hoyre.no\/porsgrunn\/unge-hoyre\/\",\"url\":\"https:\/\/hoyre.no\/porsgrunn\/unge-hoyre\/\",\"name\":\"Unge H\u00f8yre - Porsgrunn H\u00f8yre\",\"isPartOf\":{\"@id\":\"https:\/\/hoyre.no\/porsgrunn\/#website\"},\"datePublished\":\"2022-10-07T21:09:33+00:00\",\"dateModified\":\"2024-10-20T11:52:42+00:00\",\"breadcrumb\":{\"@id\":\"https:\/\/hoyre.no\/porsgrunn\/unge-hoyre\/#breadcrumb\"},\"inLanguage\":\"nb-NO\",\"potentialAction\":[{\"@type\":\"ReadAction\",\"target\":[\"https:\/\/hoyre.no\/porsgrunn\/unge-hoyre\/\"]}]},{\"@type\":\"BreadcrumbList\",\"@id\":\"https:\/\/hoyre.no\/porsgrunn\/unge-hoyre\/#breadcrumb\",\"itemListElement\":[{\"@type\":\"ListItem\",\"position\":1,\"name\":\"Til hoyre.no\",\"item\":\"https:\/\/hoyre.no\"},{\"@type\":\"ListItem\",\"position\":2,\"name\":\"Hjem\",\"item\":\"https:\/\/hoyre.no\/porsgrunn\/\"},{\"@type\":\"ListItem\",\"position\":3,\"name\":\"Unge H\u00f8yre\"}]},{\"@type\":\"WebSite\",\"@id\":\"https:\/\/hoyre.no\/porsgrunn\/#website\",\"url\":\"https:\/\/hoyre.no\/porsgrunn\/\",\"name\":\"Porsgrunn H\u00f8yre\",\"description\":\"Bare enda et H\u00f8yres nettsteder-nettsted\",\"inLanguage\":\"nb-NO\"}]}<\/script>\n<!-- \/ Yoast SEO plugin. -->","yoast_head_json":{"title":"Unge H\u00f8yre - Porsgrunn H\u00f8yre","robots":{"index":"index","follow":"follow","max-snippet":"max-snippet:-1","max-image-preview":"max-image-preview:large","max-video-preview":"max-video-preview:-1"},"canonical":"https:\/\/hoyre.no\/porsgrunn\/unge-hoyre\/","og_locale":"nb_NO","og_type":"article","og_title":"Unge H\u00f8yre - Porsgrunn H\u00f8yre","og_url":"https:\/\/hoyre.no\/porsgrunn\/unge-hoyre\/","og_site_name":"Porsgrunn H\u00f8yre","article_modified_time":"2024-10-20T11:52:42+00:00","og_image":[{"url":"https:\/\/hoyre.no\/content\/uploads\/sites\/360\/2022\/10\/123-1024x683.png","width":"","height":"","type":""}],"twitter_card":"summary_large_image","twitter_misc":{"Ansl. lesetid":"1 minutt"},"schema":{"@context":"https:\/\/schema.org","@graph":[{"@type":"WebPage","@id":"https:\/\/hoyre.no\/porsgrunn\/unge-hoyre\/","url":"https:\/\/hoyre.no\/porsgrunn\/unge-hoyre\/","name":"Unge H\u00f8yre - Porsgrunn H\u00f8yre","isPartOf":{"@id":"https:\/\/hoyre.no\/porsgrunn\/#website"},"datePublished":"2022-10-07T21:09:33+00:00","dateModified":"2024-10-20T11:52:42+00:00","breadcrumb":{"@id":"https:\/\/hoyre.no\/porsgrunn\/unge-hoyre\/#breadcrumb"},"inLanguage":"nb-NO","potentialAction":[{"@type":"ReadAction","target":["https:\/\/hoyre.no\/porsgrunn\/unge-hoyre\/"]}]},{"@type":"BreadcrumbList","@id":"https:\/\/hoyre.no\/porsgrunn\/unge-hoyre\/#breadcrumb","itemListElement":[{"@type":"ListItem","position":1,"name":"Til hoyre.no","item":"https:\/\/hoyre.no"},{"@type":"ListItem","position":2,"name":"Hjem","item":"https:\/\/hoyre.no\/porsgrunn\/"},{"@type":"ListItem","position":3,"name":"Unge H\u00f8yre"}]},{"@type":"WebSite","@id":"https:\/\/hoyre.no\/porsgrunn\/#website","url":"https:\/\/hoyre.no\/porsgrunn\/","name":"Porsgrunn H\u00f8yre","description":"Bare enda et H\u00f8yres nettsteder-nettsted","inLanguage":"nb-NO"}]}},"distributor_meta":false,"distributor_terms":false,"distributor_media":false,"distributor_original_site_name":"Porsgrunn H\u00f8yre","distributor_original_site_url":"https:\/\/hoyre.no\/porsgrunn","push-errors":false,"_links":{"self":[{"href":"https:\/\/hoyre.no\/porsgrunn\/wp-json\/wp\/v2\/pages\/194","targetHints":{"allow":["GET"]}}],"collection":[{"href":"https:\/\/hoyre.no\/porsgrunn\/wp-json\/wp\/v2\/pages"}],"about":[{"href":"https:\/\/hoyre.no\/porsgrunn\/wp-json\/wp\/v2\/types\/page"}],"author":[{"embeddable":true,"href":"https:\/\/hoyre.no\/porsgrunn\/wp-json\/wp\/v2\/users\/17630"}],"replies":[{"embeddable":true,"href":"https:\/\/hoyre.no\/porsgrunn\/wp-json\/wp\/v2\/comments?post=194"}],"version-history":[{"count":9,"href":"https:\/\/hoyre.no\/porsgrunn\/wp-json\/wp\/v2\/pages\/194\/revisions"}],"predecessor-version":[{"id":915,"href":"https:\/\/hoyre.no\/porsgrunn\/wp-json\/wp\/v2\/pages\/194\/revisions\/915"}],"wp:attachment":[{"href":"https:\/\/hoyre.no\/porsgrunn\/wp-json\/wp\/v2\/media?parent=194"}],"curies":[{"name":"wp","href":"https:\/\/api.w.org\/{rel}","templated":true}]}}