{"id":3,"date":"2020-11-16T11:08:19","date_gmt":"2020-11-16T10:08:19","guid":{"rendered":"https:\/\/hoyre.no\/porsgrunn\/forsiden\/"},"modified":"2026-04-28T14:17:06","modified_gmt":"2026-04-28T12:17:06","slug":"forsiden","status":"publish","type":"page","link":"https:\/\/hoyre.no\/porsgrunn\/","title":{"rendered":"Forsiden"},"content":{"rendered":"<div class=\"hero-2026 ratio-16-9 alignwide is-style-picture-only wp-block-hoyre-hero-2026\">\n\t\t\t<div class=\"hero-2026__image\"><img decoding=\"async\" src=\"https:\/\/hoyre.no\/content\/uploads\/sites\/360\/2023\/06\/DSC6008_FF-scaled.jpg\" alt=\"\" \/><\/div>\n\t\t\t\n\t\t\t<div class=\"hero-2026__content\">\n\t\t\t\t\n\t\t\t\t<p class=\"hero-2026__subtitle\">Porsgrunn H\u00f8yre<\/p>\n\t\t\t\t<h2 class=\"hero-2026__title\">Muligheter for alle<\/h2>\n\t\t\t\t<div class=\"hero-2026__buttons\">\n\n<div class=\"wp-block-buttons is-content-justification-center is-layout-flex wp-container-core-buttons-is-layout-16018d1d wp-block-buttons-is-layout-flex\">\n<div class=\"wp-block-button\"><a class=\"wp-block-button__link wp-element-button\" href=\"https:\/\/hoyre.no\/bli-med\/bli-medlem\/\">bli medlem<\/a><\/div>\n<\/div>\n\n<\/div>\n\t\t\t<\/div>\n\t\t<\/div>\n\n\n<div class=\"wp-block-hoyre-card-wrap wp-block-hoyre-card-wrap\"><div class=\"card-wrap-head\"><h2>Nyheter<\/h2><div><a href=\"https:\/\/hoyre.no\/porsgrunn\/nyheter\/\">Se alle<\/a><\/div><\/div><div class=\"card-wrap-content\"><div class=\"card-wrap-content-inner\">\n<div class=\"wp-block-hoyre-card-wrap\"><div class=\"card-wrap-head\"><h2>Nyheter<\/h2><div><a href=\"https:\/\/hoyre.no\/porsgrunn\/nyheter\/\">Se alle<\/a><\/div><\/div><div class=\"card-wrap-content\"><div class=\"card-wrap-content-inner\">\n<div class=\"teft-cards-grid-dynamic alignwide has-6-posts has-even-count\"><div class=\"teft-cards-grid default-size-4\"><div class=\"teft-cards-item is-card-hoyre\">\n\t<div class=\"teft-card hoyre-teft-card post-teft-card\">\n\t\t<a href=\"https:\/\/hoyre.no\/porsgrunn\/aktuelt\/nytt-styre\/\" class=\"teft-card__primary-action\">\n\n\t\t\t\t\t<div class=\"teft-card__media teft-card__media--16-9\">\n\t\t\t\t\t\t<img loading=\"lazy\" decoding=\"async\" width=\"768\" height=\"576\" src=\"https:\/\/hoyre.no\/content\/uploads\/sites\/360\/2023\/11\/404892298_722054656616850_6953594976859290793_n-768x576.jpg\" class=\"attachment-medium_large size-medium_large\" alt=\"\" srcset=\"https:\/\/hoyre.no\/content\/uploads\/sites\/360\/2023\/11\/404892298_722054656616850_6953594976859290793_n-768x576.jpg 768w, https:\/\/hoyre.no\/content\/uploads\/sites\/360\/2023\/11\/404892298_722054656616850_6953594976859290793_n-300x225.jpg 300w, https:\/\/hoyre.no\/content\/uploads\/sites\/360\/2023\/11\/404892298_722054656616850_6953594976859290793_n-1024x768.jpg 1024w, https:\/\/hoyre.no\/content\/uploads\/sites\/360\/2023\/11\/404892298_722054656616850_6953594976859290793_n-1536x1152.jpg 1536w, https:\/\/hoyre.no\/content\/uploads\/sites\/360\/2023\/11\/404892298_722054656616850_6953594976859290793_n.jpg 2048w\" sizes=\"auto, (max-width: 768px) 100vw, 768px\" \/>\t\t<\/div>\n\t\t\n\t\t\t<div class=\"teft-card__content-wrapper\">\n\t\t\t\t<div class=\"teft-card__secondary\">\n\t\t\t\t\t\n\t\t\t\t\t\t\t\t<div class=\"teft-card__meta\">\n\t\t\t\t\t\t\t\t\t<span class=\"post-date\">11. des 2023<\/span>\n\n\t\t\t\t\t\t\t\t\t<span class=\"post-category\">Nyheter<\/span>\t\t\t\t\t\t\t\t<\/div>\n\t\t\t\t\t\t\t\t\t\t\t<\/div>\n\n\t\t\t\t<div class=\"teft-card__primary\">\n\t\t\t\t\t<h2 class=\"teft-card__title\">Nytt styre&nbsp;<span class=\"teft-card__primary-title-append\"><\/span><\/h2>\t\t\t\t<\/div>\n\t\t\t<\/div>\n\t\t<\/a>\n\t<\/div>\n\n\t<\/div><div class=\"teft-cards-item is-card-hoyre\">\n\t<div class=\"teft-card hoyre-teft-card post-teft-card\">\n\t\t<a href=\"https:\/\/hoyre.no\/porsgrunn\/aktuelt\/arsmote-2023\/\" class=\"teft-card__primary-action\">\n\n\t\t\t\t\t<div class=\"teft-card__media teft-card__media--16-9\">\n\t\t\t\t\t\t<img loading=\"lazy\" decoding=\"async\" width=\"768\" height=\"576\" src=\"https:\/\/hoyre.no\/content\/uploads\/sites\/360\/2023\/11\/404901259_722054629950186_2537361562961008164_n-768x576.jpg\" class=\"attachment-medium_large size-medium_large\" alt=\"\" srcset=\"https:\/\/hoyre.no\/content\/uploads\/sites\/360\/2023\/11\/404901259_722054629950186_2537361562961008164_n-768x576.jpg 768w, https:\/\/hoyre.no\/content\/uploads\/sites\/360\/2023\/11\/404901259_722054629950186_2537361562961008164_n-300x225.jpg 300w, https:\/\/hoyre.no\/content\/uploads\/sites\/360\/2023\/11\/404901259_722054629950186_2537361562961008164_n-1024x768.jpg 1024w, https:\/\/hoyre.no\/content\/uploads\/sites\/360\/2023\/11\/404901259_722054629950186_2537361562961008164_n-1536x1152.jpg 1536w, https:\/\/hoyre.no\/content\/uploads\/sites\/360\/2023\/11\/404901259_722054629950186_2537361562961008164_n.jpg 2048w\" sizes=\"auto, (max-width: 768px) 100vw, 768px\" \/>\t\t<\/div>\n\t\t\n\t\t\t<div class=\"teft-card__content-wrapper\">\n\t\t\t\t<div class=\"teft-card__secondary\">\n\t\t\t\t\t\n\t\t\t\t\t\t\t\t<div class=\"teft-card__meta\">\n\t\t\t\t\t\t\t\t\t<span class=\"post-date\">21. nov 2023<\/span>\n\n\t\t\t\t\t\t\t\t\t<span class=\"post-category\">Styret<\/span>\t\t\t\t\t\t\t\t<\/div>\n\t\t\t\t\t\t\t\t\t\t\t<\/div>\n\n\t\t\t\t<div class=\"teft-card__primary\">\n\t\t\t\t\t<h2 class=\"teft-card__title\">\u00c5rsm\u00f8te 2023&nbsp;<span class=\"teft-card__primary-title-append\"><\/span><\/h2>\t\t\t\t<\/div>\n\t\t\t<\/div>\n\t\t<\/a>\n\t<\/div>\n\n\t<\/div><div class=\"teft-cards-item is-card-hoyre\">\n\t<div class=\"teft-card hoyre-teft-card post-teft-card\">\n\t\t<a href=\"https:\/\/hoyre.no\/porsgrunn\/aktuelt\/ny-bystyregruppe-er-klar\/\" class=\"teft-card__primary-action\">\n\n\t\t\t\t\t<div class=\"teft-card__media teft-card__media--16-9\">\n\t\t\t\t\t\t<img loading=\"lazy\" decoding=\"async\" width=\"768\" height=\"512\" src=\"https:\/\/hoyre.no\/content\/uploads\/sites\/360\/2023\/06\/Felles_1-768x512.jpg\" class=\"attachment-medium_large size-medium_large\" alt=\"\" srcset=\"https:\/\/hoyre.no\/content\/uploads\/sites\/360\/2023\/06\/Felles_1-768x512.jpg 768w, https:\/\/hoyre.no\/content\/uploads\/sites\/360\/2023\/06\/Felles_1-300x200.jpg 300w, https:\/\/hoyre.no\/content\/uploads\/sites\/360\/2023\/06\/Felles_1-1024x683.jpg 1024w, https:\/\/hoyre.no\/content\/uploads\/sites\/360\/2023\/06\/Felles_1-1536x1024.jpg 1536w, https:\/\/hoyre.no\/content\/uploads\/sites\/360\/2023\/06\/Felles_1-2048x1365.jpg 2048w\" sizes=\"auto, (max-width: 768px) 100vw, 768px\" \/>\t\t<\/div>\n\t\t\n\t\t\t<div class=\"teft-card__content-wrapper\">\n\t\t\t\t<div class=\"teft-card__secondary\">\n\t\t\t\t\t\n\t\t\t\t\t\t\t\t<div class=\"teft-card__meta\">\n\t\t\t\t\t\t\t\t\t<span class=\"post-date\">15. sep 2023<\/span>\n\n\t\t\t\t\t\t\t\t\t\t\t\t\t\t\t\t\t<\/div>\n\t\t\t\t\t\t\t\t\t\t\t<\/div>\n\n\t\t\t\t<div class=\"teft-card__primary\">\n\t\t\t\t\t<h2 class=\"teft-card__title\">Ny bystyregruppe er klar!&nbsp;<span class=\"teft-card__primary-title-append\"><\/span><\/h2>\t\t\t\t<\/div>\n\t\t\t<\/div>\n\t\t<\/a>\n\t<\/div>\n\n\t<\/div><div class=\"teft-cards-item is-card-hoyre\">\n\t<div class=\"teft-card hoyre-teft-card post-teft-card\">\n\t\t<a href=\"https:\/\/hoyre.no\/porsgrunn\/aktuelt\/stott-porsgrunn-hoyre\/\" class=\"teft-card__primary-action\">\n\n\t\t\t\t\t<div class=\"teft-card__media teft-card__media--16-9\">\n\t\t\t\t\t\t<img loading=\"lazy\" decoding=\"async\" width=\"700\" height=\"702\" src=\"https:\/\/hoyre.no\/content\/uploads\/sites\/360\/2022\/11\/ikon-okonomi_001-2.png\" class=\"attachment-medium_large size-medium_large\" alt=\"\" srcset=\"https:\/\/hoyre.no\/content\/uploads\/sites\/360\/2022\/11\/ikon-okonomi_001-2.png 700w, https:\/\/hoyre.no\/content\/uploads\/sites\/360\/2022\/11\/ikon-okonomi_001-2-300x300.png 300w, https:\/\/hoyre.no\/content\/uploads\/sites\/360\/2022\/11\/ikon-okonomi_001-2-150x150.png 150w\" sizes=\"auto, (max-width: 700px) 100vw, 700px\" \/>\t\t<\/div>\n\t\t\n\t\t\t<div class=\"teft-card__content-wrapper\">\n\t\t\t\t<div class=\"teft-card__secondary\">\n\t\t\t\t\t\n\t\t\t\t\t\t\t\t<div class=\"teft-card__meta\">\n\t\t\t\t\t\t\t\t\t<span class=\"post-date\">12. jan 2023<\/span>\n\n\t\t\t\t\t\t\t\t\t<span class=\"post-category\">Nyheter<\/span>\t\t\t\t\t\t\t\t<\/div>\n\t\t\t\t\t\t\t\t\t\t\t<\/div>\n\n\t\t\t\t<div class=\"teft-card__primary\">\n\t\t\t\t\t<h2 class=\"teft-card__title\">Vi trenger din st\u00f8tte!&nbsp;<span class=\"teft-card__primary-title-append\"><\/span><\/h2>\t\t\t\t<\/div>\n\t\t\t<\/div>\n\t\t<\/a>\n\t<\/div>\n\n\t<\/div><div class=\"teft-cards-item is-card-hoyre\">\n\t<div class=\"teft-card hoyre-teft-card post-teft-card\">\n\t\t<a href=\"https:\/\/hoyre.no\/porsgrunn\/aktuelt\/porsgrunn-hoyre-sine-kandidater-er-klare\/\" class=\"teft-card__primary-action\">\n\n\t\t\t\t\t<div class=\"teft-card__media teft-card__media--16-9\">\n\t\t\t\t\t\t<img loading=\"lazy\" decoding=\"async\" width=\"768\" height=\"1024\" src=\"https:\/\/hoyre.no\/content\/uploads\/sites\/360\/2022\/11\/Hoyre-Nom-768x1024.jpg\" class=\"attachment-medium_large size-medium_large\" alt=\"\" srcset=\"https:\/\/hoyre.no\/content\/uploads\/sites\/360\/2022\/11\/Hoyre-Nom-768x1024.jpg 768w, https:\/\/hoyre.no\/content\/uploads\/sites\/360\/2022\/11\/Hoyre-Nom-225x300.jpg 225w, https:\/\/hoyre.no\/content\/uploads\/sites\/360\/2022\/11\/Hoyre-Nom-1152x1536.jpg 1152w, https:\/\/hoyre.no\/content\/uploads\/sites\/360\/2022\/11\/Hoyre-Nom-1536x2048.jpg 1536w, https:\/\/hoyre.no\/content\/uploads\/sites\/360\/2022\/11\/Hoyre-Nom-scaled.jpg 1875w\" sizes=\"auto, (max-width: 768px) 100vw, 768px\" \/>\t\t<\/div>\n\t\t\n\t\t\t<div class=\"teft-card__content-wrapper\">\n\t\t\t\t<div class=\"teft-card__secondary\">\n\t\t\t\t\t\n\t\t\t\t\t\t\t\t<div class=\"teft-card__meta\">\n\t\t\t\t\t\t\t\t\t<span class=\"post-date\">11. nov 2022<\/span>\n\n\t\t\t\t\t\t\t\t\t<span class=\"post-category\">Nyheter<\/span>\t\t\t\t\t\t\t\t<\/div>\n\t\t\t\t\t\t\t\t\t\t\t<\/div>\n\n\t\t\t\t<div class=\"teft-card__primary\">\n\t\t\t\t\t<h2 class=\"teft-card__title\">Porsgrunn H\u00f8yre sine kandidater er klare&nbsp;<span class=\"teft-card__primary-title-append\"><\/span><\/h2>\t\t\t\t<\/div>\n\t\t\t<\/div>\n\t\t<\/a>\n\t<\/div>\n\n\t<\/div><div class=\"teft-cards-item is-card-hoyre\">\n\t<div class=\"teft-card hoyre-teft-card post-teft-card\">\n\t\t<a href=\"https:\/\/hoyre.no\/porsgrunn\/aktuelt\/briljerer-i-sin-forste-parti-debatt\/\" class=\"teft-card__primary-action\">\n\n\t\t\t\t\t<div class=\"teft-card__media teft-card__media--16-9\">\n\t\t\t\t\t\t<img loading=\"lazy\" decoding=\"async\" width=\"768\" height=\"512\" src=\"https:\/\/hoyre.no\/content\/uploads\/sites\/360\/2022\/11\/DSC6135_FF-768x512.jpg\" class=\"attachment-medium_large size-medium_large\" alt=\"\" srcset=\"https:\/\/hoyre.no\/content\/uploads\/sites\/360\/2022\/11\/DSC6135_FF-768x512.jpg 768w, https:\/\/hoyre.no\/content\/uploads\/sites\/360\/2022\/11\/DSC6135_FF-300x200.jpg 300w, https:\/\/hoyre.no\/content\/uploads\/sites\/360\/2022\/11\/DSC6135_FF-1024x683.jpg 1024w, https:\/\/hoyre.no\/content\/uploads\/sites\/360\/2022\/11\/DSC6135_FF-1536x1024.jpg 1536w, https:\/\/hoyre.no\/content\/uploads\/sites\/360\/2022\/11\/DSC6135_FF-2048x1365.jpg 2048w\" sizes=\"auto, (max-width: 768px) 100vw, 768px\" \/>\t\t<\/div>\n\t\t\n\t\t\t<div class=\"teft-card__content-wrapper\">\n\t\t\t\t<div class=\"teft-card__secondary\">\n\t\t\t\t\t\n\t\t\t\t\t\t\t\t<div class=\"teft-card__meta\">\n\t\t\t\t\t\t\t\t\t<span class=\"post-date\">3. nov 2022<\/span>\n\n\t\t\t\t\t\t\t\t\t<span class=\"post-category\">Nyheter<\/span>\t\t\t\t\t\t\t\t<\/div>\n\t\t\t\t\t\t\t\t\t\t\t<\/div>\n\n\t\t\t\t<div class=\"teft-card__primary\">\n\t\t\t\t\t<h2 class=\"teft-card__title\">Briljerer i sin f\u00f8rste parti debatt&nbsp;<span class=\"teft-card__primary-title-append\"><\/span><\/h2>\t\t\t\t<\/div>\n\t\t\t<\/div>\n\t\t<\/a>\n\t<\/div>\n\n\t<\/div><\/div><\/div>\n<\/div><\/div><\/div>\n<\/div><\/div><\/div>\n\n\n\n\n\t\t<div class=\"has-dark-blue-background-color is-layout-left alignwide alignwide wp-block-hoyre-media-text\">\n\t\t\t<div class=\"hoyre-media-text__media\">\n\t\t\t\t<img loading=\"lazy\" decoding=\"async\" width=\"1024\" height=\"683\" src=\"https:\/\/hoyre.no\/content\/uploads\/sites\/360\/2023\/06\/Felles_1-1024x683.jpg\" class=\"hoyre-media-text__media-image\" alt=\"\" style=\"--focal: 50% 50%;\" srcset=\"https:\/\/hoyre.no\/content\/uploads\/sites\/360\/2023\/06\/Felles_1-1024x683.jpg 1024w, https:\/\/hoyre.no\/content\/uploads\/sites\/360\/2023\/06\/Felles_1-300x200.jpg 300w, https:\/\/hoyre.no\/content\/uploads\/sites\/360\/2023\/06\/Felles_1-768x512.jpg 768w, https:\/\/hoyre.no\/content\/uploads\/sites\/360\/2023\/06\/Felles_1-1536x1024.jpg 1536w, https:\/\/hoyre.no\/content\/uploads\/sites\/360\/2023\/06\/Felles_1-2048x1365.jpg 2048w\" sizes=\"auto, (max-width: 1024px) 100vw, 1024px\" \/>\n\t\t\t<\/div>\n\t\t\t<div class=\"hoyre-media-text__content\">\n\t\t\t\t<div class=\"hoyre-media-text__content-inner\">\n\t\t\t\t\t\n\t\t\t<div class=\"hoyre-media-text__title-container\">\n\t\t\t\t\n\t\t\t\t<h2 class=\"hoyre-media-text__title\">V\u00e5re representanter<\/h2>\n\t\t\t<\/div>\n\t\t\t\n\t\t\t\t\t<div class=\"hoyre-media-text__blocks\">\n<p>Her finner du en oversikt over v\u00e5re representanter i bystyret og utvalg.<\/p>\n<\/div>\n\t\t\t\t\t\n\t\t\t<div class=\"hoyre-media-text__buttons\">\n\t\t\t\t<a class=\"button\" href=\"https:\/\/hoyre.no\/porsgrunn\/vare-representanter\/\">Les mer<\/a>\n\t\t\t<\/div>\n\t\t\t\n\t\t\t\t<\/div>\n\t\t\t<\/div>\n\t\t<\/div>\n\t\t\n\n\n\n<div class=\"wp-block-hoyre-banner alignwide undefined  is-style-light\"><div class=\"banner-inner\"><figure class=\"hoyre-image-wrapper\"><div class=\"hoyre-image\"><img decoding=\"async\" loading=\"lazy\" width=\"2048\" height=\"1365\" src=\"https:\/\/hoyre.no\/content\/uploads\/2020\/09\/54483135358_f67d549a0f_k.jpg\" class=\"attachment-scaled size-scaled\" alt=\"Ine\" style=\"object-position: 47% 42%\" \/><\/div><\/figure><div class=\"banner-content\"><div class=\"entry-content\">\n<h2 class=\"wp-block-heading\" id=\"h-bli-medlem-i-hoyre\">Bli medlem i H\u00f8yre<\/h2>\n\n\n\n<p>Vil du v\u00e6re med p\u00e5 \u00e5 skape et samfunn med muligheter for alle? Bli med p\u00e5 laget. Ditt bidrag gj\u00f8r oss enda sterkere.<\/p>\n\n\n\n<div class=\"wp-block-buttons is-layout-flex wp-block-buttons-is-layout-flex\">\n<div class=\"wp-block-button\"><a class=\"wp-block-button__link wp-element-button\" href=\"https:\/\/hoyre.no\/bli-med\/bli-medlem\/\">bli medlem i h\u00f8yre<\/a><\/div>\n<\/div>\n<\/div><\/div><\/div><\/div>\n\n\n\n\n\n\n<div class=\"wp-block-hoyre-contacts alignwide\"><div class=\"hoyre-contacts__inner\">\n<div class=\"wp-block-hoyre-contact alignwide\"><div class=\"hoyre-contact__inner\"><br\/><br\/><\/div><\/div>\n<\/div><\/div>\n\n\n\n<div class=\"wp-block-hoyre-contacts alignwide\"><div class=\"hoyre-contacts__inner\">\n<div class=\"wp-block-hoyre-contact alignwide\"><div class=\"hoyre-contact__inner\"><br\/><br\/><\/div><\/div>\n<\/div><\/div>\n\n\n\n<section class=\"wp-block-hoyre-branch-contact-person alignwide\">\n\t<div class=\"block-inner\">\n\t\t\n<div class=\"politician-info-wrapper\">\n\t<div class=\"politician-image-wrapper\">\n\t\t<div class=\"politician-image\">\n\t\t\t\t\t\t\t\t\t\t\t<a href=\"https:\/\/res.cloudinary.com\/hoyre\/image\/upload\/g_face:center,d_defaultprofileimg3.jpg,fl_lossy,f_auto\/v200902\/52125622.jpg\">\n\t\t\t\t\t<img decoding=\"async\" src=\"https:\/\/res.cloudinary.com\/hoyre\/image\/upload\/c_thumb,g_face:center,h_500,w_500,d_defaultprofileimg3.jpg,fl_lossy,f_auto\/w_500\/v20230420\/52125622.jpg\" alt=\"Profilbilde\" style=\"object-position: 50% 50%\" \/>\n\t\t\t\t<\/a>\n\t\t\t\t\t<\/div>\n\t\t\t<\/div>\n\t<div class=\"politician-details\">\n\t\t\t\t\t<h1 class=\"politician-name\"><a href=\"https:\/\/hoyre.no\/personprofiler\/anne-cathrine-syversen\/\">Anne Cathrine Syversen<\/a><\/h1>\n\t\t\t\t\t\t\t\t<h2 class=\"politician-title\">Gruppeleder<\/h2>\n\t\t\t\t\t<\/div>\n<\/div>\n\t<\/div>\n<\/section>\n\n\n\n\n\n","protected":false},"excerpt":{"rendered":"","protected":false},"author":17630,"featured_media":0,"parent":0,"menu_order":0,"comment_status":"closed","ping_status":"closed","template":"","meta":{"teft_cards_image_url":"","teft_cards_custom_pretitle":"","teft_cards_image_id":0,"teft_cards_image_focal_point_x":0,"teft_cards_image_focal_point_y":0,"teft_cards_title":"","teft_cards_excerpt":"","teft_show_chapters":false,"footnotes":""},"class_list":["post-3","page","type-page","status-publish","hentry"],"yoast_head":"<!-- This site is optimized with the Yoast SEO plugin v26.6 - https:\/\/yoast.com\/wordpress\/plugins\/seo\/ -->\n<title>Forsiden - Porsgrunn H\u00f8yre<\/title>\n<meta name=\"robots\" content=\"index, follow, max-snippet:-1, max-image-preview:large, max-video-preview:-1\" \/>\n<link rel=\"canonical\" href=\"https:\/\/hoyre.no\/porsgrunn\/\" \/>\n<meta property=\"og:locale\" content=\"nb_NO\" \/>\n<meta property=\"og:type\" content=\"article\" \/>\n<meta property=\"og:title\" content=\"Forsiden - Porsgrunn H\u00f8yre\" \/>\n<meta property=\"og:url\" content=\"https:\/\/hoyre.no\/porsgrunn\/\" \/>\n<meta property=\"og:site_name\" content=\"Porsgrunn H\u00f8yre\" \/>\n<meta property=\"article:modified_time\" content=\"2026-04-28T12:17:06+00:00\" \/>\n<meta property=\"og:image\" content=\"https:\/\/hoyre.no\/content\/uploads\/sites\/360\/2022\/11\/Hoyres-logo.png\" \/>\n\t<meta property=\"og:image:width\" content=\"1000\" \/>\n\t<meta property=\"og:image:height\" content=\"1000\" \/>\n\t<meta property=\"og:image:type\" content=\"image\/png\" \/>\n<meta name=\"twitter:card\" content=\"summary_large_image\" \/>\n<meta name=\"twitter:label1\" content=\"Ansl. lesetid\" \/>\n\t<meta name=\"twitter:data1\" content=\"1 minutt\" \/>\n<script type=\"application\/ld+json\" class=\"yoast-schema-graph\">{\"@context\":\"https:\/\/schema.org\",\"@graph\":[{\"@type\":\"WebPage\",\"@id\":\"https:\/\/hoyre.no\/porsgrunn\/\",\"url\":\"https:\/\/hoyre.no\/porsgrunn\/\",\"name\":\"Forsiden - Porsgrunn H\u00f8yre\",\"isPartOf\":{\"@id\":\"https:\/\/hoyre.no\/porsgrunn\/#website\"},\"datePublished\":\"2020-11-16T10:08:19+00:00\",\"dateModified\":\"2026-04-28T12:17:06+00:00\",\"breadcrumb\":{\"@id\":\"https:\/\/hoyre.no\/porsgrunn\/#breadcrumb\"},\"inLanguage\":\"nb-NO\",\"potentialAction\":[{\"@type\":\"ReadAction\",\"target\":[\"https:\/\/hoyre.no\/porsgrunn\/\"]}]},{\"@type\":\"BreadcrumbList\",\"@id\":\"https:\/\/hoyre.no\/porsgrunn\/#breadcrumb\",\"itemListElement\":[{\"@type\":\"ListItem\",\"position\":1,\"name\":\"Til hoyre.no\",\"item\":\"https:\/\/hoyre.no\"},{\"@type\":\"ListItem\",\"position\":2,\"name\":\"Hjem\",\"item\":\"https:\/\/hoyre.no\/porsgrunn\/\"},{\"@type\":\"ListItem\",\"position\":3,\"name\":\"Forsiden\"}]},{\"@type\":\"WebSite\",\"@id\":\"https:\/\/hoyre.no\/porsgrunn\/#website\",\"url\":\"https:\/\/hoyre.no\/porsgrunn\/\",\"name\":\"Porsgrunn H\u00f8yre\",\"description\":\"Bare enda et H\u00f8yres nettsteder-nettsted\",\"inLanguage\":\"nb-NO\"}]}<\/script>\n<!-- \/ Yoast SEO plugin. -->","yoast_head_json":{"title":"Forsiden - Porsgrunn H\u00f8yre","robots":{"index":"index","follow":"follow","max-snippet":"max-snippet:-1","max-image-preview":"max-image-preview:large","max-video-preview":"max-video-preview:-1"},"canonical":"https:\/\/hoyre.no\/porsgrunn\/","og_locale":"nb_NO","og_type":"article","og_title":"Forsiden - Porsgrunn H\u00f8yre","og_url":"https:\/\/hoyre.no\/porsgrunn\/","og_site_name":"Porsgrunn H\u00f8yre","article_modified_time":"2026-04-28T12:17:06+00:00","og_image":[{"width":1000,"height":1000,"url":"https:\/\/hoyre.no\/content\/uploads\/sites\/360\/2022\/11\/Hoyres-logo.png","type":"image\/png"}],"twitter_card":"summary_large_image","twitter_misc":{"Ansl. lesetid":"1 minutt"},"schema":{"@context":"https:\/\/schema.org","@graph":[{"@type":"WebPage","@id":"https:\/\/hoyre.no\/porsgrunn\/","url":"https:\/\/hoyre.no\/porsgrunn\/","name":"Forsiden - Porsgrunn H\u00f8yre","isPartOf":{"@id":"https:\/\/hoyre.no\/porsgrunn\/#website"},"datePublished":"2020-11-16T10:08:19+00:00","dateModified":"2026-04-28T12:17:06+00:00","breadcrumb":{"@id":"https:\/\/hoyre.no\/porsgrunn\/#breadcrumb"},"inLanguage":"nb-NO","potentialAction":[{"@type":"ReadAction","target":["https:\/\/hoyre.no\/porsgrunn\/"]}]},{"@type":"BreadcrumbList","@id":"https:\/\/hoyre.no\/porsgrunn\/#breadcrumb","itemListElement":[{"@type":"ListItem","position":1,"name":"Til hoyre.no","item":"https:\/\/hoyre.no"},{"@type":"ListItem","position":2,"name":"Hjem","item":"https:\/\/hoyre.no\/porsgrunn\/"},{"@type":"ListItem","position":3,"name":"Forsiden"}]},{"@type":"WebSite","@id":"https:\/\/hoyre.no\/porsgrunn\/#website","url":"https:\/\/hoyre.no\/porsgrunn\/","name":"Porsgrunn H\u00f8yre","description":"Bare enda et H\u00f8yres nettsteder-nettsted","inLanguage":"nb-NO"}]}},"distributor_meta":false,"distributor_terms":false,"distributor_media":false,"distributor_original_site_name":"Porsgrunn H\u00f8yre","distributor_original_site_url":"https:\/\/hoyre.no\/porsgrunn","push-errors":false,"_links":{"self":[{"href":"https:\/\/hoyre.no\/porsgrunn\/wp-json\/wp\/v2\/pages\/3","targetHints":{"allow":["GET"]}}],"collection":[{"href":"https:\/\/hoyre.no\/porsgrunn\/wp-json\/wp\/v2\/pages"}],"about":[{"href":"https:\/\/hoyre.no\/porsgrunn\/wp-json\/wp\/v2\/types\/page"}],"author":[{"embeddable":true,"href":"https:\/\/hoyre.no\/porsgrunn\/wp-json\/wp\/v2\/users\/17630"}],"replies":[{"embeddable":true,"href":"https:\/\/hoyre.no\/porsgrunn\/wp-json\/wp\/v2\/comments?post=3"}],"version-history":[{"count":96,"href":"https:\/\/hoyre.no\/porsgrunn\/wp-json\/wp\/v2\/pages\/3\/revisions"}],"predecessor-version":[{"id":935,"href":"https:\/\/hoyre.no\/porsgrunn\/wp-json\/wp\/v2\/pages\/3\/revisions\/935"}],"wp:attachment":[{"href":"https:\/\/hoyre.no\/porsgrunn\/wp-json\/wp\/v2\/media?parent=3"}],"curies":[{"name":"wp","href":"https:\/\/api.w.org\/{rel}","templated":true}]}}