{"id":831,"date":"2023-10-01T14:42:48","date_gmt":"2023-10-01T12:42:48","guid":{"rendered":"https:\/\/hoyre.no\/porsgrunn\/?page_id=831"},"modified":"2023-10-16T19:06:52","modified_gmt":"2023-10-16T17:06:52","slug":"bystyregruppe-porsgrunn-hoyre","status":"publish","type":"page","link":"https:\/\/hoyre.no\/porsgrunn\/bystyregruppe-porsgrunn-hoyre\/","title":{"rendered":"Bystyregruppe Porsgrunn H\u00f8yre"},"content":{"rendered":"\n<div class=\"wp-block-hoyre-hero with-image-gradient text-color-light  alignfull has-background\"><div class=\"hoyre-hero \"><h1 class=\"title\">Bystyregruppe Porsgrunn H\u00f8yre<\/h1><p class=\"preamble\">P\u00e5 denne siden finner du informasjon om Porsgrunn H\u00f8yre sin bystyregruppe for 2023-2027.<br><br>V\u00e5re folkevalgte finner nyttige linker til dokumenter nederst.<\/p><\/div><\/div>\n\n\n\n<div class=\"wp-block-buttons is-content-justification-center is-layout-flex wp-container-core-buttons-is-layout-16018d1d wp-block-buttons-is-layout-flex\">\n<div class=\"wp-block-button\"><a class=\"wp-block-button__link wp-element-button\" href=\"https:\/\/hoyre.no\/porsgrunn\/siste-nytt-fra-bystyret\/\">Siste nytt fra bystyregruppa<\/a><\/div>\n<\/div>\n\n\n\n<div class=\"wp-block hoyre-section alignfull has-background is-style-light-green wp-block-hoyre-section\"><div class=\"inner-blocks alignwide\">\n\n<h2 class=\"wp-block-heading\">Gruppestyret Porsgrunn H\u00f8yre<\/h2>\n\n\n\n<p>Gruppeleder: Anne C. Syversen<\/p>\n\n\n\n<p>Gruppe nestleder: Christine Hermansen<\/p>\n\n\n\n<p>Gruppestyre medlem: Bj\u00f8rn Tore Hjartsj\u00f8<\/p>\n\n\n\n<p>Gruppestyre medlem: Esben Storvand<\/p>\n\n<\/div><\/div>\n\n\n<h2 class=\"wp-block-heading alignwide has-text-align-center\">H\u00f8yres bystyregruppe for 2023-2027 best\u00e5r av:<\/h2>\n\n\n\n\n<div class=\"wp-block-columns is-layout-flex wp-container-core-columns-is-layout-9d6595d7 wp-block-columns-is-layout-flex\">\n<div class=\"wp-block-column is-layout-flow wp-block-column-is-layout-flow\">\n<h3 class=\"wp-block-heading\">Bystyrerepresentanter<\/h3>\n\n\n\n<ol class=\"wp-block-list\">\n<li>Anne Cathrine B. Syversen<\/li>\n\n\n\n<li>Bj\u00f8rn Tore Hjartsj\u00f8<\/li>\n\n\n\n<li>Christine Bredegg Hermansen<\/li>\n\n\n\n<li>Esben Storvand<\/li>\n\n\n\n<li>Mahmoud Farahmand<\/li>\n\n\n\n<li>Petter Ellefsen<\/li>\n\n\n\n<li>Geirr Fr\u00f8nes<\/li>\n\n\n\n<li>Leif Stjernholm Bryn<\/li>\n\n\n\n<li>Siw-Anett Hegna-Malmin<\/li>\n\n\n\n<li>Tine R\u00f8rvik<\/li>\n\n\n\n<li>Gunn Marit Helgesen<\/li>\n\n\n\n<li>Anne Karin Alseth Hansen<\/li>\n<\/ol>\n<\/div>\n\n\n\n<div class=\"wp-block-column is-layout-flow wp-block-column-is-layout-flow\">\n<h3 class=\"wp-block-heading\">Vararepresentanter<\/h3>\n\n\n\n<ol class=\"wp-block-list\">\n<li>Kalle Bredegg Hermansen<\/li>\n\n\n\n<li>Jacob Aasland<\/li>\n\n\n\n<li>Knut Fuglesteg Forberg<\/li>\n\n\n\n<li>Kristina Lunde<\/li>\n\n\n\n<li>Fredrik Flatland<\/li>\n\n\n\n<li>Stig Oprann<\/li>\n\n\n\n<li>Ingar Eckholdt<\/li>\n\n\n\n<li>Kjell-Arvid Polsr\u00f8d<\/li>\n\n\n\n<li>Lasse Kittilsen<\/li>\n\n\n\n<li>Berit Mathilde Lind\u00f8e<\/li>\n\n\n\n<li>Geir Ravn Aasoldsen<\/li>\n\n\n\n<li>Geir Sl\u00e5tta Gundersen<\/li>\n\n\n\n<li>Jan Roger Heftye Barth<\/li>\n\n\n\n<li>Arno Erling Johansen<\/li>\n\n\n\n<li>Kristian Kalvenes<\/li>\n<\/ol>\n<\/div>\n<\/div>\n\n\n\n<p><\/p>\n\n\n\t\t\t<div class=\"wp-block-hoyre-list alignfull has-background\">\n\t\t\t\t<div class=\"block-inner\">\n\t\t\t\t\t\t<div class=\"post-wrap links-wrapper-outer\">\n\t\t<h2 class=\"title anchor-title\">Nyttige sider for folkevalgte<\/h2>\t\t<div class=\"link-list-inner\">\n\t\t\t\n\n<div class=\"wp-block-button\"><a class=\"wp-block-button__link wp-element-button\" href=\"https:\/\/www.porsgrunn.kommune.no\/lokalpolitikk\/politisk-moetekalender-og-utvalg\/politisk-moetekalender-2019-2023\/#se:mote\/moteid:1120927\/utvalgid:231444\">Reglement vedtatt for 2023-2027<\/a><\/div>\n\n\n\n<div class=\"wp-block-button\"><a class=\"wp-block-button__link wp-element-button\" href=\"https:\/\/innsynpluss.onacos.no\/porsgrunn\/moteplan\/\">M\u00f8teplan Porsgrunn Kommune<\/a><\/div>\n\n\n\n<div class=\"wp-block-button\"><a class=\"wp-block-button__link wp-element-button\" href=\"https:\/\/innsynpluss.onacos.no\/porsgrunn\/utvalg\/\">Utvalg Porsgrunn Kommune<\/a><\/div>\n\n\n\n<div class=\"wp-block-button\"><a class=\"wp-block-button__link wp-element-button\" href=\"https:\/\/innsynpluss.onacos.no\/porsgrunn\/parti\/\">Oversikt parti og representanter<\/a><\/div>\n\n\n\n<div class=\"wp-block-button\"><a class=\"wp-block-button__link wp-element-button\" href=\"https:\/\/www.porsgrunn.kommune.no\/lokalpolitikk\/eierskapsmelding\/eierstyringsprinsipper\/\">Eierstyringprinsipper<\/a><\/div>\n\n\n\n<div class=\"wp-block-button\"><a class=\"wp-block-button__link wp-element-button\" href=\"https:\/\/www.porsgrunn.kommune.no\/media\/1976\/folkevalgtreglement-2b.pdf\">Reglement 2019-2023<\/a><\/div>\n\n\t\t<\/div>\n\t<\/div>\n\t\t\t\t\t<\/div>\n\t\t\t<\/div>\n\t\t\t","protected":false},"excerpt":{"rendered":"<p>Bystyrerepresentanter Vararepresentanter<\/p>\n","protected":false},"author":17630,"featured_media":0,"parent":0,"menu_order":0,"comment_status":"closed","ping_status":"closed","template":"","meta":{"teft_cards_image_url":"","teft_cards_custom_pretitle":"","teft_cards_image_id":0,"teft_cards_image_focal_point_x":0,"teft_cards_image_focal_point_y":0,"teft_cards_title":"","teft_cards_excerpt":"","teft_show_chapters":false,"footnotes":""},"class_list":["post-831","page","type-page","status-publish","hentry"],"yoast_head":"<!-- This site is optimized with the Yoast SEO plugin v26.6 - https:\/\/yoast.com\/wordpress\/plugins\/seo\/ -->\n<title>Bystyregruppe Porsgrunn H\u00f8yre - Porsgrunn H\u00f8yre<\/title>\n<meta name=\"robots\" content=\"index, follow, max-snippet:-1, max-image-preview:large, max-video-preview:-1\" \/>\n<link rel=\"canonical\" href=\"https:\/\/hoyre.no\/porsgrunn\/bystyregruppe-porsgrunn-hoyre\/\" \/>\n<meta property=\"og:locale\" content=\"nb_NO\" \/>\n<meta property=\"og:type\" content=\"article\" \/>\n<meta property=\"og:title\" content=\"Bystyregruppe Porsgrunn H\u00f8yre - Porsgrunn H\u00f8yre\" \/>\n<meta property=\"og:description\" content=\"Bystyrerepresentanter Vararepresentanter\" \/>\n<meta property=\"og:url\" content=\"https:\/\/hoyre.no\/porsgrunn\/bystyregruppe-porsgrunn-hoyre\/\" \/>\n<meta property=\"og:site_name\" content=\"Porsgrunn H\u00f8yre\" \/>\n<meta property=\"article:modified_time\" content=\"2023-10-16T17:06:52+00:00\" \/>\n<meta property=\"og:image\" content=\"https:\/\/hoyre.no\/content\/uploads\/sites\/360\/2022\/11\/Hoyres-logo.png\" \/>\n\t<meta property=\"og:image:width\" content=\"1000\" \/>\n\t<meta property=\"og:image:height\" content=\"1000\" \/>\n\t<meta property=\"og:image:type\" content=\"image\/png\" \/>\n<meta name=\"twitter:card\" content=\"summary_large_image\" \/>\n<meta name=\"twitter:label1\" content=\"Ansl. lesetid\" \/>\n\t<meta name=\"twitter:data1\" content=\"1 minutt\" \/>\n<script type=\"application\/ld+json\" class=\"yoast-schema-graph\">{\"@context\":\"https:\/\/schema.org\",\"@graph\":[{\"@type\":\"WebPage\",\"@id\":\"https:\/\/hoyre.no\/porsgrunn\/bystyregruppe-porsgrunn-hoyre\/\",\"url\":\"https:\/\/hoyre.no\/porsgrunn\/bystyregruppe-porsgrunn-hoyre\/\",\"name\":\"Bystyregruppe Porsgrunn H\u00f8yre - Porsgrunn H\u00f8yre\",\"isPartOf\":{\"@id\":\"https:\/\/hoyre.no\/porsgrunn\/#website\"},\"datePublished\":\"2023-10-01T12:42:48+00:00\",\"dateModified\":\"2023-10-16T17:06:52+00:00\",\"breadcrumb\":{\"@id\":\"https:\/\/hoyre.no\/porsgrunn\/bystyregruppe-porsgrunn-hoyre\/#breadcrumb\"},\"inLanguage\":\"nb-NO\",\"potentialAction\":[{\"@type\":\"ReadAction\",\"target\":[\"https:\/\/hoyre.no\/porsgrunn\/bystyregruppe-porsgrunn-hoyre\/\"]}]},{\"@type\":\"BreadcrumbList\",\"@id\":\"https:\/\/hoyre.no\/porsgrunn\/bystyregruppe-porsgrunn-hoyre\/#breadcrumb\",\"itemListElement\":[{\"@type\":\"ListItem\",\"position\":1,\"name\":\"Til hoyre.no\",\"item\":\"https:\/\/hoyre.no\"},{\"@type\":\"ListItem\",\"position\":2,\"name\":\"Hjem\",\"item\":\"https:\/\/hoyre.no\/porsgrunn\/\"},{\"@type\":\"ListItem\",\"position\":3,\"name\":\"Bystyregruppe Porsgrunn H\u00f8yre\"}]},{\"@type\":\"WebSite\",\"@id\":\"https:\/\/hoyre.no\/porsgrunn\/#website\",\"url\":\"https:\/\/hoyre.no\/porsgrunn\/\",\"name\":\"Porsgrunn H\u00f8yre\",\"description\":\"Bare enda et H\u00f8yres nettsteder-nettsted\",\"inLanguage\":\"nb-NO\"}]}<\/script>\n<!-- \/ Yoast SEO plugin. -->","yoast_head_json":{"title":"Bystyregruppe Porsgrunn H\u00f8yre - Porsgrunn H\u00f8yre","robots":{"index":"index","follow":"follow","max-snippet":"max-snippet:-1","max-image-preview":"max-image-preview:large","max-video-preview":"max-video-preview:-1"},"canonical":"https:\/\/hoyre.no\/porsgrunn\/bystyregruppe-porsgrunn-hoyre\/","og_locale":"nb_NO","og_type":"article","og_title":"Bystyregruppe Porsgrunn H\u00f8yre - Porsgrunn H\u00f8yre","og_description":"Bystyrerepresentanter Vararepresentanter","og_url":"https:\/\/hoyre.no\/porsgrunn\/bystyregruppe-porsgrunn-hoyre\/","og_site_name":"Porsgrunn H\u00f8yre","article_modified_time":"2023-10-16T17:06:52+00:00","og_image":[{"width":1000,"height":1000,"url":"https:\/\/hoyre.no\/content\/uploads\/sites\/360\/2022\/11\/Hoyres-logo.png","type":"image\/png"}],"twitter_card":"summary_large_image","twitter_misc":{"Ansl. lesetid":"1 minutt"},"schema":{"@context":"https:\/\/schema.org","@graph":[{"@type":"WebPage","@id":"https:\/\/hoyre.no\/porsgrunn\/bystyregruppe-porsgrunn-hoyre\/","url":"https:\/\/hoyre.no\/porsgrunn\/bystyregruppe-porsgrunn-hoyre\/","name":"Bystyregruppe Porsgrunn H\u00f8yre - Porsgrunn H\u00f8yre","isPartOf":{"@id":"https:\/\/hoyre.no\/porsgrunn\/#website"},"datePublished":"2023-10-01T12:42:48+00:00","dateModified":"2023-10-16T17:06:52+00:00","breadcrumb":{"@id":"https:\/\/hoyre.no\/porsgrunn\/bystyregruppe-porsgrunn-hoyre\/#breadcrumb"},"inLanguage":"nb-NO","potentialAction":[{"@type":"ReadAction","target":["https:\/\/hoyre.no\/porsgrunn\/bystyregruppe-porsgrunn-hoyre\/"]}]},{"@type":"BreadcrumbList","@id":"https:\/\/hoyre.no\/porsgrunn\/bystyregruppe-porsgrunn-hoyre\/#breadcrumb","itemListElement":[{"@type":"ListItem","position":1,"name":"Til hoyre.no","item":"https:\/\/hoyre.no"},{"@type":"ListItem","position":2,"name":"Hjem","item":"https:\/\/hoyre.no\/porsgrunn\/"},{"@type":"ListItem","position":3,"name":"Bystyregruppe Porsgrunn H\u00f8yre"}]},{"@type":"WebSite","@id":"https:\/\/hoyre.no\/porsgrunn\/#website","url":"https:\/\/hoyre.no\/porsgrunn\/","name":"Porsgrunn H\u00f8yre","description":"Bare enda et H\u00f8yres nettsteder-nettsted","inLanguage":"nb-NO"}]}},"distributor_meta":false,"distributor_terms":false,"distributor_media":false,"distributor_original_site_name":"Porsgrunn H\u00f8yre","distributor_original_site_url":"https:\/\/hoyre.no\/porsgrunn","push-errors":false,"_links":{"self":[{"href":"https:\/\/hoyre.no\/porsgrunn\/wp-json\/wp\/v2\/pages\/831","targetHints":{"allow":["GET"]}}],"collection":[{"href":"https:\/\/hoyre.no\/porsgrunn\/wp-json\/wp\/v2\/pages"}],"about":[{"href":"https:\/\/hoyre.no\/porsgrunn\/wp-json\/wp\/v2\/types\/page"}],"author":[{"embeddable":true,"href":"https:\/\/hoyre.no\/porsgrunn\/wp-json\/wp\/v2\/users\/17630"}],"replies":[{"embeddable":true,"href":"https:\/\/hoyre.no\/porsgrunn\/wp-json\/wp\/v2\/comments?post=831"}],"version-history":[{"count":4,"href":"https:\/\/hoyre.no\/porsgrunn\/wp-json\/wp\/v2\/pages\/831\/revisions"}],"predecessor-version":[{"id":880,"href":"https:\/\/hoyre.no\/porsgrunn\/wp-json\/wp\/v2\/pages\/831\/revisions\/880"}],"wp:attachment":[{"href":"https:\/\/hoyre.no\/porsgrunn\/wp-json\/wp\/v2\/media?parent=831"}],"curies":[{"name":"wp","href":"https:\/\/api.w.org\/{rel}","templated":true}]}}