{"id":200,"date":"2023-05-02T12:46:39","date_gmt":"2023-05-02T10:46:39","guid":{"rendered":"https:\/\/hoyre.no\/rade\/?page_id=200"},"modified":"2023-06-20T11:52:00","modified_gmt":"2023-06-20T09:52:00","slug":"politikk","status":"publish","type":"page","link":"https:\/\/hoyre.no\/rade\/politikk\/","title":{"rendered":"Politikk"},"content":{"rendered":"\n<div class=\"wp-block-hoyre-hero with-image-gradient text-color-light  has-media alignfull has-background\"><div class=\"hoyre-hero has-image\"><h1 class=\"title\">Politikk<\/h1><p class=\"preamble\"><br><br>R\u00e5de kommune har tatt store steg de siste 12 \u00e5rene. En sunn \u00f8konomi gj\u00f8r at kommunen n\u00e5 kan tilby gode tjenester. Vi har bygd to nye skoler, flerbrukshall, omsorgsboliger, stier og har foretatt andre viktige investeringer. I R\u00e5de skal alle ha mulighet til \u00e5 lykkes og trives uten at \u00f8konomi skal v\u00e6re avgj\u00f8rende. De siste \u00e5rene har vi satset p\u00e5 et varmere R\u00e5de med muligheter for alle. Vi \u00f8nsker at R\u00e5de kommune skal v\u00e6re en selvstendig kommune. For \u00e5 kunne lykkes, m\u00e5 R\u00e5de kommune de neste \u00e5rene ha en retning som gj\u00f8r at man kan leve hele livet, i ett attraktivt og gr\u00f8nt R\u00e5de. <br><br> I R\u00e5de H\u00f8yre har vi slagordet \u00abJa, n\u00e5r vi kan, og nei, n\u00e5r vi m\u00e5\u00bb. Dette har v\u00e6rt v\u00e5r lede\u00adstjerne de siste tolv \u00e5rene. <\/p>\t\t\t<div class=\"post-meta wp-block teft-byline-wrapper\">\n\t\t\t\t<div class=\"top\">\n\t\t\t\t\t<div class=\"signature\">\n\t\t\t\t\t\t<div class=\"teft-byline\">\n\t\t\t\t\t\t\t\t\t\t\t\t\t\t<div>\n\t\t\t\t\t\t\t\t<h3>H\u00f8yres redaksjon<\/h3>\t\t\t\t\t\t\t\t\n\t\t\t\t\t\t\t\t\t\t\t\t\t\t\t\t\t<span class=\"date\">Sist oppdatert: 20. juni 2023<\/span>\n\t\t\t\t\t\t\t\t\t\t\t\t\t\t\t\t\t\t\t\t\t\t\t\t\t<span class=\"reading-time\" itemprop=\"timeRequired\" content=\"PT2M\"><em>Ca. 2 minutter lesetid<\/em><\/span>\n\t\t\t\t\t\t\t\t\t\t\t\t\t\t\t<\/div>\n\t\t\t\t\t\t<\/div>\n\t\t\t\t\t<\/div>\n\t\t\t\t\t\t<div class=\"sharing\">\n\t\t<a class=\"share-button share-link copy-link\" data-copy=\"https:\/\/hoyre.no\/rade\/politikk\/\" target=\"_blank\"><span class=\"screen-reader-text\">Del link<\/span><\/a>\n\t\t<a class=\"share-button share-twitter\" href=\"http:\/\/twitter.com\/share?text=Politikk&#038;url=https:\/\/hoyre.no\/rade\/politikk\/&#038;hashtags=Hoyre\" target=\"_blank\"><span class=\"screen-reader-text\">Del p\u00e5 twitter<\/span><\/a>\n\t\t<a class=\"share-button share-facebook\" href=\"https:\/\/www.facebook.com\/sharer\/sharer.php?u=https:\/\/hoyre.no\/rade\/politikk\/\" target=\"_blank\"><span class=\"screen-reader-text\">Del p\u00e5 facebook<\/span><\/a>\n\t<\/div>\n\t\t\t\t\t<\/div>\n\t\t\t<\/div>\n\n\t\t\t<figure class=\"hoyre-image-wrapper\"><div class=\"hoyre-image\"><img loading=\"lazy\" decoding=\"async\" width=\"2500\" height=\"1667\" src=\"https:\/\/hoyre.no\/content\/uploads\/sites\/164\/2023\/05\/Rade-Hoyre-01-scaled.jpg\" class=\"attachment-scaled size-scaled\" alt=\"\" style=\"object-position: 50% 50%\" srcset=\"https:\/\/hoyre.no\/content\/uploads\/sites\/164\/2023\/05\/Rade-Hoyre-01-scaled.jpg 2500w, https:\/\/hoyre.no\/content\/uploads\/sites\/164\/2023\/05\/Rade-Hoyre-01-300x200.jpg 300w, https:\/\/hoyre.no\/content\/uploads\/sites\/164\/2023\/05\/Rade-Hoyre-01-1024x683.jpg 1024w, https:\/\/hoyre.no\/content\/uploads\/sites\/164\/2023\/05\/Rade-Hoyre-01-768x512.jpg 768w, https:\/\/hoyre.no\/content\/uploads\/sites\/164\/2023\/05\/Rade-Hoyre-01-1536x1025.jpg 1536w, https:\/\/hoyre.no\/content\/uploads\/sites\/164\/2023\/05\/Rade-Hoyre-01-2048x1366.jpg 2048w\" sizes=\"auto, (max-width: 2500px) 100vw, 2500px\" \/><\/div><\/figure><\/div><\/div>\n\n\n\n<h3 class=\"wp-block-heading\"><a href=\"https:\/\/hoyre.no\/rade\/valgprogram-2023-2027\/\">Her kan du lese valgprogrammet v\u00e5rt for 2023 &#8211; 2027<\/a><\/h3>\n\n\n\n<h3 class=\"wp-block-heading\"><a href=\"https:\/\/hoyre.no\/rade\/ti-grunner-til-a-stemme-hoyre-i-rade\/\">Her kan du lese ti grunner til \u00e5 stemme H\u00f8yre i R\u00e5de<\/a><\/h3>\n\n\n\n<h3 class=\"wp-block-heading\"><a href=\"https:\/\/hoyre.no\/rade\/vare-listekandidater\/\">Her kan du lese mer om v\u00e5re listekandidater<\/a><\/h3>\n\n\n\n\n<div class=\"wp-block-teft-file icon-link-block\"><a href=\"https:\/\/hoyre.no\/content\/uploads\/sites\/164\/2023\/06\/Valgmagasin-Rade-Hoyre-2023-2027.pdf\" download><span class=\"file-title\">Last ned og les v\u00e5rt Valgmagasin for 2023 &#8211; 2027<\/span><span class=\"file-name\">Valgmagasin-Rade-Hoyre-2023-2027.pdf [429.3kb]<\/span><\/a><\/div>\n\n","protected":false},"excerpt":{"rendered":"<p>Her kan du lese valgprogrammet v\u00e5rt for 2023 &#8211; 2027 Her kan du lese ti grunner til \u00e5 stemme H\u00f8yre i R\u00e5de Her kan du lese mer om v\u00e5re listekandidater<\/p>\n","protected":false},"author":15871,"featured_media":0,"parent":0,"menu_order":0,"comment_status":"closed","ping_status":"closed","template":"","meta":{"teft_cards_image_url":"","teft_cards_custom_pretitle":"","teft_cards_image_id":206,"teft_cards_image_focal_point_x":0.5,"teft_cards_image_focal_point_y":0.5,"teft_cards_title":"","teft_cards_excerpt":"","teft_show_chapters":false,"footnotes":""},"class_list":["post-200","page","type-page","status-publish","hentry"],"yoast_head":"<!-- This site is optimized with the Yoast SEO plugin v26.6 - https:\/\/yoast.com\/wordpress\/plugins\/seo\/ -->\n<title>Politikk - R\u00e5de H\u00f8yre<\/title>\n<meta name=\"robots\" content=\"index, follow, max-snippet:-1, max-image-preview:large, max-video-preview:-1\" \/>\n<link rel=\"canonical\" href=\"https:\/\/hoyre.no\/rade\/politikk\/\" \/>\n<meta property=\"og:locale\" content=\"nb_NO\" \/>\n<meta property=\"og:type\" content=\"article\" \/>\n<meta property=\"og:title\" content=\"Politikk - R\u00e5de H\u00f8yre\" \/>\n<meta property=\"og:description\" content=\"Her kan du lese valgprogrammet v\u00e5rt for 2023 &#8211; 2027 Her kan du lese ti grunner til \u00e5 stemme H\u00f8yre i R\u00e5de Her kan du lese mer om v\u00e5re listekandidater\" \/>\n<meta property=\"og:url\" content=\"https:\/\/hoyre.no\/rade\/politikk\/\" \/>\n<meta property=\"og:site_name\" content=\"R\u00e5de H\u00f8yre\" \/>\n<meta property=\"article:modified_time\" content=\"2023-06-20T09:52:00+00:00\" \/>\n<meta property=\"og:image\" content=\"https:\/\/hoyre.no\/content\/uploads\/sites\/164\/2023\/05\/Rade-Hoyre-01-1024x683.jpg\" \/>\n<meta name=\"twitter:card\" content=\"summary_large_image\" \/>\n<meta name=\"twitter:label1\" content=\"Ansl. lesetid\" \/>\n\t<meta name=\"twitter:data1\" content=\"1 minutt\" \/>\n<script type=\"application\/ld+json\" class=\"yoast-schema-graph\">{\"@context\":\"https:\/\/schema.org\",\"@graph\":[{\"@type\":\"WebPage\",\"@id\":\"https:\/\/hoyre.no\/rade\/politikk\/\",\"url\":\"https:\/\/hoyre.no\/rade\/politikk\/\",\"name\":\"Politikk - R\u00e5de H\u00f8yre\",\"isPartOf\":{\"@id\":\"https:\/\/hoyre.no\/rade\/#website\"},\"datePublished\":\"2023-05-02T10:46:39+00:00\",\"dateModified\":\"2023-06-20T09:52:00+00:00\",\"breadcrumb\":{\"@id\":\"https:\/\/hoyre.no\/rade\/politikk\/#breadcrumb\"},\"inLanguage\":\"nb-NO\",\"potentialAction\":[{\"@type\":\"ReadAction\",\"target\":[\"https:\/\/hoyre.no\/rade\/politikk\/\"]}]},{\"@type\":\"BreadcrumbList\",\"@id\":\"https:\/\/hoyre.no\/rade\/politikk\/#breadcrumb\",\"itemListElement\":[{\"@type\":\"ListItem\",\"position\":1,\"name\":\"Til hoyre.no\",\"item\":\"https:\/\/hoyre.no\"},{\"@type\":\"ListItem\",\"position\":2,\"name\":\"Hjem\",\"item\":\"https:\/\/hoyre.no\/rade\/\"},{\"@type\":\"ListItem\",\"position\":3,\"name\":\"Politikk\"}]},{\"@type\":\"WebSite\",\"@id\":\"https:\/\/hoyre.no\/rade\/#website\",\"url\":\"https:\/\/hoyre.no\/rade\/\",\"name\":\"R\u00e5de H\u00f8yre\",\"description\":\"Bare enda et H\u00f8yres nettsteder-nettsted\",\"inLanguage\":\"nb-NO\"}]}<\/script>\n<!-- \/ Yoast SEO plugin. -->","yoast_head_json":{"title":"Politikk - R\u00e5de H\u00f8yre","robots":{"index":"index","follow":"follow","max-snippet":"max-snippet:-1","max-image-preview":"max-image-preview:large","max-video-preview":"max-video-preview:-1"},"canonical":"https:\/\/hoyre.no\/rade\/politikk\/","og_locale":"nb_NO","og_type":"article","og_title":"Politikk - R\u00e5de H\u00f8yre","og_description":"Her kan du lese valgprogrammet v\u00e5rt for 2023 &#8211; 2027 Her kan du lese ti grunner til \u00e5 stemme H\u00f8yre i R\u00e5de Her kan du lese mer om v\u00e5re listekandidater","og_url":"https:\/\/hoyre.no\/rade\/politikk\/","og_site_name":"R\u00e5de H\u00f8yre","article_modified_time":"2023-06-20T09:52:00+00:00","og_image":[{"url":"https:\/\/hoyre.no\/content\/uploads\/sites\/164\/2023\/05\/Rade-Hoyre-01-1024x683.jpg","width":"","height":"","type":""}],"twitter_card":"summary_large_image","twitter_misc":{"Ansl. lesetid":"1 minutt"},"schema":{"@context":"https:\/\/schema.org","@graph":[{"@type":"WebPage","@id":"https:\/\/hoyre.no\/rade\/politikk\/","url":"https:\/\/hoyre.no\/rade\/politikk\/","name":"Politikk - R\u00e5de H\u00f8yre","isPartOf":{"@id":"https:\/\/hoyre.no\/rade\/#website"},"datePublished":"2023-05-02T10:46:39+00:00","dateModified":"2023-06-20T09:52:00+00:00","breadcrumb":{"@id":"https:\/\/hoyre.no\/rade\/politikk\/#breadcrumb"},"inLanguage":"nb-NO","potentialAction":[{"@type":"ReadAction","target":["https:\/\/hoyre.no\/rade\/politikk\/"]}]},{"@type":"BreadcrumbList","@id":"https:\/\/hoyre.no\/rade\/politikk\/#breadcrumb","itemListElement":[{"@type":"ListItem","position":1,"name":"Til hoyre.no","item":"https:\/\/hoyre.no"},{"@type":"ListItem","position":2,"name":"Hjem","item":"https:\/\/hoyre.no\/rade\/"},{"@type":"ListItem","position":3,"name":"Politikk"}]},{"@type":"WebSite","@id":"https:\/\/hoyre.no\/rade\/#website","url":"https:\/\/hoyre.no\/rade\/","name":"R\u00e5de H\u00f8yre","description":"Bare enda et H\u00f8yres nettsteder-nettsted","inLanguage":"nb-NO"}]}},"distributor_meta":false,"distributor_terms":false,"distributor_media":false,"distributor_original_site_name":"R\u00e5de H\u00f8yre","distributor_original_site_url":"https:\/\/hoyre.no\/rade","push-errors":false,"_links":{"self":[{"href":"https:\/\/hoyre.no\/rade\/wp-json\/wp\/v2\/pages\/200","targetHints":{"allow":["GET"]}}],"collection":[{"href":"https:\/\/hoyre.no\/rade\/wp-json\/wp\/v2\/pages"}],"about":[{"href":"https:\/\/hoyre.no\/rade\/wp-json\/wp\/v2\/types\/page"}],"author":[{"embeddable":true,"href":"https:\/\/hoyre.no\/rade\/wp-json\/wp\/v2\/users\/15871"}],"replies":[{"embeddable":true,"href":"https:\/\/hoyre.no\/rade\/wp-json\/wp\/v2\/comments?post=200"}],"version-history":[{"count":14,"href":"https:\/\/hoyre.no\/rade\/wp-json\/wp\/v2\/pages\/200\/revisions"}],"predecessor-version":[{"id":453,"href":"https:\/\/hoyre.no\/rade\/wp-json\/wp\/v2\/pages\/200\/revisions\/453"}],"wp:attachment":[{"href":"https:\/\/hoyre.no\/rade\/wp-json\/wp\/v2\/media?parent=200"}],"curies":[{"name":"wp","href":"https:\/\/api.w.org\/{rel}","templated":true}]}}