{"id":212,"date":"2023-05-30T10:26:50","date_gmt":"2023-05-30T08:26:50","guid":{"rendered":"https:\/\/hoyre.no\/rade\/?page_id=212"},"modified":"2023-06-03T00:02:58","modified_gmt":"2023-06-02T22:02:58","slug":"valgprogram-2023-2027","status":"publish","type":"page","link":"https:\/\/hoyre.no\/rade\/valgprogram-2023-2027\/","title":{"rendered":"Valgprogram 2023 &#8211; 2027"},"content":{"rendered":"\n<div class=\"wp-block-hoyre-hero with-image-gradient text-color-light  has-media alignfull has-background\"><div class=\"hoyre-hero has-image\"><h1 class=\"title\">Valgprogram 2023 &#8211; 2027<\/h1><p class=\"preamble\">R\u00e5de H\u00f8yre<br>Vedtatt p\u00e5 medlemsm\u00f8te 11.mai 2023<\/p>\t\t\t<div class=\"post-meta wp-block teft-byline-wrapper\">\n\t\t\t\t<div class=\"top\">\n\t\t\t\t\t<div class=\"signature\">\n\t\t\t\t\t\t<div class=\"teft-byline\">\n\t\t\t\t\t\t\t\t\t\t\t\t\t\t<div>\n\t\t\t\t\t\t\t\t<h3>H\u00f8yres redaksjon<\/h3>\t\t\t\t\t\t\t\t\n\t\t\t\t\t\t\t\t\t\t\t\t\t\t\t\t\t<span class=\"date\">Sist oppdatert: 3. juni 2023<\/span>\n\t\t\t\t\t\t\t\t\t\t\t\t\t\t\t\t\t\t\t\t\t\t\t\t\t<span class=\"reading-time\" itemprop=\"timeRequired\" content=\"PT7M\"><em>Ca. 7 minutter lesetid<\/em><\/span>\n\t\t\t\t\t\t\t\t\t\t\t\t\t\t\t<\/div>\n\t\t\t\t\t\t<\/div>\n\t\t\t\t\t<\/div>\n\t\t\t\t\t\t<div class=\"sharing\">\n\t\t<a class=\"share-button share-link copy-link\" data-copy=\"https:\/\/hoyre.no\/rade\/valgprogram-2023-2027\/\" target=\"_blank\"><span class=\"screen-reader-text\">Del link<\/span><\/a>\n\t\t<a class=\"share-button share-twitter\" href=\"http:\/\/twitter.com\/share?text=Valgprogram 2023 &#8211; 2027&#038;url=https:\/\/hoyre.no\/rade\/valgprogram-2023-2027\/&#038;hashtags=Hoyre\" target=\"_blank\"><span class=\"screen-reader-text\">Del p\u00e5 twitter<\/span><\/a>\n\t\t<a class=\"share-button share-facebook\" href=\"https:\/\/www.facebook.com\/sharer\/sharer.php?u=https:\/\/hoyre.no\/rade\/valgprogram-2023-2027\/\" target=\"_blank\"><span class=\"screen-reader-text\">Del p\u00e5 facebook<\/span><\/a>\n\t<\/div>\n\t\t\t\t\t<\/div>\n\t\t\t<\/div>\n\n\t\t\t<figure class=\"hoyre-image-wrapper\"><div class=\"hoyre-image\"><img loading=\"lazy\" decoding=\"async\" width=\"2500\" height=\"1667\" src=\"https:\/\/hoyre.no\/content\/uploads\/sites\/164\/2023\/05\/Rade-Hoyre-02-1-scaled.jpg\" class=\"attachment-scaled size-scaled\" alt=\"\" style=\"object-position: 50% 50%\" srcset=\"https:\/\/hoyre.no\/content\/uploads\/sites\/164\/2023\/05\/Rade-Hoyre-02-1-scaled.jpg 2500w, https:\/\/hoyre.no\/content\/uploads\/sites\/164\/2023\/05\/Rade-Hoyre-02-1-300x200.jpg 300w, https:\/\/hoyre.no\/content\/uploads\/sites\/164\/2023\/05\/Rade-Hoyre-02-1-1024x683.jpg 1024w, https:\/\/hoyre.no\/content\/uploads\/sites\/164\/2023\/05\/Rade-Hoyre-02-1-768x512.jpg 768w, https:\/\/hoyre.no\/content\/uploads\/sites\/164\/2023\/05\/Rade-Hoyre-02-1-1536x1025.jpg 1536w, https:\/\/hoyre.no\/content\/uploads\/sites\/164\/2023\/05\/Rade-Hoyre-02-1-2048x1366.jpg 2048w\" sizes=\"auto, (max-width: 2500px) 100vw, 2500px\" \/><\/div><\/figure><\/div><\/div>\n\n\n\n\n<p>R\u00e5de kommune har tatt store steg de siste 12 \u00e5rene. En sunn \u00f8konomi gj\u00f8r at kommunen n\u00e5 kan tilby gode tjenester. Vi har bygd to nye skoler, flerbrukshall, omsorgsboliger, stier og har foretatt andre viktige investeringer.I R\u00e5de skal alle ha mulighet til \u00e5 lykkes og trives uten at \u00f8konomi skal v\u00e6re avgj\u00f8rende. De siste \u00e5rene har vi satset p\u00e5 et varmere R\u00e5de med muligheter for alle. Vi \u00f8nsker at R\u00e5de kommune skal v\u00e6re en selvstendig kommune. For \u00e5 kunne lykkes, m\u00e5 R\u00e5de kommune de neste \u00e5rene ha en retning som gj\u00f8r at man kan leve hele livet, i ett attraktivt og gr\u00f8nt R\u00e5de.<\/p>\n\n\n\n<h2 class=\"wp-block-heading\">Leve hele livet i R\u00e5de<\/h2>\n\n\n\n<h3 class=\"wp-block-heading\">Helse<\/h3>\n\n\n\n<p>De neste \u00e5rene vil kommunen f\u00e5 mange flere over 80 \u00e5r. De fleste vil leve hjemme, noen vil trenge tjenester fra kommunen, mens andre vil v\u00e6re en ressurs i mange \u00e5r. Sykehusene sender pasienter raskere tilbake etter behandling, noe som gj\u00f8r at vi m\u00e5 kunne gi enda bedre helsetjenester fra f\u00f8r vugge til etter grav. Det er viktig at vi har forebyggende aktiviteter, m\u00f8teplasser og gode tilbud sammen med frivilligheten. Dette gj\u00f8r at vi skaper gode opplevelser og hindrer ensomhet.<\/p>\n\n\n\n<p>R\u00e5de H\u00f8yre vil ha fokus p\u00e5 psykisk helse, dette gjennom \u00e5 st\u00f8tte oppunder eksisterende tilbud, samt f\u00e5 p\u00e5 plass et lavterskeltilbud for barn og ungdom uten henvisning fra lege. Det er flere som f\u00e5r diagnosen demens. B\u00e5de p\u00e5r\u00f8rende og de som f\u00e5r demens m\u00e5 ha tilbud som gj\u00f8r at de mestrer hverdagen. Flere av dem som trenger tjenester fra kommunen er unge mennesker. Derfor er det viktig med et helhetlig helsetilbud n\u00e5r det skal bygges nytt helsehus.<\/p>\n\n\n\n<ul class=\"wp-block-list\"><li>Bygge nytt helsehus med tjenester og tilbud til hele befolkningen<\/li><li>Etablere lavterskeltilbud innen psykisk helse og rusomsorg i skolehelsetjenesten, samt videreutvikle tilbudet for aldersgruppen 18 \u00e5r og oppover<\/li><li>Innf\u00f8re tilbud om 1 time aktivitet daglig for alle de som er p\u00e5 Helsehuset og Dagsenteret<\/li><li>Tilstrekkelig med ressurser i hjemmetjenesten slik at de som er avhengige av tjenesten har f\u00e6rrest mulig \u00e5 forholde seg til<\/li><li>Gjennomf\u00f8re brukerunders\u00f8kelser for de som mottar helsetjenester og deres p\u00e5r\u00f8rende annet hvert \u00e5r<\/li><li>Flytte rutinekontroll av tannhelse i skolen tilbake til kommunen gjennom samarbeid med private akt\u00f8rer<\/li><\/ul>\n\n\n\n\n<h3 class=\"wp-block-heading\">Skole<\/h3>\n\n\n\n<p>R\u00e5de har de seneste \u00e5rene oppgradert b\u00e5de barneskoler og ungdomsskole. N\u00e5 m\u00e5 vi s\u00f8rge for at innholdet i skolen fortsetter \u00e5 holde samme standard, og at de utvikles videre i m\u00f8te med samfunnet vi lever i. <br>Vi \u00f8nsker ekstra fokus p\u00e5 \u00e5 bli en enda bedre skole. Satsingen m\u00e5 skje i samarbeid med ledelsen og de ansatte p\u00e5 skolene, FAU, elever, administrasjon og folkevalgte. Dette gir en skole med gode muligheter for alle. <br>Mobbing er en utfordring. Nulltoleranse for mobbing er derfor h\u00f8yest prioritert. Det er R\u00e5de H\u00f8yres m\u00e5lsetting at alle elever skal f\u00f8le seg verdsatt p\u00e5 skolen, og f\u00e5 undervisning som f\u00e5r det beste ut av hver enkelt elev. <br>Vi ser at sommerskole og sommerjobb har v\u00e6rt popul\u00e6rt og \u00f8nsker \u00e5 videref\u00f8re dette.<\/p>\n\n\n\n<ul class=\"wp-block-list\"><li>Nulltoleranse for mobbing som et absolutt krav<\/li><li>R\u00e5deskolene skal bli blant de 10% beste i landet iht. skolebidragsindikatoren &#8211; gjennom en fornyet skolestrategi<\/li><li>90% av elevene skal fullf\u00f8re videreg\u00e5ende skole<\/li><li>Etablere et mestringssenter for ungdom gjennom interkommunalt samarbeid<\/li><li>Sette utdanning- og yrkesveiledning i system gjennom hele ungdomsskoleperioden<\/li><li>Fange opp utfordrende adferd i barnehagen som del av planen for tidlig innsats<\/li><li>Videreutvikle sommerskolen<\/li><li>Innf\u00f8re gaming som valgfag i ungdomsskolen<\/li><li>Sikre fortsatt sommerjobb til ungdom etter dagens modell i kommunal regi<\/li><li>Opprettholde minst to l\u00e6rlingeplasser per 1000 innbyggere<\/li><li>Sikre at ungt entrepren\u00f8rskap er tilstede i alle skolene i R\u00e5de<\/li><\/ul>\n\n\n\n<h3 class=\"wp-block-heading\">Senior<\/h3>\n\n\n\n<p>Antall eldre vil \u00f8ke betraktelig i \u00e5rene som kommer. Det er derfor viktig at vi f\u00f8rer en politikk som tar hensyn til dette. Bygda m\u00e5 v\u00e6re attraktiv for alle seniorer, og ikke bare for de som trenger hjelp. Det m\u00e5 legges til rette for en god alderdom. Vi \u00f8nsker flere arenaer for \u00f8kt samv\u00e6r og aktivitetsniv\u00e5. En senior er en ressursperson, og kommunen m\u00e5 derfor legge til rette for utnyttelsen av denne ressursen.<\/p>\n\n\n\n<ul class=\"wp-block-list\"><li>Gi st\u00f8tte til organisasjoner og foreninger som tilrettelegger for aktiviteter<\/li><li>Tilrettelegge for digital oppl\u00e6ring<\/li><li>Skape gode m\u00f8teplasser<\/li><li>Positive til etablering av private seniortun<\/li><\/ul>\n\n\n\n<h3 class=\"wp-block-heading\">Frivillighet, lag og foreninger<\/h3>\n\n\n\n<p>Uten frivilligheten stopper R\u00e5de. Bygda har et rikt mangfold av lag og foreninger med mange frivillige som stiller opp hver dag. Det er viktig at kommunen er en god samarbeidspartner med de frivillige s\u00e5 de kan lykkes. Lykkes de, s\u00e5 lykkes kommunen. Dette vil R\u00e5de H\u00f8yre v\u00e6re en bidragsyter til, gjennom \u00e5 st\u00f8tte og viderutvikle.<\/p>\n\n\n\n<ul class=\"wp-block-list\"><li>Etablere fritidsstipend for barn og ungdom<\/li><li>Etablere frivillighetsr\u00e5d<\/li><li>\u00d8ke st\u00f8tten til lag og foreninger<\/li><li>Gjennomf\u00f8re k\u00e5ring av \u00e5rets frivillige<\/li><li>Saltnes Sportsklubb f\u00e5r leie og utvikle n\u00e6rmilj\u00f8anlegget til samme betingelser og<\/li><li>forutsetninger som andre lag og foreninger<\/li><li>Opprette en mentorordning mellom seniorer og unge<\/li><\/ul>\n\n\n\n<h2 class=\"wp-block-heading\">Attraktive R\u00e5de<\/h2>\n\n\n\n<p>Det er viktig at R\u00e5de kommune de neste \u00e5rene t\u00f8r \u00e5 tenke nytt og fremtidsrettet, dette for at vi skal v\u00e6re attraktive for innflyttere, n\u00e6ringsliv og kommunalt ansatte &#8211; slik at vi kan fortsette som en selvstendig kommune. <br>Det \u00e5 v\u00e6re en mellomstor kommune med v\u00e5r beliggenhet gir bygda en helt unik mulighet. Dette er enest\u00e5ende for n\u00e6ringslivet, ved et at det er kort vei til markedet varene skal til. R\u00e5de kommune ligger midt mellom 3 byer. Ny jernbaneutbygging gj\u00f8re at reisetiden med toget til Oslo er under 45 minutter n\u00e5r nye Moss stasjon er klar. <br>Med nye boligomr\u00e5der som ligger n\u00e6r natur og sj\u00f8 &#8211; og midt i sentrum &#8211; kan vi tilby en eksklusiv mulighet for den som vil bo i et slikt nabolag. I tillegg vil vi videreutvikle sentrum med park, torg og det etterlengtede Langhuset. <br>Saltnes er et flott omr\u00e5de med butikker og m\u00f8teplasser som vi \u00f8nsker \u00e5 videreutvikle. Vi vil at Oven skal f\u00e5 flere m\u00f8teplasser p\u00e5 sommeren, og vi m\u00e5 ta vare p\u00e5 Missingmyr med \u00e5 videreutvikle turplasser og stier. Varme R\u00e5de skal gi muligheter for alle.<br><\/p>\n\n\n\n<ul class=\"wp-block-list\"><li>Bygge Langhuset i Karlshus som aktivitets- og administrasjonshus<\/li><li>Lansere prosjektet; Saltnes &#8211; et attraktivt og levende tettsted<\/li><li>Videreutvikle Missingmyr som n\u00e6ringsomr\u00e5de og etablere infrastruktur i harmoni med beboerne<\/li><li>Videreutvikle infrastrukturen til vann og avl\u00f8p i hele kommunen<\/li><li>Forenkle alle byggesaker ved \u00e5 digitalisere saksbehandlingen<\/li><li>Videreutvikle gratis parkeringsmuligheter for pendlere og bes\u00f8kende<\/li><li>Offentlig privat samarbeid for \u00e5 f\u00e5 p\u00e5 plass sv\u00f8mmeanlegg<\/li><li>Positive til at det skal bygges Norges st\u00f8rste kombinerte Crossfitbox og Padelsenter<\/li><li>Egen n\u00e6ringskontakt p\u00e5 teknisk avdeling<\/li><li>Arrangere \u00e5rlige n\u00e6ringslivsdager<\/li><li>Etablere flere bobilparkeringer i bygda<\/li><li>Innf\u00f8res leie for eie, i den hensikt \u00e5 gj\u00f8re det lettere \u00e5 komme inn p\u00e5 boligmarkedet<\/li><li>Positive til at b\u00f8nder kan etablere tilleggsn\u00e6ring<\/li><li>Opprettholde R\u00e5de Parkfestival og R\u00e5de G\u00e5rdsfestival<\/li><li>Hospitering mellom avdelinger for de ansatte i kommunen<\/li><li>Jobbe for \u00e5 flytte hovedaksen fra Saltnes til Karlshus, ved \u00e5 la veien g\u00e5 rett frem i Hafellsvingen til ny rundkj\u00f8ring p\u00e5 Rv110 (Fredrikstadveien)<\/li><li>Jobbe for at eiendomsskatten holdes s\u00e5 lav som mulig<\/li><\/ul>\n\n\n\n<h2 class=\"has-text-align-left wp-block-heading\">Gr\u00f8nne R\u00e5de<\/h2>\n\n\n\n<p>R\u00e5de er en kommune som er rik p\u00e5 variert og flott natur. For \u00e5 kunne utnytte dette fullt ut, m\u00e5 vi gj\u00f8re det enda mer attraktivt for b\u00e5de innbyggere og bes\u00f8kende. <br>Vi m\u00e5 de neste \u00e5rene fortsette utviklingen med \u00e5 gj\u00f8re det enklere \u00e5 ta gr\u00f8nne valg. Derfor m\u00e5 vi ha gang- og sykkelveier, samt utvikle nye omr\u00e5der som gir muligheter til \u00e5 nyte b\u00e5de sj\u00f8, ferskvann, stier og opplevelser innen egen kommune. <br>Det skal v\u00e6re mulig \u00e5 ta de gr\u00f8nne valgene i bygda v\u00e5r, som gr\u00f8nn kraft, gr\u00f8nne reiser, og gr\u00f8nne opplevelser. Kommunen skal v\u00e6re aktivt inne i Klima \u00d8stfold, og fortsette \u00e5 v\u00e6re med p\u00e5 Oslofjordsamarbeidet innenfor klima og samferdsel.<\/p>\n\n\n\n<ul class=\"wp-block-list\"><li>Bidra til en renere Oslofjord og Vansj\u00f8 gjennom utarbeidelse av en konkret handlingsplan<\/li><li>Legge til rette for \u00f8kt aktivitet i naturomr\u00e5der (brygger med b\u00e5tutleie, klatrepark, hinderl\u00f8yper, stupet\u00e5rn, badeplasser, badefl\u00e5ter, flere parkeringsplasser ved \u00abb\u00e5tslipp\u00bb og treningsapparater)<\/li><li>Ferdigstille turstien i Karlshusskogen, friomr\u00e5det p\u00e5 Ellingstranda og Moltemyra<\/li><li>Ny tursti i omr\u00e5det Missingmyr, Slangsvold og Danserfjella i tett samarbeid med DNT Vansj\u00f8<\/li><li>Ferdigstille gang- og sykkelvei fra Tomb til Karlshus, og fra Eplehagen til rundkj\u00f8ring ved Fv279 i Missingmyr<\/li><li>Selvkj\u00f8rende busser i bygda med faste ruter<\/li><li>Hurtigg\u00e5ende elektrisk pendlerb\u00e5t mellom Moss-Saltnes-Fredrikstad<\/li><li>Beskytte dyrket og dyrkbar mark mot utbygging<\/li><li>Tilrettelegge for bygging av energivennlige bygg ifm. nybygging privat og for n\u00e6ring<\/li><li>Positive til bl\u00e5gr\u00f8nne n\u00e6ringer som eksempelvis bl\u00e5skjell- og tunikatfarmer<\/li><li>Fortsette jobben med \u00e5 f\u00e5 avl\u00f8p fra alle hus og hytter inn p\u00e5 kommunalt ledningsnett<\/li><li>S\u00f8rge for at alle overvannsledninger&nbsp; blir separert fra avl\u00f8psledninger<\/li><li>Flere s\u00f8ppeldunker tilknyttet turomr\u00e5der og n\u00e6rmilj\u00f8anlegg<\/li><\/ul>\n","protected":false},"excerpt":{"rendered":"<p>Skole R\u00e5de har de seneste \u00e5rene oppgradert b\u00e5de barneskoler og ungdomsskole. N\u00e5 m\u00e5 vi s\u00f8rge for at innholdet i skolen fortsetter \u00e5 holde samme standard, og at de utvikles videre i m\u00f8te med samfunnet vi lever i. Vi \u00f8nsker ekstra fokus p\u00e5 \u00e5 bli en enda bedre skole. Satsingen m\u00e5 skje i samarbeid med ledelsen [&hellip;]<\/p>\n","protected":false},"author":15871,"featured_media":0,"parent":0,"menu_order":0,"comment_status":"closed","ping_status":"closed","template":"","meta":{"teft_cards_image_url":"","teft_cards_custom_pretitle":"","teft_cards_image_id":206,"teft_cards_image_focal_point_x":0.5,"teft_cards_image_focal_point_y":0.5,"teft_cards_title":"","teft_cards_excerpt":"","teft_show_chapters":false,"footnotes":""},"class_list":["post-212","page","type-page","status-publish","hentry"],"yoast_head":"<!-- This site is optimized with the Yoast SEO plugin v26.6 - https:\/\/yoast.com\/wordpress\/plugins\/seo\/ -->\n<title>Valgprogram 2023 - 2027 - R\u00e5de H\u00f8yre<\/title>\n<meta name=\"robots\" content=\"index, follow, max-snippet:-1, max-image-preview:large, max-video-preview:-1\" \/>\n<link rel=\"canonical\" href=\"https:\/\/hoyre.no\/rade\/valgprogram-2023-2027\/\" \/>\n<meta property=\"og:locale\" content=\"nb_NO\" \/>\n<meta property=\"og:type\" content=\"article\" \/>\n<meta property=\"og:title\" content=\"Valgprogram 2023 - 2027 - R\u00e5de H\u00f8yre\" \/>\n<meta property=\"og:description\" content=\"Skole R\u00e5de har de seneste \u00e5rene oppgradert b\u00e5de barneskoler og ungdomsskole. N\u00e5 m\u00e5 vi s\u00f8rge for at innholdet i skolen fortsetter \u00e5 holde samme standard, og at de utvikles videre i m\u00f8te med samfunnet vi lever i. Vi \u00f8nsker ekstra fokus p\u00e5 \u00e5 bli en enda bedre skole. Satsingen m\u00e5 skje i samarbeid med ledelsen [&hellip;]\" \/>\n<meta property=\"og:url\" content=\"https:\/\/hoyre.no\/rade\/valgprogram-2023-2027\/\" \/>\n<meta property=\"og:site_name\" content=\"R\u00e5de H\u00f8yre\" \/>\n<meta property=\"article:modified_time\" content=\"2023-06-02T22:02:58+00:00\" \/>\n<meta property=\"og:image\" content=\"https:\/\/hoyre.no\/content\/uploads\/sites\/164\/2023\/05\/Rade-Hoyre-01-1024x683.jpg\" \/>\n<meta name=\"twitter:card\" content=\"summary_large_image\" \/>\n<meta name=\"twitter:label1\" content=\"Ansl. lesetid\" \/>\n\t<meta name=\"twitter:data1\" content=\"8 minutter\" \/>\n<script type=\"application\/ld+json\" class=\"yoast-schema-graph\">{\"@context\":\"https:\/\/schema.org\",\"@graph\":[{\"@type\":\"WebPage\",\"@id\":\"https:\/\/hoyre.no\/rade\/valgprogram-2023-2027\/\",\"url\":\"https:\/\/hoyre.no\/rade\/valgprogram-2023-2027\/\",\"name\":\"Valgprogram 2023 - 2027 - R\u00e5de H\u00f8yre\",\"isPartOf\":{\"@id\":\"https:\/\/hoyre.no\/rade\/#website\"},\"datePublished\":\"2023-05-30T08:26:50+00:00\",\"dateModified\":\"2023-06-02T22:02:58+00:00\",\"breadcrumb\":{\"@id\":\"https:\/\/hoyre.no\/rade\/valgprogram-2023-2027\/#breadcrumb\"},\"inLanguage\":\"nb-NO\",\"potentialAction\":[{\"@type\":\"ReadAction\",\"target\":[\"https:\/\/hoyre.no\/rade\/valgprogram-2023-2027\/\"]}]},{\"@type\":\"BreadcrumbList\",\"@id\":\"https:\/\/hoyre.no\/rade\/valgprogram-2023-2027\/#breadcrumb\",\"itemListElement\":[{\"@type\":\"ListItem\",\"position\":1,\"name\":\"Til hoyre.no\",\"item\":\"https:\/\/hoyre.no\"},{\"@type\":\"ListItem\",\"position\":2,\"name\":\"Hjem\",\"item\":\"https:\/\/hoyre.no\/rade\/\"},{\"@type\":\"ListItem\",\"position\":3,\"name\":\"Valgprogram 2023 &#8211; 2027\"}]},{\"@type\":\"WebSite\",\"@id\":\"https:\/\/hoyre.no\/rade\/#website\",\"url\":\"https:\/\/hoyre.no\/rade\/\",\"name\":\"R\u00e5de H\u00f8yre\",\"description\":\"Bare enda et H\u00f8yres nettsteder-nettsted\",\"inLanguage\":\"nb-NO\"}]}<\/script>\n<!-- \/ Yoast SEO plugin. -->","yoast_head_json":{"title":"Valgprogram 2023 - 2027 - R\u00e5de H\u00f8yre","robots":{"index":"index","follow":"follow","max-snippet":"max-snippet:-1","max-image-preview":"max-image-preview:large","max-video-preview":"max-video-preview:-1"},"canonical":"https:\/\/hoyre.no\/rade\/valgprogram-2023-2027\/","og_locale":"nb_NO","og_type":"article","og_title":"Valgprogram 2023 - 2027 - R\u00e5de H\u00f8yre","og_description":"Skole R\u00e5de har de seneste \u00e5rene oppgradert b\u00e5de barneskoler og ungdomsskole. N\u00e5 m\u00e5 vi s\u00f8rge for at innholdet i skolen fortsetter \u00e5 holde samme standard, og at de utvikles videre i m\u00f8te med samfunnet vi lever i. Vi \u00f8nsker ekstra fokus p\u00e5 \u00e5 bli en enda bedre skole. Satsingen m\u00e5 skje i samarbeid med ledelsen [&hellip;]","og_url":"https:\/\/hoyre.no\/rade\/valgprogram-2023-2027\/","og_site_name":"R\u00e5de H\u00f8yre","article_modified_time":"2023-06-02T22:02:58+00:00","og_image":[{"url":"https:\/\/hoyre.no\/content\/uploads\/sites\/164\/2023\/05\/Rade-Hoyre-01-1024x683.jpg","width":"","height":"","type":""}],"twitter_card":"summary_large_image","twitter_misc":{"Ansl. lesetid":"8 minutter"},"schema":{"@context":"https:\/\/schema.org","@graph":[{"@type":"WebPage","@id":"https:\/\/hoyre.no\/rade\/valgprogram-2023-2027\/","url":"https:\/\/hoyre.no\/rade\/valgprogram-2023-2027\/","name":"Valgprogram 2023 - 2027 - R\u00e5de H\u00f8yre","isPartOf":{"@id":"https:\/\/hoyre.no\/rade\/#website"},"datePublished":"2023-05-30T08:26:50+00:00","dateModified":"2023-06-02T22:02:58+00:00","breadcrumb":{"@id":"https:\/\/hoyre.no\/rade\/valgprogram-2023-2027\/#breadcrumb"},"inLanguage":"nb-NO","potentialAction":[{"@type":"ReadAction","target":["https:\/\/hoyre.no\/rade\/valgprogram-2023-2027\/"]}]},{"@type":"BreadcrumbList","@id":"https:\/\/hoyre.no\/rade\/valgprogram-2023-2027\/#breadcrumb","itemListElement":[{"@type":"ListItem","position":1,"name":"Til hoyre.no","item":"https:\/\/hoyre.no"},{"@type":"ListItem","position":2,"name":"Hjem","item":"https:\/\/hoyre.no\/rade\/"},{"@type":"ListItem","position":3,"name":"Valgprogram 2023 &#8211; 2027"}]},{"@type":"WebSite","@id":"https:\/\/hoyre.no\/rade\/#website","url":"https:\/\/hoyre.no\/rade\/","name":"R\u00e5de H\u00f8yre","description":"Bare enda et H\u00f8yres nettsteder-nettsted","inLanguage":"nb-NO"}]}},"distributor_meta":false,"distributor_terms":false,"distributor_media":false,"distributor_original_site_name":"R\u00e5de H\u00f8yre","distributor_original_site_url":"https:\/\/hoyre.no\/rade","push-errors":false,"_links":{"self":[{"href":"https:\/\/hoyre.no\/rade\/wp-json\/wp\/v2\/pages\/212","targetHints":{"allow":["GET"]}}],"collection":[{"href":"https:\/\/hoyre.no\/rade\/wp-json\/wp\/v2\/pages"}],"about":[{"href":"https:\/\/hoyre.no\/rade\/wp-json\/wp\/v2\/types\/page"}],"author":[{"embeddable":true,"href":"https:\/\/hoyre.no\/rade\/wp-json\/wp\/v2\/users\/15871"}],"replies":[{"embeddable":true,"href":"https:\/\/hoyre.no\/rade\/wp-json\/wp\/v2\/comments?post=212"}],"version-history":[{"count":4,"href":"https:\/\/hoyre.no\/rade\/wp-json\/wp\/v2\/pages\/212\/revisions"}],"predecessor-version":[{"id":251,"href":"https:\/\/hoyre.no\/rade\/wp-json\/wp\/v2\/pages\/212\/revisions\/251"}],"wp:attachment":[{"href":"https:\/\/hoyre.no\/rade\/wp-json\/wp\/v2\/media?parent=212"}],"curies":[{"name":"wp","href":"https:\/\/api.w.org\/{rel}","templated":true}]}}