{"id":225,"date":"2023-05-30T16:49:46","date_gmt":"2023-05-30T14:49:46","guid":{"rendered":"https:\/\/hoyre.no\/rade\/?page_id=225"},"modified":"2023-06-14T09:19:46","modified_gmt":"2023-06-14T07:19:46","slug":"ti-grunner-til-a-stemme-hoyre-i-rade","status":"publish","type":"page","link":"https:\/\/hoyre.no\/rade\/ti-grunner-til-a-stemme-hoyre-i-rade\/","title":{"rendered":"Ti gode grunner til \u00e5 stemme H\u00f8yre i R\u00e5de"},"content":{"rendered":"\n<div class=\"wp-block-hoyre-hero with-image-gradient text-color-light  alignfull has-background\"><div class=\"hoyre-hero \"><h1 class=\"title\">Ti gode grunner til \u00e5 stemme H\u00f8yre i R\u00e5de<\/h1><p class=\"preamble\">I R\u00e5de H\u00f8yre har vi slagordet \u00abJa, n\u00e5r vi kan, og nei, n\u00e5r vi m\u00e5\u00bb. Dette har v\u00e6rt v\u00e5r lede\u00adstjerne de siste tolv \u00e5rene.<\/p><\/div><\/div>\n\n\n\n\n<p><\/p>\n\n\n\n<div class=\"wp-block-media-text alignwide is-stacked-on-mobile is-image-fill\"><figure class=\"wp-block-media-text__media\" style=\"background-image:url('https:\/\/hoyre.no\/content\/uploads\/sites\/164\/2023\/05\/Rade-Hoyre-02-1-1024x683.jpg');background-position:50% 50%\"><img loading=\"lazy\" decoding=\"async\" width=\"1024\" height=\"683\" src=\"https:\/\/hoyre.no\/content\/uploads\/sites\/164\/2023\/05\/Rade-Hoyre-02-1-1024x683.jpg\" alt=\"\" class=\"wp-image-213 size-full\" srcset=\"https:\/\/hoyre.no\/content\/uploads\/sites\/164\/2023\/05\/Rade-Hoyre-02-1-1024x683.jpg 1024w, https:\/\/hoyre.no\/content\/uploads\/sites\/164\/2023\/05\/Rade-Hoyre-02-1-300x200.jpg 300w, https:\/\/hoyre.no\/content\/uploads\/sites\/164\/2023\/05\/Rade-Hoyre-02-1-768x512.jpg 768w, https:\/\/hoyre.no\/content\/uploads\/sites\/164\/2023\/05\/Rade-Hoyre-02-1-1536x1025.jpg 1536w, https:\/\/hoyre.no\/content\/uploads\/sites\/164\/2023\/05\/Rade-Hoyre-02-1-2048x1366.jpg 2048w\" sizes=\"auto, (max-width: 1024px) 100vw, 1024px\" \/><\/figure><div class=\"wp-block-media-text__content\">\n<p>R\u00e5de kommune har tatt store steg de siste 12 \u00e5rene. En sunn \u00f8konomi gj\u00f8r at kommunen n\u00e5 kan tilby gode tjenester. Vi har bygd to nye skoler, flerbrukshall, omsorgsboliger, stier og har foretatt andre viktige investeringer. I R\u00e5de skal alle ha mulighet til \u00e5 lykkes og trives uten at \u00f8konomi skal v\u00e6re avgj\u00f8rende. De siste \u00e5rene har vi satset p\u00e5 et varmere R\u00e5de med muligheter for alle. Vi \u00f8nsker at R\u00e5de kommune skal v\u00e6re en selvstendig kommune. For \u00e5 kunne lykkes, m\u00e5 R\u00e5de kommune de neste \u00e5rene ha en retning som gj\u00f8r at man kan leve hele livet, i ett attraktivt og gr\u00f8nt R\u00e5de.<\/p>\n<\/div><\/div>\n\n\n\n\n<div class=\"wp-block-media-text alignwide has-media-on-the-right is-stacked-on-mobile is-image-fill\"><figure class=\"wp-block-media-text__media\" style=\"background-image:url('https:\/\/hoyre.no\/content\/uploads\/sites\/164\/2023\/05\/Spetalen-Skole-05-1024x683.jpg');background-position:50% 50%\"><img loading=\"lazy\" decoding=\"async\" width=\"1024\" height=\"683\" src=\"https:\/\/hoyre.no\/content\/uploads\/sites\/164\/2023\/05\/Spetalen-Skole-05-1024x683.jpg\" alt=\"\" class=\"wp-image-228 size-full\" srcset=\"https:\/\/hoyre.no\/content\/uploads\/sites\/164\/2023\/05\/Spetalen-Skole-05-1024x683.jpg 1024w, https:\/\/hoyre.no\/content\/uploads\/sites\/164\/2023\/05\/Spetalen-Skole-05-300x200.jpg 300w, https:\/\/hoyre.no\/content\/uploads\/sites\/164\/2023\/05\/Spetalen-Skole-05-768x512.jpg 768w, https:\/\/hoyre.no\/content\/uploads\/sites\/164\/2023\/05\/Spetalen-Skole-05-1536x1025.jpg 1536w, https:\/\/hoyre.no\/content\/uploads\/sites\/164\/2023\/05\/Spetalen-Skole-05-2048x1366.jpg 2048w\" sizes=\"auto, (max-width: 1024px) 100vw, 1024px\" \/><\/figure><div class=\"wp-block-media-text__content\">\n<ol class=\"wp-block-list\"><li>R\u00e5deskolene skal bli blant de beste i landet gjennom en fornyet skolestrategi \u2013\u00abEn skole for alle\u00bb.<\/li><\/ol>\n<\/div><\/div>\n\n\n\n<div class=\"wp-block-media-text alignwide is-stacked-on-mobile is-image-fill\"><figure class=\"wp-block-media-text__media\" style=\"background-image:url('https:\/\/hoyre.no\/content\/uploads\/sites\/164\/2023\/05\/GettyImages-1129803628-1024x683.jpg');background-position:50% 50%\"><img loading=\"lazy\" decoding=\"async\" width=\"1024\" height=\"683\" src=\"https:\/\/hoyre.no\/content\/uploads\/sites\/164\/2023\/05\/GettyImages-1129803628-1024x683.jpg\" alt=\"\" class=\"wp-image-231 size-full\" srcset=\"https:\/\/hoyre.no\/content\/uploads\/sites\/164\/2023\/05\/GettyImages-1129803628-1024x683.jpg 1024w, https:\/\/hoyre.no\/content\/uploads\/sites\/164\/2023\/05\/GettyImages-1129803628-300x200.jpg 300w, https:\/\/hoyre.no\/content\/uploads\/sites\/164\/2023\/05\/GettyImages-1129803628-768x512.jpg 768w, https:\/\/hoyre.no\/content\/uploads\/sites\/164\/2023\/05\/GettyImages-1129803628-1536x1024.jpg 1536w, https:\/\/hoyre.no\/content\/uploads\/sites\/164\/2023\/05\/GettyImages-1129803628-2048x1365.jpg 2048w\" sizes=\"auto, (max-width: 1024px) 100vw, 1024px\" \/><\/figure><div class=\"wp-block-media-text__content\">\n<p class=\"has-text-align-left\">2. Bygge nytt helsehus med tjenester og tilbud til hele befolkningen.<\/p>\n<\/div><\/div>\n\n\n\n<div class=\"wp-block-media-text alignwide has-media-on-the-right is-stacked-on-mobile is-image-fill\"><figure class=\"wp-block-media-text__media\" style=\"background-image:url('https:\/\/hoyre.no\/content\/uploads\/sites\/164\/2023\/05\/GettyImages-1136806587-1024x683.jpg');background-position:50% 50%\"><img loading=\"lazy\" decoding=\"async\" width=\"1024\" height=\"683\" src=\"https:\/\/hoyre.no\/content\/uploads\/sites\/164\/2023\/05\/GettyImages-1136806587-1024x683.jpg\" alt=\"\" class=\"wp-image-229 size-full\" srcset=\"https:\/\/hoyre.no\/content\/uploads\/sites\/164\/2023\/05\/GettyImages-1136806587-1024x683.jpg 1024w, https:\/\/hoyre.no\/content\/uploads\/sites\/164\/2023\/05\/GettyImages-1136806587-300x200.jpg 300w, https:\/\/hoyre.no\/content\/uploads\/sites\/164\/2023\/05\/GettyImages-1136806587-768x512.jpg 768w, https:\/\/hoyre.no\/content\/uploads\/sites\/164\/2023\/05\/GettyImages-1136806587-1536x1024.jpg 1536w, https:\/\/hoyre.no\/content\/uploads\/sites\/164\/2023\/05\/GettyImages-1136806587-2048x1365.jpg 2048w\" sizes=\"auto, (max-width: 1024px) 100vw, 1024px\" \/><\/figure><div class=\"wp-block-media-text__content\">\n<p>3. Bygge Langhuset i Karlshus som aktivitets- og administrasjonshus.<\/p>\n<\/div><\/div>\n\n\n\n<div class=\"wp-block-media-text alignwide is-stacked-on-mobile is-image-fill\"><figure class=\"wp-block-media-text__media\" style=\"background-image:url('https:\/\/hoyre.no\/content\/uploads\/sites\/164\/2023\/05\/Yl5dm7Y-1-1024x681.jpeg');background-position:50% 50%\"><img loading=\"lazy\" decoding=\"async\" width=\"1024\" height=\"681\" src=\"https:\/\/hoyre.no\/content\/uploads\/sites\/164\/2023\/05\/Yl5dm7Y-1-1024x681.jpeg\" alt=\"\" class=\"wp-image-230 size-full\" srcset=\"https:\/\/hoyre.no\/content\/uploads\/sites\/164\/2023\/05\/Yl5dm7Y-1-1024x681.jpeg 1024w, https:\/\/hoyre.no\/content\/uploads\/sites\/164\/2023\/05\/Yl5dm7Y-1-300x200.jpeg 300w, https:\/\/hoyre.no\/content\/uploads\/sites\/164\/2023\/05\/Yl5dm7Y-1-768x511.jpeg 768w, https:\/\/hoyre.no\/content\/uploads\/sites\/164\/2023\/05\/Yl5dm7Y-1-1536x1022.jpeg 1536w, https:\/\/hoyre.no\/content\/uploads\/sites\/164\/2023\/05\/Yl5dm7Y-1-2048x1363.jpeg 2048w\" sizes=\"auto, (max-width: 1024px) 100vw, 1024px\" \/><\/figure><div class=\"wp-block-media-text__content\">\n<p>4. Innf\u00f8re tilbud om 1 time aktivitet daglig for alle de som er p\u00e5 Helsehuset og Dagsenteret.<\/p>\n<\/div><\/div>\n\n\n\n<div class=\"wp-block-media-text alignwide has-media-on-the-right is-stacked-on-mobile is-image-fill\"><figure class=\"wp-block-media-text__media\" style=\"background-image:url('https:\/\/hoyre.no\/content\/uploads\/sites\/164\/2023\/05\/GettyImages-497326755-1024x683.png');background-position:50% 50%\"><img loading=\"lazy\" decoding=\"async\" width=\"1024\" height=\"683\" src=\"https:\/\/hoyre.no\/content\/uploads\/sites\/164\/2023\/05\/GettyImages-497326755-1024x683.png\" alt=\"\" class=\"wp-image-233 size-full\" srcset=\"https:\/\/hoyre.no\/content\/uploads\/sites\/164\/2023\/05\/GettyImages-497326755-1024x683.png 1024w, https:\/\/hoyre.no\/content\/uploads\/sites\/164\/2023\/05\/GettyImages-497326755-300x200.png 300w, https:\/\/hoyre.no\/content\/uploads\/sites\/164\/2023\/05\/GettyImages-497326755-768x512.png 768w, https:\/\/hoyre.no\/content\/uploads\/sites\/164\/2023\/05\/GettyImages-497326755-1536x1024.png 1536w, https:\/\/hoyre.no\/content\/uploads\/sites\/164\/2023\/05\/GettyImages-497326755-2048x1366.png 2048w\" sizes=\"auto, (max-width: 1024px) 100vw, 1024px\" \/><\/figure><div class=\"wp-block-media-text__content\">\n<p>5. Etablere lavterskeltilbud innen psykisk helse og rusomsorg i skolehelsetjenesten, samt videreutvikle tilbudet for aldersgruppen 18 \u00e5r og oppover.<\/p>\n<\/div><\/div>\n\n\n\n<div class=\"wp-block-media-text alignwide is-stacked-on-mobile is-image-fill\"><figure class=\"wp-block-media-text__media\" style=\"background-image:url('https:\/\/hoyre.no\/content\/uploads\/sites\/164\/2022\/06\/IMG_4650-1024x768.jpg');background-position:50% 50%\"><img loading=\"lazy\" decoding=\"async\" width=\"1024\" height=\"768\" src=\"https:\/\/hoyre.no\/content\/uploads\/sites\/164\/2022\/06\/IMG_4650-1024x768.jpg\" alt=\"\" class=\"wp-image-100 size-full\" srcset=\"https:\/\/hoyre.no\/content\/uploads\/sites\/164\/2022\/06\/IMG_4650-1024x768.jpg 1024w, https:\/\/hoyre.no\/content\/uploads\/sites\/164\/2022\/06\/IMG_4650-300x225.jpg 300w, https:\/\/hoyre.no\/content\/uploads\/sites\/164\/2022\/06\/IMG_4650-768x576.jpg 768w, https:\/\/hoyre.no\/content\/uploads\/sites\/164\/2022\/06\/IMG_4650-1536x1152.jpg 1536w, https:\/\/hoyre.no\/content\/uploads\/sites\/164\/2022\/06\/IMG_4650-2048x1536.jpg 2048w\" sizes=\"auto, (max-width: 1024px) 100vw, 1024px\" \/><\/figure><div class=\"wp-block-media-text__content\">\n<p>6. Bidra til en renere Oslofjord og Vansj\u00f8 gjennom utarbeidelse av en konkret handlingsplan.<\/p>\n<\/div><\/div>\n\n\n\n<div class=\"wp-block-media-text alignwide has-media-on-the-right is-stacked-on-mobile is-image-fill\"><figure class=\"wp-block-media-text__media\" style=\"background-image:url('https:\/\/hoyre.no\/content\/uploads\/sites\/164\/2023\/05\/GettyImages-1271540077-1024x683.jpg');background-position:50% 50%\"><img loading=\"lazy\" decoding=\"async\" width=\"1024\" height=\"683\" src=\"https:\/\/hoyre.no\/content\/uploads\/sites\/164\/2023\/05\/GettyImages-1271540077-1024x683.jpg\" alt=\"\" class=\"wp-image-235 size-full\" srcset=\"https:\/\/hoyre.no\/content\/uploads\/sites\/164\/2023\/05\/GettyImages-1271540077-1024x683.jpg 1024w, https:\/\/hoyre.no\/content\/uploads\/sites\/164\/2023\/05\/GettyImages-1271540077-300x200.jpg 300w, https:\/\/hoyre.no\/content\/uploads\/sites\/164\/2023\/05\/GettyImages-1271540077-768x513.jpg 768w, https:\/\/hoyre.no\/content\/uploads\/sites\/164\/2023\/05\/GettyImages-1271540077-1536x1025.jpg 1536w, https:\/\/hoyre.no\/content\/uploads\/sites\/164\/2023\/05\/GettyImages-1271540077-2048x1367.jpg 2048w\" sizes=\"auto, (max-width: 1024px) 100vw, 1024px\" \/><\/figure><div class=\"wp-block-media-text__content\">\n<p>7. Ferdigstille gang- og sykkelvei fra Tomb til Karlshus.<\/p>\n<\/div><\/div>\n\n\n\n<div class=\"wp-block-media-text alignwide is-stacked-on-mobile is-image-fill\"><figure class=\"wp-block-media-text__media\" style=\"background-image:url('https:\/\/hoyre.no\/content\/uploads\/sites\/164\/2023\/05\/Skjermbilde-2023-05-30-164415.jpg');background-position:50% 50%\"><img loading=\"lazy\" decoding=\"async\" width=\"897\" height=\"610\" src=\"https:\/\/hoyre.no\/content\/uploads\/sites\/164\/2023\/05\/Skjermbilde-2023-05-30-164415.jpg\" alt=\"\" class=\"wp-image-240 size-full\" srcset=\"https:\/\/hoyre.no\/content\/uploads\/sites\/164\/2023\/05\/Skjermbilde-2023-05-30-164415.jpg 897w, https:\/\/hoyre.no\/content\/uploads\/sites\/164\/2023\/05\/Skjermbilde-2023-05-30-164415-300x204.jpg 300w, https:\/\/hoyre.no\/content\/uploads\/sites\/164\/2023\/05\/Skjermbilde-2023-05-30-164415-768x522.jpg 768w\" sizes=\"auto, (max-width: 897px) 100vw, 897px\" \/><\/figure><div class=\"wp-block-media-text__content\">\n<p>8. Jobbe for \u00e5 gj\u00f8re av og p\u00e5 kj\u00f8ring fra Rv110 til Saltnes tryggere, ved \u00e5 f\u00e5 en ny rundkj\u00f8ring p\u00e5 R\u00e5desletta og la veien g\u00e5 rett fram til Tombveien ved Hafellsvingen.<\/p>\n<\/div><\/div>\n\n\n\n<div class=\"wp-block-media-text alignwide has-media-on-the-right is-stacked-on-mobile is-image-fill\"><figure class=\"wp-block-media-text__media\" style=\"background-image:url('https:\/\/hoyre.no\/content\/uploads\/sites\/164\/2023\/05\/GettyImages-648669234-1024x720.jpg');background-position:50% 50%\"><img loading=\"lazy\" decoding=\"async\" width=\"1024\" height=\"720\" src=\"https:\/\/hoyre.no\/content\/uploads\/sites\/164\/2023\/05\/GettyImages-648669234-1024x720.jpg\" alt=\"\" class=\"wp-image-236 size-full\" srcset=\"https:\/\/hoyre.no\/content\/uploads\/sites\/164\/2023\/05\/GettyImages-648669234-1024x720.jpg 1024w, https:\/\/hoyre.no\/content\/uploads\/sites\/164\/2023\/05\/GettyImages-648669234-300x211.jpg 300w, https:\/\/hoyre.no\/content\/uploads\/sites\/164\/2023\/05\/GettyImages-648669234-768x540.jpg 768w, https:\/\/hoyre.no\/content\/uploads\/sites\/164\/2023\/05\/GettyImages-648669234-1536x1079.jpg 1536w, https:\/\/hoyre.no\/content\/uploads\/sites\/164\/2023\/05\/GettyImages-648669234-2048x1439.jpg 2048w\" sizes=\"auto, (max-width: 1024px) 100vw, 1024px\" \/><\/figure><div class=\"wp-block-media-text__content\">\n<p>9. Selvkj\u00f8rende busser i bygda med faste ruter.<\/p>\n<\/div><\/div>\n\n\n\n<div class=\"wp-block-media-text alignwide is-stacked-on-mobile is-image-fill\"><figure class=\"wp-block-media-text__media\" style=\"background-image:url('https:\/\/hoyre.no\/content\/uploads\/sites\/164\/2023\/05\/sparegris.png');background-position:50% 50%\"><img loading=\"lazy\" decoding=\"async\" width=\"700\" height=\"702\" src=\"https:\/\/hoyre.no\/content\/uploads\/sites\/164\/2023\/05\/sparegris.png\" alt=\"\" class=\"wp-image-238 size-full\" srcset=\"https:\/\/hoyre.no\/content\/uploads\/sites\/164\/2023\/05\/sparegris.png 700w, https:\/\/hoyre.no\/content\/uploads\/sites\/164\/2023\/05\/sparegris-300x300.png 300w, https:\/\/hoyre.no\/content\/uploads\/sites\/164\/2023\/05\/sparegris-150x150.png 150w\" sizes=\"auto, (max-width: 700px) 100vw, 700px\" \/><\/figure><div class=\"wp-block-media-text__content\">\n<p>10. Jobbe for at eiendomsskatten holdes s\u00e5 lav som mulig.<\/p>\n<\/div><\/div>\n","protected":false},"excerpt":{"rendered":"<p>R\u00e5deskolene skal bli blant de beste i landet gjennom en fornyet skolestrategi \u2013\u00abEn skole for alle\u00bb. 2. Bygge nytt helsehus med tjenester og tilbud til hele befolkningen. 3. Bygge Langhuset i Karlshus som aktivitets- og administrasjonshus. 4. Innf\u00f8re tilbud om 1 time aktivitet daglig for alle de som er p\u00e5 Helsehuset og Dagsenteret. 5. Etablere [&hellip;]<\/p>\n","protected":false},"author":15871,"featured_media":0,"parent":0,"menu_order":0,"comment_status":"closed","ping_status":"closed","template":"","meta":{"teft_cards_image_url":"","teft_cards_custom_pretitle":"","teft_cards_image_id":0,"teft_cards_image_focal_point_x":0,"teft_cards_image_focal_point_y":0,"teft_cards_title":"","teft_cards_excerpt":"","teft_show_chapters":false,"footnotes":""},"class_list":["post-225","page","type-page","status-publish","hentry"],"yoast_head":"<!-- This site is optimized with the Yoast SEO plugin v26.6 - https:\/\/yoast.com\/wordpress\/plugins\/seo\/ -->\n<title>Ti gode grunner til \u00e5 stemme H\u00f8yre i R\u00e5de - R\u00e5de H\u00f8yre<\/title>\n<meta name=\"robots\" content=\"index, follow, max-snippet:-1, max-image-preview:large, max-video-preview:-1\" \/>\n<link rel=\"canonical\" href=\"https:\/\/hoyre.no\/rade\/ti-grunner-til-a-stemme-hoyre-i-rade\/\" \/>\n<meta property=\"og:locale\" content=\"nb_NO\" \/>\n<meta property=\"og:type\" content=\"article\" \/>\n<meta property=\"og:title\" content=\"Ti gode grunner til \u00e5 stemme H\u00f8yre i R\u00e5de - R\u00e5de H\u00f8yre\" \/>\n<meta property=\"og:description\" content=\"R\u00e5deskolene skal bli blant de beste i landet gjennom en fornyet skolestrategi \u2013\u00abEn skole for alle\u00bb. 2. Bygge nytt helsehus med tjenester og tilbud til hele befolkningen. 3. Bygge Langhuset i Karlshus som aktivitets- og administrasjonshus. 4. Innf\u00f8re tilbud om 1 time aktivitet daglig for alle de som er p\u00e5 Helsehuset og Dagsenteret. 5. Etablere [&hellip;]\" \/>\n<meta property=\"og:url\" content=\"https:\/\/hoyre.no\/rade\/ti-grunner-til-a-stemme-hoyre-i-rade\/\" \/>\n<meta property=\"og:site_name\" content=\"R\u00e5de H\u00f8yre\" \/>\n<meta property=\"article:modified_time\" content=\"2023-06-14T07:19:46+00:00\" \/>\n<meta property=\"og:image\" content=\"https:\/\/hoyre.no\/content\/uploads\/sites\/164\/2023\/05\/Rade-Hoyre-02-1-1024x683.jpg\" \/>\n<meta name=\"twitter:card\" content=\"summary_large_image\" \/>\n<meta name=\"twitter:label1\" content=\"Ansl. lesetid\" \/>\n\t<meta name=\"twitter:data1\" content=\"4 minutter\" \/>\n<script type=\"application\/ld+json\" class=\"yoast-schema-graph\">{\"@context\":\"https:\/\/schema.org\",\"@graph\":[{\"@type\":\"WebPage\",\"@id\":\"https:\/\/hoyre.no\/rade\/ti-grunner-til-a-stemme-hoyre-i-rade\/\",\"url\":\"https:\/\/hoyre.no\/rade\/ti-grunner-til-a-stemme-hoyre-i-rade\/\",\"name\":\"Ti gode grunner til \u00e5 stemme H\u00f8yre i R\u00e5de - R\u00e5de H\u00f8yre\",\"isPartOf\":{\"@id\":\"https:\/\/hoyre.no\/rade\/#website\"},\"image\":{\"@id\":\"https:\/\/hoyre.no\/rade\/ti-grunner-til-a-stemme-hoyre-i-rade\/#primaryimage\"},\"thumbnailUrl\":\"https:\/\/hoyre.no\/content\/uploads\/sites\/164\/2023\/05\/Rade-Hoyre-02-1-1024x683.jpg\",\"datePublished\":\"2023-05-30T14:49:46+00:00\",\"dateModified\":\"2023-06-14T07:19:46+00:00\",\"breadcrumb\":{\"@id\":\"https:\/\/hoyre.no\/rade\/ti-grunner-til-a-stemme-hoyre-i-rade\/#breadcrumb\"},\"inLanguage\":\"nb-NO\",\"potentialAction\":[{\"@type\":\"ReadAction\",\"target\":[\"https:\/\/hoyre.no\/rade\/ti-grunner-til-a-stemme-hoyre-i-rade\/\"]}]},{\"@type\":\"ImageObject\",\"inLanguage\":\"nb-NO\",\"@id\":\"https:\/\/hoyre.no\/rade\/ti-grunner-til-a-stemme-hoyre-i-rade\/#primaryimage\",\"url\":\"https:\/\/hoyre.no\/content\/uploads\/sites\/164\/2023\/05\/Rade-Hoyre-02-1-1024x683.jpg\",\"contentUrl\":\"https:\/\/hoyre.no\/content\/uploads\/sites\/164\/2023\/05\/Rade-Hoyre-02-1-1024x683.jpg\"},{\"@type\":\"BreadcrumbList\",\"@id\":\"https:\/\/hoyre.no\/rade\/ti-grunner-til-a-stemme-hoyre-i-rade\/#breadcrumb\",\"itemListElement\":[{\"@type\":\"ListItem\",\"position\":1,\"name\":\"Til hoyre.no\",\"item\":\"https:\/\/hoyre.no\"},{\"@type\":\"ListItem\",\"position\":2,\"name\":\"Hjem\",\"item\":\"https:\/\/hoyre.no\/rade\/\"},{\"@type\":\"ListItem\",\"position\":3,\"name\":\"Ti gode grunner til \u00e5 stemme H\u00f8yre i R\u00e5de\"}]},{\"@type\":\"WebSite\",\"@id\":\"https:\/\/hoyre.no\/rade\/#website\",\"url\":\"https:\/\/hoyre.no\/rade\/\",\"name\":\"R\u00e5de H\u00f8yre\",\"description\":\"Bare enda et H\u00f8yres nettsteder-nettsted\",\"inLanguage\":\"nb-NO\"}]}<\/script>\n<!-- \/ Yoast SEO plugin. -->","yoast_head_json":{"title":"Ti gode grunner til \u00e5 stemme H\u00f8yre i R\u00e5de - R\u00e5de H\u00f8yre","robots":{"index":"index","follow":"follow","max-snippet":"max-snippet:-1","max-image-preview":"max-image-preview:large","max-video-preview":"max-video-preview:-1"},"canonical":"https:\/\/hoyre.no\/rade\/ti-grunner-til-a-stemme-hoyre-i-rade\/","og_locale":"nb_NO","og_type":"article","og_title":"Ti gode grunner til \u00e5 stemme H\u00f8yre i R\u00e5de - R\u00e5de H\u00f8yre","og_description":"R\u00e5deskolene skal bli blant de beste i landet gjennom en fornyet skolestrategi \u2013\u00abEn skole for alle\u00bb. 2. Bygge nytt helsehus med tjenester og tilbud til hele befolkningen. 3. Bygge Langhuset i Karlshus som aktivitets- og administrasjonshus. 4. Innf\u00f8re tilbud om 1 time aktivitet daglig for alle de som er p\u00e5 Helsehuset og Dagsenteret. 5. Etablere [&hellip;]","og_url":"https:\/\/hoyre.no\/rade\/ti-grunner-til-a-stemme-hoyre-i-rade\/","og_site_name":"R\u00e5de H\u00f8yre","article_modified_time":"2023-06-14T07:19:46+00:00","og_image":[{"url":"https:\/\/hoyre.no\/content\/uploads\/sites\/164\/2023\/05\/Rade-Hoyre-02-1-1024x683.jpg","type":"","width":"","height":""}],"twitter_card":"summary_large_image","twitter_misc":{"Ansl. lesetid":"4 minutter"},"schema":{"@context":"https:\/\/schema.org","@graph":[{"@type":"WebPage","@id":"https:\/\/hoyre.no\/rade\/ti-grunner-til-a-stemme-hoyre-i-rade\/","url":"https:\/\/hoyre.no\/rade\/ti-grunner-til-a-stemme-hoyre-i-rade\/","name":"Ti gode grunner til \u00e5 stemme H\u00f8yre i R\u00e5de - R\u00e5de H\u00f8yre","isPartOf":{"@id":"https:\/\/hoyre.no\/rade\/#website"},"image":{"@id":"https:\/\/hoyre.no\/rade\/ti-grunner-til-a-stemme-hoyre-i-rade\/#primaryimage"},"thumbnailUrl":"https:\/\/hoyre.no\/content\/uploads\/sites\/164\/2023\/05\/Rade-Hoyre-02-1-1024x683.jpg","datePublished":"2023-05-30T14:49:46+00:00","dateModified":"2023-06-14T07:19:46+00:00","breadcrumb":{"@id":"https:\/\/hoyre.no\/rade\/ti-grunner-til-a-stemme-hoyre-i-rade\/#breadcrumb"},"inLanguage":"nb-NO","potentialAction":[{"@type":"ReadAction","target":["https:\/\/hoyre.no\/rade\/ti-grunner-til-a-stemme-hoyre-i-rade\/"]}]},{"@type":"ImageObject","inLanguage":"nb-NO","@id":"https:\/\/hoyre.no\/rade\/ti-grunner-til-a-stemme-hoyre-i-rade\/#primaryimage","url":"https:\/\/hoyre.no\/content\/uploads\/sites\/164\/2023\/05\/Rade-Hoyre-02-1-1024x683.jpg","contentUrl":"https:\/\/hoyre.no\/content\/uploads\/sites\/164\/2023\/05\/Rade-Hoyre-02-1-1024x683.jpg"},{"@type":"BreadcrumbList","@id":"https:\/\/hoyre.no\/rade\/ti-grunner-til-a-stemme-hoyre-i-rade\/#breadcrumb","itemListElement":[{"@type":"ListItem","position":1,"name":"Til hoyre.no","item":"https:\/\/hoyre.no"},{"@type":"ListItem","position":2,"name":"Hjem","item":"https:\/\/hoyre.no\/rade\/"},{"@type":"ListItem","position":3,"name":"Ti gode grunner til \u00e5 stemme H\u00f8yre i R\u00e5de"}]},{"@type":"WebSite","@id":"https:\/\/hoyre.no\/rade\/#website","url":"https:\/\/hoyre.no\/rade\/","name":"R\u00e5de H\u00f8yre","description":"Bare enda et H\u00f8yres nettsteder-nettsted","inLanguage":"nb-NO"}]}},"distributor_meta":false,"distributor_terms":false,"distributor_media":false,"distributor_original_site_name":"R\u00e5de H\u00f8yre","distributor_original_site_url":"https:\/\/hoyre.no\/rade","push-errors":false,"_links":{"self":[{"href":"https:\/\/hoyre.no\/rade\/wp-json\/wp\/v2\/pages\/225","targetHints":{"allow":["GET"]}}],"collection":[{"href":"https:\/\/hoyre.no\/rade\/wp-json\/wp\/v2\/pages"}],"about":[{"href":"https:\/\/hoyre.no\/rade\/wp-json\/wp\/v2\/types\/page"}],"author":[{"embeddable":true,"href":"https:\/\/hoyre.no\/rade\/wp-json\/wp\/v2\/users\/15871"}],"replies":[{"embeddable":true,"href":"https:\/\/hoyre.no\/rade\/wp-json\/wp\/v2\/comments?post=225"}],"version-history":[{"count":8,"href":"https:\/\/hoyre.no\/rade\/wp-json\/wp\/v2\/pages\/225\/revisions"}],"predecessor-version":[{"id":435,"href":"https:\/\/hoyre.no\/rade\/wp-json\/wp\/v2\/pages\/225\/revisions\/435"}],"wp:attachment":[{"href":"https:\/\/hoyre.no\/rade\/wp-json\/wp\/v2\/media?parent=225"}],"curies":[{"name":"wp","href":"https:\/\/api.w.org\/{rel}","templated":true}]}}