{"id":280,"date":"2023-06-04T19:42:33","date_gmt":"2023-06-04T17:42:33","guid":{"rendered":"https:\/\/hoyre.no\/rade\/?page_id=280"},"modified":"2023-06-12T18:17:01","modified_gmt":"2023-06-12T16:17:01","slug":"rene-rafshol-valg-2023-2027","status":"publish","type":"page","link":"https:\/\/hoyre.no\/rade\/rene-rafshol-valg-2023-2027\/","title":{"rendered":"Rene Rafshol valg 2023 &#8211; 2027"},"content":{"rendered":"\n<div class=\"wp-block-hoyre-hero with-image-gradient text-color-light  has-media alignfull has-background\"><div class=\"hoyre-hero has-image\"><h1 class=\"title\">R\u00e5de, en levende Landsbygd!\u00a0<\/h1><p class=\"preamble\">Bygda st\u00e5r ved et veiskille. Skal vi ta f\u00f8rersete i det nye \u00d8stfold, eller skal vi v\u00e6re en kommune som lar byene diktere hva som skal skje.\u00a0 Jeg \u00f8nsker det f\u00f8rste og har merket de siste 12 \u00e5rene at de fleste i R\u00e5de er fremoverlente og \u00f8nsker at R\u00e5de skal v\u00e5ge.<\/p>\t\t\t<div class=\"post-meta wp-block teft-byline-wrapper\">\n\t\t\t\t<div class=\"top\">\n\t\t\t\t\t<div class=\"signature\">\n\t\t\t\t\t\t<div class=\"teft-byline\">\n\t\t\t\t\t\t\t\t\t\t\t\t\t\t<div>\n\t\t\t\t\t\t\t\t<h3>H\u00f8yres redaksjon<\/h3>\t\t\t\t\t\t\t\t\n\t\t\t\t\t\t\t\t\t\t\t\t\t\t\t\t\t<span class=\"date\">Sist oppdatert: 12. juni 2023<\/span>\n\t\t\t\t\t\t\t\t\t\t\t\t\t\t\t\t\t\t\t\t\t\t\t\t\t<span class=\"reading-time\" itemprop=\"timeRequired\" content=\"PT3M\"><em>Ca. 3 minutter lesetid<\/em><\/span>\n\t\t\t\t\t\t\t\t\t\t\t\t\t\t\t<\/div>\n\t\t\t\t\t\t<\/div>\n\t\t\t\t\t<\/div>\n\t\t\t\t\t\t<div class=\"sharing\">\n\t\t<a class=\"share-button share-link copy-link\" data-copy=\"https:\/\/hoyre.no\/rade\/rene-rafshol-valg-2023-2027\/\" target=\"_blank\"><span class=\"screen-reader-text\">Del link<\/span><\/a>\n\t\t<a class=\"share-button share-twitter\" href=\"http:\/\/twitter.com\/share?text=Rene Rafshol valg 2023 &#8211; 2027&#038;url=https:\/\/hoyre.no\/rade\/rene-rafshol-valg-2023-2027\/&#038;hashtags=Hoyre\" target=\"_blank\"><span class=\"screen-reader-text\">Del p\u00e5 twitter<\/span><\/a>\n\t\t<a class=\"share-button share-facebook\" href=\"https:\/\/www.facebook.com\/sharer\/sharer.php?u=https:\/\/hoyre.no\/rade\/rene-rafshol-valg-2023-2027\/\" target=\"_blank\"><span class=\"screen-reader-text\">Del p\u00e5 facebook<\/span><\/a>\n\t<\/div>\n\t\t\t\t\t<\/div>\n\t\t\t<\/div>\n\n\t\t\t<figure class=\"hoyre-image-wrapper\"><div class=\"hoyre-image\"><img loading=\"lazy\" decoding=\"async\" width=\"861\" height=\"484\" src=\"https:\/\/hoyre.no\/content\/uploads\/sites\/164\/2020\/11\/rene_16x9.jpg\" class=\"attachment-scaled size-scaled\" alt=\"\" style=\"object-position: 50% 50%\" srcset=\"https:\/\/hoyre.no\/content\/uploads\/sites\/164\/2020\/11\/rene_16x9.jpg 861w, https:\/\/hoyre.no\/content\/uploads\/sites\/164\/2020\/11\/rene_16x9-300x169.jpg 300w, https:\/\/hoyre.no\/content\/uploads\/sites\/164\/2020\/11\/rene_16x9-768x432.jpg 768w\" sizes=\"auto, (max-width: 861px) 100vw, 861px\" \/><\/div><\/figure><\/div><\/div>\n\n\n\n\n<p>Hva kan vi f\u00e5 til de neste \u00e5rene? Du som bor i R\u00e5de, har mange \u00f8nsker. Jeg \u00f8nsker meg f\u00f8rerl\u00f8se busser som g\u00e5r internt i hele kommunen, og hurtigb\u00e5ter som g\u00e5r mellom Fredrikstad og Moss med stopp i Saltnes og ekstra stopp p\u00e5 Oven n\u00e5r det er sommer. Vi skal v\u00e6re den f\u00f8rste kommunen i \u00d8stfold der minst 85 % prosent av elevene fullf\u00f8rer vgs. i 2030. Og vi skal jobbe for 9500 innbyggere innen 2030. Det betyr at vi f\u00e5r mange flere skatteinntekter til \u00e5 utvikle kommunens tjenester og til \u00e5 redusere kommunale avgifter.&nbsp;<\/p>\n\n\n\n<p>N\u00e5r jeg kom til R\u00e5de som en liten gutt fikk jeg kjenne p\u00e5 hva et godt lokalsamfunn kan gj\u00f8re for et barn som vokste opp p\u00e5 Solbakken. Jeg \u00f8nsker at dette skal v\u00e6re mulig i alle lokalsamfunn i bygda v\u00e5r. Sammen med lokalsamfunnene skal R\u00e5de kommune v\u00e6re en god samarbeidspartner. Det betyr at velforeninger skal inviteres til \u00e5rlige m\u00f8ter for \u00e5 v\u00e6re i dialog med kommune om utfordringer og mulighetene som ligger i n\u00e6romr\u00e5det.<\/p>\n\n\n\n<p>Fritidstilbud er viktig for alle barn og ungdommer. Dessverre er det ikke alle som f\u00e5r muligheter til det siden ikke alle har \u00f8konomi til det. Vi vet om at det er ikke alle som t\u00f8rr \u00e5 sp\u00f8rre om \u00e5 f\u00e5 dekket medlemskapet sitt. Det \u00f8nsker R\u00e5de H\u00f8yre \u00e5 l\u00f8se ved \u00e5 innf\u00f8re Frivillighets stipend, dette skal gis til alle som trenger det grunnet trang \u00f8konomi. P\u00e5 sikt er m\u00e5lsetting at dette rulles ut til flere. Dette m\u00e5 v\u00e6re i tett dialog med lag og foreninger i bygda.<\/p>\n\n\n\n<p>Hvis jeg f\u00e5r fortsette som ordf\u00f8rer \u00f8nsker jeg at de 4 neste \u00e5rene skal kjennes igjen med:<\/p>\n\n\n\n<ul class=\"wp-block-list\"><li>Alle skal kunne ha lett tilgang til administrasjonen, ordf\u00f8rer og varaordf\u00f8rer<\/li><li>De store sakene som skal avgj\u00f8res av de folkevalgte skal s\u00e5 langt det g\u00e5r vedtas enstemmig<\/li><li>Jobbe for et godt politisk milj\u00f8 der alle skal bli h\u00f8rt<\/li><li>Jobbe hardt opp mot regjering, storting, fylke, statsforvalter og andre n\u00e5r det er til det beste for kommunen<\/li><li>Alle skal sees p\u00e5 som en ressurs, og kommunen skal hjelpe de som trenger det<\/li><li>Representere R\u00e5de der det er behov for det, og f\u00e5 frem det beste R\u00e5de har \u00e5 by p\u00e5<\/li><li>F\u00e5 frem virkelighetsbildet av kommunen. For kun da kan vi fikse det som er feil<\/li><li>Jobbe for mer n\u00e6ringsliv i kommunen og ta vare p\u00e5 det som er<\/li><li>Ha tett dialog med lag og foreninger for at de etableres flere tilbud i bygda<\/li><li>Gjennomf\u00f8re staren av sentrumsplan med \u00e5 f\u00e5 p\u00e5 plass m\u00f8teplasser<\/li><li>V\u00e6re godt synlig ute i bygda sammen med varaordf\u00f8rer<\/li><\/ul>\n\n\n\n<p>For meg er R\u00e5de best tjent \u00e5 v\u00e6re en selvstendig, fremtidsrettet kommune.&nbsp;<\/p>\n\n","protected":false},"excerpt":{"rendered":"","protected":false},"author":15871,"featured_media":0,"parent":0,"menu_order":0,"comment_status":"closed","ping_status":"closed","template":"","meta":{"teft_cards_image_url":"","teft_cards_custom_pretitle":"","teft_cards_image_id":0,"teft_cards_image_focal_point_x":0,"teft_cards_image_focal_point_y":0,"teft_cards_title":"","teft_cards_excerpt":"","teft_show_chapters":false,"footnotes":""},"class_list":["post-280","page","type-page","status-publish","hentry"],"yoast_head":"<!-- This site is optimized with the Yoast SEO plugin v26.6 - https:\/\/yoast.com\/wordpress\/plugins\/seo\/ -->\n<title>Rene Rafshol valg 2023 - 2027 - R\u00e5de H\u00f8yre<\/title>\n<meta name=\"robots\" content=\"index, follow, max-snippet:-1, max-image-preview:large, max-video-preview:-1\" \/>\n<link rel=\"canonical\" href=\"https:\/\/hoyre.no\/rade\/rene-rafshol-valg-2023-2027\/\" \/>\n<meta property=\"og:locale\" content=\"nb_NO\" \/>\n<meta property=\"og:type\" content=\"article\" \/>\n<meta property=\"og:title\" content=\"Rene Rafshol valg 2023 - 2027 - R\u00e5de H\u00f8yre\" \/>\n<meta property=\"og:url\" content=\"https:\/\/hoyre.no\/rade\/rene-rafshol-valg-2023-2027\/\" \/>\n<meta property=\"og:site_name\" content=\"R\u00e5de H\u00f8yre\" \/>\n<meta property=\"article:modified_time\" content=\"2023-06-12T16:17:01+00:00\" \/>\n<meta property=\"og:image\" content=\"https:\/\/hoyre.no\/content\/uploads\/sites\/164\/2022\/11\/Hoyres-logo.png\" \/>\n\t<meta property=\"og:image:width\" content=\"1000\" \/>\n\t<meta property=\"og:image:height\" content=\"1000\" \/>\n\t<meta property=\"og:image:type\" content=\"image\/png\" \/>\n<meta name=\"twitter:card\" content=\"summary_large_image\" \/>\n<meta name=\"twitter:label1\" content=\"Ansl. lesetid\" \/>\n\t<meta name=\"twitter:data1\" content=\"3 minutter\" \/>\n<script type=\"application\/ld+json\" class=\"yoast-schema-graph\">{\"@context\":\"https:\/\/schema.org\",\"@graph\":[{\"@type\":\"WebPage\",\"@id\":\"https:\/\/hoyre.no\/rade\/rene-rafshol-valg-2023-2027\/\",\"url\":\"https:\/\/hoyre.no\/rade\/rene-rafshol-valg-2023-2027\/\",\"name\":\"Rene Rafshol valg 2023 - 2027 - R\u00e5de H\u00f8yre\",\"isPartOf\":{\"@id\":\"https:\/\/hoyre.no\/rade\/#website\"},\"datePublished\":\"2023-06-04T17:42:33+00:00\",\"dateModified\":\"2023-06-12T16:17:01+00:00\",\"breadcrumb\":{\"@id\":\"https:\/\/hoyre.no\/rade\/rene-rafshol-valg-2023-2027\/#breadcrumb\"},\"inLanguage\":\"nb-NO\",\"potentialAction\":[{\"@type\":\"ReadAction\",\"target\":[\"https:\/\/hoyre.no\/rade\/rene-rafshol-valg-2023-2027\/\"]}]},{\"@type\":\"BreadcrumbList\",\"@id\":\"https:\/\/hoyre.no\/rade\/rene-rafshol-valg-2023-2027\/#breadcrumb\",\"itemListElement\":[{\"@type\":\"ListItem\",\"position\":1,\"name\":\"Til hoyre.no\",\"item\":\"https:\/\/hoyre.no\"},{\"@type\":\"ListItem\",\"position\":2,\"name\":\"Hjem\",\"item\":\"https:\/\/hoyre.no\/rade\/\"},{\"@type\":\"ListItem\",\"position\":3,\"name\":\"Rene Rafshol valg 2023 &#8211; 2027\"}]},{\"@type\":\"WebSite\",\"@id\":\"https:\/\/hoyre.no\/rade\/#website\",\"url\":\"https:\/\/hoyre.no\/rade\/\",\"name\":\"R\u00e5de H\u00f8yre\",\"description\":\"Bare enda et H\u00f8yres nettsteder-nettsted\",\"inLanguage\":\"nb-NO\"}]}<\/script>\n<!-- \/ Yoast SEO plugin. -->","yoast_head_json":{"title":"Rene Rafshol valg 2023 - 2027 - R\u00e5de H\u00f8yre","robots":{"index":"index","follow":"follow","max-snippet":"max-snippet:-1","max-image-preview":"max-image-preview:large","max-video-preview":"max-video-preview:-1"},"canonical":"https:\/\/hoyre.no\/rade\/rene-rafshol-valg-2023-2027\/","og_locale":"nb_NO","og_type":"article","og_title":"Rene Rafshol valg 2023 - 2027 - R\u00e5de H\u00f8yre","og_url":"https:\/\/hoyre.no\/rade\/rene-rafshol-valg-2023-2027\/","og_site_name":"R\u00e5de H\u00f8yre","article_modified_time":"2023-06-12T16:17:01+00:00","og_image":[{"width":1000,"height":1000,"url":"https:\/\/hoyre.no\/content\/uploads\/sites\/164\/2022\/11\/Hoyres-logo.png","type":"image\/png"}],"twitter_card":"summary_large_image","twitter_misc":{"Ansl. lesetid":"3 minutter"},"schema":{"@context":"https:\/\/schema.org","@graph":[{"@type":"WebPage","@id":"https:\/\/hoyre.no\/rade\/rene-rafshol-valg-2023-2027\/","url":"https:\/\/hoyre.no\/rade\/rene-rafshol-valg-2023-2027\/","name":"Rene Rafshol valg 2023 - 2027 - R\u00e5de H\u00f8yre","isPartOf":{"@id":"https:\/\/hoyre.no\/rade\/#website"},"datePublished":"2023-06-04T17:42:33+00:00","dateModified":"2023-06-12T16:17:01+00:00","breadcrumb":{"@id":"https:\/\/hoyre.no\/rade\/rene-rafshol-valg-2023-2027\/#breadcrumb"},"inLanguage":"nb-NO","potentialAction":[{"@type":"ReadAction","target":["https:\/\/hoyre.no\/rade\/rene-rafshol-valg-2023-2027\/"]}]},{"@type":"BreadcrumbList","@id":"https:\/\/hoyre.no\/rade\/rene-rafshol-valg-2023-2027\/#breadcrumb","itemListElement":[{"@type":"ListItem","position":1,"name":"Til hoyre.no","item":"https:\/\/hoyre.no"},{"@type":"ListItem","position":2,"name":"Hjem","item":"https:\/\/hoyre.no\/rade\/"},{"@type":"ListItem","position":3,"name":"Rene Rafshol valg 2023 &#8211; 2027"}]},{"@type":"WebSite","@id":"https:\/\/hoyre.no\/rade\/#website","url":"https:\/\/hoyre.no\/rade\/","name":"R\u00e5de H\u00f8yre","description":"Bare enda et H\u00f8yres nettsteder-nettsted","inLanguage":"nb-NO"}]}},"distributor_meta":false,"distributor_terms":false,"distributor_media":false,"distributor_original_site_name":"R\u00e5de H\u00f8yre","distributor_original_site_url":"https:\/\/hoyre.no\/rade","push-errors":false,"_links":{"self":[{"href":"https:\/\/hoyre.no\/rade\/wp-json\/wp\/v2\/pages\/280","targetHints":{"allow":["GET"]}}],"collection":[{"href":"https:\/\/hoyre.no\/rade\/wp-json\/wp\/v2\/pages"}],"about":[{"href":"https:\/\/hoyre.no\/rade\/wp-json\/wp\/v2\/types\/page"}],"author":[{"embeddable":true,"href":"https:\/\/hoyre.no\/rade\/wp-json\/wp\/v2\/users\/15871"}],"replies":[{"embeddable":true,"href":"https:\/\/hoyre.no\/rade\/wp-json\/wp\/v2\/comments?post=280"}],"version-history":[{"count":2,"href":"https:\/\/hoyre.no\/rade\/wp-json\/wp\/v2\/pages\/280\/revisions"}],"predecessor-version":[{"id":377,"href":"https:\/\/hoyre.no\/rade\/wp-json\/wp\/v2\/pages\/280\/revisions\/377"}],"wp:attachment":[{"href":"https:\/\/hoyre.no\/rade\/wp-json\/wp\/v2\/media?parent=280"}],"curies":[{"name":"wp","href":"https:\/\/api.w.org\/{rel}","templated":true}]}}