{"id":283,"date":"2023-06-04T19:54:34","date_gmt":"2023-06-04T17:54:34","guid":{"rendered":"https:\/\/hoyre.no\/rade\/?page_id=283"},"modified":"2023-06-12T18:17:47","modified_gmt":"2023-06-12T16:17:47","slug":"kari-sogn-2023-2027","status":"publish","type":"page","link":"https:\/\/hoyre.no\/rade\/kari-sogn-2023-2027\/","title":{"rendered":"Kari Sogn 2023 &#8211; 2027"},"content":{"rendered":"\n<div class=\"wp-block-hoyre-hero with-image-gradient text-color-light  has-media alignfull has-background\"><div class=\"hoyre-hero has-image\"><h1 class=\"title\">Det skal v\u00e6re godt \u00e5 bo i R\u00e5de \u2013 for folk i alle aldre.<\/h1><p class=\"preamble\">Bygda v\u00e5r skal v\u00e6re god \u00e5 bo i.\u00a0 Stor nok til \u00e5 gi tilbud for innbyggere i alle aldre.\u00a0 Liten nok til at vi bryr oss om hverandre og om enkeltmennesket.<\/p>\t\t\t<div class=\"post-meta wp-block teft-byline-wrapper\">\n\t\t\t\t<div class=\"top\">\n\t\t\t\t\t<div class=\"signature\">\n\t\t\t\t\t\t<div class=\"teft-byline\">\n\t\t\t\t\t\t\t\t\t\t\t\t\t\t<div>\n\t\t\t\t\t\t\t\t<h3>H\u00f8yres redaksjon<\/h3>\t\t\t\t\t\t\t\t\n\t\t\t\t\t\t\t\t\t\t\t\t\t\t\t\t\t<span class=\"date\">Sist oppdatert: 12. juni 2023<\/span>\n\t\t\t\t\t\t\t\t\t\t\t\t\t\t\t\t\t\t\t\t\t\t\t\t\t<span class=\"reading-time\" itemprop=\"timeRequired\" content=\"PT2M\"><em>Ca. 2 minutter lesetid<\/em><\/span>\n\t\t\t\t\t\t\t\t\t\t\t\t\t\t\t<\/div>\n\t\t\t\t\t\t<\/div>\n\t\t\t\t\t<\/div>\n\t\t\t\t\t\t<div class=\"sharing\">\n\t\t<a class=\"share-button share-link copy-link\" data-copy=\"https:\/\/hoyre.no\/rade\/kari-sogn-2023-2027\/\" target=\"_blank\"><span class=\"screen-reader-text\">Del link<\/span><\/a>\n\t\t<a class=\"share-button share-twitter\" href=\"http:\/\/twitter.com\/share?text=Kari Sogn 2023 &#8211; 2027&#038;url=https:\/\/hoyre.no\/rade\/kari-sogn-2023-2027\/&#038;hashtags=Hoyre\" target=\"_blank\"><span class=\"screen-reader-text\">Del p\u00e5 twitter<\/span><\/a>\n\t\t<a class=\"share-button share-facebook\" href=\"https:\/\/www.facebook.com\/sharer\/sharer.php?u=https:\/\/hoyre.no\/rade\/kari-sogn-2023-2027\/\" target=\"_blank\"><span class=\"screen-reader-text\">Del p\u00e5 facebook<\/span><\/a>\n\t<\/div>\n\t\t\t\t\t<\/div>\n\t\t\t<\/div>\n\n\t\t\t<figure class=\"hoyre-image-wrapper\"><div class=\"hoyre-image\"><img loading=\"lazy\" decoding=\"async\" width=\"2500\" height=\"1606\" src=\"https:\/\/hoyre.no\/content\/uploads\/sites\/164\/2023\/06\/Kari-Sogn-2118594-scaled.jpg\" class=\"attachment-scaled size-scaled\" alt=\"\" style=\"object-position: 50% 50%\" srcset=\"https:\/\/hoyre.no\/content\/uploads\/sites\/164\/2023\/06\/Kari-Sogn-2118594-scaled.jpg 2500w, https:\/\/hoyre.no\/content\/uploads\/sites\/164\/2023\/06\/Kari-Sogn-2118594-300x193.jpg 300w, https:\/\/hoyre.no\/content\/uploads\/sites\/164\/2023\/06\/Kari-Sogn-2118594-1024x658.jpg 1024w, https:\/\/hoyre.no\/content\/uploads\/sites\/164\/2023\/06\/Kari-Sogn-2118594-768x493.jpg 768w, https:\/\/hoyre.no\/content\/uploads\/sites\/164\/2023\/06\/Kari-Sogn-2118594-1536x987.jpg 1536w, https:\/\/hoyre.no\/content\/uploads\/sites\/164\/2023\/06\/Kari-Sogn-2118594-2048x1315.jpg 2048w\" sizes=\"auto, (max-width: 2500px) 100vw, 2500px\" \/><\/div><\/figure><\/div><\/div>\n\n\n\n\n<p>Som lokalpolitiker er jeg med p\u00e5 \u00e5 forme fremtidens R\u00e5de.&nbsp; B\u00e5de det du ser: Boligfelt, skole og barnehage, helsehus osv, men ogs\u00e5 innhold i byggene.&nbsp; Det er viktig med god l\u00e6ring i skolen.&nbsp; Eldre skal v\u00e6re trygge ved at kommunen har et tilstrekkelig tilbud.&nbsp; Ikke minst vil jeg at det skal v\u00e6re gode tilbud til fritidsaktiviteter. Der er det viktig at kommunen og frivillige organisasjoner har godt samspill.&nbsp; At vi er med p\u00e5 \u00e5 tilrettelegge for friluftsliv.<br>Klima er ogs\u00e5 et viktig omr\u00e5de som det m\u00e5 v\u00e6re fokus p\u00e5, bl.a med fortsatt sanering av spredt avl\u00f8p.<br>Digitalisering av innbyggernes kontakt med kommunen er i startgropa.&nbsp; Enkle bygges\u00f8knader b\u00f8r kunne leveres digitalt, behandlingstiden b\u00f8r g\u00e5 ned.&nbsp; Her har vi i R\u00e5de en spennende framtid som forh\u00e5pentlig tjener b\u00e5de innbyggere og ansatte.<br>For \u00e5 f\u00e5 til gode tilbud trengs alle gode ideer.&nbsp; Derfor er jeg opptatt av kommunikasjon.&nbsp; Jeg vil gjerne ha innspill fra medborgere.&nbsp; Vi trenger ikke alltid v\u00e6re enige, men snakker vi sammen, skaper vi sammen.<br>Jeg ble medlem av R\u00e5de H\u00f8yre p\u00e5 begynnelsen av 80-tallet, og har mange perioder i kommunestyret. P\u00e5 90-tallet var jeg leder av Helse- og Omsorgsutvalget, deretter medlem av formannskapet og gruppeleder.&nbsp; N\u00e5 er jeg nestleder i SAFU.<br>Jeg er stolt mor til to voksne barn, og har et barnebarn.&nbsp; Bortsett fra 4 \u00e5r har jeg bodd hele livet i R\u00e5de.&nbsp; Jeg jobber med regnskap i et stort konsern.&nbsp; Jeg liker \u00e5 strikke og sy, og er glad i jakt og friluftsliv.<\/p>\n\n\n\n\n<figure class=\"wp-block-image size-large\"><img loading=\"lazy\" decoding=\"async\" width=\"1024\" height=\"658\" src=\"https:\/\/hoyre.no\/content\/uploads\/sites\/164\/2023\/06\/Kari-Sogn-2118594-1024x658.jpg\" alt=\"\" class=\"wp-image-253\" srcset=\"https:\/\/hoyre.no\/content\/uploads\/sites\/164\/2023\/06\/Kari-Sogn-2118594-1024x658.jpg 1024w, https:\/\/hoyre.no\/content\/uploads\/sites\/164\/2023\/06\/Kari-Sogn-2118594-300x193.jpg 300w, https:\/\/hoyre.no\/content\/uploads\/sites\/164\/2023\/06\/Kari-Sogn-2118594-768x493.jpg 768w, https:\/\/hoyre.no\/content\/uploads\/sites\/164\/2023\/06\/Kari-Sogn-2118594-1536x987.jpg 1536w, https:\/\/hoyre.no\/content\/uploads\/sites\/164\/2023\/06\/Kari-Sogn-2118594-2048x1315.jpg 2048w\" sizes=\"auto, (max-width: 1024px) 100vw, 1024px\" \/><\/figure>\n","protected":false},"excerpt":{"rendered":"","protected":false},"author":15871,"featured_media":0,"parent":0,"menu_order":0,"comment_status":"closed","ping_status":"closed","template":"","meta":{"teft_cards_image_url":"","teft_cards_custom_pretitle":"","teft_cards_image_id":253,"teft_cards_image_focal_point_x":0.5,"teft_cards_image_focal_point_y":0.5,"teft_cards_title":"","teft_cards_excerpt":"","teft_show_chapters":false,"footnotes":""},"class_list":["post-283","page","type-page","status-publish","hentry"],"yoast_head":"<!-- This site is optimized with the Yoast SEO plugin v26.6 - https:\/\/yoast.com\/wordpress\/plugins\/seo\/ -->\n<title>Kari Sogn 2023 - 2027 - R\u00e5de H\u00f8yre<\/title>\n<meta name=\"robots\" content=\"index, follow, max-snippet:-1, max-image-preview:large, max-video-preview:-1\" \/>\n<link rel=\"canonical\" href=\"https:\/\/hoyre.no\/rade\/kari-sogn-2023-2027\/\" \/>\n<meta property=\"og:locale\" content=\"nb_NO\" \/>\n<meta property=\"og:type\" content=\"article\" \/>\n<meta property=\"og:title\" content=\"Kari Sogn 2023 - 2027 - R\u00e5de H\u00f8yre\" \/>\n<meta property=\"og:url\" content=\"https:\/\/hoyre.no\/rade\/kari-sogn-2023-2027\/\" \/>\n<meta property=\"og:site_name\" content=\"R\u00e5de H\u00f8yre\" \/>\n<meta property=\"article:modified_time\" content=\"2023-06-12T16:17:47+00:00\" \/>\n<meta property=\"og:image\" content=\"https:\/\/hoyre.no\/content\/uploads\/sites\/164\/2023\/06\/Kari-Sogn-2118594-1024x658.jpg\" \/>\n<meta name=\"twitter:card\" content=\"summary_large_image\" \/>\n<meta name=\"twitter:label1\" content=\"Ansl. lesetid\" \/>\n\t<meta name=\"twitter:data1\" content=\"2 minutter\" \/>\n<script type=\"application\/ld+json\" class=\"yoast-schema-graph\">{\"@context\":\"https:\/\/schema.org\",\"@graph\":[{\"@type\":\"WebPage\",\"@id\":\"https:\/\/hoyre.no\/rade\/kari-sogn-2023-2027\/\",\"url\":\"https:\/\/hoyre.no\/rade\/kari-sogn-2023-2027\/\",\"name\":\"Kari Sogn 2023 - 2027 - R\u00e5de H\u00f8yre\",\"isPartOf\":{\"@id\":\"https:\/\/hoyre.no\/rade\/#website\"},\"image\":{\"@id\":\"https:\/\/hoyre.no\/rade\/kari-sogn-2023-2027\/#primaryimage\"},\"thumbnailUrl\":\"https:\/\/hoyre.no\/content\/uploads\/sites\/164\/2023\/06\/Kari-Sogn-2118594-1024x658.jpg\",\"datePublished\":\"2023-06-04T17:54:34+00:00\",\"dateModified\":\"2023-06-12T16:17:47+00:00\",\"breadcrumb\":{\"@id\":\"https:\/\/hoyre.no\/rade\/kari-sogn-2023-2027\/#breadcrumb\"},\"inLanguage\":\"nb-NO\",\"potentialAction\":[{\"@type\":\"ReadAction\",\"target\":[\"https:\/\/hoyre.no\/rade\/kari-sogn-2023-2027\/\"]}]},{\"@type\":\"ImageObject\",\"inLanguage\":\"nb-NO\",\"@id\":\"https:\/\/hoyre.no\/rade\/kari-sogn-2023-2027\/#primaryimage\",\"url\":\"https:\/\/hoyre.no\/content\/uploads\/sites\/164\/2023\/06\/Kari-Sogn-2118594-1024x658.jpg\",\"contentUrl\":\"https:\/\/hoyre.no\/content\/uploads\/sites\/164\/2023\/06\/Kari-Sogn-2118594-1024x658.jpg\"},{\"@type\":\"BreadcrumbList\",\"@id\":\"https:\/\/hoyre.no\/rade\/kari-sogn-2023-2027\/#breadcrumb\",\"itemListElement\":[{\"@type\":\"ListItem\",\"position\":1,\"name\":\"Til hoyre.no\",\"item\":\"https:\/\/hoyre.no\"},{\"@type\":\"ListItem\",\"position\":2,\"name\":\"Hjem\",\"item\":\"https:\/\/hoyre.no\/rade\/\"},{\"@type\":\"ListItem\",\"position\":3,\"name\":\"Kari Sogn 2023 &#8211; 2027\"}]},{\"@type\":\"WebSite\",\"@id\":\"https:\/\/hoyre.no\/rade\/#website\",\"url\":\"https:\/\/hoyre.no\/rade\/\",\"name\":\"R\u00e5de H\u00f8yre\",\"description\":\"Bare enda et H\u00f8yres nettsteder-nettsted\",\"inLanguage\":\"nb-NO\"}]}<\/script>\n<!-- \/ Yoast SEO plugin. -->","yoast_head_json":{"title":"Kari Sogn 2023 - 2027 - R\u00e5de H\u00f8yre","robots":{"index":"index","follow":"follow","max-snippet":"max-snippet:-1","max-image-preview":"max-image-preview:large","max-video-preview":"max-video-preview:-1"},"canonical":"https:\/\/hoyre.no\/rade\/kari-sogn-2023-2027\/","og_locale":"nb_NO","og_type":"article","og_title":"Kari Sogn 2023 - 2027 - R\u00e5de H\u00f8yre","og_url":"https:\/\/hoyre.no\/rade\/kari-sogn-2023-2027\/","og_site_name":"R\u00e5de H\u00f8yre","article_modified_time":"2023-06-12T16:17:47+00:00","og_image":[{"url":"https:\/\/hoyre.no\/content\/uploads\/sites\/164\/2023\/06\/Kari-Sogn-2118594-1024x658.jpg","width":"","height":"","type":""}],"twitter_card":"summary_large_image","twitter_misc":{"Ansl. lesetid":"2 minutter"},"schema":{"@context":"https:\/\/schema.org","@graph":[{"@type":"WebPage","@id":"https:\/\/hoyre.no\/rade\/kari-sogn-2023-2027\/","url":"https:\/\/hoyre.no\/rade\/kari-sogn-2023-2027\/","name":"Kari Sogn 2023 - 2027 - R\u00e5de H\u00f8yre","isPartOf":{"@id":"https:\/\/hoyre.no\/rade\/#website"},"image":{"@id":"https:\/\/hoyre.no\/rade\/kari-sogn-2023-2027\/#primaryimage"},"thumbnailUrl":"https:\/\/hoyre.no\/content\/uploads\/sites\/164\/2023\/06\/Kari-Sogn-2118594-1024x658.jpg","datePublished":"2023-06-04T17:54:34+00:00","dateModified":"2023-06-12T16:17:47+00:00","breadcrumb":{"@id":"https:\/\/hoyre.no\/rade\/kari-sogn-2023-2027\/#breadcrumb"},"inLanguage":"nb-NO","potentialAction":[{"@type":"ReadAction","target":["https:\/\/hoyre.no\/rade\/kari-sogn-2023-2027\/"]}]},{"@type":"ImageObject","inLanguage":"nb-NO","@id":"https:\/\/hoyre.no\/rade\/kari-sogn-2023-2027\/#primaryimage","url":"https:\/\/hoyre.no\/content\/uploads\/sites\/164\/2023\/06\/Kari-Sogn-2118594-1024x658.jpg","contentUrl":"https:\/\/hoyre.no\/content\/uploads\/sites\/164\/2023\/06\/Kari-Sogn-2118594-1024x658.jpg"},{"@type":"BreadcrumbList","@id":"https:\/\/hoyre.no\/rade\/kari-sogn-2023-2027\/#breadcrumb","itemListElement":[{"@type":"ListItem","position":1,"name":"Til hoyre.no","item":"https:\/\/hoyre.no"},{"@type":"ListItem","position":2,"name":"Hjem","item":"https:\/\/hoyre.no\/rade\/"},{"@type":"ListItem","position":3,"name":"Kari Sogn 2023 &#8211; 2027"}]},{"@type":"WebSite","@id":"https:\/\/hoyre.no\/rade\/#website","url":"https:\/\/hoyre.no\/rade\/","name":"R\u00e5de H\u00f8yre","description":"Bare enda et H\u00f8yres nettsteder-nettsted","inLanguage":"nb-NO"}]}},"distributor_meta":false,"distributor_terms":false,"distributor_media":false,"distributor_original_site_name":"R\u00e5de H\u00f8yre","distributor_original_site_url":"https:\/\/hoyre.no\/rade","push-errors":false,"_links":{"self":[{"href":"https:\/\/hoyre.no\/rade\/wp-json\/wp\/v2\/pages\/283","targetHints":{"allow":["GET"]}}],"collection":[{"href":"https:\/\/hoyre.no\/rade\/wp-json\/wp\/v2\/pages"}],"about":[{"href":"https:\/\/hoyre.no\/rade\/wp-json\/wp\/v2\/types\/page"}],"author":[{"embeddable":true,"href":"https:\/\/hoyre.no\/rade\/wp-json\/wp\/v2\/users\/15871"}],"replies":[{"embeddable":true,"href":"https:\/\/hoyre.no\/rade\/wp-json\/wp\/v2\/comments?post=283"}],"version-history":[{"count":2,"href":"https:\/\/hoyre.no\/rade\/wp-json\/wp\/v2\/pages\/283\/revisions"}],"predecessor-version":[{"id":289,"href":"https:\/\/hoyre.no\/rade\/wp-json\/wp\/v2\/pages\/283\/revisions\/289"}],"wp:attachment":[{"href":"https:\/\/hoyre.no\/rade\/wp-json\/wp\/v2\/media?parent=283"}],"curies":[{"name":"wp","href":"https:\/\/api.w.org\/{rel}","templated":true}]}}