{"id":292,"date":"2023-06-04T20:02:16","date_gmt":"2023-06-04T18:02:16","guid":{"rendered":"https:\/\/hoyre.no\/rade\/?page_id=292"},"modified":"2024-11-15T21:19:46","modified_gmt":"2024-11-15T20:19:46","slug":"markus-kallvik-2023-2027","status":"publish","type":"page","link":"https:\/\/hoyre.no\/rade\/markus-kallvik-2023-2027\/","title":{"rendered":"Markus K\u00e4llvik 2023 &#8211; 2027"},"content":{"rendered":"\n<div class=\"wp-block-hoyre-hero with-image-gradient text-color-light  has-media alignfull has-background\"><div class=\"hoyre-hero has-image\"><h1 class=\"title\">Barn og unge er fremtiden<\/h1><p class=\"preamble\">R\u00e5des grunnskole skal bli en av landets beste innen 2027<\/p>\t\t\t<div class=\"post-meta wp-block teft-byline-wrapper\">\n\t\t\t\t<div class=\"top\">\n\t\t\t\t\t<div class=\"signature\">\n\t\t\t\t\t\t<div class=\"teft-byline\">\n\t\t\t\t\t\t\t\t\t\t\t\t\t\t<div>\n\t\t\t\t\t\t\t\t<h3>H\u00f8yres redaksjon<\/h3>\t\t\t\t\t\t\t\t\n\t\t\t\t\t\t\t\t\t\t\t\t\t\t\t\t\t<span class=\"date\">Sist oppdatert: 15. november 2024<\/span>\n\t\t\t\t\t\t\t\t\t\t\t\t\t\t\t\t\t\t\t\t\t\t\t\t\t<span class=\"reading-time\" itemprop=\"timeRequired\" content=\"PT1M\"><em>Ca. 1 minutter lesetid<\/em><\/span>\n\t\t\t\t\t\t\t\t\t\t\t\t\t\t\t<\/div>\n\t\t\t\t\t\t<\/div>\n\t\t\t\t\t<\/div>\n\t\t\t\t\t\t<div class=\"sharing\">\n\t\t<a class=\"share-button share-link copy-link\" data-copy=\"https:\/\/hoyre.no\/rade\/markus-kallvik-2023-2027\/\" target=\"_blank\"><span class=\"screen-reader-text\">Del link<\/span><\/a>\n\t\t<a class=\"share-button share-twitter\" href=\"http:\/\/twitter.com\/share?text=Markus K\u00e4llvik 2023 &#8211; 2027&#038;url=https:\/\/hoyre.no\/rade\/markus-kallvik-2023-2027\/&#038;hashtags=Hoyre\" target=\"_blank\"><span class=\"screen-reader-text\">Del p\u00e5 twitter<\/span><\/a>\n\t\t<a class=\"share-button share-facebook\" href=\"https:\/\/www.facebook.com\/sharer\/sharer.php?u=https:\/\/hoyre.no\/rade\/markus-kallvik-2023-2027\/\" target=\"_blank\"><span class=\"screen-reader-text\">Del p\u00e5 facebook<\/span><\/a>\n\t<\/div>\n\t\t\t\t\t<\/div>\n\t\t\t<\/div>\n\n\t\t\t<figure class=\"hoyre-image-wrapper\"><div class=\"hoyre-image\"><img loading=\"lazy\" decoding=\"async\" width=\"1600\" height=\"1068\" src=\"https:\/\/hoyre.no\/content\/uploads\/sites\/164\/2024\/11\/2024-11-13-Markus-Kallvik-profilbilde.jpg\" class=\"attachment-scaled size-scaled\" alt=\"\" style=\"object-position: 50% 50%\" srcset=\"https:\/\/hoyre.no\/content\/uploads\/sites\/164\/2024\/11\/2024-11-13-Markus-Kallvik-profilbilde.jpg 1600w, https:\/\/hoyre.no\/content\/uploads\/sites\/164\/2024\/11\/2024-11-13-Markus-Kallvik-profilbilde-300x200.jpg 300w, https:\/\/hoyre.no\/content\/uploads\/sites\/164\/2024\/11\/2024-11-13-Markus-Kallvik-profilbilde-1024x684.jpg 1024w, https:\/\/hoyre.no\/content\/uploads\/sites\/164\/2024\/11\/2024-11-13-Markus-Kallvik-profilbilde-768x513.jpg 768w, https:\/\/hoyre.no\/content\/uploads\/sites\/164\/2024\/11\/2024-11-13-Markus-Kallvik-profilbilde-1536x1025.jpg 1536w\" sizes=\"auto, (max-width: 1600px) 100vw, 1600px\" \/><\/div><\/figure><\/div><\/div>\n\n\n\n\n<p>Alle barna v\u00e5re m\u00e5 bli sett, forst\u00e5tt og utfordret dersom vi skal v\u00e6re en attraktiv og relevant kommune i fremtiden. Forskningsstudier og erfaringsoverf\u00f8ring fra de beste skolene i landet skal legges til grunn for en ny skolestrategi som blir mer konkret og m\u00e5lbar. Roller, ansvar og myndighet m\u00e5 defineres enda tydeligere i alle ledd fra kommunens administrasjon og folkevalgte, via rektorer og l\u00e6rere til elever og foreldre. Vi skal bygge formelle og uformelle team p\u00e5 tvers av klasser og trinn \u2013 samt mellom l\u00e6rere, rektorer og kommunen. P\u00e5 den m\u00e5ten etableres vinnerkulturer som ikke tillater mobbing og utenforskap.<\/p>\n\n\n\n<p>Som person h\u00e5per jeg \u00e5 kunne identifiseres som lyttende, raus og tydelig \u2013 og som politiker vil jeg alltid legge forskning, solidaritet og innovasjon til grunn for mine valg. Med en 18-\u00e5rig karriere fra Forsvaret i kofferten, kom jeg hjem med mange nye erfaringer og visjoner. H\u00f8yre ble da det naturlige valget. N\u00e5 er jeg Saltnesboer med min kj\u00e6re Ingeborg, v\u00e5re to barn og en irsk setter. P\u00e5 fritiden g\u00e5r det i familiekos, crossfit, friluftsliv, jakt, toppturer, TV-serier og hyggelige aktiviteter med gode naboer og familievenner. Guilty pleasure: kokkosboller og raske biler<\/p>\n\n\n\n\n<figure class=\"wp-block-image size-large\"><img loading=\"lazy\" decoding=\"async\" width=\"1024\" height=\"684\" src=\"https:\/\/hoyre.no\/content\/uploads\/sites\/164\/2024\/11\/2024-11-13-Markus-Kallvik-profilbilde-1024x684.jpg\" alt=\"\" class=\"wp-image-570\" srcset=\"https:\/\/hoyre.no\/content\/uploads\/sites\/164\/2024\/11\/2024-11-13-Markus-Kallvik-profilbilde-1024x684.jpg 1024w, https:\/\/hoyre.no\/content\/uploads\/sites\/164\/2024\/11\/2024-11-13-Markus-Kallvik-profilbilde-300x200.jpg 300w, https:\/\/hoyre.no\/content\/uploads\/sites\/164\/2024\/11\/2024-11-13-Markus-Kallvik-profilbilde-768x513.jpg 768w, https:\/\/hoyre.no\/content\/uploads\/sites\/164\/2024\/11\/2024-11-13-Markus-Kallvik-profilbilde-1536x1025.jpg 1536w, https:\/\/hoyre.no\/content\/uploads\/sites\/164\/2024\/11\/2024-11-13-Markus-Kallvik-profilbilde.jpg 1600w\" sizes=\"auto, (max-width: 1024px) 100vw, 1024px\" \/><\/figure>\n","protected":false},"excerpt":{"rendered":"","protected":false},"author":15871,"featured_media":0,"parent":0,"menu_order":0,"comment_status":"closed","ping_status":"closed","template":"","meta":{"teft_cards_image_url":"","teft_cards_custom_pretitle":"","teft_cards_image_id":570,"teft_cards_image_focal_point_x":0.68,"teft_cards_image_focal_point_y":0.36,"teft_cards_title":"","teft_cards_excerpt":"","teft_show_chapters":false,"footnotes":""},"class_list":["post-292","page","type-page","status-publish","hentry"],"yoast_head":"<!-- This site is optimized with the Yoast SEO plugin v26.6 - https:\/\/yoast.com\/wordpress\/plugins\/seo\/ -->\n<title>Markus K\u00e4llvik 2023 - 2027 - R\u00e5de H\u00f8yre<\/title>\n<meta name=\"robots\" content=\"index, follow, max-snippet:-1, max-image-preview:large, max-video-preview:-1\" \/>\n<link rel=\"canonical\" href=\"https:\/\/hoyre.no\/rade\/markus-kallvik-2023-2027\/\" \/>\n<meta property=\"og:locale\" content=\"nb_NO\" \/>\n<meta property=\"og:type\" content=\"article\" \/>\n<meta property=\"og:title\" content=\"Markus K\u00e4llvik 2023 - 2027 - R\u00e5de H\u00f8yre\" \/>\n<meta property=\"og:url\" content=\"https:\/\/hoyre.no\/rade\/markus-kallvik-2023-2027\/\" \/>\n<meta property=\"og:site_name\" content=\"R\u00e5de H\u00f8yre\" \/>\n<meta property=\"article:modified_time\" content=\"2024-11-15T20:19:46+00:00\" \/>\n<meta property=\"og:image\" content=\"https:\/\/hoyre.no\/content\/uploads\/sites\/164\/2024\/11\/2024-11-13-Markus-Kallvik-profilbilde-1024x684.jpg\" \/>\n<meta name=\"twitter:card\" content=\"summary_large_image\" \/>\n<meta name=\"twitter:label1\" content=\"Ansl. lesetid\" \/>\n\t<meta name=\"twitter:data1\" content=\"2 minutter\" \/>\n<script type=\"application\/ld+json\" class=\"yoast-schema-graph\">{\"@context\":\"https:\/\/schema.org\",\"@graph\":[{\"@type\":\"WebPage\",\"@id\":\"https:\/\/hoyre.no\/rade\/markus-kallvik-2023-2027\/\",\"url\":\"https:\/\/hoyre.no\/rade\/markus-kallvik-2023-2027\/\",\"name\":\"Markus K\u00e4llvik 2023 - 2027 - R\u00e5de H\u00f8yre\",\"isPartOf\":{\"@id\":\"https:\/\/hoyre.no\/rade\/#website\"},\"image\":{\"@id\":\"https:\/\/hoyre.no\/rade\/markus-kallvik-2023-2027\/#primaryimage\"},\"thumbnailUrl\":\"https:\/\/hoyre.no\/content\/uploads\/sites\/164\/2024\/11\/2024-11-13-Markus-Kallvik-profilbilde-1024x684.jpg\",\"datePublished\":\"2023-06-04T18:02:16+00:00\",\"dateModified\":\"2024-11-15T20:19:46+00:00\",\"breadcrumb\":{\"@id\":\"https:\/\/hoyre.no\/rade\/markus-kallvik-2023-2027\/#breadcrumb\"},\"inLanguage\":\"nb-NO\",\"potentialAction\":[{\"@type\":\"ReadAction\",\"target\":[\"https:\/\/hoyre.no\/rade\/markus-kallvik-2023-2027\/\"]}]},{\"@type\":\"ImageObject\",\"inLanguage\":\"nb-NO\",\"@id\":\"https:\/\/hoyre.no\/rade\/markus-kallvik-2023-2027\/#primaryimage\",\"url\":\"https:\/\/hoyre.no\/content\/uploads\/sites\/164\/2024\/11\/2024-11-13-Markus-Kallvik-profilbilde-1024x684.jpg\",\"contentUrl\":\"https:\/\/hoyre.no\/content\/uploads\/sites\/164\/2024\/11\/2024-11-13-Markus-Kallvik-profilbilde-1024x684.jpg\"},{\"@type\":\"BreadcrumbList\",\"@id\":\"https:\/\/hoyre.no\/rade\/markus-kallvik-2023-2027\/#breadcrumb\",\"itemListElement\":[{\"@type\":\"ListItem\",\"position\":1,\"name\":\"Til hoyre.no\",\"item\":\"https:\/\/hoyre.no\"},{\"@type\":\"ListItem\",\"position\":2,\"name\":\"Hjem\",\"item\":\"https:\/\/hoyre.no\/rade\/\"},{\"@type\":\"ListItem\",\"position\":3,\"name\":\"Markus K\u00e4llvik 2023 &#8211; 2027\"}]},{\"@type\":\"WebSite\",\"@id\":\"https:\/\/hoyre.no\/rade\/#website\",\"url\":\"https:\/\/hoyre.no\/rade\/\",\"name\":\"R\u00e5de H\u00f8yre\",\"description\":\"Bare enda et H\u00f8yres nettsteder-nettsted\",\"inLanguage\":\"nb-NO\"}]}<\/script>\n<!-- \/ Yoast SEO plugin. -->","yoast_head_json":{"title":"Markus K\u00e4llvik 2023 - 2027 - R\u00e5de H\u00f8yre","robots":{"index":"index","follow":"follow","max-snippet":"max-snippet:-1","max-image-preview":"max-image-preview:large","max-video-preview":"max-video-preview:-1"},"canonical":"https:\/\/hoyre.no\/rade\/markus-kallvik-2023-2027\/","og_locale":"nb_NO","og_type":"article","og_title":"Markus K\u00e4llvik 2023 - 2027 - R\u00e5de H\u00f8yre","og_url":"https:\/\/hoyre.no\/rade\/markus-kallvik-2023-2027\/","og_site_name":"R\u00e5de H\u00f8yre","article_modified_time":"2024-11-15T20:19:46+00:00","og_image":[{"url":"https:\/\/hoyre.no\/content\/uploads\/sites\/164\/2024\/11\/2024-11-13-Markus-Kallvik-profilbilde-1024x684.jpg","width":"","height":"","type":""}],"twitter_card":"summary_large_image","twitter_misc":{"Ansl. lesetid":"2 minutter"},"schema":{"@context":"https:\/\/schema.org","@graph":[{"@type":"WebPage","@id":"https:\/\/hoyre.no\/rade\/markus-kallvik-2023-2027\/","url":"https:\/\/hoyre.no\/rade\/markus-kallvik-2023-2027\/","name":"Markus K\u00e4llvik 2023 - 2027 - R\u00e5de H\u00f8yre","isPartOf":{"@id":"https:\/\/hoyre.no\/rade\/#website"},"image":{"@id":"https:\/\/hoyre.no\/rade\/markus-kallvik-2023-2027\/#primaryimage"},"thumbnailUrl":"https:\/\/hoyre.no\/content\/uploads\/sites\/164\/2024\/11\/2024-11-13-Markus-Kallvik-profilbilde-1024x684.jpg","datePublished":"2023-06-04T18:02:16+00:00","dateModified":"2024-11-15T20:19:46+00:00","breadcrumb":{"@id":"https:\/\/hoyre.no\/rade\/markus-kallvik-2023-2027\/#breadcrumb"},"inLanguage":"nb-NO","potentialAction":[{"@type":"ReadAction","target":["https:\/\/hoyre.no\/rade\/markus-kallvik-2023-2027\/"]}]},{"@type":"ImageObject","inLanguage":"nb-NO","@id":"https:\/\/hoyre.no\/rade\/markus-kallvik-2023-2027\/#primaryimage","url":"https:\/\/hoyre.no\/content\/uploads\/sites\/164\/2024\/11\/2024-11-13-Markus-Kallvik-profilbilde-1024x684.jpg","contentUrl":"https:\/\/hoyre.no\/content\/uploads\/sites\/164\/2024\/11\/2024-11-13-Markus-Kallvik-profilbilde-1024x684.jpg"},{"@type":"BreadcrumbList","@id":"https:\/\/hoyre.no\/rade\/markus-kallvik-2023-2027\/#breadcrumb","itemListElement":[{"@type":"ListItem","position":1,"name":"Til hoyre.no","item":"https:\/\/hoyre.no"},{"@type":"ListItem","position":2,"name":"Hjem","item":"https:\/\/hoyre.no\/rade\/"},{"@type":"ListItem","position":3,"name":"Markus K\u00e4llvik 2023 &#8211; 2027"}]},{"@type":"WebSite","@id":"https:\/\/hoyre.no\/rade\/#website","url":"https:\/\/hoyre.no\/rade\/","name":"R\u00e5de H\u00f8yre","description":"Bare enda et H\u00f8yres nettsteder-nettsted","inLanguage":"nb-NO"}]}},"distributor_meta":false,"distributor_terms":false,"distributor_media":false,"distributor_original_site_name":"R\u00e5de H\u00f8yre","distributor_original_site_url":"https:\/\/hoyre.no\/rade","push-errors":false,"_links":{"self":[{"href":"https:\/\/hoyre.no\/rade\/wp-json\/wp\/v2\/pages\/292","targetHints":{"allow":["GET"]}}],"collection":[{"href":"https:\/\/hoyre.no\/rade\/wp-json\/wp\/v2\/pages"}],"about":[{"href":"https:\/\/hoyre.no\/rade\/wp-json\/wp\/v2\/types\/page"}],"author":[{"embeddable":true,"href":"https:\/\/hoyre.no\/rade\/wp-json\/wp\/v2\/users\/15871"}],"replies":[{"embeddable":true,"href":"https:\/\/hoyre.no\/rade\/wp-json\/wp\/v2\/comments?post=292"}],"version-history":[{"count":3,"href":"https:\/\/hoyre.no\/rade\/wp-json\/wp\/v2\/pages\/292\/revisions"}],"predecessor-version":[{"id":573,"href":"https:\/\/hoyre.no\/rade\/wp-json\/wp\/v2\/pages\/292\/revisions\/573"}],"wp:attachment":[{"href":"https:\/\/hoyre.no\/rade\/wp-json\/wp\/v2\/media?parent=292"}],"curies":[{"name":"wp","href":"https:\/\/api.w.org\/{rel}","templated":true}]}}