{"id":294,"date":"2023-06-04T20:04:27","date_gmt":"2023-06-04T18:04:27","guid":{"rendered":"https:\/\/hoyre.no\/rade\/?page_id=294"},"modified":"2023-06-12T18:21:07","modified_gmt":"2023-06-12T16:21:07","slug":"liss-cathrine-holme-2023-2027","status":"publish","type":"page","link":"https:\/\/hoyre.no\/rade\/liss-cathrine-holme-2023-2027\/","title":{"rendered":"Liss Cathrine Holme 2023 &#8211; 2027"},"content":{"rendered":"\n<div class=\"wp-block-hoyre-hero with-image-gradient text-color-light  has-media alignfull has-background\"><div class=\"hoyre-hero has-image\"><h1 class=\"title\">Utvikle for \u00e5 bevare<\/h1><p class=\"preamble\">R\u00e5de er en fantastisk flott bygd \u2013 passe stor, med n\u00e6rhet til menneskene og naturen. En perle, og denne m\u00e5 vi bevare<\/p>\t\t\t<div class=\"post-meta wp-block teft-byline-wrapper\">\n\t\t\t\t<div class=\"top\">\n\t\t\t\t\t<div class=\"signature\">\n\t\t\t\t\t\t<div class=\"teft-byline\">\n\t\t\t\t\t\t\t\t\t\t\t\t\t\t<div>\n\t\t\t\t\t\t\t\t<h3>H\u00f8yres redaksjon<\/h3>\t\t\t\t\t\t\t\t\n\t\t\t\t\t\t\t\t\t\t\t\t\t\t\t\t\t<span class=\"date\">Sist oppdatert: 12. juni 2023<\/span>\n\t\t\t\t\t\t\t\t\t\t\t\t\t\t\t\t\t\t\t\t\t\t\t\t\t<span class=\"reading-time\" itemprop=\"timeRequired\" content=\"PT2M\"><em>Ca. 2 minutter lesetid<\/em><\/span>\n\t\t\t\t\t\t\t\t\t\t\t\t\t\t\t<\/div>\n\t\t\t\t\t\t<\/div>\n\t\t\t\t\t<\/div>\n\t\t\t\t\t\t<div class=\"sharing\">\n\t\t<a class=\"share-button share-link copy-link\" data-copy=\"https:\/\/hoyre.no\/rade\/liss-cathrine-holme-2023-2027\/\" target=\"_blank\"><span class=\"screen-reader-text\">Del link<\/span><\/a>\n\t\t<a class=\"share-button share-twitter\" href=\"http:\/\/twitter.com\/share?text=Liss Cathrine Holme 2023 &#8211; 2027&#038;url=https:\/\/hoyre.no\/rade\/liss-cathrine-holme-2023-2027\/&#038;hashtags=Hoyre\" target=\"_blank\"><span class=\"screen-reader-text\">Del p\u00e5 twitter<\/span><\/a>\n\t\t<a class=\"share-button share-facebook\" href=\"https:\/\/www.facebook.com\/sharer\/sharer.php?u=https:\/\/hoyre.no\/rade\/liss-cathrine-holme-2023-2027\/\" target=\"_blank\"><span class=\"screen-reader-text\">Del p\u00e5 facebook<\/span><\/a>\n\t<\/div>\n\t\t\t\t\t<\/div>\n\t\t\t<\/div>\n\n\t\t\t<figure class=\"hoyre-image-wrapper\"><div class=\"hoyre-image\"><img loading=\"lazy\" decoding=\"async\" width=\"2500\" height=\"1699\" src=\"https:\/\/hoyre.no\/content\/uploads\/sites\/164\/2023\/06\/Liss-Cathrine-Holme-52069226-scaled.jpg\" class=\"attachment-scaled size-scaled\" alt=\"\" style=\"object-position: 50% 50%\" srcset=\"https:\/\/hoyre.no\/content\/uploads\/sites\/164\/2023\/06\/Liss-Cathrine-Holme-52069226-scaled.jpg 2500w, https:\/\/hoyre.no\/content\/uploads\/sites\/164\/2023\/06\/Liss-Cathrine-Holme-52069226-300x204.jpg 300w, https:\/\/hoyre.no\/content\/uploads\/sites\/164\/2023\/06\/Liss-Cathrine-Holme-52069226-1024x696.jpg 1024w, https:\/\/hoyre.no\/content\/uploads\/sites\/164\/2023\/06\/Liss-Cathrine-Holme-52069226-768x522.jpg 768w, https:\/\/hoyre.no\/content\/uploads\/sites\/164\/2023\/06\/Liss-Cathrine-Holme-52069226-1536x1044.jpg 1536w, https:\/\/hoyre.no\/content\/uploads\/sites\/164\/2023\/06\/Liss-Cathrine-Holme-52069226-2048x1392.jpg 2048w\" sizes=\"auto, (max-width: 2500px) 100vw, 2500px\" \/><\/div><\/figure><\/div><\/div>\n\n\n\n\n<p>Jeg er f\u00f8dt og oppvokst i R\u00e5de, og driver i dag slektsg\u00e5rden Holme. F\u00f8r den tid var jeg bymenneske i 11 \u00e5r, i Bergen og Oslo. Jeg er utdannet homeopat og har bakgrunn i privat og offentlig helsevesen. Det var spennende og l\u00e6rerike \u00e5r i disse to byene, men jeg ble likevel helt klar p\u00e5 at jeg en dag ville tilbake til R\u00e5de. Det er vel kanskje s\u00e5nn at man m\u00e5 ut for \u00e5 komme hjem!<\/p>\n\n\n\n<p>For meg er det viktig at vi fortsatt legger til rette for at R\u00e5de skal v\u00e6re en attraktiv kommune \u00e5 etablere og drive n\u00e6ring i og skape arbeidsplasser. Dette er viktig for \u00e5 styrke kommune\u00f8konomien, men ogs\u00e5 for \u00e5 bevare et levende lokalsamfunn med ulike tilbud og fasiliteter.<\/p>\n\n\n\n<p>Jeg vil jobbe for \u00e5 fremme kreativitet og skaperglede i R\u00e5deskolene, hvor bl.a. Ungt Entreperskap skal st\u00e5 fast p\u00e5 planen for ungdomsskolen. En skole som ser den enkelte elev \u2013 en skole som gir mulighet for alle!<br>Jeg vil jobbe for at kommunen har et stort fokus p\u00e5 klima\/milj\u00f8\/Oslofjorden; &nbsp;<br>Nye kommunale bygg skal ha pluss- eller null-hus standard.<br>\u00d8ke bruken av solcellepanel p\u00e5 kommunale tak og fasader. Styrke fokuset p\u00e5 restaurering av v\u00e5r del av Oslofjorden.<br>Politisk erfaring: Samfunnsutvalget siden 2019 og i styret i R\u00e5de H\u00f8yre siden 2018.<\/p>\n\n\n\n\n<figure class=\"wp-block-image size-large\"><img loading=\"lazy\" decoding=\"async\" width=\"1024\" height=\"696\" src=\"https:\/\/hoyre.no\/content\/uploads\/sites\/164\/2023\/06\/Liss-Cathrine-Holme-52069226-1024x696.jpg\" alt=\"\" class=\"wp-image-256\" srcset=\"https:\/\/hoyre.no\/content\/uploads\/sites\/164\/2023\/06\/Liss-Cathrine-Holme-52069226-1024x696.jpg 1024w, https:\/\/hoyre.no\/content\/uploads\/sites\/164\/2023\/06\/Liss-Cathrine-Holme-52069226-300x204.jpg 300w, https:\/\/hoyre.no\/content\/uploads\/sites\/164\/2023\/06\/Liss-Cathrine-Holme-52069226-768x522.jpg 768w, https:\/\/hoyre.no\/content\/uploads\/sites\/164\/2023\/06\/Liss-Cathrine-Holme-52069226-1536x1044.jpg 1536w, https:\/\/hoyre.no\/content\/uploads\/sites\/164\/2023\/06\/Liss-Cathrine-Holme-52069226-2048x1392.jpg 2048w\" sizes=\"auto, (max-width: 1024px) 100vw, 1024px\" \/><\/figure>\n","protected":false},"excerpt":{"rendered":"","protected":false},"author":15871,"featured_media":0,"parent":0,"menu_order":0,"comment_status":"closed","ping_status":"closed","template":"","meta":{"teft_cards_image_url":"","teft_cards_custom_pretitle":"","teft_cards_image_id":256,"teft_cards_image_focal_point_x":0.5,"teft_cards_image_focal_point_y":0.5,"teft_cards_title":"","teft_cards_excerpt":"","teft_show_chapters":false,"footnotes":""},"class_list":["post-294","page","type-page","status-publish","hentry"],"yoast_head":"<!-- This site is optimized with the Yoast SEO plugin v26.6 - https:\/\/yoast.com\/wordpress\/plugins\/seo\/ -->\n<title>Liss Cathrine Holme 2023 - 2027 - R\u00e5de H\u00f8yre<\/title>\n<meta name=\"robots\" content=\"index, follow, max-snippet:-1, max-image-preview:large, max-video-preview:-1\" \/>\n<link rel=\"canonical\" href=\"https:\/\/hoyre.no\/rade\/liss-cathrine-holme-2023-2027\/\" \/>\n<meta property=\"og:locale\" content=\"nb_NO\" \/>\n<meta property=\"og:type\" content=\"article\" \/>\n<meta property=\"og:title\" content=\"Liss Cathrine Holme 2023 - 2027 - R\u00e5de H\u00f8yre\" \/>\n<meta property=\"og:url\" content=\"https:\/\/hoyre.no\/rade\/liss-cathrine-holme-2023-2027\/\" \/>\n<meta property=\"og:site_name\" content=\"R\u00e5de H\u00f8yre\" \/>\n<meta property=\"article:modified_time\" content=\"2023-06-12T16:21:07+00:00\" \/>\n<meta property=\"og:image\" content=\"https:\/\/hoyre.no\/content\/uploads\/sites\/164\/2023\/06\/Liss-Cathrine-Holme-52069226-1024x696.jpg\" \/>\n<meta name=\"twitter:card\" content=\"summary_large_image\" \/>\n<meta name=\"twitter:label1\" content=\"Ansl. lesetid\" \/>\n\t<meta name=\"twitter:data1\" content=\"2 minutter\" \/>\n<script type=\"application\/ld+json\" class=\"yoast-schema-graph\">{\"@context\":\"https:\/\/schema.org\",\"@graph\":[{\"@type\":\"WebPage\",\"@id\":\"https:\/\/hoyre.no\/rade\/liss-cathrine-holme-2023-2027\/\",\"url\":\"https:\/\/hoyre.no\/rade\/liss-cathrine-holme-2023-2027\/\",\"name\":\"Liss Cathrine Holme 2023 - 2027 - R\u00e5de H\u00f8yre\",\"isPartOf\":{\"@id\":\"https:\/\/hoyre.no\/rade\/#website\"},\"image\":{\"@id\":\"https:\/\/hoyre.no\/rade\/liss-cathrine-holme-2023-2027\/#primaryimage\"},\"thumbnailUrl\":\"https:\/\/hoyre.no\/content\/uploads\/sites\/164\/2023\/06\/Liss-Cathrine-Holme-52069226-1024x696.jpg\",\"datePublished\":\"2023-06-04T18:04:27+00:00\",\"dateModified\":\"2023-06-12T16:21:07+00:00\",\"breadcrumb\":{\"@id\":\"https:\/\/hoyre.no\/rade\/liss-cathrine-holme-2023-2027\/#breadcrumb\"},\"inLanguage\":\"nb-NO\",\"potentialAction\":[{\"@type\":\"ReadAction\",\"target\":[\"https:\/\/hoyre.no\/rade\/liss-cathrine-holme-2023-2027\/\"]}]},{\"@type\":\"ImageObject\",\"inLanguage\":\"nb-NO\",\"@id\":\"https:\/\/hoyre.no\/rade\/liss-cathrine-holme-2023-2027\/#primaryimage\",\"url\":\"https:\/\/hoyre.no\/content\/uploads\/sites\/164\/2023\/06\/Liss-Cathrine-Holme-52069226-1024x696.jpg\",\"contentUrl\":\"https:\/\/hoyre.no\/content\/uploads\/sites\/164\/2023\/06\/Liss-Cathrine-Holme-52069226-1024x696.jpg\"},{\"@type\":\"BreadcrumbList\",\"@id\":\"https:\/\/hoyre.no\/rade\/liss-cathrine-holme-2023-2027\/#breadcrumb\",\"itemListElement\":[{\"@type\":\"ListItem\",\"position\":1,\"name\":\"Til hoyre.no\",\"item\":\"https:\/\/hoyre.no\"},{\"@type\":\"ListItem\",\"position\":2,\"name\":\"Hjem\",\"item\":\"https:\/\/hoyre.no\/rade\/\"},{\"@type\":\"ListItem\",\"position\":3,\"name\":\"Liss Cathrine Holme 2023 &#8211; 2027\"}]},{\"@type\":\"WebSite\",\"@id\":\"https:\/\/hoyre.no\/rade\/#website\",\"url\":\"https:\/\/hoyre.no\/rade\/\",\"name\":\"R\u00e5de H\u00f8yre\",\"description\":\"Bare enda et H\u00f8yres nettsteder-nettsted\",\"inLanguage\":\"nb-NO\"}]}<\/script>\n<!-- \/ Yoast SEO plugin. -->","yoast_head_json":{"title":"Liss Cathrine Holme 2023 - 2027 - R\u00e5de H\u00f8yre","robots":{"index":"index","follow":"follow","max-snippet":"max-snippet:-1","max-image-preview":"max-image-preview:large","max-video-preview":"max-video-preview:-1"},"canonical":"https:\/\/hoyre.no\/rade\/liss-cathrine-holme-2023-2027\/","og_locale":"nb_NO","og_type":"article","og_title":"Liss Cathrine Holme 2023 - 2027 - R\u00e5de H\u00f8yre","og_url":"https:\/\/hoyre.no\/rade\/liss-cathrine-holme-2023-2027\/","og_site_name":"R\u00e5de H\u00f8yre","article_modified_time":"2023-06-12T16:21:07+00:00","og_image":[{"url":"https:\/\/hoyre.no\/content\/uploads\/sites\/164\/2023\/06\/Liss-Cathrine-Holme-52069226-1024x696.jpg","width":"","height":"","type":""}],"twitter_card":"summary_large_image","twitter_misc":{"Ansl. lesetid":"2 minutter"},"schema":{"@context":"https:\/\/schema.org","@graph":[{"@type":"WebPage","@id":"https:\/\/hoyre.no\/rade\/liss-cathrine-holme-2023-2027\/","url":"https:\/\/hoyre.no\/rade\/liss-cathrine-holme-2023-2027\/","name":"Liss Cathrine Holme 2023 - 2027 - R\u00e5de H\u00f8yre","isPartOf":{"@id":"https:\/\/hoyre.no\/rade\/#website"},"image":{"@id":"https:\/\/hoyre.no\/rade\/liss-cathrine-holme-2023-2027\/#primaryimage"},"thumbnailUrl":"https:\/\/hoyre.no\/content\/uploads\/sites\/164\/2023\/06\/Liss-Cathrine-Holme-52069226-1024x696.jpg","datePublished":"2023-06-04T18:04:27+00:00","dateModified":"2023-06-12T16:21:07+00:00","breadcrumb":{"@id":"https:\/\/hoyre.no\/rade\/liss-cathrine-holme-2023-2027\/#breadcrumb"},"inLanguage":"nb-NO","potentialAction":[{"@type":"ReadAction","target":["https:\/\/hoyre.no\/rade\/liss-cathrine-holme-2023-2027\/"]}]},{"@type":"ImageObject","inLanguage":"nb-NO","@id":"https:\/\/hoyre.no\/rade\/liss-cathrine-holme-2023-2027\/#primaryimage","url":"https:\/\/hoyre.no\/content\/uploads\/sites\/164\/2023\/06\/Liss-Cathrine-Holme-52069226-1024x696.jpg","contentUrl":"https:\/\/hoyre.no\/content\/uploads\/sites\/164\/2023\/06\/Liss-Cathrine-Holme-52069226-1024x696.jpg"},{"@type":"BreadcrumbList","@id":"https:\/\/hoyre.no\/rade\/liss-cathrine-holme-2023-2027\/#breadcrumb","itemListElement":[{"@type":"ListItem","position":1,"name":"Til hoyre.no","item":"https:\/\/hoyre.no"},{"@type":"ListItem","position":2,"name":"Hjem","item":"https:\/\/hoyre.no\/rade\/"},{"@type":"ListItem","position":3,"name":"Liss Cathrine Holme 2023 &#8211; 2027"}]},{"@type":"WebSite","@id":"https:\/\/hoyre.no\/rade\/#website","url":"https:\/\/hoyre.no\/rade\/","name":"R\u00e5de H\u00f8yre","description":"Bare enda et H\u00f8yres nettsteder-nettsted","inLanguage":"nb-NO"}]}},"distributor_meta":false,"distributor_terms":false,"distributor_media":false,"distributor_original_site_name":"R\u00e5de H\u00f8yre","distributor_original_site_url":"https:\/\/hoyre.no\/rade","push-errors":false,"_links":{"self":[{"href":"https:\/\/hoyre.no\/rade\/wp-json\/wp\/v2\/pages\/294","targetHints":{"allow":["GET"]}}],"collection":[{"href":"https:\/\/hoyre.no\/rade\/wp-json\/wp\/v2\/pages"}],"about":[{"href":"https:\/\/hoyre.no\/rade\/wp-json\/wp\/v2\/types\/page"}],"author":[{"embeddable":true,"href":"https:\/\/hoyre.no\/rade\/wp-json\/wp\/v2\/users\/15871"}],"replies":[{"embeddable":true,"href":"https:\/\/hoyre.no\/rade\/wp-json\/wp\/v2\/comments?post=294"}],"version-history":[{"count":1,"href":"https:\/\/hoyre.no\/rade\/wp-json\/wp\/v2\/pages\/294\/revisions"}],"predecessor-version":[{"id":295,"href":"https:\/\/hoyre.no\/rade\/wp-json\/wp\/v2\/pages\/294\/revisions\/295"}],"wp:attachment":[{"href":"https:\/\/hoyre.no\/rade\/wp-json\/wp\/v2\/media?parent=294"}],"curies":[{"name":"wp","href":"https:\/\/api.w.org\/{rel}","templated":true}]}}