{"id":296,"date":"2023-06-04T20:06:29","date_gmt":"2023-06-04T18:06:29","guid":{"rendered":"https:\/\/hoyre.no\/rade\/?page_id=296"},"modified":"2023-06-12T18:21:35","modified_gmt":"2023-06-12T16:21:35","slug":"georg-bergmann-johansen-2023-2027","status":"publish","type":"page","link":"https:\/\/hoyre.no\/rade\/georg-bergmann-johansen-2023-2027\/","title":{"rendered":"Georg Bergmann Johansen 2023 &#8211; 2027"},"content":{"rendered":"\n<div class=\"wp-block-hoyre-hero with-image-gradient text-color-light  has-media alignfull has-background\"><div class=\"hoyre-hero has-image\"><h1 class=\"title\">Jeg vil at R\u00e5de skal v\u00e6re et godt sted for ungdommen\u00a0<\/h1><p class=\"preamble\">Jeg engasjerer meg for R\u00e5de H\u00f8yre, fordi jeg mener at H\u00f8yre har den beste politikken, og at ungdommen skal ha en stemme inn i kommunestyret<\/p>\t\t\t<div class=\"post-meta wp-block teft-byline-wrapper\">\n\t\t\t\t<div class=\"top\">\n\t\t\t\t\t<div class=\"signature\">\n\t\t\t\t\t\t<div class=\"teft-byline\">\n\t\t\t\t\t\t\t\t\t\t\t\t\t\t<div>\n\t\t\t\t\t\t\t\t<h3>H\u00f8yres redaksjon<\/h3>\t\t\t\t\t\t\t\t\n\t\t\t\t\t\t\t\t\t\t\t\t\t\t\t\t\t<span class=\"date\">Sist oppdatert: 12. juni 2023<\/span>\n\t\t\t\t\t\t\t\t\t\t\t\t\t\t\t\t\t\t\t\t\t\t\t\t\t<span class=\"reading-time\" itemprop=\"timeRequired\" content=\"PT2M\"><em>Ca. 2 minutter lesetid<\/em><\/span>\n\t\t\t\t\t\t\t\t\t\t\t\t\t\t\t<\/div>\n\t\t\t\t\t\t<\/div>\n\t\t\t\t\t<\/div>\n\t\t\t\t\t\t<div class=\"sharing\">\n\t\t<a class=\"share-button share-link copy-link\" data-copy=\"https:\/\/hoyre.no\/rade\/georg-bergmann-johansen-2023-2027\/\" target=\"_blank\"><span class=\"screen-reader-text\">Del link<\/span><\/a>\n\t\t<a class=\"share-button share-twitter\" href=\"http:\/\/twitter.com\/share?text=Georg Bergmann Johansen 2023 &#8211; 2027&#038;url=https:\/\/hoyre.no\/rade\/georg-bergmann-johansen-2023-2027\/&#038;hashtags=Hoyre\" target=\"_blank\"><span class=\"screen-reader-text\">Del p\u00e5 twitter<\/span><\/a>\n\t\t<a class=\"share-button share-facebook\" href=\"https:\/\/www.facebook.com\/sharer\/sharer.php?u=https:\/\/hoyre.no\/rade\/georg-bergmann-johansen-2023-2027\/\" target=\"_blank\"><span class=\"screen-reader-text\">Del p\u00e5 facebook<\/span><\/a>\n\t<\/div>\n\t\t\t\t\t<\/div>\n\t\t\t<\/div>\n\n\t\t\t<figure class=\"hoyre-image-wrapper\"><div class=\"hoyre-image\"><img loading=\"lazy\" decoding=\"async\" width=\"1591\" height=\"1099\" src=\"https:\/\/hoyre.no\/content\/uploads\/sites\/164\/2023\/06\/George-Bergmann-Johansen-52072105.jpg\" class=\"attachment-scaled size-scaled\" alt=\"\" style=\"object-position: 50% 50%\" srcset=\"https:\/\/hoyre.no\/content\/uploads\/sites\/164\/2023\/06\/George-Bergmann-Johansen-52072105.jpg 1591w, https:\/\/hoyre.no\/content\/uploads\/sites\/164\/2023\/06\/George-Bergmann-Johansen-52072105-300x207.jpg 300w, https:\/\/hoyre.no\/content\/uploads\/sites\/164\/2023\/06\/George-Bergmann-Johansen-52072105-1024x707.jpg 1024w, https:\/\/hoyre.no\/content\/uploads\/sites\/164\/2023\/06\/George-Bergmann-Johansen-52072105-768x531.jpg 768w, https:\/\/hoyre.no\/content\/uploads\/sites\/164\/2023\/06\/George-Bergmann-Johansen-52072105-1536x1061.jpg 1536w\" sizes=\"auto, (max-width: 1591px) 100vw, 1591px\" \/><\/div><\/figure><\/div><\/div>\n\n\n\n\n<p>Jeg heter George og har hatt store deler av min oppvekst i R\u00e5de. Jeg har g\u00e5tt i barnehage og p\u00e5 skole i R\u00e5de. R\u00e5de IL med fotballen har fulgt meg hele livet og jeg er derfor veldig opptatt av hvilke tilbud og m\u00f8teplasser ungdommen har her i bygda.&nbsp;&nbsp;<br>I tillegg til skole og fotball jobber jeg som restaurantsjef p\u00e5 Kystkroa, Skj\u00e6l\u00f8y. Det \u00e5 engasjere seg i lokalmilj\u00f8et er b\u00e5de spennende og l\u00e6rerikt og jeg har allerede sittet en periode i kommunestyret.&nbsp;&nbsp;Det som opptar meg er \u00e5 f\u00e5 p\u00e5 plass et nytt sted hvor ungdom og alle aldre kan m\u00f8tes. Jeg h\u00e5per derfor at vi snart kan f\u00e5 p\u00e5 plass \u201cLanghuset\u201d. Det tror jeg kan bli en flott storstue for hele R\u00e5de.&nbsp;&nbsp;Alle aktiviteter er helt avhengig av ildsjeler. Det ser vi p\u00e5 \u201cHuset\u201d, Parkfestivaler og ikke minst det jeg har tettest p\u00e5 meg R\u00e5de IL. Derfor er vilk\u00e5rene for frivilligheten noe som ikke m\u00e5 glemmes. N\u00e5r det skal sies synes jeg at vi m\u00e5 f\u00e5 p\u00e5 plass enda flere tilbud til andre enn de som driver med fotball for eksempel.&nbsp;Ellers h\u00e5per jeg at s\u00e5 mange som mulig av R\u00e5des ungdommer som studerer ute, vil komme tilbake til R\u00e5de etter endt utdannelse. Da er det viktig \u00e5 ha nok boliger for alle aldre.&nbsp;Jeg vil nemlig at R\u00e5de skal v\u00e6re et godt sted for ungdommen.<\/p>\n\n\n\n\n<figure class=\"wp-block-image size-large\"><img loading=\"lazy\" decoding=\"async\" width=\"1024\" height=\"707\" src=\"https:\/\/hoyre.no\/content\/uploads\/sites\/164\/2023\/06\/George-Bergmann-Johansen-52072105-1024x707.jpg\" alt=\"\" class=\"wp-image-257\" srcset=\"https:\/\/hoyre.no\/content\/uploads\/sites\/164\/2023\/06\/George-Bergmann-Johansen-52072105-1024x707.jpg 1024w, https:\/\/hoyre.no\/content\/uploads\/sites\/164\/2023\/06\/George-Bergmann-Johansen-52072105-300x207.jpg 300w, https:\/\/hoyre.no\/content\/uploads\/sites\/164\/2023\/06\/George-Bergmann-Johansen-52072105-768x531.jpg 768w, https:\/\/hoyre.no\/content\/uploads\/sites\/164\/2023\/06\/George-Bergmann-Johansen-52072105-1536x1061.jpg 1536w, https:\/\/hoyre.no\/content\/uploads\/sites\/164\/2023\/06\/George-Bergmann-Johansen-52072105.jpg 1591w\" sizes=\"auto, (max-width: 1024px) 100vw, 1024px\" \/><\/figure>\n","protected":false},"excerpt":{"rendered":"","protected":false},"author":15871,"featured_media":0,"parent":0,"menu_order":0,"comment_status":"closed","ping_status":"closed","template":"","meta":{"teft_cards_image_url":"","teft_cards_custom_pretitle":"","teft_cards_image_id":257,"teft_cards_image_focal_point_x":0.5,"teft_cards_image_focal_point_y":0.5,"teft_cards_title":"","teft_cards_excerpt":"","teft_show_chapters":false,"footnotes":""},"class_list":["post-296","page","type-page","status-publish","hentry"],"yoast_head":"<!-- This site is optimized with the Yoast SEO plugin v26.6 - https:\/\/yoast.com\/wordpress\/plugins\/seo\/ -->\n<title>Georg Bergmann Johansen 2023 - 2027 - R\u00e5de H\u00f8yre<\/title>\n<meta name=\"robots\" content=\"index, follow, max-snippet:-1, max-image-preview:large, max-video-preview:-1\" \/>\n<link rel=\"canonical\" href=\"https:\/\/hoyre.no\/rade\/georg-bergmann-johansen-2023-2027\/\" \/>\n<meta property=\"og:locale\" content=\"nb_NO\" \/>\n<meta property=\"og:type\" content=\"article\" \/>\n<meta property=\"og:title\" content=\"Georg Bergmann Johansen 2023 - 2027 - R\u00e5de H\u00f8yre\" \/>\n<meta property=\"og:url\" content=\"https:\/\/hoyre.no\/rade\/georg-bergmann-johansen-2023-2027\/\" \/>\n<meta property=\"og:site_name\" content=\"R\u00e5de H\u00f8yre\" \/>\n<meta property=\"article:modified_time\" content=\"2023-06-12T16:21:35+00:00\" \/>\n<meta property=\"og:image\" content=\"https:\/\/hoyre.no\/content\/uploads\/sites\/164\/2023\/06\/George-Bergmann-Johansen-52072105-1024x707.jpg\" \/>\n<meta name=\"twitter:card\" content=\"summary_large_image\" \/>\n<meta name=\"twitter:label1\" content=\"Ansl. lesetid\" \/>\n\t<meta name=\"twitter:data1\" content=\"2 minutter\" \/>\n<script type=\"application\/ld+json\" class=\"yoast-schema-graph\">{\"@context\":\"https:\/\/schema.org\",\"@graph\":[{\"@type\":\"WebPage\",\"@id\":\"https:\/\/hoyre.no\/rade\/georg-bergmann-johansen-2023-2027\/\",\"url\":\"https:\/\/hoyre.no\/rade\/georg-bergmann-johansen-2023-2027\/\",\"name\":\"Georg Bergmann Johansen 2023 - 2027 - R\u00e5de H\u00f8yre\",\"isPartOf\":{\"@id\":\"https:\/\/hoyre.no\/rade\/#website\"},\"image\":{\"@id\":\"https:\/\/hoyre.no\/rade\/georg-bergmann-johansen-2023-2027\/#primaryimage\"},\"thumbnailUrl\":\"https:\/\/hoyre.no\/content\/uploads\/sites\/164\/2023\/06\/George-Bergmann-Johansen-52072105-1024x707.jpg\",\"datePublished\":\"2023-06-04T18:06:29+00:00\",\"dateModified\":\"2023-06-12T16:21:35+00:00\",\"breadcrumb\":{\"@id\":\"https:\/\/hoyre.no\/rade\/georg-bergmann-johansen-2023-2027\/#breadcrumb\"},\"inLanguage\":\"nb-NO\",\"potentialAction\":[{\"@type\":\"ReadAction\",\"target\":[\"https:\/\/hoyre.no\/rade\/georg-bergmann-johansen-2023-2027\/\"]}]},{\"@type\":\"ImageObject\",\"inLanguage\":\"nb-NO\",\"@id\":\"https:\/\/hoyre.no\/rade\/georg-bergmann-johansen-2023-2027\/#primaryimage\",\"url\":\"https:\/\/hoyre.no\/content\/uploads\/sites\/164\/2023\/06\/George-Bergmann-Johansen-52072105-1024x707.jpg\",\"contentUrl\":\"https:\/\/hoyre.no\/content\/uploads\/sites\/164\/2023\/06\/George-Bergmann-Johansen-52072105-1024x707.jpg\"},{\"@type\":\"BreadcrumbList\",\"@id\":\"https:\/\/hoyre.no\/rade\/georg-bergmann-johansen-2023-2027\/#breadcrumb\",\"itemListElement\":[{\"@type\":\"ListItem\",\"position\":1,\"name\":\"Til hoyre.no\",\"item\":\"https:\/\/hoyre.no\"},{\"@type\":\"ListItem\",\"position\":2,\"name\":\"Hjem\",\"item\":\"https:\/\/hoyre.no\/rade\/\"},{\"@type\":\"ListItem\",\"position\":3,\"name\":\"Georg Bergmann Johansen 2023 &#8211; 2027\"}]},{\"@type\":\"WebSite\",\"@id\":\"https:\/\/hoyre.no\/rade\/#website\",\"url\":\"https:\/\/hoyre.no\/rade\/\",\"name\":\"R\u00e5de H\u00f8yre\",\"description\":\"Bare enda et H\u00f8yres nettsteder-nettsted\",\"inLanguage\":\"nb-NO\"}]}<\/script>\n<!-- \/ Yoast SEO plugin. -->","yoast_head_json":{"title":"Georg Bergmann Johansen 2023 - 2027 - R\u00e5de H\u00f8yre","robots":{"index":"index","follow":"follow","max-snippet":"max-snippet:-1","max-image-preview":"max-image-preview:large","max-video-preview":"max-video-preview:-1"},"canonical":"https:\/\/hoyre.no\/rade\/georg-bergmann-johansen-2023-2027\/","og_locale":"nb_NO","og_type":"article","og_title":"Georg Bergmann Johansen 2023 - 2027 - R\u00e5de H\u00f8yre","og_url":"https:\/\/hoyre.no\/rade\/georg-bergmann-johansen-2023-2027\/","og_site_name":"R\u00e5de H\u00f8yre","article_modified_time":"2023-06-12T16:21:35+00:00","og_image":[{"url":"https:\/\/hoyre.no\/content\/uploads\/sites\/164\/2023\/06\/George-Bergmann-Johansen-52072105-1024x707.jpg","width":"","height":"","type":""}],"twitter_card":"summary_large_image","twitter_misc":{"Ansl. lesetid":"2 minutter"},"schema":{"@context":"https:\/\/schema.org","@graph":[{"@type":"WebPage","@id":"https:\/\/hoyre.no\/rade\/georg-bergmann-johansen-2023-2027\/","url":"https:\/\/hoyre.no\/rade\/georg-bergmann-johansen-2023-2027\/","name":"Georg Bergmann Johansen 2023 - 2027 - R\u00e5de H\u00f8yre","isPartOf":{"@id":"https:\/\/hoyre.no\/rade\/#website"},"image":{"@id":"https:\/\/hoyre.no\/rade\/georg-bergmann-johansen-2023-2027\/#primaryimage"},"thumbnailUrl":"https:\/\/hoyre.no\/content\/uploads\/sites\/164\/2023\/06\/George-Bergmann-Johansen-52072105-1024x707.jpg","datePublished":"2023-06-04T18:06:29+00:00","dateModified":"2023-06-12T16:21:35+00:00","breadcrumb":{"@id":"https:\/\/hoyre.no\/rade\/georg-bergmann-johansen-2023-2027\/#breadcrumb"},"inLanguage":"nb-NO","potentialAction":[{"@type":"ReadAction","target":["https:\/\/hoyre.no\/rade\/georg-bergmann-johansen-2023-2027\/"]}]},{"@type":"ImageObject","inLanguage":"nb-NO","@id":"https:\/\/hoyre.no\/rade\/georg-bergmann-johansen-2023-2027\/#primaryimage","url":"https:\/\/hoyre.no\/content\/uploads\/sites\/164\/2023\/06\/George-Bergmann-Johansen-52072105-1024x707.jpg","contentUrl":"https:\/\/hoyre.no\/content\/uploads\/sites\/164\/2023\/06\/George-Bergmann-Johansen-52072105-1024x707.jpg"},{"@type":"BreadcrumbList","@id":"https:\/\/hoyre.no\/rade\/georg-bergmann-johansen-2023-2027\/#breadcrumb","itemListElement":[{"@type":"ListItem","position":1,"name":"Til hoyre.no","item":"https:\/\/hoyre.no"},{"@type":"ListItem","position":2,"name":"Hjem","item":"https:\/\/hoyre.no\/rade\/"},{"@type":"ListItem","position":3,"name":"Georg Bergmann Johansen 2023 &#8211; 2027"}]},{"@type":"WebSite","@id":"https:\/\/hoyre.no\/rade\/#website","url":"https:\/\/hoyre.no\/rade\/","name":"R\u00e5de H\u00f8yre","description":"Bare enda et H\u00f8yres nettsteder-nettsted","inLanguage":"nb-NO"}]}},"distributor_meta":false,"distributor_terms":false,"distributor_media":false,"distributor_original_site_name":"R\u00e5de H\u00f8yre","distributor_original_site_url":"https:\/\/hoyre.no\/rade","push-errors":false,"_links":{"self":[{"href":"https:\/\/hoyre.no\/rade\/wp-json\/wp\/v2\/pages\/296","targetHints":{"allow":["GET"]}}],"collection":[{"href":"https:\/\/hoyre.no\/rade\/wp-json\/wp\/v2\/pages"}],"about":[{"href":"https:\/\/hoyre.no\/rade\/wp-json\/wp\/v2\/types\/page"}],"author":[{"embeddable":true,"href":"https:\/\/hoyre.no\/rade\/wp-json\/wp\/v2\/users\/15871"}],"replies":[{"embeddable":true,"href":"https:\/\/hoyre.no\/rade\/wp-json\/wp\/v2\/comments?post=296"}],"version-history":[{"count":2,"href":"https:\/\/hoyre.no\/rade\/wp-json\/wp\/v2\/pages\/296\/revisions"}],"predecessor-version":[{"id":379,"href":"https:\/\/hoyre.no\/rade\/wp-json\/wp\/v2\/pages\/296\/revisions\/379"}],"wp:attachment":[{"href":"https:\/\/hoyre.no\/rade\/wp-json\/wp\/v2\/media?parent=296"}],"curies":[{"name":"wp","href":"https:\/\/api.w.org\/{rel}","templated":true}]}}