{"id":298,"date":"2023-06-04T20:08:55","date_gmt":"2023-06-04T18:08:55","guid":{"rendered":"https:\/\/hoyre.no\/rade\/?page_id=298"},"modified":"2023-06-12T18:22:10","modified_gmt":"2023-06-12T16:22:10","slug":"ann-janette-hansen-2023-2027","status":"publish","type":"page","link":"https:\/\/hoyre.no\/rade\/ann-janette-hansen-2023-2027\/","title":{"rendered":"Ann-Janette Hansen 2023 &#8211; 2027"},"content":{"rendered":"\n<div class=\"wp-block-hoyre-hero with-image-gradient text-color-light  has-media alignfull has-background\"><div class=\"hoyre-hero has-image\"><h1 class=\"title\">Milj\u00f8 og robust infrastruktur er viktig<\/h1><p class=\"preamble\"><a>I R\u00e5de skal vi trives og da trenger vi trygge rammer og et godt milj\u00f8<\/a><\/p>\t\t\t<div class=\"post-meta wp-block teft-byline-wrapper\">\n\t\t\t\t<div class=\"top\">\n\t\t\t\t\t<div class=\"signature\">\n\t\t\t\t\t\t<div class=\"teft-byline\">\n\t\t\t\t\t\t\t\t\t\t\t\t\t\t<div>\n\t\t\t\t\t\t\t\t<h3>H\u00f8yres redaksjon<\/h3>\t\t\t\t\t\t\t\t\n\t\t\t\t\t\t\t\t\t\t\t\t\t\t\t\t\t<span class=\"date\">Sist oppdatert: 12. juni 2023<\/span>\n\t\t\t\t\t\t\t\t\t\t\t\t\t\t\t\t\t\t\t\t\t\t\t\t\t<span class=\"reading-time\" itemprop=\"timeRequired\" content=\"PT1M\"><em>Ca. 1 minutter lesetid<\/em><\/span>\n\t\t\t\t\t\t\t\t\t\t\t\t\t\t\t<\/div>\n\t\t\t\t\t\t<\/div>\n\t\t\t\t\t<\/div>\n\t\t\t\t\t\t<div class=\"sharing\">\n\t\t<a class=\"share-button share-link copy-link\" data-copy=\"https:\/\/hoyre.no\/rade\/ann-janette-hansen-2023-2027\/\" target=\"_blank\"><span class=\"screen-reader-text\">Del link<\/span><\/a>\n\t\t<a class=\"share-button share-twitter\" href=\"http:\/\/twitter.com\/share?text=Ann-Janette Hansen 2023 &#8211; 2027&#038;url=https:\/\/hoyre.no\/rade\/ann-janette-hansen-2023-2027\/&#038;hashtags=Hoyre\" target=\"_blank\"><span class=\"screen-reader-text\">Del p\u00e5 twitter<\/span><\/a>\n\t\t<a class=\"share-button share-facebook\" href=\"https:\/\/www.facebook.com\/sharer\/sharer.php?u=https:\/\/hoyre.no\/rade\/ann-janette-hansen-2023-2027\/\" target=\"_blank\"><span class=\"screen-reader-text\">Del p\u00e5 facebook<\/span><\/a>\n\t<\/div>\n\t\t\t\t\t<\/div>\n\t\t\t<\/div>\n\n\t\t\t<figure class=\"hoyre-image-wrapper\"><div class=\"hoyre-image\"><img loading=\"lazy\" decoding=\"async\" width=\"2500\" height=\"1691\" src=\"https:\/\/hoyre.no\/content\/uploads\/sites\/164\/2023\/06\/Ann-Janette-Hansen-51985901-scaled.jpg\" class=\"attachment-scaled size-scaled\" alt=\"\" style=\"object-position: 50% 50%\" srcset=\"https:\/\/hoyre.no\/content\/uploads\/sites\/164\/2023\/06\/Ann-Janette-Hansen-51985901-scaled.jpg 2500w, https:\/\/hoyre.no\/content\/uploads\/sites\/164\/2023\/06\/Ann-Janette-Hansen-51985901-300x203.jpg 300w, https:\/\/hoyre.no\/content\/uploads\/sites\/164\/2023\/06\/Ann-Janette-Hansen-51985901-1024x693.jpg 1024w, https:\/\/hoyre.no\/content\/uploads\/sites\/164\/2023\/06\/Ann-Janette-Hansen-51985901-768x520.jpg 768w, https:\/\/hoyre.no\/content\/uploads\/sites\/164\/2023\/06\/Ann-Janette-Hansen-51985901-1536x1039.jpg 1536w, https:\/\/hoyre.no\/content\/uploads\/sites\/164\/2023\/06\/Ann-Janette-Hansen-51985901-2048x1386.jpg 2048w\" sizes=\"auto, (max-width: 2500px) 100vw, 2500px\" \/><\/div><\/figure><\/div><\/div>\n\n\n\n\n<p>Jeg har bodd i Saltnes siden 2002, hvor jeg bor med mann og barn.<br>Jeg har sittet i R\u00e5de H\u00f8yres styre siden 2022.<br>Jeg er opptatt av lokalpolitikken med milj\u00f8et i fokus. Naturen i R\u00e5de er unik, her har vi n\u00e6rhet til svaberg, skog, vann og sj\u00f8. Naturressursene skal vi forvalte godt og vi m\u00e5 s\u00f8rge for at alle f\u00e5r tilgang til den flotte naturen i kommunen v\u00e5r.<br>Det skal v\u00e6re enkelt \u00e5 benytte milj\u00f8vennlige alternativ. Derfor b\u00f8r vi s\u00f8rge for \u00e5 binde bygda sammen mellom tettstedene, med buss og gang- og sykkelvei. R\u00e5de H\u00f8yre skal bidra til \u00e5 sikre at gang- og sykkelvei mot mellom Tomb og Karlshus blir ferdigstilt innen 2024.<\/p>\n\n\n\n<p>R\u00e5de H\u00f8yre har bidratt til \u00e5 trygge drikkevannsforsyningen til Saltnes. En trygg og robust infrastruktur er viktig, og arbeidet stopper ikke med dette.<\/p>\n\n\n\n<p>R\u00e5de H\u00f8yre jobber med \u00e5 s\u00f8rge for at kommune f\u00e5r et godt helsehus. Dette er et spennende arbeid og jeg gleder meg til \u00e5 bidra. Barna i kommunen skal trives, foreldre skal oppleve trygghet og de voksne skal forsikres om at de vil bli tatt vare p\u00e5 inn i alderdommen. Dette er noe jeg vil v\u00e6re med \u00e5 jobbe for.<\/p>\n\n\n\n\n<figure class=\"wp-block-image size-large\"><img loading=\"lazy\" decoding=\"async\" width=\"1024\" height=\"693\" src=\"https:\/\/hoyre.no\/content\/uploads\/sites\/164\/2023\/06\/Ann-Janette-Hansen-51985901-1024x693.jpg\" alt=\"\" class=\"wp-image-258\" srcset=\"https:\/\/hoyre.no\/content\/uploads\/sites\/164\/2023\/06\/Ann-Janette-Hansen-51985901-1024x693.jpg 1024w, https:\/\/hoyre.no\/content\/uploads\/sites\/164\/2023\/06\/Ann-Janette-Hansen-51985901-300x203.jpg 300w, https:\/\/hoyre.no\/content\/uploads\/sites\/164\/2023\/06\/Ann-Janette-Hansen-51985901-768x520.jpg 768w, https:\/\/hoyre.no\/content\/uploads\/sites\/164\/2023\/06\/Ann-Janette-Hansen-51985901-1536x1039.jpg 1536w, https:\/\/hoyre.no\/content\/uploads\/sites\/164\/2023\/06\/Ann-Janette-Hansen-51985901-2048x1386.jpg 2048w\" sizes=\"auto, (max-width: 1024px) 100vw, 1024px\" \/><\/figure>\n","protected":false},"excerpt":{"rendered":"","protected":false},"author":15871,"featured_media":0,"parent":0,"menu_order":0,"comment_status":"closed","ping_status":"closed","template":"","meta":{"teft_cards_image_url":"","teft_cards_custom_pretitle":"","teft_cards_image_id":258,"teft_cards_image_focal_point_x":0.5,"teft_cards_image_focal_point_y":0.5,"teft_cards_title":"","teft_cards_excerpt":"","teft_show_chapters":false,"footnotes":""},"class_list":["post-298","page","type-page","status-publish","hentry"],"yoast_head":"<!-- This site is optimized with the Yoast SEO plugin v26.6 - https:\/\/yoast.com\/wordpress\/plugins\/seo\/ -->\n<title>Ann-Janette Hansen 2023 - 2027 - R\u00e5de H\u00f8yre<\/title>\n<meta name=\"robots\" content=\"index, follow, max-snippet:-1, max-image-preview:large, max-video-preview:-1\" \/>\n<link rel=\"canonical\" href=\"https:\/\/hoyre.no\/rade\/ann-janette-hansen-2023-2027\/\" \/>\n<meta property=\"og:locale\" content=\"nb_NO\" \/>\n<meta property=\"og:type\" content=\"article\" \/>\n<meta property=\"og:title\" content=\"Ann-Janette Hansen 2023 - 2027 - R\u00e5de H\u00f8yre\" \/>\n<meta property=\"og:url\" content=\"https:\/\/hoyre.no\/rade\/ann-janette-hansen-2023-2027\/\" \/>\n<meta property=\"og:site_name\" content=\"R\u00e5de H\u00f8yre\" \/>\n<meta property=\"article:modified_time\" content=\"2023-06-12T16:22:10+00:00\" \/>\n<meta property=\"og:image\" content=\"https:\/\/hoyre.no\/content\/uploads\/sites\/164\/2023\/06\/Ann-Janette-Hansen-51985901-1024x693.jpg\" \/>\n<meta name=\"twitter:card\" content=\"summary_large_image\" \/>\n<meta name=\"twitter:label1\" content=\"Ansl. lesetid\" \/>\n\t<meta name=\"twitter:data1\" content=\"2 minutter\" \/>\n<script type=\"application\/ld+json\" class=\"yoast-schema-graph\">{\"@context\":\"https:\/\/schema.org\",\"@graph\":[{\"@type\":\"WebPage\",\"@id\":\"https:\/\/hoyre.no\/rade\/ann-janette-hansen-2023-2027\/\",\"url\":\"https:\/\/hoyre.no\/rade\/ann-janette-hansen-2023-2027\/\",\"name\":\"Ann-Janette Hansen 2023 - 2027 - R\u00e5de H\u00f8yre\",\"isPartOf\":{\"@id\":\"https:\/\/hoyre.no\/rade\/#website\"},\"image\":{\"@id\":\"https:\/\/hoyre.no\/rade\/ann-janette-hansen-2023-2027\/#primaryimage\"},\"thumbnailUrl\":\"https:\/\/hoyre.no\/content\/uploads\/sites\/164\/2023\/06\/Ann-Janette-Hansen-51985901-1024x693.jpg\",\"datePublished\":\"2023-06-04T18:08:55+00:00\",\"dateModified\":\"2023-06-12T16:22:10+00:00\",\"breadcrumb\":{\"@id\":\"https:\/\/hoyre.no\/rade\/ann-janette-hansen-2023-2027\/#breadcrumb\"},\"inLanguage\":\"nb-NO\",\"potentialAction\":[{\"@type\":\"ReadAction\",\"target\":[\"https:\/\/hoyre.no\/rade\/ann-janette-hansen-2023-2027\/\"]}]},{\"@type\":\"ImageObject\",\"inLanguage\":\"nb-NO\",\"@id\":\"https:\/\/hoyre.no\/rade\/ann-janette-hansen-2023-2027\/#primaryimage\",\"url\":\"https:\/\/hoyre.no\/content\/uploads\/sites\/164\/2023\/06\/Ann-Janette-Hansen-51985901-1024x693.jpg\",\"contentUrl\":\"https:\/\/hoyre.no\/content\/uploads\/sites\/164\/2023\/06\/Ann-Janette-Hansen-51985901-1024x693.jpg\"},{\"@type\":\"BreadcrumbList\",\"@id\":\"https:\/\/hoyre.no\/rade\/ann-janette-hansen-2023-2027\/#breadcrumb\",\"itemListElement\":[{\"@type\":\"ListItem\",\"position\":1,\"name\":\"Til hoyre.no\",\"item\":\"https:\/\/hoyre.no\"},{\"@type\":\"ListItem\",\"position\":2,\"name\":\"Hjem\",\"item\":\"https:\/\/hoyre.no\/rade\/\"},{\"@type\":\"ListItem\",\"position\":3,\"name\":\"Ann-Janette Hansen 2023 &#8211; 2027\"}]},{\"@type\":\"WebSite\",\"@id\":\"https:\/\/hoyre.no\/rade\/#website\",\"url\":\"https:\/\/hoyre.no\/rade\/\",\"name\":\"R\u00e5de H\u00f8yre\",\"description\":\"Bare enda et H\u00f8yres nettsteder-nettsted\",\"inLanguage\":\"nb-NO\"}]}<\/script>\n<!-- \/ Yoast SEO plugin. -->","yoast_head_json":{"title":"Ann-Janette Hansen 2023 - 2027 - R\u00e5de H\u00f8yre","robots":{"index":"index","follow":"follow","max-snippet":"max-snippet:-1","max-image-preview":"max-image-preview:large","max-video-preview":"max-video-preview:-1"},"canonical":"https:\/\/hoyre.no\/rade\/ann-janette-hansen-2023-2027\/","og_locale":"nb_NO","og_type":"article","og_title":"Ann-Janette Hansen 2023 - 2027 - R\u00e5de H\u00f8yre","og_url":"https:\/\/hoyre.no\/rade\/ann-janette-hansen-2023-2027\/","og_site_name":"R\u00e5de H\u00f8yre","article_modified_time":"2023-06-12T16:22:10+00:00","og_image":[{"url":"https:\/\/hoyre.no\/content\/uploads\/sites\/164\/2023\/06\/Ann-Janette-Hansen-51985901-1024x693.jpg","width":"","height":"","type":""}],"twitter_card":"summary_large_image","twitter_misc":{"Ansl. lesetid":"2 minutter"},"schema":{"@context":"https:\/\/schema.org","@graph":[{"@type":"WebPage","@id":"https:\/\/hoyre.no\/rade\/ann-janette-hansen-2023-2027\/","url":"https:\/\/hoyre.no\/rade\/ann-janette-hansen-2023-2027\/","name":"Ann-Janette Hansen 2023 - 2027 - R\u00e5de H\u00f8yre","isPartOf":{"@id":"https:\/\/hoyre.no\/rade\/#website"},"image":{"@id":"https:\/\/hoyre.no\/rade\/ann-janette-hansen-2023-2027\/#primaryimage"},"thumbnailUrl":"https:\/\/hoyre.no\/content\/uploads\/sites\/164\/2023\/06\/Ann-Janette-Hansen-51985901-1024x693.jpg","datePublished":"2023-06-04T18:08:55+00:00","dateModified":"2023-06-12T16:22:10+00:00","breadcrumb":{"@id":"https:\/\/hoyre.no\/rade\/ann-janette-hansen-2023-2027\/#breadcrumb"},"inLanguage":"nb-NO","potentialAction":[{"@type":"ReadAction","target":["https:\/\/hoyre.no\/rade\/ann-janette-hansen-2023-2027\/"]}]},{"@type":"ImageObject","inLanguage":"nb-NO","@id":"https:\/\/hoyre.no\/rade\/ann-janette-hansen-2023-2027\/#primaryimage","url":"https:\/\/hoyre.no\/content\/uploads\/sites\/164\/2023\/06\/Ann-Janette-Hansen-51985901-1024x693.jpg","contentUrl":"https:\/\/hoyre.no\/content\/uploads\/sites\/164\/2023\/06\/Ann-Janette-Hansen-51985901-1024x693.jpg"},{"@type":"BreadcrumbList","@id":"https:\/\/hoyre.no\/rade\/ann-janette-hansen-2023-2027\/#breadcrumb","itemListElement":[{"@type":"ListItem","position":1,"name":"Til hoyre.no","item":"https:\/\/hoyre.no"},{"@type":"ListItem","position":2,"name":"Hjem","item":"https:\/\/hoyre.no\/rade\/"},{"@type":"ListItem","position":3,"name":"Ann-Janette Hansen 2023 &#8211; 2027"}]},{"@type":"WebSite","@id":"https:\/\/hoyre.no\/rade\/#website","url":"https:\/\/hoyre.no\/rade\/","name":"R\u00e5de H\u00f8yre","description":"Bare enda et H\u00f8yres nettsteder-nettsted","inLanguage":"nb-NO"}]}},"distributor_meta":false,"distributor_terms":false,"distributor_media":false,"distributor_original_site_name":"R\u00e5de H\u00f8yre","distributor_original_site_url":"https:\/\/hoyre.no\/rade","push-errors":false,"_links":{"self":[{"href":"https:\/\/hoyre.no\/rade\/wp-json\/wp\/v2\/pages\/298","targetHints":{"allow":["GET"]}}],"collection":[{"href":"https:\/\/hoyre.no\/rade\/wp-json\/wp\/v2\/pages"}],"about":[{"href":"https:\/\/hoyre.no\/rade\/wp-json\/wp\/v2\/types\/page"}],"author":[{"embeddable":true,"href":"https:\/\/hoyre.no\/rade\/wp-json\/wp\/v2\/users\/15871"}],"replies":[{"embeddable":true,"href":"https:\/\/hoyre.no\/rade\/wp-json\/wp\/v2\/comments?post=298"}],"version-history":[{"count":4,"href":"https:\/\/hoyre.no\/rade\/wp-json\/wp\/v2\/pages\/298\/revisions"}],"predecessor-version":[{"id":380,"href":"https:\/\/hoyre.no\/rade\/wp-json\/wp\/v2\/pages\/298\/revisions\/380"}],"wp:attachment":[{"href":"https:\/\/hoyre.no\/rade\/wp-json\/wp\/v2\/media?parent=298"}],"curies":[{"name":"wp","href":"https:\/\/api.w.org\/{rel}","templated":true}]}}