{"id":300,"date":"2023-06-04T20:10:45","date_gmt":"2023-06-04T18:10:45","guid":{"rendered":"https:\/\/hoyre.no\/rade\/?page_id=300"},"modified":"2023-06-12T18:22:56","modified_gmt":"2023-06-12T16:22:56","slug":"terje-yngvar-beck-2023-2027","status":"publish","type":"page","link":"https:\/\/hoyre.no\/rade\/terje-yngvar-beck-2023-2027\/","title":{"rendered":"Terje Yngvar Beck 2023 &#8211; 2027"},"content":{"rendered":"\n<div class=\"wp-block-hoyre-hero with-image-gradient text-color-light  has-media alignfull has-background\"><div class=\"hoyre-hero has-image\"><h1 class=\"title\">God omsorg og god skole m\u00e5 v\u00e6re et varemerke for R\u00e5de<\/h1><p class=\"preamble\">Jeg vil bidra til at Ungt Entrepren\u00f8rskap f\u00e5r flere av sine programmer inn i R\u00e5de skolen. R\u00e5de m\u00e5 ha et godt og velfungerende helsehus<\/p>\t\t\t<div class=\"post-meta wp-block teft-byline-wrapper\">\n\t\t\t\t<div class=\"top\">\n\t\t\t\t\t<div class=\"signature\">\n\t\t\t\t\t\t<div class=\"teft-byline\">\n\t\t\t\t\t\t\t\t\t\t\t\t\t\t<div>\n\t\t\t\t\t\t\t\t<h3>H\u00f8yres redaksjon<\/h3>\t\t\t\t\t\t\t\t\n\t\t\t\t\t\t\t\t\t\t\t\t\t\t\t\t\t<span class=\"date\">Sist oppdatert: 12. juni 2023<\/span>\n\t\t\t\t\t\t\t\t\t\t\t\t\t\t\t\t\t\t\t\t\t\t\t\t\t<span class=\"reading-time\" itemprop=\"timeRequired\" content=\"PT1M\"><em>Ca. 1 minutter lesetid<\/em><\/span>\n\t\t\t\t\t\t\t\t\t\t\t\t\t\t\t<\/div>\n\t\t\t\t\t\t<\/div>\n\t\t\t\t\t<\/div>\n\t\t\t\t\t\t<div class=\"sharing\">\n\t\t<a class=\"share-button share-link copy-link\" data-copy=\"https:\/\/hoyre.no\/rade\/terje-yngvar-beck-2023-2027\/\" target=\"_blank\"><span class=\"screen-reader-text\">Del link<\/span><\/a>\n\t\t<a class=\"share-button share-twitter\" href=\"http:\/\/twitter.com\/share?text=Terje Yngvar Beck 2023 &#8211; 2027&#038;url=https:\/\/hoyre.no\/rade\/terje-yngvar-beck-2023-2027\/&#038;hashtags=Hoyre\" target=\"_blank\"><span class=\"screen-reader-text\">Del p\u00e5 twitter<\/span><\/a>\n\t\t<a class=\"share-button share-facebook\" href=\"https:\/\/www.facebook.com\/sharer\/sharer.php?u=https:\/\/hoyre.no\/rade\/terje-yngvar-beck-2023-2027\/\" target=\"_blank\"><span class=\"screen-reader-text\">Del p\u00e5 facebook<\/span><\/a>\n\t<\/div>\n\t\t\t\t\t<\/div>\n\t\t\t<\/div>\n\n\t\t\t<figure class=\"hoyre-image-wrapper\"><div class=\"hoyre-image\"><img loading=\"lazy\" decoding=\"async\" width=\"2500\" height=\"1765\" src=\"https:\/\/hoyre.no\/content\/uploads\/sites\/164\/2023\/06\/Terje-Yngvar-Beck-50291442-scaled.jpg\" class=\"attachment-scaled size-scaled\" alt=\"\" style=\"object-position: 50% 50%\" srcset=\"https:\/\/hoyre.no\/content\/uploads\/sites\/164\/2023\/06\/Terje-Yngvar-Beck-50291442-scaled.jpg 2500w, https:\/\/hoyre.no\/content\/uploads\/sites\/164\/2023\/06\/Terje-Yngvar-Beck-50291442-300x212.jpg 300w, https:\/\/hoyre.no\/content\/uploads\/sites\/164\/2023\/06\/Terje-Yngvar-Beck-50291442-1024x723.jpg 1024w, https:\/\/hoyre.no\/content\/uploads\/sites\/164\/2023\/06\/Terje-Yngvar-Beck-50291442-768x542.jpg 768w, https:\/\/hoyre.no\/content\/uploads\/sites\/164\/2023\/06\/Terje-Yngvar-Beck-50291442-1536x1085.jpg 1536w, https:\/\/hoyre.no\/content\/uploads\/sites\/164\/2023\/06\/Terje-Yngvar-Beck-50291442-2048x1446.jpg 2048w\" sizes=\"auto, (max-width: 2500px) 100vw, 2500px\" \/><\/div><\/figure><\/div><\/div>\n\n\n\n\n<p>Jeg har bodd i Saltnes siden 1991. Mine to d\u00f8tre har vokst opp her, og begge bor n\u00e5 i Oslo med mine 4 nydelige barnebarn.<\/p>\n\n\n\n<p>Mine interesser er \u00e5 reise, kj\u00f8re MC og v\u00e6re sammen med gode venner og familie. \u00c5ret 2022 har v\u00e6rt krevende. &nbsp;Jeg fikk i januar en sjelden nervesykdom, som heter G. Barr\u00e8 Syndrom. &nbsp;Etter nesten et halvt \u00e5r som pleietrengende og etterf\u00f8lgende rehabilitering og trening, er jeg n\u00e5 funksjonsfrisk.<\/p>\n\n\n\n<p>Norsk helsevesen er fantastisk, men jeg har n\u00e5 selv erfart at NOE kan forbedres. Dette er en av grunnene til at jeg n\u00e5 stiller som kandidat til kommunestyret.<\/p>\n\n\n\n<p>Jeg er utdannet sivil\u00f8konom fra NHH i 1982 og har nesten 50 \u00e5r yrkeserfaring fra b\u00e5de offentlig og privat sektor. Jobbet en del med ungdom, og har inntil nylig v\u00e6rt leder av et Oppl\u00e6ringskontor. Derfor brenner jeg for praktisk utdanning og entrepren\u00f8rskap.<\/p>\n\n\n\n<p>Jeg har tre perioder i Kommunestyret. &nbsp;I perioden 2015-2019, s\u00e5 var jeg leder av Hovedutvalget for skole og kultur og 17-mai komiteen. Jeg var vararepresentant i \u00d8stfold Fylkesting i to perioder og fast representant i Oppl\u00e6ringskomiteen i en periode.<\/p>\n\n\n\n\n<figure class=\"wp-block-image size-large\"><img loading=\"lazy\" decoding=\"async\" width=\"1024\" height=\"723\" src=\"https:\/\/hoyre.no\/content\/uploads\/sites\/164\/2023\/06\/Terje-Yngvar-Beck-50291442-1024x723.jpg\" alt=\"\" class=\"wp-image-259\" srcset=\"https:\/\/hoyre.no\/content\/uploads\/sites\/164\/2023\/06\/Terje-Yngvar-Beck-50291442-1024x723.jpg 1024w, https:\/\/hoyre.no\/content\/uploads\/sites\/164\/2023\/06\/Terje-Yngvar-Beck-50291442-300x212.jpg 300w, https:\/\/hoyre.no\/content\/uploads\/sites\/164\/2023\/06\/Terje-Yngvar-Beck-50291442-768x542.jpg 768w, https:\/\/hoyre.no\/content\/uploads\/sites\/164\/2023\/06\/Terje-Yngvar-Beck-50291442-1536x1085.jpg 1536w, https:\/\/hoyre.no\/content\/uploads\/sites\/164\/2023\/06\/Terje-Yngvar-Beck-50291442-2048x1446.jpg 2048w\" sizes=\"auto, (max-width: 1024px) 100vw, 1024px\" \/><\/figure>\n","protected":false},"excerpt":{"rendered":"","protected":false},"author":15871,"featured_media":0,"parent":0,"menu_order":0,"comment_status":"closed","ping_status":"closed","template":"","meta":{"teft_cards_image_url":"","teft_cards_custom_pretitle":"","teft_cards_image_id":259,"teft_cards_image_focal_point_x":0.5,"teft_cards_image_focal_point_y":0.5,"teft_cards_title":"","teft_cards_excerpt":"","teft_show_chapters":false,"footnotes":""},"class_list":["post-300","page","type-page","status-publish","hentry"],"yoast_head":"<!-- This site is optimized with the Yoast SEO plugin v26.6 - https:\/\/yoast.com\/wordpress\/plugins\/seo\/ -->\n<title>Terje Yngvar Beck 2023 - 2027 - R\u00e5de H\u00f8yre<\/title>\n<meta name=\"robots\" content=\"index, follow, max-snippet:-1, max-image-preview:large, max-video-preview:-1\" \/>\n<link rel=\"canonical\" href=\"https:\/\/hoyre.no\/rade\/terje-yngvar-beck-2023-2027\/\" \/>\n<meta property=\"og:locale\" content=\"nb_NO\" \/>\n<meta property=\"og:type\" content=\"article\" \/>\n<meta property=\"og:title\" content=\"Terje Yngvar Beck 2023 - 2027 - R\u00e5de H\u00f8yre\" \/>\n<meta property=\"og:url\" content=\"https:\/\/hoyre.no\/rade\/terje-yngvar-beck-2023-2027\/\" \/>\n<meta property=\"og:site_name\" content=\"R\u00e5de H\u00f8yre\" \/>\n<meta property=\"article:modified_time\" content=\"2023-06-12T16:22:56+00:00\" \/>\n<meta property=\"og:image\" content=\"https:\/\/hoyre.no\/content\/uploads\/sites\/164\/2023\/06\/Terje-Yngvar-Beck-50291442-1024x723.jpg\" \/>\n<meta name=\"twitter:card\" content=\"summary_large_image\" \/>\n<meta name=\"twitter:label1\" content=\"Ansl. lesetid\" \/>\n\t<meta name=\"twitter:data1\" content=\"2 minutter\" \/>\n<script type=\"application\/ld+json\" class=\"yoast-schema-graph\">{\"@context\":\"https:\/\/schema.org\",\"@graph\":[{\"@type\":\"WebPage\",\"@id\":\"https:\/\/hoyre.no\/rade\/terje-yngvar-beck-2023-2027\/\",\"url\":\"https:\/\/hoyre.no\/rade\/terje-yngvar-beck-2023-2027\/\",\"name\":\"Terje Yngvar Beck 2023 - 2027 - R\u00e5de H\u00f8yre\",\"isPartOf\":{\"@id\":\"https:\/\/hoyre.no\/rade\/#website\"},\"image\":{\"@id\":\"https:\/\/hoyre.no\/rade\/terje-yngvar-beck-2023-2027\/#primaryimage\"},\"thumbnailUrl\":\"https:\/\/hoyre.no\/content\/uploads\/sites\/164\/2023\/06\/Terje-Yngvar-Beck-50291442-1024x723.jpg\",\"datePublished\":\"2023-06-04T18:10:45+00:00\",\"dateModified\":\"2023-06-12T16:22:56+00:00\",\"breadcrumb\":{\"@id\":\"https:\/\/hoyre.no\/rade\/terje-yngvar-beck-2023-2027\/#breadcrumb\"},\"inLanguage\":\"nb-NO\",\"potentialAction\":[{\"@type\":\"ReadAction\",\"target\":[\"https:\/\/hoyre.no\/rade\/terje-yngvar-beck-2023-2027\/\"]}]},{\"@type\":\"ImageObject\",\"inLanguage\":\"nb-NO\",\"@id\":\"https:\/\/hoyre.no\/rade\/terje-yngvar-beck-2023-2027\/#primaryimage\",\"url\":\"https:\/\/hoyre.no\/content\/uploads\/sites\/164\/2023\/06\/Terje-Yngvar-Beck-50291442-1024x723.jpg\",\"contentUrl\":\"https:\/\/hoyre.no\/content\/uploads\/sites\/164\/2023\/06\/Terje-Yngvar-Beck-50291442-1024x723.jpg\"},{\"@type\":\"BreadcrumbList\",\"@id\":\"https:\/\/hoyre.no\/rade\/terje-yngvar-beck-2023-2027\/#breadcrumb\",\"itemListElement\":[{\"@type\":\"ListItem\",\"position\":1,\"name\":\"Til hoyre.no\",\"item\":\"https:\/\/hoyre.no\"},{\"@type\":\"ListItem\",\"position\":2,\"name\":\"Hjem\",\"item\":\"https:\/\/hoyre.no\/rade\/\"},{\"@type\":\"ListItem\",\"position\":3,\"name\":\"Terje Yngvar Beck 2023 &#8211; 2027\"}]},{\"@type\":\"WebSite\",\"@id\":\"https:\/\/hoyre.no\/rade\/#website\",\"url\":\"https:\/\/hoyre.no\/rade\/\",\"name\":\"R\u00e5de H\u00f8yre\",\"description\":\"Bare enda et H\u00f8yres nettsteder-nettsted\",\"inLanguage\":\"nb-NO\"}]}<\/script>\n<!-- \/ Yoast SEO plugin. -->","yoast_head_json":{"title":"Terje Yngvar Beck 2023 - 2027 - R\u00e5de H\u00f8yre","robots":{"index":"index","follow":"follow","max-snippet":"max-snippet:-1","max-image-preview":"max-image-preview:large","max-video-preview":"max-video-preview:-1"},"canonical":"https:\/\/hoyre.no\/rade\/terje-yngvar-beck-2023-2027\/","og_locale":"nb_NO","og_type":"article","og_title":"Terje Yngvar Beck 2023 - 2027 - R\u00e5de H\u00f8yre","og_url":"https:\/\/hoyre.no\/rade\/terje-yngvar-beck-2023-2027\/","og_site_name":"R\u00e5de H\u00f8yre","article_modified_time":"2023-06-12T16:22:56+00:00","og_image":[{"url":"https:\/\/hoyre.no\/content\/uploads\/sites\/164\/2023\/06\/Terje-Yngvar-Beck-50291442-1024x723.jpg","width":"","height":"","type":""}],"twitter_card":"summary_large_image","twitter_misc":{"Ansl. lesetid":"2 minutter"},"schema":{"@context":"https:\/\/schema.org","@graph":[{"@type":"WebPage","@id":"https:\/\/hoyre.no\/rade\/terje-yngvar-beck-2023-2027\/","url":"https:\/\/hoyre.no\/rade\/terje-yngvar-beck-2023-2027\/","name":"Terje Yngvar Beck 2023 - 2027 - R\u00e5de H\u00f8yre","isPartOf":{"@id":"https:\/\/hoyre.no\/rade\/#website"},"image":{"@id":"https:\/\/hoyre.no\/rade\/terje-yngvar-beck-2023-2027\/#primaryimage"},"thumbnailUrl":"https:\/\/hoyre.no\/content\/uploads\/sites\/164\/2023\/06\/Terje-Yngvar-Beck-50291442-1024x723.jpg","datePublished":"2023-06-04T18:10:45+00:00","dateModified":"2023-06-12T16:22:56+00:00","breadcrumb":{"@id":"https:\/\/hoyre.no\/rade\/terje-yngvar-beck-2023-2027\/#breadcrumb"},"inLanguage":"nb-NO","potentialAction":[{"@type":"ReadAction","target":["https:\/\/hoyre.no\/rade\/terje-yngvar-beck-2023-2027\/"]}]},{"@type":"ImageObject","inLanguage":"nb-NO","@id":"https:\/\/hoyre.no\/rade\/terje-yngvar-beck-2023-2027\/#primaryimage","url":"https:\/\/hoyre.no\/content\/uploads\/sites\/164\/2023\/06\/Terje-Yngvar-Beck-50291442-1024x723.jpg","contentUrl":"https:\/\/hoyre.no\/content\/uploads\/sites\/164\/2023\/06\/Terje-Yngvar-Beck-50291442-1024x723.jpg"},{"@type":"BreadcrumbList","@id":"https:\/\/hoyre.no\/rade\/terje-yngvar-beck-2023-2027\/#breadcrumb","itemListElement":[{"@type":"ListItem","position":1,"name":"Til hoyre.no","item":"https:\/\/hoyre.no"},{"@type":"ListItem","position":2,"name":"Hjem","item":"https:\/\/hoyre.no\/rade\/"},{"@type":"ListItem","position":3,"name":"Terje Yngvar Beck 2023 &#8211; 2027"}]},{"@type":"WebSite","@id":"https:\/\/hoyre.no\/rade\/#website","url":"https:\/\/hoyre.no\/rade\/","name":"R\u00e5de H\u00f8yre","description":"Bare enda et H\u00f8yres nettsteder-nettsted","inLanguage":"nb-NO"}]}},"distributor_meta":false,"distributor_terms":false,"distributor_media":false,"distributor_original_site_name":"R\u00e5de H\u00f8yre","distributor_original_site_url":"https:\/\/hoyre.no\/rade","push-errors":false,"_links":{"self":[{"href":"https:\/\/hoyre.no\/rade\/wp-json\/wp\/v2\/pages\/300","targetHints":{"allow":["GET"]}}],"collection":[{"href":"https:\/\/hoyre.no\/rade\/wp-json\/wp\/v2\/pages"}],"about":[{"href":"https:\/\/hoyre.no\/rade\/wp-json\/wp\/v2\/types\/page"}],"author":[{"embeddable":true,"href":"https:\/\/hoyre.no\/rade\/wp-json\/wp\/v2\/users\/15871"}],"replies":[{"embeddable":true,"href":"https:\/\/hoyre.no\/rade\/wp-json\/wp\/v2\/comments?post=300"}],"version-history":[{"count":1,"href":"https:\/\/hoyre.no\/rade\/wp-json\/wp\/v2\/pages\/300\/revisions"}],"predecessor-version":[{"id":301,"href":"https:\/\/hoyre.no\/rade\/wp-json\/wp\/v2\/pages\/300\/revisions\/301"}],"wp:attachment":[{"href":"https:\/\/hoyre.no\/rade\/wp-json\/wp\/v2\/media?parent=300"}],"curies":[{"name":"wp","href":"https:\/\/api.w.org\/{rel}","templated":true}]}}