{"id":316,"date":"2023-06-04T20:38:32","date_gmt":"2023-06-04T18:38:32","guid":{"rendered":"https:\/\/hoyre.no\/rade\/?page_id=316"},"modified":"2023-06-12T18:27:07","modified_gmt":"2023-06-12T16:27:07","slug":"elisabeth-krathe-steve-2023-2027","status":"publish","type":"page","link":"https:\/\/hoyre.no\/rade\/elisabeth-krathe-steve-2023-2027\/","title":{"rendered":"Elisabeth Krathe Steve 2023 &#8211; 2027"},"content":{"rendered":"\n<div class=\"wp-block-hoyre-hero with-image-gradient text-color-light  has-media alignfull has-background\"><div class=\"hoyre-hero has-image\"><h1 class=\"title\">Gode oppvekstvilk\u00e5r, og bedre tverrfaglig innsats<\/h1><p class=\"preamble\">Jeg \u00f8nsker \u00e5 bidra til at satsningen p\u00e5 barn og unge, med bedre tverrfaglig innsats og gode oppvekstvilk\u00e5r blir s\u00e5 gode som mulig.<\/p>\t\t\t<div class=\"post-meta wp-block teft-byline-wrapper\">\n\t\t\t\t<div class=\"top\">\n\t\t\t\t\t<div class=\"signature\">\n\t\t\t\t\t\t<div class=\"teft-byline\">\n\t\t\t\t\t\t\t\t\t\t\t\t\t\t<div>\n\t\t\t\t\t\t\t\t<h3>H\u00f8yres redaksjon<\/h3>\t\t\t\t\t\t\t\t\n\t\t\t\t\t\t\t\t\t\t\t\t\t\t\t\t\t<span class=\"date\">Sist oppdatert: 12. juni 2023<\/span>\n\t\t\t\t\t\t\t\t\t\t\t\t\t\t\t\t\t\t\t\t\t\t\t\t\t<span class=\"reading-time\" itemprop=\"timeRequired\" content=\"PT2M\"><em>Ca. 2 minutter lesetid<\/em><\/span>\n\t\t\t\t\t\t\t\t\t\t\t\t\t\t\t<\/div>\n\t\t\t\t\t\t<\/div>\n\t\t\t\t\t<\/div>\n\t\t\t\t\t\t<div class=\"sharing\">\n\t\t<a class=\"share-button share-link copy-link\" data-copy=\"https:\/\/hoyre.no\/rade\/elisabeth-krathe-steve-2023-2027\/\" target=\"_blank\"><span class=\"screen-reader-text\">Del link<\/span><\/a>\n\t\t<a class=\"share-button share-twitter\" href=\"http:\/\/twitter.com\/share?text=Elisabeth Krathe Steve 2023 &#8211; 2027&#038;url=https:\/\/hoyre.no\/rade\/elisabeth-krathe-steve-2023-2027\/&#038;hashtags=Hoyre\" target=\"_blank\"><span class=\"screen-reader-text\">Del p\u00e5 twitter<\/span><\/a>\n\t\t<a class=\"share-button share-facebook\" href=\"https:\/\/www.facebook.com\/sharer\/sharer.php?u=https:\/\/hoyre.no\/rade\/elisabeth-krathe-steve-2023-2027\/\" target=\"_blank\"><span class=\"screen-reader-text\">Del p\u00e5 facebook<\/span><\/a>\n\t<\/div>\n\t\t\t\t\t<\/div>\n\t\t\t<\/div>\n\n\t\t\t<figure class=\"hoyre-image-wrapper\"><div class=\"hoyre-image\"><img loading=\"lazy\" decoding=\"async\" width=\"1879\" height=\"1265\" src=\"https:\/\/hoyre.no\/content\/uploads\/sites\/164\/2023\/06\/Elisabeth-Krathe-Steve-52195906.jpg\" class=\"attachment-scaled size-scaled\" alt=\"\" style=\"object-position: 50% 50%\" srcset=\"https:\/\/hoyre.no\/content\/uploads\/sites\/164\/2023\/06\/Elisabeth-Krathe-Steve-52195906.jpg 1879w, https:\/\/hoyre.no\/content\/uploads\/sites\/164\/2023\/06\/Elisabeth-Krathe-Steve-52195906-300x202.jpg 300w, https:\/\/hoyre.no\/content\/uploads\/sites\/164\/2023\/06\/Elisabeth-Krathe-Steve-52195906-1024x689.jpg 1024w, https:\/\/hoyre.no\/content\/uploads\/sites\/164\/2023\/06\/Elisabeth-Krathe-Steve-52195906-768x517.jpg 768w, https:\/\/hoyre.no\/content\/uploads\/sites\/164\/2023\/06\/Elisabeth-Krathe-Steve-52195906-1536x1034.jpg 1536w\" sizes=\"auto, (max-width: 1879px) 100vw, 1879px\" \/><\/div><\/figure><\/div><\/div>\n\n\n\n\n<p>Jeg er oppvokst p\u00e5 Saltnes, og har n\u00e6r sagt hele mitt liv bodd i R\u00e5de kommune. Og med hjelp av kirkeb\u00f8kene har jeg sporet familien min tilbake til 1600-tallet her i kommunen, eller s\u00e5 langt tilbake som kirkeb\u00f8kene har registrert.<\/p>\n\n\n\n<p>Jeg er gift, har 4 barn og 3 barnebarn, der to av barna inklusive barnebarn er bosatt i R\u00e5de. De to andre bor henholdsvis i Oslo og Fredrikstad.<\/p>\n\n\n\n<p>Jeg er utdannet f\u00f8rskolel\u00e6rer med tilleggsutdanning ved h\u00f8gskolen i \u00d8stfold og H\u00f8gskulen i Volda. Videre har jeg Idrettslinje ved Kirkebakken i Moss.<\/p>\n\n\n\n<p>Jeg jobber som pedagogisk leder ved Kollen Naturbarnehage i Saltnes der jeg har jobbet siden 2010. Fra 1994 til 2021 jobbet jeg ogs\u00e5 ved Saltnes fritidsklubb og R\u00e5de allaktivitetshus.<\/p>\n\n\n\n<p>2018-2019 fikk jeg permisjon fra jobben min i et \u00e5r, og jobbet og bodde i Longyearbyen p\u00e5 Svalbard. Jeg \u00f8nsket \u00e5 oppleve hvordan man kan jobbe med barn i et klima og omr\u00e5de som er relativt r\u00f8ft, og ikke minst f\u00e5 v\u00e6re en del av dette omr\u00e5det over en tid. Oppholdet har v\u00e6rt skjellsettende for meg som menneske, og ikke minst det \u00e5 se hvordan klimaendringene og fors\u00f8pling skader milj\u00f8et og jorda. Jeg liker \u00e5 v\u00e6re ute i friluft, og det \u00e5 jobbe i en barnehage med et stort naturfokus er noe jeg stortrives ned. I vinterhalv\u00e5ret g\u00e5r jeg mest mulig p\u00e5 ski, i tillegg til \u00e5 l\u00f8pe og trene ved et lokalt treningssenter. P\u00e5 sommeren er det rorbua p\u00e5 Saltholmen, jogging og fjellturer som st\u00e5r i fokus. Ikke minst f\u00f8ler jeg meg heldig med familie og mange venner rundt meg.<\/p>\n\n\n\n<p>Jeg har en periode i kommunestyret 2011-2015, og en periode som vare-representant 2015-2019. Og styremedlem og nestleder i oppvekst og kultur-utvalget i to perioder.<\/p>\n\n\n\n\n<figure class=\"wp-block-image size-large\"><img loading=\"lazy\" decoding=\"async\" width=\"1024\" height=\"689\" src=\"https:\/\/hoyre.no\/content\/uploads\/sites\/164\/2023\/06\/Elisabeth-Krathe-Steve-52195906-1024x689.jpg\" alt=\"\" class=\"wp-image-265\" srcset=\"https:\/\/hoyre.no\/content\/uploads\/sites\/164\/2023\/06\/Elisabeth-Krathe-Steve-52195906-1024x689.jpg 1024w, https:\/\/hoyre.no\/content\/uploads\/sites\/164\/2023\/06\/Elisabeth-Krathe-Steve-52195906-300x202.jpg 300w, https:\/\/hoyre.no\/content\/uploads\/sites\/164\/2023\/06\/Elisabeth-Krathe-Steve-52195906-768x517.jpg 768w, https:\/\/hoyre.no\/content\/uploads\/sites\/164\/2023\/06\/Elisabeth-Krathe-Steve-52195906-1536x1034.jpg 1536w, https:\/\/hoyre.no\/content\/uploads\/sites\/164\/2023\/06\/Elisabeth-Krathe-Steve-52195906.jpg 1879w\" sizes=\"auto, (max-width: 1024px) 100vw, 1024px\" \/><\/figure>\n","protected":false},"excerpt":{"rendered":"","protected":false},"author":15871,"featured_media":0,"parent":0,"menu_order":0,"comment_status":"closed","ping_status":"closed","template":"","meta":{"teft_cards_image_url":"","teft_cards_custom_pretitle":"","teft_cards_image_id":265,"teft_cards_image_focal_point_x":0.5,"teft_cards_image_focal_point_y":0.5,"teft_cards_title":"","teft_cards_excerpt":"","teft_show_chapters":false,"footnotes":""},"class_list":["post-316","page","type-page","status-publish","hentry"],"yoast_head":"<!-- This site is optimized with the Yoast SEO plugin v26.6 - https:\/\/yoast.com\/wordpress\/plugins\/seo\/ -->\n<title>Elisabeth Krathe Steve 2023 - 2027 - R\u00e5de H\u00f8yre<\/title>\n<meta name=\"robots\" content=\"index, follow, max-snippet:-1, max-image-preview:large, max-video-preview:-1\" \/>\n<link rel=\"canonical\" href=\"https:\/\/hoyre.no\/rade\/elisabeth-krathe-steve-2023-2027\/\" \/>\n<meta property=\"og:locale\" content=\"nb_NO\" \/>\n<meta property=\"og:type\" content=\"article\" \/>\n<meta property=\"og:title\" content=\"Elisabeth Krathe Steve 2023 - 2027 - R\u00e5de H\u00f8yre\" \/>\n<meta property=\"og:url\" content=\"https:\/\/hoyre.no\/rade\/elisabeth-krathe-steve-2023-2027\/\" \/>\n<meta property=\"og:site_name\" content=\"R\u00e5de H\u00f8yre\" \/>\n<meta property=\"article:modified_time\" content=\"2023-06-12T16:27:07+00:00\" \/>\n<meta property=\"og:image\" content=\"https:\/\/hoyre.no\/content\/uploads\/sites\/164\/2023\/06\/Elisabeth-Krathe-Steve-52195906-1024x689.jpg\" \/>\n<meta name=\"twitter:card\" content=\"summary_large_image\" \/>\n<meta name=\"twitter:label1\" content=\"Ansl. lesetid\" \/>\n\t<meta name=\"twitter:data1\" content=\"2 minutter\" \/>\n<script type=\"application\/ld+json\" class=\"yoast-schema-graph\">{\"@context\":\"https:\/\/schema.org\",\"@graph\":[{\"@type\":\"WebPage\",\"@id\":\"https:\/\/hoyre.no\/rade\/elisabeth-krathe-steve-2023-2027\/\",\"url\":\"https:\/\/hoyre.no\/rade\/elisabeth-krathe-steve-2023-2027\/\",\"name\":\"Elisabeth Krathe Steve 2023 - 2027 - R\u00e5de H\u00f8yre\",\"isPartOf\":{\"@id\":\"https:\/\/hoyre.no\/rade\/#website\"},\"image\":{\"@id\":\"https:\/\/hoyre.no\/rade\/elisabeth-krathe-steve-2023-2027\/#primaryimage\"},\"thumbnailUrl\":\"https:\/\/hoyre.no\/content\/uploads\/sites\/164\/2023\/06\/Elisabeth-Krathe-Steve-52195906-1024x689.jpg\",\"datePublished\":\"2023-06-04T18:38:32+00:00\",\"dateModified\":\"2023-06-12T16:27:07+00:00\",\"breadcrumb\":{\"@id\":\"https:\/\/hoyre.no\/rade\/elisabeth-krathe-steve-2023-2027\/#breadcrumb\"},\"inLanguage\":\"nb-NO\",\"potentialAction\":[{\"@type\":\"ReadAction\",\"target\":[\"https:\/\/hoyre.no\/rade\/elisabeth-krathe-steve-2023-2027\/\"]}]},{\"@type\":\"ImageObject\",\"inLanguage\":\"nb-NO\",\"@id\":\"https:\/\/hoyre.no\/rade\/elisabeth-krathe-steve-2023-2027\/#primaryimage\",\"url\":\"https:\/\/hoyre.no\/content\/uploads\/sites\/164\/2023\/06\/Elisabeth-Krathe-Steve-52195906-1024x689.jpg\",\"contentUrl\":\"https:\/\/hoyre.no\/content\/uploads\/sites\/164\/2023\/06\/Elisabeth-Krathe-Steve-52195906-1024x689.jpg\"},{\"@type\":\"BreadcrumbList\",\"@id\":\"https:\/\/hoyre.no\/rade\/elisabeth-krathe-steve-2023-2027\/#breadcrumb\",\"itemListElement\":[{\"@type\":\"ListItem\",\"position\":1,\"name\":\"Til hoyre.no\",\"item\":\"https:\/\/hoyre.no\"},{\"@type\":\"ListItem\",\"position\":2,\"name\":\"Hjem\",\"item\":\"https:\/\/hoyre.no\/rade\/\"},{\"@type\":\"ListItem\",\"position\":3,\"name\":\"Elisabeth Krathe Steve 2023 &#8211; 2027\"}]},{\"@type\":\"WebSite\",\"@id\":\"https:\/\/hoyre.no\/rade\/#website\",\"url\":\"https:\/\/hoyre.no\/rade\/\",\"name\":\"R\u00e5de H\u00f8yre\",\"description\":\"Bare enda et H\u00f8yres nettsteder-nettsted\",\"inLanguage\":\"nb-NO\"}]}<\/script>\n<!-- \/ Yoast SEO plugin. -->","yoast_head_json":{"title":"Elisabeth Krathe Steve 2023 - 2027 - R\u00e5de H\u00f8yre","robots":{"index":"index","follow":"follow","max-snippet":"max-snippet:-1","max-image-preview":"max-image-preview:large","max-video-preview":"max-video-preview:-1"},"canonical":"https:\/\/hoyre.no\/rade\/elisabeth-krathe-steve-2023-2027\/","og_locale":"nb_NO","og_type":"article","og_title":"Elisabeth Krathe Steve 2023 - 2027 - R\u00e5de H\u00f8yre","og_url":"https:\/\/hoyre.no\/rade\/elisabeth-krathe-steve-2023-2027\/","og_site_name":"R\u00e5de H\u00f8yre","article_modified_time":"2023-06-12T16:27:07+00:00","og_image":[{"url":"https:\/\/hoyre.no\/content\/uploads\/sites\/164\/2023\/06\/Elisabeth-Krathe-Steve-52195906-1024x689.jpg","width":"","height":"","type":""}],"twitter_card":"summary_large_image","twitter_misc":{"Ansl. lesetid":"2 minutter"},"schema":{"@context":"https:\/\/schema.org","@graph":[{"@type":"WebPage","@id":"https:\/\/hoyre.no\/rade\/elisabeth-krathe-steve-2023-2027\/","url":"https:\/\/hoyre.no\/rade\/elisabeth-krathe-steve-2023-2027\/","name":"Elisabeth Krathe Steve 2023 - 2027 - R\u00e5de H\u00f8yre","isPartOf":{"@id":"https:\/\/hoyre.no\/rade\/#website"},"image":{"@id":"https:\/\/hoyre.no\/rade\/elisabeth-krathe-steve-2023-2027\/#primaryimage"},"thumbnailUrl":"https:\/\/hoyre.no\/content\/uploads\/sites\/164\/2023\/06\/Elisabeth-Krathe-Steve-52195906-1024x689.jpg","datePublished":"2023-06-04T18:38:32+00:00","dateModified":"2023-06-12T16:27:07+00:00","breadcrumb":{"@id":"https:\/\/hoyre.no\/rade\/elisabeth-krathe-steve-2023-2027\/#breadcrumb"},"inLanguage":"nb-NO","potentialAction":[{"@type":"ReadAction","target":["https:\/\/hoyre.no\/rade\/elisabeth-krathe-steve-2023-2027\/"]}]},{"@type":"ImageObject","inLanguage":"nb-NO","@id":"https:\/\/hoyre.no\/rade\/elisabeth-krathe-steve-2023-2027\/#primaryimage","url":"https:\/\/hoyre.no\/content\/uploads\/sites\/164\/2023\/06\/Elisabeth-Krathe-Steve-52195906-1024x689.jpg","contentUrl":"https:\/\/hoyre.no\/content\/uploads\/sites\/164\/2023\/06\/Elisabeth-Krathe-Steve-52195906-1024x689.jpg"},{"@type":"BreadcrumbList","@id":"https:\/\/hoyre.no\/rade\/elisabeth-krathe-steve-2023-2027\/#breadcrumb","itemListElement":[{"@type":"ListItem","position":1,"name":"Til hoyre.no","item":"https:\/\/hoyre.no"},{"@type":"ListItem","position":2,"name":"Hjem","item":"https:\/\/hoyre.no\/rade\/"},{"@type":"ListItem","position":3,"name":"Elisabeth Krathe Steve 2023 &#8211; 2027"}]},{"@type":"WebSite","@id":"https:\/\/hoyre.no\/rade\/#website","url":"https:\/\/hoyre.no\/rade\/","name":"R\u00e5de H\u00f8yre","description":"Bare enda et H\u00f8yres nettsteder-nettsted","inLanguage":"nb-NO"}]}},"distributor_meta":false,"distributor_terms":false,"distributor_media":false,"distributor_original_site_name":"R\u00e5de H\u00f8yre","distributor_original_site_url":"https:\/\/hoyre.no\/rade","push-errors":false,"_links":{"self":[{"href":"https:\/\/hoyre.no\/rade\/wp-json\/wp\/v2\/pages\/316","targetHints":{"allow":["GET"]}}],"collection":[{"href":"https:\/\/hoyre.no\/rade\/wp-json\/wp\/v2\/pages"}],"about":[{"href":"https:\/\/hoyre.no\/rade\/wp-json\/wp\/v2\/types\/page"}],"author":[{"embeddable":true,"href":"https:\/\/hoyre.no\/rade\/wp-json\/wp\/v2\/users\/15871"}],"replies":[{"embeddable":true,"href":"https:\/\/hoyre.no\/rade\/wp-json\/wp\/v2\/comments?post=316"}],"version-history":[{"count":2,"href":"https:\/\/hoyre.no\/rade\/wp-json\/wp\/v2\/pages\/316\/revisions"}],"predecessor-version":[{"id":385,"href":"https:\/\/hoyre.no\/rade\/wp-json\/wp\/v2\/pages\/316\/revisions\/385"}],"wp:attachment":[{"href":"https:\/\/hoyre.no\/rade\/wp-json\/wp\/v2\/media?parent=316"}],"curies":[{"name":"wp","href":"https:\/\/api.w.org\/{rel}","templated":true}]}}