{"id":318,"date":"2023-06-04T20:41:02","date_gmt":"2023-06-04T18:41:02","guid":{"rendered":"https:\/\/hoyre.no\/rade\/?page_id=318"},"modified":"2023-06-12T18:29:12","modified_gmt":"2023-06-12T16:29:12","slug":"tor-helge-askedolen-2023-2027","status":"publish","type":"page","link":"https:\/\/hoyre.no\/rade\/tor-helge-askedolen-2023-2027\/","title":{"rendered":"Tor Helge Asked\u00f8len 2023 &#8211; 2027"},"content":{"rendered":"\n<div class=\"wp-block-hoyre-hero with-image-gradient text-color-light  has-media alignfull has-background\"><div class=\"hoyre-hero has-image\"><h1 class=\"title\">Sammen skal vi skape et inkluderende mangfold!<\/h1><p class=\"preamble\">R\u00e5de skal v\u00e6re en kommune alle \u00f8nsker \u00e5 flytte til, og en kommune ingen \u00f8nsker \u00e5 flytte fra<\/p>\t\t\t<div class=\"post-meta wp-block teft-byline-wrapper\">\n\t\t\t\t<div class=\"top\">\n\t\t\t\t\t<div class=\"signature\">\n\t\t\t\t\t\t<div class=\"teft-byline\">\n\t\t\t\t\t\t\t\t\t\t\t\t\t\t<div>\n\t\t\t\t\t\t\t\t<h3>H\u00f8yres redaksjon<\/h3>\t\t\t\t\t\t\t\t\n\t\t\t\t\t\t\t\t\t\t\t\t\t\t\t\t\t<span class=\"date\">Sist oppdatert: 12. juni 2023<\/span>\n\t\t\t\t\t\t\t\t\t\t\t\t\t\t\t\t\t\t\t\t\t\t\t\t\t<span class=\"reading-time\" itemprop=\"timeRequired\" content=\"PT2M\"><em>Ca. 2 minutter lesetid<\/em><\/span>\n\t\t\t\t\t\t\t\t\t\t\t\t\t\t\t<\/div>\n\t\t\t\t\t\t<\/div>\n\t\t\t\t\t<\/div>\n\t\t\t\t\t\t<div class=\"sharing\">\n\t\t<a class=\"share-button share-link copy-link\" data-copy=\"https:\/\/hoyre.no\/rade\/tor-helge-askedolen-2023-2027\/\" target=\"_blank\"><span class=\"screen-reader-text\">Del link<\/span><\/a>\n\t\t<a class=\"share-button share-twitter\" href=\"http:\/\/twitter.com\/share?text=Tor Helge Asked\u00f8len 2023 &#8211; 2027&#038;url=https:\/\/hoyre.no\/rade\/tor-helge-askedolen-2023-2027\/&#038;hashtags=Hoyre\" target=\"_blank\"><span class=\"screen-reader-text\">Del p\u00e5 twitter<\/span><\/a>\n\t\t<a class=\"share-button share-facebook\" href=\"https:\/\/www.facebook.com\/sharer\/sharer.php?u=https:\/\/hoyre.no\/rade\/tor-helge-askedolen-2023-2027\/\" target=\"_blank\"><span class=\"screen-reader-text\">Del p\u00e5 facebook<\/span><\/a>\n\t<\/div>\n\t\t\t\t\t<\/div>\n\t\t\t<\/div>\n\n\t\t\t<figure class=\"hoyre-image-wrapper\"><div class=\"hoyre-image\"><img loading=\"lazy\" decoding=\"async\" width=\"2500\" height=\"1690\" src=\"https:\/\/hoyre.no\/content\/uploads\/sites\/164\/2023\/06\/Tor-Helge-Askedolen-52140670-scaled.jpg\" class=\"attachment-scaled size-scaled\" alt=\"\" style=\"object-position: 40% 48%\" srcset=\"https:\/\/hoyre.no\/content\/uploads\/sites\/164\/2023\/06\/Tor-Helge-Askedolen-52140670-scaled.jpg 2500w, https:\/\/hoyre.no\/content\/uploads\/sites\/164\/2023\/06\/Tor-Helge-Askedolen-52140670-300x203.jpg 300w, https:\/\/hoyre.no\/content\/uploads\/sites\/164\/2023\/06\/Tor-Helge-Askedolen-52140670-1024x692.jpg 1024w, https:\/\/hoyre.no\/content\/uploads\/sites\/164\/2023\/06\/Tor-Helge-Askedolen-52140670-768x519.jpg 768w, https:\/\/hoyre.no\/content\/uploads\/sites\/164\/2023\/06\/Tor-Helge-Askedolen-52140670-1536x1038.jpg 1536w, https:\/\/hoyre.no\/content\/uploads\/sites\/164\/2023\/06\/Tor-Helge-Askedolen-52140670-2048x1385.jpg 2048w\" sizes=\"auto, (max-width: 2500px) 100vw, 2500px\" \/><\/div><\/figure><\/div><\/div>\n\n\n\n\n<p>Jeg har v\u00e6rt taxi-sj\u00e5f\u00f8r her i R\u00e5de i 16 \u00e5r, og har blitt kjent med mange av dere gjennom mitt arbeid. I min jobb f\u00e5r jeg h\u00f8re mange meninger om hvordan ting fungerer og ikke fungerer. Jeg lytter til dere alle, og har hatt mange fantastisk gode samtaler gjennom \u00e5rene som har g\u00e5tt.<\/p>\n\n\n\n<p>Jeg meldte meg inn i R\u00e5de H\u00f8yre fordi det er det partiet som best gjenspeiler mine tanker og min ideologi.<\/p>\n\n\n\n<p class=\"has-text-align-left\">Mine kampsaker:<br>Sammen med dere vil jeg bidra til et inkluderende lokalsamfunn, der alle f\u00f8ler at de er med.<\/p>\n\n\n\n<p class=\"has-text-align-left\">Ingen skal oppleve \u00e5 bli mobbet eller satt utenfor.<\/p>\n\n\n\n<p class=\"has-text-align-left\">Et inkluderende mangfold handler om \u00e5 m\u00f8te forskjellene med \u00e5penhet, respekt og inkludering.<\/p>\n\n\n\n<p class=\"has-text-align-left\">Alvorlige saker som mobbing, krenking og ekskludering er utfordringer som m\u00e5 tas p\u00e5 alvor.<\/p>\n\n\n\n<p class=\"has-text-align-left\">Det m\u00e5 iverksettes effektive tiltak mot mobbing i alle lag og aldersgrupper i befolkningen.<\/p>\n\n\n\n<p class=\"has-text-align-left\">Jeg skal kjempe for at alle barn og ungdommer skal f\u00e5 et godt fritidstilbud.<\/p>\n\n\n\n<p class=\"has-text-align-left\">Alle m\u00e5 f\u00e5 mulighet til \u00e5 utvikle egne anlegg og interesser i fellesskap med andre.<\/p>\n\n\n\n<p class=\"has-text-align-left\">Jeg skal kjempe for at gang- og sykkelsti mellom Tomb og R\u00e5de skal ferdigstilles.<\/p>\n\n\n\n<p class=\"has-text-align-left\">Jeg vil kjempe for at det opprettes et tilbud for kollektivtransport, der man enkelt kan reise rundt i bygda uten av \u00e5 v\u00e6re avhengig av egen bil.<\/p>\n\n\n\n<p class=\"has-text-align-left\">Vi skal fokusere p\u00e5 tiltak som gj\u00f8r at det lokale n\u00e6ringslivet her i R\u00e5de kommune skal trives, s\u00e5 vi sammen kan skape flere nye arbeidsplasser.<\/p>\n\n\n\n\n<figure class=\"wp-block-image size-large\"><img loading=\"lazy\" decoding=\"async\" width=\"1024\" height=\"692\" src=\"https:\/\/hoyre.no\/content\/uploads\/sites\/164\/2023\/06\/Tor-Helge-Askedolen-52140670-1024x692.jpg\" alt=\"\" class=\"wp-image-266\" srcset=\"https:\/\/hoyre.no\/content\/uploads\/sites\/164\/2023\/06\/Tor-Helge-Askedolen-52140670-1024x692.jpg 1024w, https:\/\/hoyre.no\/content\/uploads\/sites\/164\/2023\/06\/Tor-Helge-Askedolen-52140670-300x203.jpg 300w, https:\/\/hoyre.no\/content\/uploads\/sites\/164\/2023\/06\/Tor-Helge-Askedolen-52140670-768x519.jpg 768w, https:\/\/hoyre.no\/content\/uploads\/sites\/164\/2023\/06\/Tor-Helge-Askedolen-52140670-1536x1038.jpg 1536w, https:\/\/hoyre.no\/content\/uploads\/sites\/164\/2023\/06\/Tor-Helge-Askedolen-52140670-2048x1385.jpg 2048w\" sizes=\"auto, (max-width: 1024px) 100vw, 1024px\" \/><\/figure>\n","protected":false},"excerpt":{"rendered":"","protected":false},"author":15871,"featured_media":0,"parent":0,"menu_order":0,"comment_status":"closed","ping_status":"closed","template":"","meta":{"teft_cards_image_url":"","teft_cards_custom_pretitle":"","teft_cards_image_id":266,"teft_cards_image_focal_point_x":0.5,"teft_cards_image_focal_point_y":0.5,"teft_cards_title":"","teft_cards_excerpt":"","teft_show_chapters":false,"footnotes":""},"class_list":["post-318","page","type-page","status-publish","hentry"],"yoast_head":"<!-- This site is optimized with the Yoast SEO plugin v26.6 - https:\/\/yoast.com\/wordpress\/plugins\/seo\/ -->\n<title>Tor Helge Asked\u00f8len 2023 - 2027 - R\u00e5de H\u00f8yre<\/title>\n<meta name=\"robots\" content=\"index, follow, max-snippet:-1, max-image-preview:large, max-video-preview:-1\" \/>\n<link rel=\"canonical\" href=\"https:\/\/hoyre.no\/rade\/tor-helge-askedolen-2023-2027\/\" \/>\n<meta property=\"og:locale\" content=\"nb_NO\" \/>\n<meta property=\"og:type\" content=\"article\" \/>\n<meta property=\"og:title\" content=\"Tor Helge Asked\u00f8len 2023 - 2027 - R\u00e5de H\u00f8yre\" \/>\n<meta property=\"og:url\" content=\"https:\/\/hoyre.no\/rade\/tor-helge-askedolen-2023-2027\/\" \/>\n<meta property=\"og:site_name\" content=\"R\u00e5de H\u00f8yre\" \/>\n<meta property=\"article:modified_time\" content=\"2023-06-12T16:29:12+00:00\" \/>\n<meta property=\"og:image\" content=\"https:\/\/hoyre.no\/content\/uploads\/sites\/164\/2023\/06\/Tor-Helge-Askedolen-52140670-1024x692.jpg\" \/>\n<meta name=\"twitter:card\" content=\"summary_large_image\" \/>\n<meta name=\"twitter:label1\" content=\"Ansl. lesetid\" \/>\n\t<meta name=\"twitter:data1\" content=\"2 minutter\" \/>\n<script type=\"application\/ld+json\" class=\"yoast-schema-graph\">{\"@context\":\"https:\/\/schema.org\",\"@graph\":[{\"@type\":\"WebPage\",\"@id\":\"https:\/\/hoyre.no\/rade\/tor-helge-askedolen-2023-2027\/\",\"url\":\"https:\/\/hoyre.no\/rade\/tor-helge-askedolen-2023-2027\/\",\"name\":\"Tor Helge Asked\u00f8len 2023 - 2027 - R\u00e5de H\u00f8yre\",\"isPartOf\":{\"@id\":\"https:\/\/hoyre.no\/rade\/#website\"},\"image\":{\"@id\":\"https:\/\/hoyre.no\/rade\/tor-helge-askedolen-2023-2027\/#primaryimage\"},\"thumbnailUrl\":\"https:\/\/hoyre.no\/content\/uploads\/sites\/164\/2023\/06\/Tor-Helge-Askedolen-52140670-1024x692.jpg\",\"datePublished\":\"2023-06-04T18:41:02+00:00\",\"dateModified\":\"2023-06-12T16:29:12+00:00\",\"breadcrumb\":{\"@id\":\"https:\/\/hoyre.no\/rade\/tor-helge-askedolen-2023-2027\/#breadcrumb\"},\"inLanguage\":\"nb-NO\",\"potentialAction\":[{\"@type\":\"ReadAction\",\"target\":[\"https:\/\/hoyre.no\/rade\/tor-helge-askedolen-2023-2027\/\"]}]},{\"@type\":\"ImageObject\",\"inLanguage\":\"nb-NO\",\"@id\":\"https:\/\/hoyre.no\/rade\/tor-helge-askedolen-2023-2027\/#primaryimage\",\"url\":\"https:\/\/hoyre.no\/content\/uploads\/sites\/164\/2023\/06\/Tor-Helge-Askedolen-52140670-1024x692.jpg\",\"contentUrl\":\"https:\/\/hoyre.no\/content\/uploads\/sites\/164\/2023\/06\/Tor-Helge-Askedolen-52140670-1024x692.jpg\"},{\"@type\":\"BreadcrumbList\",\"@id\":\"https:\/\/hoyre.no\/rade\/tor-helge-askedolen-2023-2027\/#breadcrumb\",\"itemListElement\":[{\"@type\":\"ListItem\",\"position\":1,\"name\":\"Til hoyre.no\",\"item\":\"https:\/\/hoyre.no\"},{\"@type\":\"ListItem\",\"position\":2,\"name\":\"Hjem\",\"item\":\"https:\/\/hoyre.no\/rade\/\"},{\"@type\":\"ListItem\",\"position\":3,\"name\":\"Tor Helge Asked\u00f8len 2023 &#8211; 2027\"}]},{\"@type\":\"WebSite\",\"@id\":\"https:\/\/hoyre.no\/rade\/#website\",\"url\":\"https:\/\/hoyre.no\/rade\/\",\"name\":\"R\u00e5de H\u00f8yre\",\"description\":\"Bare enda et H\u00f8yres nettsteder-nettsted\",\"inLanguage\":\"nb-NO\"}]}<\/script>\n<!-- \/ Yoast SEO plugin. -->","yoast_head_json":{"title":"Tor Helge Asked\u00f8len 2023 - 2027 - R\u00e5de H\u00f8yre","robots":{"index":"index","follow":"follow","max-snippet":"max-snippet:-1","max-image-preview":"max-image-preview:large","max-video-preview":"max-video-preview:-1"},"canonical":"https:\/\/hoyre.no\/rade\/tor-helge-askedolen-2023-2027\/","og_locale":"nb_NO","og_type":"article","og_title":"Tor Helge Asked\u00f8len 2023 - 2027 - R\u00e5de H\u00f8yre","og_url":"https:\/\/hoyre.no\/rade\/tor-helge-askedolen-2023-2027\/","og_site_name":"R\u00e5de H\u00f8yre","article_modified_time":"2023-06-12T16:29:12+00:00","og_image":[{"url":"https:\/\/hoyre.no\/content\/uploads\/sites\/164\/2023\/06\/Tor-Helge-Askedolen-52140670-1024x692.jpg","width":"","height":"","type":""}],"twitter_card":"summary_large_image","twitter_misc":{"Ansl. lesetid":"2 minutter"},"schema":{"@context":"https:\/\/schema.org","@graph":[{"@type":"WebPage","@id":"https:\/\/hoyre.no\/rade\/tor-helge-askedolen-2023-2027\/","url":"https:\/\/hoyre.no\/rade\/tor-helge-askedolen-2023-2027\/","name":"Tor Helge Asked\u00f8len 2023 - 2027 - R\u00e5de H\u00f8yre","isPartOf":{"@id":"https:\/\/hoyre.no\/rade\/#website"},"image":{"@id":"https:\/\/hoyre.no\/rade\/tor-helge-askedolen-2023-2027\/#primaryimage"},"thumbnailUrl":"https:\/\/hoyre.no\/content\/uploads\/sites\/164\/2023\/06\/Tor-Helge-Askedolen-52140670-1024x692.jpg","datePublished":"2023-06-04T18:41:02+00:00","dateModified":"2023-06-12T16:29:12+00:00","breadcrumb":{"@id":"https:\/\/hoyre.no\/rade\/tor-helge-askedolen-2023-2027\/#breadcrumb"},"inLanguage":"nb-NO","potentialAction":[{"@type":"ReadAction","target":["https:\/\/hoyre.no\/rade\/tor-helge-askedolen-2023-2027\/"]}]},{"@type":"ImageObject","inLanguage":"nb-NO","@id":"https:\/\/hoyre.no\/rade\/tor-helge-askedolen-2023-2027\/#primaryimage","url":"https:\/\/hoyre.no\/content\/uploads\/sites\/164\/2023\/06\/Tor-Helge-Askedolen-52140670-1024x692.jpg","contentUrl":"https:\/\/hoyre.no\/content\/uploads\/sites\/164\/2023\/06\/Tor-Helge-Askedolen-52140670-1024x692.jpg"},{"@type":"BreadcrumbList","@id":"https:\/\/hoyre.no\/rade\/tor-helge-askedolen-2023-2027\/#breadcrumb","itemListElement":[{"@type":"ListItem","position":1,"name":"Til hoyre.no","item":"https:\/\/hoyre.no"},{"@type":"ListItem","position":2,"name":"Hjem","item":"https:\/\/hoyre.no\/rade\/"},{"@type":"ListItem","position":3,"name":"Tor Helge Asked\u00f8len 2023 &#8211; 2027"}]},{"@type":"WebSite","@id":"https:\/\/hoyre.no\/rade\/#website","url":"https:\/\/hoyre.no\/rade\/","name":"R\u00e5de H\u00f8yre","description":"Bare enda et H\u00f8yres nettsteder-nettsted","inLanguage":"nb-NO"}]}},"distributor_meta":false,"distributor_terms":false,"distributor_media":false,"distributor_original_site_name":"R\u00e5de H\u00f8yre","distributor_original_site_url":"https:\/\/hoyre.no\/rade","push-errors":false,"_links":{"self":[{"href":"https:\/\/hoyre.no\/rade\/wp-json\/wp\/v2\/pages\/318","targetHints":{"allow":["GET"]}}],"collection":[{"href":"https:\/\/hoyre.no\/rade\/wp-json\/wp\/v2\/pages"}],"about":[{"href":"https:\/\/hoyre.no\/rade\/wp-json\/wp\/v2\/types\/page"}],"author":[{"embeddable":true,"href":"https:\/\/hoyre.no\/rade\/wp-json\/wp\/v2\/users\/15871"}],"replies":[{"embeddable":true,"href":"https:\/\/hoyre.no\/rade\/wp-json\/wp\/v2\/comments?post=318"}],"version-history":[{"count":2,"href":"https:\/\/hoyre.no\/rade\/wp-json\/wp\/v2\/pages\/318\/revisions"}],"predecessor-version":[{"id":387,"href":"https:\/\/hoyre.no\/rade\/wp-json\/wp\/v2\/pages\/318\/revisions\/387"}],"wp:attachment":[{"href":"https:\/\/hoyre.no\/rade\/wp-json\/wp\/v2\/media?parent=318"}],"curies":[{"name":"wp","href":"https:\/\/api.w.org\/{rel}","templated":true}]}}