{"id":320,"date":"2023-06-04T20:43:20","date_gmt":"2023-06-04T18:43:20","guid":{"rendered":"https:\/\/hoyre.no\/rade\/?page_id=320"},"modified":"2023-06-12T18:30:03","modified_gmt":"2023-06-12T16:30:03","slug":"terje-lerstein-2023-2027","status":"publish","type":"page","link":"https:\/\/hoyre.no\/rade\/terje-lerstein-2023-2027\/","title":{"rendered":"Terje Lerstein 2023 &#8211; 2027"},"content":{"rendered":"\n<div class=\"wp-block-hoyre-hero with-image-gradient text-color-light  has-media alignfull has-background\"><div class=\"hoyre-hero has-image\"><h1 class=\"title\">R\u00e5de \u2013 Bygda mellom byene<\/h1><p class=\"preamble\">Best tjent med \u00e5 v\u00e6re egen kommune. Bedre muligheter for egne prioriteringer. Kort avstand mellom innbyggere, politikere og administrasjon<\/p>\t\t\t<div class=\"post-meta wp-block teft-byline-wrapper\">\n\t\t\t\t<div class=\"top\">\n\t\t\t\t\t<div class=\"signature\">\n\t\t\t\t\t\t<div class=\"teft-byline\">\n\t\t\t\t\t\t\t\t\t\t\t\t\t\t<div>\n\t\t\t\t\t\t\t\t<h3>H\u00f8yres redaksjon<\/h3>\t\t\t\t\t\t\t\t\n\t\t\t\t\t\t\t\t\t\t\t\t\t\t\t\t\t<span class=\"date\">Sist oppdatert: 12. juni 2023<\/span>\n\t\t\t\t\t\t\t\t\t\t\t\t\t\t\t\t\t\t\t\t\t\t\t\t\t<span class=\"reading-time\" itemprop=\"timeRequired\" content=\"PT1M\"><em>Ca. 1 minutter lesetid<\/em><\/span>\n\t\t\t\t\t\t\t\t\t\t\t\t\t\t\t<\/div>\n\t\t\t\t\t\t<\/div>\n\t\t\t\t\t<\/div>\n\t\t\t\t\t\t<div class=\"sharing\">\n\t\t<a class=\"share-button share-link copy-link\" data-copy=\"https:\/\/hoyre.no\/rade\/terje-lerstein-2023-2027\/\" target=\"_blank\"><span class=\"screen-reader-text\">Del link<\/span><\/a>\n\t\t<a class=\"share-button share-twitter\" href=\"http:\/\/twitter.com\/share?text=Terje Lerstein 2023 &#8211; 2027&#038;url=https:\/\/hoyre.no\/rade\/terje-lerstein-2023-2027\/&#038;hashtags=Hoyre\" target=\"_blank\"><span class=\"screen-reader-text\">Del p\u00e5 twitter<\/span><\/a>\n\t\t<a class=\"share-button share-facebook\" href=\"https:\/\/www.facebook.com\/sharer\/sharer.php?u=https:\/\/hoyre.no\/rade\/terje-lerstein-2023-2027\/\" target=\"_blank\"><span class=\"screen-reader-text\">Del p\u00e5 facebook<\/span><\/a>\n\t<\/div>\n\t\t\t\t\t<\/div>\n\t\t\t<\/div>\n\n\t\t\t<figure class=\"hoyre-image-wrapper\"><div class=\"hoyre-image\"><img loading=\"lazy\" decoding=\"async\" width=\"2500\" height=\"1729\" src=\"https:\/\/hoyre.no\/content\/uploads\/sites\/164\/2023\/06\/Terje-Lerstein-52046232-scaled.jpg\" class=\"attachment-scaled size-scaled\" alt=\"\" style=\"object-position: 38% 48%\" srcset=\"https:\/\/hoyre.no\/content\/uploads\/sites\/164\/2023\/06\/Terje-Lerstein-52046232-scaled.jpg 2500w, https:\/\/hoyre.no\/content\/uploads\/sites\/164\/2023\/06\/Terje-Lerstein-52046232-300x208.jpg 300w, https:\/\/hoyre.no\/content\/uploads\/sites\/164\/2023\/06\/Terje-Lerstein-52046232-1024x708.jpg 1024w, https:\/\/hoyre.no\/content\/uploads\/sites\/164\/2023\/06\/Terje-Lerstein-52046232-768x531.jpg 768w, https:\/\/hoyre.no\/content\/uploads\/sites\/164\/2023\/06\/Terje-Lerstein-52046232-1536x1062.jpg 1536w, https:\/\/hoyre.no\/content\/uploads\/sites\/164\/2023\/06\/Terje-Lerstein-52046232-2048x1417.jpg 2048w\" sizes=\"auto, (max-width: 2500px) 100vw, 2500px\" \/><\/div><\/figure><\/div><\/div>\n\n\n\n\n<p>Jeg vil arbeide for \u00e5 knytte kommunens 3 tettsteder tettere sammen. Gang og sykkelsti Tomb-Karlshus er p\u00e5 gang. Et bredere kollektivt transporttilbud er ogs\u00e5 \u00f8nskelig.<\/p>\n\n\n\n<p>Eldreb\u00f8lgen var jeg med \u00e5 stifte i 2004 med bakgrunn i at eldre i R\u00e5de skal ha et godt sosialt tilbud og gode omsorgstjenester.<\/p>\n\n\n\n<p>Idrett er bra, men barn og unge b\u00f8r ogs\u00e5 ha et kulturelt tilbud.<\/p>\n\n\n\n<p>Som pensjonist har jeg i en \u00e5rrekke engasjert meg i \u00e5 spille revy i FIIN \u00c5rgang og har ogs\u00e5 v\u00e6rt med i Tomb spelet. Jeg er aktivt med i Homestart og steller gress p\u00e5 golfbanen p\u00e5 flystasjonen. Tidligere aktiv idrettsut\u00f8ver. Trappet ned til lange vandringer i roligere tempo.<\/p>\n\n\n\n<p>Jeg har v\u00e6rt med i R\u00e5de politikken siden midten av 80 tallet, og n\u00e5 ser jeg frem til \u00e5 bli med p\u00e5 enda en runde gitt litt hjelp fra velgere.<\/p>\n\n\n\n<p><strong>Bakgrunn:<\/strong><\/p>\n\n\n\n<p>Pilot Forsvaret 1970-1979. SAS\/Braathens 1979-2005<\/p>\n\n\n\n<p>Gift med Karen. Feiret gullbryllup 2021. 4 barn og 7 barnebarn.<\/p>\n\n\n\n<p>Bodd p\u00e5 Norges beste boligfelt Solbakken p\u00e5 Grimstadtoppen siden 1977. Et nabolag der alle tar vare p\u00e5 hverandre. V\u00e5r utmerkede ordf\u00f8rer vokste opp her.<\/p>\n\n\n\n\n<figure class=\"wp-block-image size-large\"><img loading=\"lazy\" decoding=\"async\" width=\"1024\" height=\"708\" src=\"https:\/\/hoyre.no\/content\/uploads\/sites\/164\/2023\/06\/Terje-Lerstein-52046232-1024x708.jpg\" alt=\"\" class=\"wp-image-267\" srcset=\"https:\/\/hoyre.no\/content\/uploads\/sites\/164\/2023\/06\/Terje-Lerstein-52046232-1024x708.jpg 1024w, https:\/\/hoyre.no\/content\/uploads\/sites\/164\/2023\/06\/Terje-Lerstein-52046232-300x208.jpg 300w, https:\/\/hoyre.no\/content\/uploads\/sites\/164\/2023\/06\/Terje-Lerstein-52046232-768x531.jpg 768w, https:\/\/hoyre.no\/content\/uploads\/sites\/164\/2023\/06\/Terje-Lerstein-52046232-1536x1062.jpg 1536w, https:\/\/hoyre.no\/content\/uploads\/sites\/164\/2023\/06\/Terje-Lerstein-52046232-2048x1417.jpg 2048w\" sizes=\"auto, (max-width: 1024px) 100vw, 1024px\" \/><\/figure>\n","protected":false},"excerpt":{"rendered":"","protected":false},"author":15871,"featured_media":0,"parent":0,"menu_order":0,"comment_status":"closed","ping_status":"closed","template":"","meta":{"teft_cards_image_url":"","teft_cards_custom_pretitle":"","teft_cards_image_id":267,"teft_cards_image_focal_point_x":0.5,"teft_cards_image_focal_point_y":0.5,"teft_cards_title":"","teft_cards_excerpt":"","teft_show_chapters":false,"footnotes":""},"class_list":["post-320","page","type-page","status-publish","hentry"],"yoast_head":"<!-- This site is optimized with the Yoast SEO plugin v26.6 - https:\/\/yoast.com\/wordpress\/plugins\/seo\/ -->\n<title>Terje Lerstein 2023 - 2027 - R\u00e5de H\u00f8yre<\/title>\n<meta name=\"robots\" content=\"index, follow, max-snippet:-1, max-image-preview:large, max-video-preview:-1\" \/>\n<link rel=\"canonical\" href=\"https:\/\/hoyre.no\/rade\/terje-lerstein-2023-2027\/\" \/>\n<meta property=\"og:locale\" content=\"nb_NO\" \/>\n<meta property=\"og:type\" content=\"article\" \/>\n<meta property=\"og:title\" content=\"Terje Lerstein 2023 - 2027 - R\u00e5de H\u00f8yre\" \/>\n<meta property=\"og:url\" content=\"https:\/\/hoyre.no\/rade\/terje-lerstein-2023-2027\/\" \/>\n<meta property=\"og:site_name\" content=\"R\u00e5de H\u00f8yre\" \/>\n<meta property=\"article:modified_time\" content=\"2023-06-12T16:30:03+00:00\" \/>\n<meta property=\"og:image\" content=\"https:\/\/hoyre.no\/content\/uploads\/sites\/164\/2023\/06\/Terje-Lerstein-52046232-1024x708.jpg\" \/>\n<meta name=\"twitter:card\" content=\"summary_large_image\" \/>\n<meta name=\"twitter:label1\" content=\"Ansl. lesetid\" \/>\n\t<meta name=\"twitter:data1\" content=\"2 minutter\" \/>\n<script type=\"application\/ld+json\" class=\"yoast-schema-graph\">{\"@context\":\"https:\/\/schema.org\",\"@graph\":[{\"@type\":\"WebPage\",\"@id\":\"https:\/\/hoyre.no\/rade\/terje-lerstein-2023-2027\/\",\"url\":\"https:\/\/hoyre.no\/rade\/terje-lerstein-2023-2027\/\",\"name\":\"Terje Lerstein 2023 - 2027 - R\u00e5de H\u00f8yre\",\"isPartOf\":{\"@id\":\"https:\/\/hoyre.no\/rade\/#website\"},\"image\":{\"@id\":\"https:\/\/hoyre.no\/rade\/terje-lerstein-2023-2027\/#primaryimage\"},\"thumbnailUrl\":\"https:\/\/hoyre.no\/content\/uploads\/sites\/164\/2023\/06\/Terje-Lerstein-52046232-1024x708.jpg\",\"datePublished\":\"2023-06-04T18:43:20+00:00\",\"dateModified\":\"2023-06-12T16:30:03+00:00\",\"breadcrumb\":{\"@id\":\"https:\/\/hoyre.no\/rade\/terje-lerstein-2023-2027\/#breadcrumb\"},\"inLanguage\":\"nb-NO\",\"potentialAction\":[{\"@type\":\"ReadAction\",\"target\":[\"https:\/\/hoyre.no\/rade\/terje-lerstein-2023-2027\/\"]}]},{\"@type\":\"ImageObject\",\"inLanguage\":\"nb-NO\",\"@id\":\"https:\/\/hoyre.no\/rade\/terje-lerstein-2023-2027\/#primaryimage\",\"url\":\"https:\/\/hoyre.no\/content\/uploads\/sites\/164\/2023\/06\/Terje-Lerstein-52046232-1024x708.jpg\",\"contentUrl\":\"https:\/\/hoyre.no\/content\/uploads\/sites\/164\/2023\/06\/Terje-Lerstein-52046232-1024x708.jpg\"},{\"@type\":\"BreadcrumbList\",\"@id\":\"https:\/\/hoyre.no\/rade\/terje-lerstein-2023-2027\/#breadcrumb\",\"itemListElement\":[{\"@type\":\"ListItem\",\"position\":1,\"name\":\"Til hoyre.no\",\"item\":\"https:\/\/hoyre.no\"},{\"@type\":\"ListItem\",\"position\":2,\"name\":\"Hjem\",\"item\":\"https:\/\/hoyre.no\/rade\/\"},{\"@type\":\"ListItem\",\"position\":3,\"name\":\"Terje Lerstein 2023 &#8211; 2027\"}]},{\"@type\":\"WebSite\",\"@id\":\"https:\/\/hoyre.no\/rade\/#website\",\"url\":\"https:\/\/hoyre.no\/rade\/\",\"name\":\"R\u00e5de H\u00f8yre\",\"description\":\"Bare enda et H\u00f8yres nettsteder-nettsted\",\"inLanguage\":\"nb-NO\"}]}<\/script>\n<!-- \/ Yoast SEO plugin. -->","yoast_head_json":{"title":"Terje Lerstein 2023 - 2027 - R\u00e5de H\u00f8yre","robots":{"index":"index","follow":"follow","max-snippet":"max-snippet:-1","max-image-preview":"max-image-preview:large","max-video-preview":"max-video-preview:-1"},"canonical":"https:\/\/hoyre.no\/rade\/terje-lerstein-2023-2027\/","og_locale":"nb_NO","og_type":"article","og_title":"Terje Lerstein 2023 - 2027 - R\u00e5de H\u00f8yre","og_url":"https:\/\/hoyre.no\/rade\/terje-lerstein-2023-2027\/","og_site_name":"R\u00e5de H\u00f8yre","article_modified_time":"2023-06-12T16:30:03+00:00","og_image":[{"url":"https:\/\/hoyre.no\/content\/uploads\/sites\/164\/2023\/06\/Terje-Lerstein-52046232-1024x708.jpg","width":"","height":"","type":""}],"twitter_card":"summary_large_image","twitter_misc":{"Ansl. lesetid":"2 minutter"},"schema":{"@context":"https:\/\/schema.org","@graph":[{"@type":"WebPage","@id":"https:\/\/hoyre.no\/rade\/terje-lerstein-2023-2027\/","url":"https:\/\/hoyre.no\/rade\/terje-lerstein-2023-2027\/","name":"Terje Lerstein 2023 - 2027 - R\u00e5de H\u00f8yre","isPartOf":{"@id":"https:\/\/hoyre.no\/rade\/#website"},"image":{"@id":"https:\/\/hoyre.no\/rade\/terje-lerstein-2023-2027\/#primaryimage"},"thumbnailUrl":"https:\/\/hoyre.no\/content\/uploads\/sites\/164\/2023\/06\/Terje-Lerstein-52046232-1024x708.jpg","datePublished":"2023-06-04T18:43:20+00:00","dateModified":"2023-06-12T16:30:03+00:00","breadcrumb":{"@id":"https:\/\/hoyre.no\/rade\/terje-lerstein-2023-2027\/#breadcrumb"},"inLanguage":"nb-NO","potentialAction":[{"@type":"ReadAction","target":["https:\/\/hoyre.no\/rade\/terje-lerstein-2023-2027\/"]}]},{"@type":"ImageObject","inLanguage":"nb-NO","@id":"https:\/\/hoyre.no\/rade\/terje-lerstein-2023-2027\/#primaryimage","url":"https:\/\/hoyre.no\/content\/uploads\/sites\/164\/2023\/06\/Terje-Lerstein-52046232-1024x708.jpg","contentUrl":"https:\/\/hoyre.no\/content\/uploads\/sites\/164\/2023\/06\/Terje-Lerstein-52046232-1024x708.jpg"},{"@type":"BreadcrumbList","@id":"https:\/\/hoyre.no\/rade\/terje-lerstein-2023-2027\/#breadcrumb","itemListElement":[{"@type":"ListItem","position":1,"name":"Til hoyre.no","item":"https:\/\/hoyre.no"},{"@type":"ListItem","position":2,"name":"Hjem","item":"https:\/\/hoyre.no\/rade\/"},{"@type":"ListItem","position":3,"name":"Terje Lerstein 2023 &#8211; 2027"}]},{"@type":"WebSite","@id":"https:\/\/hoyre.no\/rade\/#website","url":"https:\/\/hoyre.no\/rade\/","name":"R\u00e5de H\u00f8yre","description":"Bare enda et H\u00f8yres nettsteder-nettsted","inLanguage":"nb-NO"}]}},"distributor_meta":false,"distributor_terms":false,"distributor_media":false,"distributor_original_site_name":"R\u00e5de H\u00f8yre","distributor_original_site_url":"https:\/\/hoyre.no\/rade","push-errors":false,"_links":{"self":[{"href":"https:\/\/hoyre.no\/rade\/wp-json\/wp\/v2\/pages\/320","targetHints":{"allow":["GET"]}}],"collection":[{"href":"https:\/\/hoyre.no\/rade\/wp-json\/wp\/v2\/pages"}],"about":[{"href":"https:\/\/hoyre.no\/rade\/wp-json\/wp\/v2\/types\/page"}],"author":[{"embeddable":true,"href":"https:\/\/hoyre.no\/rade\/wp-json\/wp\/v2\/users\/15871"}],"replies":[{"embeddable":true,"href":"https:\/\/hoyre.no\/rade\/wp-json\/wp\/v2\/comments?post=320"}],"version-history":[{"count":4,"href":"https:\/\/hoyre.no\/rade\/wp-json\/wp\/v2\/pages\/320\/revisions"}],"predecessor-version":[{"id":388,"href":"https:\/\/hoyre.no\/rade\/wp-json\/wp\/v2\/pages\/320\/revisions\/388"}],"wp:attachment":[{"href":"https:\/\/hoyre.no\/rade\/wp-json\/wp\/v2\/media?parent=320"}],"curies":[{"name":"wp","href":"https:\/\/api.w.org\/{rel}","templated":true}]}}