{"id":327,"date":"2023-06-04T20:51:43","date_gmt":"2023-06-04T18:51:43","guid":{"rendered":"https:\/\/hoyre.no\/rade\/?page_id=327"},"modified":"2023-06-12T18:31:26","modified_gmt":"2023-06-12T16:31:26","slug":"ronny-wilhelmsen-hagen-2023-2027","status":"publish","type":"page","link":"https:\/\/hoyre.no\/rade\/ronny-wilhelmsen-hagen-2023-2027\/","title":{"rendered":"Ronny Wilhelmsen Hagen 2023 &#8211; 2027"},"content":{"rendered":"\n<div class=\"wp-block-hoyre-hero with-image-gradient text-color-light  has-media alignfull has-background\"><div class=\"hoyre-hero has-image\"><h1 class=\"title\">R\u00e5de skal v\u00e6re et godt sted \u00e5 bo og virke<\/h1><p class=\"preamble\">Vi skal legge til rette for b\u00e5de privat og kommersiell utvikling og etterleve mantraet \u2018Ja n\u00e5r vi kan, nei n\u00e5r vi m\u00e5\u2019<\/p>\t\t\t<div class=\"post-meta wp-block teft-byline-wrapper\">\n\t\t\t\t<div class=\"top\">\n\t\t\t\t\t<div class=\"signature\">\n\t\t\t\t\t\t<div class=\"teft-byline\">\n\t\t\t\t\t\t\t\t\t\t\t\t\t\t<div>\n\t\t\t\t\t\t\t\t<h3>H\u00f8yres redaksjon<\/h3>\t\t\t\t\t\t\t\t\n\t\t\t\t\t\t\t\t\t\t\t\t\t\t\t\t\t<span class=\"date\">Sist oppdatert: 12. juni 2023<\/span>\n\t\t\t\t\t\t\t\t\t\t\t\t\t\t\t\t\t\t\t\t\t\t\t\t\t<span class=\"reading-time\" itemprop=\"timeRequired\" content=\"PT1M\"><em>Ca. 1 minutter lesetid<\/em><\/span>\n\t\t\t\t\t\t\t\t\t\t\t\t\t\t\t<\/div>\n\t\t\t\t\t\t<\/div>\n\t\t\t\t\t<\/div>\n\t\t\t\t\t\t<div class=\"sharing\">\n\t\t<a class=\"share-button share-link copy-link\" data-copy=\"https:\/\/hoyre.no\/rade\/ronny-wilhelmsen-hagen-2023-2027\/\" target=\"_blank\"><span class=\"screen-reader-text\">Del link<\/span><\/a>\n\t\t<a class=\"share-button share-twitter\" href=\"http:\/\/twitter.com\/share?text=Ronny Wilhelmsen Hagen 2023 &#8211; 2027&#038;url=https:\/\/hoyre.no\/rade\/ronny-wilhelmsen-hagen-2023-2027\/&#038;hashtags=Hoyre\" target=\"_blank\"><span class=\"screen-reader-text\">Del p\u00e5 twitter<\/span><\/a>\n\t\t<a class=\"share-button share-facebook\" href=\"https:\/\/www.facebook.com\/sharer\/sharer.php?u=https:\/\/hoyre.no\/rade\/ronny-wilhelmsen-hagen-2023-2027\/\" target=\"_blank\"><span class=\"screen-reader-text\">Del p\u00e5 facebook<\/span><\/a>\n\t<\/div>\n\t\t\t\t\t<\/div>\n\t\t\t<\/div>\n\n\t\t\t<figure class=\"hoyre-image-wrapper\"><div class=\"hoyre-image\"><img loading=\"lazy\" decoding=\"async\" width=\"1772\" height=\"1181\" src=\"https:\/\/hoyre.no\/content\/uploads\/sites\/164\/2023\/06\/Ronny-Wilhelmsen-Hagen-51505485.jpg\" class=\"attachment-scaled size-scaled\" alt=\"\" style=\"object-position: 34% 45%\" srcset=\"https:\/\/hoyre.no\/content\/uploads\/sites\/164\/2023\/06\/Ronny-Wilhelmsen-Hagen-51505485.jpg 1772w, https:\/\/hoyre.no\/content\/uploads\/sites\/164\/2023\/06\/Ronny-Wilhelmsen-Hagen-51505485-300x200.jpg 300w, https:\/\/hoyre.no\/content\/uploads\/sites\/164\/2023\/06\/Ronny-Wilhelmsen-Hagen-51505485-1024x682.jpg 1024w, https:\/\/hoyre.no\/content\/uploads\/sites\/164\/2023\/06\/Ronny-Wilhelmsen-Hagen-51505485-768x512.jpg 768w, https:\/\/hoyre.no\/content\/uploads\/sites\/164\/2023\/06\/Ronny-Wilhelmsen-Hagen-51505485-1536x1024.jpg 1536w\" sizes=\"auto, (max-width: 1772px) 100vw, 1772px\" \/><\/div><\/figure><\/div><\/div>\n\n\n\n\n<p>Jeg er Ronny Hagen og har v\u00e6rt Saltnes-beboer siden 2001. Her bor jeg med samboer og 3, etter hvert, voksne barn. Jeg er utdannet dataingeni\u00f8r og jobber i det daglige som IT konsulent i Altro AS.<\/p>\n\n\n\n<p>P\u00e5 fritiden liker jeg \u00e5 komme meg ut. Gjerne med golfk\u00f8ller, gode venner og hund. Ellers fors\u00f8ker vi \u00e5 f\u00e5 til b\u00e5de kortreise og lengre turer med v\u00e5r \u2018hytte p\u00e5 hjul\u2019.<\/p>\n\n\n\n<p>Gjennom de foreg\u00e5ende 2 periodene har jeg v\u00e6rt engasjert i Samfunnsutvalget og brenner for at innbyggere og n\u00e6ring skal oppleve administrasjonen som en serviceinstans og medspiller. Det er viktig \u00e5 legge til rette for b\u00e5de private og kommersielle vyer og muligheter. Videre har jeg v\u00e6rt representant i kommunestyret og f\u00e5tt lov til \u00e5 delta i mange av de viktige vedtakene og fremskrittene vi har f\u00e5tt p\u00e5 plass de siste 8 \u00e5rene.<\/p>\n\n\n\n<p>Med R\u00e5de H\u00f8yre i posisjon har vi mange positive resultater \u00e5 vise til \u2013 og det h\u00e5per jeg vi f\u00e5r mulighet til \u00e5 fortsette med.<\/p>\n\n\n\n<p>Godt valg!<\/p>\n\n\n\n\n<figure class=\"wp-block-image size-large\"><img loading=\"lazy\" decoding=\"async\" width=\"1024\" height=\"682\" src=\"https:\/\/hoyre.no\/content\/uploads\/sites\/164\/2023\/06\/Ronny-Wilhelmsen-Hagen-51505485-1024x682.jpg\" alt=\"\" class=\"wp-image-269\" srcset=\"https:\/\/hoyre.no\/content\/uploads\/sites\/164\/2023\/06\/Ronny-Wilhelmsen-Hagen-51505485-1024x682.jpg 1024w, https:\/\/hoyre.no\/content\/uploads\/sites\/164\/2023\/06\/Ronny-Wilhelmsen-Hagen-51505485-300x200.jpg 300w, https:\/\/hoyre.no\/content\/uploads\/sites\/164\/2023\/06\/Ronny-Wilhelmsen-Hagen-51505485-768x512.jpg 768w, https:\/\/hoyre.no\/content\/uploads\/sites\/164\/2023\/06\/Ronny-Wilhelmsen-Hagen-51505485-1536x1024.jpg 1536w, https:\/\/hoyre.no\/content\/uploads\/sites\/164\/2023\/06\/Ronny-Wilhelmsen-Hagen-51505485.jpg 1772w\" sizes=\"auto, (max-width: 1024px) 100vw, 1024px\" \/><\/figure>\n","protected":false},"excerpt":{"rendered":"","protected":false},"author":15871,"featured_media":0,"parent":0,"menu_order":0,"comment_status":"closed","ping_status":"closed","template":"","meta":{"teft_cards_image_url":"","teft_cards_custom_pretitle":"","teft_cards_image_id":269,"teft_cards_image_focal_point_x":0.5,"teft_cards_image_focal_point_y":0.5,"teft_cards_title":"","teft_cards_excerpt":"","teft_show_chapters":false,"footnotes":""},"class_list":["post-327","page","type-page","status-publish","hentry"],"yoast_head":"<!-- This site is optimized with the Yoast SEO plugin v26.6 - https:\/\/yoast.com\/wordpress\/plugins\/seo\/ -->\n<title>Ronny Wilhelmsen Hagen 2023 - 2027 - R\u00e5de H\u00f8yre<\/title>\n<meta name=\"robots\" content=\"index, follow, max-snippet:-1, max-image-preview:large, max-video-preview:-1\" \/>\n<link rel=\"canonical\" href=\"https:\/\/hoyre.no\/rade\/ronny-wilhelmsen-hagen-2023-2027\/\" \/>\n<meta property=\"og:locale\" content=\"nb_NO\" \/>\n<meta property=\"og:type\" content=\"article\" \/>\n<meta property=\"og:title\" content=\"Ronny Wilhelmsen Hagen 2023 - 2027 - R\u00e5de H\u00f8yre\" \/>\n<meta property=\"og:url\" content=\"https:\/\/hoyre.no\/rade\/ronny-wilhelmsen-hagen-2023-2027\/\" \/>\n<meta property=\"og:site_name\" content=\"R\u00e5de H\u00f8yre\" \/>\n<meta property=\"article:modified_time\" content=\"2023-06-12T16:31:26+00:00\" \/>\n<meta property=\"og:image\" content=\"https:\/\/hoyre.no\/content\/uploads\/sites\/164\/2023\/06\/Ronny-Wilhelmsen-Hagen-51505485-1024x682.jpg\" \/>\n<meta name=\"twitter:card\" content=\"summary_large_image\" \/>\n<meta name=\"twitter:label1\" content=\"Ansl. lesetid\" \/>\n\t<meta name=\"twitter:data1\" content=\"2 minutter\" \/>\n<script type=\"application\/ld+json\" class=\"yoast-schema-graph\">{\"@context\":\"https:\/\/schema.org\",\"@graph\":[{\"@type\":\"WebPage\",\"@id\":\"https:\/\/hoyre.no\/rade\/ronny-wilhelmsen-hagen-2023-2027\/\",\"url\":\"https:\/\/hoyre.no\/rade\/ronny-wilhelmsen-hagen-2023-2027\/\",\"name\":\"Ronny Wilhelmsen Hagen 2023 - 2027 - R\u00e5de H\u00f8yre\",\"isPartOf\":{\"@id\":\"https:\/\/hoyre.no\/rade\/#website\"},\"image\":{\"@id\":\"https:\/\/hoyre.no\/rade\/ronny-wilhelmsen-hagen-2023-2027\/#primaryimage\"},\"thumbnailUrl\":\"https:\/\/hoyre.no\/content\/uploads\/sites\/164\/2023\/06\/Ronny-Wilhelmsen-Hagen-51505485-1024x682.jpg\",\"datePublished\":\"2023-06-04T18:51:43+00:00\",\"dateModified\":\"2023-06-12T16:31:26+00:00\",\"breadcrumb\":{\"@id\":\"https:\/\/hoyre.no\/rade\/ronny-wilhelmsen-hagen-2023-2027\/#breadcrumb\"},\"inLanguage\":\"nb-NO\",\"potentialAction\":[{\"@type\":\"ReadAction\",\"target\":[\"https:\/\/hoyre.no\/rade\/ronny-wilhelmsen-hagen-2023-2027\/\"]}]},{\"@type\":\"ImageObject\",\"inLanguage\":\"nb-NO\",\"@id\":\"https:\/\/hoyre.no\/rade\/ronny-wilhelmsen-hagen-2023-2027\/#primaryimage\",\"url\":\"https:\/\/hoyre.no\/content\/uploads\/sites\/164\/2023\/06\/Ronny-Wilhelmsen-Hagen-51505485-1024x682.jpg\",\"contentUrl\":\"https:\/\/hoyre.no\/content\/uploads\/sites\/164\/2023\/06\/Ronny-Wilhelmsen-Hagen-51505485-1024x682.jpg\"},{\"@type\":\"BreadcrumbList\",\"@id\":\"https:\/\/hoyre.no\/rade\/ronny-wilhelmsen-hagen-2023-2027\/#breadcrumb\",\"itemListElement\":[{\"@type\":\"ListItem\",\"position\":1,\"name\":\"Til hoyre.no\",\"item\":\"https:\/\/hoyre.no\"},{\"@type\":\"ListItem\",\"position\":2,\"name\":\"Hjem\",\"item\":\"https:\/\/hoyre.no\/rade\/\"},{\"@type\":\"ListItem\",\"position\":3,\"name\":\"Ronny Wilhelmsen Hagen 2023 &#8211; 2027\"}]},{\"@type\":\"WebSite\",\"@id\":\"https:\/\/hoyre.no\/rade\/#website\",\"url\":\"https:\/\/hoyre.no\/rade\/\",\"name\":\"R\u00e5de H\u00f8yre\",\"description\":\"Bare enda et H\u00f8yres nettsteder-nettsted\",\"inLanguage\":\"nb-NO\"}]}<\/script>\n<!-- \/ Yoast SEO plugin. -->","yoast_head_json":{"title":"Ronny Wilhelmsen Hagen 2023 - 2027 - R\u00e5de H\u00f8yre","robots":{"index":"index","follow":"follow","max-snippet":"max-snippet:-1","max-image-preview":"max-image-preview:large","max-video-preview":"max-video-preview:-1"},"canonical":"https:\/\/hoyre.no\/rade\/ronny-wilhelmsen-hagen-2023-2027\/","og_locale":"nb_NO","og_type":"article","og_title":"Ronny Wilhelmsen Hagen 2023 - 2027 - R\u00e5de H\u00f8yre","og_url":"https:\/\/hoyre.no\/rade\/ronny-wilhelmsen-hagen-2023-2027\/","og_site_name":"R\u00e5de H\u00f8yre","article_modified_time":"2023-06-12T16:31:26+00:00","og_image":[{"url":"https:\/\/hoyre.no\/content\/uploads\/sites\/164\/2023\/06\/Ronny-Wilhelmsen-Hagen-51505485-1024x682.jpg","width":"","height":"","type":""}],"twitter_card":"summary_large_image","twitter_misc":{"Ansl. lesetid":"2 minutter"},"schema":{"@context":"https:\/\/schema.org","@graph":[{"@type":"WebPage","@id":"https:\/\/hoyre.no\/rade\/ronny-wilhelmsen-hagen-2023-2027\/","url":"https:\/\/hoyre.no\/rade\/ronny-wilhelmsen-hagen-2023-2027\/","name":"Ronny Wilhelmsen Hagen 2023 - 2027 - R\u00e5de H\u00f8yre","isPartOf":{"@id":"https:\/\/hoyre.no\/rade\/#website"},"image":{"@id":"https:\/\/hoyre.no\/rade\/ronny-wilhelmsen-hagen-2023-2027\/#primaryimage"},"thumbnailUrl":"https:\/\/hoyre.no\/content\/uploads\/sites\/164\/2023\/06\/Ronny-Wilhelmsen-Hagen-51505485-1024x682.jpg","datePublished":"2023-06-04T18:51:43+00:00","dateModified":"2023-06-12T16:31:26+00:00","breadcrumb":{"@id":"https:\/\/hoyre.no\/rade\/ronny-wilhelmsen-hagen-2023-2027\/#breadcrumb"},"inLanguage":"nb-NO","potentialAction":[{"@type":"ReadAction","target":["https:\/\/hoyre.no\/rade\/ronny-wilhelmsen-hagen-2023-2027\/"]}]},{"@type":"ImageObject","inLanguage":"nb-NO","@id":"https:\/\/hoyre.no\/rade\/ronny-wilhelmsen-hagen-2023-2027\/#primaryimage","url":"https:\/\/hoyre.no\/content\/uploads\/sites\/164\/2023\/06\/Ronny-Wilhelmsen-Hagen-51505485-1024x682.jpg","contentUrl":"https:\/\/hoyre.no\/content\/uploads\/sites\/164\/2023\/06\/Ronny-Wilhelmsen-Hagen-51505485-1024x682.jpg"},{"@type":"BreadcrumbList","@id":"https:\/\/hoyre.no\/rade\/ronny-wilhelmsen-hagen-2023-2027\/#breadcrumb","itemListElement":[{"@type":"ListItem","position":1,"name":"Til hoyre.no","item":"https:\/\/hoyre.no"},{"@type":"ListItem","position":2,"name":"Hjem","item":"https:\/\/hoyre.no\/rade\/"},{"@type":"ListItem","position":3,"name":"Ronny Wilhelmsen Hagen 2023 &#8211; 2027"}]},{"@type":"WebSite","@id":"https:\/\/hoyre.no\/rade\/#website","url":"https:\/\/hoyre.no\/rade\/","name":"R\u00e5de H\u00f8yre","description":"Bare enda et H\u00f8yres nettsteder-nettsted","inLanguage":"nb-NO"}]}},"distributor_meta":false,"distributor_terms":false,"distributor_media":false,"distributor_original_site_name":"R\u00e5de H\u00f8yre","distributor_original_site_url":"https:\/\/hoyre.no\/rade","push-errors":false,"_links":{"self":[{"href":"https:\/\/hoyre.no\/rade\/wp-json\/wp\/v2\/pages\/327","targetHints":{"allow":["GET"]}}],"collection":[{"href":"https:\/\/hoyre.no\/rade\/wp-json\/wp\/v2\/pages"}],"about":[{"href":"https:\/\/hoyre.no\/rade\/wp-json\/wp\/v2\/types\/page"}],"author":[{"embeddable":true,"href":"https:\/\/hoyre.no\/rade\/wp-json\/wp\/v2\/users\/15871"}],"replies":[{"embeddable":true,"href":"https:\/\/hoyre.no\/rade\/wp-json\/wp\/v2\/comments?post=327"}],"version-history":[{"count":2,"href":"https:\/\/hoyre.no\/rade\/wp-json\/wp\/v2\/pages\/327\/revisions"}],"predecessor-version":[{"id":390,"href":"https:\/\/hoyre.no\/rade\/wp-json\/wp\/v2\/pages\/327\/revisions\/390"}],"wp:attachment":[{"href":"https:\/\/hoyre.no\/rade\/wp-json\/wp\/v2\/media?parent=327"}],"curies":[{"name":"wp","href":"https:\/\/api.w.org\/{rel}","templated":true}]}}