{"id":329,"date":"2023-06-04T20:54:11","date_gmt":"2023-06-04T18:54:11","guid":{"rendered":"https:\/\/hoyre.no\/rade\/?page_id=329"},"modified":"2023-06-12T18:32:22","modified_gmt":"2023-06-12T16:32:22","slug":"paul-andreas-lunde-2023-2027","status":"publish","type":"page","link":"https:\/\/hoyre.no\/rade\/paul-andreas-lunde-2023-2027\/","title":{"rendered":"Paul Andreas Lunde 2023 &#8211; 2027"},"content":{"rendered":"\n<div class=\"wp-block-hoyre-hero with-image-gradient text-color-light  has-media alignfull has-background\"><div class=\"hoyre-hero has-image\"><h1 class=\"title\">\u00abGodt gjort, er bedre enn godt sagt\u00bb<\/h1><p class=\"preamble\">Dette har v\u00e6rt mitt motto i min yrkesaktive karriere<\/p>\t\t\t<div class=\"post-meta wp-block teft-byline-wrapper\">\n\t\t\t\t<div class=\"top\">\n\t\t\t\t\t<div class=\"signature\">\n\t\t\t\t\t\t<div class=\"teft-byline\">\n\t\t\t\t\t\t\t\t\t\t\t\t\t\t<div>\n\t\t\t\t\t\t\t\t<h3>H\u00f8yres redaksjon<\/h3>\t\t\t\t\t\t\t\t\n\t\t\t\t\t\t\t\t\t\t\t\t\t\t\t\t\t<span class=\"date\">Sist oppdatert: 12. juni 2023<\/span>\n\t\t\t\t\t\t\t\t\t\t\t\t\t\t\t\t\t\t\t\t\t\t\t\t\t<span class=\"reading-time\" itemprop=\"timeRequired\" content=\"PT1M\"><em>Ca. 1 minutter lesetid<\/em><\/span>\n\t\t\t\t\t\t\t\t\t\t\t\t\t\t\t<\/div>\n\t\t\t\t\t\t<\/div>\n\t\t\t\t\t<\/div>\n\t\t\t\t\t\t<div class=\"sharing\">\n\t\t<a class=\"share-button share-link copy-link\" data-copy=\"https:\/\/hoyre.no\/rade\/paul-andreas-lunde-2023-2027\/\" target=\"_blank\"><span class=\"screen-reader-text\">Del link<\/span><\/a>\n\t\t<a class=\"share-button share-twitter\" href=\"http:\/\/twitter.com\/share?text=Paul Andreas Lunde 2023 &#8211; 2027&#038;url=https:\/\/hoyre.no\/rade\/paul-andreas-lunde-2023-2027\/&#038;hashtags=Hoyre\" target=\"_blank\"><span class=\"screen-reader-text\">Del p\u00e5 twitter<\/span><\/a>\n\t\t<a class=\"share-button share-facebook\" href=\"https:\/\/www.facebook.com\/sharer\/sharer.php?u=https:\/\/hoyre.no\/rade\/paul-andreas-lunde-2023-2027\/\" target=\"_blank\"><span class=\"screen-reader-text\">Del p\u00e5 facebook<\/span><\/a>\n\t<\/div>\n\t\t\t\t\t<\/div>\n\t\t\t<\/div>\n\n\t\t\t<figure class=\"hoyre-image-wrapper\"><div class=\"hoyre-image\"><img loading=\"lazy\" decoding=\"async\" width=\"2500\" height=\"1729\" src=\"https:\/\/hoyre.no\/content\/uploads\/sites\/164\/2023\/06\/Paul-Andreas-Lunde-52087723-scaled.jpg\" class=\"attachment-scaled size-scaled\" alt=\"\" style=\"object-position: 34% 52%\" srcset=\"https:\/\/hoyre.no\/content\/uploads\/sites\/164\/2023\/06\/Paul-Andreas-Lunde-52087723-scaled.jpg 2500w, https:\/\/hoyre.no\/content\/uploads\/sites\/164\/2023\/06\/Paul-Andreas-Lunde-52087723-300x208.jpg 300w, https:\/\/hoyre.no\/content\/uploads\/sites\/164\/2023\/06\/Paul-Andreas-Lunde-52087723-1024x708.jpg 1024w, https:\/\/hoyre.no\/content\/uploads\/sites\/164\/2023\/06\/Paul-Andreas-Lunde-52087723-768x531.jpg 768w, https:\/\/hoyre.no\/content\/uploads\/sites\/164\/2023\/06\/Paul-Andreas-Lunde-52087723-1536x1062.jpg 1536w, https:\/\/hoyre.no\/content\/uploads\/sites\/164\/2023\/06\/Paul-Andreas-Lunde-52087723-2048x1417.jpg 2048w\" sizes=\"auto, (max-width: 2500px) 100vw, 2500px\" \/><\/div><\/figure><\/div><\/div>\n\n\n\n\n<p>Grafiker fra blytiden p\u00e5 70-tallet p\u00e5 reproanstalt og trykkeri.<\/p>\n\n\n\n<p>Selvstendig med grafisk design og produksjon fra 1991.<\/p>\n\n\n\n<p>Deltok i forrige kommunevalg, og fikk en bratt l\u00e6ringskurve med pandemi og nettbaserte m\u00f8ter.<\/p>\n\n\n\n<p>Har m\u00f8tt som vara i samfunnsutvalget, og har n\u00e5 fast plass der. Har ogs\u00e5 v\u00e6rt vara i kommunestyret et par ganger.<\/p>\n\n\n\n<p>Er leder i sameiet Saltnes syd 1, samt nestleder i Fredrikstad mannskor. Korsang, spesielt mannskor er en fin hobby.<\/p>\n\n\n\n<p>Som innflytter, flytta fra J\u00e6ren til R\u00e5de i juli 2015, har det v\u00e6rt mye \u00e5 l\u00e6re, og sette seg inn i. Den siste perioden som fersk, uerfaren lokalpolitiker, har jeg lyttet til mine mere drevne lokalkjente partikollegaer, n\u00e5r saker skulle vedtas.<\/p>\n\n\n\n<p>Jeg har ingen ambisjon om \u00e5 &laquo;slite ned&raquo; en kommunal talerstol. Jeg vil st\u00f8tte tiltak og saker som gj\u00f8r hverdagen enklere for den eldre garde. For \u00e5 f\u00e5 en spredning p\u00e5 kj\u00f8nn og alder, sa jeg p\u00e5 oppfordring ja til \u00e5 stille p\u00e5 listen, da s\u00e5 langt bak som mulig. 70+ er ingen alder, og i den delen av R\u00e5de jeg representerer er vi, de &laquo;gr\u00e5 panterene&raquo;, kanskje i flertall, derfor st\u00e5r jeg her.<\/p>\n\n\n\n<p>Godt valg!<\/p>\n\n\n\n\n<figure class=\"wp-block-image size-large\"><img loading=\"lazy\" decoding=\"async\" width=\"1024\" height=\"708\" src=\"https:\/\/hoyre.no\/content\/uploads\/sites\/164\/2023\/06\/Paul-Andreas-Lunde-52087723-1024x708.jpg\" alt=\"\" class=\"wp-image-270\" srcset=\"https:\/\/hoyre.no\/content\/uploads\/sites\/164\/2023\/06\/Paul-Andreas-Lunde-52087723-1024x708.jpg 1024w, https:\/\/hoyre.no\/content\/uploads\/sites\/164\/2023\/06\/Paul-Andreas-Lunde-52087723-300x208.jpg 300w, https:\/\/hoyre.no\/content\/uploads\/sites\/164\/2023\/06\/Paul-Andreas-Lunde-52087723-768x531.jpg 768w, https:\/\/hoyre.no\/content\/uploads\/sites\/164\/2023\/06\/Paul-Andreas-Lunde-52087723-1536x1062.jpg 1536w, https:\/\/hoyre.no\/content\/uploads\/sites\/164\/2023\/06\/Paul-Andreas-Lunde-52087723-2048x1417.jpg 2048w\" sizes=\"auto, (max-width: 1024px) 100vw, 1024px\" \/><\/figure>\n","protected":false},"excerpt":{"rendered":"","protected":false},"author":15871,"featured_media":0,"parent":0,"menu_order":0,"comment_status":"closed","ping_status":"closed","template":"","meta":{"teft_cards_image_url":"","teft_cards_custom_pretitle":"","teft_cards_image_id":270,"teft_cards_image_focal_point_x":0.5,"teft_cards_image_focal_point_y":0.5,"teft_cards_title":"","teft_cards_excerpt":"","teft_show_chapters":false,"footnotes":""},"class_list":["post-329","page","type-page","status-publish","hentry"],"yoast_head":"<!-- This site is optimized with the Yoast SEO plugin v26.6 - https:\/\/yoast.com\/wordpress\/plugins\/seo\/ -->\n<title>Paul Andreas Lunde 2023 - 2027 - R\u00e5de H\u00f8yre<\/title>\n<meta name=\"robots\" content=\"index, follow, max-snippet:-1, max-image-preview:large, max-video-preview:-1\" \/>\n<link rel=\"canonical\" href=\"https:\/\/hoyre.no\/rade\/paul-andreas-lunde-2023-2027\/\" \/>\n<meta property=\"og:locale\" content=\"nb_NO\" \/>\n<meta property=\"og:type\" content=\"article\" \/>\n<meta property=\"og:title\" content=\"Paul Andreas Lunde 2023 - 2027 - R\u00e5de H\u00f8yre\" \/>\n<meta property=\"og:url\" content=\"https:\/\/hoyre.no\/rade\/paul-andreas-lunde-2023-2027\/\" \/>\n<meta property=\"og:site_name\" content=\"R\u00e5de H\u00f8yre\" \/>\n<meta property=\"article:modified_time\" content=\"2023-06-12T16:32:22+00:00\" \/>\n<meta property=\"og:image\" content=\"https:\/\/hoyre.no\/content\/uploads\/sites\/164\/2023\/06\/Paul-Andreas-Lunde-52087723-1024x708.jpg\" \/>\n<meta name=\"twitter:card\" content=\"summary_large_image\" \/>\n<meta name=\"twitter:label1\" content=\"Ansl. lesetid\" \/>\n\t<meta name=\"twitter:data1\" content=\"2 minutter\" \/>\n<script type=\"application\/ld+json\" class=\"yoast-schema-graph\">{\"@context\":\"https:\/\/schema.org\",\"@graph\":[{\"@type\":\"WebPage\",\"@id\":\"https:\/\/hoyre.no\/rade\/paul-andreas-lunde-2023-2027\/\",\"url\":\"https:\/\/hoyre.no\/rade\/paul-andreas-lunde-2023-2027\/\",\"name\":\"Paul Andreas Lunde 2023 - 2027 - R\u00e5de H\u00f8yre\",\"isPartOf\":{\"@id\":\"https:\/\/hoyre.no\/rade\/#website\"},\"image\":{\"@id\":\"https:\/\/hoyre.no\/rade\/paul-andreas-lunde-2023-2027\/#primaryimage\"},\"thumbnailUrl\":\"https:\/\/hoyre.no\/content\/uploads\/sites\/164\/2023\/06\/Paul-Andreas-Lunde-52087723-1024x708.jpg\",\"datePublished\":\"2023-06-04T18:54:11+00:00\",\"dateModified\":\"2023-06-12T16:32:22+00:00\",\"breadcrumb\":{\"@id\":\"https:\/\/hoyre.no\/rade\/paul-andreas-lunde-2023-2027\/#breadcrumb\"},\"inLanguage\":\"nb-NO\",\"potentialAction\":[{\"@type\":\"ReadAction\",\"target\":[\"https:\/\/hoyre.no\/rade\/paul-andreas-lunde-2023-2027\/\"]}]},{\"@type\":\"ImageObject\",\"inLanguage\":\"nb-NO\",\"@id\":\"https:\/\/hoyre.no\/rade\/paul-andreas-lunde-2023-2027\/#primaryimage\",\"url\":\"https:\/\/hoyre.no\/content\/uploads\/sites\/164\/2023\/06\/Paul-Andreas-Lunde-52087723-1024x708.jpg\",\"contentUrl\":\"https:\/\/hoyre.no\/content\/uploads\/sites\/164\/2023\/06\/Paul-Andreas-Lunde-52087723-1024x708.jpg\"},{\"@type\":\"BreadcrumbList\",\"@id\":\"https:\/\/hoyre.no\/rade\/paul-andreas-lunde-2023-2027\/#breadcrumb\",\"itemListElement\":[{\"@type\":\"ListItem\",\"position\":1,\"name\":\"Til hoyre.no\",\"item\":\"https:\/\/hoyre.no\"},{\"@type\":\"ListItem\",\"position\":2,\"name\":\"Hjem\",\"item\":\"https:\/\/hoyre.no\/rade\/\"},{\"@type\":\"ListItem\",\"position\":3,\"name\":\"Paul Andreas Lunde 2023 &#8211; 2027\"}]},{\"@type\":\"WebSite\",\"@id\":\"https:\/\/hoyre.no\/rade\/#website\",\"url\":\"https:\/\/hoyre.no\/rade\/\",\"name\":\"R\u00e5de H\u00f8yre\",\"description\":\"Bare enda et H\u00f8yres nettsteder-nettsted\",\"inLanguage\":\"nb-NO\"}]}<\/script>\n<!-- \/ Yoast SEO plugin. -->","yoast_head_json":{"title":"Paul Andreas Lunde 2023 - 2027 - R\u00e5de H\u00f8yre","robots":{"index":"index","follow":"follow","max-snippet":"max-snippet:-1","max-image-preview":"max-image-preview:large","max-video-preview":"max-video-preview:-1"},"canonical":"https:\/\/hoyre.no\/rade\/paul-andreas-lunde-2023-2027\/","og_locale":"nb_NO","og_type":"article","og_title":"Paul Andreas Lunde 2023 - 2027 - R\u00e5de H\u00f8yre","og_url":"https:\/\/hoyre.no\/rade\/paul-andreas-lunde-2023-2027\/","og_site_name":"R\u00e5de H\u00f8yre","article_modified_time":"2023-06-12T16:32:22+00:00","og_image":[{"url":"https:\/\/hoyre.no\/content\/uploads\/sites\/164\/2023\/06\/Paul-Andreas-Lunde-52087723-1024x708.jpg","width":"","height":"","type":""}],"twitter_card":"summary_large_image","twitter_misc":{"Ansl. lesetid":"2 minutter"},"schema":{"@context":"https:\/\/schema.org","@graph":[{"@type":"WebPage","@id":"https:\/\/hoyre.no\/rade\/paul-andreas-lunde-2023-2027\/","url":"https:\/\/hoyre.no\/rade\/paul-andreas-lunde-2023-2027\/","name":"Paul Andreas Lunde 2023 - 2027 - R\u00e5de H\u00f8yre","isPartOf":{"@id":"https:\/\/hoyre.no\/rade\/#website"},"image":{"@id":"https:\/\/hoyre.no\/rade\/paul-andreas-lunde-2023-2027\/#primaryimage"},"thumbnailUrl":"https:\/\/hoyre.no\/content\/uploads\/sites\/164\/2023\/06\/Paul-Andreas-Lunde-52087723-1024x708.jpg","datePublished":"2023-06-04T18:54:11+00:00","dateModified":"2023-06-12T16:32:22+00:00","breadcrumb":{"@id":"https:\/\/hoyre.no\/rade\/paul-andreas-lunde-2023-2027\/#breadcrumb"},"inLanguage":"nb-NO","potentialAction":[{"@type":"ReadAction","target":["https:\/\/hoyre.no\/rade\/paul-andreas-lunde-2023-2027\/"]}]},{"@type":"ImageObject","inLanguage":"nb-NO","@id":"https:\/\/hoyre.no\/rade\/paul-andreas-lunde-2023-2027\/#primaryimage","url":"https:\/\/hoyre.no\/content\/uploads\/sites\/164\/2023\/06\/Paul-Andreas-Lunde-52087723-1024x708.jpg","contentUrl":"https:\/\/hoyre.no\/content\/uploads\/sites\/164\/2023\/06\/Paul-Andreas-Lunde-52087723-1024x708.jpg"},{"@type":"BreadcrumbList","@id":"https:\/\/hoyre.no\/rade\/paul-andreas-lunde-2023-2027\/#breadcrumb","itemListElement":[{"@type":"ListItem","position":1,"name":"Til hoyre.no","item":"https:\/\/hoyre.no"},{"@type":"ListItem","position":2,"name":"Hjem","item":"https:\/\/hoyre.no\/rade\/"},{"@type":"ListItem","position":3,"name":"Paul Andreas Lunde 2023 &#8211; 2027"}]},{"@type":"WebSite","@id":"https:\/\/hoyre.no\/rade\/#website","url":"https:\/\/hoyre.no\/rade\/","name":"R\u00e5de H\u00f8yre","description":"Bare enda et H\u00f8yres nettsteder-nettsted","inLanguage":"nb-NO"}]}},"distributor_meta":false,"distributor_terms":false,"distributor_media":false,"distributor_original_site_name":"R\u00e5de H\u00f8yre","distributor_original_site_url":"https:\/\/hoyre.no\/rade","push-errors":false,"_links":{"self":[{"href":"https:\/\/hoyre.no\/rade\/wp-json\/wp\/v2\/pages\/329","targetHints":{"allow":["GET"]}}],"collection":[{"href":"https:\/\/hoyre.no\/rade\/wp-json\/wp\/v2\/pages"}],"about":[{"href":"https:\/\/hoyre.no\/rade\/wp-json\/wp\/v2\/types\/page"}],"author":[{"embeddable":true,"href":"https:\/\/hoyre.no\/rade\/wp-json\/wp\/v2\/users\/15871"}],"replies":[{"embeddable":true,"href":"https:\/\/hoyre.no\/rade\/wp-json\/wp\/v2\/comments?post=329"}],"version-history":[{"count":2,"href":"https:\/\/hoyre.no\/rade\/wp-json\/wp\/v2\/pages\/329\/revisions"}],"predecessor-version":[{"id":391,"href":"https:\/\/hoyre.no\/rade\/wp-json\/wp\/v2\/pages\/329\/revisions\/391"}],"wp:attachment":[{"href":"https:\/\/hoyre.no\/rade\/wp-json\/wp\/v2\/media?parent=329"}],"curies":[{"name":"wp","href":"https:\/\/api.w.org\/{rel}","templated":true}]}}