{"id":368,"date":"2024-08-17T20:01:32","date_gmt":"2024-08-17T18:01:32","guid":{"rendered":"https:\/\/hoyre.no\/raelingen\/?page_id=368"},"modified":"2024-08-17T20:01:59","modified_gmt":"2024-08-17T18:01:59","slug":"politisk-samarbeidsavtale-i-raelingen","status":"publish","type":"page","link":"https:\/\/hoyre.no\/raelingen\/politisk-samarbeidsavtale-i-raelingen\/","title":{"rendered":"Politisk samarbeidsavtale i R\u00e6lingen"},"content":{"rendered":"\n<div class=\"wp-block-hoyre-hero with-image-gradient text-color-light  alignfull has-background\"><div class=\"hoyre-hero \"><h1 class=\"title\">Samarabeidsavtale for 2023-2027<\/h1><p class=\"preamble\">Politisk samarbeidsavtale i R\u00e6lingen mellom H\u00f8yre, Fremskrittspartiet, Venstre, kristelig Folkeparti, Milj\u00f8partiet De Gr\u00f8nne og Senterpartiet.<\/p><\/div><\/div>\n\n\n\n\n<ol class=\"wp-block-list\" type=\"1\">\n<li>Denne samarbeidsavtalen inneb\u00e6rer at partiene skal samarbeide om viktige politiske saker for R\u00e6lingen, herunder budsjett og investeringsplaner og kommuneplan\/-delplaner. <br><br>Hovedprioriteringen i avtalen er en sunn \u00f8konomi uten eiendomsskatt, med lavere gjeld og en gradvis styrking av kjernevirksomheten barn\/unge\/skole og eldreomsorg. Et felles budsjett er n\u00f8kkelen til dette.<\/li>\n<\/ol>\n\n\n\n<ol class=\"wp-block-list\" type=\"1\" start=\"2\">\n<li>B\u00e5rlijordet og alle eiendommene i Hans Holts veg, med unntak av nr. 1A, 1B, 3A og 3B, tas ut av planen.&nbsp;<\/li>\n\n\n\n<li>Det skal utredes vannforsyning til skianlegget i Marikollen fra Ramstadsj\u00f8en, i tr\u00e5d med varierende produksjonstider for sn\u00f8 skissert i tabell 6.2 i Sweco-rapporten \u201c<a href=\"https:\/\/ralingen.rikt.net\/cfiles\/download\/MDEgLSBQbGFudXR2YWxnZXQvMjAyMy0wOS0wNi8yMDIzLTA5LTA2IC0gUExBIC0gSW5ua2FsbGluZyBkZWwgMiAucGRm\">Utredning vanntilf\u00f8rsel Marikollen skisenter for sn\u00f8produksjon<\/a>\u201d. Utredningen skal gjennomf\u00f8res av en ekstern akt\u00f8r som ikke har deltatt i reguleringsarbeidet for Brudalen tidligere. Utredningen skal vurdere hvilke konsekvenser forskjellige produkjonstider for sn\u00f8 har for naturinngrep, drift av skianlegget og investeringskostnader.<\/li>\n\n\n\n<li>Ny fotballbane og grendehus skal ikke bygges \u00f8st for FV120, ved Nordby skole.<\/li>\n\n\n\n<li>Det gj\u00f8res en utredning av hvordan en vikarpool-ordning for skolene best kan innf\u00f8res, med fagl\u00e6rte, fast ansatte i heltidsstilling.&nbsp;<\/li>\n\n\n\n<li>Klimapolitikken i R\u00e6lingen skal videref\u00f8res i tr\u00e5d med f\u00f8ringer og prioriteringer i gjeldende kommuneplan og kommundelplan for klima, energi og sirkul\u00e6r\u00f8konomi. Klima- og milj\u00f8fondet skal videref\u00f8res og sikres finansiering gjennom hele perioden, med minst 1 mill. kroner per \u00e5r til disposisjon.<\/li>\n\n\n\n<li>Det skal utarbeides en tilskuddsordning som sikrer at alle barn og unge, uavhengig av foresattes \u00f8konomi, skal kunne delta p\u00e5 fritidsaktiviteter.&nbsp;<\/li>\n\n\n\n<li>Det skal gj\u00f8res en utredning om kvelds\u00e5pen barnehage i R\u00e6lingen, uten at dagens kommune\u00f8konomi p\u00e5virkes i s\u00e6rlig grad. Fagorganisasjonene skal v\u00e6re p\u00e5koblet arbeidet.<\/li>\n\n\n\n<li>Det skal innf\u00f8res fritt brukervalg i helse s\u00e5 fremt det finnes aktuelle akt\u00f8rer.<\/li>\n\n\n\n<li>Det skal opprettes et eget mobbeombud.<\/li>\n\n\n\n<li>Det skal jobbes med bevisstgj\u00f8ring rundt selvforsyning knyttet til 2030-m\u00e5lene.<\/li>\n\n\n\n<li>Spesialundervisning rettet mot dyskalkuli og dysleksi skal styrkes.<\/li>\n\n\n\n<li>Verdighet og kvalitet innenfor helse, livsglede for eldre, lavterskelstilbud for psykisk helse skal prioriteres.<\/li>\n<\/ol>\n\n\n\n<p><strong>Posisjoner:<\/strong><\/p>\n\n\n\n<ul class=\"wp-block-list\">\n<li>H: Ordf\u00f8rer og et medlem i formannskapet i tillegg til ordf\u00f8rer<\/li>\n\n\n\n<li>Sp: Varaordf\u00f8rer<\/li>\n\n\n\n<li>V: Leder i klima- og milj\u00f8utvalget<\/li>\n\n\n\n<li>MDG: 1 plass i formannskapet<\/li>\n\n\n\n<li>Frp: 1 plass i formannskapet, leder i utvalg for helse og omsorg<\/li>\n<\/ul>\n\n\n\n<p>\u00d8vrige posisjoner diskuteres ut fra tidligere innspill.<\/p>\n\n\n\n<p>Ut over de forhold som g\u00e5r frem av denne avtalen skal partiene s\u00f8ke omforente l\u00f8sninger der dette sees mulig. Prosessene skal respektere det enkelte partis egenart og politiske grunnlag, og behandles i egnede fora.<\/p>\n\n\n\n<p>Samtidig \u00f8nsker partiene et godt politisk samarbeid med hele det politiske milj\u00f8et, og alle partiene i kommunestyret i R\u00e6lingen. Partiene vil legge opp til politiske arbeidsformer som inkluderer flest mulig i brede politiske samarbeid og vedtak.<\/p>\n\n\n\n<p>H     FRP     V     KRF     MDG      SP&nbsp;&nbsp;&nbsp;&nbsp;&nbsp;&nbsp;&nbsp;&nbsp;&nbsp;&nbsp;&nbsp;&nbsp;&nbsp; &nbsp;&nbsp;&nbsp;&nbsp;&nbsp;<\/p>\n\n\n\n<p>I tillegg et valgteknisk samarbeid med INP og Konservativt.&nbsp;<\/p>\n\n","protected":false},"excerpt":{"rendered":"","protected":false},"author":23018,"featured_media":0,"parent":0,"menu_order":0,"comment_status":"closed","ping_status":"closed","template":"","meta":{"teft_cards_image_url":"","teft_cards_custom_pretitle":"","teft_cards_image_id":0,"teft_cards_image_focal_point_x":0,"teft_cards_image_focal_point_y":0,"teft_cards_title":"","teft_cards_excerpt":"","teft_show_chapters":false,"footnotes":""},"class_list":["post-368","page","type-page","status-publish","hentry"],"yoast_head":"<!-- This site is optimized with the Yoast SEO plugin v26.6 - https:\/\/yoast.com\/wordpress\/plugins\/seo\/ -->\n<title>Politisk samarbeidsavtale i R\u00e6lingen - R\u00e6lingen H\u00f8yre<\/title>\n<meta name=\"robots\" content=\"index, follow, max-snippet:-1, max-image-preview:large, max-video-preview:-1\" \/>\n<link rel=\"canonical\" href=\"https:\/\/hoyre.no\/raelingen\/politisk-samarbeidsavtale-i-raelingen\/\" \/>\n<meta property=\"og:locale\" content=\"nb_NO\" \/>\n<meta property=\"og:type\" content=\"article\" \/>\n<meta property=\"og:title\" content=\"Politisk samarbeidsavtale i R\u00e6lingen - R\u00e6lingen H\u00f8yre\" \/>\n<meta property=\"og:url\" content=\"https:\/\/hoyre.no\/raelingen\/politisk-samarbeidsavtale-i-raelingen\/\" \/>\n<meta property=\"og:site_name\" content=\"R\u00e6lingen H\u00f8yre\" \/>\n<meta property=\"article:modified_time\" content=\"2024-08-17T18:01:59+00:00\" \/>\n<meta property=\"og:image\" content=\"https:\/\/hoyre.no\/content\/uploads\/sites\/165\/2022\/11\/Hoyres-logo.png\" \/>\n\t<meta property=\"og:image:width\" content=\"1000\" \/>\n\t<meta property=\"og:image:height\" content=\"1000\" \/>\n\t<meta property=\"og:image:type\" content=\"image\/png\" \/>\n<meta name=\"twitter:card\" content=\"summary_large_image\" \/>\n<meta name=\"twitter:label1\" content=\"Ansl. lesetid\" \/>\n\t<meta name=\"twitter:data1\" content=\"3 minutter\" \/>\n<script type=\"application\/ld+json\" class=\"yoast-schema-graph\">{\"@context\":\"https:\/\/schema.org\",\"@graph\":[{\"@type\":\"WebPage\",\"@id\":\"https:\/\/hoyre.no\/raelingen\/politisk-samarbeidsavtale-i-raelingen\/\",\"url\":\"https:\/\/hoyre.no\/raelingen\/politisk-samarbeidsavtale-i-raelingen\/\",\"name\":\"Politisk samarbeidsavtale i R\u00e6lingen - R\u00e6lingen H\u00f8yre\",\"isPartOf\":{\"@id\":\"https:\/\/hoyre.no\/raelingen\/#website\"},\"datePublished\":\"2024-08-17T18:01:32+00:00\",\"dateModified\":\"2024-08-17T18:01:59+00:00\",\"breadcrumb\":{\"@id\":\"https:\/\/hoyre.no\/raelingen\/politisk-samarbeidsavtale-i-raelingen\/#breadcrumb\"},\"inLanguage\":\"nb-NO\",\"potentialAction\":[{\"@type\":\"ReadAction\",\"target\":[\"https:\/\/hoyre.no\/raelingen\/politisk-samarbeidsavtale-i-raelingen\/\"]}]},{\"@type\":\"BreadcrumbList\",\"@id\":\"https:\/\/hoyre.no\/raelingen\/politisk-samarbeidsavtale-i-raelingen\/#breadcrumb\",\"itemListElement\":[{\"@type\":\"ListItem\",\"position\":1,\"name\":\"Til hoyre.no\",\"item\":\"https:\/\/hoyre.no\"},{\"@type\":\"ListItem\",\"position\":2,\"name\":\"Hjem\",\"item\":\"https:\/\/hoyre.no\/raelingen\/\"},{\"@type\":\"ListItem\",\"position\":3,\"name\":\"Politisk samarbeidsavtale i R\u00e6lingen\"}]},{\"@type\":\"WebSite\",\"@id\":\"https:\/\/hoyre.no\/raelingen\/#website\",\"url\":\"https:\/\/hoyre.no\/raelingen\/\",\"name\":\"R\u00e6lingen H\u00f8yre\",\"description\":\"Bare enda et H\u00f8yres nettsteder-nettsted\",\"inLanguage\":\"nb-NO\"}]}<\/script>\n<!-- \/ Yoast SEO plugin. -->","yoast_head_json":{"title":"Politisk samarbeidsavtale i R\u00e6lingen - R\u00e6lingen H\u00f8yre","robots":{"index":"index","follow":"follow","max-snippet":"max-snippet:-1","max-image-preview":"max-image-preview:large","max-video-preview":"max-video-preview:-1"},"canonical":"https:\/\/hoyre.no\/raelingen\/politisk-samarbeidsavtale-i-raelingen\/","og_locale":"nb_NO","og_type":"article","og_title":"Politisk samarbeidsavtale i R\u00e6lingen - R\u00e6lingen H\u00f8yre","og_url":"https:\/\/hoyre.no\/raelingen\/politisk-samarbeidsavtale-i-raelingen\/","og_site_name":"R\u00e6lingen H\u00f8yre","article_modified_time":"2024-08-17T18:01:59+00:00","og_image":[{"width":1000,"height":1000,"url":"https:\/\/hoyre.no\/content\/uploads\/sites\/165\/2022\/11\/Hoyres-logo.png","type":"image\/png"}],"twitter_card":"summary_large_image","twitter_misc":{"Ansl. lesetid":"3 minutter"},"schema":{"@context":"https:\/\/schema.org","@graph":[{"@type":"WebPage","@id":"https:\/\/hoyre.no\/raelingen\/politisk-samarbeidsavtale-i-raelingen\/","url":"https:\/\/hoyre.no\/raelingen\/politisk-samarbeidsavtale-i-raelingen\/","name":"Politisk samarbeidsavtale i R\u00e6lingen - R\u00e6lingen H\u00f8yre","isPartOf":{"@id":"https:\/\/hoyre.no\/raelingen\/#website"},"datePublished":"2024-08-17T18:01:32+00:00","dateModified":"2024-08-17T18:01:59+00:00","breadcrumb":{"@id":"https:\/\/hoyre.no\/raelingen\/politisk-samarbeidsavtale-i-raelingen\/#breadcrumb"},"inLanguage":"nb-NO","potentialAction":[{"@type":"ReadAction","target":["https:\/\/hoyre.no\/raelingen\/politisk-samarbeidsavtale-i-raelingen\/"]}]},{"@type":"BreadcrumbList","@id":"https:\/\/hoyre.no\/raelingen\/politisk-samarbeidsavtale-i-raelingen\/#breadcrumb","itemListElement":[{"@type":"ListItem","position":1,"name":"Til hoyre.no","item":"https:\/\/hoyre.no"},{"@type":"ListItem","position":2,"name":"Hjem","item":"https:\/\/hoyre.no\/raelingen\/"},{"@type":"ListItem","position":3,"name":"Politisk samarbeidsavtale i R\u00e6lingen"}]},{"@type":"WebSite","@id":"https:\/\/hoyre.no\/raelingen\/#website","url":"https:\/\/hoyre.no\/raelingen\/","name":"R\u00e6lingen H\u00f8yre","description":"Bare enda et H\u00f8yres nettsteder-nettsted","inLanguage":"nb-NO"}]}},"distributor_meta":false,"distributor_terms":false,"distributor_media":false,"distributor_original_site_name":"R\u00e6lingen H\u00f8yre","distributor_original_site_url":"https:\/\/hoyre.no\/raelingen","push-errors":false,"_links":{"self":[{"href":"https:\/\/hoyre.no\/raelingen\/wp-json\/wp\/v2\/pages\/368","targetHints":{"allow":["GET"]}}],"collection":[{"href":"https:\/\/hoyre.no\/raelingen\/wp-json\/wp\/v2\/pages"}],"about":[{"href":"https:\/\/hoyre.no\/raelingen\/wp-json\/wp\/v2\/types\/page"}],"author":[{"embeddable":true,"href":"https:\/\/hoyre.no\/raelingen\/wp-json\/wp\/v2\/users\/23018"}],"replies":[{"embeddable":true,"href":"https:\/\/hoyre.no\/raelingen\/wp-json\/wp\/v2\/comments?post=368"}],"version-history":[{"count":2,"href":"https:\/\/hoyre.no\/raelingen\/wp-json\/wp\/v2\/pages\/368\/revisions"}],"predecessor-version":[{"id":370,"href":"https:\/\/hoyre.no\/raelingen\/wp-json\/wp\/v2\/pages\/368\/revisions\/370"}],"wp:attachment":[{"href":"https:\/\/hoyre.no\/raelingen\/wp-json\/wp\/v2\/media?parent=368"}],"curies":[{"name":"wp","href":"https:\/\/api.w.org\/{rel}","templated":true}]}}