{"id":3,"date":"2020-11-12T10:12:19","date_gmt":"2020-11-12T09:12:19","guid":{"rendered":"https:\/\/hoyre.no\/rana\/forsiden\/"},"modified":"2025-01-24T16:05:37","modified_gmt":"2025-01-24T15:05:37","slug":"forsiden","status":"publish","type":"page","link":"https:\/\/hoyre.no\/rana\/","title":{"rendered":"Forsiden"},"content":{"rendered":"\n\t\t<div class=\" has-simple-highlight style-white has-mobile-text-aligned-center slogan-type-custom wp-block-hoyre-slogan\">\n\t\t\t<div class=\"slogan-container\">\n\t\t\t\t<div class=\"slogan__image\">\n\t\t\t\t\t<img loading=\"lazy\" decoding=\"async\" width=\"2500\" height=\"1669\" src=\"https:\/\/hoyre.no\/content\/uploads\/sites\/128\/2023\/06\/RanaHF-scaled.jpg\" class=\"slogan__background-media\" alt=\"\" style=\"--focal-point: 55% 40%;\" srcset=\"https:\/\/hoyre.no\/content\/uploads\/sites\/128\/2023\/06\/RanaHF-scaled.jpg 2500w, https:\/\/hoyre.no\/content\/uploads\/sites\/128\/2023\/06\/RanaHF-300x200.jpg 300w, https:\/\/hoyre.no\/content\/uploads\/sites\/128\/2023\/06\/RanaHF-1024x683.jpg 1024w, https:\/\/hoyre.no\/content\/uploads\/sites\/128\/2023\/06\/RanaHF-768x513.jpg 768w, https:\/\/hoyre.no\/content\/uploads\/sites\/128\/2023\/06\/RanaHF-1536x1025.jpg 1536w, https:\/\/hoyre.no\/content\/uploads\/sites\/128\/2023\/06\/RanaHF-2048x1367.jpg 2048w\" sizes=\"auto, (max-width: 2500px) 100vw, 2500px\" \/>\n\t\t\t\t<\/div>\n\t\t\t\t<div class=\"slogan__content\">\n\t\t\t\t\t\n\t\t\t\t\t<h2 class=\"slogan__big-title\">Vi vil mer for Rana<\/h2>\n\t\t\t\t\t<p>Har du lyst til \u00e5 gj\u00f8re en forskjell for byen v\u00e5r? Sammen kan vi gj\u00f8re Rana enda bedre!<\/p>\n\t\t\t\t\t<a href=\"https:\/\/hoyre.no\/bli-med\/bli-medlem\/\" class=\"button\">Bli medlem<\/a>\n\t\t\t\t<\/div>\n\t\t\t<\/div>\n\t\t\t\n\t\t<\/div>\n\t\t\n\n\n<div class=\"wp-block-media-text is-stacked-on-mobile is-image-fill alignwide is-style-pale-blue\"><figure class=\"wp-block-media-text__media\" style=\"background-image:url('https:\/\/hoyre.no\/content\/uploads\/sites\/128\/2023\/06\/AdobeStock_520013996-1024x768.jpeg');background-position:50% 50%\"><img loading=\"lazy\" decoding=\"async\" width=\"1024\" height=\"768\" src=\"https:\/\/hoyre.no\/content\/uploads\/sites\/128\/2023\/06\/AdobeStock_520013996-1024x768.jpeg\" alt=\"\" class=\"wp-image-86 size-full\" srcset=\"https:\/\/hoyre.no\/content\/uploads\/sites\/128\/2023\/06\/AdobeStock_520013996-1024x768.jpeg 1024w, https:\/\/hoyre.no\/content\/uploads\/sites\/128\/2023\/06\/AdobeStock_520013996-300x225.jpeg 300w, https:\/\/hoyre.no\/content\/uploads\/sites\/128\/2023\/06\/AdobeStock_520013996-768x576.jpeg 768w, https:\/\/hoyre.no\/content\/uploads\/sites\/128\/2023\/06\/AdobeStock_520013996-1536x1152.jpeg 1536w, https:\/\/hoyre.no\/content\/uploads\/sites\/128\/2023\/06\/AdobeStock_520013996-2048x1536.jpeg 2048w\" sizes=\"auto, (max-width: 1024px) 100vw, 1024px\" \/><\/figure><div class=\"wp-block-media-text__content\">\n<h2 class=\"wp-block-heading\">Syv gode grunner til \u00e5 stemme H\u00f8yre i Rana<\/h2>\n\n\n\n<p>H\u00f8yre vil mer for Rana fordi vi vil mer for deg. Vi m\u00e5 gripe mulighetene vi har, og sammen sikre Rana i riktig retning.<\/p>\n\n\n\n<p>Trykk p\u00e5 knappen for \u00e5 lese syv gode grunner til \u00e5 stemme H\u00f8yre i Rana!<\/p>\n\n\n\n<div class=\"wp-block-buttons is-layout-flex wp-block-buttons-is-layout-flex\">\n<div class=\"wp-block-button has-custom-width wp-block-button__width-75\"><a class=\"wp-block-button__link wp-element-button\" href=\"https:\/\/hoyre.no\/rana\/syv-grunner-til-a-stemme-hoyre-i-rana\/?preview=true\" target=\"_blank\" rel=\"noreferrer noopener\">Les Mer<\/a><\/div>\n<\/div>\n<\/div><\/div>\n\n\n\n\n<section class=\"wp-block-hoyre-branch-contact-person alignwide\">\n\t<div class=\"block-inner\">\n\t\t\n<div class=\"politician-info-wrapper\">\n\t<div class=\"politician-image-wrapper\">\n\t\t<div class=\"politician-image\">\n\t\t\t\t\t\t\t\t\t\t\t<a href=\"https:\/\/res.cloudinary.com\/hoyre\/image\/upload\/g_face:center,d_defaultprofileimg3.jpg,fl_lossy,f_auto\/v200902\/51908655.jpg\">\n\t\t\t\t\t<img decoding=\"async\" src=\"https:\/\/res.cloudinary.com\/hoyre\/image\/upload\/c_thumb,g_face:center,h_500,w_500,d_defaultprofileimg3.jpg,fl_lossy,f_auto\/w_500\/v20230420\/51908655.jpg\" alt=\"Profilbilde\" style=\"object-position: 50% 50%\" \/>\n\t\t\t\t<\/a>\n\t\t\t\t\t<\/div>\n\t\t\t<\/div>\n\t<div class=\"politician-details\">\n\t\t\t\t\t<h1 class=\"politician-name\"><a href=\"https:\/\/hoyre.no\/personprofiler\/anita-lill-sollie\/\">Anita Lill Sollie<\/a><\/h1>\n\t\t\t\t\t\t\t\t<h2 class=\"politician-title\">Varaordf\u00f8rer<\/h2>\n\t\t\t\t\t<\/div>\n<\/div>\n\t<\/div>\n<\/section>\n\n\n\n\n<div class=\"wp-block-hoyre-banner alignwide undefined  is-style-light\"><div class=\"banner-inner\"><figure class=\"hoyre-image-wrapper\"><div class=\"hoyre-image\"><img decoding=\"async\" loading=\"lazy\" width=\"2048\" height=\"1365\" src=\"https:\/\/hoyre.no\/content\/uploads\/2020\/09\/54483135358_f67d549a0f_k.jpg\" class=\"attachment-scaled size-scaled\" alt=\"Ine\" style=\"object-position: 47% 42%\" \/><\/div><\/figure><div class=\"banner-content\"><div class=\"entry-content\">\n<h2 class=\"wp-block-heading\" id=\"h-bli-medlem-i-hoyre\">Bli medlem i H\u00f8yre<\/h2>\n\n\n\n<p>Vil du v\u00e6re med p\u00e5 \u00e5 skape et samfunn med muligheter for alle? Bli med p\u00e5 laget. Ditt bidrag gj\u00f8r oss enda sterkere.<\/p>\n\n\n\n<div class=\"wp-block-buttons is-layout-flex wp-block-buttons-is-layout-flex\">\n<div class=\"wp-block-button\"><a class=\"wp-block-button__link wp-element-button\" href=\"https:\/\/hoyre.no\/bli-med\/bli-medlem\/\">bli medlem i h\u00f8yre<\/a><\/div>\n<\/div>\n<\/div><\/div><\/div><\/div>\n\n\n\n\n<section class=\"wp-block-hoyre-latest-grid\">\n\t<div class=\"block-inner\">\n\t\t<header>\n\t\t\t<h2>Nyheter<\/h2>\n\t\t\t\t\t\t\t<a href=\"https:\/\/hoyre.no\/rana\/nyheter\/\">Vis alle<\/a>\n\t\t\t\t\t<\/header>\n\t\t<div class=\"teft-cards-grid default-size-4\">\n\t\t\t<div class=\"teft-cards-item has-12-columns is-style-two-columns is-vertically-aligned-center is-aligned-center is-card-hoyre\">\n\t<div class=\"teft-card hoyre-teft-card post-teft-card\">\n\t\t<a href=\"https:\/\/hoyre.no\/2026\/03\/27\/dronestrategi-til-a-bli-flau-av\/\" class=\"teft-card__primary-action\">\n\n\t\t\t\t\t<div class=\"teft-card__media teft-card__media--16-9\">\n\t\t\t<span class=\"sticker\">Nasjonal<\/span>\t\t\t<img loading=\"lazy\" decoding=\"async\" width=\"728\" height=\"483\" src=\"https:\/\/hoyre.no\/content\/uploads\/2026\/03\/Skjermbilde-2026-03-27-kl.-14.21.48.png\" class=\"attachment-medium_large size-medium_large\" alt=\"Fr\u00f8lich\" \/>\t\t<\/div>\n\t\t\n\t\t\t<div class=\"teft-card__content-wrapper\">\n\t\t\t\t<div class=\"teft-card__secondary\">\n\t\t\t\t\t\n\t\t\t\t\t\t\t\t<div class=\"teft-card__meta\">\n\t\t\t\t\t\t\t\t\t<span class=\"post-date\">1. apr 2026<\/span>\n\n\t\t\t\t\t\t\t\t\t\t\t\t\t\t\t\t\t<\/div>\n\t\t\t\t\t\t\t\t\t\t\t<\/div>\n\n\t\t\t\t<div class=\"teft-card__primary\">\n\t\t\t\t\t<h2 class=\"teft-card__title\">Varsler knallharde forhandlinger&nbsp;<span class=\"teft-card__primary-title-append\"><\/span><\/h2>\t\t\t\t<\/div>\n\t\t\t<\/div>\n\t\t<\/a>\n\t<\/div>\n\n\t<!-- From network 1 128--><!-- From card class --><\/div>\t\t\t<div class=\"teft-cards-item has-6-columns  is-card-hoyre\">\n\t<div class=\"teft-card hoyre-teft-card post-teft-card\">\n\t\t<a href=\"https:\/\/hoyre.no\/2026\/03\/27\/1000-barn-pa-sykehus-hvert-ar-na-tar-hoyre-grep\/\" class=\"teft-card__primary-action\">\n\n\t\t\t\t\t<div class=\"teft-card__media teft-card__media--16-9\">\n\t\t\t<span class=\"sticker\">Nasjonal<\/span>\t\t\t<img loading=\"lazy\" decoding=\"async\" width=\"768\" height=\"629\" src=\"https:\/\/hoyre.no\/content\/uploads\/2026\/03\/631349645_1501314168669416_8240977278426584374_n-768x629.jpg\" class=\"attachment-medium_large size-medium_large\" alt=\"Svardal B\u00f8e\" \/>\t\t<\/div>\n\t\t\n\t\t\t<div class=\"teft-card__content-wrapper\">\n\t\t\t\t<div class=\"teft-card__secondary\">\n\t\t\t\t\t\n\t\t\t\t\t\t\t\t<div class=\"teft-card__meta\">\n\t\t\t\t\t\t\t\t\t<span class=\"post-date\">27. mar 2026<\/span>\n\n\t\t\t\t\t\t\t\t\t\t\t\t\t\t\t\t\t<\/div>\n\t\t\t\t\t\t\t\t\t\t\t<\/div>\n\n\t\t\t\t<div class=\"teft-card__primary\">\n\t\t\t\t\t<h2 class=\"teft-card__title\">Krever en mer offensiv vaksinepolitikk&nbsp;<span class=\"teft-card__primary-title-append\"><\/span><\/h2>\t\t\t\t<\/div>\n\t\t\t<\/div>\n\t\t<\/a>\n\t<\/div>\n\n\t<!-- From network 1 128--><!-- From card class --><\/div>\t\t\t<div class=\"teft-cards-item has-6-columns  is-card-hoyre\">\n\t<div class=\"teft-card hoyre-teft-card post-teft-card\">\n\t\t<a href=\"https:\/\/hoyre.no\/2026\/03\/26\/strakstiltak-fra-hoyre-kutt-som-monner\/\" class=\"teft-card__primary-action\">\n\n\t\t\t\t\t<div class=\"teft-card__media teft-card__media--16-9\">\n\t\t\t<span class=\"sticker\">Nasjonal<\/span>\t\t\t<img loading=\"lazy\" decoding=\"async\" width=\"768\" height=\"554\" src=\"https:\/\/hoyre.no\/content\/uploads\/2026\/03\/Skjermbilde-2026-03-27-kl.-15.27.09-768x554.png\" class=\"attachment-medium_large size-medium_large\" alt=\"Ine\" \/>\t\t<\/div>\n\t\t\n\t\t\t<div class=\"teft-card__content-wrapper\">\n\t\t\t\t<div class=\"teft-card__secondary\">\n\t\t\t\t\t\n\t\t\t\t\t\t\t\t<div class=\"teft-card__meta\">\n\t\t\t\t\t\t\t\t\t<span class=\"post-date\">27. mar 2026<\/span>\n\n\t\t\t\t\t\t\t\t\t\t\t\t\t\t\t\t\t<\/div>\n\t\t\t\t\t\t\t\t\t\t\t<\/div>\n\n\t\t\t\t<div class=\"teft-card__primary\">\n\t\t\t\t\t<h2 class=\"teft-card__title\">\u2013 N\u00f8dvendig strakstiltak&nbsp;<span class=\"teft-card__primary-title-append\"><\/span><\/h2>\t\t\t\t<\/div>\n\t\t\t<\/div>\n\t\t<\/a>\n\t<\/div>\n\n\t<!-- From network 1 128--><!-- From card class --><\/div>\t\t\t<div class=\"teft-cards-item has-4-columns is-card-hoyre\">\n\t<div class=\"teft-card hoyre-teft-card post-teft-card\">\n\t\t<a href=\"https:\/\/hoyre.no\/2026\/03\/26\/barndommen-gar-ikke-i-reprise\/\" class=\"teft-card__primary-action\">\n\n\t\t\t\t\t<div class=\"teft-card__media teft-card__media--16-9\">\n\t\t\t<span class=\"sticker\">Nasjonal<\/span>\t\t\t<img loading=\"lazy\" decoding=\"async\" width=\"768\" height=\"512\" src=\"https:\/\/hoyre.no\/content\/uploads\/2026\/03\/Tone-Willhelmsen-Troen-foto-Hans-Kristian-Thorbjornsen-2913-768x512.jpg\" class=\"attachment-medium_large size-medium_large\" alt=\"Tone\" \/>\t\t<\/div>\n\t\t\n\t\t\t<div class=\"teft-card__content-wrapper\">\n\t\t\t\t<div class=\"teft-card__secondary\">\n\t\t\t\t\t\n\t\t\t\t\t\t\t\t<div class=\"teft-card__meta\">\n\t\t\t\t\t\t\t\t\t<span class=\"post-date\">26. mar 2026<\/span>\n\n\t\t\t\t\t\t\t\t\t\t\t\t\t\t\t\t\t<\/div>\n\t\t\t\t\t\t\t\t\t\t\t<\/div>\n\n\t\t\t\t<div class=\"teft-card__primary\">\n\t\t\t\t\t<h2 class=\"teft-card__title\">&#8211; Barndommen g\u00e5r ikke i reprise&nbsp;<span class=\"teft-card__primary-title-append\"><\/span><\/h2>\t\t\t\t<\/div>\n\t\t\t<\/div>\n\t\t<\/a>\n\t<\/div>\n\n\t<!-- From network 1 128--><!-- From card class --><\/div>\t\t\t<div class=\"teft-cards-item has-4-columns is-card-hoyre\">\n\t<div class=\"teft-card hoyre-teft-card post-teft-card\">\n\t\t<a href=\"https:\/\/hoyre.no\/2026\/03\/26\/ap-loper-fra-egne-lofter\/\" class=\"teft-card__primary-action\">\n\n\t\t\t\t\t<div class=\"teft-card__media teft-card__media--16-9\">\n\t\t\t<span class=\"sticker\">Nasjonal<\/span>\t\t\t<img loading=\"lazy\" decoding=\"async\" width=\"768\" height=\"512\" src=\"https:\/\/hoyre.no\/content\/uploads\/2026\/03\/HLM25-foto-Nikolai-Langdeldt-Carlsen-6515-768x512.jpg\" class=\"attachment-medium_large size-medium_large\" alt=\"Ola\" \/>\t\t<\/div>\n\t\t\n\t\t\t<div class=\"teft-card__content-wrapper\">\n\t\t\t\t<div class=\"teft-card__secondary\">\n\t\t\t\t\t\n\t\t\t\t\t\t\t\t<div class=\"teft-card__meta\">\n\t\t\t\t\t\t\t\t\t<span class=\"post-date\">26. mar 2026<\/span>\n\n\t\t\t\t\t\t\t\t\t\t\t\t\t\t\t\t\t<\/div>\n\t\t\t\t\t\t\t\t\t\t\t<\/div>\n\n\t\t\t\t<div class=\"teft-card__primary\">\n\t\t\t\t\t<h2 class=\"teft-card__title\">&#8211; Ap l\u00f8per fra sine egne l\u00f8fter&nbsp;<span class=\"teft-card__primary-title-append\"><\/span><\/h2>\t\t\t\t<\/div>\n\t\t\t<\/div>\n\t\t<\/a>\n\t<\/div>\n\n\t<!-- From network 1 128--><!-- From card class --><\/div>\t\t\t<div class=\"teft-cards-item has-4-columns is-card-hoyre\">\n\t<div class=\"teft-card hoyre-teft-card post-teft-card\">\n\t\t<a href=\"https:\/\/hoyre.no\/2026\/03\/25\/vi-skriver-ikke-ut-blanke-sjekker\/\" class=\"teft-card__primary-action\">\n\n\t\t\t\t\t<div class=\"teft-card__media teft-card__media--16-9\">\n\t\t\t<span class=\"sticker\">Nasjonal<\/span>\t\t\t<img loading=\"lazy\" decoding=\"async\" width=\"768\" height=\"576\" src=\"https:\/\/hoyre.no\/content\/uploads\/2026\/03\/photo-collage.png-768x576.png\" class=\"attachment-medium_large size-medium_large\" alt=\"Stokkeb\u00f8 og Astrup\" \/>\t\t<\/div>\n\t\t\n\t\t\t<div class=\"teft-card__content-wrapper\">\n\t\t\t\t<div class=\"teft-card__secondary\">\n\t\t\t\t\t\n\t\t\t\t\t\t\t\t<div class=\"teft-card__meta\">\n\t\t\t\t\t\t\t\t\t<span class=\"post-date\">26. mar 2026<\/span>\n\n\t\t\t\t\t\t\t\t\t\t\t\t\t\t\t\t\t<\/div>\n\t\t\t\t\t\t\t\t\t\t\t<\/div>\n\n\t\t\t\t<div class=\"teft-card__primary\">\n\t\t\t\t\t<h2 class=\"teft-card__title\">\u2013 Vi skriver ikke ut blanke sjekker&nbsp;<span class=\"teft-card__primary-title-append\"><\/span><\/h2>\t\t\t\t<\/div>\n\t\t\t<\/div>\n\t\t<\/a>\n\t<\/div>\n\n\t<!-- From network 1 128--><!-- From card class --><\/div>\t\t\t\t\t<\/div>\n\t<\/div>\n<\/section>\n\n\n\n\n\n\n\n\n\n\n<div class=\"wp-block-media-text alignwide is-stacked-on-mobile is-image-fill\"><figure class=\"wp-block-media-text__media\"><\/figure><div class=\"wp-block-media-text__content\">\n<p><\/p>\n<\/div><\/div>\n","protected":false},"excerpt":{"rendered":"","protected":false},"author":1,"featured_media":0,"parent":0,"menu_order":0,"comment_status":"closed","ping_status":"closed","template":"","meta":{"teft_cards_image_url":"","teft_cards_custom_pretitle":"","teft_cards_image_id":133,"teft_cards_image_focal_point_x":0.5,"teft_cards_image_focal_point_y":0.5,"teft_cards_title":"","teft_cards_excerpt":"","teft_show_chapters":false,"footnotes":""},"class_list":["post-3","page","type-page","status-publish","hentry"],"yoast_head":"<!-- This site is optimized with the Yoast SEO plugin v26.6 - https:\/\/yoast.com\/wordpress\/plugins\/seo\/ -->\n<title>Forsiden - Rana H\u00f8yre<\/title>\n<meta name=\"robots\" content=\"index, follow, max-snippet:-1, max-image-preview:large, max-video-preview:-1\" \/>\n<link rel=\"canonical\" href=\"https:\/\/hoyre.no\/rana\/\" \/>\n<meta property=\"og:locale\" content=\"nb_NO\" \/>\n<meta property=\"og:type\" content=\"article\" \/>\n<meta property=\"og:title\" content=\"Forsiden - Rana H\u00f8yre\" \/>\n<meta property=\"og:url\" content=\"https:\/\/hoyre.no\/rana\/\" \/>\n<meta property=\"og:site_name\" content=\"Rana H\u00f8yre\" \/>\n<meta property=\"article:modified_time\" content=\"2025-01-24T15:05:37+00:00\" \/>\n<meta property=\"og:image\" content=\"https:\/\/hoyre.no\/content\/uploads\/sites\/128\/2023\/06\/RanaHF-1024x683.jpg\" \/>\n<meta name=\"twitter:card\" content=\"summary_large_image\" \/>\n<meta name=\"twitter:label1\" content=\"Ansl. lesetid\" \/>\n\t<meta name=\"twitter:data1\" content=\"1 minutt\" \/>\n<script type=\"application\/ld+json\" class=\"yoast-schema-graph\">{\"@context\":\"https:\/\/schema.org\",\"@graph\":[{\"@type\":\"WebPage\",\"@id\":\"https:\/\/hoyre.no\/rana\/\",\"url\":\"https:\/\/hoyre.no\/rana\/\",\"name\":\"Forsiden - Rana H\u00f8yre\",\"isPartOf\":{\"@id\":\"https:\/\/hoyre.no\/rana\/#website\"},\"image\":{\"@id\":\"https:\/\/hoyre.no\/rana\/#primaryimage\"},\"thumbnailUrl\":\"https:\/\/hoyre.no\/content\/uploads\/sites\/128\/2023\/06\/AdobeStock_520013996-1024x768.jpeg\",\"datePublished\":\"2020-11-12T09:12:19+00:00\",\"dateModified\":\"2025-01-24T15:05:37+00:00\",\"breadcrumb\":{\"@id\":\"https:\/\/hoyre.no\/rana\/#breadcrumb\"},\"inLanguage\":\"nb-NO\",\"potentialAction\":[{\"@type\":\"ReadAction\",\"target\":[\"https:\/\/hoyre.no\/rana\/\"]}]},{\"@type\":\"ImageObject\",\"inLanguage\":\"nb-NO\",\"@id\":\"https:\/\/hoyre.no\/rana\/#primaryimage\",\"url\":\"https:\/\/hoyre.no\/content\/uploads\/sites\/128\/2023\/06\/AdobeStock_520013996-1024x768.jpeg\",\"contentUrl\":\"https:\/\/hoyre.no\/content\/uploads\/sites\/128\/2023\/06\/AdobeStock_520013996-1024x768.jpeg\"},{\"@type\":\"BreadcrumbList\",\"@id\":\"https:\/\/hoyre.no\/rana\/#breadcrumb\",\"itemListElement\":[{\"@type\":\"ListItem\",\"position\":1,\"name\":\"Til hoyre.no\",\"item\":\"https:\/\/hoyre.no\"},{\"@type\":\"ListItem\",\"position\":2,\"name\":\"Hjem\",\"item\":\"https:\/\/hoyre.no\/rana\/\"},{\"@type\":\"ListItem\",\"position\":3,\"name\":\"Forsiden\"}]},{\"@type\":\"WebSite\",\"@id\":\"https:\/\/hoyre.no\/rana\/#website\",\"url\":\"https:\/\/hoyre.no\/rana\/\",\"name\":\"Rana H\u00f8yre\",\"description\":\"Bare enda et H\u00f8yres nettsteder-nettsted\",\"inLanguage\":\"nb-NO\"}]}<\/script>\n<!-- \/ Yoast SEO plugin. -->","yoast_head_json":{"title":"Forsiden - Rana H\u00f8yre","robots":{"index":"index","follow":"follow","max-snippet":"max-snippet:-1","max-image-preview":"max-image-preview:large","max-video-preview":"max-video-preview:-1"},"canonical":"https:\/\/hoyre.no\/rana\/","og_locale":"nb_NO","og_type":"article","og_title":"Forsiden - Rana H\u00f8yre","og_url":"https:\/\/hoyre.no\/rana\/","og_site_name":"Rana H\u00f8yre","article_modified_time":"2025-01-24T15:05:37+00:00","og_image":[{"url":"https:\/\/hoyre.no\/content\/uploads\/sites\/128\/2023\/06\/RanaHF-1024x683.jpg","width":"","height":"","type":""}],"twitter_card":"summary_large_image","twitter_misc":{"Ansl. lesetid":"1 minutt"},"schema":{"@context":"https:\/\/schema.org","@graph":[{"@type":"WebPage","@id":"https:\/\/hoyre.no\/rana\/","url":"https:\/\/hoyre.no\/rana\/","name":"Forsiden - Rana H\u00f8yre","isPartOf":{"@id":"https:\/\/hoyre.no\/rana\/#website"},"image":{"@id":"https:\/\/hoyre.no\/rana\/#primaryimage"},"thumbnailUrl":"https:\/\/hoyre.no\/content\/uploads\/sites\/128\/2023\/06\/AdobeStock_520013996-1024x768.jpeg","datePublished":"2020-11-12T09:12:19+00:00","dateModified":"2025-01-24T15:05:37+00:00","breadcrumb":{"@id":"https:\/\/hoyre.no\/rana\/#breadcrumb"},"inLanguage":"nb-NO","potentialAction":[{"@type":"ReadAction","target":["https:\/\/hoyre.no\/rana\/"]}]},{"@type":"ImageObject","inLanguage":"nb-NO","@id":"https:\/\/hoyre.no\/rana\/#primaryimage","url":"https:\/\/hoyre.no\/content\/uploads\/sites\/128\/2023\/06\/AdobeStock_520013996-1024x768.jpeg","contentUrl":"https:\/\/hoyre.no\/content\/uploads\/sites\/128\/2023\/06\/AdobeStock_520013996-1024x768.jpeg"},{"@type":"BreadcrumbList","@id":"https:\/\/hoyre.no\/rana\/#breadcrumb","itemListElement":[{"@type":"ListItem","position":1,"name":"Til hoyre.no","item":"https:\/\/hoyre.no"},{"@type":"ListItem","position":2,"name":"Hjem","item":"https:\/\/hoyre.no\/rana\/"},{"@type":"ListItem","position":3,"name":"Forsiden"}]},{"@type":"WebSite","@id":"https:\/\/hoyre.no\/rana\/#website","url":"https:\/\/hoyre.no\/rana\/","name":"Rana H\u00f8yre","description":"Bare enda et H\u00f8yres nettsteder-nettsted","inLanguage":"nb-NO"}]}},"distributor_meta":false,"distributor_terms":false,"distributor_media":false,"distributor_original_site_name":"Rana H\u00f8yre","distributor_original_site_url":"https:\/\/hoyre.no\/rana","push-errors":false,"_links":{"self":[{"href":"https:\/\/hoyre.no\/rana\/wp-json\/wp\/v2\/pages\/3","targetHints":{"allow":["GET"]}}],"collection":[{"href":"https:\/\/hoyre.no\/rana\/wp-json\/wp\/v2\/pages"}],"about":[{"href":"https:\/\/hoyre.no\/rana\/wp-json\/wp\/v2\/types\/page"}],"author":[{"embeddable":true,"href":"https:\/\/hoyre.no\/rana\/wp-json\/wp\/v2\/users\/1"}],"replies":[{"embeddable":true,"href":"https:\/\/hoyre.no\/rana\/wp-json\/wp\/v2\/comments?post=3"}],"version-history":[{"count":12,"href":"https:\/\/hoyre.no\/rana\/wp-json\/wp\/v2\/pages\/3\/revisions"}],"predecessor-version":[{"id":171,"href":"https:\/\/hoyre.no\/rana\/wp-json\/wp\/v2\/pages\/3\/revisions\/171"}],"wp:attachment":[{"href":"https:\/\/hoyre.no\/rana\/wp-json\/wp\/v2\/media?parent=3"}],"curies":[{"name":"wp","href":"https:\/\/api.w.org\/{rel}","templated":true}]}}