{"id":81,"date":"2023-05-29T20:39:58","date_gmt":"2023-05-29T18:39:58","guid":{"rendered":"https:\/\/hoyre.no\/randaberg\/?page_id=81"},"modified":"2025-01-28T12:59:15","modified_gmt":"2025-01-28T11:59:15","slug":"seks-grunner-til-a-stemme-randaberg-hoyre","status":"publish","type":"page","link":"https:\/\/hoyre.no\/randaberg\/politikk\/seks-grunner-til-a-stemme-randaberg-hoyre\/","title":{"rendered":"Seks grunner til \u00e5 stemme Randaberg H\u00f8yre"},"content":{"rendered":"\n<div class=\"wp-block-hoyre-hero with-image-gradient text-color-light  has-media alignfull has-background\"><div class=\"hoyre-hero has-image\"><h1 class=\"title\">Tre grunner til \u00e5 stemme Randaberg H\u00f8yre<\/h1><figure class=\"hoyre-image-wrapper\"><div class=\"hoyre-image\"><img loading=\"lazy\" decoding=\"async\" width=\"2048\" height=\"1365\" src=\"https:\/\/hoyre.no\/content\/uploads\/sites\/216\/2023\/05\/fyr.jpg\" class=\"attachment-scaled size-scaled\" alt=\"\" style=\"object-position: 50% 50%\" srcset=\"https:\/\/hoyre.no\/content\/uploads\/sites\/216\/2023\/05\/fyr.jpg 2048w, https:\/\/hoyre.no\/content\/uploads\/sites\/216\/2023\/05\/fyr-300x200.jpg 300w, https:\/\/hoyre.no\/content\/uploads\/sites\/216\/2023\/05\/fyr-1024x683.jpg 1024w, https:\/\/hoyre.no\/content\/uploads\/sites\/216\/2023\/05\/fyr-768x512.jpg 768w, https:\/\/hoyre.no\/content\/uploads\/sites\/216\/2023\/05\/fyr-1536x1024.jpg 1536w\" sizes=\"auto, (max-width: 2048px) 100vw, 2048px\" \/><\/div><\/figure><\/div><\/div>\n\n\n\n\n<div class=\"wp-block-hoyre-banner alignwide undefined\"><div class=\"banner-inner\"><figure class=\"hoyre-image-wrapper\"><div class=\"hoyre-image\"><img loading=\"lazy\" decoding=\"async\" width=\"843\" height=\"1265\" src=\"https:\/\/hoyre.no\/content\/uploads\/sites\/216\/2022\/09\/Renate.jpg\" class=\"attachment-scaled size-scaled\" alt=\"\" style=\"object-position: 50% 50%\" srcset=\"https:\/\/hoyre.no\/content\/uploads\/sites\/216\/2022\/09\/Renate.jpg 843w, https:\/\/hoyre.no\/content\/uploads\/sites\/216\/2022\/09\/Renate-200x300.jpg 200w, https:\/\/hoyre.no\/content\/uploads\/sites\/216\/2022\/09\/Renate-682x1024.jpg 682w, https:\/\/hoyre.no\/content\/uploads\/sites\/216\/2022\/09\/Renate-768x1152.jpg 768w\" sizes=\"auto, (max-width: 843px) 100vw, 843px\" \/><\/div><\/figure><div class=\"banner-content\"><div class=\"entry-content\">\n<h2 class=\"wp-block-heading\"><\/h2>\n\n\n\n<p>Randaberg H\u00f8yre er glad i og vil videreutvikle den gr\u00f8nne landsbyen v\u00e5r til et sted alle \u00f8nsker \u00e5 bo og leve, uansett alder. Randaberg skal v\u00e6re en kommune hvor den enkelte innbygger skal st\u00e5 i sentrum, og hvor vi forbedrer innbyggernes tjenester og milj\u00f8.<\/p>\n\n\n\n<p><em>Renate Kolnes, varaordf\u00f8rer<\/em><\/p>\n\n\n\n<div class=\"wp-block-buttons is-layout-flex wp-block-buttons-is-layout-flex\"><\/div>\n<\/div><\/div><\/div><\/div>\n\n\n\n<div class=\"wp-block-media-text is-stacked-on-mobile is-image-fill alignwide\"><figure class=\"wp-block-media-text__media\" style=\"background-image:url('https:\/\/hoyre.no\/content\/uploads\/sites\/216\/2023\/05\/eldre-1024x683.jpg');background-position:50% 50%\"><img loading=\"lazy\" decoding=\"async\" width=\"1024\" height=\"683\" src=\"https:\/\/hoyre.no\/content\/uploads\/sites\/216\/2023\/05\/eldre-1024x683.jpg\" alt=\"\" class=\"wp-image-106 size-full\" srcset=\"https:\/\/hoyre.no\/content\/uploads\/sites\/216\/2023\/05\/eldre-1024x683.jpg 1024w, https:\/\/hoyre.no\/content\/uploads\/sites\/216\/2023\/05\/eldre-300x200.jpg 300w, https:\/\/hoyre.no\/content\/uploads\/sites\/216\/2023\/05\/eldre-768x512.jpg 768w, https:\/\/hoyre.no\/content\/uploads\/sites\/216\/2023\/05\/eldre-1536x1024.jpg 1536w, https:\/\/hoyre.no\/content\/uploads\/sites\/216\/2023\/05\/eldre-2048x1365.jpg 2048w\" sizes=\"auto, (max-width: 1024px) 100vw, 1024px\" \/><\/figure><div class=\"wp-block-media-text__content\">\n<h2 class=\"wp-block-heading\">1. Et aldersvennlig Randaberg<\/h2>\n\n\n\n<p>Vi blir stadig flere eldre i kommunen. Det blir utfordrende \u00e5 dekke behovet i fremtiden, men vi m\u00e5 ogs\u00e5 se mulighetene som ligger i denne utviklingen. Eldre mennesker er en ressurs for samfunnet, og med bedre teknologi, tilgjengelighet og medisiner, kan vi skape en mer aldersvennlig gr\u00f8nn landsby.<\/p>\n<\/div><\/div>\n\n\n\n<div class=\"wp-block-media-text is-stacked-on-mobile is-image-fill alignwide\"><figure class=\"wp-block-media-text__media\" style=\"background-image:url('https:\/\/hoyre.no\/content\/uploads\/sites\/216\/2023\/05\/fyr-2-1024x683.jpg');background-position:50% 50%\"><img loading=\"lazy\" decoding=\"async\" width=\"1024\" height=\"683\" src=\"https:\/\/hoyre.no\/content\/uploads\/sites\/216\/2023\/05\/fyr-2-1024x683.jpg\" alt=\"\" class=\"wp-image-105 size-full\" srcset=\"https:\/\/hoyre.no\/content\/uploads\/sites\/216\/2023\/05\/fyr-2-1024x683.jpg 1024w, https:\/\/hoyre.no\/content\/uploads\/sites\/216\/2023\/05\/fyr-2-300x200.jpg 300w, https:\/\/hoyre.no\/content\/uploads\/sites\/216\/2023\/05\/fyr-2-768x512.jpg 768w, https:\/\/hoyre.no\/content\/uploads\/sites\/216\/2023\/05\/fyr-2-1536x1024.jpg 1536w, https:\/\/hoyre.no\/content\/uploads\/sites\/216\/2023\/05\/fyr-2.jpg 2048w\" sizes=\"auto, (max-width: 1024px) 100vw, 1024px\" \/><\/figure><div class=\"wp-block-media-text__content\">\n<h2 class=\"wp-block-heading\">2. En effektiv og god kommune\u00a0<\/h2>\n\n\n\n<p>H\u00f8y gjeld er en av de st\u00f8rste utfordringene kommunen v\u00e5r st\u00e5r foran. Gjeldsgraden kan ikke g\u00e5 p\u00e5 bekostning av tjenestetilbudet til innbyggerne. Randaberg skal v\u00e6re en effektiv, \u00e5pen og serviceinnstilt kommune som tilpasser seg den enkeltes behov. God \u00f8konomisk styring m\u00e5 v\u00e6re i sentrum for \u00e5 styrke kommunens ressurser, og bygge opp under tjenestetilbudet.<\/p>\n<\/div><\/div>\n\n\n\n<div class=\"wp-block-media-text is-stacked-on-mobile is-image-fill alignwide\"><figure class=\"wp-block-media-text__media\" style=\"background-image:url('https:\/\/hoyre.no\/content\/uploads\/sites\/216\/2023\/05\/bolig-1-1024x683.jpg');background-position:50% 50%\"><img loading=\"lazy\" decoding=\"async\" width=\"1024\" height=\"683\" src=\"https:\/\/hoyre.no\/content\/uploads\/sites\/216\/2023\/05\/bolig-1-1024x683.jpg\" alt=\"\" class=\"wp-image-115 size-full\" srcset=\"https:\/\/hoyre.no\/content\/uploads\/sites\/216\/2023\/05\/bolig-1-1024x683.jpg 1024w, https:\/\/hoyre.no\/content\/uploads\/sites\/216\/2023\/05\/bolig-1-300x200.jpg 300w, https:\/\/hoyre.no\/content\/uploads\/sites\/216\/2023\/05\/bolig-1-768x513.jpg 768w, https:\/\/hoyre.no\/content\/uploads\/sites\/216\/2023\/05\/bolig-1-1536x1025.jpg 1536w, https:\/\/hoyre.no\/content\/uploads\/sites\/216\/2023\/05\/bolig-1-2048x1367.jpg 2048w\" sizes=\"auto, (max-width: 1024px) 100vw, 1024px\" \/><\/figure><div class=\"wp-block-media-text__content\">\n<h2 class=\"wp-block-heading\">3. En attraktiv kommune \u00e5 bo i<\/h2>\n\n\n\n<p>Randaberg vokser. Vi er heldige som har en kommune hvor flere og flere velger \u00e5 bosette seg. For \u00e5 fortsette samt \u00f8ke denne trenden m\u00e5 vi fortsette \u00e5 arbeide for \u00e5 f\u00e5 en enda mer attraktiv kommune. Vi m\u00e5 ha et konkurransedyktig skatte- og avgiftsniv\u00e5, et variert boligtilbud, og videreutvikle hele kommunen for \u00e5 tiltrekke flere tilflyttere.<\/p>\n<\/div><\/div>\n\n","protected":false},"excerpt":{"rendered":"","protected":false},"author":11399,"featured_media":0,"parent":5,"menu_order":0,"comment_status":"closed","ping_status":"closed","template":"","meta":{"teft_cards_image_url":"","teft_cards_custom_pretitle":"","teft_cards_image_id":0,"teft_cards_image_focal_point_x":0,"teft_cards_image_focal_point_y":0,"teft_cards_title":"","teft_cards_excerpt":"","teft_show_chapters":false,"footnotes":""},"class_list":["post-81","page","type-page","status-publish","hentry"],"yoast_head":"<!-- This site is optimized with the Yoast SEO plugin v26.6 - https:\/\/yoast.com\/wordpress\/plugins\/seo\/ -->\n<title>Seks grunner til \u00e5 stemme Randaberg H\u00f8yre - Randaberg H\u00f8yre<\/title>\n<meta name=\"description\" content=\"Vi gir deg tre gode grunner til \u00e5 stemme H\u00f8yre i Randaberg kommune.\" \/>\n<meta name=\"robots\" content=\"index, follow, max-snippet:-1, max-image-preview:large, max-video-preview:-1\" \/>\n<link rel=\"canonical\" href=\"https:\/\/hoyre.no\/randaberg\/politikk\/seks-grunner-til-a-stemme-randaberg-hoyre\/\" \/>\n<meta property=\"og:locale\" content=\"nb_NO\" \/>\n<meta property=\"og:type\" content=\"article\" \/>\n<meta property=\"og:title\" content=\"Seks grunner til \u00e5 stemme Randaberg H\u00f8yre - Randaberg H\u00f8yre\" \/>\n<meta property=\"og:description\" content=\"Vi gir deg tre gode grunner til \u00e5 stemme H\u00f8yre i Randaberg kommune.\" \/>\n<meta property=\"og:url\" content=\"https:\/\/hoyre.no\/randaberg\/politikk\/seks-grunner-til-a-stemme-randaberg-hoyre\/\" \/>\n<meta property=\"og:site_name\" content=\"Randaberg H\u00f8yre\" \/>\n<meta property=\"article:modified_time\" content=\"2025-01-28T11:59:15+00:00\" \/>\n<meta property=\"og:image\" content=\"https:\/\/hoyre.no\/content\/uploads\/sites\/216\/2023\/05\/eldre-1024x683.jpg\" \/>\n<meta name=\"twitter:card\" content=\"summary_large_image\" \/>\n<meta name=\"twitter:label1\" content=\"Ansl. lesetid\" \/>\n\t<meta name=\"twitter:data1\" content=\"2 minutter\" \/>\n<script type=\"application\/ld+json\" class=\"yoast-schema-graph\">{\"@context\":\"https:\/\/schema.org\",\"@graph\":[{\"@type\":\"WebPage\",\"@id\":\"https:\/\/hoyre.no\/randaberg\/politikk\/seks-grunner-til-a-stemme-randaberg-hoyre\/\",\"url\":\"https:\/\/hoyre.no\/randaberg\/politikk\/seks-grunner-til-a-stemme-randaberg-hoyre\/\",\"name\":\"Seks grunner til \u00e5 stemme Randaberg H\u00f8yre - Randaberg H\u00f8yre\",\"isPartOf\":{\"@id\":\"https:\/\/hoyre.no\/randaberg\/#website\"},\"image\":{\"@id\":\"https:\/\/hoyre.no\/randaberg\/politikk\/seks-grunner-til-a-stemme-randaberg-hoyre\/#primaryimage\"},\"thumbnailUrl\":\"https:\/\/hoyre.no\/content\/uploads\/sites\/216\/2023\/05\/eldre-1024x683.jpg\",\"datePublished\":\"2023-05-29T18:39:58+00:00\",\"dateModified\":\"2025-01-28T11:59:15+00:00\",\"description\":\"Vi gir deg tre gode grunner til \u00e5 stemme H\u00f8yre i Randaberg kommune.\",\"breadcrumb\":{\"@id\":\"https:\/\/hoyre.no\/randaberg\/politikk\/seks-grunner-til-a-stemme-randaberg-hoyre\/#breadcrumb\"},\"inLanguage\":\"nb-NO\",\"potentialAction\":[{\"@type\":\"ReadAction\",\"target\":[\"https:\/\/hoyre.no\/randaberg\/politikk\/seks-grunner-til-a-stemme-randaberg-hoyre\/\"]}]},{\"@type\":\"ImageObject\",\"inLanguage\":\"nb-NO\",\"@id\":\"https:\/\/hoyre.no\/randaberg\/politikk\/seks-grunner-til-a-stemme-randaberg-hoyre\/#primaryimage\",\"url\":\"https:\/\/hoyre.no\/content\/uploads\/sites\/216\/2023\/05\/eldre-1024x683.jpg\",\"contentUrl\":\"https:\/\/hoyre.no\/content\/uploads\/sites\/216\/2023\/05\/eldre-1024x683.jpg\"},{\"@type\":\"BreadcrumbList\",\"@id\":\"https:\/\/hoyre.no\/randaberg\/politikk\/seks-grunner-til-a-stemme-randaberg-hoyre\/#breadcrumb\",\"itemListElement\":[{\"@type\":\"ListItem\",\"position\":1,\"name\":\"Til hoyre.no\",\"item\":\"https:\/\/hoyre.no\"},{\"@type\":\"ListItem\",\"position\":2,\"name\":\"Hjem\",\"item\":\"https:\/\/hoyre.no\/randaberg\/\"},{\"@type\":\"ListItem\",\"position\":3,\"name\":\"Politikk\",\"item\":\"https:\/\/hoyre.no\/randaberg\/politikk\/\"},{\"@type\":\"ListItem\",\"position\":4,\"name\":\"Seks grunner til \u00e5 stemme Randaberg H\u00f8yre\"}]},{\"@type\":\"WebSite\",\"@id\":\"https:\/\/hoyre.no\/randaberg\/#website\",\"url\":\"https:\/\/hoyre.no\/randaberg\/\",\"name\":\"Randaberg H\u00f8yre\",\"description\":\"Bare enda et H\u00f8yres nettsteder-nettsted\",\"inLanguage\":\"nb-NO\"}]}<\/script>\n<!-- \/ Yoast SEO plugin. -->","yoast_head_json":{"title":"Seks grunner til \u00e5 stemme Randaberg H\u00f8yre - Randaberg H\u00f8yre","description":"Vi gir deg tre gode grunner til \u00e5 stemme H\u00f8yre i Randaberg kommune.","robots":{"index":"index","follow":"follow","max-snippet":"max-snippet:-1","max-image-preview":"max-image-preview:large","max-video-preview":"max-video-preview:-1"},"canonical":"https:\/\/hoyre.no\/randaberg\/politikk\/seks-grunner-til-a-stemme-randaberg-hoyre\/","og_locale":"nb_NO","og_type":"article","og_title":"Seks grunner til \u00e5 stemme Randaberg H\u00f8yre - Randaberg H\u00f8yre","og_description":"Vi gir deg tre gode grunner til \u00e5 stemme H\u00f8yre i Randaberg kommune.","og_url":"https:\/\/hoyre.no\/randaberg\/politikk\/seks-grunner-til-a-stemme-randaberg-hoyre\/","og_site_name":"Randaberg H\u00f8yre","article_modified_time":"2025-01-28T11:59:15+00:00","og_image":[{"url":"https:\/\/hoyre.no\/content\/uploads\/sites\/216\/2023\/05\/eldre-1024x683.jpg","type":"","width":"","height":""}],"twitter_card":"summary_large_image","twitter_misc":{"Ansl. lesetid":"2 minutter"},"schema":{"@context":"https:\/\/schema.org","@graph":[{"@type":"WebPage","@id":"https:\/\/hoyre.no\/randaberg\/politikk\/seks-grunner-til-a-stemme-randaberg-hoyre\/","url":"https:\/\/hoyre.no\/randaberg\/politikk\/seks-grunner-til-a-stemme-randaberg-hoyre\/","name":"Seks grunner til \u00e5 stemme Randaberg H\u00f8yre - Randaberg H\u00f8yre","isPartOf":{"@id":"https:\/\/hoyre.no\/randaberg\/#website"},"image":{"@id":"https:\/\/hoyre.no\/randaberg\/politikk\/seks-grunner-til-a-stemme-randaberg-hoyre\/#primaryimage"},"thumbnailUrl":"https:\/\/hoyre.no\/content\/uploads\/sites\/216\/2023\/05\/eldre-1024x683.jpg","datePublished":"2023-05-29T18:39:58+00:00","dateModified":"2025-01-28T11:59:15+00:00","description":"Vi gir deg tre gode grunner til \u00e5 stemme H\u00f8yre i Randaberg kommune.","breadcrumb":{"@id":"https:\/\/hoyre.no\/randaberg\/politikk\/seks-grunner-til-a-stemme-randaberg-hoyre\/#breadcrumb"},"inLanguage":"nb-NO","potentialAction":[{"@type":"ReadAction","target":["https:\/\/hoyre.no\/randaberg\/politikk\/seks-grunner-til-a-stemme-randaberg-hoyre\/"]}]},{"@type":"ImageObject","inLanguage":"nb-NO","@id":"https:\/\/hoyre.no\/randaberg\/politikk\/seks-grunner-til-a-stemme-randaberg-hoyre\/#primaryimage","url":"https:\/\/hoyre.no\/content\/uploads\/sites\/216\/2023\/05\/eldre-1024x683.jpg","contentUrl":"https:\/\/hoyre.no\/content\/uploads\/sites\/216\/2023\/05\/eldre-1024x683.jpg"},{"@type":"BreadcrumbList","@id":"https:\/\/hoyre.no\/randaberg\/politikk\/seks-grunner-til-a-stemme-randaberg-hoyre\/#breadcrumb","itemListElement":[{"@type":"ListItem","position":1,"name":"Til hoyre.no","item":"https:\/\/hoyre.no"},{"@type":"ListItem","position":2,"name":"Hjem","item":"https:\/\/hoyre.no\/randaberg\/"},{"@type":"ListItem","position":3,"name":"Politikk","item":"https:\/\/hoyre.no\/randaberg\/politikk\/"},{"@type":"ListItem","position":4,"name":"Seks grunner til \u00e5 stemme Randaberg H\u00f8yre"}]},{"@type":"WebSite","@id":"https:\/\/hoyre.no\/randaberg\/#website","url":"https:\/\/hoyre.no\/randaberg\/","name":"Randaberg H\u00f8yre","description":"Bare enda et H\u00f8yres nettsteder-nettsted","inLanguage":"nb-NO"}]}},"distributor_meta":false,"distributor_terms":false,"distributor_media":false,"distributor_original_site_name":"Randaberg H\u00f8yre","distributor_original_site_url":"https:\/\/hoyre.no\/randaberg","push-errors":false,"_links":{"self":[{"href":"https:\/\/hoyre.no\/randaberg\/wp-json\/wp\/v2\/pages\/81","targetHints":{"allow":["GET"]}}],"collection":[{"href":"https:\/\/hoyre.no\/randaberg\/wp-json\/wp\/v2\/pages"}],"about":[{"href":"https:\/\/hoyre.no\/randaberg\/wp-json\/wp\/v2\/types\/page"}],"author":[{"embeddable":true,"href":"https:\/\/hoyre.no\/randaberg\/wp-json\/wp\/v2\/users\/11399"}],"replies":[{"embeddable":true,"href":"https:\/\/hoyre.no\/randaberg\/wp-json\/wp\/v2\/comments?post=81"}],"version-history":[{"count":14,"href":"https:\/\/hoyre.no\/randaberg\/wp-json\/wp\/v2\/pages\/81\/revisions"}],"predecessor-version":[{"id":149,"href":"https:\/\/hoyre.no\/randaberg\/wp-json\/wp\/v2\/pages\/81\/revisions\/149"}],"up":[{"embeddable":true,"href":"https:\/\/hoyre.no\/randaberg\/wp-json\/wp\/v2\/pages\/5"}],"wp:attachment":[{"href":"https:\/\/hoyre.no\/randaberg\/wp-json\/wp\/v2\/media?parent=81"}],"curies":[{"name":"wp","href":"https:\/\/api.w.org\/{rel}","templated":true}]}}