{"id":423,"date":"2023-05-02T12:46:41","date_gmt":"2023-05-02T10:46:41","guid":{"rendered":"https:\/\/hoyre.no\/ringerike\/?page_id=423"},"modified":"2023-05-06T11:27:50","modified_gmt":"2023-05-06T09:27:50","slug":"politikk","status":"publish","type":"page","link":"https:\/\/hoyre.no\/ringerike\/politikk\/","title":{"rendered":"Politikk"},"content":{"rendered":"\n<div class=\"wp-block-hoyre-hero with-image-gradient text-color-light  has-media alignfull has-background\"><div class=\"hoyre-hero has-image\"><h1 class=\"title\">P\u00e5 lag med Ringerike!<\/h1><p class=\"preamble\">N\u00e5r frivilligheten, n\u00e6ringslivet og offentlig sektor spiller p\u00e5 lag, skapes det gode lokalsamfunn. H\u00f8yre tror p\u00e5 enkeltmenneskets evne og lyst til \u00e5 st\u00e5 p\u00e5 egne ben.<br><br>Det er v\u00e5r oppgave \u00e5 s\u00f8rge for at mennesker kan leve gode liv, uansett utgangspunkt. Vi skaper ikke politikk for kommunen, men for alle som bor der. H\u00f8yre tror p\u00e5 et samfunn som gir muligheter for alle.<\/p>\t\t\t<div class=\"post-meta wp-block teft-byline-wrapper\">\n\t\t\t\t<div class=\"top\">\n\t\t\t\t\t<div class=\"signature\">\n\t\t\t\t\t\t<div class=\"teft-byline\">\n\t\t\t\t\t\t\t\t\t\t\t\t\t\t<div>\n\t\t\t\t\t\t\t\t<h3>H\u00f8yres redaksjon<\/h3>\t\t\t\t\t\t\t\t\n\t\t\t\t\t\t\t\t\t\t\t\t\t\t\t\t\t<span class=\"date\">Sist oppdatert: 6. mai 2023<\/span>\n\t\t\t\t\t\t\t\t\t\t\t\t\t\t\t\t\t\t\t\t\t\t\t\t\t<span class=\"reading-time\" itemprop=\"timeRequired\" content=\"PT2M\"><em>Ca. 2 minutter lesetid<\/em><\/span>\n\t\t\t\t\t\t\t\t\t\t\t\t\t\t\t<\/div>\n\t\t\t\t\t\t<\/div>\n\t\t\t\t\t<\/div>\n\t\t\t\t\t\t<div class=\"sharing\">\n\t\t<a class=\"share-button share-link copy-link\" data-copy=\"https:\/\/hoyre.no\/ringerike\/politikk\/\" target=\"_blank\"><span class=\"screen-reader-text\">Del link<\/span><\/a>\n\t\t<a class=\"share-button share-twitter\" href=\"http:\/\/twitter.com\/share?text=Politikk&#038;url=https:\/\/hoyre.no\/ringerike\/politikk\/&#038;hashtags=Hoyre\" target=\"_blank\"><span class=\"screen-reader-text\">Del p\u00e5 twitter<\/span><\/a>\n\t\t<a class=\"share-button share-facebook\" href=\"https:\/\/www.facebook.com\/sharer\/sharer.php?u=https:\/\/hoyre.no\/ringerike\/politikk\/\" target=\"_blank\"><span class=\"screen-reader-text\">Del p\u00e5 facebook<\/span><\/a>\n\t<\/div>\n\t\t\t\t\t<\/div>\n\t\t\t<\/div>\n\n\t\t\t<figure class=\"hoyre-image-wrapper\"><div class=\"hoyre-image\"><img loading=\"lazy\" decoding=\"async\" width=\"2500\" height=\"1243\" src=\"https:\/\/hoyre.no\/content\/uploads\/sites\/166\/2023\/05\/hoyre_lokal_standard_front-scaled.jpg\" class=\"attachment-scaled size-scaled\" alt=\"\" style=\"object-position: 50% 50%\" srcset=\"https:\/\/hoyre.no\/content\/uploads\/sites\/166\/2023\/05\/hoyre_lokal_standard_front-scaled.jpg 2500w, https:\/\/hoyre.no\/content\/uploads\/sites\/166\/2023\/05\/hoyre_lokal_standard_front-300x149.jpg 300w, https:\/\/hoyre.no\/content\/uploads\/sites\/166\/2023\/05\/hoyre_lokal_standard_front-1024x509.jpg 1024w, https:\/\/hoyre.no\/content\/uploads\/sites\/166\/2023\/05\/hoyre_lokal_standard_front-768x382.jpg 768w, https:\/\/hoyre.no\/content\/uploads\/sites\/166\/2023\/05\/hoyre_lokal_standard_front-1536x763.jpg 1536w, https:\/\/hoyre.no\/content\/uploads\/sites\/166\/2023\/05\/hoyre_lokal_standard_front-2048x1018.jpg 2048w\" sizes=\"auto, (max-width: 2500px) 100vw, 2500px\" \/><\/div><\/figure><\/div><\/div>\n\n\n\n<h2 class=\"wp-block-heading\">Ringerike H\u00f8yres kommunevalgprogram 2023 \u2013 2027<\/h2>\n\n\n\n<h3 class=\"wp-block-heading\">P\u00e5 lag med befolkningen, frivilligheten og n\u00e6ringslivet<\/h3>\n\n\n\n<p><strong>Ringerike kommune skal v\u00e6re et godt sted \u00e5 bo for alle. Ringerike H\u00f8yre vil bygge videre p\u00e5 de gode kvalitetene i kommunen, og arbeide for enda bedre utnyttelse av ressursene til beste for innbyggerne.<\/strong> <\/p>\n\n\n\n<p>Ringerike skal v\u00e6re en attraktiv, proaktiv og utviklingsorientert kommune som sikrer gode tilbud for hele befolkningen. Vi har gode og moderne skoler, attraktive rekreasjonsomr\u00e5der og et blomstrende kulturliv. Frivilligheten st\u00e5r sterkt i kommunen, og spiller en viktig rolle p\u00e5 mange omr\u00e5der.&nbsp;<br><br><strong>Ringerike H\u00f8yre mener at samferdselsl\u00f8sningene, -vei og bane &#8211; m\u00e5 moderniseres for \u00e5 sikre at vi blir en del av det utvidede bo- og arbeidsmarkedet som \u00d8stlandet er.<\/strong><\/p>\n\n\n\n<p>Ringerike H\u00f8yre vil f\u00f8re en aktiv og forutsigbar n\u00e6ringspolitikk for \u00e5 sikre verdiskapning som grunnlag for velferden. Vi vil arbeide for et mer variert n\u00e6ringsliv.<\/p>\n\n\n\n<p><strong>Kommunen skal tilby likeverdige tjenester uavhengig hvor i kommunen du bor. Den st\u00f8rste utfordringen i \u00e5rene som kommer er utbygging av helsetjenestene, med tilstrekkelig kapasitet og n\u00f8dvendig omstilling tilpasset skiftende behov.<\/strong><\/p>\n\n\n\n<p>Ringerike H\u00f8yre st\u00e5r for god og forutsigbar styring. Med \u00f8kte energipriser og \u00f8kte skatter til Staten som legges inn i statsbudsjettet fra 2023 vil kommune\u00f8konomien bli klart vanskeligere de kommende \u00e5rene. <\/p>\n\n\n\n<p><strong>Ringerike H\u00f8yre vil prioritere en langsiktig, b\u00e6rekraftig kommune\u00f8konomi som forutsetning for trygge og gode kommunale tjenester.<\/strong><\/p>\n\n\n\n\n<div class=\"wp-block-teft-file icon-link-block\"><a href=\"https:\/\/hoyre.no\/content\/uploads\/sites\/166\/2023\/05\/Ringerike-Hoyres-program-2024-2027.pdf\" download><span class=\"file-title\">Her kan du lese valgprogrammet v\u00e5rt for 2023-2027<\/span><span class=\"file-name\"><\/span><\/a><\/div>\n\n\n\n<h2 class=\"wp-block-heading\">Arkiv<\/h2>\n\n\n\n<div class=\"wp-block-teft-file icon-link-block\"><a href=\"https:\/\/hoyre.no\/content\/uploads\/sites\/166\/2020\/11\/hoyre-ringerike--vare-politikk.pdf\" download><span class=\"file-title\">Her kan du lese valgprogrammet v\u00e5rt for 2019-2023<\/span><span class=\"file-name\">hoyre-ringerike&#8211;vare-politikk.pdf [20.7kb]<\/span><\/a><\/div>\n\n","protected":false},"excerpt":{"rendered":"<p>Ringerike H\u00f8yres kommunevalgprogram 2023 \u2013 2027 P\u00e5 lag med befolkningen, frivilligheten og n\u00e6ringslivet Ringerike kommune skal v\u00e6re et godt sted \u00e5 bo for alle. Ringerike H\u00f8yre vil bygge videre p\u00e5 de gode kvalitetene i kommunen, og arbeide for enda bedre utnyttelse av ressursene til beste for innbyggerne. Ringerike skal v\u00e6re en attraktiv, proaktiv og utviklingsorientert [&hellip;]<\/p>\n","protected":false},"author":51320,"featured_media":0,"parent":0,"menu_order":0,"comment_status":"closed","ping_status":"closed","template":"","meta":{"teft_cards_image_url":"","teft_cards_custom_pretitle":"","teft_cards_image_id":444,"teft_cards_image_focal_point_x":0.5,"teft_cards_image_focal_point_y":0.5,"teft_cards_title":"","teft_cards_excerpt":"","teft_show_chapters":false,"footnotes":""},"class_list":["post-423","page","type-page","status-publish","hentry"],"yoast_head":"<!-- This site is optimized with the Yoast SEO plugin v26.6 - https:\/\/yoast.com\/wordpress\/plugins\/seo\/ -->\n<title>Politikk - Ringerike H\u00f8yre<\/title>\n<meta name=\"robots\" content=\"index, follow, max-snippet:-1, max-image-preview:large, max-video-preview:-1\" \/>\n<link rel=\"canonical\" href=\"https:\/\/hoyre.no\/ringerike\/politikk\/\" \/>\n<meta property=\"og:locale\" content=\"nb_NO\" \/>\n<meta property=\"og:type\" content=\"article\" \/>\n<meta property=\"og:title\" content=\"Politikk - Ringerike H\u00f8yre\" \/>\n<meta property=\"og:description\" content=\"Ringerike H\u00f8yres kommunevalgprogram 2023 \u2013 2027 P\u00e5 lag med befolkningen, frivilligheten og n\u00e6ringslivet Ringerike kommune skal v\u00e6re et godt sted \u00e5 bo for alle. Ringerike H\u00f8yre vil bygge videre p\u00e5 de gode kvalitetene i kommunen, og arbeide for enda bedre utnyttelse av ressursene til beste for innbyggerne. Ringerike skal v\u00e6re en attraktiv, proaktiv og utviklingsorientert [&hellip;]\" \/>\n<meta property=\"og:url\" content=\"https:\/\/hoyre.no\/ringerike\/politikk\/\" \/>\n<meta property=\"og:site_name\" content=\"Ringerike H\u00f8yre\" \/>\n<meta property=\"article:modified_time\" content=\"2023-05-06T09:27:50+00:00\" \/>\n<meta property=\"og:image\" content=\"https:\/\/hoyre.no\/content\/uploads\/sites\/166\/2023\/05\/hoyre_lokal_standard_front-1024x509.jpg\" \/>\n<meta name=\"twitter:card\" content=\"summary_large_image\" \/>\n<meta name=\"twitter:label1\" content=\"Ansl. lesetid\" \/>\n\t<meta name=\"twitter:data1\" content=\"2 minutter\" \/>\n<script type=\"application\/ld+json\" class=\"yoast-schema-graph\">{\"@context\":\"https:\/\/schema.org\",\"@graph\":[{\"@type\":\"WebPage\",\"@id\":\"https:\/\/hoyre.no\/ringerike\/politikk\/\",\"url\":\"https:\/\/hoyre.no\/ringerike\/politikk\/\",\"name\":\"Politikk - Ringerike H\u00f8yre\",\"isPartOf\":{\"@id\":\"https:\/\/hoyre.no\/ringerike\/#website\"},\"datePublished\":\"2023-05-02T10:46:41+00:00\",\"dateModified\":\"2023-05-06T09:27:50+00:00\",\"breadcrumb\":{\"@id\":\"https:\/\/hoyre.no\/ringerike\/politikk\/#breadcrumb\"},\"inLanguage\":\"nb-NO\",\"potentialAction\":[{\"@type\":\"ReadAction\",\"target\":[\"https:\/\/hoyre.no\/ringerike\/politikk\/\"]}]},{\"@type\":\"BreadcrumbList\",\"@id\":\"https:\/\/hoyre.no\/ringerike\/politikk\/#breadcrumb\",\"itemListElement\":[{\"@type\":\"ListItem\",\"position\":1,\"name\":\"Til hoyre.no\",\"item\":\"https:\/\/hoyre.no\"},{\"@type\":\"ListItem\",\"position\":2,\"name\":\"Hjem\",\"item\":\"https:\/\/hoyre.no\/ringerike\/\"},{\"@type\":\"ListItem\",\"position\":3,\"name\":\"Politikk\"}]},{\"@type\":\"WebSite\",\"@id\":\"https:\/\/hoyre.no\/ringerike\/#website\",\"url\":\"https:\/\/hoyre.no\/ringerike\/\",\"name\":\"Ringerike H\u00f8yre\",\"description\":\"Bare enda et H\u00f8yres nettsteder-nettsted\",\"inLanguage\":\"nb-NO\"}]}<\/script>\n<!-- \/ Yoast SEO plugin. -->","yoast_head_json":{"title":"Politikk - Ringerike H\u00f8yre","robots":{"index":"index","follow":"follow","max-snippet":"max-snippet:-1","max-image-preview":"max-image-preview:large","max-video-preview":"max-video-preview:-1"},"canonical":"https:\/\/hoyre.no\/ringerike\/politikk\/","og_locale":"nb_NO","og_type":"article","og_title":"Politikk - Ringerike H\u00f8yre","og_description":"Ringerike H\u00f8yres kommunevalgprogram 2023 \u2013 2027 P\u00e5 lag med befolkningen, frivilligheten og n\u00e6ringslivet Ringerike kommune skal v\u00e6re et godt sted \u00e5 bo for alle. Ringerike H\u00f8yre vil bygge videre p\u00e5 de gode kvalitetene i kommunen, og arbeide for enda bedre utnyttelse av ressursene til beste for innbyggerne. Ringerike skal v\u00e6re en attraktiv, proaktiv og utviklingsorientert [&hellip;]","og_url":"https:\/\/hoyre.no\/ringerike\/politikk\/","og_site_name":"Ringerike H\u00f8yre","article_modified_time":"2023-05-06T09:27:50+00:00","og_image":[{"url":"https:\/\/hoyre.no\/content\/uploads\/sites\/166\/2023\/05\/hoyre_lokal_standard_front-1024x509.jpg","width":"","height":"","type":""}],"twitter_card":"summary_large_image","twitter_misc":{"Ansl. lesetid":"2 minutter"},"schema":{"@context":"https:\/\/schema.org","@graph":[{"@type":"WebPage","@id":"https:\/\/hoyre.no\/ringerike\/politikk\/","url":"https:\/\/hoyre.no\/ringerike\/politikk\/","name":"Politikk - Ringerike H\u00f8yre","isPartOf":{"@id":"https:\/\/hoyre.no\/ringerike\/#website"},"datePublished":"2023-05-02T10:46:41+00:00","dateModified":"2023-05-06T09:27:50+00:00","breadcrumb":{"@id":"https:\/\/hoyre.no\/ringerike\/politikk\/#breadcrumb"},"inLanguage":"nb-NO","potentialAction":[{"@type":"ReadAction","target":["https:\/\/hoyre.no\/ringerike\/politikk\/"]}]},{"@type":"BreadcrumbList","@id":"https:\/\/hoyre.no\/ringerike\/politikk\/#breadcrumb","itemListElement":[{"@type":"ListItem","position":1,"name":"Til hoyre.no","item":"https:\/\/hoyre.no"},{"@type":"ListItem","position":2,"name":"Hjem","item":"https:\/\/hoyre.no\/ringerike\/"},{"@type":"ListItem","position":3,"name":"Politikk"}]},{"@type":"WebSite","@id":"https:\/\/hoyre.no\/ringerike\/#website","url":"https:\/\/hoyre.no\/ringerike\/","name":"Ringerike H\u00f8yre","description":"Bare enda et H\u00f8yres nettsteder-nettsted","inLanguage":"nb-NO"}]}},"distributor_meta":false,"distributor_terms":false,"distributor_media":false,"distributor_original_site_name":"Ringerike H\u00f8yre","distributor_original_site_url":"https:\/\/hoyre.no\/ringerike","push-errors":false,"_links":{"self":[{"href":"https:\/\/hoyre.no\/ringerike\/wp-json\/wp\/v2\/pages\/423","targetHints":{"allow":["GET"]}}],"collection":[{"href":"https:\/\/hoyre.no\/ringerike\/wp-json\/wp\/v2\/pages"}],"about":[{"href":"https:\/\/hoyre.no\/ringerike\/wp-json\/wp\/v2\/types\/page"}],"author":[{"embeddable":true,"href":"https:\/\/hoyre.no\/ringerike\/wp-json\/wp\/v2\/users\/51320"}],"replies":[{"embeddable":true,"href":"https:\/\/hoyre.no\/ringerike\/wp-json\/wp\/v2\/comments?post=423"}],"version-history":[{"count":9,"href":"https:\/\/hoyre.no\/ringerike\/wp-json\/wp\/v2\/pages\/423\/revisions"}],"predecessor-version":[{"id":475,"href":"https:\/\/hoyre.no\/ringerike\/wp-json\/wp\/v2\/pages\/423\/revisions\/475"}],"wp:attachment":[{"href":"https:\/\/hoyre.no\/ringerike\/wp-json\/wp\/v2\/media?parent=423"}],"curies":[{"name":"wp","href":"https:\/\/api.w.org\/{rel}","templated":true}]}}