{"id":39,"date":"2023-06-28T13:09:47","date_gmt":"2023-06-28T11:09:47","guid":{"rendered":"https:\/\/hoyre.no\/ringsaker\/?page_id=39"},"modified":"2025-01-17T14:35:17","modified_gmt":"2025-01-17T13:35:17","slug":"5-grunner-til-a-stemme-ringsaker-hoyre","status":"publish","type":"page","link":"https:\/\/hoyre.no\/ringsaker\/politikk\/5-grunner-til-a-stemme-ringsaker-hoyre\/","title":{"rendered":"5 grunner til \u00e5 stemme Ringsaker H\u00f8yre"},"content":{"rendered":"\n<div class=\"wp-block-hoyre-hero with-image-gradient text-color-light  has-media alignfull has-background\"><div class=\"hoyre-hero has-image\"><h1 class=\"title\">5 gode grunner til \u00e5 stemme Ringsaker H\u00f8yre<\/h1><figure class=\"hoyre-image-wrapper\"><div class=\"hoyre-image\"><img loading=\"lazy\" decoding=\"async\" width=\"1536\" height=\"2048\" src=\"https:\/\/hoyre.no\/content\/uploads\/sites\/63\/2023\/06\/352531924_572156658427078_6296736034704914145_n.jpg\" class=\"attachment-scaled size-scaled\" alt=\"\" style=\"object-position: 42% 37%\" srcset=\"https:\/\/hoyre.no\/content\/uploads\/sites\/63\/2023\/06\/352531924_572156658427078_6296736034704914145_n.jpg 1536w, https:\/\/hoyre.no\/content\/uploads\/sites\/63\/2023\/06\/352531924_572156658427078_6296736034704914145_n-225x300.jpg 225w, https:\/\/hoyre.no\/content\/uploads\/sites\/63\/2023\/06\/352531924_572156658427078_6296736034704914145_n-768x1024.jpg 768w, https:\/\/hoyre.no\/content\/uploads\/sites\/63\/2023\/06\/352531924_572156658427078_6296736034704914145_n-1152x1536.jpg 1152w\" sizes=\"auto, (max-width: 1536px) 100vw, 1536px\" \/><\/div><\/figure><\/div><\/div>\n\n\n\n<h4 class=\"wp-block-heading\">Utvikling og velferd er ingen selvf\u00f8lge. Derfor b\u00f8r du lese disse fem grunnene til hvorfor du b\u00f8r stemme H\u00f8yre i Ringsaker.&nbsp;<\/h4>\n\n\n\n\n<div class=\"wp-block-media-text alignwide is-stacked-on-mobile is-image-fill\"><figure class=\"wp-block-media-text__media\" style=\"background-image:url('https:\/\/hoyre.no\/content\/uploads\/sites\/63\/2023\/06\/GettyImages-687776655-1024x683.jpg');background-position:50% 50%\"><img loading=\"lazy\" decoding=\"async\" width=\"1024\" height=\"683\" src=\"https:\/\/hoyre.no\/content\/uploads\/sites\/63\/2023\/06\/GettyImages-687776655-1024x683.jpg\" alt=\"\" class=\"wp-image-41 size-full\" srcset=\"https:\/\/hoyre.no\/content\/uploads\/sites\/63\/2023\/06\/GettyImages-687776655-1024x683.jpg 1024w, https:\/\/hoyre.no\/content\/uploads\/sites\/63\/2023\/06\/GettyImages-687776655-300x200.jpg 300w, https:\/\/hoyre.no\/content\/uploads\/sites\/63\/2023\/06\/GettyImages-687776655-768x512.jpg 768w, https:\/\/hoyre.no\/content\/uploads\/sites\/63\/2023\/06\/GettyImages-687776655-1536x1024.jpg 1536w, https:\/\/hoyre.no\/content\/uploads\/sites\/63\/2023\/06\/GettyImages-687776655-2048x1365.jpg 2048w\" sizes=\"auto, (max-width: 1024px) 100vw, 1024px\" \/><\/figure><div class=\"wp-block-media-text__content\">\n<h2 class=\"wp-block-heading\">1. Kunnskap og variasjon i Ringsakerskolen<\/h2>\n\n\n\n<p>Mange elever mister motivasjonen p\u00e5 ungdomsskolen og flere trenger tilgang til voksne med psykososial kompetanse i skolehverdagen. For \u00e5 gi elevene en mer variert skolehverdag, vil H\u00f8yre bygge en ny yrkesrettet ungdomsskole i Brumunddal. Vi vil styrke laget rundt l\u00e6reren og eleven ved \u00e5 ta i bruk sosialarbeidere&nbsp;i skolen. Ringsakerskolen skal sikte h\u00f8yere enn gjennomsnittet&nbsp;p\u00e5&nbsp;nasjonale pr\u00f8ver.<\/p>\n<\/div><\/div>\n\n\n\n<div class=\"wp-block-media-text alignwide has-media-on-the-right is-stacked-on-mobile is-image-fill\"><div class=\"wp-block-media-text__content\">\n<h2 class=\"wp-block-heading\">2. Utnytte synergiene ved statlige utbyggingsprosjekter<\/h2>\n\n\n\n<p>Det skal investeres flere titalls&nbsp;milliarder&nbsp;i sykehus, dobbeltsporet jernbane og ny Mj\u00f8sbru frem&nbsp;mot 2030. H\u00f8yre vil ta aktivt lederskap og arbeide for at kommunen benytter denne unike muligheten&nbsp;til maksimal uttelling for utvikling av Moelv og andre ber\u00f8rte omr\u00e5der b\u00e5de i egen kommune og i kommunene rundt oss.&nbsp;<\/p>\n<\/div><figure class=\"wp-block-media-text__media\" style=\"background-image:url('https:\/\/hoyre.no\/content\/uploads\/sites\/63\/2023\/06\/GettyImages-1072648936-1-1024x575.jpg');background-position:50% 50%\"><img loading=\"lazy\" decoding=\"async\" width=\"1024\" height=\"575\" src=\"https:\/\/hoyre.no\/content\/uploads\/sites\/63\/2023\/06\/GettyImages-1072648936-1-1024x575.jpg\" alt=\"\" class=\"wp-image-42 size-full\" srcset=\"https:\/\/hoyre.no\/content\/uploads\/sites\/63\/2023\/06\/GettyImages-1072648936-1-1024x575.jpg 1024w, https:\/\/hoyre.no\/content\/uploads\/sites\/63\/2023\/06\/GettyImages-1072648936-1-300x169.jpg 300w, https:\/\/hoyre.no\/content\/uploads\/sites\/63\/2023\/06\/GettyImages-1072648936-1-768x431.jpg 768w, https:\/\/hoyre.no\/content\/uploads\/sites\/63\/2023\/06\/GettyImages-1072648936-1-1536x863.jpg 1536w, https:\/\/hoyre.no\/content\/uploads\/sites\/63\/2023\/06\/GettyImages-1072648936-1-2048x1151.jpg 2048w\" sizes=\"auto, (max-width: 1024px) 100vw, 1024px\" \/><\/figure><\/div>\n\n\n\n<div class=\"wp-block-media-text alignwide is-stacked-on-mobile is-image-fill\"><figure class=\"wp-block-media-text__media\" style=\"background-image:url('https:\/\/hoyre.no\/content\/uploads\/sites\/63\/2023\/06\/GettyImages-508626849-1024x683.jpg');background-position:50% 50%\"><img loading=\"lazy\" decoding=\"async\" width=\"1024\" height=\"683\" src=\"https:\/\/hoyre.no\/content\/uploads\/sites\/63\/2023\/06\/GettyImages-508626849-1024x683.jpg\" alt=\"\" class=\"wp-image-43 size-full\" srcset=\"https:\/\/hoyre.no\/content\/uploads\/sites\/63\/2023\/06\/GettyImages-508626849-1024x683.jpg 1024w, https:\/\/hoyre.no\/content\/uploads\/sites\/63\/2023\/06\/GettyImages-508626849-300x200.jpg 300w, https:\/\/hoyre.no\/content\/uploads\/sites\/63\/2023\/06\/GettyImages-508626849-768x512.jpg 768w, https:\/\/hoyre.no\/content\/uploads\/sites\/63\/2023\/06\/GettyImages-508626849-1536x1024.jpg 1536w, https:\/\/hoyre.no\/content\/uploads\/sites\/63\/2023\/06\/GettyImages-508626849-2048x1365.jpg 2048w\" sizes=\"auto, (max-width: 1024px) 100vw, 1024px\" \/><\/figure><div class=\"wp-block-media-text__content\">\n<h2 class=\"wp-block-heading\">3. H\u00f8yre \u00f8nsker de ideelle og private velkommen<\/h2>\n\n\n\n<p>H\u00f8yre vil la ideelle&nbsp;og private slippe til i st\u00f8rre grad for \u00e5 l\u00f8se kommunens oppgaver n\u00e5r en st\u00f8rre del av befolkningen blir eldre. H\u00f8yre vil styrke kommunens tilbud til personer med demens og deres p\u00e5r\u00f8rende gjennom blant annet botilbud som er tilpasset denne gruppen spesielt.&nbsp;H\u00f8yre vil at kommunen utarbeider en egen kvalitetsnorm&nbsp;for eldreomsorgen, slik at pasienter og p\u00e5r\u00f8rende har trygghet for hva de kan forvente.&nbsp; &nbsp;<\/p>\n<\/div><\/div>\n\n\n\n<div class=\"wp-block-media-text alignwide has-media-on-the-right is-stacked-on-mobile is-image-fill\"><div class=\"wp-block-media-text__content\">\n<h2 class=\"wp-block-heading\">4. Overskudd i \u00f8konomien, et n\u00e6ringsliv i vekst<\/h2>\n\n\n\n<p>\u00d8konomien i Ringsaker m\u00e5 styrkes kraftig i \u00e5rene som kommer. Gjennomganger som KS-konsult har gjort, viser at det kan ligge innsparingspotensial p\u00e5 s\u00e5 mye som 350 millioner i forhold til sammenlignbare kommuner. H\u00f8yre vil tilpasse kommunes strukturer p\u00e5 de store tjenesteomr\u00e5dene; skole, barnehage og pleie\/omsorg. H\u00f8yre vil sette av overskudd fra kraftutbytte til \u00e5 styrke og stimulere lokalt n\u00e6ringsliv.&nbsp;<\/p>\n<\/div><figure class=\"wp-block-media-text__media\" style=\"background-image:url('https:\/\/hoyre.no\/content\/uploads\/sites\/63\/2023\/06\/GettyImages-618740572-1024x683.jpg');background-position:50% 50%\"><img loading=\"lazy\" decoding=\"async\" width=\"1024\" height=\"683\" src=\"https:\/\/hoyre.no\/content\/uploads\/sites\/63\/2023\/06\/GettyImages-618740572-1024x683.jpg\" alt=\"\" class=\"wp-image-44 size-full\" srcset=\"https:\/\/hoyre.no\/content\/uploads\/sites\/63\/2023\/06\/GettyImages-618740572-1024x683.jpg 1024w, https:\/\/hoyre.no\/content\/uploads\/sites\/63\/2023\/06\/GettyImages-618740572-300x200.jpg 300w, https:\/\/hoyre.no\/content\/uploads\/sites\/63\/2023\/06\/GettyImages-618740572-768x512.jpg 768w, https:\/\/hoyre.no\/content\/uploads\/sites\/63\/2023\/06\/GettyImages-618740572-1536x1024.jpg 1536w, https:\/\/hoyre.no\/content\/uploads\/sites\/63\/2023\/06\/GettyImages-618740572-2048x1365.jpg 2048w\" sizes=\"auto, (max-width: 1024px) 100vw, 1024px\" \/><\/figure><\/div>\n\n\n\n<div class=\"wp-block-media-text alignwide is-stacked-on-mobile is-image-fill\"><figure class=\"wp-block-media-text__media\" style=\"background-image:url('https:\/\/hoyre.no\/content\/uploads\/sites\/63\/2023\/06\/GettyImages-1332335648-1024x683.jpg');background-position:50% 50%\"><img loading=\"lazy\" decoding=\"async\" width=\"1024\" height=\"683\" src=\"https:\/\/hoyre.no\/content\/uploads\/sites\/63\/2023\/06\/GettyImages-1332335648-1024x683.jpg\" alt=\"\" class=\"wp-image-45 size-full\" srcset=\"https:\/\/hoyre.no\/content\/uploads\/sites\/63\/2023\/06\/GettyImages-1332335648-1024x683.jpg 1024w, https:\/\/hoyre.no\/content\/uploads\/sites\/63\/2023\/06\/GettyImages-1332335648-300x200.jpg 300w, https:\/\/hoyre.no\/content\/uploads\/sites\/63\/2023\/06\/GettyImages-1332335648-768x512.jpg 768w, https:\/\/hoyre.no\/content\/uploads\/sites\/63\/2023\/06\/GettyImages-1332335648-1536x1025.jpg 1536w, https:\/\/hoyre.no\/content\/uploads\/sites\/63\/2023\/06\/GettyImages-1332335648-2048x1366.jpg 2048w\" sizes=\"auto, (max-width: 1024px) 100vw, 1024px\" \/><\/figure><div class=\"wp-block-media-text__content\">\n<h2 class=\"wp-block-heading\">5. Redusere sykefrav\u00e6ret<\/h2>\n\n\n\n<p>Sykefrav\u00e6ret i kommunen er for h\u00f8yt. Dette utfordrer kontinuiteten og kvaliteten i kommunes tjenester. For eksempel brukes det for mange vikarer i pleie- og omsorgssektoren. Vikarbruk koster mye, og kommunen p\u00e5tar seg un\u00f8dvendige pensjonsforpliktelser, arbeidsgiveravgift samt andre kostnader knyttet til administrasjon og h\u00e5ndtering av vikarene. H\u00f8yre vil intensivere arbeidet med \u00e5 redusere sykefrav\u00e6ret gjennom \u00e5 tydeliggj\u00f8re kommunens m\u00e5lsettinger og forventninger til resultatoppn\u00e5else p\u00e5 de ulike virksomhetsomr\u00e5dene.&nbsp;<\/p>\n<\/div><\/div>\n\n","protected":false},"excerpt":{"rendered":"<p>Utvikling og velferd er ingen selvf\u00f8lge. Derfor b\u00f8r du lese disse fem grunnene til hvorfor du b\u00f8r stemme H\u00f8yre i Ringsaker.&nbsp;<\/p>\n","protected":false},"author":38359,"featured_media":0,"parent":35,"menu_order":0,"comment_status":"closed","ping_status":"closed","template":"","meta":{"teft_cards_image_url":"","teft_cards_custom_pretitle":"","teft_cards_image_id":0,"teft_cards_image_focal_point_x":0,"teft_cards_image_focal_point_y":0,"teft_cards_title":"","teft_cards_excerpt":"","teft_show_chapters":false,"footnotes":""},"class_list":["post-39","page","type-page","status-publish","hentry"],"yoast_head":"<!-- This site is optimized with the Yoast SEO plugin v26.6 - https:\/\/yoast.com\/wordpress\/plugins\/seo\/ -->\n<title>5 grunner til \u00e5 stemme Ringsaker H\u00f8yre - Ringsaker H\u00f8yre<\/title>\n<meta name=\"description\" content=\"Her er 5 gode grunner til hvorfor du b\u00f8r stemme H\u00f8yre i Ringsaker kommune.\" \/>\n<meta name=\"robots\" content=\"index, follow, max-snippet:-1, max-image-preview:large, max-video-preview:-1\" \/>\n<link rel=\"canonical\" href=\"https:\/\/hoyre.no\/ringsaker\/politikk\/5-grunner-til-a-stemme-ringsaker-hoyre\/\" \/>\n<meta property=\"og:locale\" content=\"nb_NO\" \/>\n<meta property=\"og:type\" content=\"article\" \/>\n<meta property=\"og:title\" content=\"5 grunner til \u00e5 stemme Ringsaker H\u00f8yre - Ringsaker H\u00f8yre\" \/>\n<meta property=\"og:description\" content=\"Her er 5 gode grunner til hvorfor du b\u00f8r stemme H\u00f8yre i Ringsaker kommune.\" \/>\n<meta property=\"og:url\" content=\"https:\/\/hoyre.no\/ringsaker\/politikk\/5-grunner-til-a-stemme-ringsaker-hoyre\/\" \/>\n<meta property=\"og:site_name\" content=\"Ringsaker H\u00f8yre\" \/>\n<meta property=\"article:modified_time\" content=\"2025-01-17T13:35:17+00:00\" \/>\n<meta property=\"og:image\" content=\"https:\/\/hoyre.no\/content\/uploads\/sites\/63\/2023\/06\/GettyImages-687776655-1024x683.jpg\" \/>\n<meta name=\"twitter:card\" content=\"summary_large_image\" \/>\n<meta name=\"twitter:label1\" content=\"Ansl. lesetid\" \/>\n\t<meta name=\"twitter:data1\" content=\"4 minutter\" \/>\n<script type=\"application\/ld+json\" class=\"yoast-schema-graph\">{\"@context\":\"https:\/\/schema.org\",\"@graph\":[{\"@type\":\"WebPage\",\"@id\":\"https:\/\/hoyre.no\/ringsaker\/politikk\/5-grunner-til-a-stemme-ringsaker-hoyre\/\",\"url\":\"https:\/\/hoyre.no\/ringsaker\/politikk\/5-grunner-til-a-stemme-ringsaker-hoyre\/\",\"name\":\"5 grunner til \u00e5 stemme Ringsaker H\u00f8yre - Ringsaker H\u00f8yre\",\"isPartOf\":{\"@id\":\"https:\/\/hoyre.no\/ringsaker\/#website\"},\"image\":{\"@id\":\"https:\/\/hoyre.no\/ringsaker\/politikk\/5-grunner-til-a-stemme-ringsaker-hoyre\/#primaryimage\"},\"thumbnailUrl\":\"https:\/\/hoyre.no\/content\/uploads\/sites\/63\/2023\/06\/GettyImages-687776655-1024x683.jpg\",\"datePublished\":\"2023-06-28T11:09:47+00:00\",\"dateModified\":\"2025-01-17T13:35:17+00:00\",\"description\":\"Her er 5 gode grunner til hvorfor du b\u00f8r stemme H\u00f8yre i Ringsaker kommune.\",\"breadcrumb\":{\"@id\":\"https:\/\/hoyre.no\/ringsaker\/politikk\/5-grunner-til-a-stemme-ringsaker-hoyre\/#breadcrumb\"},\"inLanguage\":\"nb-NO\",\"potentialAction\":[{\"@type\":\"ReadAction\",\"target\":[\"https:\/\/hoyre.no\/ringsaker\/politikk\/5-grunner-til-a-stemme-ringsaker-hoyre\/\"]}]},{\"@type\":\"ImageObject\",\"inLanguage\":\"nb-NO\",\"@id\":\"https:\/\/hoyre.no\/ringsaker\/politikk\/5-grunner-til-a-stemme-ringsaker-hoyre\/#primaryimage\",\"url\":\"https:\/\/hoyre.no\/content\/uploads\/sites\/63\/2023\/06\/GettyImages-687776655-1024x683.jpg\",\"contentUrl\":\"https:\/\/hoyre.no\/content\/uploads\/sites\/63\/2023\/06\/GettyImages-687776655-1024x683.jpg\"},{\"@type\":\"BreadcrumbList\",\"@id\":\"https:\/\/hoyre.no\/ringsaker\/politikk\/5-grunner-til-a-stemme-ringsaker-hoyre\/#breadcrumb\",\"itemListElement\":[{\"@type\":\"ListItem\",\"position\":1,\"name\":\"Til hoyre.no\",\"item\":\"https:\/\/hoyre.no\"},{\"@type\":\"ListItem\",\"position\":2,\"name\":\"Hjem\",\"item\":\"https:\/\/hoyre.no\/ringsaker\/\"},{\"@type\":\"ListItem\",\"position\":3,\"name\":\"Politikk\",\"item\":\"https:\/\/hoyre.no\/ringsaker\/politikk\/\"},{\"@type\":\"ListItem\",\"position\":4,\"name\":\"5 grunner til \u00e5 stemme Ringsaker H\u00f8yre\"}]},{\"@type\":\"WebSite\",\"@id\":\"https:\/\/hoyre.no\/ringsaker\/#website\",\"url\":\"https:\/\/hoyre.no\/ringsaker\/\",\"name\":\"Ringsaker H\u00f8yre\",\"description\":\"Bare enda et H\u00f8yres nettsteder-nettsted\",\"inLanguage\":\"nb-NO\"}]}<\/script>\n<!-- \/ Yoast SEO plugin. -->","yoast_head_json":{"title":"5 grunner til \u00e5 stemme Ringsaker H\u00f8yre - Ringsaker H\u00f8yre","description":"Her er 5 gode grunner til hvorfor du b\u00f8r stemme H\u00f8yre i Ringsaker kommune.","robots":{"index":"index","follow":"follow","max-snippet":"max-snippet:-1","max-image-preview":"max-image-preview:large","max-video-preview":"max-video-preview:-1"},"canonical":"https:\/\/hoyre.no\/ringsaker\/politikk\/5-grunner-til-a-stemme-ringsaker-hoyre\/","og_locale":"nb_NO","og_type":"article","og_title":"5 grunner til \u00e5 stemme Ringsaker H\u00f8yre - Ringsaker H\u00f8yre","og_description":"Her er 5 gode grunner til hvorfor du b\u00f8r stemme H\u00f8yre i Ringsaker kommune.","og_url":"https:\/\/hoyre.no\/ringsaker\/politikk\/5-grunner-til-a-stemme-ringsaker-hoyre\/","og_site_name":"Ringsaker H\u00f8yre","article_modified_time":"2025-01-17T13:35:17+00:00","og_image":[{"url":"https:\/\/hoyre.no\/content\/uploads\/sites\/63\/2023\/06\/GettyImages-687776655-1024x683.jpg","type":"","width":"","height":""}],"twitter_card":"summary_large_image","twitter_misc":{"Ansl. lesetid":"4 minutter"},"schema":{"@context":"https:\/\/schema.org","@graph":[{"@type":"WebPage","@id":"https:\/\/hoyre.no\/ringsaker\/politikk\/5-grunner-til-a-stemme-ringsaker-hoyre\/","url":"https:\/\/hoyre.no\/ringsaker\/politikk\/5-grunner-til-a-stemme-ringsaker-hoyre\/","name":"5 grunner til \u00e5 stemme Ringsaker H\u00f8yre - Ringsaker H\u00f8yre","isPartOf":{"@id":"https:\/\/hoyre.no\/ringsaker\/#website"},"image":{"@id":"https:\/\/hoyre.no\/ringsaker\/politikk\/5-grunner-til-a-stemme-ringsaker-hoyre\/#primaryimage"},"thumbnailUrl":"https:\/\/hoyre.no\/content\/uploads\/sites\/63\/2023\/06\/GettyImages-687776655-1024x683.jpg","datePublished":"2023-06-28T11:09:47+00:00","dateModified":"2025-01-17T13:35:17+00:00","description":"Her er 5 gode grunner til hvorfor du b\u00f8r stemme H\u00f8yre i Ringsaker kommune.","breadcrumb":{"@id":"https:\/\/hoyre.no\/ringsaker\/politikk\/5-grunner-til-a-stemme-ringsaker-hoyre\/#breadcrumb"},"inLanguage":"nb-NO","potentialAction":[{"@type":"ReadAction","target":["https:\/\/hoyre.no\/ringsaker\/politikk\/5-grunner-til-a-stemme-ringsaker-hoyre\/"]}]},{"@type":"ImageObject","inLanguage":"nb-NO","@id":"https:\/\/hoyre.no\/ringsaker\/politikk\/5-grunner-til-a-stemme-ringsaker-hoyre\/#primaryimage","url":"https:\/\/hoyre.no\/content\/uploads\/sites\/63\/2023\/06\/GettyImages-687776655-1024x683.jpg","contentUrl":"https:\/\/hoyre.no\/content\/uploads\/sites\/63\/2023\/06\/GettyImages-687776655-1024x683.jpg"},{"@type":"BreadcrumbList","@id":"https:\/\/hoyre.no\/ringsaker\/politikk\/5-grunner-til-a-stemme-ringsaker-hoyre\/#breadcrumb","itemListElement":[{"@type":"ListItem","position":1,"name":"Til hoyre.no","item":"https:\/\/hoyre.no"},{"@type":"ListItem","position":2,"name":"Hjem","item":"https:\/\/hoyre.no\/ringsaker\/"},{"@type":"ListItem","position":3,"name":"Politikk","item":"https:\/\/hoyre.no\/ringsaker\/politikk\/"},{"@type":"ListItem","position":4,"name":"5 grunner til \u00e5 stemme Ringsaker H\u00f8yre"}]},{"@type":"WebSite","@id":"https:\/\/hoyre.no\/ringsaker\/#website","url":"https:\/\/hoyre.no\/ringsaker\/","name":"Ringsaker H\u00f8yre","description":"Bare enda et H\u00f8yres nettsteder-nettsted","inLanguage":"nb-NO"}]}},"distributor_meta":false,"distributor_terms":false,"distributor_media":false,"distributor_original_site_name":"Ringsaker H\u00f8yre","distributor_original_site_url":"https:\/\/hoyre.no\/ringsaker","push-errors":false,"_links":{"self":[{"href":"https:\/\/hoyre.no\/ringsaker\/wp-json\/wp\/v2\/pages\/39","targetHints":{"allow":["GET"]}}],"collection":[{"href":"https:\/\/hoyre.no\/ringsaker\/wp-json\/wp\/v2\/pages"}],"about":[{"href":"https:\/\/hoyre.no\/ringsaker\/wp-json\/wp\/v2\/types\/page"}],"author":[{"embeddable":true,"href":"https:\/\/hoyre.no\/ringsaker\/wp-json\/wp\/v2\/users\/38359"}],"replies":[{"embeddable":true,"href":"https:\/\/hoyre.no\/ringsaker\/wp-json\/wp\/v2\/comments?post=39"}],"version-history":[{"count":10,"href":"https:\/\/hoyre.no\/ringsaker\/wp-json\/wp\/v2\/pages\/39\/revisions"}],"predecessor-version":[{"id":79,"href":"https:\/\/hoyre.no\/ringsaker\/wp-json\/wp\/v2\/pages\/39\/revisions\/79"}],"up":[{"embeddable":true,"href":"https:\/\/hoyre.no\/ringsaker\/wp-json\/wp\/v2\/pages\/35"}],"wp:attachment":[{"href":"https:\/\/hoyre.no\/ringsaker\/wp-json\/wp\/v2\/media?parent=39"}],"curies":[{"name":"wp","href":"https:\/\/api.w.org\/{rel}","templated":true}]}}