{"id":1410,"date":"2025-07-31T14:05:16","date_gmt":"2025-07-31T12:05:16","guid":{"rendered":"https:\/\/hoyre.no\/rogaland\/?page_id=1410"},"modified":"2025-08-02T11:45:37","modified_gmt":"2025-08-02T09:45:37","slug":"hovedsaker","status":"publish","type":"page","link":"https:\/\/hoyre.no\/rogaland\/hovedsaker\/","title":{"rendered":"Ingen slagord"},"content":{"rendered":"\n<div class=\"wp-block-hoyre-hero with-image-gradient text-color-light  has-media alignfull has-background\"><div class=\"hoyre-hero has-image\"><h1 class=\"title\">Ingen slagord.<\/h1><p class=\"preamble\">Bare lavere skatter, mer politi og sikkerhet, raskere behandling og mer l\u00e6ring i skolen.<\/p>\t\t\t<div class=\"post-meta wp-block teft-byline-wrapper\">\n\t\t\t\t<div class=\"top\">\n\t\t\t\t\t<div class=\"signature\">\n\t\t\t\t\t\t<div class=\"teft-byline\">\n\t\t\t\t\t\t\t\t\t\t\t\t\t\t<div>\n\t\t\t\t\t\t\t\t<h3>H\u00f8yres redaksjon<\/h3>\t\t\t\t\t\t\t\t\n\t\t\t\t\t\t\t\t\t\t\t\t\t\t\t\t\t<span class=\"date\">Sist oppdatert: 2. august 2025<\/span>\n\t\t\t\t\t\t\t\t\t\t\t\t\t\t\t\t\t\t\t\t\t\t\t\t\t<span class=\"reading-time\" itemprop=\"timeRequired\" content=\"PT4M\"><em>Ca. 4 minutter lesetid<\/em><\/span>\n\t\t\t\t\t\t\t\t\t\t\t\t\t\t\t<\/div>\n\t\t\t\t\t\t<\/div>\n\t\t\t\t\t<\/div>\n\t\t\t\t\t\t<div class=\"sharing\">\n\t\t<a class=\"share-button share-link copy-link\" data-copy=\"https:\/\/hoyre.no\/rogaland\/hovedsaker\/\" target=\"_blank\"><span class=\"screen-reader-text\">Del link<\/span><\/a>\n\t\t<a class=\"share-button share-twitter\" href=\"http:\/\/twitter.com\/share?text=Ingen slagord&#038;url=https:\/\/hoyre.no\/rogaland\/hovedsaker\/&#038;hashtags=Hoyre\" target=\"_blank\"><span class=\"screen-reader-text\">Del p\u00e5 twitter<\/span><\/a>\n\t\t<a class=\"share-button share-facebook\" href=\"https:\/\/www.facebook.com\/sharer\/sharer.php?u=https:\/\/hoyre.no\/rogaland\/hovedsaker\/\" target=\"_blank\"><span class=\"screen-reader-text\">Del p\u00e5 facebook<\/span><\/a>\n\t<\/div>\n\t\t\t\t\t<\/div>\n\t\t\t<\/div>\n\n\t\t\t<figure class=\"hoyre-image-wrapper\"><div class=\"hoyre-image\"><img loading=\"lazy\" decoding=\"async\" width=\"2500\" height=\"1667\" src=\"https:\/\/hoyre.no\/content\/uploads\/sites\/11\/2025\/07\/Topp-4-Foto-Julie-Vold-scaled.jpg\" class=\"attachment-scaled size-scaled\" alt=\"\" style=\"object-position: 50% 50%\" srcset=\"https:\/\/hoyre.no\/content\/uploads\/sites\/11\/2025\/07\/Topp-4-Foto-Julie-Vold-scaled.jpg 2500w, https:\/\/hoyre.no\/content\/uploads\/sites\/11\/2025\/07\/Topp-4-Foto-Julie-Vold-300x200.jpg 300w, https:\/\/hoyre.no\/content\/uploads\/sites\/11\/2025\/07\/Topp-4-Foto-Julie-Vold-1024x683.jpg 1024w, https:\/\/hoyre.no\/content\/uploads\/sites\/11\/2025\/07\/Topp-4-Foto-Julie-Vold-768x512.jpg 768w, https:\/\/hoyre.no\/content\/uploads\/sites\/11\/2025\/07\/Topp-4-Foto-Julie-Vold-1536x1024.jpg 1536w, https:\/\/hoyre.no\/content\/uploads\/sites\/11\/2025\/07\/Topp-4-Foto-Julie-Vold-2048x1365.jpg 2048w\" sizes=\"auto, (max-width: 2500px) 100vw, 2500px\" \/><\/div><\/figure><\/div><\/div>\n\n\n\n<div class=\"wp-block-group\"><div class=\"wp-block-group__inner-container is-layout-constrained wp-block-group-is-layout-constrained\">\n<p><strong>H\u00f8yre lover ikke alt, men vi skal holde det vi lover. <\/strong><\/p>\n\n\n\n<p class=\"has-text-align-left\">Vi lever i usikre tider. V\u00e5r trygghet og v\u00e5re grunnleggende verdier er under press. Norge og Europa m\u00e5 ta et st\u00f8rre ansvar for egen sikkerhet og fremtid.&nbsp;<\/p>\n\n\n\n<p>I m\u00f8te med dette trenger Norge en ny regjering, med handlekraft til \u00e5 ta de rette valgene i dag, samtidig som vi bygger landet v\u00e5rt sterkere for i morgen.&nbsp;<\/p>\n\n\n\n<p>H\u00f8yre velger l\u00f8sninger fremfor slagord.&nbsp;<\/p>\n\n\n\n<p>L\u00f8sninger som styrker forsvarsevnen v\u00e5r, som f\u00e5r opp verdiskapingen og gir Norge flere ben \u00e5 st\u00e5 p\u00e5, som gir syke raskere og bedre behandling, og som gj\u00f8r at barna v\u00e5re l\u00e6rer mer p\u00e5 skolen. <\/p>\n\n\n\n<p><strong>Det er tid for \u00e5 prioritere det viktigste f\u00f8rst\ud83d\udc47<\/strong><\/p>\n<\/div><\/div>\n\n\n\n<div class=\"wp-block-media-text alignwide is-stacked-on-mobile is-image-fill-element is-style-pink\"><figure class=\"wp-block-media-text__media\"><img loading=\"lazy\" decoding=\"async\" width=\"768\" height=\"1024\" src=\"https:\/\/hoyre.no\/content\/uploads\/sites\/11\/2025\/07\/1-Margret-Hagerup_1-Foto-Julie-Vold-1-1-768x1024.jpg\" alt=\"\" class=\"wp-image-1418 size-full\" style=\"object-position:50% 39%\" srcset=\"https:\/\/hoyre.no\/content\/uploads\/sites\/11\/2025\/07\/1-Margret-Hagerup_1-Foto-Julie-Vold-1-1-768x1024.jpg 768w, https:\/\/hoyre.no\/content\/uploads\/sites\/11\/2025\/07\/1-Margret-Hagerup_1-Foto-Julie-Vold-1-1-225x300.jpg 225w, https:\/\/hoyre.no\/content\/uploads\/sites\/11\/2025\/07\/1-Margret-Hagerup_1-Foto-Julie-Vold-1-1-1152x1536.jpg 1152w, https:\/\/hoyre.no\/content\/uploads\/sites\/11\/2025\/07\/1-Margret-Hagerup_1-Foto-Julie-Vold-1-1.jpg 1500w\" sizes=\"auto, (max-width: 768px) 100vw, 768px\" \/><\/figure><div class=\"wp-block-media-text__content\">\n<p><strong>\ud83d\udc99<\/strong> <strong>Mer forsvar og politi<\/strong><\/p>\n\n\n\n<p>I en ny og farligere verden m\u00e5 vi ruste oss for \u00e5 st\u00e5 imot trusler fra autorit\u00e6re regimer. Rogaland har med lang kystlinje og flere flyplasser en helt spesiell posisjon.<\/p>\n\n\n\n<p>Samtidig m\u00e5 vi bekjempe den \u00f8kende kriminaliteten her hjemme. H\u00f8yre vil bygge et politi og rettsvesen, som kan forebygge bedre, avdekke mer og gi strengere straffer. <\/p>\n\n\n\n<p>Flere opplever, ser og h\u00f8rer om kriminalitet i sine n\u00e6romr\u00e5der. For mange saker blir henlagt. Kriminelle nettverk driver utstrakt \u00f8konomisk kriminalitet, bruker grove svindelmetoder og selger narkotika. <\/p>\n<\/div><\/div>\n\n\n\n<div class=\"wp-block-teft-accentuated-link undefined has-image\"><div class=\"kf-link__wrapper\"><div class=\"kf-link__tagline\">Les Mer:<\/div><a class=\"kf-link__link\" href=\"https:\/\/hoyre.no\/rogaland\/forsvar-og-politi\/\" rel=\"\">Ingen slagord. Bare mer forsvar og politi<span class=\"kf-link__link-source\">hoyre.no<\/span><\/a><\/div><figure class=\"hoyre-image-wrapper\"><div class=\"hoyre-image\"><img loading=\"lazy\" decoding=\"async\" width=\"2048\" height=\"1536\" src=\"https:\/\/hoyre.no\/content\/uploads\/sites\/11\/2025\/07\/518344784_1176489637633542_1989398975116609336_n.jpg\" class=\"attachment-scaled size-scaled\" alt=\"\" style=\"object-position: 50% 50%\" srcset=\"https:\/\/hoyre.no\/content\/uploads\/sites\/11\/2025\/07\/518344784_1176489637633542_1989398975116609336_n.jpg 2048w, https:\/\/hoyre.no\/content\/uploads\/sites\/11\/2025\/07\/518344784_1176489637633542_1989398975116609336_n-300x225.jpg 300w, https:\/\/hoyre.no\/content\/uploads\/sites\/11\/2025\/07\/518344784_1176489637633542_1989398975116609336_n-1024x768.jpg 1024w, https:\/\/hoyre.no\/content\/uploads\/sites\/11\/2025\/07\/518344784_1176489637633542_1989398975116609336_n-768x576.jpg 768w, https:\/\/hoyre.no\/content\/uploads\/sites\/11\/2025\/07\/518344784_1176489637633542_1989398975116609336_n-1536x1152.jpg 1536w\" sizes=\"auto, (max-width: 2048px) 100vw, 2048px\" \/><\/div><\/figure><\/div>\n\n\n\n<div class=\"wp-block-media-text alignwide has-media-on-the-right is-stacked-on-mobile is-image-fill-element is-style-pale-blue\"><div class=\"wp-block-media-text__content\">\n<p><strong>\ud83d\udc99 Raskere behandling<\/strong><\/p>\n\n\n\n<p>Hvis du eller noen du er glad i blir syk, skal du kunne f\u00f8le deg trygg p\u00e5 at dere f\u00e5r riktig behandling s\u00e5 fort som mulig. <\/p>\n\n\n\n<p>De siste \u00e5rene har ventetidene i helsetjenesten \u00f8kt betydelig, og i Rogaland st\u00e5r alt for mange i helsek\u00f8. <\/p>\n\n\n\n<p>H\u00f8yre vil ta i bruk alle gode krefter, ogs\u00e5 private, for \u00e5 sikre rask behandling. Det offentlige skal ta regningen &#8211; ikke du. <\/p>\n<\/div><figure class=\"wp-block-media-text__media\"><img loading=\"lazy\" decoding=\"async\" width=\"768\" height=\"1024\" src=\"https:\/\/hoyre.no\/content\/uploads\/sites\/11\/2025\/07\/3-Lasse-Fredheim-Foto-Julie-Vold-768x1024.jpg\" alt=\"\" class=\"wp-image-1415 size-full\" style=\"object-position:50% 50%\" srcset=\"https:\/\/hoyre.no\/content\/uploads\/sites\/11\/2025\/07\/3-Lasse-Fredheim-Foto-Julie-Vold-768x1024.jpg 768w, https:\/\/hoyre.no\/content\/uploads\/sites\/11\/2025\/07\/3-Lasse-Fredheim-Foto-Julie-Vold-225x300.jpg 225w, https:\/\/hoyre.no\/content\/uploads\/sites\/11\/2025\/07\/3-Lasse-Fredheim-Foto-Julie-Vold-1152x1536.jpg 1152w, https:\/\/hoyre.no\/content\/uploads\/sites\/11\/2025\/07\/3-Lasse-Fredheim-Foto-Julie-Vold.jpg 1500w\" sizes=\"auto, (max-width: 768px) 100vw, 768px\" \/><\/figure><\/div>\n\n\n\n<div class=\"wp-block-teft-accentuated-link undefined has-image\"><div class=\"kf-link__wrapper\"><div class=\"kf-link__tagline\">Les Mer:<\/div><a class=\"kf-link__link\" href=\"https:\/\/hoyre.no\/rogaland\/helse\/\">Ingen slagord. Bare raskere behandling<span class=\"kf-link__link-source\">hoyre.no<\/span><\/a><\/div><figure class=\"hoyre-image-wrapper\"><div class=\"hoyre-image\"><img loading=\"lazy\" decoding=\"async\" width=\"2500\" height=\"1667\" src=\"https:\/\/hoyre.no\/content\/uploads\/sites\/11\/2025\/07\/GettyImages-1188432151-scaled.jpg\" class=\"attachment-scaled size-scaled\" alt=\"\" style=\"object-position: 50% 50%\" srcset=\"https:\/\/hoyre.no\/content\/uploads\/sites\/11\/2025\/07\/GettyImages-1188432151-scaled.jpg 2500w, https:\/\/hoyre.no\/content\/uploads\/sites\/11\/2025\/07\/GettyImages-1188432151-300x200.jpg 300w, https:\/\/hoyre.no\/content\/uploads\/sites\/11\/2025\/07\/GettyImages-1188432151-1024x683.jpg 1024w, https:\/\/hoyre.no\/content\/uploads\/sites\/11\/2025\/07\/GettyImages-1188432151-768x512.jpg 768w, https:\/\/hoyre.no\/content\/uploads\/sites\/11\/2025\/07\/GettyImages-1188432151-1536x1024.jpg 1536w, https:\/\/hoyre.no\/content\/uploads\/sites\/11\/2025\/07\/GettyImages-1188432151-2048x1365.jpg 2048w\" sizes=\"auto, (max-width: 2500px) 100vw, 2500px\" \/><\/div><\/figure><\/div>\n\n\n\n<div class=\"wp-block-media-text alignwide is-stacked-on-mobile is-image-fill-element is-style-pale-green\"><figure class=\"wp-block-media-text__media\"><img decoding=\"async\" src=\"https:\/\/hoyre.no\/content\/uploads\/sites\/11\/2025\/07\/4-Sanna-Rana-Foto-Julie-Vold-768x1024.jpg\" alt=\"\" class=\"wp-image-1416 size-full\" style=\"object-position:50% 50%\" \/><\/figure><div class=\"wp-block-media-text__content\">\n<p><strong>\ud83d\udc99<\/strong> <strong>Lavere skatter<\/strong><\/p>\n\n\n\n<p>Skal vi bli sterkere, m\u00e5 vi l\u00f8fte verdiskapingen i Rogaland. Det er n\u00e5 vi legger grunnlaget for hva Norge skal leve av i morgen. H\u00f8yre vil gj\u00f8re Norge til et av verdens beste land \u00e5 starte og drive bedrift i. <\/p>\n\n\n\n<p>Vi vil senke skattene, forenkle byr\u00e5kratiet, f\u00e5 fart p\u00e5 veibygging og bringe tilbake forutsigbarheten. <\/p>\n\n\n\n<p>Skattene skal bli betydelig lavere for alle. Det m\u00e5 l\u00f8nne seg \u00e5 jobbe, og gj\u00f8re en ekstra innsats. <\/p>\n<\/div><\/div>\n\n\n\n<div class=\"wp-block-teft-accentuated-link undefined has-image\"><div class=\"kf-link__wrapper\"><div class=\"kf-link__tagline\">Les Mer:<\/div><a class=\"kf-link__link\" href=\"https:\/\/hoyre.no\/rogaland\/skatt\/\">Ingen slagord. Bare lavere skatter<span class=\"kf-link__link-source\">hoyre.no<\/span><\/a><\/div><figure class=\"hoyre-image-wrapper\"><div class=\"hoyre-image\"><img loading=\"lazy\" decoding=\"async\" width=\"2048\" height=\"1536\" src=\"https:\/\/hoyre.no\/content\/uploads\/sites\/11\/2025\/08\/1751400777434-2.gif\" class=\"attachment-scaled size-scaled\" alt=\"\" style=\"object-position: 50% 50%\" \/><\/div><\/figure><\/div>\n\n\n\n<div class=\"wp-block-media-text alignwide has-media-on-the-right is-stacked-on-mobile is-image-fill-element is-style-pale-grey\"><div class=\"wp-block-media-text__content\">\n<p><strong>\ud83d\udc99<\/strong> <strong>Mer l\u00e6ring i skolen<\/strong><\/p>\n\n\n\n<p>En god barndom varer livet ut, og skolen er n\u00f8kkelen til \u00e5 sikre like muligheter for alle. <\/p>\n\n\n\n<p>H\u00f8yre vil styrke skolen, se p\u00e5 hver enkelt elev og fokusere p\u00e5 \u00e5 l\u00e6re elevene grunnleggende ferdigheter som \u00e5 lese, skrive og regne skikkelig. <\/p>\n\n\n\n<p>Grunnleggende ferdigheter \u00e5pner d\u00f8rene for all videre l\u00e6ring, og legger grunnlaget for at alle kan delta aktivt i jobb og samfunnet senere i livet. En god skole er den beste investeringen vi kan gj\u00f8re i fremtiden. <\/p>\n<\/div><figure class=\"wp-block-media-text__media\"><img loading=\"lazy\" decoding=\"async\" width=\"768\" height=\"1024\" src=\"https:\/\/hoyre.no\/content\/uploads\/sites\/11\/2025\/07\/2-Aleksander-Stokkebo-Foto-Julie-Vold-768x1024.jpg\" alt=\"\" class=\"wp-image-1417 size-full\" style=\"object-position:50% 50%\" srcset=\"https:\/\/hoyre.no\/content\/uploads\/sites\/11\/2025\/07\/2-Aleksander-Stokkebo-Foto-Julie-Vold-768x1024.jpg 768w, https:\/\/hoyre.no\/content\/uploads\/sites\/11\/2025\/07\/2-Aleksander-Stokkebo-Foto-Julie-Vold-225x300.jpg 225w, https:\/\/hoyre.no\/content\/uploads\/sites\/11\/2025\/07\/2-Aleksander-Stokkebo-Foto-Julie-Vold-1152x1536.jpg 1152w, https:\/\/hoyre.no\/content\/uploads\/sites\/11\/2025\/07\/2-Aleksander-Stokkebo-Foto-Julie-Vold.jpg 1500w\" sizes=\"auto, (max-width: 768px) 100vw, 768px\" \/><\/figure><\/div>\n\n\n\n<div class=\"wp-block-teft-accentuated-link undefined has-image\"><div class=\"kf-link__wrapper\"><div class=\"kf-link__tagline\">Les Mer:<\/div><a class=\"kf-link__link\" href=\"https:\/\/hoyre.no\/rogaland\/skole\/\">Ingen slagord. Bare mer l\u00e6ring i skolen<span class=\"kf-link__link-source\">hoyre.no<\/span><\/a><\/div><figure class=\"hoyre-image-wrapper\"><div class=\"hoyre-image\"><img loading=\"lazy\" decoding=\"async\" width=\"2048\" height=\"1366\" src=\"https:\/\/hoyre.no\/content\/uploads\/sites\/11\/2025\/07\/514254279_1161918812423958_1263032460586987557_n.jpg\" class=\"attachment-scaled size-scaled\" alt=\"\" style=\"object-position: 50% 50%\" srcset=\"https:\/\/hoyre.no\/content\/uploads\/sites\/11\/2025\/07\/514254279_1161918812423958_1263032460586987557_n.jpg 2048w, https:\/\/hoyre.no\/content\/uploads\/sites\/11\/2025\/07\/514254279_1161918812423958_1263032460586987557_n-300x200.jpg 300w, https:\/\/hoyre.no\/content\/uploads\/sites\/11\/2025\/07\/514254279_1161918812423958_1263032460586987557_n-1024x683.jpg 1024w, https:\/\/hoyre.no\/content\/uploads\/sites\/11\/2025\/07\/514254279_1161918812423958_1263032460586987557_n-768x512.jpg 768w, https:\/\/hoyre.no\/content\/uploads\/sites\/11\/2025\/07\/514254279_1161918812423958_1263032460586987557_n-1536x1025.jpg 1536w\" sizes=\"auto, (max-width: 2048px) 100vw, 2048px\" \/><\/div><\/figure><\/div>\n","protected":false},"excerpt":{"rendered":"<p>H\u00f8yre lover ikke alt, men vi skal holde det vi lover. Vi lever i usikre tider. V\u00e5r trygghet og v\u00e5re grunnleggende verdier er under press. Norge og Europa m\u00e5 ta et st\u00f8rre ansvar for egen sikkerhet og fremtid.&nbsp; I m\u00f8te med dette trenger Norge en ny regjering, med handlekraft til \u00e5 ta de rette valgene [&hellip;]<\/p>\n","protected":false},"author":48354,"featured_media":0,"parent":0,"menu_order":0,"comment_status":"closed","ping_status":"closed","template":"","meta":{"teft_cards_image_url":"","teft_cards_custom_pretitle":"","teft_cards_image_id":1411,"teft_cards_image_focal_point_x":0.5,"teft_cards_image_focal_point_y":0.5,"teft_cards_title":"","teft_cards_excerpt":"","teft_show_chapters":false,"footnotes":""},"class_list":["post-1410","page","type-page","status-publish","hentry"],"yoast_head":"<!-- This site is optimized with the Yoast SEO plugin v26.6 - https:\/\/yoast.com\/wordpress\/plugins\/seo\/ -->\n<title>Ingen slagord - Rogaland H\u00f8yre<\/title>\n<meta name=\"robots\" content=\"index, follow, max-snippet:-1, max-image-preview:large, max-video-preview:-1\" \/>\n<link rel=\"canonical\" href=\"https:\/\/hoyre.no\/rogaland\/hovedsaker\/\" \/>\n<meta property=\"og:locale\" content=\"nb_NO\" \/>\n<meta property=\"og:type\" content=\"article\" \/>\n<meta property=\"og:title\" content=\"Ingen slagord - Rogaland H\u00f8yre\" \/>\n<meta property=\"og:description\" content=\"H\u00f8yre lover ikke alt, men vi skal holde det vi lover. Vi lever i usikre tider. V\u00e5r trygghet og v\u00e5re grunnleggende verdier er under press. Norge og Europa m\u00e5 ta et st\u00f8rre ansvar for egen sikkerhet og fremtid.&nbsp; I m\u00f8te med dette trenger Norge en ny regjering, med handlekraft til \u00e5 ta de rette valgene [&hellip;]\" \/>\n<meta property=\"og:url\" content=\"https:\/\/hoyre.no\/rogaland\/hovedsaker\/\" \/>\n<meta property=\"og:site_name\" content=\"Rogaland H\u00f8yre\" \/>\n<meta property=\"article:modified_time\" content=\"2025-08-02T09:45:37+00:00\" \/>\n<meta property=\"og:image\" content=\"https:\/\/hoyre.no\/content\/uploads\/sites\/11\/2025\/07\/Topp-4-Foto-Julie-Vold-1024x683.jpg\" \/>\n<meta name=\"twitter:card\" content=\"summary_large_image\" \/>\n<meta name=\"twitter:label1\" content=\"Ansl. lesetid\" \/>\n\t<meta name=\"twitter:data1\" content=\"4 minutter\" \/>\n<script type=\"application\/ld+json\" class=\"yoast-schema-graph\">{\"@context\":\"https:\/\/schema.org\",\"@graph\":[{\"@type\":\"WebPage\",\"@id\":\"https:\/\/hoyre.no\/rogaland\/hovedsaker\/\",\"url\":\"https:\/\/hoyre.no\/rogaland\/hovedsaker\/\",\"name\":\"Ingen slagord - Rogaland H\u00f8yre\",\"isPartOf\":{\"@id\":\"https:\/\/hoyre.no\/rogaland\/#website\"},\"image\":{\"@id\":\"https:\/\/hoyre.no\/rogaland\/hovedsaker\/#primaryimage\"},\"thumbnailUrl\":\"https:\/\/hoyre.no\/content\/uploads\/sites\/11\/2025\/07\/1-Margret-Hagerup_1-Foto-Julie-Vold-1-1-768x1024.jpg\",\"datePublished\":\"2025-07-31T12:05:16+00:00\",\"dateModified\":\"2025-08-02T09:45:37+00:00\",\"breadcrumb\":{\"@id\":\"https:\/\/hoyre.no\/rogaland\/hovedsaker\/#breadcrumb\"},\"inLanguage\":\"nb-NO\",\"potentialAction\":[{\"@type\":\"ReadAction\",\"target\":[\"https:\/\/hoyre.no\/rogaland\/hovedsaker\/\"]}]},{\"@type\":\"ImageObject\",\"inLanguage\":\"nb-NO\",\"@id\":\"https:\/\/hoyre.no\/rogaland\/hovedsaker\/#primaryimage\",\"url\":\"https:\/\/hoyre.no\/content\/uploads\/sites\/11\/2025\/07\/1-Margret-Hagerup_1-Foto-Julie-Vold-1-1-768x1024.jpg\",\"contentUrl\":\"https:\/\/hoyre.no\/content\/uploads\/sites\/11\/2025\/07\/1-Margret-Hagerup_1-Foto-Julie-Vold-1-1-768x1024.jpg\"},{\"@type\":\"BreadcrumbList\",\"@id\":\"https:\/\/hoyre.no\/rogaland\/hovedsaker\/#breadcrumb\",\"itemListElement\":[{\"@type\":\"ListItem\",\"position\":1,\"name\":\"Til hoyre.no\",\"item\":\"https:\/\/hoyre.no\"},{\"@type\":\"ListItem\",\"position\":2,\"name\":\"Hjem\",\"item\":\"https:\/\/hoyre.no\/rogaland\/\"},{\"@type\":\"ListItem\",\"position\":3,\"name\":\"Ingen slagord\"}]},{\"@type\":\"WebSite\",\"@id\":\"https:\/\/hoyre.no\/rogaland\/#website\",\"url\":\"https:\/\/hoyre.no\/rogaland\/\",\"name\":\"Rogaland H\u00f8yre\",\"description\":\"Bare enda et H\u00f8yres nettsteder-nettsted\",\"inLanguage\":\"nb-NO\"}]}<\/script>\n<!-- \/ Yoast SEO plugin. -->","yoast_head_json":{"title":"Ingen slagord - Rogaland H\u00f8yre","robots":{"index":"index","follow":"follow","max-snippet":"max-snippet:-1","max-image-preview":"max-image-preview:large","max-video-preview":"max-video-preview:-1"},"canonical":"https:\/\/hoyre.no\/rogaland\/hovedsaker\/","og_locale":"nb_NO","og_type":"article","og_title":"Ingen slagord - Rogaland H\u00f8yre","og_description":"H\u00f8yre lover ikke alt, men vi skal holde det vi lover. Vi lever i usikre tider. V\u00e5r trygghet og v\u00e5re grunnleggende verdier er under press. Norge og Europa m\u00e5 ta et st\u00f8rre ansvar for egen sikkerhet og fremtid.&nbsp; I m\u00f8te med dette trenger Norge en ny regjering, med handlekraft til \u00e5 ta de rette valgene [&hellip;]","og_url":"https:\/\/hoyre.no\/rogaland\/hovedsaker\/","og_site_name":"Rogaland H\u00f8yre","article_modified_time":"2025-08-02T09:45:37+00:00","og_image":[{"url":"https:\/\/hoyre.no\/content\/uploads\/sites\/11\/2025\/07\/Topp-4-Foto-Julie-Vold-1024x683.jpg","width":"","height":"","type":""}],"twitter_card":"summary_large_image","twitter_misc":{"Ansl. lesetid":"4 minutter"},"schema":{"@context":"https:\/\/schema.org","@graph":[{"@type":"WebPage","@id":"https:\/\/hoyre.no\/rogaland\/hovedsaker\/","url":"https:\/\/hoyre.no\/rogaland\/hovedsaker\/","name":"Ingen slagord - Rogaland H\u00f8yre","isPartOf":{"@id":"https:\/\/hoyre.no\/rogaland\/#website"},"image":{"@id":"https:\/\/hoyre.no\/rogaland\/hovedsaker\/#primaryimage"},"thumbnailUrl":"https:\/\/hoyre.no\/content\/uploads\/sites\/11\/2025\/07\/1-Margret-Hagerup_1-Foto-Julie-Vold-1-1-768x1024.jpg","datePublished":"2025-07-31T12:05:16+00:00","dateModified":"2025-08-02T09:45:37+00:00","breadcrumb":{"@id":"https:\/\/hoyre.no\/rogaland\/hovedsaker\/#breadcrumb"},"inLanguage":"nb-NO","potentialAction":[{"@type":"ReadAction","target":["https:\/\/hoyre.no\/rogaland\/hovedsaker\/"]}]},{"@type":"ImageObject","inLanguage":"nb-NO","@id":"https:\/\/hoyre.no\/rogaland\/hovedsaker\/#primaryimage","url":"https:\/\/hoyre.no\/content\/uploads\/sites\/11\/2025\/07\/1-Margret-Hagerup_1-Foto-Julie-Vold-1-1-768x1024.jpg","contentUrl":"https:\/\/hoyre.no\/content\/uploads\/sites\/11\/2025\/07\/1-Margret-Hagerup_1-Foto-Julie-Vold-1-1-768x1024.jpg"},{"@type":"BreadcrumbList","@id":"https:\/\/hoyre.no\/rogaland\/hovedsaker\/#breadcrumb","itemListElement":[{"@type":"ListItem","position":1,"name":"Til hoyre.no","item":"https:\/\/hoyre.no"},{"@type":"ListItem","position":2,"name":"Hjem","item":"https:\/\/hoyre.no\/rogaland\/"},{"@type":"ListItem","position":3,"name":"Ingen slagord"}]},{"@type":"WebSite","@id":"https:\/\/hoyre.no\/rogaland\/#website","url":"https:\/\/hoyre.no\/rogaland\/","name":"Rogaland H\u00f8yre","description":"Bare enda et H\u00f8yres nettsteder-nettsted","inLanguage":"nb-NO"}]}},"distributor_meta":false,"distributor_terms":false,"distributor_media":false,"distributor_original_site_name":"Rogaland H\u00f8yre","distributor_original_site_url":"https:\/\/hoyre.no\/rogaland","push-errors":false,"_links":{"self":[{"href":"https:\/\/hoyre.no\/rogaland\/wp-json\/wp\/v2\/pages\/1410","targetHints":{"allow":["GET"]}}],"collection":[{"href":"https:\/\/hoyre.no\/rogaland\/wp-json\/wp\/v2\/pages"}],"about":[{"href":"https:\/\/hoyre.no\/rogaland\/wp-json\/wp\/v2\/types\/page"}],"author":[{"embeddable":true,"href":"https:\/\/hoyre.no\/rogaland\/wp-json\/wp\/v2\/users\/48354"}],"replies":[{"embeddable":true,"href":"https:\/\/hoyre.no\/rogaland\/wp-json\/wp\/v2\/comments?post=1410"}],"version-history":[{"count":17,"href":"https:\/\/hoyre.no\/rogaland\/wp-json\/wp\/v2\/pages\/1410\/revisions"}],"predecessor-version":[{"id":1529,"href":"https:\/\/hoyre.no\/rogaland\/wp-json\/wp\/v2\/pages\/1410\/revisions\/1529"}],"wp:attachment":[{"href":"https:\/\/hoyre.no\/rogaland\/wp-json\/wp\/v2\/media?parent=1410"}],"curies":[{"name":"wp","href":"https:\/\/api.w.org\/{rel}","templated":true}]}}